{"id":114,"date":"2020-09-23T13:10:34","date_gmt":"2020-09-23T11:10:34","guid":{"rendered":"https:\/\/wp.lindner.ch\/?page_id=114"},"modified":"2026-03-16T16:01:04","modified_gmt":"2026-03-16T15:01:04","slug":"ueber-uns","status":"publish","type":"page","link":"https:\/\/www.lindner.ch\/de\/ueber-uns\/","title":{"rendered":"\u00dcber uns"},"content":{"rendered":"\n  <div class=\"banner has-hover banner_border_ueber-uns has-parallax\" id=\"banner-1226198326\">\n          <div class=\"banner-inner fill\">\n        <div class=\"banner-bg fill\" data-parallax=\"-3\" data-parallax-container=\".banner\" data-parallax-background>\n            <img loading=\"lazy\" decoding=\"async\" width=\"1024\" height=\"261\" src=\"https:\/\/www.lindner.ch\/wp-content\/uploads\/2020\/11\/ueber-uns.jpg\" class=\"bg attachment-original size-original\" alt=\"\" \/>                                    \n                    <\/div>\n\t\t\n        <div class=\"banner-layers container\">\n            <div class=\"fill banner-link\"><\/div>            \n\n\n        <\/div>\n      <\/div>\n\n            \n<style>\n#banner-1226198326 {\n  padding-top: 200px;\n  background-color: rgb(29, 41, 52);\n}\n#banner-1226198326 .banner-bg img {\n  object-position: 44% 69%;\n}\n<\/style>\n  <\/div>\n\n\n\t<div id=\"gap-947046196\" class=\"gap-element clearfix\" style=\"display:block; height:auto;\">\n\t\t\n<style>\n#gap-947046196 {\n  padding-top: 30px;\n}\n<\/style>\n\t<\/div>\n\t\n<div class=\"row\"  id=\"row-1668093216\">\n\n\t<div id=\"col-149146611\" class=\"col medium-3 small-12 large-3 col-divided\"  >\n\t\t\t\t<div class=\"col-inner\"  >\n\t\t\t\n\t\t\t\n<div class=\"menu-unternehmen-container\"><ul id=\"menu-unternehmen\" class=\"sb_navigation_ueber-uns\"><li id=\"menu-item-131\" class=\"menu-item menu-item-type-post_type menu-item-object-page menu-item-has-children menu-item-131\"><a href=\"https:\/\/www.lindner.ch\/de\/ueber-uns\/\">\u00dcber uns<\/a>\n<ul class=\"sub-menu\">\n\t<li id=\"menu-item-136\" class=\"menu-item menu-item-type-taxonomy menu-item-object-category menu-item-136\"><a href=\"https:\/\/www.lindner.ch\/de\/news\/aktuelles\/\">Aktuelles<\/a><\/li>\n\t<li id=\"menu-item-713\" class=\"menu-item menu-item-type-post_type menu-item-object-page menu-item-713\"><a href=\"https:\/\/www.lindner.ch\/de\/ueber-uns\/team\/\">Team<\/a><\/li>\n\t<li id=\"menu-item-714\" class=\"menu-item menu-item-type-post_type menu-item-object-page menu-item-714\"><a href=\"https:\/\/www.lindner.ch\/de\/ueber-uns\/jobs\/\">Jobs<\/a><\/li>\n<\/ul>\n<\/li>\n<li id=\"menu-item-6299\" class=\"menu-item menu-item-type-post_type menu-item-object-page menu-item-6299\"><a href=\"https:\/\/www.lindner.ch\/de\/nachhaltigkeit-agenda-2030\/\">Nachhaltigkeit \/ Agenda 2030<\/a><\/li>\n<li id=\"menu-item-134\" class=\"menu-item menu-item-type-post_type menu-item-object-page menu-item-134\"><a href=\"https:\/\/www.lindner.ch\/de\/zertifikate\/\">Zertifikate<\/a><\/li>\n<li id=\"menu-item-133\" class=\"menu-item menu-item-type-post_type menu-item-object-page menu-item-133\"><a href=\"https:\/\/www.lindner.ch\/de\/presse-medien\/\">Presse\/Medien<\/a><\/li>\n<li id=\"menu-item-4043\" class=\"menu-item menu-item-type-post_type menu-item-object-page menu-item-4043\"><a href=\"https:\/\/www.lindner.ch\/de\/newsletter\/\">Newsletter<\/a><\/li>\n<li id=\"menu-item-3478\" class=\"menu-item menu-item-type-post_type menu-item-object-page menu-item-3478\"><a href=\"https:\/\/www.lindner.ch\/de\/impressum\/\">Impressum<\/a><\/li>\n<li id=\"menu-item-3479\" class=\"menu-item menu-item-type-post_type menu-item-object-page menu-item-3479\"><a href=\"https:\/\/www.lindner.ch\/de\/agb\/\">AGB<\/a><\/li>\n<li id=\"menu-item-132\" class=\"menu-item menu-item-type-post_type menu-item-object-page menu-item-132\"><a href=\"https:\/\/www.lindner.ch\/de\/kontakt\/\">Kontakt<\/a><\/li>\n<\/ul><\/div>\n\t\t<\/div>\n\t\t\t\t\t<\/div>\n\n\t\n\n\t<div id=\"col-260309392\" class=\"col medium-9 small-12 large-9\"  >\n\t\t\t\t<div class=\"col-inner\"  >\n\t\t\t\n\t\t\t\n<div class=\"row\"  id=\"row-2081582468\">\n\n\t<div id=\"col-1524116438\" class=\"col medium-9 small-12 large-9\"  >\n\t\t\t\t<div class=\"col-inner\"  >\n\t\t\t\n\t\t\t\n<h1>Lindner Suisse stellt sich vor<\/h1>\n<p>Lindner Suisse entwickelt und produziert zahlreiche Holzwolle-Spezialartikel aus Schweizer Holz: f\u00fcr den Infrastruktur-, Garten- und Landschaftsbau, f\u00fcr Snowfarming, die Tierhygiene, als Anz\u00fcndhilfe oder als Verpackungsmaterial.<\/p>\n<p>Zudem stellen wir als einziger Schweizer Hersteller hochwertige F\u00fcllmaterialchips her und sind Ihr Ansprechpartner f\u00fcr ein bedarfsorientiertes Verpackungssortiment (Maschinen-, Hand- und B\u00fcndelstretch-, Luftpolster- und PE-Schaumfolien u.v.m.). <a href=\"https:\/\/www.lindner.ch\/files\/content\/Downloads_Werbeflyer\/Lindner%20Suisse_Firmenpr%C3%A4sentation_Holzwolle.pdf\"><strong>Kurzvorstellung \/ Flyer &#8222;Holzwolle&#8220; (PDF-Datei)<\/strong><\/a><br \/><a href=\"https:\/\/www.lindner.ch\/files\/content\/Downloads_Werbeflyer\/Lindner%20Suisse_Firmenpr%C3%A4sentation_Verpackung.pdf\"><strong>Kurzvorstellung \/ Flyer &#8222;Verpackung&#8220; (PDF-Datei)<\/strong><\/a><\/p>\n<p><strong>Die Lindner Suisse Kernkompetenzen<\/strong><\/p>\n<ul>\n<li>Produktion und Vertrieb von Howolis Holzwolle-Spezialartikeln<\/li>\n<li>Produktion und Vertrieb von F\u00fcllmaterialchips<\/li>\n<li>Vertrieb von Verpackungsmaterial und Packhilfsmitteln<\/li>\n<\/ul>\n<p><strong>Lindner Suisse bietet Ihnen<\/strong><\/p>\n<ul>\n<li>hochwertige Schweizer Qualit\u00e4tsprodukte (produziert nach dem Schweizer Holzwolle-Standard)<\/li>\n<li>individuelle, nachhaltige und wirtschaftliche L\u00f6sungen<\/li>\n<li>faire Konditionen<\/li>\n<li>erfahrene Mitarbeitende f\u00fcr Ihre Beratung<\/li>\n<\/ul>\n<p>Bei Fragen zu den f\u00fcr Sie wirtschaftlichsten L\u00f6sungen rund ums Verpacken, Verpackungsmaterial und Qualit\u00e4tsholzwolle beraten wir Sie gerne. Denn: Qualit\u00e4t schafft Vertrauen.<\/p>\n<div class=\"video video-fit mb box-shadow-1\" style=\"padding-top:56.25%;\"><p><iframe loading=\"lazy\" title=\"Lindner Suisse GmbH -- Corporate Film\" width=\"1020\" height=\"574\" src=\"https:\/\/www.youtube.com\/embed\/KP3MHHLfv6U?feature=oembed\" frameborder=\"0\" allow=\"accelerometer; autoplay; clipboard-write; encrypted-media; gyroscope; picture-in-picture\" allowfullscreen><\/iframe><\/p>\n<\/div>\n\t\t<\/div>\n\t\t\t\t\t<\/div>\n\n\t\n\n\t<div id=\"col-238110695\" class=\"col medium-3 small-12 large-3\"  >\n\t\t\t\t<div class=\"col-inner\"  >\n\t\t\t\n\t\t\t\n\t<div class=\"img has-hover x md-x lg-x y md-y lg-y\" id=\"image_1099611916\">\n\t\t\t\t\t\t\t\t<div class=\"img-inner box-shadow-1 dark\" >\n\t\t\t<img loading=\"lazy\" decoding=\"async\" width=\"371\" height=\"1024\" src=\"https:\/\/www.lindner.ch\/wp-content\/uploads\/2020\/11\/Lindner_Slogan-4b7a6dba-371x1024.jpg\" class=\"attachment-large size-large\" alt=\"\" srcset=\"https:\/\/www.lindner.ch\/wp-content\/uploads\/2020\/11\/Lindner_Slogan-4b7a6dba-371x1024.jpg 371w, https:\/\/www.lindner.ch\/wp-content\/uploads\/2020\/11\/Lindner_Slogan-4b7a6dba-109x300.jpg 109w, https:\/\/www.lindner.ch\/wp-content\/uploads\/2020\/11\/Lindner_Slogan-4b7a6dba.jpg 480w\" sizes=\"auto, (max-width: 371px) 100vw, 371px\" \/>\t\t\t\t\t\t\n\t\t\t\t\t<\/div>\n\t\t\t\t\t\t\t\t\n<style>\n#image_1099611916 {\n  width: 100%;\n}\n<\/style>\n\t<\/div>\n\t\n\t\t<\/div>\n\t\t\t\t\t<\/div>\n\n\t\n<\/div>\n\t\t<\/div>\n\t\t\t\t\t<\/div>\n\n\t\n<\/div>\n","protected":false},"excerpt":{"rendered":"","protected":false},"author":2,"featured_media":0,"parent":0,"menu_order":0,"comment_status":"closed","ping_status":"closed","template":"","meta":{"inline_featured_image":false,"footnotes":""},"class_list":["post-114","page","type-page","status-publish","hentry"],"_links":{"self":[{"href":"https:\/\/www.lindner.ch\/de\/wp-json\/wp\/v2\/pages\/114","targetHints":{"allow":["GET"]}}],"collection":[{"href":"https:\/\/www.lindner.ch\/de\/wp-json\/wp\/v2\/pages"}],"about":[{"href":"https:\/\/www.lindner.ch\/de\/wp-json\/wp\/v2\/types\/page"}],"author":[{"embeddable":true,"href":"https:\/\/www.lindner.ch\/de\/wp-json\/wp\/v2\/users\/2"}],"replies":[{"embeddable":true,"href":"https:\/\/www.lindner.ch\/de\/wp-json\/wp\/v2\/comments?post=114"}],"version-history":[{"count":16,"href":"https:\/\/www.lindner.ch\/de\/wp-json\/wp\/v2\/pages\/114\/revisions"}],"predecessor-version":[{"id":8814,"href":"https:\/\/www.lindner.ch\/de\/wp-json\/wp\/v2\/pages\/114\/revisions\/8814"}],"wp:attachment":[{"href":"https:\/\/www.lindner.ch\/de\/wp-json\/wp\/v2\/media?parent=114"}],"curies":[{"name":"wp","href":"https:\/\/api.w.org\/{rel}","templated":true}]}}