{"id":137,"date":"2020-09-23T15:30:14","date_gmt":"2020-09-23T13:30:14","guid":{"rendered":"https:\/\/wp.lindner.ch\/?page_id=137"},"modified":"2026-01-09T08:07:07","modified_gmt":"2026-01-09T07:07:07","slug":"team","status":"publish","type":"page","link":"https:\/\/www.lindner.ch\/de\/ueber-uns\/team\/","title":{"rendered":"Team"},"content":{"rendered":"\n  <div class=\"banner has-hover banner_border_ueber-uns has-parallax\" id=\"banner-1077588033\">\n          <div class=\"banner-inner fill\">\n        <div class=\"banner-bg fill\" data-parallax=\"-3\" data-parallax-container=\".banner\" data-parallax-background>\n            <img loading=\"lazy\" decoding=\"async\" width=\"1024\" height=\"261\" src=\"https:\/\/www.lindner.ch\/wp-content\/uploads\/2020\/11\/ueber-uns.jpg\" class=\"bg attachment-original size-original\" alt=\"\" \/>                                    \n                    <\/div>\n\t\t\n        <div class=\"banner-layers container\">\n            <div class=\"fill banner-link\"><\/div>            \n\n\n        <\/div>\n      <\/div>\n\n            \n<style>\n#banner-1077588033 {\n  padding-top: 200px;\n  background-color: rgb(29, 41, 52);\n}\n#banner-1077588033 .banner-bg img {\n  object-position: 44% 69%;\n}\n<\/style>\n  <\/div>\n\n\n\t<div id=\"gap-1855077207\" class=\"gap-element clearfix\" style=\"display:block; height:auto;\">\n\t\t\n<style>\n#gap-1855077207 {\n  padding-top: 30px;\n}\n<\/style>\n\t<\/div>\n\t\n<div class=\"row\"  id=\"row-1870766002\">\n\n\t<div id=\"col-2035431613\" class=\"col medium-3 small-12 large-3 col-divided\"  >\n\t\t\t\t<div class=\"col-inner\"  >\n\t\t\t\n\t\t\t\n<div class=\"menu-unternehmen-container\"><ul id=\"menu-unternehmen\" class=\"sb_navigation_ueber-uns\"><li id=\"menu-item-131\" class=\"menu-item menu-item-type-post_type menu-item-object-page menu-item-has-children menu-item-131\"><a href=\"https:\/\/www.lindner.ch\/de\/ueber-uns\/\">\u00dcber uns<\/a>\n<ul class=\"sub-menu\">\n\t<li id=\"menu-item-136\" class=\"menu-item menu-item-type-taxonomy menu-item-object-category menu-item-136\"><a href=\"https:\/\/www.lindner.ch\/de\/news\/aktuelles\/\">Aktuelles<\/a><\/li>\n\t<li id=\"menu-item-713\" class=\"menu-item menu-item-type-post_type menu-item-object-page menu-item-713\"><a href=\"https:\/\/www.lindner.ch\/de\/ueber-uns\/team\/\">Team<\/a><\/li>\n\t<li id=\"menu-item-714\" class=\"menu-item menu-item-type-post_type menu-item-object-page menu-item-714\"><a href=\"https:\/\/www.lindner.ch\/de\/ueber-uns\/jobs\/\">Jobs<\/a><\/li>\n<\/ul>\n<\/li>\n<li id=\"menu-item-6299\" class=\"menu-item menu-item-type-post_type menu-item-object-page menu-item-6299\"><a href=\"https:\/\/www.lindner.ch\/de\/nachhaltigkeit-agenda-2030\/\">Nachhaltigkeit \/ Agenda 2030<\/a><\/li>\n<li id=\"menu-item-134\" class=\"menu-item menu-item-type-post_type menu-item-object-page menu-item-134\"><a href=\"https:\/\/www.lindner.ch\/de\/zertifikate\/\">Zertifikate<\/a><\/li>\n<li id=\"menu-item-133\" class=\"menu-item menu-item-type-post_type menu-item-object-page menu-item-133\"><a href=\"https:\/\/www.lindner.ch\/de\/presse-medien\/\">Presse\/Medien<\/a><\/li>\n<li id=\"menu-item-4043\" class=\"menu-item menu-item-type-post_type menu-item-object-page menu-item-4043\"><a href=\"https:\/\/www.lindner.ch\/de\/newsletter\/\">Newsletter<\/a><\/li>\n<li id=\"menu-item-3478\" class=\"menu-item menu-item-type-post_type menu-item-object-page menu-item-3478\"><a href=\"https:\/\/www.lindner.ch\/de\/impressum\/\">Impressum<\/a><\/li>\n<li id=\"menu-item-3479\" class=\"menu-item menu-item-type-post_type menu-item-object-page menu-item-3479\"><a href=\"https:\/\/www.lindner.ch\/de\/agb\/\">AGB<\/a><\/li>\n<li id=\"menu-item-132\" class=\"menu-item menu-item-type-post_type menu-item-object-page menu-item-132\"><a href=\"https:\/\/www.lindner.ch\/de\/kontakt\/\">Kontakt<\/a><\/li>\n<\/ul><\/div>\n\t\t<\/div>\n\t\t\t\t\t<\/div>\n\n\t\n\n\t<div id=\"col-1819797916\" class=\"col medium-9 small-12 large-9\"  >\n\t\t\t\t<div class=\"col-inner\"  >\n\t\t\t\n\t\t\t\n<h1>Team<\/h1>\n<p>Gerne steht Ihnen das Lindner Suisse Team f\u00fcr eine umfangreiche Beratung und Ausk\u00fcnfte zur Verf\u00fcgung:<\/p>\n<p>Pascal W\u00e4spi und sein Produktionsteam<br \/>Anouchka Lan Kam, Beratung und Verkauf<br \/>Gabriela G\u00f6tte, Marketing<br \/>Thomas Wildberger, Gesch\u00e4ftsf\u00fchrer<br \/>Jana Wildberger, Marketing &amp; Legal<br \/>Ramon Wildberger, Assistenz der Gesch\u00e4ftsleitung<\/p>\n<p>Wir freuen uns, von Ihnen zu h\u00f6ren &#8230;<\/p>\n\t\t<\/div>\n\t\t\t\t\t<\/div>\n\n\t\n<\/div>\n","protected":false},"excerpt":{"rendered":"","protected":false},"author":2,"featured_media":0,"parent":114,"menu_order":0,"comment_status":"closed","ping_status":"closed","template":"","meta":{"inline_featured_image":false,"footnotes":""},"class_list":["post-137","page","type-page","status-publish","hentry"],"_links":{"self":[{"href":"https:\/\/www.lindner.ch\/de\/wp-json\/wp\/v2\/pages\/137","targetHints":{"allow":["GET"]}}],"collection":[{"href":"https:\/\/www.lindner.ch\/de\/wp-json\/wp\/v2\/pages"}],"about":[{"href":"https:\/\/www.lindner.ch\/de\/wp-json\/wp\/v2\/types\/page"}],"author":[{"embeddable":true,"href":"https:\/\/www.lindner.ch\/de\/wp-json\/wp\/v2\/users\/2"}],"replies":[{"embeddable":true,"href":"https:\/\/www.lindner.ch\/de\/wp-json\/wp\/v2\/comments?post=137"}],"version-history":[{"count":22,"href":"https:\/\/www.lindner.ch\/de\/wp-json\/wp\/v2\/pages\/137\/revisions"}],"predecessor-version":[{"id":8705,"href":"https:\/\/www.lindner.ch\/de\/wp-json\/wp\/v2\/pages\/137\/revisions\/8705"}],"up":[{"embeddable":true,"href":"https:\/\/www.lindner.ch\/de\/wp-json\/wp\/v2\/pages\/114"}],"wp:attachment":[{"href":"https:\/\/www.lindner.ch\/de\/wp-json\/wp\/v2\/media?parent=137"}],"curies":[{"name":"wp","href":"https:\/\/api.w.org\/{rel}","templated":true}]}}