{"id":139,"date":"2020-09-23T15:31:00","date_gmt":"2020-09-23T13:31:00","guid":{"rendered":"https:\/\/wp.lindner.ch\/?page_id=139"},"modified":"2026-03-09T08:20:12","modified_gmt":"2026-03-09T07:20:12","slug":"jobs","status":"publish","type":"page","link":"https:\/\/www.lindner.ch\/de\/ueber-uns\/jobs\/","title":{"rendered":"Jobs"},"content":{"rendered":"\n  <div class=\"banner has-hover banner_border_ueber-uns has-parallax\" id=\"banner-1760629719\">\n          <div class=\"banner-inner fill\">\n        <div class=\"banner-bg fill\" data-parallax=\"-3\" data-parallax-container=\".banner\" data-parallax-background>\n            <img loading=\"lazy\" decoding=\"async\" width=\"1024\" height=\"261\" src=\"https:\/\/www.lindner.ch\/wp-content\/uploads\/2020\/11\/ueber-uns.jpg\" class=\"bg attachment-original size-original\" alt=\"\" \/>                                    \n                    <\/div>\n\t\t\n        <div class=\"banner-layers container\">\n            <div class=\"fill banner-link\"><\/div>            \n\n\n        <\/div>\n      <\/div>\n\n            \n<style>\n#banner-1760629719 {\n  padding-top: 200px;\n  background-color: rgb(29, 41, 52);\n}\n#banner-1760629719 .banner-bg img {\n  object-position: 44% 69%;\n}\n<\/style>\n  <\/div>\n\n\n\t<div id=\"gap-537229908\" class=\"gap-element clearfix\" style=\"display:block; height:auto;\">\n\t\t\n<style>\n#gap-537229908 {\n  padding-top: 30px;\n}\n<\/style>\n\t<\/div>\n\t\n<div class=\"row\"  id=\"row-1279882506\">\n\n\t<div id=\"col-725481577\" class=\"col medium-3 small-12 large-3 col-divided\"  >\n\t\t\t\t<div class=\"col-inner\"  >\n\t\t\t\n\t\t\t\n<div class=\"menu-unternehmen-container\"><ul id=\"menu-unternehmen\" class=\"sb_navigation_ueber-uns\"><li id=\"menu-item-131\" class=\"menu-item menu-item-type-post_type menu-item-object-page menu-item-has-children menu-item-131\"><a href=\"https:\/\/www.lindner.ch\/de\/ueber-uns\/\">\u00dcber uns<\/a>\n<ul class=\"sub-menu\">\n\t<li id=\"menu-item-136\" class=\"menu-item menu-item-type-taxonomy menu-item-object-category menu-item-136\"><a href=\"https:\/\/www.lindner.ch\/de\/news\/aktuelles\/\">Aktuelles<\/a><\/li>\n\t<li id=\"menu-item-713\" class=\"menu-item menu-item-type-post_type menu-item-object-page menu-item-713\"><a href=\"https:\/\/www.lindner.ch\/de\/ueber-uns\/team\/\">Team<\/a><\/li>\n\t<li id=\"menu-item-714\" class=\"menu-item menu-item-type-post_type menu-item-object-page menu-item-714\"><a href=\"https:\/\/www.lindner.ch\/de\/ueber-uns\/jobs\/\">Jobs<\/a><\/li>\n<\/ul>\n<\/li>\n<li id=\"menu-item-6299\" class=\"menu-item menu-item-type-post_type menu-item-object-page menu-item-6299\"><a href=\"https:\/\/www.lindner.ch\/de\/nachhaltigkeit-agenda-2030\/\">Nachhaltigkeit \/ Agenda 2030<\/a><\/li>\n<li id=\"menu-item-134\" class=\"menu-item menu-item-type-post_type menu-item-object-page menu-item-134\"><a href=\"https:\/\/www.lindner.ch\/de\/zertifikate\/\">Zertifikate<\/a><\/li>\n<li id=\"menu-item-133\" class=\"menu-item menu-item-type-post_type menu-item-object-page menu-item-133\"><a href=\"https:\/\/www.lindner.ch\/de\/presse-medien\/\">Presse\/Medien<\/a><\/li>\n<li id=\"menu-item-4043\" class=\"menu-item menu-item-type-post_type menu-item-object-page menu-item-4043\"><a href=\"https:\/\/www.lindner.ch\/de\/newsletter\/\">Newsletter<\/a><\/li>\n<li id=\"menu-item-3478\" class=\"menu-item menu-item-type-post_type menu-item-object-page menu-item-3478\"><a href=\"https:\/\/www.lindner.ch\/de\/impressum\/\">Impressum<\/a><\/li>\n<li id=\"menu-item-3479\" class=\"menu-item menu-item-type-post_type menu-item-object-page menu-item-3479\"><a href=\"https:\/\/www.lindner.ch\/de\/agb\/\">AGB<\/a><\/li>\n<li id=\"menu-item-132\" class=\"menu-item menu-item-type-post_type menu-item-object-page menu-item-132\"><a href=\"https:\/\/www.lindner.ch\/de\/kontakt\/\">Kontakt<\/a><\/li>\n<\/ul><\/div>\n\t\t<\/div>\n\t\t\t\t\t<\/div>\n\n\t\n\n\t<div id=\"col-2016612603\" class=\"col medium-8 small-12 large-8\"  >\n\t\t\t\t<div class=\"col-inner\"  >\n\t\t\t\n\t\t\t\n<h1>Jobs<\/h1>\n<p><span style=\"color: #333399; font-size: 120%;\"><strong>SachbearbeiterIn Rechnungswesen (w\/m) 60%, evtl. 80%<\/strong><\/span><\/p>\n<p>Zur Verst\u00e4rkung unseres Teams suchen wir per sofort oder nach Vereinbarung eine gewissenhafte und zuverl\u00e4ssige Pers\u00f6nlichkeit im Bereich Buchhaltung.<\/p>\n<p><strong>Ihre Aufgaben:<\/strong>\u00a0<\/p>\n<ul>\n<li>F\u00fchren der Kreditoren- und Debitorenbuchhaltung (ERP: Microsoft Business Central)\u00a0<\/li>\n<li>Verrechnung unserer Dienstleistungen innerhalb der Firmengruppe<\/li>\n<li>Abstimmung der verschiedenen Bank- und FiBu-Konti<\/li>\n<li>Erstellung der MWST-Abrechnungen<\/li>\n<li>Mithilfe bei den Jahresabschl\u00fcssen\u00a0 (externe Erstellung d. Treuhandfirma)<\/li>\n<li>evtl. \u00dcbernahme von weiteren administrativen Aufgaben im Bereich Buchhaltung und Personal\u00a0<\/li>\n<\/ul>\n<p><strong>Ihr Profil:<\/strong>\u00a0<\/p>\n<ul>\n<li>Kaufm\u00e4nnische Grundausbildung mit Weiterbildung im Bereich Buchhaltung\u00a0<\/li>\n<li>Berufserfahrung in der Finanz- und Betriebsbuchhaltung\u00a0<\/li>\n<li>Teamorientierte und verantwortungsbewusste Pers\u00f6nlichkeit\u00a0<\/li>\n<li>Sicherer Umgang mit g\u00e4ngigen MS-Office-Programmen; bevorzugt Erfahrung mit ERP-Systemen\u00a0\u00a0<\/li>\n<li>Gute Deutschkenntnisse; Englisch und Franz\u00f6sisch von Vorteil\u00a0<\/li>\n<\/ul>\n<p><strong>Ihre Benefits:<\/strong>\u00a0<\/p>\n<ul>\n<li>Eine interessante und abwechslungsreiche T\u00e4tigkeit, attraktive Anstellungsbedingungen mit Perspektive und Aufstiegsm\u00f6glichkeit in eine Kaderfunktion\u00a0<\/li>\n<li>Sie arbeiten in einem innovativen Schweizer Unternehmen, in dem der Einsatz jedes Einzelnen z\u00e4hlt und gesch\u00e4tzt wird\u00a0<\/li>\n<\/ul>\n<p><strong>Arbeitsort:<\/strong><strong>\u202f<\/strong>9630 Wattwil\u00a0<\/p>\n<p><strong>Kontakt:<\/strong>\u00a0<br \/>Interessiert? Wir freuen uns auf Ihre vollst\u00e4ndigen Bewerbungsunterlagen per E-Mail an Thomas Wildberger\u202f<a href=\"mailto:t.wildberger@lindner.ch?subject=Buchhalterin%20%2F%20Sachbearbeiterin%20Finanz-%20und%20Rechnungswesen%20(w%2Fm%2Fd)%2060%25%2C%20evtl.%2080%25%20via%20ostjob.ch\">t.wildberger@lindner.ch<\/a>.\u00a0<\/p>\n<p><strong>Lindner Suisse GmbH,<\/strong><strong>\u202f<\/strong>Bleikenstrasse 98, 9630 Wattwil\u00a0<br \/>Tel. 071-987 61 51,\u202f<a href=\"https:\/\/www.lindner.ch\/de\/\">www.lindner.ch<\/a>\u00a0<\/p>\n<p>________________________________________________________________________________________<\/p>\n<p><span style=\"font-size: 120%; color: #333399;\"><strong>Mitarbeiter Produktion mit mechanischen Kenntnissen 60 - 100 %<\/strong><\/span><\/p>\n<p>Seit \u00fcber 100 Jahren sind wir ein innovatives Holzwolle-Produktionsunternehmen. Wir verarbeiten ausschliesslich Schweizer Holz und fertigen f\u00fcr unsere nationale und internationale Kundschaft vielf\u00e4ltigste Holzwolle-Produkte in h\u00f6chster Qualit\u00e4t.<\/p>\n<p>Aufgrund einer bevorstehenden Pension suchen wir per sofort oder nach Vereinbarung einen Mitarbeiter Produktion mit mechanischen Kenntnissen f\u00fcr ein Pensum von 60 - 100 %.<\/p>\n<p><strong>Aufgaben:<br \/><\/strong>Nach einer gr\u00fcndlichen Einf\u00fchrung \u00fcbernehmen Sie die Herstellung von Qualit\u00e4tsholzwolle und sind auch im Team f\u00fcr den Unterhalt und die Wartung der daf\u00fcr ben\u00f6tigten Anlagen und Maschinen zust\u00e4ndig.<\/p>\n<p><strong>Anforderungsprofil:<br \/><\/strong>Sie haben eine mechanische Ausbildung in der Bau-, Land- oder Forstwirtschaft abgeschlossen oder haben entsprechende praktische Berufserfahrung. Sie arbeiten gerne mit dem Werkstoff Holz und Maschinen, sind k\u00f6rperlich fit und auch technisch geschickt. Sie haben gute Deutschkenntnisse, sind belastbar, teamf\u00e4hig und denken aktiv mit.<\/p>\n<p><strong>Wir bieten:<br \/><\/strong>Interessante Anstellungsbedingungen und eine verantwortungsvolle und abwechslungsreiche T\u00e4tigkeit in einem innovativen Unternehmen, in dem der Einsatz jedes Einzelnen z\u00e4hlt und gesch\u00e4tzt wird.<\/p>\n<p>Haben wir Ihr Interesse geweckt? Dann freuen wir uns auf Ihre Bewerbungsunterlagen per Post oder per E-Mail an t.wildberger@lindner.ch.<\/p>\n<p>F\u00fcr weitere Ausk\u00fcnfte steht Ihnen Thomas Wildberger, Gesch\u00e4ftsf\u00fchrer, oder Pascal W\u00e4spi, Leiter Produktion, gerne zur Verf\u00fcgung,<\/p>\n<p>Lindner Produktions AG, Bleikenstrasse 98, 9630 Wattwil<br \/>Tel. 071 987 61 51, Fax 071 987 61 59, <a href=\"http:\/\/www.lindner.ch\">www.lindner.ch<\/a><\/p>\n<p>________________________________________________________________________________________<\/p>\n<p>F\u00fcr unsere innovative Holzwolle-Manufaktur suchen wir per sofort oder nach Vereinbarung einen<\/p>\n<p><span style=\"color: #333399; font-size: 120%;\"><strong>Betriebsmitarbeiter \/ Facharbeiter Holz 80 - 100 %<\/strong><\/span><\/p>\n<p><strong>Ihre Aufgaben:<br \/><\/strong>Nach einer gr\u00fcndlichen Einf\u00fchrung \u00fcbernehmen Sie die Herstellung von Qualit\u00e4tsholzwolle mit Vor- und Nachbearbeitung f\u00fcr verschiedenste Einsatzbereiche.<\/p>\n<p><strong>Anforderungsprofil:<br \/><\/strong>Sie haben eine Ausbildung in der Holz-, Bau-, Land-, Forstwirtschaft oder vergleichbare Kenntnisse und Fertigkeiten und sind handwerklich geschickt. Sie k\u00f6nnen auch mit Maschinen umgehen. Ihre Deutschkenntnisse sind gut, Sie sind k\u00f6rperlich fit, teamf\u00e4hig, belastbar und arbeiten gerne selbst\u00e4ndig und genau.<\/p>\n<p><strong>Wir bieten:<br \/><\/strong>Eine eigenverantwortliche und abwechslungsreiche T\u00e4tigkeit in einem aufgestellten Team.<\/p>\n<p>Wenn Sie in unserem spannenden Unternehmen mitarbeiten m\u00f6chten, dann senden Sie Ihre Bewerbung per E-Mail an <a href=\"mailto:t.wildberger@lindner.ch\">t.wildberger@lindner.ch<\/a>. F\u00fcr weitere Ausk\u00fcnfte stehen Ihnen Thomas Wildberger oder Pascal W\u00e4spi gerne zur Verf\u00fcgung.<\/p>\n<p>Lindner Produktions AG, Bleikenstrasse 98, 9630 Wattwil<br \/>Tel. 071 987 61 51, Fax 071 987 61 59 <a href=\"http:\/\/www.lindner.ch\/?fbclid=IwAR2vXz5M-ZZXDsVSXMg-k93uUARlfEp_4dLAn-9ANXEvrW2rq_G-8p7DsO4\">www.lindner.ch<\/a><\/p>\n\t\t<\/div>\n\t\t\t\t\t<\/div>\n\n\t\n<\/div>\n","protected":false},"excerpt":{"rendered":"","protected":false},"author":2,"featured_media":0,"parent":114,"menu_order":0,"comment_status":"closed","ping_status":"closed","template":"","meta":{"inline_featured_image":false,"footnotes":""},"class_list":["post-139","page","type-page","status-publish","hentry"],"_links":{"self":[{"href":"https:\/\/www.lindner.ch\/de\/wp-json\/wp\/v2\/pages\/139","targetHints":{"allow":["GET"]}}],"collection":[{"href":"https:\/\/www.lindner.ch\/de\/wp-json\/wp\/v2\/pages"}],"about":[{"href":"https:\/\/www.lindner.ch\/de\/wp-json\/wp\/v2\/types\/page"}],"author":[{"embeddable":true,"href":"https:\/\/www.lindner.ch\/de\/wp-json\/wp\/v2\/users\/2"}],"replies":[{"embeddable":true,"href":"https:\/\/www.lindner.ch\/de\/wp-json\/wp\/v2\/comments?post=139"}],"version-history":[{"count":15,"href":"https:\/\/www.lindner.ch\/de\/wp-json\/wp\/v2\/pages\/139\/revisions"}],"predecessor-version":[{"id":8793,"href":"https:\/\/www.lindner.ch\/de\/wp-json\/wp\/v2\/pages\/139\/revisions\/8793"}],"up":[{"embeddable":true,"href":"https:\/\/www.lindner.ch\/de\/wp-json\/wp\/v2\/pages\/114"}],"wp:attachment":[{"href":"https:\/\/www.lindner.ch\/de\/wp-json\/wp\/v2\/media?parent=139"}],"curies":[{"name":"wp","href":"https:\/\/api.w.org\/{rel}","templated":true}]}}