{"id":1660,"date":"2020-10-23T22:57:53","date_gmt":"2020-10-23T20:57:53","guid":{"rendered":"https:\/\/wp.lindner.ch\/?page_id=1660"},"modified":"2025-02-10T10:00:32","modified_gmt":"2025-02-10T09:00:32","slug":"fuell-polstermaterial","status":"publish","type":"page","link":"https:\/\/www.lindner.ch\/de\/verpackungsmaterial\/fuell-polstermaterial\/","title":{"rendered":"F\u00fcll- \/ Polstermaterial"},"content":{"rendered":"\n  <div class=\"banner has-hover banner_border_verpackung has-parallax\" id=\"banner-1390374364\">\n          <div class=\"banner-inner fill\">\n        <div class=\"banner-bg fill\" data-parallax=\"-3\" data-parallax-container=\".banner\" data-parallax-background>\n            <img loading=\"lazy\" decoding=\"async\" width=\"1494\" height=\"429\" src=\"https:\/\/www.lindner.ch\/wp-content\/uploads\/2022\/10\/Headerbild_Lindner-Suisse_Verpackung_emballages.jpg\" class=\"bg attachment-original size-original\" alt=\"\" \/>                                    \n                    <\/div>\n\t\t\n        <div class=\"banner-layers container\">\n            <div class=\"fill banner-link\"><\/div>            \n\n\n        <\/div>\n      <\/div>\n\n            \n<style>\n#banner-1390374364 {\n  padding-top: 300px;\n  background-color: rgb(41, 128, 185);\n}\n#banner-1390374364 .banner-bg img {\n  object-position: 26% 49%;\n}\n<\/style>\n  <\/div>\n\n\n\t<div id=\"gap-1941076785\" class=\"gap-element clearfix\" style=\"display:block; height:auto;\">\n\t\t\n<style>\n#gap-1941076785 {\n  padding-top: 30px;\n}\n<\/style>\n\t<\/div>\n\t\n<div class=\"row\"  id=\"row-2032595601\">\n\n\t<div id=\"col-1367585255\" class=\"col medium-3 small-12 large-3 col-divided\"  >\n\t\t\t\t<div class=\"col-inner\"  >\n\t\t\t\n\t\t\t\n<p><div class=\"menu-verpackung-container\"><ul id=\"menu-verpackung\" class=\"sb_navigation_verpackung\"><li id=\"menu-item-1651\" class=\"menu-item menu-item-type-post_type menu-item-object-page menu-item-1651\"><a href=\"https:\/\/www.lindner.ch\/de\/verpackungsmaterial\/\">Verpackungsmaterial<\/a><\/li>\n<li id=\"menu-item-1787\" class=\"menu-item menu-item-type-post_type menu-item-object-page menu-item-has-children menu-item-1787\"><a href=\"https:\/\/www.lindner.ch\/de\/verpackungsmaterial\/fuell-polstermaterial\/\">F\u00fcll- \/ Polstermaterial<\/a>\n<ul class=\"sub-menu\">\n\t<li id=\"menu-item-1788\" class=\"menu-item menu-item-type-post_type menu-item-object-page menu-item-1788\"><a href=\"https:\/\/www.lindner.ch\/de\/verpackungsmaterial\/fuell-polstermaterial\/caristar-verpackungschips\/\">Caristar Verpackungschips<\/a><\/li>\n\t<li id=\"menu-item-1790\" class=\"menu-item menu-item-type-post_type menu-item-object-page menu-item-1790\"><a href=\"https:\/\/www.lindner.ch\/de\/verpackungsmaterial\/fuell-polstermaterial\/winpack-verpackungschips\/\">Winpack Verpackungschips<\/a><\/li>\n\t<li id=\"menu-item-1791\" class=\"menu-item menu-item-type-post_type menu-item-object-page menu-item-1791\"><a href=\"https:\/\/www.lindner.ch\/de\/verpackungsmaterial\/fuell-polstermaterial\/s-pack-verpackungschips\/\">S-Pack Verpackungschips<\/a><\/li>\n<\/ul>\n<\/li>\n<li id=\"menu-item-1802\" class=\"menu-item menu-item-type-post_type menu-item-object-page menu-item-has-children menu-item-1802\"><a href=\"https:\/\/www.lindner.ch\/de\/verpackungsmaterial\/logistikholzwolle\/\">Logistikholzwolle<\/a>\n<ul class=\"sub-menu\">\n\t<li id=\"menu-item-1805\" class=\"menu-item menu-item-type-post_type menu-item-object-page menu-item-1805\"><a href=\"https:\/\/www.lindner.ch\/de\/verpackungsmaterial\/logistikholzwolle\/spediline-classic\/\">spediline classic<\/a><\/li>\n\t<li id=\"menu-item-1804\" class=\"menu-item menu-item-type-post_type menu-item-object-page menu-item-1804\"><a href=\"https:\/\/www.lindner.ch\/de\/verpackungsmaterial\/logistikholzwolle\/spediline-food\/\">spediline food<\/a><\/li>\n\t<li id=\"menu-item-1803\" class=\"menu-item menu-item-type-post_type menu-item-object-page menu-item-1803\"><a href=\"https:\/\/www.lindner.ch\/de\/verpackungsmaterial\/logistikholzwolle\/spediline-extra\/\">spediline extra<\/a><\/li>\n<\/ul>\n<\/li>\n<li id=\"menu-item-1793\" class=\"menu-item menu-item-type-post_type menu-item-object-page menu-item-has-children menu-item-1793\"><a href=\"https:\/\/www.lindner.ch\/de\/verpackungsmaterial\/stretchfolien\/\">Stretchfolien<\/a>\n<ul class=\"sub-menu\">\n\t<li id=\"menu-item-1799\" class=\"menu-item menu-item-type-post_type menu-item-object-page menu-item-1799\"><a href=\"https:\/\/www.lindner.ch\/de\/verpackungsmaterial\/stretchfolien\/buendelstretchfolie-perfect-stretch\/\">B\u00fcndelstretchfolie<\/a><\/li>\n\t<li id=\"menu-item-1797\" class=\"menu-item menu-item-type-post_type menu-item-object-page menu-item-1797\"><a href=\"https:\/\/www.lindner.ch\/de\/verpackungsmaterial\/stretchfolien\/handstretchfolie-perfect-stretch\/\">Handstretchfolie<\/a><\/li>\n\t<li id=\"menu-item-1795\" class=\"menu-item menu-item-type-post_type menu-item-object-page menu-item-1795\"><a href=\"https:\/\/www.lindner.ch\/de\/verpackungsmaterial\/stretchfolien\/handstretchfolie-klima\/\">Handstretchfolie Klima\/Lochfolie<\/a><\/li>\n\t<li id=\"menu-item-1794\" class=\"menu-item menu-item-type-post_type menu-item-object-page menu-item-1794\"><a href=\"https:\/\/www.lindner.ch\/de\/verpackungsmaterial\/stretchfolien\/maschinenstretchfolie\/\">Maschinenstretchfolie<\/a><\/li>\n<\/ul>\n<\/li>\n<li id=\"menu-item-1765\" class=\"menu-item menu-item-type-post_type menu-item-object-page menu-item-has-children menu-item-1765\"><a href=\"https:\/\/www.lindner.ch\/de\/verpackungsmaterial\/luftpolsterfolien\/\">Luftpolsterfolien<\/a>\n<ul class=\"sub-menu\">\n\t<li id=\"menu-item-1768\" class=\"menu-item menu-item-type-post_type menu-item-object-page menu-item-1768\"><a href=\"https:\/\/www.lindner.ch\/de\/verpackungsmaterial\/luftpolsterfolien\/luftpolsterfolie-2-lagig\/\">Luftpolsterfolie 2-lagig<\/a><\/li>\n\t<li id=\"menu-item-1769\" class=\"menu-item menu-item-type-post_type menu-item-object-page menu-item-1769\"><a href=\"https:\/\/www.lindner.ch\/de\/verpackungsmaterial\/luftpolsterfolien\/luftpolsterfolie-3-lagig\/\">Luftpolsterfolie 3-lagig<\/a><\/li>\n\t<li id=\"menu-item-1772\" class=\"menu-item menu-item-type-post_type menu-item-object-page menu-item-1772\"><a href=\"https:\/\/www.lindner.ch\/de\/verpackungsmaterial\/luftpolsterfolien\/luftpolsterfolie-kaschiert\/\">Luftpolsterfolie kaschiert<\/a><\/li>\n\t<li id=\"menu-item-1770\" class=\"menu-item menu-item-type-post_type menu-item-object-page menu-item-1770\"><a href=\"https:\/\/www.lindner.ch\/de\/verpackungsmaterial\/luftpolsterfolien\/luftpolsterfolie-antistatisch\/\">Luftpolsterfolie antistatisch<\/a><\/li>\n\t<li id=\"menu-item-1773\" class=\"menu-item menu-item-type-post_type menu-item-object-page menu-item-1773\"><a href=\"https:\/\/www.lindner.ch\/de\/verpackungsmaterial\/luftpolsterfolien\/luftpolsterfolie-selbstklebend\/\">Luftpolsterfolie selbstklebend<\/a><\/li>\n\t<li id=\"menu-item-1771\" class=\"menu-item menu-item-type-post_type menu-item-object-page menu-item-1771\"><a href=\"https:\/\/www.lindner.ch\/de\/verpackungsmaterial\/luftpolsterfolien\/luftpolsterfolie-beutel\/\">Luftpolsterfolie Beutel<\/a><\/li>\n\t<li id=\"menu-item-1767\" class=\"menu-item menu-item-type-post_type menu-item-object-page menu-item-1767\"><a href=\"https:\/\/www.lindner.ch\/de\/verpackungsmaterial\/luftpolsterfolien\/luftpolster-schlauchfolie\/\">Luftpolster Schlauchfolie<\/a><\/li>\n\t<li id=\"menu-item-1774\" class=\"menu-item menu-item-type-post_type menu-item-object-page menu-item-1774\"><a href=\"https:\/\/www.lindner.ch\/de\/verpackungsmaterial\/luftpolsterfolien\/luftpolsterfolie-zuschnitte\/\">Luftpolsterfolie Zuschnitte<\/a><\/li>\n\t<li id=\"menu-item-1785\" class=\"menu-item menu-item-type-post_type menu-item-object-page menu-item-1785\"><a href=\"https:\/\/www.lindner.ch\/de\/verpackungsmaterial\/luftpolsterfolien\/abrollstaender\/\">Abrollst\u00e4nder<\/a><\/li>\n<\/ul>\n<\/li>\n<li id=\"menu-item-1777\" class=\"menu-item menu-item-type-post_type menu-item-object-page menu-item-has-children menu-item-1777\"><a href=\"https:\/\/www.lindner.ch\/de\/verpackungsmaterial\/pe-schaumfolien\/\">PE-Schaumfolien<\/a>\n<ul class=\"sub-menu\">\n\t<li id=\"menu-item-1824\" class=\"menu-item menu-item-type-post_type menu-item-object-page menu-item-1824\"><a href=\"https:\/\/www.lindner.ch\/de\/verpackungsmaterial\/pe-schaumfolien\/pe-schaumfolie-rollen\/\">PE-Schaumfolie Rollen<\/a><\/li>\n\t<li id=\"menu-item-1823\" class=\"menu-item menu-item-type-post_type menu-item-object-page menu-item-1823\"><a href=\"https:\/\/www.lindner.ch\/de\/verpackungsmaterial\/pe-schaumfolien\/pe-schaumfolie-beutel\/\">PE-Schaumfolie Beutel<\/a><\/li>\n\t<li id=\"menu-item-1822\" class=\"menu-item menu-item-type-post_type menu-item-object-page menu-item-1822\"><a href=\"https:\/\/www.lindner.ch\/de\/verpackungsmaterial\/pe-schaumfolien\/pe-schaumfolie-zuschnitte\/\">PE-Schaumfolie Zuschnitte<\/a><\/li>\n\t<li id=\"menu-item-1821\" class=\"menu-item menu-item-type-post_type menu-item-object-page menu-item-1821\"><a href=\"https:\/\/www.lindner.ch\/de\/verpackungsmaterial\/pe-schaumfolien\/pe-schaum-schlauchfolie\/\">PE-Schaum Schlauchfolie<\/a><\/li>\n<\/ul>\n<\/li>\n<li id=\"menu-item-1776\" class=\"menu-item menu-item-type-post_type menu-item-object-page menu-item-1776\"><a href=\"https:\/\/www.lindner.ch\/de\/verpackungsmaterial\/pe-abdeckfolien\/\">Abdeckfolie\/Palettenzwischenlage<\/a><\/li>\n<li id=\"menu-item-1827\" class=\"menu-item menu-item-type-post_type menu-item-object-page menu-item-has-children menu-item-1827\"><a href=\"https:\/\/www.lindner.ch\/de\/verpackungsmaterial\/dokumententaschen\/\">Dokumententaschen<\/a>\n<ul class=\"sub-menu\">\n\t<li id=\"menu-item-1826\" class=\"menu-item menu-item-type-post_type menu-item-object-page menu-item-1826\"><a href=\"https:\/\/www.lindner.ch\/de\/verpackungsmaterial\/dokumententaschen\/dokumententasche-standard\/\">Dokumententasche Standard<\/a><\/li>\n\t<li id=\"menu-item-1825\" class=\"menu-item menu-item-type-post_type menu-item-object-page menu-item-1825\"><a href=\"https:\/\/www.lindner.ch\/de\/verpackungsmaterial\/dokumententaschen\/dokumententasche-bedruckt\/\">Dokumententasche bedruckt<\/a><\/li>\n<\/ul>\n<\/li>\n<li id=\"menu-item-1833\" class=\"menu-item menu-item-type-post_type menu-item-object-page menu-item-has-children menu-item-1833\"><a href=\"https:\/\/www.lindner.ch\/de\/verpackungsmaterial\/klebebaender-pvc-pp-biopack-860\/\">Klebeb\u00e4nder PVC \/ PP \/ Biopack 860<\/a>\n<ul class=\"sub-menu\">\n\t<li id=\"menu-item-4457\" class=\"menu-item menu-item-type-post_type menu-item-object-page menu-item-4457\"><a href=\"https:\/\/www.lindner.ch\/de\/verpackungsmaterial\/klebebaender-pvc-pp-biopack-860\/biopack-klebebaender\/\">Biopack-Klebeb\u00e4nder<\/a><\/li>\n\t<li id=\"menu-item-1829\" class=\"menu-item menu-item-type-post_type menu-item-object-page menu-item-1829\"><a href=\"https:\/\/www.lindner.ch\/de\/verpackungsmaterial\/klebebaender-pvc-pp-biopack-860\/pvc-klebeband\/\">PVC-Klebeband<\/a><\/li>\n\t<li id=\"menu-item-1830\" class=\"menu-item menu-item-type-post_type menu-item-object-page menu-item-1830\"><a href=\"https:\/\/www.lindner.ch\/de\/verpackungsmaterial\/klebebaender-pvc-pp-biopack-860\/pvc-schutzband\/\">PVC-Schutzband<\/a><\/li>\n\t<li id=\"menu-item-1831\" class=\"menu-item menu-item-type-post_type menu-item-object-page menu-item-1831\"><a href=\"https:\/\/www.lindner.ch\/de\/verpackungsmaterial\/klebebaender-pvc-pp-biopack-860\/pvc-spleissband\/\">PVC-Spleissband<\/a><\/li>\n\t<li id=\"menu-item-1828\" class=\"menu-item menu-item-type-post_type menu-item-object-page menu-item-1828\"><a href=\"https:\/\/www.lindner.ch\/de\/verpackungsmaterial\/klebebaender-pvc-pp-biopack-860\/pp-klebeband\/\">PP-Klebeband<\/a><\/li>\n\t<li id=\"menu-item-4681\" class=\"menu-item menu-item-type-post_type menu-item-object-page menu-item-4681\"><a href=\"https:\/\/www.lindner.ch\/de\/verpackungsmaterial\/klebebaender-pvc-pp-biopack-860\/pp-strapping-klebeband\/\">PP-Strapping-Klebeband<\/a><\/li>\n\t<li id=\"menu-item-1834\" class=\"menu-item menu-item-type-post_type menu-item-object-page menu-item-1834\"><a href=\"https:\/\/www.lindner.ch\/de\/verpackungsmaterial\/klebebaender-pvc-pp-biopack-860\/klebeband-bedruckt\/\">Klebeband bedruckt<\/a><\/li>\n<\/ul>\n<\/li>\n<li id=\"menu-item-1775\" class=\"menu-item menu-item-type-post_type menu-item-object-page menu-item-1775\"><a href=\"https:\/\/www.lindner.ch\/de\/verpackungsmaterial\/papier-nassklebeband\/\">Papier-Nass-\/Selbstklebeband<\/a><\/li>\n<li id=\"menu-item-1832\" class=\"menu-item menu-item-type-post_type menu-item-object-page menu-item-1832\"><a href=\"https:\/\/www.lindner.ch\/de\/verpackungsmaterial\/kantenschutz\/\">Kantenschutz<\/a><\/li>\n<li id=\"menu-item-1780\" class=\"menu-item menu-item-type-post_type menu-item-object-page menu-item-has-children menu-item-1780\"><a href=\"https:\/\/www.lindner.ch\/de\/verpackungsmaterial\/verpackungshilfsmaterial\/\">Verpackungshilfsmaterial<\/a>\n<ul class=\"sub-menu\">\n\t<li id=\"menu-item-2044\" class=\"menu-item menu-item-type-post_type menu-item-object-page menu-item-2044\"><a href=\"https:\/\/www.lindner.ch\/de\/verpackungsmaterial\/verpackungshilfsmaterial\/abroller-fuer-buendelstretchfolie\/\">Abroller f\u00fcr B\u00fcndelstretchfolie<\/a><\/li>\n\t<li id=\"menu-item-2039\" class=\"menu-item menu-item-type-post_type menu-item-object-page menu-item-2039\"><a href=\"https:\/\/www.lindner.ch\/de\/verpackungsmaterial\/verpackungshilfsmaterial\/ersatzhandgriff-set-handstretchfolie\/\">Ersatzhandgriffset Handstretchfolie<\/a><\/li>\n\t<li id=\"menu-item-1809\" class=\"menu-item menu-item-type-post_type menu-item-object-page menu-item-1809\"><a href=\"https:\/\/www.lindner.ch\/de\/verpackungsmaterial\/verpackungshilfsmaterial\/gleithuelsen-fuer-handstretchfolie\/\">Gleith\u00fclsen f\u00fcr Handstretchfolie<\/a><\/li>\n\t<li id=\"menu-item-2042\" class=\"menu-item menu-item-type-post_type menu-item-object-page menu-item-2042\"><a href=\"https:\/\/www.lindner.ch\/de\/verpackungsmaterial\/verpackungshilfsmaterial\/abroller-fuer-handstretchfolie\/\">Abroller f\u00fcr Handstretchfolie<\/a><\/li>\n\t<li id=\"menu-item-1810\" class=\"menu-item menu-item-type-post_type menu-item-object-page menu-item-1810\"><a href=\"https:\/\/www.lindner.ch\/de\/verpackungsmaterial\/verpackungshilfsmaterial\/handabroller-boxenschliesser\/\">Handabroller\/Boxenschliesser<\/a><\/li>\n\t<li id=\"menu-item-1811\" class=\"menu-item menu-item-type-post_type menu-item-object-page menu-item-1811\"><a href=\"https:\/\/www.lindner.ch\/de\/verpackungsmaterial\/verpackungshilfsmaterial\/abfuellvorrichtung-fuer-chips\/\">Abf\u00fcllvorrichtung f\u00fcr Chips<\/a><\/li>\n<\/ul>\n<\/li>\n<li id=\"menu-item-1781\" class=\"menu-item menu-item-type-post_type menu-item-object-page menu-item-has-children menu-item-1781\"><a href=\"https:\/\/www.lindner.ch\/de\/verpackungsmaterial\/verschlussklemmen-weloc\/\">Verschlussklemmen WeLoc\u00ae<\/a>\n<ul class=\"sub-menu\">\n\t<li id=\"menu-item-1784\" class=\"menu-item menu-item-type-post_type menu-item-object-page menu-item-1784\"><a href=\"https:\/\/www.lindner.ch\/de\/verpackungsmaterial\/verschlussklemmen-weloc\/weloc-standard\/\">WeLoc\u00ae Standard<\/a><\/li>\n\t<li id=\"menu-item-1783\" class=\"menu-item menu-item-type-post_type menu-item-object-page menu-item-1783\"><a href=\"https:\/\/www.lindner.ch\/de\/verpackungsmaterial\/verschlussklemmen-weloc\/weloc-individuell-bedruckt\/\">WeLoc\u00ae individuell bedruckt<\/a><\/li>\n\t<li id=\"menu-item-1782\" class=\"menu-item menu-item-type-post_type menu-item-object-page menu-item-1782\"><a href=\"https:\/\/www.lindner.ch\/de\/verpackungsmaterial\/verschlussklemmen-weloc\/weloc-care\/\">WeLoc\u00ae Care<\/a><\/li>\n<\/ul>\n<\/li>\n<li id=\"menu-item-8604\" class=\"menu-item menu-item-type-post_type menu-item-object-page menu-item-8604\"><a href=\"https:\/\/www.lindner.ch\/de\/verpackungsmaterial\/warensicherung-palettensicherung-attaloc\/\">Warensicherung attaloc<\/a><\/li>\n<li id=\"menu-item-3255\" class=\"menu-item menu-item-type-post_type menu-item-object-page menu-item-3255\"><a href=\"https:\/\/www.lindner.ch\/de\/verpackungsmaterial\/ausstellungen-messen\/\">Ausstellungen\/Messen<\/a><\/li>\n<\/ul><\/div><\/p>\n\t\t<\/div>\n\t\t\t\t\t<\/div>\n\n\t\n\n\t<div id=\"col-1149108674\" class=\"col medium-9 small-12 large-9\"  >\n\t\t\t\t<div class=\"col-inner\"  >\n\t\t\t\n\t\t\t\n<div class=\"row\"  id=\"row-416677506\">\n\n\t<div id=\"col-1727203200\" class=\"col medium-9 small-12 large-9\"  >\n\t\t\t\t<div class=\"col-inner\"  >\n\t\t\t\n\t\t\t\n<h1>Verpackungschips f\u00fcr alle F\u00e4lle<\/h1>\n<p>Seit 1979 produziert Lindner Suisse hochwertige Verpackungschips in der Schweiz. Die wirtschaftlichen F\u00fcllmaterialsorten <strong>Caristar<\/strong>, <strong>Winpack<\/strong> und <strong>S-Pack<\/strong> sind aus 99,6% Luft und 0,4% recyceltem Polystyrol. Sie sind stossd\u00e4mpfend, sch\u00fcttf\u00e4hig, optimal geformt, FCKW-frei und antistatisch. Da die Verpackungschips aus Polystyrol mehrfach verwendbar sind, z\u00e4hlen sie zu den umweltfreundlichsten F\u00fcllmaterialien, die heute angeboten werden. Als einziger Hersteller in Europa bef\u00fcllt Lindner Suisse seine Chipss\u00e4cke mit einem Volumendosierer, sodass sackschwache F\u00fcllmengen von vornherein ausgeschlossen sind. Die Chips sind 100% recyclebar.<\/p>\n<p>Die Lindner Suisse Verpackungschips sind auch in 500 l Ballons\u00e4cken erh\u00e4ltlich. Der Vorteil ist die geringe Sackh\u00f6he, wodurch sich der Ballonsack auch bei einer niedrigen Raumh\u00f6he aufh\u00e4ngen l\u00e4sst. (Masse: H\u00f6he 80 cm, \u00d8 90 cm \u2013 als Vergleich die H\u00f6he der Standards\u00e4cke 155 cm, \u00d8 60 cm.)<\/p>\n<p>Ben\u00f6tigen Sie Verpackungshilfsmaterial f\u00fcr Chips?\u00a0<a href=\"https:\/\/www.lindner.ch\/de\/verpackungsmaterial\/verpackungshilfsmaterial\/abfuellvorrichtung-fuer-chips\/\">Abf\u00fcllvorrichtung f\u00fcr Chips<\/a><\/p>\n\t\t<\/div>\n\t\t\t\t\t<\/div>\n\n\t\n\n\t<div id=\"col-961771411\" class=\"col medium-3 small-12 large-3\"  >\n\t\t\t\t<div class=\"col-inner\"  >\n\t\t\t\n\t\t\t\n\t<div class=\"img has-hover x md-x lg-x y md-y lg-y\" id=\"image_1237806361\">\n\t\t<a class=\"image-lightbox lightbox-gallery\" title=\"\" href=\"https:\/\/www.lindner.ch\/wp-content\/uploads\/2020\/12\/P1010041-768x1024.jpg\">\t\t\t\t\t\t<div class=\"img-inner box-shadow-1 dark\" >\n\t\t\t<img loading=\"lazy\" decoding=\"async\" width=\"768\" height=\"1024\" src=\"https:\/\/www.lindner.ch\/wp-content\/uploads\/2020\/12\/P1010041-768x1024.jpg\" class=\"attachment-large size-large\" alt=\"\" srcset=\"https:\/\/www.lindner.ch\/wp-content\/uploads\/2020\/12\/P1010041-768x1024.jpg 768w, https:\/\/www.lindner.ch\/wp-content\/uploads\/2020\/12\/P1010041-225x300.jpg 225w, https:\/\/www.lindner.ch\/wp-content\/uploads\/2020\/12\/P1010041-1152x1536.jpg 1152w, https:\/\/www.lindner.ch\/wp-content\/uploads\/2020\/12\/P1010041-rotated.jpg 1200w\" sizes=\"auto, (max-width: 768px) 100vw, 768px\" \/>\t\t\t\t\t\t\n\t\t\t\t\t<\/div>\n\t\t\t\t\t\t<\/a>\t\t\n<style>\n#image_1237806361 {\n  width: 100%;\n}\n<\/style>\n\t<\/div>\n\t\n\t\t<\/div>\n\t\t\t\t\t<\/div>\n\n\t\n<\/div>\n<div class=\"row\"  id=\"row-555711070\">\n\n\t<div id=\"col-307917216\" class=\"col small-12 large-12\"  >\n\t\t\t\t<div class=\"col-inner\"  >\n\t\t\t\n\t\t\t\n<h2>Unsere Produkte<\/h2>\n\n  \n    <div class=\"row large-columns-3 medium-columns- small-columns-2 row-small has-shadow row-box-shadow-1 row-box-shadow-2-hover\" >\n  <div class=\"page-col col\" >\n          <div class=\"col-inner\" >\n          <a class=\"block plain\" href=\"https:\/\/www.lindner.ch\/de\/verpackungsmaterial\/fuell-polstermaterial\/caristar-verpackungschips\/\" title=\"Caristar Verpackungschips\" target=\"\">\n            <div class=\"page-box box has-hover box-default\">\n                  <div class=\"box-image\" >\n                      <div class=\"box-image\" >\n                                            <\/div>\n                                                              <\/div>\n                  <div class=\"box-text text-left is-large dark\" style=\"background-color:rgb(41, 128, 185);padding:8px 8px 8px 8px;\">\n                        <div class=\"box-text-inner\">\n                            <p>Caristar Verpackungschips<\/p>\n                        <\/div>\n                  <\/div>\n              <\/div>\n            <\/a>\n            <\/div>\n          <\/div><div class=\"page-col col\" >\n          <div class=\"col-inner\" >\n          <a class=\"block plain\" href=\"https:\/\/www.lindner.ch\/de\/verpackungsmaterial\/fuell-polstermaterial\/winpack-verpackungschips\/\" title=\"Winpack Verpackungschips\" target=\"\">\n            <div class=\"page-box box has-hover box-default\">\n                  <div class=\"box-image\" >\n                      <div class=\"box-image\" >\n                                            <\/div>\n                                                              <\/div>\n                  <div class=\"box-text text-left is-large dark\" style=\"background-color:rgb(41, 128, 185);padding:8px 8px 8px 8px;\">\n                        <div class=\"box-text-inner\">\n                            <p>Winpack Verpackungschips<\/p>\n                        <\/div>\n                  <\/div>\n              <\/div>\n            <\/a>\n            <\/div>\n          <\/div><div class=\"page-col col\" >\n          <div class=\"col-inner\" >\n          <a class=\"block plain\" href=\"https:\/\/www.lindner.ch\/de\/verpackungsmaterial\/fuell-polstermaterial\/s-pack-verpackungschips\/\" title=\"S-Pack Verpackungschips\" target=\"\">\n            <div class=\"page-box box has-hover box-default\">\n                  <div class=\"box-image\" >\n                      <div class=\"box-image\" >\n                                            <\/div>\n                                                              <\/div>\n                  <div class=\"box-text text-left is-large dark\" style=\"background-color:rgb(41, 128, 185);padding:8px 8px 8px 8px;\">\n                        <div class=\"box-text-inner\">\n                            <p>S-Pack Verpackungschips<\/p>\n                        <\/div>\n                  <\/div>\n              <\/div>\n            <\/a>\n            <\/div>\n          <\/div><\/div>\n\t\t<\/div>\n\t\t\t\t\t<\/div>\n\n\t\n<\/div>\n\t\t<\/div>\n\t\t\t\t\t<\/div>\n\n\t\n<\/div>\n","protected":false},"excerpt":{"rendered":"","protected":false},"author":2,"featured_media":0,"parent":718,"menu_order":0,"comment_status":"closed","ping_status":"closed","template":"","meta":{"inline_featured_image":false,"footnotes":""},"class_list":["post-1660","page","type-page","status-publish","hentry"],"_links":{"self":[{"href":"https:\/\/www.lindner.ch\/de\/wp-json\/wp\/v2\/pages\/1660","targetHints":{"allow":["GET"]}}],"collection":[{"href":"https:\/\/www.lindner.ch\/de\/wp-json\/wp\/v2\/pages"}],"about":[{"href":"https:\/\/www.lindner.ch\/de\/wp-json\/wp\/v2\/types\/page"}],"author":[{"embeddable":true,"href":"https:\/\/www.lindner.ch\/de\/wp-json\/wp\/v2\/users\/2"}],"replies":[{"embeddable":true,"href":"https:\/\/www.lindner.ch\/de\/wp-json\/wp\/v2\/comments?post=1660"}],"version-history":[{"count":11,"href":"https:\/\/www.lindner.ch\/de\/wp-json\/wp\/v2\/pages\/1660\/revisions"}],"predecessor-version":[{"id":7986,"href":"https:\/\/www.lindner.ch\/de\/wp-json\/wp\/v2\/pages\/1660\/revisions\/7986"}],"up":[{"embeddable":true,"href":"https:\/\/www.lindner.ch\/de\/wp-json\/wp\/v2\/pages\/718"}],"wp:attachment":[{"href":"https:\/\/www.lindner.ch\/de\/wp-json\/wp\/v2\/media?parent=1660"}],"curies":[{"name":"wp","href":"https:\/\/api.w.org\/{rel}","templated":true}]}}