{"id":1693,"date":"2020-10-23T23:10:05","date_gmt":"2020-10-23T21:10:05","guid":{"rendered":"https:\/\/wp.lindner.ch\/?page_id=1693"},"modified":"2021-08-31T09:10:06","modified_gmt":"2021-08-31T07:10:06","slug":"handstretchfolie-klima","status":"publish","type":"page","link":"https:\/\/www.lindner.ch\/de\/verpackungsmaterial\/stretchfolien\/handstretchfolie-klima\/","title":{"rendered":"Handstretchfolie Klima\/Lochfolie"},"content":{"rendered":"\n  <div class=\"banner has-hover banner_border_verpackung has-parallax\" id=\"banner-1556431033\">\n          <div class=\"banner-inner fill\">\n        <div class=\"banner-bg fill\" data-parallax=\"-3\" data-parallax-container=\".banner\" data-parallax-background>\n            <img loading=\"lazy\" decoding=\"async\" width=\"1494\" height=\"429\" src=\"https:\/\/www.lindner.ch\/wp-content\/uploads\/2022\/10\/Headerbild_Lindner-Suisse_Verpackung_emballages.jpg\" class=\"bg attachment-original size-original\" alt=\"\" \/>                                    \n                    <\/div>\n\t\t\n        <div class=\"banner-layers container\">\n            <div class=\"fill banner-link\"><\/div>            \n\n\n        <\/div>\n      <\/div>\n\n            \n<style>\n#banner-1556431033 {\n  padding-top: 300px;\n  background-color: rgb(41, 128, 185);\n}\n#banner-1556431033 .banner-bg img {\n  object-position: 26% 49%;\n}\n<\/style>\n  <\/div>\n\n\n\t<div id=\"gap-1169234831\" class=\"gap-element clearfix\" style=\"display:block; height:auto;\">\n\t\t\n<style>\n#gap-1169234831 {\n  padding-top: 30px;\n}\n<\/style>\n\t<\/div>\n\t\n<div class=\"row\"  id=\"row-970015231\">\n\n\t<div id=\"col-166522882\" class=\"col medium-3 small-12 large-3 col-divided\"  >\n\t\t\t\t<div class=\"col-inner\"  >\n\t\t\t\n\t\t\t\n<p><div class=\"menu-verpackung-container\"><ul id=\"menu-verpackung\" class=\"sb_navigation_verpackung\"><li id=\"menu-item-1651\" class=\"menu-item menu-item-type-post_type menu-item-object-page menu-item-1651\"><a href=\"https:\/\/www.lindner.ch\/de\/verpackungsmaterial\/\">Verpackungsmaterial<\/a><\/li>\n<li id=\"menu-item-1787\" class=\"menu-item menu-item-type-post_type menu-item-object-page menu-item-has-children menu-item-1787\"><a href=\"https:\/\/www.lindner.ch\/de\/verpackungsmaterial\/fuell-polstermaterial\/\">F\u00fcll- \/ Polstermaterial<\/a>\n<ul class=\"sub-menu\">\n\t<li id=\"menu-item-1788\" class=\"menu-item menu-item-type-post_type menu-item-object-page menu-item-1788\"><a href=\"https:\/\/www.lindner.ch\/de\/verpackungsmaterial\/fuell-polstermaterial\/caristar-verpackungschips\/\">Caristar Verpackungschips<\/a><\/li>\n\t<li id=\"menu-item-1790\" class=\"menu-item menu-item-type-post_type menu-item-object-page menu-item-1790\"><a href=\"https:\/\/www.lindner.ch\/de\/verpackungsmaterial\/fuell-polstermaterial\/winpack-verpackungschips\/\">Winpack Verpackungschips<\/a><\/li>\n\t<li id=\"menu-item-1791\" class=\"menu-item menu-item-type-post_type menu-item-object-page menu-item-1791\"><a href=\"https:\/\/www.lindner.ch\/de\/verpackungsmaterial\/fuell-polstermaterial\/s-pack-verpackungschips\/\">S-Pack Verpackungschips<\/a><\/li>\n<\/ul>\n<\/li>\n<li id=\"menu-item-1802\" class=\"menu-item menu-item-type-post_type menu-item-object-page menu-item-has-children menu-item-1802\"><a href=\"https:\/\/www.lindner.ch\/de\/verpackungsmaterial\/logistikholzwolle\/\">Logistikholzwolle<\/a>\n<ul class=\"sub-menu\">\n\t<li id=\"menu-item-1805\" class=\"menu-item menu-item-type-post_type menu-item-object-page menu-item-1805\"><a href=\"https:\/\/www.lindner.ch\/de\/verpackungsmaterial\/logistikholzwolle\/spediline-classic\/\">spediline classic<\/a><\/li>\n\t<li id=\"menu-item-1804\" class=\"menu-item menu-item-type-post_type menu-item-object-page menu-item-1804\"><a href=\"https:\/\/www.lindner.ch\/de\/verpackungsmaterial\/logistikholzwolle\/spediline-food\/\">spediline food<\/a><\/li>\n\t<li id=\"menu-item-1803\" class=\"menu-item menu-item-type-post_type menu-item-object-page menu-item-1803\"><a href=\"https:\/\/www.lindner.ch\/de\/verpackungsmaterial\/logistikholzwolle\/spediline-extra\/\">spediline extra<\/a><\/li>\n<\/ul>\n<\/li>\n<li id=\"menu-item-1793\" class=\"menu-item menu-item-type-post_type menu-item-object-page menu-item-has-children menu-item-1793\"><a href=\"https:\/\/www.lindner.ch\/de\/verpackungsmaterial\/stretchfolien\/\">Stretchfolien<\/a>\n<ul class=\"sub-menu\">\n\t<li id=\"menu-item-1799\" class=\"menu-item menu-item-type-post_type menu-item-object-page menu-item-1799\"><a href=\"https:\/\/www.lindner.ch\/de\/verpackungsmaterial\/stretchfolien\/buendelstretchfolie-perfect-stretch\/\">B\u00fcndelstretchfolie<\/a><\/li>\n\t<li id=\"menu-item-1797\" class=\"menu-item menu-item-type-post_type menu-item-object-page menu-item-1797\"><a href=\"https:\/\/www.lindner.ch\/de\/verpackungsmaterial\/stretchfolien\/handstretchfolie-perfect-stretch\/\">Handstretchfolie<\/a><\/li>\n\t<li id=\"menu-item-1795\" class=\"menu-item menu-item-type-post_type menu-item-object-page menu-item-1795\"><a href=\"https:\/\/www.lindner.ch\/de\/verpackungsmaterial\/stretchfolien\/handstretchfolie-klima\/\">Handstretchfolie Klima\/Lochfolie<\/a><\/li>\n\t<li id=\"menu-item-1794\" class=\"menu-item menu-item-type-post_type menu-item-object-page menu-item-1794\"><a href=\"https:\/\/www.lindner.ch\/de\/verpackungsmaterial\/stretchfolien\/maschinenstretchfolie\/\">Maschinenstretchfolie<\/a><\/li>\n<\/ul>\n<\/li>\n<li id=\"menu-item-1765\" class=\"menu-item menu-item-type-post_type menu-item-object-page menu-item-has-children menu-item-1765\"><a href=\"https:\/\/www.lindner.ch\/de\/verpackungsmaterial\/luftpolsterfolien\/\">Luftpolsterfolien<\/a>\n<ul class=\"sub-menu\">\n\t<li id=\"menu-item-1768\" class=\"menu-item menu-item-type-post_type menu-item-object-page menu-item-1768\"><a href=\"https:\/\/www.lindner.ch\/de\/verpackungsmaterial\/luftpolsterfolien\/luftpolsterfolie-2-lagig\/\">Luftpolsterfolie 2-lagig<\/a><\/li>\n\t<li id=\"menu-item-1769\" class=\"menu-item menu-item-type-post_type menu-item-object-page menu-item-1769\"><a href=\"https:\/\/www.lindner.ch\/de\/verpackungsmaterial\/luftpolsterfolien\/luftpolsterfolie-3-lagig\/\">Luftpolsterfolie 3-lagig<\/a><\/li>\n\t<li id=\"menu-item-1772\" class=\"menu-item menu-item-type-post_type menu-item-object-page menu-item-1772\"><a href=\"https:\/\/www.lindner.ch\/de\/verpackungsmaterial\/luftpolsterfolien\/luftpolsterfolie-kaschiert\/\">Luftpolsterfolie kaschiert<\/a><\/li>\n\t<li id=\"menu-item-1770\" class=\"menu-item menu-item-type-post_type menu-item-object-page menu-item-1770\"><a href=\"https:\/\/www.lindner.ch\/de\/verpackungsmaterial\/luftpolsterfolien\/luftpolsterfolie-antistatisch\/\">Luftpolsterfolie antistatisch<\/a><\/li>\n\t<li id=\"menu-item-1773\" class=\"menu-item menu-item-type-post_type menu-item-object-page menu-item-1773\"><a href=\"https:\/\/www.lindner.ch\/de\/verpackungsmaterial\/luftpolsterfolien\/luftpolsterfolie-selbstklebend\/\">Luftpolsterfolie selbstklebend<\/a><\/li>\n\t<li id=\"menu-item-1771\" class=\"menu-item menu-item-type-post_type menu-item-object-page menu-item-1771\"><a href=\"https:\/\/www.lindner.ch\/de\/verpackungsmaterial\/luftpolsterfolien\/luftpolsterfolie-beutel\/\">Luftpolsterfolie Beutel<\/a><\/li>\n\t<li id=\"menu-item-1767\" class=\"menu-item menu-item-type-post_type menu-item-object-page menu-item-1767\"><a href=\"https:\/\/www.lindner.ch\/de\/verpackungsmaterial\/luftpolsterfolien\/luftpolster-schlauchfolie\/\">Luftpolster Schlauchfolie<\/a><\/li>\n\t<li id=\"menu-item-1774\" class=\"menu-item menu-item-type-post_type menu-item-object-page menu-item-1774\"><a href=\"https:\/\/www.lindner.ch\/de\/verpackungsmaterial\/luftpolsterfolien\/luftpolsterfolie-zuschnitte\/\">Luftpolsterfolie Zuschnitte<\/a><\/li>\n\t<li id=\"menu-item-1785\" class=\"menu-item menu-item-type-post_type menu-item-object-page menu-item-1785\"><a href=\"https:\/\/www.lindner.ch\/de\/verpackungsmaterial\/luftpolsterfolien\/abrollstaender\/\">Abrollst\u00e4nder<\/a><\/li>\n<\/ul>\n<\/li>\n<li id=\"menu-item-1777\" class=\"menu-item menu-item-type-post_type menu-item-object-page menu-item-has-children menu-item-1777\"><a href=\"https:\/\/www.lindner.ch\/de\/verpackungsmaterial\/pe-schaumfolien\/\">PE-Schaumfolien<\/a>\n<ul class=\"sub-menu\">\n\t<li id=\"menu-item-1824\" class=\"menu-item menu-item-type-post_type menu-item-object-page menu-item-1824\"><a href=\"https:\/\/www.lindner.ch\/de\/verpackungsmaterial\/pe-schaumfolien\/pe-schaumfolie-rollen\/\">PE-Schaumfolie Rollen<\/a><\/li>\n\t<li id=\"menu-item-1823\" class=\"menu-item menu-item-type-post_type menu-item-object-page menu-item-1823\"><a href=\"https:\/\/www.lindner.ch\/de\/verpackungsmaterial\/pe-schaumfolien\/pe-schaumfolie-beutel\/\">PE-Schaumfolie Beutel<\/a><\/li>\n\t<li id=\"menu-item-1822\" class=\"menu-item menu-item-type-post_type menu-item-object-page menu-item-1822\"><a href=\"https:\/\/www.lindner.ch\/de\/verpackungsmaterial\/pe-schaumfolien\/pe-schaumfolie-zuschnitte\/\">PE-Schaumfolie Zuschnitte<\/a><\/li>\n\t<li id=\"menu-item-1821\" class=\"menu-item menu-item-type-post_type menu-item-object-page menu-item-1821\"><a href=\"https:\/\/www.lindner.ch\/de\/verpackungsmaterial\/pe-schaumfolien\/pe-schaum-schlauchfolie\/\">PE-Schaum Schlauchfolie<\/a><\/li>\n<\/ul>\n<\/li>\n<li id=\"menu-item-1776\" class=\"menu-item menu-item-type-post_type menu-item-object-page menu-item-1776\"><a href=\"https:\/\/www.lindner.ch\/de\/verpackungsmaterial\/pe-abdeckfolien\/\">Abdeckfolie\/Palettenzwischenlage<\/a><\/li>\n<li id=\"menu-item-1827\" class=\"menu-item menu-item-type-post_type menu-item-object-page menu-item-has-children menu-item-1827\"><a href=\"https:\/\/www.lindner.ch\/de\/verpackungsmaterial\/dokumententaschen\/\">Dokumententaschen<\/a>\n<ul class=\"sub-menu\">\n\t<li id=\"menu-item-1826\" class=\"menu-item menu-item-type-post_type menu-item-object-page menu-item-1826\"><a href=\"https:\/\/www.lindner.ch\/de\/verpackungsmaterial\/dokumententaschen\/dokumententasche-standard\/\">Dokumententasche Standard<\/a><\/li>\n\t<li id=\"menu-item-1825\" class=\"menu-item menu-item-type-post_type menu-item-object-page menu-item-1825\"><a href=\"https:\/\/www.lindner.ch\/de\/verpackungsmaterial\/dokumententaschen\/dokumententasche-bedruckt\/\">Dokumententasche bedruckt<\/a><\/li>\n<\/ul>\n<\/li>\n<li id=\"menu-item-1833\" class=\"menu-item menu-item-type-post_type menu-item-object-page menu-item-has-children menu-item-1833\"><a href=\"https:\/\/www.lindner.ch\/de\/verpackungsmaterial\/klebebaender-pvc-pp-biopack-860\/\">Klebeb\u00e4nder PVC \/ PP \/ Biopack 860<\/a>\n<ul class=\"sub-menu\">\n\t<li id=\"menu-item-4457\" class=\"menu-item menu-item-type-post_type menu-item-object-page menu-item-4457\"><a href=\"https:\/\/www.lindner.ch\/de\/verpackungsmaterial\/klebebaender-pvc-pp-biopack-860\/biopack-klebebaender\/\">Biopack-Klebeb\u00e4nder<\/a><\/li>\n\t<li id=\"menu-item-1829\" class=\"menu-item menu-item-type-post_type menu-item-object-page menu-item-1829\"><a href=\"https:\/\/www.lindner.ch\/de\/verpackungsmaterial\/klebebaender-pvc-pp-biopack-860\/pvc-klebeband\/\">PVC-Klebeband<\/a><\/li>\n\t<li id=\"menu-item-1830\" class=\"menu-item menu-item-type-post_type menu-item-object-page menu-item-1830\"><a href=\"https:\/\/www.lindner.ch\/de\/verpackungsmaterial\/klebebaender-pvc-pp-biopack-860\/pvc-schutzband\/\">PVC-Schutzband<\/a><\/li>\n\t<li id=\"menu-item-1831\" class=\"menu-item menu-item-type-post_type menu-item-object-page menu-item-1831\"><a href=\"https:\/\/www.lindner.ch\/de\/verpackungsmaterial\/klebebaender-pvc-pp-biopack-860\/pvc-spleissband\/\">PVC-Spleissband<\/a><\/li>\n\t<li id=\"menu-item-1828\" class=\"menu-item menu-item-type-post_type menu-item-object-page menu-item-1828\"><a href=\"https:\/\/www.lindner.ch\/de\/verpackungsmaterial\/klebebaender-pvc-pp-biopack-860\/pp-klebeband\/\">PP-Klebeband<\/a><\/li>\n\t<li id=\"menu-item-4681\" class=\"menu-item menu-item-type-post_type menu-item-object-page menu-item-4681\"><a href=\"https:\/\/www.lindner.ch\/de\/verpackungsmaterial\/klebebaender-pvc-pp-biopack-860\/pp-strapping-klebeband\/\">PP-Strapping-Klebeband<\/a><\/li>\n\t<li id=\"menu-item-1834\" class=\"menu-item menu-item-type-post_type menu-item-object-page menu-item-1834\"><a href=\"https:\/\/www.lindner.ch\/de\/verpackungsmaterial\/klebebaender-pvc-pp-biopack-860\/klebeband-bedruckt\/\">Klebeband bedruckt<\/a><\/li>\n<\/ul>\n<\/li>\n<li id=\"menu-item-1775\" class=\"menu-item menu-item-type-post_type menu-item-object-page menu-item-1775\"><a href=\"https:\/\/www.lindner.ch\/de\/verpackungsmaterial\/papier-nassklebeband\/\">Papier-Nass-\/Selbstklebeband<\/a><\/li>\n<li id=\"menu-item-1832\" class=\"menu-item menu-item-type-post_type menu-item-object-page menu-item-1832\"><a href=\"https:\/\/www.lindner.ch\/de\/verpackungsmaterial\/kantenschutz\/\">Kantenschutz<\/a><\/li>\n<li id=\"menu-item-1780\" class=\"menu-item menu-item-type-post_type menu-item-object-page menu-item-has-children menu-item-1780\"><a href=\"https:\/\/www.lindner.ch\/de\/verpackungsmaterial\/verpackungshilfsmaterial\/\">Verpackungshilfsmaterial<\/a>\n<ul class=\"sub-menu\">\n\t<li id=\"menu-item-2044\" class=\"menu-item menu-item-type-post_type menu-item-object-page menu-item-2044\"><a href=\"https:\/\/www.lindner.ch\/de\/verpackungsmaterial\/verpackungshilfsmaterial\/abroller-fuer-buendelstretchfolie\/\">Abroller f\u00fcr B\u00fcndelstretchfolie<\/a><\/li>\n\t<li id=\"menu-item-2039\" class=\"menu-item menu-item-type-post_type menu-item-object-page menu-item-2039\"><a href=\"https:\/\/www.lindner.ch\/de\/verpackungsmaterial\/verpackungshilfsmaterial\/ersatzhandgriff-set-handstretchfolie\/\">Ersatzhandgriffset Handstretchfolie<\/a><\/li>\n\t<li id=\"menu-item-1809\" class=\"menu-item menu-item-type-post_type menu-item-object-page menu-item-1809\"><a href=\"https:\/\/www.lindner.ch\/de\/verpackungsmaterial\/verpackungshilfsmaterial\/gleithuelsen-fuer-handstretchfolie\/\">Gleith\u00fclsen f\u00fcr Handstretchfolie<\/a><\/li>\n\t<li id=\"menu-item-2042\" class=\"menu-item menu-item-type-post_type menu-item-object-page menu-item-2042\"><a href=\"https:\/\/www.lindner.ch\/de\/verpackungsmaterial\/verpackungshilfsmaterial\/abroller-fuer-handstretchfolie\/\">Abroller f\u00fcr Handstretchfolie<\/a><\/li>\n\t<li id=\"menu-item-1810\" class=\"menu-item menu-item-type-post_type menu-item-object-page menu-item-1810\"><a href=\"https:\/\/www.lindner.ch\/de\/verpackungsmaterial\/verpackungshilfsmaterial\/handabroller-boxenschliesser\/\">Handabroller\/Boxenschliesser<\/a><\/li>\n\t<li id=\"menu-item-1811\" class=\"menu-item menu-item-type-post_type menu-item-object-page menu-item-1811\"><a href=\"https:\/\/www.lindner.ch\/de\/verpackungsmaterial\/verpackungshilfsmaterial\/abfuellvorrichtung-fuer-chips\/\">Abf\u00fcllvorrichtung f\u00fcr Chips<\/a><\/li>\n<\/ul>\n<\/li>\n<li id=\"menu-item-1781\" class=\"menu-item menu-item-type-post_type menu-item-object-page menu-item-has-children menu-item-1781\"><a href=\"https:\/\/www.lindner.ch\/de\/verpackungsmaterial\/verschlussklemmen-weloc\/\">Verschlussklemmen WeLoc\u00ae<\/a>\n<ul class=\"sub-menu\">\n\t<li id=\"menu-item-1784\" class=\"menu-item menu-item-type-post_type menu-item-object-page menu-item-1784\"><a href=\"https:\/\/www.lindner.ch\/de\/verpackungsmaterial\/verschlussklemmen-weloc\/weloc-standard\/\">WeLoc\u00ae Standard<\/a><\/li>\n\t<li id=\"menu-item-1783\" class=\"menu-item menu-item-type-post_type menu-item-object-page menu-item-1783\"><a href=\"https:\/\/www.lindner.ch\/de\/verpackungsmaterial\/verschlussklemmen-weloc\/weloc-individuell-bedruckt\/\">WeLoc\u00ae individuell bedruckt<\/a><\/li>\n\t<li id=\"menu-item-1782\" class=\"menu-item menu-item-type-post_type menu-item-object-page menu-item-1782\"><a href=\"https:\/\/www.lindner.ch\/de\/verpackungsmaterial\/verschlussklemmen-weloc\/weloc-care\/\">WeLoc\u00ae Care<\/a><\/li>\n<\/ul>\n<\/li>\n<li id=\"menu-item-8604\" class=\"menu-item menu-item-type-post_type menu-item-object-page menu-item-8604\"><a href=\"https:\/\/www.lindner.ch\/de\/verpackungsmaterial\/warensicherung-palettensicherung-attaloc\/\">Warensicherung attaloc<\/a><\/li>\n<li id=\"menu-item-3255\" class=\"menu-item menu-item-type-post_type menu-item-object-page menu-item-3255\"><a href=\"https:\/\/www.lindner.ch\/de\/verpackungsmaterial\/ausstellungen-messen\/\">Ausstellungen\/Messen<\/a><\/li>\n<\/ul><\/div><\/p>\n\t\t<\/div>\n\t\t\t\t\t<\/div>\n\n\t\n\n\t<div id=\"col-1635036427\" class=\"col medium-9 small-12 large-9\"  >\n\t\t\t\t<div class=\"col-inner\"  >\n\t\t\t\n\t\t\t\n<div class=\"row\"  id=\"row-665313261\">\n\n\t<div id=\"col-1931688152\" class=\"col medium-9 small-12 large-9\"  >\n\t\t\t\t<div class=\"col-inner\"  >\n\t\t\t\n\t\t\t\n<div class=\"col-sm-12\">\n<h1>Handstretchfolie Klima<\/h1>\n<\/div>\n<div class=\"col-sm-9\">\n<p>Die Klimafolie\/Lochfolie \u2013 speziell entwickelt f\u00fcr Frischprodukte. In vielen Branchen war die Verpackung von Frischprodukten bis heute ein Problem. Herk\u00f6mmliche Folien verz\u00f6gerten den Abk\u00fchlungsprozess bei heiss abgef\u00fcllten Waren und sorgten f\u00fcr die Entstehung von Kondenswasser. Bei Produkten wie Blumen und Pflanzen war die wichtige Luftzirkulation w\u00e4hrend des Transports nur mangelhaft sichergestellt. <a href=\"https:\/\/www.lindner.ch\/files\/content\/Downloads_Produktinformationen\/Klimastretchfolie_2018.pdf\">(Produktinformationen)<\/a><\/p>\n<\/div>\n\t\t<\/div>\n\t\t\t\t\t<\/div>\n\n\t\n\n\t<div id=\"col-1811277081\" class=\"col medium-3 small-12 large-3\"  >\n\t\t\t\t<div class=\"col-inner\"  >\n\t\t\t\n\t\t\t\n\t<div class=\"img has-hover x md-x lg-x y md-y lg-y\" id=\"image_1839714870\">\n\t\t<a class=\"image-lightbox lightbox-gallery\" title=\"\" href=\"https:\/\/www.lindner.ch\/wp-content\/uploads\/2020\/12\/Klimafolie_Lochfolie_Super_Power_Stretchfolie_Lindner-Suisse.jpg\">\t\t\t\t\t\t<div class=\"img-inner box-shadow-1 dark\" >\n\t\t\t<img loading=\"lazy\" decoding=\"async\" width=\"1000\" height=\"667\" src=\"https:\/\/www.lindner.ch\/wp-content\/uploads\/2020\/12\/Klimafolie_Lochfolie_Super_Power_Stretchfolie_Lindner-Suisse.jpg\" class=\"attachment-large size-large\" alt=\"\" srcset=\"https:\/\/www.lindner.ch\/wp-content\/uploads\/2020\/12\/Klimafolie_Lochfolie_Super_Power_Stretchfolie_Lindner-Suisse.jpg 1000w, https:\/\/www.lindner.ch\/wp-content\/uploads\/2020\/12\/Klimafolie_Lochfolie_Super_Power_Stretchfolie_Lindner-Suisse-300x200.jpg 300w, https:\/\/www.lindner.ch\/wp-content\/uploads\/2020\/12\/Klimafolie_Lochfolie_Super_Power_Stretchfolie_Lindner-Suisse-768x512.jpg 768w\" sizes=\"auto, (max-width: 1000px) 100vw, 1000px\" \/>\t\t\t\t\t\t\n\t\t\t\t\t<\/div>\n\t\t\t\t\t\t<\/a>\t\t\n<style>\n#image_1839714870 {\n  width: 100%;\n}\n<\/style>\n\t<\/div>\n\t\n\t\t<\/div>\n\t\t\t\t\t<\/div>\n\n\t\n\n\t<div id=\"col-958369777\" class=\"col small-12 large-12\"  >\n\t\t\t\t<div class=\"col-inner\"  >\n\t\t\t\n\t\t\t\n\t<div id=\"gap-1355523704\" class=\"gap-element clearfix\" style=\"display:block; height:auto;\">\n\t\t\n<style>\n#gap-1355523704 {\n  padding-top: 30px;\n}\n<\/style>\n\t<\/div>\n\t\n\n<div class=\"row\"  id=\"row-1002687238\">\n\n\n\t<div id=\"col-1576342652\" class=\"col small-12 large-12\"  >\n\t\t\t\t<div class=\"col-inner\"  >\n\t\t\t\n\t\t\t\n\n<h2>Jetzt individuelles Angebot anfordern<\/h2>\n\n\t\t<\/div>\n\t\t\t\t\t<\/div>\n\n\t\n\n\t<div id=\"col-859535956\" class=\"col medium-5 small-12 large-5\"  >\n\t\t\t\t<div class=\"col-inner\"  >\n\t\t\t\n\t\t\t\n\n\n<div class=\"wpcf7 no-js\" id=\"wpcf7-f894-o1\" lang=\"de-DE\" dir=\"ltr\" data-wpcf7-id=\"894\">\n<div class=\"screen-reader-response\"><p role=\"status\" aria-live=\"polite\" aria-atomic=\"true\"><\/p> <ul><\/ul><\/div>\n<form action=\"\/de\/wp-json\/wp\/v2\/pages\/1693#wpcf7-f894-o1\" method=\"post\" class=\"wpcf7-form init\" aria-label=\"Kontaktformular\" novalidate=\"novalidate\" data-status=\"init\">\n<fieldset class=\"hidden-fields-container\"><input type=\"hidden\" name=\"_wpcf7\" value=\"894\" \/><input type=\"hidden\" name=\"_wpcf7_version\" value=\"6.1.5\" \/><input type=\"hidden\" name=\"_wpcf7_locale\" value=\"de_DE_formal\" \/><input type=\"hidden\" name=\"_wpcf7_unit_tag\" value=\"wpcf7-f894-o1\" \/><input type=\"hidden\" name=\"_wpcf7_container_post\" value=\"0\" \/><input type=\"hidden\" name=\"_wpcf7_posted_data_hash\" value=\"\" \/><input type=\"hidden\" name=\"_wpcf7_recaptcha_response\" value=\"\" \/>\n<\/fieldset>\n<p><span class=\"wpcf7-form-control-wrap\" data-name=\"your-name\"><input size=\"40\" maxlength=\"400\" class=\"wpcf7-form-control wpcf7-text wpcf7-validates-as-required\" aria-required=\"true\" aria-invalid=\"false\" placeholder=\"Vorname \/ Nachname*\" value=\"\" type=\"text\" name=\"your-name\" \/><\/span><br \/>\n<span class=\"wpcf7-form-control-wrap\" data-name=\"firma\"><input size=\"40\" maxlength=\"400\" class=\"wpcf7-form-control wpcf7-text\" aria-invalid=\"false\" placeholder=\"Firma\" value=\"\" type=\"text\" name=\"firma\" \/><\/span><br \/>\n<span class=\"wpcf7-form-control-wrap\" data-name=\"strasse\"><input size=\"40\" maxlength=\"400\" class=\"wpcf7-form-control wpcf7-text\" aria-invalid=\"false\" placeholder=\"Strasse\" value=\"\" type=\"text\" name=\"strasse\" \/><\/span><br \/>\n<span class=\"wpcf7-form-control-wrap\" data-name=\"plzort\"><input size=\"40\" maxlength=\"400\" class=\"wpcf7-form-control wpcf7-text\" aria-invalid=\"false\" placeholder=\"PLZ \/ ORT\" value=\"\" type=\"text\" name=\"plzort\" \/><\/span><br \/>\n<span class=\"wpcf7-form-control-wrap\" data-name=\"your-email\"><input size=\"40\" maxlength=\"400\" class=\"wpcf7-form-control wpcf7-email wpcf7-validates-as-required wpcf7-text wpcf7-validates-as-email\" aria-required=\"true\" aria-invalid=\"false\" placeholder=\"E-Mail\" value=\"\" type=\"email\" name=\"your-email\" \/><\/span><br \/>\n<span class=\"wpcf7-form-control-wrap\" data-name=\"telefon\"><input size=\"40\" maxlength=\"400\" class=\"wpcf7-form-control wpcf7-tel wpcf7-text wpcf7-validates-as-tel\" aria-invalid=\"false\" placeholder=\"Telefon\" value=\"\" type=\"tel\" name=\"telefon\" \/><\/span><br \/>\n<span class=\"wpcf7-form-control-wrap\" data-name=\"your-message\"><textarea cols=\"40\" rows=\"10\" maxlength=\"2000\" class=\"wpcf7-form-control wpcf7-textarea\" aria-invalid=\"false\" placeholder=\"Nachricht\" name=\"your-message\"><\/textarea><\/span>\n<\/p>\n<p><input class=\"wpcf7-form-control wpcf7-submit has-spinner\" type=\"submit\" value=\"absenden\" \/>\n<\/p><div class=\"wpcf7-response-output\" aria-hidden=\"true\"><\/div>\n<\/form>\n<\/div>\n\n\n\t<div id=\"text-1856871017\" class=\"text\">\n\t\t\n\nThis site is protected by reCAPTCHA and the Google<a href=\"https:\/\/policies.google.com\/privacy\" target=\"_blank\" rel=\"noopener\">Privacy Policy<\/a> and<a href=\"https:\/\/policies.google.com\/terms\" target=\"_blank\" rel=\"noopener\">Terms of Service<\/a> apply.\n\t\t\n<style>\n#text-1856871017 {\n  font-size: 0.75rem;\n}\n<\/style>\n\t<\/div>\n\t\n\n\t\t<\/div>\n\t\t\t\t\t<\/div>\n\n\t\n\n\t<div id=\"col-549125706\" class=\"col medium-1 small-12 large-1\"  >\n\t\t\t\t<div class=\"col-inner\"  >\n\t\t\t\n\t\t\t\n\n\n\t\t<\/div>\n\t\t\t\t\t<\/div>\n\n\t\n\n\t<div id=\"col-824846475\" class=\"col medium-5 small-12 large-5\"  >\n\t\t\t\t<div class=\"col-inner\"  >\n\t\t\t\n\t\t\t\n\n<a href=\"tel:+41719876151\" class=\"button primary is-xlarge\" >\n\t<i class=\"icon-phone\" aria-hidden=\"true\"><\/i>\t<span>+41 (0) 71 987 61 51<\/span>\n\t<\/a>\n\n\n<p>Mo bis Do: 07:30-12:00 Uhr \/ 13:30-17:15 Uhr<br \/>\nFr: 07:30-12:00 Uhr \/ 13:30-16:30 Uhr<\/p>\n\t<div id=\"gap-1084647272\" class=\"gap-element clearfix\" style=\"display:block; height:auto;\">\n\t\t\n<style>\n#gap-1084647272 {\n  padding-top: 30px;\n}\n<\/style>\n\t<\/div>\n\t\n\n<div class=\"row align-middle\"  id=\"row-1819882674\">\n\n\n\t<div id=\"col-874470205\" class=\"col medium-4 small-12 large-4\"  >\n\t\t\t\t<div class=\"col-inner\"  >\n\t\t\t\n\t\t\t\n\n\t<div class=\"img has-hover x md-x lg-x y md-y lg-y\" id=\"image_245969124\">\n\t\t\t\t\t\t\t\t<div class=\"img-inner dark\" >\n\t\t\t<img loading=\"lazy\" decoding=\"async\" width=\"996\" height=\"1024\" src=\"https:\/\/www.lindner.ch\/wp-content\/uploads\/2022\/04\/Anouchka_Lindner_Suisse-996x1024.jpg\" class=\"attachment-large size-large\" alt=\"\" srcset=\"https:\/\/www.lindner.ch\/wp-content\/uploads\/2022\/04\/Anouchka_Lindner_Suisse-996x1024.jpg 996w, https:\/\/www.lindner.ch\/wp-content\/uploads\/2022\/04\/Anouchka_Lindner_Suisse-292x300.jpg 292w, https:\/\/www.lindner.ch\/wp-content\/uploads\/2022\/04\/Anouchka_Lindner_Suisse-768x790.jpg 768w, https:\/\/www.lindner.ch\/wp-content\/uploads\/2022\/04\/Anouchka_Lindner_Suisse.jpg 1000w\" sizes=\"auto, (max-width: 996px) 100vw, 996px\" \/>\t\t\t\t\t\t\n\t\t\t\t\t<\/div>\n\t\t\t\t\t\t\t\t\n<style>\n#image_245969124 {\n  width: 100%;\n}\n<\/style>\n\t<\/div>\n\t\n\n\n\t\t<\/div>\n\t\t\t\t\t<\/div>\n\n\t\n\n\t<div id=\"col-1251158374\" class=\"col medium-6 small-12 large-6\"  >\n\t\t\t\t<div class=\"col-inner\"  >\n\t\t\t\n\t\t\t\n\n<h3>Anouchka Lan Kam<\/h3>\n<p>Verkaufsberaterin<\/p>\n\n\t\t<\/div>\n\t\t\t\t\t<\/div>\n\n\t\n\n<\/div>\n<div class=\"row align-middle\"  id=\"row-1938401195\">\n\n\n\t<div id=\"col-66454681\" class=\"col medium-4 small-12 large-4\"  >\n\t\t\t\t<div class=\"col-inner\"  >\n\t\t\t\n\t\t\t\n\n\n\t\t<\/div>\n\t\t\t\t\t<\/div>\n\n\t\n\n\t<div id=\"col-64347909\" class=\"col medium-6 small-12 large-6\"  >\n\t\t\t\t<div class=\"col-inner\"  >\n\t\t\t\n\t\t\t\n\n\n\t\t<\/div>\n\t\t\t\t\t<\/div>\n\n\t\n\n<\/div>\n<div class=\"row align-middle\"  id=\"row-1132063473\">\n\n\n<\/div>\n<div class=\"row align-middle\"  id=\"row-951746902\">\n\n\n\t<div id=\"col-891319280\" class=\"col medium-4 small-12 large-4\"  >\n\t\t\t\t<div class=\"col-inner\"  >\n\t\t\t\n\t\t\t\n\n\n\t\t<\/div>\n\t\t\t\t\t<\/div>\n\n\t\n\n\t<div id=\"col-1279820554\" class=\"col medium-6 small-12 large-6\"  >\n\t\t\t\t<div class=\"col-inner\"  >\n\t\t\t\n\t\t\t\n\n\n\t\t<\/div>\n\t\t\t\t\t<\/div>\n\n\t\n\n<\/div>\n\n\t\t<\/div>\n\t\t\t\t\t<\/div>\n\n\t\n\n<\/div>\n\t\t<\/div>\n\t\t\t\t\t<\/div>\n\n\t\n<\/div>\n\t\t<\/div>\n\t\t\t\t\t<\/div>\n\n\t\n<\/div>\n","protected":false},"excerpt":{"rendered":"","protected":false},"author":2,"featured_media":0,"parent":1681,"menu_order":0,"comment_status":"closed","ping_status":"closed","template":"","meta":{"inline_featured_image":false,"footnotes":""},"class_list":["post-1693","page","type-page","status-publish","hentry"],"_links":{"self":[{"href":"https:\/\/www.lindner.ch\/de\/wp-json\/wp\/v2\/pages\/1693","targetHints":{"allow":["GET"]}}],"collection":[{"href":"https:\/\/www.lindner.ch\/de\/wp-json\/wp\/v2\/pages"}],"about":[{"href":"https:\/\/www.lindner.ch\/de\/wp-json\/wp\/v2\/types\/page"}],"author":[{"embeddable":true,"href":"https:\/\/www.lindner.ch\/de\/wp-json\/wp\/v2\/users\/2"}],"replies":[{"embeddable":true,"href":"https:\/\/www.lindner.ch\/de\/wp-json\/wp\/v2\/comments?post=1693"}],"version-history":[{"count":5,"href":"https:\/\/www.lindner.ch\/de\/wp-json\/wp\/v2\/pages\/1693\/revisions"}],"predecessor-version":[{"id":5382,"href":"https:\/\/www.lindner.ch\/de\/wp-json\/wp\/v2\/pages\/1693\/revisions\/5382"}],"up":[{"embeddable":true,"href":"https:\/\/www.lindner.ch\/de\/wp-json\/wp\/v2\/pages\/1681"}],"wp:attachment":[{"href":"https:\/\/www.lindner.ch\/de\/wp-json\/wp\/v2\/media?parent=1693"}],"curies":[{"name":"wp","href":"https:\/\/api.w.org\/{rel}","templated":true}]}}