{"id":1709,"date":"2020-10-23T23:22:51","date_gmt":"2020-10-23T21:22:51","guid":{"rendered":"https:\/\/wp.lindner.ch\/?page_id=1709"},"modified":"2024-03-05T16:55:59","modified_gmt":"2024-03-05T15:55:59","slug":"klebebaender-pvc-pp-biopack-860","status":"publish","type":"page","link":"https:\/\/www.lindner.ch\/de\/verpackungsmaterial\/klebebaender-pvc-pp-biopack-860\/","title":{"rendered":"Klebeb\u00e4nder PVC \/ PP \/ Biopack 860"},"content":{"rendered":"\n  <div class=\"banner has-hover banner_border_verpackung has-parallax\" id=\"banner-288383865\">\n          <div class=\"banner-inner fill\">\n        <div class=\"banner-bg fill\" data-parallax=\"-3\" data-parallax-container=\".banner\" data-parallax-background>\n            <img loading=\"lazy\" decoding=\"async\" width=\"1494\" height=\"429\" src=\"https:\/\/www.lindner.ch\/wp-content\/uploads\/2022\/10\/Headerbild_Lindner-Suisse_Verpackung_emballages.jpg\" class=\"bg attachment-original size-original\" alt=\"\" \/>                                    \n                    <\/div>\n\t\t\n        <div class=\"banner-layers container\">\n            <div class=\"fill banner-link\"><\/div>            \n\n\n        <\/div>\n      <\/div>\n\n            \n<style>\n#banner-288383865 {\n  padding-top: 300px;\n  background-color: rgb(41, 128, 185);\n}\n#banner-288383865 .banner-bg img {\n  object-position: 26% 49%;\n}\n<\/style>\n  <\/div>\n\n\n\t<div id=\"gap-1919785867\" class=\"gap-element clearfix\" style=\"display:block; height:auto;\">\n\t\t\n<style>\n#gap-1919785867 {\n  padding-top: 30px;\n}\n<\/style>\n\t<\/div>\n\t\n<div class=\"row\"  id=\"row-176394111\">\n\n\t<div id=\"col-2025194915\" class=\"col medium-3 small-12 large-3 col-divided\"  >\n\t\t\t\t<div class=\"col-inner\"  >\n\t\t\t\n\t\t\t\n<p><div class=\"menu-verpackung-container\"><ul id=\"menu-verpackung\" class=\"sb_navigation_verpackung\"><li id=\"menu-item-1651\" class=\"menu-item menu-item-type-post_type menu-item-object-page menu-item-1651\"><a href=\"https:\/\/www.lindner.ch\/de\/verpackungsmaterial\/\">Verpackungsmaterial<\/a><\/li>\n<li id=\"menu-item-1787\" class=\"menu-item menu-item-type-post_type menu-item-object-page menu-item-has-children menu-item-1787\"><a href=\"https:\/\/www.lindner.ch\/de\/verpackungsmaterial\/fuell-polstermaterial\/\">F\u00fcll- \/ Polstermaterial<\/a>\n<ul class=\"sub-menu\">\n\t<li id=\"menu-item-1788\" class=\"menu-item menu-item-type-post_type menu-item-object-page menu-item-1788\"><a href=\"https:\/\/www.lindner.ch\/de\/verpackungsmaterial\/fuell-polstermaterial\/caristar-verpackungschips\/\">Caristar Verpackungschips<\/a><\/li>\n\t<li id=\"menu-item-1790\" class=\"menu-item menu-item-type-post_type menu-item-object-page menu-item-1790\"><a href=\"https:\/\/www.lindner.ch\/de\/verpackungsmaterial\/fuell-polstermaterial\/winpack-verpackungschips\/\">Winpack Verpackungschips<\/a><\/li>\n\t<li id=\"menu-item-1791\" class=\"menu-item menu-item-type-post_type menu-item-object-page menu-item-1791\"><a href=\"https:\/\/www.lindner.ch\/de\/verpackungsmaterial\/fuell-polstermaterial\/s-pack-verpackungschips\/\">S-Pack Verpackungschips<\/a><\/li>\n<\/ul>\n<\/li>\n<li id=\"menu-item-1802\" class=\"menu-item menu-item-type-post_type menu-item-object-page menu-item-has-children menu-item-1802\"><a href=\"https:\/\/www.lindner.ch\/de\/verpackungsmaterial\/logistikholzwolle\/\">Logistikholzwolle<\/a>\n<ul class=\"sub-menu\">\n\t<li id=\"menu-item-1805\" class=\"menu-item menu-item-type-post_type menu-item-object-page menu-item-1805\"><a href=\"https:\/\/www.lindner.ch\/de\/verpackungsmaterial\/logistikholzwolle\/spediline-classic\/\">spediline classic<\/a><\/li>\n\t<li id=\"menu-item-1804\" class=\"menu-item menu-item-type-post_type menu-item-object-page menu-item-1804\"><a href=\"https:\/\/www.lindner.ch\/de\/verpackungsmaterial\/logistikholzwolle\/spediline-food\/\">spediline food<\/a><\/li>\n\t<li id=\"menu-item-1803\" class=\"menu-item menu-item-type-post_type menu-item-object-page menu-item-1803\"><a href=\"https:\/\/www.lindner.ch\/de\/verpackungsmaterial\/logistikholzwolle\/spediline-extra\/\">spediline extra<\/a><\/li>\n<\/ul>\n<\/li>\n<li id=\"menu-item-1793\" class=\"menu-item menu-item-type-post_type menu-item-object-page menu-item-has-children menu-item-1793\"><a href=\"https:\/\/www.lindner.ch\/de\/verpackungsmaterial\/stretchfolien\/\">Stretchfolien<\/a>\n<ul class=\"sub-menu\">\n\t<li id=\"menu-item-1799\" class=\"menu-item menu-item-type-post_type menu-item-object-page menu-item-1799\"><a href=\"https:\/\/www.lindner.ch\/de\/verpackungsmaterial\/stretchfolien\/buendelstretchfolie-perfect-stretch\/\">B\u00fcndelstretchfolie<\/a><\/li>\n\t<li id=\"menu-item-1797\" class=\"menu-item menu-item-type-post_type menu-item-object-page menu-item-1797\"><a href=\"https:\/\/www.lindner.ch\/de\/verpackungsmaterial\/stretchfolien\/handstretchfolie-perfect-stretch\/\">Handstretchfolie<\/a><\/li>\n\t<li id=\"menu-item-1795\" class=\"menu-item menu-item-type-post_type menu-item-object-page menu-item-1795\"><a href=\"https:\/\/www.lindner.ch\/de\/verpackungsmaterial\/stretchfolien\/handstretchfolie-klima\/\">Handstretchfolie Klima\/Lochfolie<\/a><\/li>\n\t<li id=\"menu-item-1794\" class=\"menu-item menu-item-type-post_type menu-item-object-page menu-item-1794\"><a href=\"https:\/\/www.lindner.ch\/de\/verpackungsmaterial\/stretchfolien\/maschinenstretchfolie\/\">Maschinenstretchfolie<\/a><\/li>\n<\/ul>\n<\/li>\n<li id=\"menu-item-1765\" class=\"menu-item menu-item-type-post_type menu-item-object-page menu-item-has-children menu-item-1765\"><a href=\"https:\/\/www.lindner.ch\/de\/verpackungsmaterial\/luftpolsterfolien\/\">Luftpolsterfolien<\/a>\n<ul class=\"sub-menu\">\n\t<li id=\"menu-item-1768\" class=\"menu-item menu-item-type-post_type menu-item-object-page menu-item-1768\"><a href=\"https:\/\/www.lindner.ch\/de\/verpackungsmaterial\/luftpolsterfolien\/luftpolsterfolie-2-lagig\/\">Luftpolsterfolie 2-lagig<\/a><\/li>\n\t<li id=\"menu-item-1769\" class=\"menu-item menu-item-type-post_type menu-item-object-page menu-item-1769\"><a href=\"https:\/\/www.lindner.ch\/de\/verpackungsmaterial\/luftpolsterfolien\/luftpolsterfolie-3-lagig\/\">Luftpolsterfolie 3-lagig<\/a><\/li>\n\t<li id=\"menu-item-1772\" class=\"menu-item menu-item-type-post_type menu-item-object-page menu-item-1772\"><a href=\"https:\/\/www.lindner.ch\/de\/verpackungsmaterial\/luftpolsterfolien\/luftpolsterfolie-kaschiert\/\">Luftpolsterfolie kaschiert<\/a><\/li>\n\t<li id=\"menu-item-1770\" class=\"menu-item menu-item-type-post_type menu-item-object-page menu-item-1770\"><a href=\"https:\/\/www.lindner.ch\/de\/verpackungsmaterial\/luftpolsterfolien\/luftpolsterfolie-antistatisch\/\">Luftpolsterfolie antistatisch<\/a><\/li>\n\t<li id=\"menu-item-1773\" class=\"menu-item menu-item-type-post_type menu-item-object-page menu-item-1773\"><a href=\"https:\/\/www.lindner.ch\/de\/verpackungsmaterial\/luftpolsterfolien\/luftpolsterfolie-selbstklebend\/\">Luftpolsterfolie selbstklebend<\/a><\/li>\n\t<li id=\"menu-item-1771\" class=\"menu-item menu-item-type-post_type menu-item-object-page menu-item-1771\"><a href=\"https:\/\/www.lindner.ch\/de\/verpackungsmaterial\/luftpolsterfolien\/luftpolsterfolie-beutel\/\">Luftpolsterfolie Beutel<\/a><\/li>\n\t<li id=\"menu-item-1767\" class=\"menu-item menu-item-type-post_type menu-item-object-page menu-item-1767\"><a href=\"https:\/\/www.lindner.ch\/de\/verpackungsmaterial\/luftpolsterfolien\/luftpolster-schlauchfolie\/\">Luftpolster Schlauchfolie<\/a><\/li>\n\t<li id=\"menu-item-1774\" class=\"menu-item menu-item-type-post_type menu-item-object-page menu-item-1774\"><a href=\"https:\/\/www.lindner.ch\/de\/verpackungsmaterial\/luftpolsterfolien\/luftpolsterfolie-zuschnitte\/\">Luftpolsterfolie Zuschnitte<\/a><\/li>\n\t<li id=\"menu-item-1785\" class=\"menu-item menu-item-type-post_type menu-item-object-page menu-item-1785\"><a href=\"https:\/\/www.lindner.ch\/de\/verpackungsmaterial\/luftpolsterfolien\/abrollstaender\/\">Abrollst\u00e4nder<\/a><\/li>\n<\/ul>\n<\/li>\n<li id=\"menu-item-1777\" class=\"menu-item menu-item-type-post_type menu-item-object-page menu-item-has-children menu-item-1777\"><a href=\"https:\/\/www.lindner.ch\/de\/verpackungsmaterial\/pe-schaumfolien\/\">PE-Schaumfolien<\/a>\n<ul class=\"sub-menu\">\n\t<li id=\"menu-item-1824\" class=\"menu-item menu-item-type-post_type menu-item-object-page menu-item-1824\"><a href=\"https:\/\/www.lindner.ch\/de\/verpackungsmaterial\/pe-schaumfolien\/pe-schaumfolie-rollen\/\">PE-Schaumfolie Rollen<\/a><\/li>\n\t<li id=\"menu-item-1823\" class=\"menu-item menu-item-type-post_type menu-item-object-page menu-item-1823\"><a href=\"https:\/\/www.lindner.ch\/de\/verpackungsmaterial\/pe-schaumfolien\/pe-schaumfolie-beutel\/\">PE-Schaumfolie Beutel<\/a><\/li>\n\t<li id=\"menu-item-1822\" class=\"menu-item menu-item-type-post_type menu-item-object-page menu-item-1822\"><a href=\"https:\/\/www.lindner.ch\/de\/verpackungsmaterial\/pe-schaumfolien\/pe-schaumfolie-zuschnitte\/\">PE-Schaumfolie Zuschnitte<\/a><\/li>\n\t<li id=\"menu-item-1821\" class=\"menu-item menu-item-type-post_type menu-item-object-page menu-item-1821\"><a href=\"https:\/\/www.lindner.ch\/de\/verpackungsmaterial\/pe-schaumfolien\/pe-schaum-schlauchfolie\/\">PE-Schaum Schlauchfolie<\/a><\/li>\n<\/ul>\n<\/li>\n<li id=\"menu-item-1776\" class=\"menu-item menu-item-type-post_type menu-item-object-page menu-item-1776\"><a href=\"https:\/\/www.lindner.ch\/de\/verpackungsmaterial\/pe-abdeckfolien\/\">Abdeckfolie\/Palettenzwischenlage<\/a><\/li>\n<li id=\"menu-item-1827\" class=\"menu-item menu-item-type-post_type menu-item-object-page menu-item-has-children menu-item-1827\"><a href=\"https:\/\/www.lindner.ch\/de\/verpackungsmaterial\/dokumententaschen\/\">Dokumententaschen<\/a>\n<ul class=\"sub-menu\">\n\t<li id=\"menu-item-1826\" class=\"menu-item menu-item-type-post_type menu-item-object-page menu-item-1826\"><a href=\"https:\/\/www.lindner.ch\/de\/verpackungsmaterial\/dokumententaschen\/dokumententasche-standard\/\">Dokumententasche Standard<\/a><\/li>\n\t<li id=\"menu-item-1825\" class=\"menu-item menu-item-type-post_type menu-item-object-page menu-item-1825\"><a href=\"https:\/\/www.lindner.ch\/de\/verpackungsmaterial\/dokumententaschen\/dokumententasche-bedruckt\/\">Dokumententasche bedruckt<\/a><\/li>\n<\/ul>\n<\/li>\n<li id=\"menu-item-1833\" class=\"menu-item menu-item-type-post_type menu-item-object-page menu-item-has-children menu-item-1833\"><a href=\"https:\/\/www.lindner.ch\/de\/verpackungsmaterial\/klebebaender-pvc-pp-biopack-860\/\">Klebeb\u00e4nder PVC \/ PP \/ Biopack 860<\/a>\n<ul class=\"sub-menu\">\n\t<li id=\"menu-item-4457\" class=\"menu-item menu-item-type-post_type menu-item-object-page menu-item-4457\"><a href=\"https:\/\/www.lindner.ch\/de\/verpackungsmaterial\/klebebaender-pvc-pp-biopack-860\/biopack-klebebaender\/\">Biopack-Klebeb\u00e4nder<\/a><\/li>\n\t<li id=\"menu-item-1829\" class=\"menu-item menu-item-type-post_type menu-item-object-page menu-item-1829\"><a href=\"https:\/\/www.lindner.ch\/de\/verpackungsmaterial\/klebebaender-pvc-pp-biopack-860\/pvc-klebeband\/\">PVC-Klebeband<\/a><\/li>\n\t<li id=\"menu-item-1830\" class=\"menu-item menu-item-type-post_type menu-item-object-page menu-item-1830\"><a href=\"https:\/\/www.lindner.ch\/de\/verpackungsmaterial\/klebebaender-pvc-pp-biopack-860\/pvc-schutzband\/\">PVC-Schutzband<\/a><\/li>\n\t<li id=\"menu-item-1831\" class=\"menu-item menu-item-type-post_type menu-item-object-page menu-item-1831\"><a href=\"https:\/\/www.lindner.ch\/de\/verpackungsmaterial\/klebebaender-pvc-pp-biopack-860\/pvc-spleissband\/\">PVC-Spleissband<\/a><\/li>\n\t<li id=\"menu-item-1828\" class=\"menu-item menu-item-type-post_type menu-item-object-page menu-item-1828\"><a href=\"https:\/\/www.lindner.ch\/de\/verpackungsmaterial\/klebebaender-pvc-pp-biopack-860\/pp-klebeband\/\">PP-Klebeband<\/a><\/li>\n\t<li id=\"menu-item-4681\" class=\"menu-item menu-item-type-post_type menu-item-object-page menu-item-4681\"><a href=\"https:\/\/www.lindner.ch\/de\/verpackungsmaterial\/klebebaender-pvc-pp-biopack-860\/pp-strapping-klebeband\/\">PP-Strapping-Klebeband<\/a><\/li>\n\t<li id=\"menu-item-1834\" class=\"menu-item menu-item-type-post_type menu-item-object-page menu-item-1834\"><a href=\"https:\/\/www.lindner.ch\/de\/verpackungsmaterial\/klebebaender-pvc-pp-biopack-860\/klebeband-bedruckt\/\">Klebeband bedruckt<\/a><\/li>\n<\/ul>\n<\/li>\n<li id=\"menu-item-1775\" class=\"menu-item menu-item-type-post_type menu-item-object-page menu-item-1775\"><a href=\"https:\/\/www.lindner.ch\/de\/verpackungsmaterial\/papier-nassklebeband\/\">Papier-Nass-\/Selbstklebeband<\/a><\/li>\n<li id=\"menu-item-1832\" class=\"menu-item menu-item-type-post_type menu-item-object-page menu-item-1832\"><a href=\"https:\/\/www.lindner.ch\/de\/verpackungsmaterial\/kantenschutz\/\">Kantenschutz<\/a><\/li>\n<li id=\"menu-item-1780\" class=\"menu-item menu-item-type-post_type menu-item-object-page menu-item-has-children menu-item-1780\"><a href=\"https:\/\/www.lindner.ch\/de\/verpackungsmaterial\/verpackungshilfsmaterial\/\">Verpackungshilfsmaterial<\/a>\n<ul class=\"sub-menu\">\n\t<li id=\"menu-item-2044\" class=\"menu-item menu-item-type-post_type menu-item-object-page menu-item-2044\"><a href=\"https:\/\/www.lindner.ch\/de\/verpackungsmaterial\/verpackungshilfsmaterial\/abroller-fuer-buendelstretchfolie\/\">Abroller f\u00fcr B\u00fcndelstretchfolie<\/a><\/li>\n\t<li id=\"menu-item-2039\" class=\"menu-item menu-item-type-post_type menu-item-object-page menu-item-2039\"><a href=\"https:\/\/www.lindner.ch\/de\/verpackungsmaterial\/verpackungshilfsmaterial\/ersatzhandgriff-set-handstretchfolie\/\">Ersatzhandgriffset Handstretchfolie<\/a><\/li>\n\t<li id=\"menu-item-1809\" class=\"menu-item menu-item-type-post_type menu-item-object-page menu-item-1809\"><a href=\"https:\/\/www.lindner.ch\/de\/verpackungsmaterial\/verpackungshilfsmaterial\/gleithuelsen-fuer-handstretchfolie\/\">Gleith\u00fclsen f\u00fcr Handstretchfolie<\/a><\/li>\n\t<li id=\"menu-item-2042\" class=\"menu-item menu-item-type-post_type menu-item-object-page menu-item-2042\"><a href=\"https:\/\/www.lindner.ch\/de\/verpackungsmaterial\/verpackungshilfsmaterial\/abroller-fuer-handstretchfolie\/\">Abroller f\u00fcr Handstretchfolie<\/a><\/li>\n\t<li id=\"menu-item-1810\" class=\"menu-item menu-item-type-post_type menu-item-object-page menu-item-1810\"><a href=\"https:\/\/www.lindner.ch\/de\/verpackungsmaterial\/verpackungshilfsmaterial\/handabroller-boxenschliesser\/\">Handabroller\/Boxenschliesser<\/a><\/li>\n\t<li id=\"menu-item-1811\" class=\"menu-item menu-item-type-post_type menu-item-object-page menu-item-1811\"><a href=\"https:\/\/www.lindner.ch\/de\/verpackungsmaterial\/verpackungshilfsmaterial\/abfuellvorrichtung-fuer-chips\/\">Abf\u00fcllvorrichtung f\u00fcr Chips<\/a><\/li>\n<\/ul>\n<\/li>\n<li id=\"menu-item-1781\" class=\"menu-item menu-item-type-post_type menu-item-object-page menu-item-has-children menu-item-1781\"><a href=\"https:\/\/www.lindner.ch\/de\/verpackungsmaterial\/verschlussklemmen-weloc\/\">Verschlussklemmen WeLoc\u00ae<\/a>\n<ul class=\"sub-menu\">\n\t<li id=\"menu-item-1784\" class=\"menu-item menu-item-type-post_type menu-item-object-page menu-item-1784\"><a href=\"https:\/\/www.lindner.ch\/de\/verpackungsmaterial\/verschlussklemmen-weloc\/weloc-standard\/\">WeLoc\u00ae Standard<\/a><\/li>\n\t<li id=\"menu-item-1783\" class=\"menu-item menu-item-type-post_type menu-item-object-page menu-item-1783\"><a href=\"https:\/\/www.lindner.ch\/de\/verpackungsmaterial\/verschlussklemmen-weloc\/weloc-individuell-bedruckt\/\">WeLoc\u00ae individuell bedruckt<\/a><\/li>\n\t<li id=\"menu-item-1782\" class=\"menu-item menu-item-type-post_type menu-item-object-page menu-item-1782\"><a href=\"https:\/\/www.lindner.ch\/de\/verpackungsmaterial\/verschlussklemmen-weloc\/weloc-care\/\">WeLoc\u00ae Care<\/a><\/li>\n<\/ul>\n<\/li>\n<li id=\"menu-item-8604\" class=\"menu-item menu-item-type-post_type menu-item-object-page menu-item-8604\"><a href=\"https:\/\/www.lindner.ch\/de\/verpackungsmaterial\/warensicherung-palettensicherung-attaloc\/\">Warensicherung attaloc<\/a><\/li>\n<li id=\"menu-item-3255\" class=\"menu-item menu-item-type-post_type menu-item-object-page menu-item-3255\"><a href=\"https:\/\/www.lindner.ch\/de\/verpackungsmaterial\/ausstellungen-messen\/\">Ausstellungen\/Messen<\/a><\/li>\n<\/ul><\/div><\/p>\n\t\t<\/div>\n\t\t\t\t\t<\/div>\n\n\t\n\n\t<div id=\"col-1319053953\" class=\"col medium-9 small-12 large-9\"  >\n\t\t\t\t<div class=\"col-inner\"  >\n\t\t\t\n\t\t\t\n<div class=\"row\"  id=\"row-1533086334\">\n\n\t<div id=\"col-994409963\" class=\"col medium-9 small-12 large-9\"  >\n\t\t\t\t<div class=\"col-inner\"  >\n\t\t\t\n\t\t\t\n<div class=\"col-sm-12\">\n<h1>Klebeb\u00e4nder PVC \/ PP \/ Biopack 860\u00ae<\/h1>\n<\/div>\n<div class=\"col-sm-9\">\n<p>Eine breite Produktpalette an hochwertigen Verpackungsselbstklebeb\u00e4ndern mit verschiedenen Tr\u00e4germaterialien und Klebersystemen sch\u00fctzt Ihre Ware und spart Kosten. Die Klebeb\u00e4nder werden nach dem neuesten Stand der Technik gefertigt und unterliegen st\u00e4ndigen Pr\u00fcfungen w\u00e4hrend des Produktionsprozesses und strengen Praxistests, so dass eine gleichbleibende, zuverl\u00e4ssige Qualit\u00e4t garantiert werden kann.<\/p>\n<p>Bedruckte Klebeb\u00e4nder schaffen Kontakt und f\u00f6rdern Ihr Image. Eine kleine Investition, die tagt\u00e4glich auff\u00e4llt und sich lohnt.<\/p>\n<p>Lindner Suisse ist St\u00fctzpunktpartner der <a href=\"http:\/\/www.monta.de\/\" target=\"_blank\" rel=\"noopener\">Firma monta<\/a><\/p>\n<p><strong>Flyer: <a href=\"https:\/\/www.lindner.ch\/files\/content\/Downloads_Werbeflyer\/Flyer_monta_Naturkautschuk_Klebeb%C3%A4nder_Lindner%20Suisse.pdf\">Das richtige Tape f\u00fcr Ihren Karton: Der Karton bleibt zu!<\/a><\/strong><\/p>\n<p>\u00a0<\/p>\n<p>Z\u00f6gern Sie nicht, uns f\u00fcr weitere Ausk\u00fcnfte zu kontaktieren.<\/p>\n<\/div>\n\t\t<\/div>\n\t\t\t\t\t<\/div>\n\n\t\n\n\t<div id=\"col-453709061\" class=\"col medium-3 small-12 large-3\"  >\n\t\t\t\t<div class=\"col-inner\"  >\n\t\t\t\n\t\t\t\n\t<div class=\"img has-hover x md-x lg-x y md-y lg-y\" id=\"image_625611645\">\n\t\t\t\t\t\t\t\t<div class=\"img-inner box-shadow-1 dark\" >\n\t\t\t<img loading=\"lazy\" decoding=\"async\" width=\"480\" height=\"689\" src=\"https:\/\/www.lindner.ch\/wp-content\/uploads\/2020\/11\/Klebebaender-51dba1ef.jpg\" class=\"attachment-large size-large\" alt=\"\" srcset=\"https:\/\/www.lindner.ch\/wp-content\/uploads\/2020\/11\/Klebebaender-51dba1ef.jpg 480w, https:\/\/www.lindner.ch\/wp-content\/uploads\/2020\/11\/Klebebaender-51dba1ef-209x300.jpg 209w\" sizes=\"auto, (max-width: 480px) 100vw, 480px\" \/>\t\t\t\t\t\t\n\t\t\t\t\t<\/div>\n\t\t\t\t\t\t\t\t\n<style>\n#image_625611645 {\n  width: 100%;\n}\n<\/style>\n\t<\/div>\n\t\n\t\t<\/div>\n\t\t\t\t\t<\/div>\n\n\t\n<\/div>\n<div class=\"row\"  id=\"row-227153199\">\n\n\t<div id=\"col-1554089047\" class=\"col small-12 large-12\"  >\n\t\t\t\t<div class=\"col-inner\"  >\n\t\t\t\n\t\t\t\n<h2>Unsere Produkte<\/h2>\n\n  \n    <div class=\"row large-columns-3 medium-columns- small-columns-2 row-small has-shadow row-box-shadow-1 row-box-shadow-2-hover\" >\n  <div class=\"page-col col\" >\n          <div class=\"col-inner\" >\n          <a class=\"block plain\" href=\"https:\/\/www.lindner.ch\/de\/verpackungsmaterial\/klebebaender-pvc-pp-biopack-860\/pp-strapping-klebeband\/\" title=\"PP-Strapping-Klebeband\" target=\"\">\n            <div class=\"page-box box has-hover box-default\">\n                  <div class=\"box-image\" >\n                      <div class=\"box-image\" >\n                                            <\/div>\n                                                              <\/div>\n                  <div class=\"box-text text-left is-large dark\" style=\"background-color:rgb(41, 128, 185);padding:8px 8px 8px 8px;\">\n                        <div class=\"box-text-inner\">\n                            <p>PP-Strapping-Klebeband<\/p>\n                        <\/div>\n                  <\/div>\n              <\/div>\n            <\/a>\n            <\/div>\n          <\/div><div class=\"page-col col\" >\n          <div class=\"col-inner\" >\n          <a class=\"block plain\" href=\"https:\/\/www.lindner.ch\/de\/verpackungsmaterial\/klebebaender-pvc-pp-biopack-860\/biopack-klebebaender\/\" title=\"Biopack-Klebeb\u00e4nder\" target=\"\">\n            <div class=\"page-box box has-hover box-default\">\n                  <div class=\"box-image\" >\n                      <div class=\"box-image\" >\n                                            <\/div>\n                                                              <\/div>\n                  <div class=\"box-text text-left is-large dark\" style=\"background-color:rgb(41, 128, 185);padding:8px 8px 8px 8px;\">\n                        <div class=\"box-text-inner\">\n                            <p>Biopack-Klebeb\u00e4nder<\/p>\n                        <\/div>\n                  <\/div>\n              <\/div>\n            <\/a>\n            <\/div>\n          <\/div><div class=\"page-col col\" >\n          <div class=\"col-inner\" >\n          <a class=\"block plain\" href=\"https:\/\/www.lindner.ch\/de\/verpackungsmaterial\/klebebaender-pvc-pp-biopack-860\/pvc-klebeband\/\" title=\"PVC-Klebeband\" target=\"\">\n            <div class=\"page-box box has-hover box-default\">\n                  <div class=\"box-image\" >\n                      <div class=\"box-image\" >\n                                            <\/div>\n                                                              <\/div>\n                  <div class=\"box-text text-left is-large dark\" style=\"background-color:rgb(41, 128, 185);padding:8px 8px 8px 8px;\">\n                        <div class=\"box-text-inner\">\n                            <p>PVC-Klebeband<\/p>\n                        <\/div>\n                  <\/div>\n              <\/div>\n            <\/a>\n            <\/div>\n          <\/div><div class=\"page-col col\" >\n          <div class=\"col-inner\" >\n          <a class=\"block plain\" href=\"https:\/\/www.lindner.ch\/de\/verpackungsmaterial\/klebebaender-pvc-pp-biopack-860\/pvc-schutzband\/\" title=\"PVC-Schutzband\" target=\"\">\n            <div class=\"page-box box has-hover box-default\">\n                  <div class=\"box-image\" >\n                      <div class=\"box-image\" >\n                      <img loading=\"lazy\" decoding=\"async\" width=\"300\" height=\"235\" src=\"https:\/\/www.lindner.ch\/wp-content\/uploads\/2020\/11\/Klebeband-PVC-256F_bearbeitet-300x235.jpg\" class=\"attachment-medium size-medium\" alt=\"\" srcset=\"https:\/\/www.lindner.ch\/wp-content\/uploads\/2020\/11\/Klebeband-PVC-256F_bearbeitet-300x235.jpg 300w, https:\/\/www.lindner.ch\/wp-content\/uploads\/2020\/11\/Klebeband-PVC-256F_bearbeitet-768x601.jpg 768w, https:\/\/www.lindner.ch\/wp-content\/uploads\/2020\/11\/Klebeband-PVC-256F_bearbeitet.jpg 1000w\" sizes=\"auto, (max-width: 300px) 100vw, 300px\" \/>                      <\/div>\n                                                              <\/div>\n                  <div class=\"box-text text-left is-large dark\" style=\"background-color:rgb(41, 128, 185);padding:8px 8px 8px 8px;\">\n                        <div class=\"box-text-inner\">\n                            <p>PVC-Schutzband<\/p>\n                        <\/div>\n                  <\/div>\n              <\/div>\n            <\/a>\n            <\/div>\n          <\/div><div class=\"page-col col\" >\n          <div class=\"col-inner\" >\n          <a class=\"block plain\" href=\"https:\/\/www.lindner.ch\/de\/verpackungsmaterial\/klebebaender-pvc-pp-biopack-860\/pvc-spleissband\/\" title=\"PVC-Spleissband\" target=\"\">\n            <div class=\"page-box box has-hover box-default\">\n                  <div class=\"box-image\" >\n                      <div class=\"box-image\" >\n                                            <\/div>\n                                                              <\/div>\n                  <div class=\"box-text text-left is-large dark\" style=\"background-color:rgb(41, 128, 185);padding:8px 8px 8px 8px;\">\n                        <div class=\"box-text-inner\">\n                            <p>PVC-Spleissband<\/p>\n                        <\/div>\n                  <\/div>\n              <\/div>\n            <\/a>\n            <\/div>\n          <\/div><div class=\"page-col col\" >\n          <div class=\"col-inner\" >\n          <a class=\"block plain\" href=\"https:\/\/www.lindner.ch\/de\/verpackungsmaterial\/klebebaender-pvc-pp-biopack-860\/pp-klebeband\/\" title=\"PP-Klebeband\" target=\"\">\n            <div class=\"page-box box has-hover box-default\">\n                  <div class=\"box-image\" >\n                      <div class=\"box-image\" >\n                                            <\/div>\n                                                              <\/div>\n                  <div class=\"box-text text-left is-large dark\" style=\"background-color:rgb(41, 128, 185);padding:8px 8px 8px 8px;\">\n                        <div class=\"box-text-inner\">\n                            <p>PP-Klebeband<\/p>\n                        <\/div>\n                  <\/div>\n              <\/div>\n            <\/a>\n            <\/div>\n          <\/div><div class=\"page-col col\" >\n          <div class=\"col-inner\" >\n          <a class=\"block plain\" href=\"https:\/\/www.lindner.ch\/de\/verpackungsmaterial\/klebebaender-pvc-pp-biopack-860\/klebeband-bedruckt\/\" title=\"Klebeband bedruckt\" target=\"\">\n            <div class=\"page-box box has-hover box-default\">\n                  <div class=\"box-image\" >\n                      <div class=\"box-image\" >\n                                            <\/div>\n                                                              <\/div>\n                  <div class=\"box-text text-left is-large dark\" style=\"background-color:rgb(41, 128, 185);padding:8px 8px 8px 8px;\">\n                        <div class=\"box-text-inner\">\n                            <p>Klebeband bedruckt<\/p>\n                        <\/div>\n                  <\/div>\n              <\/div>\n            <\/a>\n            <\/div>\n          <\/div><\/div>\n\t\t<\/div>\n\t\t\t\t\t<\/div>\n\n\t\n<\/div>\n\t\t<\/div>\n\t\t\t\t\t<\/div>\n\n\t\n<\/div>\n","protected":false},"excerpt":{"rendered":"","protected":false},"author":2,"featured_media":0,"parent":718,"menu_order":0,"comment_status":"closed","ping_status":"closed","template":"","meta":{"inline_featured_image":false,"footnotes":""},"class_list":["post-1709","page","type-page","status-publish","hentry"],"_links":{"self":[{"href":"https:\/\/www.lindner.ch\/de\/wp-json\/wp\/v2\/pages\/1709","targetHints":{"allow":["GET"]}}],"collection":[{"href":"https:\/\/www.lindner.ch\/de\/wp-json\/wp\/v2\/pages"}],"about":[{"href":"https:\/\/www.lindner.ch\/de\/wp-json\/wp\/v2\/types\/page"}],"author":[{"embeddable":true,"href":"https:\/\/www.lindner.ch\/de\/wp-json\/wp\/v2\/users\/2"}],"replies":[{"embeddable":true,"href":"https:\/\/www.lindner.ch\/de\/wp-json\/wp\/v2\/comments?post=1709"}],"version-history":[{"count":10,"href":"https:\/\/www.lindner.ch\/de\/wp-json\/wp\/v2\/pages\/1709\/revisions"}],"predecessor-version":[{"id":7502,"href":"https:\/\/www.lindner.ch\/de\/wp-json\/wp\/v2\/pages\/1709\/revisions\/7502"}],"up":[{"embeddable":true,"href":"https:\/\/www.lindner.ch\/de\/wp-json\/wp\/v2\/pages\/718"}],"wp:attachment":[{"href":"https:\/\/www.lindner.ch\/de\/wp-json\/wp\/v2\/media?parent=1709"}],"curies":[{"name":"wp","href":"https:\/\/api.w.org\/{rel}","templated":true}]}}