{"id":2,"date":"2020-09-08T08:48:38","date_gmt":"2020-09-08T08:48:38","guid":{"rendered":"https:\/\/wp.lindner.ch\/?page_id=2"},"modified":"2025-01-28T11:57:04","modified_gmt":"2025-01-28T10:57:04","slug":"sample-page","status":"publish","type":"page","link":"https:\/\/www.lindner.ch\/de\/","title":{"rendered":"Startseite"},"content":{"rendered":"<div class=\"slider-wrapper relative\" id=\"slider-1659763321\" >\n    <div class=\"slider slider-nav-dots-simple slider-nav-simple slider-nav-large slider-nav-light slider-style-normal slider-show-nav\"\n        data-flickity-options='{\n            \"cellAlign\": \"center\",\n            \"imagesLoaded\": true,\n            \"lazyLoad\": 1,\n            \"freeScroll\": false,\n            \"wrapAround\": true,\n            \"autoPlay\": 3000,\n            \"pauseAutoPlayOnHover\" : false,\n            \"prevNextButtons\": true,\n            \"contain\" : true,\n            \"adaptiveHeight\" : true,\n            \"dragThreshold\" : 10,\n            \"percentPosition\": true,\n            \"pageDots\": false,\n            \"rightToLeft\": false,\n            \"draggable\": false,\n            \"selectedAttraction\": 0.1,\n            \"parallax\" : 0,\n            \"friction\": 0.6        }'\n        >\n        \n\n\n\t<section class=\"section dark\" id=\"section_213909561\">\n\t\t<div class=\"section-bg fill\" >\n\t\t\t<img loading=\"lazy\" decoding=\"async\" width=\"1920\" height=\"1080\" src=\"https:\/\/www.lindner.ch\/wp-content\/uploads\/2020\/09\/holzwolle-14-42.jpg\" class=\"bg attachment- size-\" alt=\"\" \/>\t\t\t\t\t\t\n\t\t\t\n\n\t\t<\/div>\n\n\t\t\n\n\t\t<div class=\"section-content relative\">\n\t\t\t\n\t\t<\/div>\n\n\t\t\n<style>\n#section_213909561 {\n  padding-top: 100px;\n  padding-bottom: 100px;\n  min-height: 350px;\n}\n#section_213909561 .section-bg img {\n  object-position: 38% 48%;\n}\n@media (min-width:550px) {\n  #section_213909561 {\n    padding-top: 30px;\n    padding-bottom: 30px;\n  }\n}\n<\/style>\n\t<\/section>\n\t\n     <\/div>\n\n     <div class=\"loading-spin dark large centered\"><\/div>\n\n\t<\/div>\n\n\n\n\t<section class=\"section dark\" id=\"section_125652926\">\n\t\t<div class=\"section-bg fill\" >\n\t\t\t\t\t\t\t\t\t\n\t\t\t\n\n\t\t<\/div>\n\n\t\t\n\n\t\t<div class=\"section-content relative\">\n\t\t\t\n<div class=\"row align-center\"  id=\"row-1856228532\">\n\n\t<div id=\"col-1181493300\" class=\"col small-12 large-12\"  >\n\t\t\t\t<div class=\"col-inner\"  >\n\t\t\t\n\t\t\t\n<div class=\"row row-large row-full-width align-middle align-center\"  id=\"row-1191136993\">\n\n\t<div id=\"col-1752087610\" class=\"col medium-12 small-12 large-6\"  >\n\t\t\t\t<div class=\"col-inner\"  >\n\t\t\t\n\t\t\t\n<a href=\"https:\/\/www.lindner.ch\/de\/holzwolle-manufaktur\/\" class=\"button success is-larger box-shadow-2 box-shadow-3-hover reveal-icon expand show-for-small\" >\n\t\t<span>Holzwolle<\/span>\n\t<i class=\"icon-angle-right\" aria-hidden=\"true\"><\/i><\/a>\n\n<a href=\"https:\/\/www.lindner.ch\/de\/holzwolle-manufaktur\/\" class=\"button success is-xlarge box-shadow-2 box-shadow-3-hover reveal-icon expand hide-for-small\" >\n\t\t<span>Holzwolle<\/span>\n\t<i class=\"icon-angle-right\" aria-hidden=\"true\"><\/i><\/a>\n\n\t\t<\/div>\n\t\t\t\t\t<\/div>\n\n\t\n\n\t<div id=\"col-455767929\" class=\"col medium-12 small-12 large-6\"  >\n\t\t\t\t<div class=\"col-inner\"  >\n\t\t\t\n\t\t\t\n<a href=\"https:\/\/www.lindner.ch\/de\/verpackungsmaterial\/\" class=\"button primary is-larger box-shadow-2 box-shadow-3-hover reveal-icon expand show-for-small\" >\n\t\t<span>Verpackungsmaterial<\/span>\n\t<i class=\"icon-angle-right\" aria-hidden=\"true\"><\/i><\/a>\n\n<a href=\"https:\/\/www.lindner.ch\/de\/verpackungsmaterial\/\" class=\"button primary is-xlarge box-shadow-2 box-shadow-3-hover reveal-icon expand hide-for-small\" >\n\t\t<span>Verpackungsmaterial<\/span>\n\t<i class=\"icon-angle-right\" aria-hidden=\"true\"><\/i><\/a>\n\n\t\t<\/div>\n\t\t\t\t\t<\/div>\n\n\t\n\n<style>\n#row-1191136993 > .col > .col-inner {\n  padding: 10px 0px 0px 0px;\n}\n<\/style>\n<\/div>\n\t\t<\/div>\n\t\t\t\t\n<style>\n#col-1181493300 > .col-inner {\n  margin: -100px 0px -40px 0px;\n}\n<\/style>\n\t<\/div>\n\n\t\n\n<style>\n#row-1856228532 > .col > .col-inner {\n  padding: 45px 25px 15px 25px;\n}\n@media (min-width:550px) {\n  #row-1856228532 > .col > .col-inner {\n    padding: 45px 80px 15px 80px;\n  }\n}\n@media (min-width:850px) {\n  #row-1856228532 > .col > .col-inner {\n    padding: 50px 50px 30px 50px;\n  }\n}\n<\/style>\n<\/div>\n\t\t<\/div>\n\n\t\t\n<style>\n#section_125652926 {\n  padding-top: 0px;\n  padding-bottom: 0px;\n  min-height: 0px;\n  background-color: rgb(246, 246, 246);\n}\n<\/style>\n\t<\/section>\n\t\n\n\t<section class=\"section\" id=\"section_1753172534\">\n\t\t<div class=\"section-bg fill\" >\n\t\t\t\t\t\t\t\t\t\n\t\t\t\n\n\t\t<\/div>\n\n\t\t\n\n\t\t<div class=\"section-content relative\">\n\t\t\t\n<div class=\"row row-large align-middle\"  id=\"row-1848439782\">\n\n\t<div id=\"col-1568510868\" class=\"col medium-10 small-12 large-10\"  >\n\t\t\t\t<div class=\"col-inner text-left\"  >\n\t\t\t\n\t\t\t\n<h1>Herzlich willkommen bei Lindner Suisse<\/h1>\n<p>Als Schweizer Hersteller entwickeln und produzieren wir zahlreiche Howolis Holzwolle-Spezialartikel aus 100% Schweizer Holz (<a href=\"https:\/\/www.holz-bois-legno.ch\/de\/leben-mit-holz\/label-schweizer-holz\/merkmale\" target=\"_blank\" rel=\"noopener\">Label Schweizer Holz)<\/a> wie Geotextilien f\u00fcr Erosionsschutz, Drainage und Snowfarming &#8211; <strong>Holzwolle<\/strong> f\u00fcr die Anwendung im Infrastruktur-, Garten- und Landschaftsbau, f\u00fcr die Tierhygiene, als Anz\u00fcndhilfe oder als Verpackungsmaterial. Zudem stellen wir hochwertige F\u00fcllmaterialchips her und sind Ihr Ansprechpartner f\u00fcr ein bedarfsorientiertes Verpackungssortiment (Maschinen-, Hand- und B\u00fcndelstretch-, Luftpolster- und PE-Schaumfolien u.v.m.). Bei Fragen zu den f\u00fcr Sie wirtschaftlichsten und nachhaltigsten L\u00f6sungen rund ums Verpacken, Verpackungsmaterial und Qualit\u00e4tsholzwolle beraten wir Sie gerne. Denn: Qualit\u00e4t schafft Vertrauen.<\/p>\n\t\t<\/div>\n\t\t\t\t\t<\/div>\n\n\t\n\n\t<div id=\"col-902224268\" class=\"col medium-2 small-12 large-2\"  >\n\t\t\t\t<div class=\"col-inner box-shadow-2\" style=\"background-color:rgb(255, 255, 255);\" >\n\t\t\t\n\t\t\t\n\t<div class=\"img has-hover x md-x lg-x y md-y lg-y\" id=\"image_600462167\">\n\t\t<a class=\"image-lightbox lightbox-gallery\" title=\"\" href=\"https:\/\/www.lindner.ch\/wp-content\/uploads\/2020\/09\/Lindner-Suisse_100-Jahre_Holzwolle_laine-de-bois_lana-di-legno_stalizzas-finas_wood-wool.jpg\">\t\t\t\t\t\t<div class=\"img-inner dark\" >\n\t\t\t<img loading=\"lazy\" decoding=\"async\" width=\"798\" height=\"799\" src=\"https:\/\/www.lindner.ch\/wp-content\/uploads\/2020\/09\/Lindner-Suisse_100-Jahre_Holzwolle_laine-de-bois_lana-di-legno_stalizzas-finas_wood-wool.jpg\" class=\"attachment-large size-large\" alt=\"\" srcset=\"https:\/\/www.lindner.ch\/wp-content\/uploads\/2020\/09\/Lindner-Suisse_100-Jahre_Holzwolle_laine-de-bois_lana-di-legno_stalizzas-finas_wood-wool.jpg 798w, https:\/\/www.lindner.ch\/wp-content\/uploads\/2020\/09\/Lindner-Suisse_100-Jahre_Holzwolle_laine-de-bois_lana-di-legno_stalizzas-finas_wood-wool-720x720.jpg 720w, https:\/\/www.lindner.ch\/wp-content\/uploads\/2020\/09\/Lindner-Suisse_100-Jahre_Holzwolle_laine-de-bois_lana-di-legno_stalizzas-finas_wood-wool-100x100.jpg 100w, https:\/\/www.lindner.ch\/wp-content\/uploads\/2020\/09\/Lindner-Suisse_100-Jahre_Holzwolle_laine-de-bois_lana-di-legno_stalizzas-finas_wood-wool-300x300.jpg 300w, https:\/\/www.lindner.ch\/wp-content\/uploads\/2020\/09\/Lindner-Suisse_100-Jahre_Holzwolle_laine-de-bois_lana-di-legno_stalizzas-finas_wood-wool-150x150.jpg 150w, https:\/\/www.lindner.ch\/wp-content\/uploads\/2020\/09\/Lindner-Suisse_100-Jahre_Holzwolle_laine-de-bois_lana-di-legno_stalizzas-finas_wood-wool-768x769.jpg 768w, https:\/\/www.lindner.ch\/wp-content\/uploads\/2020\/09\/Lindner-Suisse_100-Jahre_Holzwolle_laine-de-bois_lana-di-legno_stalizzas-finas_wood-wool-600x601.jpg 600w\" sizes=\"auto, (max-width: 798px) 100vw, 798px\" \/>\t\t\t\t\t\t\n\t\t\t\t\t<\/div>\n\t\t\t\t\t\t<\/a>\t\t\n<style>\n#image_600462167 {\n  width: 100%;\n}\n<\/style>\n\t<\/div>\n\t\n\t\t<\/div>\n\t\t\t\t\n<style>\n#col-902224268 > .col-inner {\n  padding: 20px 20px 20px 20px;\n}\n<\/style>\n\t<\/div>\n\n\t\n<\/div>\n\t\t<\/div>\n\n\t\t\n<style>\n#section_1753172534 {\n  padding-top: 0px;\n  padding-bottom: 0px;\n  background-color: rgb(246, 246, 246);\n}\n<\/style>\n\t<\/section>\n\t\n\n\t<section class=\"section\" id=\"section_44328223\">\n\t\t<div class=\"section-bg fill\" >\n\t\t\t\t\t\t\t\t\t\n\t\t\t\n\n\t\t<\/div>\n\n\t\t\n\n\t\t<div class=\"section-content relative\">\n\t\t\t\n\t<div id=\"gap-2095709096\" class=\"gap-element clearfix\" style=\"display:block; height:auto;\">\n\t\t\n<style>\n#gap-2095709096 {\n  padding-top: 40px;\n}\n<\/style>\n\t<\/div>\n\t\n<div class=\"row\"  id=\"row-828593383\">\n\n\t<div id=\"col-2005939601\" class=\"col small-12 large-12\"  >\n\t\t\t\t<div class=\"col-inner text-center\"  >\n\t\t\t\n\t\t\t\n<h2>Aktuelle Beitr\u00e4ge<\/h2>\n\t\t<\/div>\n\t\t\t\t\t<\/div>\n\n\t\n\n\t<div id=\"col-1682620446\" class=\"col small-12 large-12\"  >\n\t\t\t\t<div class=\"col-inner\"  >\n\t\t\t\n\t\t\t\n\n  \n    <div class=\"row large-columns-3 medium-columns-2 small-columns-1\" >\n  <div class=\"col post-item\" >\n\t\t\t<div class=\"col-inner\">\n\t\t\t\t<div class=\"box box-normal box-text-bottom box-blog-post has-hover\">\n            \t\t\t\t\t<div class=\"box-image\" >\n  \t\t\t\t\t\t<div class=\"image-cover\" style=\"padding-top:56.25%;\">\n\t\t\t\t\t\t\t<a href=\"https:\/\/www.lindner.ch\/de\/agrohobby-fuer-ihren-garten\/\" class=\"plain\" aria-label=\"agrohobby f\u00fcr Ihren Garten!\">\n\t\t\t\t\t\t\t\t<img loading=\"lazy\" decoding=\"async\" width=\"300\" height=\"169\" src=\"https:\/\/www.lindner.ch\/wp-content\/uploads\/2026\/04\/Agrohobby_Howolis_Lindner-Suisse_Holzwolle_Lainedebois_Label-Schweizer-Holz-300x169.jpg\" class=\"attachment-medium size-medium wp-post-image\" alt=\"\" srcset=\"https:\/\/www.lindner.ch\/wp-content\/uploads\/2026\/04\/Agrohobby_Howolis_Lindner-Suisse_Holzwolle_Lainedebois_Label-Schweizer-Holz-300x169.jpg 300w, https:\/\/www.lindner.ch\/wp-content\/uploads\/2026\/04\/Agrohobby_Howolis_Lindner-Suisse_Holzwolle_Lainedebois_Label-Schweizer-Holz-1024x575.jpg 1024w, https:\/\/www.lindner.ch\/wp-content\/uploads\/2026\/04\/Agrohobby_Howolis_Lindner-Suisse_Holzwolle_Lainedebois_Label-Schweizer-Holz-768x432.jpg 768w, https:\/\/www.lindner.ch\/wp-content\/uploads\/2026\/04\/Agrohobby_Howolis_Lindner-Suisse_Holzwolle_Lainedebois_Label-Schweizer-Holz.jpg 1500w\" sizes=\"auto, (max-width: 300px) 100vw, 300px\" \/>\t\t\t\t\t\t\t<\/a>\n  \t\t\t\t\t\t\t  \t\t\t\t\t\t\t  \t\t\t\t\t\t<\/div>\n  \t\t\t\t\t\t  \t\t\t\t\t<\/div>\n          \t\t\t\t\t<div class=\"box-text text-left is-small dark\" style=\"background-color:rgb(39, 54, 71);padding:40px 20px 40px 20px;\">\n\t\t\t\t\t<div class=\"box-text-inner blog-post-inner\">\n\n\t\t\t\t\t\n\t\t\t\t\t\t\t\t\t\t<h5 class=\"post-title is-large \">\n\t\t\t\t\t\t<a href=\"https:\/\/www.lindner.ch\/de\/agrohobby-fuer-ihren-garten\/\" class=\"plain\">agrohobby f\u00fcr Ihren Garten!<\/a>\n\t\t\t\t\t<\/h5>\n\t\t\t\t\t<div class=\"post-meta is-small op-8\">14. April 2026<\/div>\t\t\t\t\t<div class=\"is-divider\"><\/div>\n\t\t\t\t\t                    \n\t\t\t\t\t\t\t\t\t\t\t<a href=\"https:\/\/www.lindner.ch\/de\/agrohobby-fuer-ihren-garten\/\" class=\"button  is-outline is-small mb-0\">\n\t\t\t\t\t\t\tDetails\t\t\t\t\t\t<\/a>\n\t\t\t\t\t\n\t\t\t\t\t\n\t\t\t\t\t<\/div>\n\t\t\t\t\t<\/div>\n\t\t\t\t\t\t\t\t\t<\/div>\n\t\t\t<\/div>\n\t\t<\/div><div class=\"col post-item\" >\n\t\t\t<div class=\"col-inner\">\n\t\t\t\t<div class=\"box box-normal box-text-bottom box-blog-post has-hover\">\n            \t\t\t\t\t<div class=\"box-image\" >\n  \t\t\t\t\t\t<div class=\"image-cover\" style=\"padding-top:56.25%;\">\n\t\t\t\t\t\t\t<a href=\"https:\/\/www.lindner.ch\/de\/weniger-plastik-auf-baustellen\/\" class=\"plain\" aria-label=\"Weniger Plastik auf Baustellen?\">\n\t\t\t\t\t\t\t\t<img loading=\"lazy\" decoding=\"async\" width=\"300\" height=\"286\" src=\"https:\/\/www.lindner.ch\/wp-content\/uploads\/2025\/12\/Moldiv_weniger_Plastik_auf_Baustellen_Howolis_Abdeckvlies_Typ40-300x286.jpg\" class=\"attachment-medium size-medium wp-post-image\" alt=\"\" srcset=\"https:\/\/www.lindner.ch\/wp-content\/uploads\/2025\/12\/Moldiv_weniger_Plastik_auf_Baustellen_Howolis_Abdeckvlies_Typ40-300x286.jpg 300w, https:\/\/www.lindner.ch\/wp-content\/uploads\/2025\/12\/Moldiv_weniger_Plastik_auf_Baustellen_Howolis_Abdeckvlies_Typ40-768x733.jpg 768w, https:\/\/www.lindner.ch\/wp-content\/uploads\/2025\/12\/Moldiv_weniger_Plastik_auf_Baustellen_Howolis_Abdeckvlies_Typ40.jpg 904w\" sizes=\"auto, (max-width: 300px) 100vw, 300px\" \/>\t\t\t\t\t\t\t<\/a>\n  \t\t\t\t\t\t\t  \t\t\t\t\t\t\t  \t\t\t\t\t\t<\/div>\n  \t\t\t\t\t\t  \t\t\t\t\t<\/div>\n          \t\t\t\t\t<div class=\"box-text text-left is-small dark\" style=\"background-color:rgb(39, 54, 71);padding:40px 20px 40px 20px;\">\n\t\t\t\t\t<div class=\"box-text-inner blog-post-inner\">\n\n\t\t\t\t\t\n\t\t\t\t\t\t\t\t\t\t<h5 class=\"post-title is-large \">\n\t\t\t\t\t\t<a href=\"https:\/\/www.lindner.ch\/de\/weniger-plastik-auf-baustellen\/\" class=\"plain\">Weniger Plastik auf Baustellen?<\/a>\n\t\t\t\t\t<\/h5>\n\t\t\t\t\t<div class=\"post-meta is-small op-8\">16. Januar 2026<\/div>\t\t\t\t\t<div class=\"is-divider\"><\/div>\n\t\t\t\t\t                    \n\t\t\t\t\t\t\t\t\t\t\t<a href=\"https:\/\/www.lindner.ch\/de\/weniger-plastik-auf-baustellen\/\" class=\"button  is-outline is-small mb-0\">\n\t\t\t\t\t\t\tDetails\t\t\t\t\t\t<\/a>\n\t\t\t\t\t\n\t\t\t\t\t\n\t\t\t\t\t<\/div>\n\t\t\t\t\t<\/div>\n\t\t\t\t\t\t\t\t\t<\/div>\n\t\t\t<\/div>\n\t\t<\/div><div class=\"col post-item\" >\n\t\t\t<div class=\"col-inner\">\n\t\t\t\t<div class=\"box box-normal box-text-bottom box-blog-post has-hover\">\n            \t\t\t\t\t<div class=\"box-image\" >\n  \t\t\t\t\t\t<div class=\"image-cover\" style=\"padding-top:56.25%;\">\n\t\t\t\t\t\t\t<a href=\"https:\/\/www.lindner.ch\/de\/studie-howolis-faschinen-fuer-die-nachhaltige-hang-und-ufersicherung\/\" class=\"plain\" aria-label=\"Studie: Howolis-Faschinen f\u00fcr die nachhaltige Hang- und Ufersicherung\">\n\t\t\t\t\t\t\t\t<img loading=\"lazy\" decoding=\"async\" width=\"300\" height=\"225\" src=\"https:\/\/www.lindner.ch\/wp-content\/uploads\/2025\/05\/Howolis_Q-Faschine_FHGR_Studie_Innosuisse_Lindner-Suisse_1-300x225.jpg\" class=\"attachment-medium size-medium wp-post-image\" alt=\"\" srcset=\"https:\/\/www.lindner.ch\/wp-content\/uploads\/2025\/05\/Howolis_Q-Faschine_FHGR_Studie_Innosuisse_Lindner-Suisse_1-300x225.jpg 300w, https:\/\/www.lindner.ch\/wp-content\/uploads\/2025\/05\/Howolis_Q-Faschine_FHGR_Studie_Innosuisse_Lindner-Suisse_1-1024x768.jpg 1024w, https:\/\/www.lindner.ch\/wp-content\/uploads\/2025\/05\/Howolis_Q-Faschine_FHGR_Studie_Innosuisse_Lindner-Suisse_1-768x576.jpg 768w, https:\/\/www.lindner.ch\/wp-content\/uploads\/2025\/05\/Howolis_Q-Faschine_FHGR_Studie_Innosuisse_Lindner-Suisse_1-1536x1152.jpg 1536w, https:\/\/www.lindner.ch\/wp-content\/uploads\/2025\/05\/Howolis_Q-Faschine_FHGR_Studie_Innosuisse_Lindner-Suisse_1-2048x1536.jpg 2048w, https:\/\/www.lindner.ch\/wp-content\/uploads\/2025\/05\/Howolis_Q-Faschine_FHGR_Studie_Innosuisse_Lindner-Suisse_1-1920x1440.jpg 1920w\" sizes=\"auto, (max-width: 300px) 100vw, 300px\" \/>\t\t\t\t\t\t\t<\/a>\n  \t\t\t\t\t\t\t  \t\t\t\t\t\t\t  \t\t\t\t\t\t<\/div>\n  \t\t\t\t\t\t  \t\t\t\t\t<\/div>\n          \t\t\t\t\t<div class=\"box-text text-left is-small dark\" style=\"background-color:rgb(39, 54, 71);padding:40px 20px 40px 20px;\">\n\t\t\t\t\t<div class=\"box-text-inner blog-post-inner\">\n\n\t\t\t\t\t\n\t\t\t\t\t\t\t\t\t\t<h5 class=\"post-title is-large \">\n\t\t\t\t\t\t<a href=\"https:\/\/www.lindner.ch\/de\/studie-howolis-faschinen-fuer-die-nachhaltige-hang-und-ufersicherung\/\" class=\"plain\">Studie: Howolis-Faschinen f\u00fcr die nachhaltige Hang- und Ufersicherung<\/a>\n\t\t\t\t\t<\/h5>\n\t\t\t\t\t<div class=\"post-meta is-small op-8\">21. Mai 2025<\/div>\t\t\t\t\t<div class=\"is-divider\"><\/div>\n\t\t\t\t\t                    \n\t\t\t\t\t\t\t\t\t\t\t<a href=\"https:\/\/www.lindner.ch\/de\/studie-howolis-faschinen-fuer-die-nachhaltige-hang-und-ufersicherung\/\" class=\"button  is-outline is-small mb-0\">\n\t\t\t\t\t\t\tDetails\t\t\t\t\t\t<\/a>\n\t\t\t\t\t\n\t\t\t\t\t\n\t\t\t\t\t<\/div>\n\t\t\t\t\t<\/div>\n\t\t\t\t\t\t\t\t\t<\/div>\n\t\t\t<\/div>\n\t\t<\/div><\/div>\n\t\t<\/div>\n\t\t\t\t\t<\/div>\n\n\t\n<\/div>\n\t\t<\/div>\n\n\t\t\n<style>\n#section_44328223 {\n  padding-top: 30px;\n  padding-bottom: 30px;\n  background-color: rgb(255,255,255);\n}\n<\/style>\n\t<\/section>\n\t\n\n\t<section class=\"section\" id=\"section_791829089\">\n\t\t<div class=\"section-bg fill\" >\n\t\t\t\t\t\t\t\t\t\n\t\t\t\n\n\t\t<\/div>\n\n\t\t\n\n\t\t<div class=\"section-content relative\">\n\t\t\t\n<div class=\"row row-large align-middle align-center\"  id=\"row-2050130644\">\n\n\t<div id=\"col-896120067\" class=\"col medium-10 small-12 large-6\"  data-animate=\"fadeInUp\">\n\t\t\t\t<div class=\"col-inner\"  >\n\t\t\t\n\t\t\t\n<a href=\"https:\/\/www.lindner.ch\/ueber-uns\/\" class=\"button primary box-shadow-1 box-shadow-2-hover lowercase reveal-icon\">\n\t\t<span>Mehr \u00fcber Lindner Suisse erfahren<\/span>\n\t<i class=\"icon-angle-right\" aria-hidden=\"true\"><\/i><\/a>\n\n\t\t<\/div>\n\t\t\t\t\t<\/div>\n\n\t\n\n\t<div id=\"col-205158998\" class=\"col medium-10 small-12 large-6 medium-col-first\"  data-animate=\"fadeInUp\">\n\t\t\t\t<div class=\"col-inner\"  >\n\t\t\t\n\t\t\t\n\t\t<\/div>\n\t\t\t\t\t<\/div>\n\n\t\n<\/div>\n\t<div id=\"gap-665783863\" class=\"gap-element clearfix\" style=\"display:block; height:auto;\">\n\t\t\n<style>\n#gap-665783863 {\n  padding-top: 100px;\n}\n<\/style>\n\t<\/div>\n\t\n\t\t<\/div>\n\n\t\t\n<style>\n#section_791829089 {\n  padding-top: 75px;\n  padding-bottom: 75px;\n}\n@media (min-width:550px) {\n  #section_791829089 {\n    padding-top: 40px;\n    padding-bottom: 40px;\n  }\n}\n<\/style>\n\t<\/section>\n\t\n\n\t<section class=\"section dark\" id=\"section_1703359096\">\n\t\t<div class=\"section-bg fill\" >\n\t\t\t\t\t\t\t\t\t\n\t\t\t\n\n\t\t<\/div>\n\n\t\t\n\n\t\t<div class=\"section-content relative\">\n\t\t\t\n<div class=\"row align-center\"  id=\"row-2087454769\">\n\n\t<div id=\"col-1074254894\" class=\"col small-12 large-12\"  >\n\t\t\t\t<div class=\"col-inner\" style=\"background-color:rgb(46, 171, 96);\" >\n\t\t\t\n\t\t\t\n<h3>Aktuell &amp; Saison<\/h3>\n<div class=\"row row-small row-full-width align-middle align-center\"  id=\"row-32984641\">\n\n\t<div id=\"col-1123676059\" class=\"col medium-12 small-12 large-4\"  >\n\t\t\t\t<div class=\"col-inner\"  >\n\t\t\t\n\t\t\t\n<a href=\"https:\/\/www.lindner.ch\/de\/holzwolle-manufaktur\/howolis-erosion-mulchschutz\/\" class=\"button white expand\">\n\t\t<span>Howolis Erosionsschutz<\/span>\n\t<\/a>\n\n\t\t<\/div>\n\t\t\t\t\t<\/div>\n\n\t\n\n\t<div id=\"col-1537547147\" class=\"col medium-12 small-12 large-4\"  >\n\t\t\t\t<div class=\"col-inner\"  >\n\t\t\t\n\t\t\t\n<a href=\"https:\/\/www.lindner.ch\/de\/holzwolle-manufaktur\/verpacken-logistik\/spediline-food\/\" class=\"button white expand\">\n\t\t<span>Spediline Food<\/span>\n\t<\/a>\n\n\t\t<\/div>\n\t\t\t\t\t<\/div>\n\n\t\n\n\t<div id=\"col-1622469711\" class=\"col medium-12 small-12 large-4\"  >\n\t\t\t\t<div class=\"col-inner\"  >\n\t\t\t\n\t\t\t\n<a href=\"https:\/\/www.lindner.ch\/de\/verpackungsmaterial\/fuell-polstermaterial\/\" class=\"button white expand\">\n\t\t<span>Verpackungschips<\/span>\n\t<\/a>\n\n\t\t<\/div>\n\t\t\t\t\t<\/div>\n\n\t\n<\/div>\n\t\t<\/div>\n\t\t\t\t\n<style>\n#col-1074254894 > .col-inner {\n  margin: -100px 0px 0px 0px;\n}\n<\/style>\n\t<\/div>\n\n\t\n\n<style>\n#row-2087454769 > .col > .col-inner {\n  padding: 45px 25px 15px 25px;\n  background-color: rgb(34, 49, 246);\n}\n@media (min-width:550px) {\n  #row-2087454769 > .col > .col-inner {\n    padding: 45px 80px 15px 80px;\n  }\n}\n@media (min-width:850px) {\n  #row-2087454769 > .col > .col-inner {\n    padding: 50px 50px 30px 50px;\n  }\n}\n<\/style>\n<\/div>\n\t<div id=\"gap-1018283081\" class=\"gap-element clearfix\" style=\"display:block; height:auto;\">\n\t\t\n<style>\n#gap-1018283081 {\n  padding-top: 100px;\n}\n<\/style>\n\t<\/div>\n\t\n\t\t<\/div>\n\n\t\t\n<style>\n#section_1703359096 {\n  padding-top: 0px;\n  padding-bottom: 0px;\n  min-height: 0px;\n  background-color: #273647;\n}\n<\/style>\n\t<\/section>\n\t\n","protected":false},"excerpt":{"rendered":"","protected":false},"author":1,"featured_media":0,"parent":0,"menu_order":0,"comment_status":"closed","ping_status":"open","template":"page-blank.php","meta":{"inline_featured_image":false,"footnotes":""},"class_list":["post-2","page","type-page","status-publish","hentry"],"_links":{"self":[{"href":"https:\/\/www.lindner.ch\/de\/wp-json\/wp\/v2\/pages\/2","targetHints":{"allow":["GET"]}}],"collection":[{"href":"https:\/\/www.lindner.ch\/de\/wp-json\/wp\/v2\/pages"}],"about":[{"href":"https:\/\/www.lindner.ch\/de\/wp-json\/wp\/v2\/types\/page"}],"author":[{"embeddable":true,"href":"https:\/\/www.lindner.ch\/de\/wp-json\/wp\/v2\/users\/1"}],"replies":[{"embeddable":true,"href":"https:\/\/www.lindner.ch\/de\/wp-json\/wp\/v2\/comments?post=2"}],"version-history":[{"count":70,"href":"https:\/\/www.lindner.ch\/de\/wp-json\/wp\/v2\/pages\/2\/revisions"}],"predecessor-version":[{"id":7973,"href":"https:\/\/www.lindner.ch\/de\/wp-json\/wp\/v2\/pages\/2\/revisions\/7973"}],"wp:attachment":[{"href":"https:\/\/www.lindner.ch\/de\/wp-json\/wp\/v2\/media?parent=2"}],"curies":[{"name":"wp","href":"https:\/\/api.w.org\/{rel}","templated":true}]}}