{"id":6294,"date":"2022-06-21T17:11:25","date_gmt":"2022-06-21T15:11:25","guid":{"rendered":"https:\/\/www.lindner.ch\/?page_id=6294"},"modified":"2024-11-19T10:51:20","modified_gmt":"2024-11-19T09:51:20","slug":"nachhaltigkeit-agenda-2030","status":"publish","type":"page","link":"https:\/\/www.lindner.ch\/de\/nachhaltigkeit-agenda-2030\/","title":{"rendered":"Nachhaltigkeit \/ Agenda 2030"},"content":{"rendered":"\n  <div class=\"banner has-hover banner_border_ueber-uns has-parallax\" id=\"banner-712760379\">\n          <div class=\"banner-inner fill\">\n        <div class=\"banner-bg fill\" data-parallax=\"-3\" data-parallax-container=\".banner\" data-parallax-background>\n            <img loading=\"lazy\" decoding=\"async\" width=\"1024\" height=\"261\" src=\"https:\/\/www.lindner.ch\/wp-content\/uploads\/2020\/11\/ueber-uns.jpg\" class=\"bg attachment-original size-original\" alt=\"\" \/>                                    \n                    <\/div>\n\t\t\n        <div class=\"banner-layers container\">\n            <div class=\"fill banner-link\"><\/div>            \n\n\n        <\/div>\n      <\/div>\n\n            \n<style>\n#banner-712760379 {\n  padding-top: 200px;\n  background-color: rgb(29, 41, 52);\n}\n#banner-712760379 .banner-bg img {\n  object-position: 44% 69%;\n}\n<\/style>\n  <\/div>\n\n\n\t<div id=\"gap-984099687\" class=\"gap-element clearfix\" style=\"display:block; height:auto;\">\n\t\t\n<style>\n#gap-984099687 {\n  padding-top: 30px;\n}\n<\/style>\n\t<\/div>\n\t\n<div class=\"row\"  id=\"row-467498334\">\n\n\t<div id=\"col-1882675045\" class=\"col medium-3 small-12 large-3 col-divided\"  >\n\t\t\t\t<div class=\"col-inner\"  >\n\t\t\t\n\t\t\t\n<div class=\"menu-unternehmen-container\"><ul id=\"menu-unternehmen\" class=\"sb_navigation_ueber-uns\"><li id=\"menu-item-131\" class=\"menu-item menu-item-type-post_type menu-item-object-page menu-item-has-children menu-item-131\"><a href=\"https:\/\/www.lindner.ch\/de\/ueber-uns\/\">\u00dcber uns<\/a>\n<ul class=\"sub-menu\">\n\t<li id=\"menu-item-136\" class=\"menu-item menu-item-type-taxonomy menu-item-object-category menu-item-136\"><a href=\"https:\/\/www.lindner.ch\/de\/news\/aktuelles\/\">Aktuelles<\/a><\/li>\n\t<li id=\"menu-item-713\" class=\"menu-item menu-item-type-post_type menu-item-object-page menu-item-713\"><a href=\"https:\/\/www.lindner.ch\/de\/ueber-uns\/team\/\">Team<\/a><\/li>\n\t<li id=\"menu-item-714\" class=\"menu-item menu-item-type-post_type menu-item-object-page menu-item-714\"><a href=\"https:\/\/www.lindner.ch\/de\/ueber-uns\/jobs\/\">Jobs<\/a><\/li>\n<\/ul>\n<\/li>\n<li id=\"menu-item-6299\" class=\"menu-item menu-item-type-post_type menu-item-object-page menu-item-6299\"><a href=\"https:\/\/www.lindner.ch\/de\/nachhaltigkeit-agenda-2030\/\">Nachhaltigkeit \/ Agenda 2030<\/a><\/li>\n<li id=\"menu-item-134\" class=\"menu-item menu-item-type-post_type menu-item-object-page menu-item-134\"><a href=\"https:\/\/www.lindner.ch\/de\/zertifikate\/\">Zertifikate<\/a><\/li>\n<li id=\"menu-item-133\" class=\"menu-item menu-item-type-post_type menu-item-object-page menu-item-133\"><a href=\"https:\/\/www.lindner.ch\/de\/presse-medien\/\">Presse\/Medien<\/a><\/li>\n<li id=\"menu-item-4043\" class=\"menu-item menu-item-type-post_type menu-item-object-page menu-item-4043\"><a href=\"https:\/\/www.lindner.ch\/de\/newsletter\/\">Newsletter<\/a><\/li>\n<li id=\"menu-item-3478\" class=\"menu-item menu-item-type-post_type menu-item-object-page menu-item-3478\"><a href=\"https:\/\/www.lindner.ch\/de\/impressum\/\">Impressum<\/a><\/li>\n<li id=\"menu-item-3479\" class=\"menu-item menu-item-type-post_type menu-item-object-page menu-item-3479\"><a href=\"https:\/\/www.lindner.ch\/de\/agb\/\">AGB<\/a><\/li>\n<li id=\"menu-item-132\" class=\"menu-item menu-item-type-post_type menu-item-object-page menu-item-132\"><a href=\"https:\/\/www.lindner.ch\/de\/kontakt\/\">Kontakt<\/a><\/li>\n<\/ul><\/div>\n\t\t<\/div>\n\t\t\t\t\t<\/div>\n\n\t\n\n\t<div id=\"col-1496772646\" class=\"col medium-9 small-12 large-9\"  >\n\t\t\t\t<div class=\"col-inner\"  >\n\t\t\t\n\t\t\t\n<div class=\"col-sm-12\">\n<h1>Der Nachhaltigkeit verpflichtet \/ Agenda 2030<\/h1>\n<\/div>\n<div class=\"col-sm-12\">\n<p><strong>Unser Beitrag zur Erreichung der globalen Nachhaltigkeitsziele<\/strong><\/p>\n<p>Lindner Suisse hat schon immer \u2013 seit ihrer Gr\u00fcndung im Jahr 1920 \u2013 Wert auf \u00f6kologische Nachhaltigkeit gelegt. Wir entwickeln und produzieren hochwertige Holzwolle-Spezialartikel mit einer umweltschonenden \u00d6kobilanz. Verwendet wird ausschliesslich gesundes, pestizidfreies, im Winter geschlagenes Durchforstungsholz aus der Region (<a href=\"https:\/\/www.holz-bois-legno.ch\/de\/leben-mit-holz\/label-schweizer-holz\/merkmale\" target=\"_blank\" rel=\"noopener\">Label Schweizer Holz<\/a>). Lange Transportwege entfallen. Produziert wird nach strengen internen Qualit\u00e4tsanforderungen und nach Schweizer Holzwolle-Standard an unserem Firmenstandort im Toggenburg.\u00a0Auch beim Vertrieb von Packhilfsmitteln setzen wir auf zukunftsweisende, klimafreundliche Produkte und auf Partner mit gleichen Idealen und Anspr\u00fcchen.<\/p>\n<p>Howolis Erosionsschutzvliese und Faschinen sind im <a href=\"https:\/\/www.kbob.admin.ch\/de\/oekobilanzdaten-im-baubereich\" target=\"_blank\" rel=\"noopener\">KBOB\/ecobau<\/a> (\u00d6kobilanzdaten im Baubereich) gelistet:<br \/>Durch die Ber\u00fccksichtigung von Faktoren wie Energieverbrauch, Treibhausgasemissionen und Ressourcennutzung tragen \u00d6kobilanzdaten massgeblich dazu bei, den \u00f6kologischen Fussabdruck zu minimieren.<\/p>\n<p>Im Zeichen des Umweltgedankens setzen wir auf Produkte, welche, wenn immer m\u00f6glich, einen hohen Recycling-Anteil enthalten sowie recyclingf\u00e4hig sind.<\/p>\n<p>Wir sind bestrebt, die beste Qualit\u00e4t zu garantieren und stets die Umwelt zu respektieren, indem wir in der Branche, in der wir t\u00e4tig sind, unseren Beitrag zur Erreichung der Nachhaltigkeitsziele der UNO im Rahmen der <a href=\"https:\/\/www.eda.admin.ch\/agenda2030\/de\/home\/agenda-2030\/die-17-ziele-fuer-eine-nachhaltige-entwicklung.html\" target=\"_blank\" rel=\"noopener\"><strong>Agenda 2030<\/strong><\/a> leisten.<\/p>\n<p>Im Fokus stehen insbesondere die branchenrelevanten Ziele (SDG 12, SDG 13, SDG 15). Das bedeutet nicht, dass Lindner Suisse die anderen Nachhaltigkeitsziele nicht wichtig w\u00e4ren. T\u00e4glich setzen wir uns ein f\u00fcr eine nachhaltige Entwicklung unserer Gesellschaft und Umwelt. So engagieren wir uns beispielsweise f\u00fcr menschenw\u00fcrdige Arbeit, indem wir mit Betrieben kooperieren, in denen Menschen mit kognitiven, k\u00f6rperlichen oder psychischen Beeintr\u00e4chtigungen arbeiten, lernen und wohnen (SDG 8).<\/p>\n<\/div>\n\t<div class=\"img has-hover x md-x lg-x y md-y lg-y\" id=\"image_1097716022\">\n\t\t\t\t\t\t\t\t<div class=\"img-inner dark\" >\n\t\t\t<img loading=\"lazy\" decoding=\"async\" width=\"1020\" height=\"499\" src=\"https:\/\/www.lindner.ch\/wp-content\/uploads\/2022\/06\/SDGs_Nachhaltigkeitsziele_Agenda_2030_d-1024x501.jpg\" class=\"attachment-large size-large\" alt=\"\" srcset=\"https:\/\/www.lindner.ch\/wp-content\/uploads\/2022\/06\/SDGs_Nachhaltigkeitsziele_Agenda_2030_d-1024x501.jpg 1024w, https:\/\/www.lindner.ch\/wp-content\/uploads\/2022\/06\/SDGs_Nachhaltigkeitsziele_Agenda_2030_d-300x147.jpg 300w, https:\/\/www.lindner.ch\/wp-content\/uploads\/2022\/06\/SDGs_Nachhaltigkeitsziele_Agenda_2030_d-768x376.jpg 768w, https:\/\/www.lindner.ch\/wp-content\/uploads\/2022\/06\/SDGs_Nachhaltigkeitsziele_Agenda_2030_d-1536x751.jpg 1536w, https:\/\/www.lindner.ch\/wp-content\/uploads\/2022\/06\/SDGs_Nachhaltigkeitsziele_Agenda_2030_d.jpg 1920w\" sizes=\"auto, (max-width: 1020px) 100vw, 1020px\" \/>\t\t\t\t\t\t\n\t\t\t\t\t<\/div>\n\t\t\t\t\t\t\t\t\n<style>\n#image_1097716022 {\n  width: 100%;\n}\n<\/style>\n\t<\/div>\n\t\n\t\t<\/div>\n\t\t\t\t\t<\/div>\n\n\t\n<\/div>\n","protected":false},"excerpt":{"rendered":"","protected":false},"author":5,"featured_media":0,"parent":0,"menu_order":0,"comment_status":"closed","ping_status":"closed","template":"","meta":{"inline_featured_image":false,"footnotes":""},"class_list":["post-6294","page","type-page","status-publish","hentry"],"_links":{"self":[{"href":"https:\/\/www.lindner.ch\/de\/wp-json\/wp\/v2\/pages\/6294","targetHints":{"allow":["GET"]}}],"collection":[{"href":"https:\/\/www.lindner.ch\/de\/wp-json\/wp\/v2\/pages"}],"about":[{"href":"https:\/\/www.lindner.ch\/de\/wp-json\/wp\/v2\/types\/page"}],"author":[{"embeddable":true,"href":"https:\/\/www.lindner.ch\/de\/wp-json\/wp\/v2\/users\/5"}],"replies":[{"embeddable":true,"href":"https:\/\/www.lindner.ch\/de\/wp-json\/wp\/v2\/comments?post=6294"}],"version-history":[{"count":12,"href":"https:\/\/www.lindner.ch\/de\/wp-json\/wp\/v2\/pages\/6294\/revisions"}],"predecessor-version":[{"id":7888,"href":"https:\/\/www.lindner.ch\/de\/wp-json\/wp\/v2\/pages\/6294\/revisions\/7888"}],"wp:attachment":[{"href":"https:\/\/www.lindner.ch\/de\/wp-json\/wp\/v2\/media?parent=6294"}],"curies":[{"name":"wp","href":"https:\/\/api.w.org\/{rel}","templated":true}]}}