{"id":717,"date":"2020-10-21T11:01:57","date_gmt":"2020-10-21T09:01:57","guid":{"rendered":"https:\/\/wp.lindner.ch\/?page_id=717"},"modified":"2025-12-08T14:26:55","modified_gmt":"2025-12-08T13:26:55","slug":"holzwolle-manufaktur","status":"publish","type":"page","link":"https:\/\/www.lindner.ch\/de\/holzwolle-manufaktur\/","title":{"rendered":"Holzwolle Manufaktur"},"content":{"rendered":"\n  <div class=\"banner has-hover banner_border has-parallax\" id=\"banner-272265790\">\n          <div class=\"banner-inner fill\">\n        <div class=\"banner-bg fill\" data-parallax=\"-3\" data-parallax-container=\".banner\" data-parallax-background>\n            <img loading=\"lazy\" decoding=\"async\" width=\"2560\" height=\"1575\" src=\"https:\/\/www.lindner.ch\/wp-content\/uploads\/2020\/10\/Lindner_Suisse-scaled.jpg\" class=\"bg attachment-original size-original\" alt=\"\" \/>                                    \n                    <\/div>\n\t\t\n        <div class=\"banner-layers container\">\n            <div class=\"fill banner-link\"><\/div>            \n\n\n        <\/div>\n      <\/div>\n\n            \n<style>\n#banner-272265790 {\n  padding-top: 200px;\n  background-color: rgb(46, 171, 96);\n}\n#banner-272265790 .banner-bg img {\n  object-position: 54% 55%;\n}\n<\/style>\n  <\/div>\n\n\n\t<div id=\"gap-898594640\" class=\"gap-element clearfix\" style=\"display:block; height:auto;\">\n\t\t\n<style>\n#gap-898594640 {\n  padding-top: 30px;\n}\n<\/style>\n\t<\/div>\n\t\n<div class=\"row\"  id=\"row-1556372356\">\n\n\t<div id=\"col-835964543\" class=\"col medium-3 small-12 large-3 col-divided\"  >\n\t\t\t\t<div class=\"col-inner\"  >\n\t\t\t\n\t\t\t\n<div class=\"menu-holzwolle-container\"><ul id=\"menu-holzwolle\" class=\"sb_navigation_holzwolle\"><li id=\"menu-item-745\" class=\"menu-item menu-item-type-post_type menu-item-object-page menu-item-745\"><a href=\"https:\/\/www.lindner.ch\/de\/holzwolle-manufaktur\/\">Holzwolle Manufaktur<\/a><\/li>\n<li id=\"menu-item-747\" class=\"menu-item menu-item-type-post_type menu-item-object-page menu-item-has-children menu-item-747\"><a href=\"https:\/\/www.lindner.ch\/de\/holzwolle-manufaktur\/verpacken-logistik\/\">Verpacken \/ Logistik<\/a>\n<ul class=\"sub-menu\">\n\t<li id=\"menu-item-751\" class=\"menu-item menu-item-type-post_type menu-item-object-page menu-item-751\"><a href=\"https:\/\/www.lindner.ch\/de\/holzwolle-manufaktur\/verpacken-logistik\/spediline-classic\/\">spediline classic<\/a><\/li>\n\t<li id=\"menu-item-750\" class=\"menu-item menu-item-type-post_type menu-item-object-page menu-item-750\"><a href=\"https:\/\/www.lindner.ch\/de\/holzwolle-manufaktur\/verpacken-logistik\/spediline-food\/\">spediline food<\/a><\/li>\n\t<li id=\"menu-item-749\" class=\"menu-item menu-item-type-post_type menu-item-object-page menu-item-749\"><a href=\"https:\/\/www.lindner.ch\/de\/holzwolle-manufaktur\/verpacken-logistik\/spediline-extra\/\">spediline extra<\/a><\/li>\n\t<li id=\"menu-item-748\" class=\"menu-item menu-item-type-post_type menu-item-object-page menu-item-748\"><a href=\"https:\/\/www.lindner.ch\/de\/holzwolle-manufaktur\/verpacken-logistik\/deko-holzwolle-ostergras\/\">Deko-Holzwolle \/ Ostergras<\/a><\/li>\n<\/ul>\n<\/li>\n<li id=\"menu-item-746\" class=\"menu-item menu-item-type-post_type menu-item-object-page menu-item-has-children menu-item-746\"><a href=\"https:\/\/www.lindner.ch\/de\/holzwolle-manufaktur\/tierhygiene\/\">Tierhygiene<\/a>\n<ul class=\"sub-menu\">\n\t<li id=\"menu-item-857\" class=\"menu-item menu-item-type-post_type menu-item-object-page menu-item-857\"><a href=\"https:\/\/www.lindner.ch\/de\/holzwolle-manufaktur\/tierhygiene\/agroclean-euterholzwolle\/\">agroclean\u00ae Euterholzwolle<\/a><\/li>\n<\/ul>\n<\/li>\n<li id=\"menu-item-843\" class=\"menu-item menu-item-type-post_type menu-item-object-page menu-item-has-children menu-item-843\"><a href=\"https:\/\/www.lindner.ch\/de\/holzwolle-manufaktur\/garten-hobby\/\">Garten \/ Hobby<\/a>\n<ul class=\"sub-menu\">\n\t<li id=\"menu-item-844\" class=\"menu-item menu-item-type-post_type menu-item-object-page menu-item-844\"><a href=\"https:\/\/www.lindner.ch\/de\/holzwolle-manufaktur\/garten-hobby\/agrohobby\/\">agrohobby<\/a><\/li>\n\t<li id=\"menu-item-846\" class=\"menu-item menu-item-type-post_type menu-item-object-page menu-item-846\"><a href=\"https:\/\/www.lindner.ch\/de\/holzwolle-manufaktur\/garten-hobby\/howolis-erosionsschutzvlies\/\">Howolis Erosionsschutzvlies<\/a><\/li>\n\t<li id=\"menu-item-845\" class=\"menu-item menu-item-type-post_type menu-item-object-page menu-item-845\"><a href=\"https:\/\/www.lindner.ch\/de\/holzwolle-manufaktur\/garten-hobby\/deko-holzwolle-ostergras\/\">Deko-Holzwolle \/ Ostergras<\/a><\/li>\n<\/ul>\n<\/li>\n<li id=\"menu-item-839\" class=\"menu-item menu-item-type-post_type menu-item-object-page menu-item-has-children menu-item-839\"><a href=\"https:\/\/www.lindner.ch\/de\/holzwolle-manufaktur\/flamtastic-anzuendhilfen\/\">Flamtastic Anz\u00fcndhilfen<\/a>\n<ul class=\"sub-menu\">\n\t<li id=\"menu-item-840\" class=\"menu-item menu-item-type-post_type menu-item-object-page menu-item-840\"><a href=\"https:\/\/www.lindner.ch\/de\/holzwolle-manufaktur\/flamtastic-anzuendhilfen\/flamtastic\/\">Flamtastic<\/a><\/li>\n\t<li id=\"menu-item-4811\" class=\"menu-item menu-item-type-post_type menu-item-object-page menu-item-4811\"><a href=\"https:\/\/www.lindner.ch\/de\/holzwolle-manufaktur\/flamtastic-anzuendhilfen\/zuendstreusel\/\">Z\u00fcndstreusel<\/a><\/li>\n\t<li id=\"menu-item-841\" class=\"menu-item menu-item-type-post_type menu-item-object-page menu-item-841\"><a href=\"https:\/\/www.lindner.ch\/de\/holzwolle-manufaktur\/flamtastic-anzuendhilfen\/flamtastic-werbegeschenk\/\">Flamtastic als Werbegeschenk<\/a><\/li>\n\t<li id=\"menu-item-842\" class=\"menu-item menu-item-type-post_type menu-item-object-page menu-item-842\"><a href=\"https:\/\/www.lindner.ch\/de\/holzwolle-manufaktur\/flamtastic-anzuendhilfen\/rosto-cleaner\/\">Rosto-Cleaner<\/a><\/li>\n<\/ul>\n<\/li>\n<li id=\"menu-item-849\" class=\"menu-item menu-item-type-post_type menu-item-object-page menu-item-has-children menu-item-849\"><a href=\"https:\/\/www.lindner.ch\/de\/holzwolle-manufaktur\/howolis-erosionsschutz-drainage-faschinen-abdichtungsmatten\/\">Howolis Holzwolle<\/a>\n<ul class=\"sub-menu\">\n\t<li id=\"menu-item-853\" class=\"menu-item menu-item-type-post_type menu-item-object-page menu-item-853\"><a href=\"https:\/\/www.lindner.ch\/de\/holzwolle-manufaktur\/howolis-erosionsschutz-drainage-faschinen-abdichtungsmatten\/howolis-erosionsschutzvlies\/\">Howolis Erosionsschutzvlies<\/a><\/li>\n\t<li id=\"menu-item-5826\" class=\"menu-item menu-item-type-post_type menu-item-object-page menu-item-5826\"><a href=\"https:\/\/www.lindner.ch\/de\/holzwolle-manufaktur\/howolis-erosionsschutz-drainage-faschinen-abdichtungsmatten\/howolis-abdeckvlies-schutzvlies-typ-40-baustellenabdeckung\/\">Howolis Abdeckvlies\/Schutzvlies<\/a><\/li>\n\t<li id=\"menu-item-855\" class=\"menu-item menu-item-type-post_type menu-item-object-page menu-item-855\"><a href=\"https:\/\/www.lindner.ch\/de\/holzwolle-manufaktur\/howolis-erosionsschutz-drainage-faschinen-abdichtungsmatten\/howolis-q-faschine\/\">Howolis Q-Faschine<\/a><\/li>\n\t<li id=\"menu-item-5216\" class=\"menu-item menu-item-type-post_type menu-item-object-page menu-item-5216\"><a href=\"https:\/\/www.lindner.ch\/de\/holzwolle-manufaktur\/howolis-erosionsschutz-drainage-faschinen-abdichtungsmatten\/howolis-quickquader-faschinen\/\">Howolis Quickquader-Faschinen<\/a><\/li>\n\t<li id=\"menu-item-851\" class=\"menu-item menu-item-type-post_type menu-item-object-page menu-item-851\"><a href=\"https:\/\/www.lindner.ch\/de\/holzwolle-manufaktur\/howolis-erosionsschutz-drainage-faschinen-abdichtungsmatten\/howolis-drenoroll\/\">Howolis Drenoroll Drainagerohr<\/a><\/li>\n\t<li id=\"menu-item-5098\" class=\"menu-item menu-item-type-post_type menu-item-object-page menu-item-5098\"><a href=\"https:\/\/www.lindner.ch\/de\/holzwolle-manufaktur\/howolis-erosionsschutz-drainage-faschinen-abdichtungsmatten\/howolis-drenogrid-drainagematte-abdichtungsmatte\/\">Howolis Drenogrid Abdichtungsmatte<\/a><\/li>\n\t<li id=\"menu-item-6678\" class=\"menu-item menu-item-type-post_type menu-item-object-page menu-item-6678\"><a href=\"https:\/\/www.lindner.ch\/de\/holzwolle-manufaktur\/howolis-erosionsschutz-drainage-faschinen-abdichtungsmatten\/howolis-snowfarming-schneedepots\/\">Howolis Snowfarming\/Schneedepots<\/a><\/li>\n\t<li id=\"menu-item-852\" class=\"menu-item menu-item-type-post_type menu-item-object-page menu-item-852\"><a href=\"https:\/\/www.lindner.ch\/de\/holzwolle-manufaktur\/howolis-erosionsschutz-drainage-faschinen-abdichtungsmatten\/howolis-early-green\/\">Howolis Early Green<\/a><\/li>\n\t<li id=\"menu-item-5099\" class=\"menu-item menu-item-type-post_type menu-item-object-page menu-item-5099\"><a href=\"https:\/\/www.lindner.ch\/de\/holzwolle-manufaktur\/howolis-erosionsschutz-drainage-faschinen-abdichtungsmatten\/holzwolle-lose-fuer-drainagen-spundwaende\/\">Holzwolle (lose) f\u00fcr Drainagen\/Spundw\u00e4nde<\/a><\/li>\n\t<li id=\"menu-item-854\" class=\"menu-item menu-item-type-post_type menu-item-object-page menu-item-854\"><a href=\"https:\/\/www.lindner.ch\/de\/holzwolle-manufaktur\/howolis-erosionsschutz-drainage-faschinen-abdichtungsmatten\/howolis-hilfsmaterial\/\">Howolis Hilfsmaterial<\/a><\/li>\n\t<li id=\"menu-item-850\" class=\"menu-item menu-item-type-post_type menu-item-object-page menu-item-850\"><a href=\"https:\/\/www.lindner.ch\/de\/holzwolle-manufaktur\/howolis-erosionsschutz-drainage-faschinen-abdichtungsmatten\/drenotube\/\">drenotube \u00ae Drainagen<\/a><\/li>\n<\/ul>\n<\/li>\n<li id=\"menu-item-848\" class=\"menu-item menu-item-type-post_type menu-item-object-page menu-item-848\"><a href=\"https:\/\/www.lindner.ch\/de\/holzwolle-manufaktur\/gesichtsmasken-mit-holzwolle\/\">Gesichtsmasken mit Holzwolle<\/a><\/li>\n<li id=\"menu-item-838\" class=\"menu-item menu-item-type-post_type menu-item-object-page menu-item-838\"><a href=\"https:\/\/www.lindner.ch\/de\/holzwolle-manufaktur\/die-geschichte-der-holzwolle\/\">Die Geschichte der Holzwolle<\/a><\/li>\n<li id=\"menu-item-3243\" class=\"menu-item menu-item-type-post_type menu-item-object-page menu-item-3243\"><a href=\"https:\/\/www.lindner.ch\/de\/holzwolle-manufaktur\/ausstellungen-messen\/\">Ausstellungen \/ Messen<\/a><\/li>\n<\/ul><\/div>\n\t\t<\/div>\n\t\t\t\t\t<\/div>\n\n\t\n\n\t<div id=\"col-1010899147\" class=\"col medium-9 small-12 large-9\"  >\n\t\t\t\t<div class=\"col-inner\"  >\n\t\t\t\n\t\t\t\n<div class=\"row\"  id=\"row-1971745148\">\n\n\t<div id=\"col-1636333348\" class=\"col medium-9 small-12 large-9\"  >\n\t\t\t\t<div class=\"col-inner\"  >\n\t\t\t\n\t\t\t\n<div class=\"col-sm-12\">\n<h1>Lindner Suisse setzt Standards in der Holzwolle-Technologie<\/h1>\n<\/div>\n<div class=\"col-sm-9\">Die Lindner Suisse Holzwollemanufaktur kann f\u00fcr die spezifischen Kundenanforderungen \u00fcber 180 Holzwollesorten bzw. -st\u00e4rken herstellen und entwickelt innovative Howolis Holzwolle-Spezialartikel aus <a href=\"https:\/\/www.holz-bois-legno.ch\/de\/leben-mit-holz\/label-schweizer-holz\/merkmale\" target=\"_blank\" rel=\"noopener\">Label Schweizer Holz<\/a> als Geotextil f\u00fcr den Infrastruktur-, Garten- und Landschaftsbau, f\u00fcr die Tierhygiene, als Anz\u00fcndhilfe oder als Verpackungsmaterial u.v.m., welche in \u00fcber 20 L\u00e4nder vertrieben werden. So unterschiedlich die Einsatzbereiche der Lindner Suisse Holzwolle auch sind, auf eines ist stets Verlass: die Qualit\u00e4t und Suffizienz. Lindner Suisse Holzwolle ist garantiert staubarm und splitterfrei. Hergestellt nach Rezeptur und nach dem <a href=\"https:\/\/www.lindner.ch\/files\/content\/Downloads_Produktinformationen\/Lindner_Suisse_Howolis_Schweizer_Holzwolle_Standard.pdf?2\">Schweizer Holzwolle-Standard\u00a0<\/a>weist sie eine umweltschonende \u00d6kobilanz auf. <em><span style=\"color: #008000;\"><a style=\"color: #008000;\" href=\"https:\/\/www.kbob.admin.ch\/de\/oekobilanzdaten-im-baubereich\" target=\"_blank\" rel=\"noopener\">(siehe KBOB\/ecobau-Liste:<\/a>\u00a0<\/span><\/em><br \/><a href=\"https:\/\/www.kbob.admin.ch\/de\/oekobilanzdaten-im-baubereich\" target=\"_blank\" rel=\"noopener\"><span style=\"color: #008000;\"><span style=\"font-size: 14.4px;\">07.025.01 Holzwolle Q-Faschinen Lindner Suisse<br \/><\/span><span style=\"font-size: 14.4px;\">09.010.01 Holzwolle Erosionsschutzvlies Lindner Suisse<br \/><\/span><span style=\"font-size: 14.4px;\">09.010.02 Holzwolle Erosionsschutz-\/Abdeck-\/Schutz-\/D\u00e4mmvlies Lindner Suisse)<\/span><\/span><\/a><\/div>\n<div>\u00a0<\/div>\n<div class=\"col-sm-9\">\n<ul>\n<li>Direkt vom F\u00f6rster: Lindner Suisse kauft das Holz direkt von Schweizer F\u00f6rstern, die es im Winter fachgerecht schlagen.<\/li>\n<li>Lindner Suisse Holzwolle ist frei von Holzschutzmitteln und Zusatzstoffen aller Art, aus astfreiem Schweizer Qualit\u00e4tsholz (<a href=\"https:\/\/www.holz-bois-legno.ch\/de\/leben-mit-holz\/label-schweizer-holz\/merkmale\" target=\"_blank\" rel=\"noopener\">Label Schweizer Holz<\/a>).<\/li>\n<li>Optimal getrocknet: Lindner Suisse verarbeitet nur mindestens 18 Monate getrocknetes Holz. Denn nur rundum trockene Holzwolle entfaltet ihre wertvollen nat\u00fcrlichen Eigenschaften.<\/li>\n<li>Erstklassig produziert: Das Lindner Suisse Herstellungsverfahren ist einzigartig und garantiert f\u00fcr jedes Produkt eine gleichbleibende Faserbreite und \u2013st\u00e4rke. Die Holzwolle wird zus\u00e4tzlich entstaubt.<\/li>\n<li>Gut geschult: Unsere Mitarbeiter sind Ihre kompetenten Ansprechpartner in allen Holzwolle-Fragen.<\/li>\n<\/ul>\n<\/div>\n<div class=\"video video-fit mb box-shadow-1\" style=\"padding-top:56.25%;\"><p><iframe loading=\"lazy\" title=\"Lindner Suisse Howolis \u2013 Multifunktionale L\u00f6sungen aus regionaler Schweizer Holzwolle\" width=\"1020\" height=\"574\" src=\"https:\/\/www.youtube.com\/embed\/gL_YDPgefCk?feature=oembed\" frameborder=\"0\" allow=\"accelerometer; autoplay; clipboard-write; encrypted-media; gyroscope; picture-in-picture; web-share\" referrerpolicy=\"strict-origin-when-cross-origin\" allowfullscreen><\/iframe><\/p>\n<\/div>\n\t\t<\/div>\n\t\t\t\t\t<\/div>\n\n\t\n\n\t<div id=\"col-1544501306\" class=\"col medium-3 small-12 large-3\"  >\n\t\t\t\t<div class=\"col-inner\"  >\n\t\t\t\n\t\t\t\n\t<div class=\"img has-hover x md-x lg-x y md-y lg-y\" id=\"image_1179749319\">\n\t\t\t\t\t\t\t\t<div class=\"img-inner box-shadow-1 dark\" >\n\t\t\t<img loading=\"lazy\" decoding=\"async\" width=\"359\" height=\"1024\" src=\"https:\/\/www.lindner.ch\/wp-content\/uploads\/2020\/10\/Lindner_Holzwolle-2b8240e0-359x1024.jpg\" class=\"attachment-large size-large\" alt=\"\" srcset=\"https:\/\/www.lindner.ch\/wp-content\/uploads\/2020\/10\/Lindner_Holzwolle-2b8240e0-359x1024.jpg 359w, https:\/\/www.lindner.ch\/wp-content\/uploads\/2020\/10\/Lindner_Holzwolle-2b8240e0-105x300.jpg 105w, https:\/\/www.lindner.ch\/wp-content\/uploads\/2020\/10\/Lindner_Holzwolle-2b8240e0.jpg 480w\" sizes=\"auto, (max-width: 359px) 100vw, 359px\" \/>\t\t\t\t\t\t\n\t\t\t\t\t<\/div>\n\t\t\t\t\t\t\t\t\n<style>\n#image_1179749319 {\n  width: 100%;\n}\n<\/style>\n\t<\/div>\n\t\n\t\t<\/div>\n\t\t\t\t\t<\/div>\n\n\t\n<\/div>\n\t\t<\/div>\n\t\t\t\t\t<\/div>\n\n\t\n<\/div>\n","protected":false},"excerpt":{"rendered":"","protected":false},"author":2,"featured_media":0,"parent":0,"menu_order":0,"comment_status":"closed","ping_status":"closed","template":"page-blank.php","meta":{"inline_featured_image":false,"footnotes":""},"class_list":["post-717","page","type-page","status-publish","hentry"],"_links":{"self":[{"href":"https:\/\/www.lindner.ch\/de\/wp-json\/wp\/v2\/pages\/717","targetHints":{"allow":["GET"]}}],"collection":[{"href":"https:\/\/www.lindner.ch\/de\/wp-json\/wp\/v2\/pages"}],"about":[{"href":"https:\/\/www.lindner.ch\/de\/wp-json\/wp\/v2\/types\/page"}],"author":[{"embeddable":true,"href":"https:\/\/www.lindner.ch\/de\/wp-json\/wp\/v2\/users\/2"}],"replies":[{"embeddable":true,"href":"https:\/\/www.lindner.ch\/de\/wp-json\/wp\/v2\/comments?post=717"}],"version-history":[{"count":36,"href":"https:\/\/www.lindner.ch\/de\/wp-json\/wp\/v2\/pages\/717\/revisions"}],"predecessor-version":[{"id":8622,"href":"https:\/\/www.lindner.ch\/de\/wp-json\/wp\/v2\/pages\/717\/revisions\/8622"}],"wp:attachment":[{"href":"https:\/\/www.lindner.ch\/de\/wp-json\/wp\/v2\/media?parent=717"}],"curies":[{"name":"wp","href":"https:\/\/api.w.org\/{rel}","templated":true}]}}