{"id":742,"date":"2020-10-21T11:19:43","date_gmt":"2020-10-21T09:19:43","guid":{"rendered":"https:\/\/wp.lindner.ch\/?page_id=742"},"modified":"2023-10-13T08:21:15","modified_gmt":"2023-10-13T06:21:15","slug":"tierhygiene","status":"publish","type":"page","link":"https:\/\/www.lindner.ch\/de\/holzwolle-manufaktur\/tierhygiene\/","title":{"rendered":"Tierhygiene"},"content":{"rendered":"\n  <div class=\"banner has-hover banner_border has-parallax\" id=\"banner-630891864\">\n          <div class=\"banner-inner fill\">\n        <div class=\"banner-bg fill\" data-parallax=\"-3\" data-parallax-container=\".banner\" data-parallax-background>\n            <img loading=\"lazy\" decoding=\"async\" width=\"2560\" height=\"1575\" src=\"https:\/\/www.lindner.ch\/wp-content\/uploads\/2020\/10\/Lindner_Suisse-scaled.jpg\" class=\"bg attachment-original size-original\" alt=\"\" \/>                                    \n                    <\/div>\n\t\t\n        <div class=\"banner-layers container\">\n            <div class=\"fill banner-link\"><\/div>            \n\n\n        <\/div>\n      <\/div>\n\n            \n<style>\n#banner-630891864 {\n  padding-top: 200px;\n  background-color: rgb(46, 171, 96);\n}\n#banner-630891864 .banner-bg img {\n  object-position: 54% 55%;\n}\n<\/style>\n  <\/div>\n\n\n\t<div id=\"gap-669978539\" class=\"gap-element clearfix\" style=\"display:block; height:auto;\">\n\t\t\n<style>\n#gap-669978539 {\n  padding-top: 30px;\n}\n<\/style>\n\t<\/div>\n\t\n<div class=\"row\"  id=\"row-1286684138\">\n\n\t<div id=\"col-1187927041\" class=\"col medium-3 small-12 large-3 col-divided\"  >\n\t\t\t\t<div class=\"col-inner\"  >\n\t\t\t\n\t\t\t\n<div class=\"menu-holzwolle-container\"><ul id=\"menu-holzwolle\" class=\"sb_navigation_holzwolle\"><li id=\"menu-item-745\" class=\"menu-item menu-item-type-post_type menu-item-object-page menu-item-745\"><a href=\"https:\/\/www.lindner.ch\/de\/holzwolle-manufaktur\/\">Holzwolle Manufaktur<\/a><\/li>\n<li id=\"menu-item-747\" class=\"menu-item menu-item-type-post_type menu-item-object-page menu-item-has-children menu-item-747\"><a href=\"https:\/\/www.lindner.ch\/de\/holzwolle-manufaktur\/verpacken-logistik\/\">Verpacken \/ Logistik<\/a>\n<ul class=\"sub-menu\">\n\t<li id=\"menu-item-751\" class=\"menu-item menu-item-type-post_type menu-item-object-page menu-item-751\"><a href=\"https:\/\/www.lindner.ch\/de\/holzwolle-manufaktur\/verpacken-logistik\/spediline-classic\/\">spediline classic<\/a><\/li>\n\t<li id=\"menu-item-750\" class=\"menu-item menu-item-type-post_type menu-item-object-page menu-item-750\"><a href=\"https:\/\/www.lindner.ch\/de\/holzwolle-manufaktur\/verpacken-logistik\/spediline-food\/\">spediline food<\/a><\/li>\n\t<li id=\"menu-item-749\" class=\"menu-item menu-item-type-post_type menu-item-object-page menu-item-749\"><a href=\"https:\/\/www.lindner.ch\/de\/holzwolle-manufaktur\/verpacken-logistik\/spediline-extra\/\">spediline extra<\/a><\/li>\n\t<li id=\"menu-item-748\" class=\"menu-item menu-item-type-post_type menu-item-object-page menu-item-748\"><a href=\"https:\/\/www.lindner.ch\/de\/holzwolle-manufaktur\/verpacken-logistik\/deko-holzwolle-ostergras\/\">Deko-Holzwolle \/ Ostergras<\/a><\/li>\n<\/ul>\n<\/li>\n<li id=\"menu-item-746\" class=\"menu-item menu-item-type-post_type menu-item-object-page menu-item-has-children menu-item-746\"><a href=\"https:\/\/www.lindner.ch\/de\/holzwolle-manufaktur\/tierhygiene\/\">Tierhygiene<\/a>\n<ul class=\"sub-menu\">\n\t<li id=\"menu-item-857\" class=\"menu-item menu-item-type-post_type menu-item-object-page menu-item-857\"><a href=\"https:\/\/www.lindner.ch\/de\/holzwolle-manufaktur\/tierhygiene\/agroclean-euterholzwolle\/\">agroclean\u00ae Euterholzwolle<\/a><\/li>\n<\/ul>\n<\/li>\n<li id=\"menu-item-843\" class=\"menu-item menu-item-type-post_type menu-item-object-page menu-item-has-children menu-item-843\"><a href=\"https:\/\/www.lindner.ch\/de\/holzwolle-manufaktur\/garten-hobby\/\">Garten \/ Hobby<\/a>\n<ul class=\"sub-menu\">\n\t<li id=\"menu-item-844\" class=\"menu-item menu-item-type-post_type menu-item-object-page menu-item-844\"><a href=\"https:\/\/www.lindner.ch\/de\/holzwolle-manufaktur\/garten-hobby\/agrohobby\/\">agrohobby<\/a><\/li>\n\t<li id=\"menu-item-846\" class=\"menu-item menu-item-type-post_type menu-item-object-page menu-item-846\"><a href=\"https:\/\/www.lindner.ch\/de\/holzwolle-manufaktur\/garten-hobby\/howolis-erosionsschutzvlies\/\">Howolis Erosionsschutzvlies<\/a><\/li>\n\t<li id=\"menu-item-845\" class=\"menu-item menu-item-type-post_type menu-item-object-page menu-item-845\"><a href=\"https:\/\/www.lindner.ch\/de\/holzwolle-manufaktur\/garten-hobby\/deko-holzwolle-ostergras\/\">Deko-Holzwolle \/ Ostergras<\/a><\/li>\n<\/ul>\n<\/li>\n<li id=\"menu-item-839\" class=\"menu-item menu-item-type-post_type menu-item-object-page menu-item-has-children menu-item-839\"><a href=\"https:\/\/www.lindner.ch\/de\/holzwolle-manufaktur\/flamtastic-anzuendhilfen\/\">Flamtastic Anz\u00fcndhilfen<\/a>\n<ul class=\"sub-menu\">\n\t<li id=\"menu-item-840\" class=\"menu-item menu-item-type-post_type menu-item-object-page menu-item-840\"><a href=\"https:\/\/www.lindner.ch\/de\/holzwolle-manufaktur\/flamtastic-anzuendhilfen\/flamtastic\/\">Flamtastic<\/a><\/li>\n\t<li id=\"menu-item-4811\" class=\"menu-item menu-item-type-post_type menu-item-object-page menu-item-4811\"><a href=\"https:\/\/www.lindner.ch\/de\/holzwolle-manufaktur\/flamtastic-anzuendhilfen\/zuendstreusel\/\">Z\u00fcndstreusel<\/a><\/li>\n\t<li id=\"menu-item-841\" class=\"menu-item menu-item-type-post_type menu-item-object-page menu-item-841\"><a href=\"https:\/\/www.lindner.ch\/de\/holzwolle-manufaktur\/flamtastic-anzuendhilfen\/flamtastic-werbegeschenk\/\">Flamtastic als Werbegeschenk<\/a><\/li>\n\t<li id=\"menu-item-842\" class=\"menu-item menu-item-type-post_type menu-item-object-page menu-item-842\"><a href=\"https:\/\/www.lindner.ch\/de\/holzwolle-manufaktur\/flamtastic-anzuendhilfen\/rosto-cleaner\/\">Rosto-Cleaner<\/a><\/li>\n<\/ul>\n<\/li>\n<li id=\"menu-item-849\" class=\"menu-item menu-item-type-post_type menu-item-object-page menu-item-has-children menu-item-849\"><a href=\"https:\/\/www.lindner.ch\/de\/holzwolle-manufaktur\/howolis-erosionsschutz-drainage-faschinen-abdichtungsmatten\/\">Howolis Holzwolle<\/a>\n<ul class=\"sub-menu\">\n\t<li id=\"menu-item-853\" class=\"menu-item menu-item-type-post_type menu-item-object-page menu-item-853\"><a href=\"https:\/\/www.lindner.ch\/de\/holzwolle-manufaktur\/howolis-erosionsschutz-drainage-faschinen-abdichtungsmatten\/howolis-erosionsschutzvlies\/\">Howolis Erosionsschutzvlies<\/a><\/li>\n\t<li id=\"menu-item-5826\" class=\"menu-item menu-item-type-post_type menu-item-object-page menu-item-5826\"><a href=\"https:\/\/www.lindner.ch\/de\/holzwolle-manufaktur\/howolis-erosionsschutz-drainage-faschinen-abdichtungsmatten\/howolis-abdeckvlies-schutzvlies-typ-40-baustellenabdeckung\/\">Howolis Abdeckvlies\/Schutzvlies<\/a><\/li>\n\t<li id=\"menu-item-855\" class=\"menu-item menu-item-type-post_type menu-item-object-page menu-item-855\"><a href=\"https:\/\/www.lindner.ch\/de\/holzwolle-manufaktur\/howolis-erosionsschutz-drainage-faschinen-abdichtungsmatten\/howolis-q-faschine\/\">Howolis Q-Faschine<\/a><\/li>\n\t<li id=\"menu-item-5216\" class=\"menu-item menu-item-type-post_type menu-item-object-page menu-item-5216\"><a href=\"https:\/\/www.lindner.ch\/de\/holzwolle-manufaktur\/howolis-erosionsschutz-drainage-faschinen-abdichtungsmatten\/howolis-quickquader-faschinen\/\">Howolis Quickquader-Faschinen<\/a><\/li>\n\t<li id=\"menu-item-851\" class=\"menu-item menu-item-type-post_type menu-item-object-page menu-item-851\"><a href=\"https:\/\/www.lindner.ch\/de\/holzwolle-manufaktur\/howolis-erosionsschutz-drainage-faschinen-abdichtungsmatten\/howolis-drenoroll\/\">Howolis Drenoroll Drainagerohr<\/a><\/li>\n\t<li id=\"menu-item-5098\" class=\"menu-item menu-item-type-post_type menu-item-object-page menu-item-5098\"><a href=\"https:\/\/www.lindner.ch\/de\/holzwolle-manufaktur\/howolis-erosionsschutz-drainage-faschinen-abdichtungsmatten\/howolis-drenogrid-drainagematte-abdichtungsmatte\/\">Howolis Drenogrid Abdichtungsmatte<\/a><\/li>\n\t<li id=\"menu-item-6678\" class=\"menu-item menu-item-type-post_type menu-item-object-page menu-item-6678\"><a href=\"https:\/\/www.lindner.ch\/de\/holzwolle-manufaktur\/howolis-erosionsschutz-drainage-faschinen-abdichtungsmatten\/howolis-snowfarming-schneedepots\/\">Howolis Snowfarming\/Schneedepots<\/a><\/li>\n\t<li id=\"menu-item-852\" class=\"menu-item menu-item-type-post_type menu-item-object-page menu-item-852\"><a href=\"https:\/\/www.lindner.ch\/de\/holzwolle-manufaktur\/howolis-erosionsschutz-drainage-faschinen-abdichtungsmatten\/howolis-early-green\/\">Howolis Early Green<\/a><\/li>\n\t<li id=\"menu-item-5099\" class=\"menu-item menu-item-type-post_type menu-item-object-page menu-item-5099\"><a href=\"https:\/\/www.lindner.ch\/de\/holzwolle-manufaktur\/howolis-erosionsschutz-drainage-faschinen-abdichtungsmatten\/holzwolle-lose-fuer-drainagen-spundwaende\/\">Holzwolle (lose) f\u00fcr Drainagen\/Spundw\u00e4nde<\/a><\/li>\n\t<li id=\"menu-item-854\" class=\"menu-item menu-item-type-post_type menu-item-object-page menu-item-854\"><a href=\"https:\/\/www.lindner.ch\/de\/holzwolle-manufaktur\/howolis-erosionsschutz-drainage-faschinen-abdichtungsmatten\/howolis-hilfsmaterial\/\">Howolis Hilfsmaterial<\/a><\/li>\n\t<li id=\"menu-item-850\" class=\"menu-item menu-item-type-post_type menu-item-object-page menu-item-850\"><a href=\"https:\/\/www.lindner.ch\/de\/holzwolle-manufaktur\/howolis-erosionsschutz-drainage-faschinen-abdichtungsmatten\/drenotube\/\">drenotube \u00ae Drainagen<\/a><\/li>\n<\/ul>\n<\/li>\n<li id=\"menu-item-848\" class=\"menu-item menu-item-type-post_type menu-item-object-page menu-item-848\"><a href=\"https:\/\/www.lindner.ch\/de\/holzwolle-manufaktur\/gesichtsmasken-mit-holzwolle\/\">Gesichtsmasken mit Holzwolle<\/a><\/li>\n<li id=\"menu-item-838\" class=\"menu-item menu-item-type-post_type menu-item-object-page menu-item-838\"><a href=\"https:\/\/www.lindner.ch\/de\/holzwolle-manufaktur\/die-geschichte-der-holzwolle\/\">Die Geschichte der Holzwolle<\/a><\/li>\n<li id=\"menu-item-3243\" class=\"menu-item menu-item-type-post_type menu-item-object-page menu-item-3243\"><a href=\"https:\/\/www.lindner.ch\/de\/holzwolle-manufaktur\/ausstellungen-messen\/\">Ausstellungen \/ Messen<\/a><\/li>\n<\/ul><\/div>\n\t\t<\/div>\n\t\t\t\t\t<\/div>\n\n\t\n\n\t<div id=\"col-1242000841\" class=\"col medium-9 small-12 large-9\"  >\n\t\t\t\t<div class=\"col-inner\"  >\n\t\t\t\n\t\t\t\n<div class=\"row\"  id=\"row-747829353\">\n\n\t<div id=\"col-1128578818\" class=\"col medium-9 small-12 large-9\"  >\n\t\t\t\t<div class=\"col-inner\"  >\n\t\t\t\n\t\t\t\n<h1>agroclean\u00ae Euterholzwolle<\/h1>\n<p>Ideal f\u00fcr K\u00fche, Schafe, Ziegen und Kamele: agroclean\u00ae ist ein reines Naturprodukt aus Schweizer Qualit\u00e4tsholz. Herk\u00f6mmliche Holzwolle ist nicht geeignet, da das empfindliche Euter verletzt werden k\u00f6nnte. agroclean\u00ae wird von Tier\u00e4rzten und milchwirtschaftlichen Beratern empfohlen. Sie ist staubarm, splitterfrei, besonders weich, aber dennoch griffig. Lindner Suisse nutzt die bereits im 19. Jahrhundert von namhaften Medizinern eingesetzten Eigenschaften der Holzwolle, insbesondere die nat\u00fcrlichen antiseptischen Wirkstoffe, seit 1953 erfolgreich f\u00fcr die Euterhygiene. Derzeit wird agroclean\u00ae in \u00fcber 20 L\u00e4nder exportiert. <a title=\"agroclean\u00ae Euterholzwolle\" href=\"https:\/\/www.lindner.ch\/de\/holzwolle-manufaktur\/tierhygiene\/agroclean-euterholzwolle\/\">Mehr erfahren&#8230;<\/a>\u00a0\u00a0<\/p>\n<p><strong>Aktuelle Neuigkeiten \u00fcber agroclean\u00ae finden Sie auf <a href=\"https:\/\/www.facebook.com\/agroclean\" target=\"_blank\" rel=\"noopener\">www.facebook.com\/agroclean\u00a0<\/a><\/strong><\/p>\n\t\t<\/div>\n\t\t\t\t\t<\/div>\n\n\t\n\n\t<div id=\"col-1921403647\" class=\"col medium-3 small-12 large-3\"  >\n\t\t\t\t<div class=\"col-inner\"  >\n\t\t\t\n\t\t\t\n\t<div class=\"img has-hover x md-x lg-x y md-y lg-y\" id=\"image_17897000\">\n\t\t\t\t\t\t\t\t<div class=\"img-inner dark\" >\n\t\t\t<img loading=\"lazy\" decoding=\"async\" width=\"480\" height=\"447\" src=\"https:\/\/www.lindner.ch\/wp-content\/uploads\/2020\/10\/agroclean_Logo-657dcd80.jpg\" class=\"attachment-large size-large\" alt=\"\" srcset=\"https:\/\/www.lindner.ch\/wp-content\/uploads\/2020\/10\/agroclean_Logo-657dcd80.jpg 480w, https:\/\/www.lindner.ch\/wp-content\/uploads\/2020\/10\/agroclean_Logo-657dcd80-300x279.jpg 300w\" sizes=\"auto, (max-width: 480px) 100vw, 480px\" \/>\t\t\t\t\t\t\n\t\t\t\t\t<\/div>\n\t\t\t\t\t\t\t\t\n<style>\n#image_17897000 {\n  width: 100%;\n}\n<\/style>\n\t<\/div>\n\t\n\t\t<\/div>\n\t\t\t\t\t<\/div>\n\n\t\n<\/div>\n<div class=\"row\"  id=\"row-340291848\">\n\n\t<div id=\"col-1258600587\" class=\"col small-12 large-12\"  >\n\t\t\t\t<div class=\"col-inner\"  >\n\t\t\t\n\t\t\t\n<h2>Unsere Produkte<\/h2>\n\n  \n    <div class=\"row large-columns-3 medium-columns- small-columns-2 row-small has-shadow row-box-shadow-1 row-box-shadow-2-hover\" >\n  <div class=\"page-col col\" >\n          <div class=\"col-inner\" >\n          <a class=\"block plain\" href=\"https:\/\/www.lindner.ch\/de\/holzwolle-manufaktur\/tierhygiene\/agroclean-euterholzwolle\/\" title=\"agroclean\u00ae Euterholzwolle\" target=\"\">\n            <div class=\"page-box box has-hover box-default\">\n                  <div class=\"box-image\" >\n                      <div class=\"box-image\" >\n                                            <\/div>\n                                                              <\/div>\n                  <div class=\"box-text text-left is-large dark\" style=\"background-color:rgb(39, 174, 96);padding:8px 8px 8px 8px;\">\n                        <div class=\"box-text-inner\">\n                            <p>agroclean\u00ae Euterholzwolle<\/p>\n                        <\/div>\n                  <\/div>\n              <\/div>\n            <\/a>\n            <\/div>\n          <\/div><\/div>\n\t\t<\/div>\n\t\t\t\t\t<\/div>\n\n\t\n<\/div>\n\t\t<\/div>\n\t\t\t\t\t<\/div>\n\n\t\n<\/div>\n","protected":false},"excerpt":{"rendered":"","protected":false},"author":2,"featured_media":0,"parent":717,"menu_order":0,"comment_status":"closed","ping_status":"closed","template":"","meta":{"inline_featured_image":false,"footnotes":""},"class_list":["post-742","page","type-page","status-publish","hentry"],"_links":{"self":[{"href":"https:\/\/www.lindner.ch\/de\/wp-json\/wp\/v2\/pages\/742","targetHints":{"allow":["GET"]}}],"collection":[{"href":"https:\/\/www.lindner.ch\/de\/wp-json\/wp\/v2\/pages"}],"about":[{"href":"https:\/\/www.lindner.ch\/de\/wp-json\/wp\/v2\/types\/page"}],"author":[{"embeddable":true,"href":"https:\/\/www.lindner.ch\/de\/wp-json\/wp\/v2\/users\/2"}],"replies":[{"embeddable":true,"href":"https:\/\/www.lindner.ch\/de\/wp-json\/wp\/v2\/comments?post=742"}],"version-history":[{"count":9,"href":"https:\/\/www.lindner.ch\/de\/wp-json\/wp\/v2\/pages\/742\/revisions"}],"predecessor-version":[{"id":7148,"href":"https:\/\/www.lindner.ch\/de\/wp-json\/wp\/v2\/pages\/742\/revisions\/7148"}],"up":[{"embeddable":true,"href":"https:\/\/www.lindner.ch\/de\/wp-json\/wp\/v2\/pages\/717"}],"wp:attachment":[{"href":"https:\/\/www.lindner.ch\/de\/wp-json\/wp\/v2\/media?parent=742"}],"curies":[{"name":"wp","href":"https:\/\/api.w.org\/{rel}","templated":true}]}}