{"id":75,"date":"2020-09-23T11:43:21","date_gmt":"2020-09-23T09:43:21","guid":{"rendered":"https:\/\/wp.lindner.ch\/?page_id=75"},"modified":"2021-01-04T15:24:37","modified_gmt":"2021-01-04T14:24:37","slug":"impressum","status":"publish","type":"page","link":"https:\/\/www.lindner.ch\/de\/impressum\/","title":{"rendered":"Impressum"},"content":{"rendered":"\n  <div class=\"banner has-hover banner_border_ueber-uns has-parallax\" id=\"banner-1513857352\">\n          <div class=\"banner-inner fill\">\n        <div class=\"banner-bg fill\" data-parallax=\"-3\" data-parallax-container=\".banner\" data-parallax-background>\n            <img loading=\"lazy\" decoding=\"async\" width=\"1024\" height=\"261\" src=\"https:\/\/www.lindner.ch\/wp-content\/uploads\/2020\/11\/ueber-uns.jpg\" class=\"bg attachment-original size-original\" alt=\"\" \/>                                    \n                    <\/div>\n\t\t\n        <div class=\"banner-layers container\">\n            <div class=\"fill banner-link\"><\/div>            \n\n\n        <\/div>\n      <\/div>\n\n            \n<style>\n#banner-1513857352 {\n  padding-top: 200px;\n  background-color: rgb(29, 41, 52);\n}\n#banner-1513857352 .banner-bg img {\n  object-position: 44% 69%;\n}\n<\/style>\n  <\/div>\n\n\n\t<div id=\"gap-1715980485\" class=\"gap-element clearfix\" style=\"display:block; height:auto;\">\n\t\t\n<style>\n#gap-1715980485 {\n  padding-top: 30px;\n}\n<\/style>\n\t<\/div>\n\t\n<div class=\"row\"  id=\"row-742870785\">\n\n\t<div id=\"col-825670407\" class=\"col medium-3 small-12 large-3 col-divided\"  >\n\t\t\t\t<div class=\"col-inner\"  >\n\t\t\t\n\t\t\t\n<div><div class=\"menu-unternehmen-container\"><ul id=\"menu-unternehmen\" class=\"sb_navigation_ueber-uns\"><li id=\"menu-item-131\" class=\"menu-item menu-item-type-post_type menu-item-object-page menu-item-has-children menu-item-131\"><a href=\"https:\/\/www.lindner.ch\/de\/ueber-uns\/\">\u00dcber uns<\/a>\n<ul class=\"sub-menu\">\n\t<li id=\"menu-item-136\" class=\"menu-item menu-item-type-taxonomy menu-item-object-category menu-item-136\"><a href=\"https:\/\/www.lindner.ch\/de\/news\/aktuelles\/\">Aktuelles<\/a><\/li>\n\t<li id=\"menu-item-713\" class=\"menu-item menu-item-type-post_type menu-item-object-page menu-item-713\"><a href=\"https:\/\/www.lindner.ch\/de\/ueber-uns\/team\/\">Team<\/a><\/li>\n\t<li id=\"menu-item-714\" class=\"menu-item menu-item-type-post_type menu-item-object-page menu-item-714\"><a href=\"https:\/\/www.lindner.ch\/de\/ueber-uns\/jobs\/\">Jobs<\/a><\/li>\n<\/ul>\n<\/li>\n<li id=\"menu-item-6299\" class=\"menu-item menu-item-type-post_type menu-item-object-page menu-item-6299\"><a href=\"https:\/\/www.lindner.ch\/de\/nachhaltigkeit-agenda-2030\/\">Nachhaltigkeit \/ Agenda 2030<\/a><\/li>\n<li id=\"menu-item-134\" class=\"menu-item menu-item-type-post_type menu-item-object-page menu-item-134\"><a href=\"https:\/\/www.lindner.ch\/de\/zertifikate\/\">Zertifikate<\/a><\/li>\n<li id=\"menu-item-133\" class=\"menu-item menu-item-type-post_type menu-item-object-page menu-item-133\"><a href=\"https:\/\/www.lindner.ch\/de\/presse-medien\/\">Presse\/Medien<\/a><\/li>\n<li id=\"menu-item-4043\" class=\"menu-item menu-item-type-post_type menu-item-object-page menu-item-4043\"><a href=\"https:\/\/www.lindner.ch\/de\/newsletter\/\">Newsletter<\/a><\/li>\n<li id=\"menu-item-3478\" class=\"menu-item menu-item-type-post_type menu-item-object-page menu-item-3478\"><a href=\"https:\/\/www.lindner.ch\/de\/impressum\/\">Impressum<\/a><\/li>\n<li id=\"menu-item-3479\" class=\"menu-item menu-item-type-post_type menu-item-object-page menu-item-3479\"><a href=\"https:\/\/www.lindner.ch\/de\/agb\/\">AGB<\/a><\/li>\n<li id=\"menu-item-132\" class=\"menu-item menu-item-type-post_type menu-item-object-page menu-item-132\"><a href=\"https:\/\/www.lindner.ch\/de\/kontakt\/\">Kontakt<\/a><\/li>\n<\/ul><\/div><\/div>\n\t\t<\/div>\n\t\t\t\t\t<\/div>\n\n\t\n\n\t<div id=\"col-1860883856\" class=\"col medium-9 small-12 large-9\"  >\n\t\t\t\t<div class=\"col-inner\"  >\n\t\t\t\n\t\t\t\n<div class=\"row\"  id=\"row-1291014525\">\n\n\t<div id=\"col-715025624\" class=\"col small-12 large-12\"  >\n\t\t\t\t<div class=\"col-inner\"  >\n\t\t\t\n\t\t\t\n<h1>Impressum<\/h1>\n<h2>Herausgeberin<\/h2>\n<p>Lindner Suisse GmbH<br \/>Bleikenstrasse 98<br \/>CH-9630 Wattwil<\/p>\n<p>Tel.: +41 (0)71 987 61 51<br \/>Fax: \u00a0+41 (0)71 987 61 59<br \/>E-Mail: holzwolle(at)lindner.ch<\/p>\n<p>UID: CHE-108.409.273 MWST<br \/>MWST: 399 005<br \/>HR-Nummer: CH-320.4.040.398-8<br \/>Gesch\u00e4ftsf\u00fchrung: Thomas Wildberger<\/p>\n<h2>Technische Realisierung<\/h2>\n<p>siebenberge gmbh<br \/>Toggenburgerstrasse 29<br \/>CH-9652 Neu St. Johann SG<\/p>\n<p><a title=\"siebenberge: Digitalagentur aus dem Toggenburg\" href=\"https:\/\/www.siebenberge.com\" target=\"_blank\" rel=\"noopener noreferrer\">www.siebenberge.com<\/a><\/p>\n<h2>Zahlungsl\u00f6sung<\/h2>\n<p><a title=\"siebenberge: Digitalagentur aus dem Toggenburg\" href=\"https:\/\/www.zahls.ch\" target=\"_blank\" rel=\"noopener noreferrer\">zahls.ch \u2013 ein Service der siebenberge gmbh<\/a><\/p>\n<h2>Haftungsausschluss (Disclaimer)<\/h2>\n<p>Haftung f\u00fcr Inhalte: Die Inhalte unserer Seiten wurden mit gr\u00f6sster Sorgfalt gepr\u00fcft. F\u00fcr die Richtigkeit, Vollst\u00e4ndigkeit und Aktualit\u00e4t der Inhalte k\u00f6nnen wir jedoch keine Gew\u00e4hr \u00fcbernehmen.<\/p>\n\t\t<\/div>\n\t\t\t\t\t<\/div>\n\n\t\n<\/div>\n\t\t<\/div>\n\t\t\t\t\t<\/div>\n\n\t\n<\/div>\n","protected":false},"excerpt":{"rendered":"","protected":false},"author":2,"featured_media":0,"parent":0,"menu_order":0,"comment_status":"closed","ping_status":"closed","template":"","meta":{"inline_featured_image":false,"footnotes":""},"class_list":["post-75","page","type-page","status-publish","hentry"],"_links":{"self":[{"href":"https:\/\/www.lindner.ch\/de\/wp-json\/wp\/v2\/pages\/75","targetHints":{"allow":["GET"]}}],"collection":[{"href":"https:\/\/www.lindner.ch\/de\/wp-json\/wp\/v2\/pages"}],"about":[{"href":"https:\/\/www.lindner.ch\/de\/wp-json\/wp\/v2\/types\/page"}],"author":[{"embeddable":true,"href":"https:\/\/www.lindner.ch\/de\/wp-json\/wp\/v2\/users\/2"}],"replies":[{"embeddable":true,"href":"https:\/\/www.lindner.ch\/de\/wp-json\/wp\/v2\/comments?post=75"}],"version-history":[{"count":8,"href":"https:\/\/www.lindner.ch\/de\/wp-json\/wp\/v2\/pages\/75\/revisions"}],"predecessor-version":[{"id":3826,"href":"https:\/\/www.lindner.ch\/de\/wp-json\/wp\/v2\/pages\/75\/revisions\/3826"}],"wp:attachment":[{"href":"https:\/\/www.lindner.ch\/de\/wp-json\/wp\/v2\/media?parent=75"}],"curies":[{"name":"wp","href":"https:\/\/api.w.org\/{rel}","templated":true}]}}