{"id":76,"date":"2020-09-23T11:43:21","date_gmt":"2020-09-23T09:43:21","guid":{"rendered":"https:\/\/wp.lindner.ch\/?page_id=76"},"modified":"2026-01-06T08:51:38","modified_gmt":"2026-01-06T07:51:38","slug":"agb","status":"publish","type":"page","link":"https:\/\/www.lindner.ch\/de\/agb\/","title":{"rendered":"AGB"},"content":{"rendered":"\n  <div class=\"banner has-hover banner_border_ueber-uns has-parallax\" id=\"banner-169938072\">\n          <div class=\"banner-inner fill\">\n        <div class=\"banner-bg fill\" data-parallax=\"-3\" data-parallax-container=\".banner\" data-parallax-background>\n            <img loading=\"lazy\" decoding=\"async\" width=\"1024\" height=\"261\" src=\"https:\/\/www.lindner.ch\/wp-content\/uploads\/2020\/11\/ueber-uns.jpg\" class=\"bg attachment-original size-original\" alt=\"\" \/>                                    \n                    <\/div>\n\t\t\n        <div class=\"banner-layers container\">\n            <div class=\"fill banner-link\"><\/div>            \n\n\n        <\/div>\n      <\/div>\n\n            \n<style>\n#banner-169938072 {\n  padding-top: 200px;\n  background-color: rgb(29, 41, 52);\n}\n#banner-169938072 .banner-bg img {\n  object-position: 44% 69%;\n}\n<\/style>\n  <\/div>\n\n\n\t<div id=\"gap-9187822\" class=\"gap-element clearfix\" style=\"display:block; height:auto;\">\n\t\t\n<style>\n#gap-9187822 {\n  padding-top: 30px;\n}\n<\/style>\n\t<\/div>\n\t\n<div class=\"row\"  id=\"row-922259495\">\n\n\t<div id=\"col-86626422\" class=\"col medium-3 small-12 large-3 col-divided\"  >\n\t\t\t\t<div class=\"col-inner\"  >\n\t\t\t\n\t\t\t\n<div><div class=\"menu-unternehmen-container\"><ul id=\"menu-unternehmen\" class=\"sb_navigation_ueber-uns\"><li id=\"menu-item-131\" class=\"menu-item menu-item-type-post_type menu-item-object-page menu-item-has-children menu-item-131\"><a href=\"https:\/\/www.lindner.ch\/de\/ueber-uns\/\">\u00dcber uns<\/a>\n<ul class=\"sub-menu\">\n\t<li id=\"menu-item-136\" class=\"menu-item menu-item-type-taxonomy menu-item-object-category menu-item-136\"><a href=\"https:\/\/www.lindner.ch\/de\/news\/aktuelles\/\">Aktuelles<\/a><\/li>\n\t<li id=\"menu-item-713\" class=\"menu-item menu-item-type-post_type menu-item-object-page menu-item-713\"><a href=\"https:\/\/www.lindner.ch\/de\/ueber-uns\/team\/\">Team<\/a><\/li>\n\t<li id=\"menu-item-714\" class=\"menu-item menu-item-type-post_type menu-item-object-page menu-item-714\"><a href=\"https:\/\/www.lindner.ch\/de\/ueber-uns\/jobs\/\">Jobs<\/a><\/li>\n<\/ul>\n<\/li>\n<li id=\"menu-item-6299\" class=\"menu-item menu-item-type-post_type menu-item-object-page menu-item-6299\"><a href=\"https:\/\/www.lindner.ch\/de\/nachhaltigkeit-agenda-2030\/\">Nachhaltigkeit \/ Agenda 2030<\/a><\/li>\n<li id=\"menu-item-134\" class=\"menu-item menu-item-type-post_type menu-item-object-page menu-item-134\"><a href=\"https:\/\/www.lindner.ch\/de\/zertifikate\/\">Zertifikate<\/a><\/li>\n<li id=\"menu-item-133\" class=\"menu-item menu-item-type-post_type menu-item-object-page menu-item-133\"><a href=\"https:\/\/www.lindner.ch\/de\/presse-medien\/\">Presse\/Medien<\/a><\/li>\n<li id=\"menu-item-4043\" class=\"menu-item menu-item-type-post_type menu-item-object-page menu-item-4043\"><a href=\"https:\/\/www.lindner.ch\/de\/newsletter\/\">Newsletter<\/a><\/li>\n<li id=\"menu-item-3478\" class=\"menu-item menu-item-type-post_type menu-item-object-page menu-item-3478\"><a href=\"https:\/\/www.lindner.ch\/de\/impressum\/\">Impressum<\/a><\/li>\n<li id=\"menu-item-3479\" class=\"menu-item menu-item-type-post_type menu-item-object-page menu-item-3479\"><a href=\"https:\/\/www.lindner.ch\/de\/agb\/\">AGB<\/a><\/li>\n<li id=\"menu-item-132\" class=\"menu-item menu-item-type-post_type menu-item-object-page menu-item-132\"><a href=\"https:\/\/www.lindner.ch\/de\/kontakt\/\">Kontakt<\/a><\/li>\n<\/ul><\/div><\/div>\n\t\t<\/div>\n\t\t\t\t\t<\/div>\n\n\t\n\n\t<div id=\"col-1263042748\" class=\"col medium-9 small-12 large-9\"  >\n\t\t\t\t<div class=\"col-inner\"  >\n\t\t\t\n\t\t\t\n<div class=\"row\"  id=\"row-775746595\">\n\n\t<div id=\"col-1169553306\" class=\"col small-12 large-12\"  >\n\t\t\t\t<div class=\"col-inner\"  >\n\t\t\t\n\t\t\t\n<h1>AGB<\/h1>\n<p><strong>1. Geltungsbereich der AGB<\/strong><\/p>\n<p>Diese allgemeinen Gesch\u00e4ftsbedingungen in ihrer zum Zeitpunkt der Bestellung g\u00fcltigen Fassung gelten f\u00fcr s\u00e4mtliche Gesch\u00e4ftsbeziehungen im Zusammenhang mit dem Kauf von Lindner-Produkten oder der Inanspruchnahme von Diensten und Dienstleistungen der Lindner Suisse GmbH (nachfolgend \u201eLindner\u201c).<\/p>\n<p>Durch seine Bestellung akzeptiert der Kunde\/die Kundin die vorliegenden allgemeinen Gesch\u00e4ftsbedingungen vollumf\u00e4nglich und unbeschr\u00e4nkt.<\/p>\n<p><strong>2. Produkteangebot<\/strong><\/p>\n<p>Allgemein f\u00fcr alle Produkte inkl. Howolis und Drenotube: Die in den Produktbeschrieben und\/oder erg\u00e4nzenden Katalogen aufgef\u00fchrten Informationen, Abbildungen und Erkl\u00e4rungen zu den Waren dienen lediglich der allgemeinen Erl\u00e4uterung und sind als solche unverbindlich. Insbesondere sind \u00c4nderungen im Design und in der Technik, welche die Funktionalit\u00e4t eines Produkts verbessern, sowie Irrtum bei Beschreibung, Abbildung und Preisangabe vorbehalten. Bei Grossmengen sowie bei Spezialanfertigungen sind Unter- und \u00dcberlieferungen je nach Auflagengr\u00f6sse bis zu 10% m\u00f6glich und vom K\u00e4ufer vorbehaltlos zu akzeptieren.<\/p>\n<p>Howolis und Drenotube: Der Kunde ist f\u00fcr den ordnungsgem\u00e4ssen Einbau der gelieferten Materialien selbst verantwortlich. Sowohl der Einbau als auch Schulung und Einweisung des Kunden\/der Kundin und seiner MitarbeiterInnen\/Sub-Unternehmer und Lieferanten geh\u00f6ren nicht zum Leistungsumfang.<\/p>\n<p>Die Produktinformationen und technischen Spezifikationen f\u00fcr Howolis-Produkte wurden nach bestem Wissen niedergeschrieben. Da die Art und Weise der Handhabung und der Installation ausserhalb unserer Kontrolle liegen, \u00fcbernimmt die Lindner Suisse GmbH keine Garantie oder Haftung f\u00fcr die Produkte, es sei denn, diese wurde vorg\u00e4ngig schriftlich f\u00fcr den speziellen Auftrag zugesichert. Wir k\u00f6nnen nicht garantieren, dass unsere Produkte unter widrigen Umst\u00e4nden ihre volle Wirkung entfalten, da dies von verschiedenen Variablen, wie z.B. Bodenbeschaffenheit, Art der Installation und besonders st\u00fcrmischen Wetterbedingungen abh\u00e4ngig ist. Technische \u00c4nderungen sowie \u00c4nderungen in Form, Gr\u00f6sse, Farbe und\/oder Gewicht und\/oder Abmessungen bleiben im Rahmen des Zumutbaren ausdr\u00fccklich vorbehalten. Erkennbare M\u00e4ngel sind unverz\u00fcglich nach Eingang der Lieferung am Bestimmungsort Lindner Suisse GmbH zu melden. Muster der beanstandeten Lieferung sind unverz\u00fcglich einzusenden. Bei Grossmengen sowie bei Spezialanfertigungen sind Unter-und \u00dcberlieferungen je nach Auflagengr\u00f6sse bis zu 10% m\u00f6glich und vom K\u00e4ufer vorbehaltlos zu akzeptieren.<\/p>\n<p><strong>3. Preise<\/strong><\/p>\n<p>Die Preisangaben sind ausschliesslich in Schweizer Franken aufgef\u00fchrt, exklusive Mehrwertsteuer, und verstehen sich unverpackt und unfranko ab Werk 9630 Wattwil. Nicht inbegriffen sind entstehende Bearbeitungs-, Porto- und Verpackungskosten. Diese werden gesondert verrechnet (siehe Punkt 5. Lieferkonditionen). Die Bezahlung s\u00e4mtlicher Bestellungen wird ausschliesslich in Schweizer Franken entgegengenommen. Lindner beh\u00e4lt sich das Recht vor, die Preise jederzeit zu \u00e4ndern. F\u00fcr die vom Kunden\/der Kundin bestellten Produkte gelten jedoch immer die zum Bestelldatum g\u00fcltigen und auf der Auftragsbest\u00e4tigung bzw. Rechnung angegebenen Preise.<\/p>\n<p><strong>4. Bestellung<\/strong><\/p>\n<p>Die Bestellung wird verbindlich nach ihrer Annahme bzw. der Auftragsbest\u00e4tigung bzw. Rechnung der Lindner. Mit seiner Bestellung akzeptiert der Kunde\/die Kundin die vorliegenden allgemeinen Gesch\u00e4ftsbedingungen g\u00e4nzlich und unbeschr\u00e4nkt. Lindner beh\u00e4lt sich das Recht vor, eine Bestellung eines Kunden\/einer Kundin ohne Begr\u00fcndung abzulehnen.\u00a0<\/p>\n<p>Der Liefervertrag kommt auch bei der Bestellung \u00fcber das Internet erst mit der Auftragsbest\u00e4tigung bzw. der Rechnung durch die Lindner zustande.<\/p>\n<p><strong>5. Lieferkonditionen<\/strong><\/p>\n<ul>\n<li>Liefergebiet: Das Liefergebiet beschr\u00e4nkt sich auf die Schweiz und das F\u00fcrstentum Liechtenstein. Auf Anfrage sind nach M\u00f6glichkeit auch Lieferungen in andere L\u00e4nder m\u00f6glich.<\/li>\n<li>Lieferkosten: Pro Internetbestellung werden die entsprechenden Bearbeitungs-, Porto- und Verpackungskosten individuell berechnet und in der Auftragsbest\u00e4tigung ausgewiesen.<\/li>\n<li>Avis: Soll eine Lieferung durch den Chauffeur telefonisch avisiert werden, wird eine Geb\u00fchr von CHF 7.00 f\u00e4llig.<\/li>\n<li>Lieferfristen: Der Versand erfolgt in der Regel innerhalb von 3 &#8211; 5 Werktagen. Sollten die bestellten Artikel nicht am Lager vorr\u00e4tig sein, informiert Lindner den Kunden\/die Kundin via E-Mail oder Telefon.<\/li>\n<li>Mindestbestellwert: Der Warenwert der Bestellung muss mindestens CHF 50.00 betragen.<\/li>\n<\/ul>\n<p><strong>6. Verf\u00fcgbarkeit<\/strong><\/p>\n<p>Die Lieferung erfolgt solange Vorrat. Insbesondere saisonale Artikel oder Artikel in Aktion sind nur in beschr\u00e4nkten Mengen verf\u00fcgbar.<\/p>\n<p>Wird nach dem Bestelleingang festgestellt, dass die Lieferung nicht vollst\u00e4ndig erf\u00fcllt werden kann, da einzelne Produkte kurzfristig nicht erh\u00e4ltlich sind, teilt Lindner dies dem Kunden\/der Kundin umgehend mit.<\/p>\n<p><strong>7. Zahlungsmodalit\u00e4ten<\/strong><\/p>\n<p>Nach Abschluss der Bestellung erh\u00e4lt der Kunde ein Best\u00e4tigungsmail (Internet-Shop) oder eine Auftragsbest\u00e4tigung. Die Bezahlung erfolgt durch Vorauskasse, Kreditkarte oder Rechnung. Erfolgt die Rechnungsstellung mit der Lieferung der bestellten Ware ist der ausstehende Rechnungsbetrag innert der auf der Auftragsbest\u00e4tigung festgelegten Frist auf das angegebene Bankkonto zugunsten der Lindner einzubezahlen. Bei nicht fristgerechter Bezahlung ist Lindner berechtigt, die nachfolgenden Bestellungen des Kunden\/der Kundin zu suspendieren und die Unkosten f\u00fcr Mahnungen dem Kunden\/der Kundin zu belasten. Eine Mahnung zieht automatisch die vor\u00fcbergehende Sperrung der Zahlungsmethode per Einzahlungsschein nach sich. Im Falle eines Inkassoverfahrens wird die Zahlungsmethode per Einzahlungsschein definitiv gesperrt.<\/p>\n<p>Lindner beh\u00e4lt sich weiter ausdr\u00fccklich vor, Anzahlungen zu verlangen oder per Nachnahme zu liefern. Lindner kann eine Bestellung annullieren oder suspendieren, falls ihr der Kunde\/die Kundin nicht als kreditw\u00fcrdig erscheint, er oder sie eine oder mehrere ausstehende Rechnungen bei Lindner hat oder falls begr\u00fcndeter Verdacht auf betr\u00fcgerische Absichten besteht.<\/p>\n<p>Bankspesen gehen zu Lasten des Kunden.<\/p>\n<p><strong>7a. Verzug<\/strong><\/p>\n<p>Kommt der Kunde\/die Kundin in Zahlungsverzug, so ist Lindner berechtigt, Verzugszinsen in H\u00f6he von 5% p.a. zu verrechnen. Falls Lindner ein h\u00f6herer Verzugsschaden entstanden ist, ist Lindner berechtigt, diesen geltend zu machen.<\/p>\n<p><strong>8. Beanstandungen<\/strong><\/p>\n<p>Es obliegt dem Kunden, die Ware sofort bei der Lieferung zu \u00fcberpr\u00fcfen und eventuelle M\u00e4ngel oder Abweichungen von seiner Bestellung zu beanstanden. Kleine Farb- und Gestaltungsabweichungen gelten nicht als M\u00e4ngel. Beanstandungen m\u00fcssen Lindner umgehend nach der Lieferung schriftlich mitgeteilt werden.<\/p>\n<p><strong>9. Vertragsaufl\u00f6sende Bestimmung<\/strong><\/p>\n<p>Sollte der Kunde\/die Kundin einer seiner Verpflichtungen nicht oder teilweise nicht nachkommen oder einen Zahlungstermin nicht einhalten, so beh\u00e4lt sich Lindner das Recht vor, entweder die sofortige Zahlung s\u00e4mtlicher noch ausstehenden Betr\u00e4ge, welcher Art sie auch seien, zu fordern, s\u00e4mtliche Lieferungen einzustellen oder laufende Vertr\u00e4ge aufzul\u00f6sen.<\/p>\n<p><strong>10. Sicherheit \/ Datenschutz<\/strong><\/p>\n<p>Eine sichere \u00dcbertragung der Daten sowie ein optimaler Schutz der Privatsph\u00e4re der Kunden sind Lindner wichtig. Lindner beh\u00e4lt sich das Recht vor, die Email Adresse f\u00fcr einen E-Newsletter zu verwenden. Der Kunde\/die Kundin kann diesen jederzeit stoppen und seine Adresse l\u00f6schen lassen. Die pers\u00f6nlichen Daten werden vertraulich behandelt und nicht an Dritte weitergegeben.<\/p>\n<p><strong>11. Kundendienst<\/strong><\/p>\n<p>Es stehen folgende Kontaktm\u00f6glichkeiten zur Verf\u00fcgung:<\/p>\n<ul>\n<li>Kundendienst-Telefon: +41 (0)71 987 61 51<\/li>\n<li>Kundendienst-Fax: +41 (0)71 987 61 59<\/li>\n<li>E-Mail: holzwolle(at)lindner.ch<\/li>\n<\/ul>\n<p><strong>12. Eigentumsvorbehalt<\/strong><\/p>\n<p>Die gelieferten Waren bleiben bis zur vollst\u00e4ndigen Bezahlung Eigentum der Lindner Suisse GmbH, 9630 Wattwil.<\/p>\n<p><strong>13. Anwendbares Recht und Gerichtsstand<\/strong><\/p>\n<p>Soweit zwischen dem Kunden\/der Kundin der Lindner und der Lindner ein Rechtsverh\u00e4ltnis begr\u00fcndet worden ist, untersteht dieses ausschliesslich Schweizerischem Recht. Als ausschliesslicher Gerichtsstand gilt der Sitz der Lindner Suisse GmbH in 9630 Wattwil.<\/p>\n[Stand: Januar 2026]\n\t\t<\/div>\n\t\t\t\t\t<\/div>\n\n\t\n<\/div>\n\t\t<\/div>\n\t\t\t\t\t<\/div>\n\n\t\n<\/div>\n","protected":false},"excerpt":{"rendered":"","protected":false},"author":2,"featured_media":0,"parent":0,"menu_order":0,"comment_status":"closed","ping_status":"closed","template":"","meta":{"inline_featured_image":false,"footnotes":""},"class_list":["post-76","page","type-page","status-publish","hentry"],"_links":{"self":[{"href":"https:\/\/www.lindner.ch\/de\/wp-json\/wp\/v2\/pages\/76","targetHints":{"allow":["GET"]}}],"collection":[{"href":"https:\/\/www.lindner.ch\/de\/wp-json\/wp\/v2\/pages"}],"about":[{"href":"https:\/\/www.lindner.ch\/de\/wp-json\/wp\/v2\/types\/page"}],"author":[{"embeddable":true,"href":"https:\/\/www.lindner.ch\/de\/wp-json\/wp\/v2\/users\/2"}],"replies":[{"embeddable":true,"href":"https:\/\/www.lindner.ch\/de\/wp-json\/wp\/v2\/comments?post=76"}],"version-history":[{"count":14,"href":"https:\/\/www.lindner.ch\/de\/wp-json\/wp\/v2\/pages\/76\/revisions"}],"predecessor-version":[{"id":8701,"href":"https:\/\/www.lindner.ch\/de\/wp-json\/wp\/v2\/pages\/76\/revisions\/8701"}],"wp:attachment":[{"href":"https:\/\/www.lindner.ch\/de\/wp-json\/wp\/v2\/media?parent=76"}],"curies":[{"name":"wp","href":"https:\/\/api.w.org\/{rel}","templated":true}]}}