{"id":772,"date":"2020-10-21T14:25:18","date_gmt":"2020-10-21T12:25:18","guid":{"rendered":"https:\/\/wp.lindner.ch\/?page_id=772"},"modified":"2026-04-14T08:41:33","modified_gmt":"2026-04-14T06:41:33","slug":"garten-hobby","status":"publish","type":"page","link":"https:\/\/www.lindner.ch\/de\/holzwolle-manufaktur\/garten-hobby\/","title":{"rendered":"Garten \/ Hobby"},"content":{"rendered":"\n  <div class=\"banner has-hover banner_border has-parallax\" id=\"banner-1770426255\">\n          <div class=\"banner-inner fill\">\n        <div class=\"banner-bg fill\" data-parallax=\"-3\" data-parallax-container=\".banner\" data-parallax-background>\n            <img loading=\"lazy\" decoding=\"async\" width=\"2560\" height=\"1575\" src=\"https:\/\/www.lindner.ch\/wp-content\/uploads\/2020\/10\/Lindner_Suisse-scaled.jpg\" class=\"bg attachment-original size-original\" alt=\"\" \/>                                    \n                    <\/div>\n\t\t\n        <div class=\"banner-layers container\">\n            <div class=\"fill banner-link\"><\/div>            \n\n\n        <\/div>\n      <\/div>\n\n            \n<style>\n#banner-1770426255 {\n  padding-top: 200px;\n  background-color: rgb(46, 171, 96);\n}\n#banner-1770426255 .banner-bg img {\n  object-position: 54% 55%;\n}\n<\/style>\n  <\/div>\n\n\n\t<div id=\"gap-501761287\" class=\"gap-element clearfix\" style=\"display:block; height:auto;\">\n\t\t\n<style>\n#gap-501761287 {\n  padding-top: 30px;\n}\n<\/style>\n\t<\/div>\n\t\n<div class=\"row\"  id=\"row-1604755911\">\n\n\t<div id=\"col-1699369770\" class=\"col medium-3 small-12 large-3 col-divided\"  >\n\t\t\t\t<div class=\"col-inner\"  >\n\t\t\t\n\t\t\t\n<div class=\"menu-holzwolle-container\"><ul id=\"menu-holzwolle\" class=\"sb_navigation_holzwolle\"><li id=\"menu-item-745\" class=\"menu-item menu-item-type-post_type menu-item-object-page menu-item-745\"><a href=\"https:\/\/www.lindner.ch\/de\/holzwolle-manufaktur\/\">Holzwolle Manufaktur<\/a><\/li>\n<li id=\"menu-item-747\" class=\"menu-item menu-item-type-post_type menu-item-object-page menu-item-has-children menu-item-747\"><a href=\"https:\/\/www.lindner.ch\/de\/holzwolle-manufaktur\/verpacken-logistik\/\">Verpacken \/ Logistik<\/a>\n<ul class=\"sub-menu\">\n\t<li id=\"menu-item-751\" class=\"menu-item menu-item-type-post_type menu-item-object-page menu-item-751\"><a href=\"https:\/\/www.lindner.ch\/de\/holzwolle-manufaktur\/verpacken-logistik\/spediline-classic\/\">spediline classic<\/a><\/li>\n\t<li id=\"menu-item-750\" class=\"menu-item menu-item-type-post_type menu-item-object-page menu-item-750\"><a href=\"https:\/\/www.lindner.ch\/de\/holzwolle-manufaktur\/verpacken-logistik\/spediline-food\/\">spediline food<\/a><\/li>\n\t<li id=\"menu-item-749\" class=\"menu-item menu-item-type-post_type menu-item-object-page menu-item-749\"><a href=\"https:\/\/www.lindner.ch\/de\/holzwolle-manufaktur\/verpacken-logistik\/spediline-extra\/\">spediline extra<\/a><\/li>\n\t<li id=\"menu-item-748\" class=\"menu-item menu-item-type-post_type menu-item-object-page menu-item-748\"><a href=\"https:\/\/www.lindner.ch\/de\/holzwolle-manufaktur\/verpacken-logistik\/deko-holzwolle-ostergras\/\">Deko-Holzwolle \/ Ostergras<\/a><\/li>\n<\/ul>\n<\/li>\n<li id=\"menu-item-746\" class=\"menu-item menu-item-type-post_type menu-item-object-page menu-item-has-children menu-item-746\"><a href=\"https:\/\/www.lindner.ch\/de\/holzwolle-manufaktur\/tierhygiene\/\">Tierhygiene<\/a>\n<ul class=\"sub-menu\">\n\t<li id=\"menu-item-857\" class=\"menu-item menu-item-type-post_type menu-item-object-page menu-item-857\"><a href=\"https:\/\/www.lindner.ch\/de\/holzwolle-manufaktur\/tierhygiene\/agroclean-euterholzwolle\/\">agroclean\u00ae Euterholzwolle<\/a><\/li>\n<\/ul>\n<\/li>\n<li id=\"menu-item-843\" class=\"menu-item menu-item-type-post_type menu-item-object-page menu-item-has-children menu-item-843\"><a href=\"https:\/\/www.lindner.ch\/de\/holzwolle-manufaktur\/garten-hobby\/\">Garten \/ Hobby<\/a>\n<ul class=\"sub-menu\">\n\t<li id=\"menu-item-844\" class=\"menu-item menu-item-type-post_type menu-item-object-page menu-item-844\"><a href=\"https:\/\/www.lindner.ch\/de\/holzwolle-manufaktur\/garten-hobby\/agrohobby\/\">agrohobby<\/a><\/li>\n\t<li id=\"menu-item-846\" class=\"menu-item menu-item-type-post_type menu-item-object-page menu-item-846\"><a href=\"https:\/\/www.lindner.ch\/de\/holzwolle-manufaktur\/garten-hobby\/howolis-erosionsschutzvlies\/\">Howolis Erosionsschutzvlies<\/a><\/li>\n\t<li id=\"menu-item-845\" class=\"menu-item menu-item-type-post_type menu-item-object-page menu-item-845\"><a href=\"https:\/\/www.lindner.ch\/de\/holzwolle-manufaktur\/garten-hobby\/deko-holzwolle-ostergras\/\">Deko-Holzwolle \/ Ostergras<\/a><\/li>\n<\/ul>\n<\/li>\n<li id=\"menu-item-839\" class=\"menu-item menu-item-type-post_type menu-item-object-page menu-item-has-children menu-item-839\"><a href=\"https:\/\/www.lindner.ch\/de\/holzwolle-manufaktur\/flamtastic-anzuendhilfen\/\">Flamtastic Anz\u00fcndhilfen<\/a>\n<ul class=\"sub-menu\">\n\t<li id=\"menu-item-840\" class=\"menu-item menu-item-type-post_type menu-item-object-page menu-item-840\"><a href=\"https:\/\/www.lindner.ch\/de\/holzwolle-manufaktur\/flamtastic-anzuendhilfen\/flamtastic\/\">Flamtastic<\/a><\/li>\n\t<li id=\"menu-item-4811\" class=\"menu-item menu-item-type-post_type menu-item-object-page menu-item-4811\"><a href=\"https:\/\/www.lindner.ch\/de\/holzwolle-manufaktur\/flamtastic-anzuendhilfen\/zuendstreusel\/\">Z\u00fcndstreusel<\/a><\/li>\n\t<li id=\"menu-item-841\" class=\"menu-item menu-item-type-post_type menu-item-object-page menu-item-841\"><a href=\"https:\/\/www.lindner.ch\/de\/holzwolle-manufaktur\/flamtastic-anzuendhilfen\/flamtastic-werbegeschenk\/\">Flamtastic als Werbegeschenk<\/a><\/li>\n\t<li id=\"menu-item-842\" class=\"menu-item menu-item-type-post_type menu-item-object-page menu-item-842\"><a href=\"https:\/\/www.lindner.ch\/de\/holzwolle-manufaktur\/flamtastic-anzuendhilfen\/rosto-cleaner\/\">Rosto-Cleaner<\/a><\/li>\n<\/ul>\n<\/li>\n<li id=\"menu-item-849\" class=\"menu-item menu-item-type-post_type menu-item-object-page menu-item-has-children menu-item-849\"><a href=\"https:\/\/www.lindner.ch\/de\/holzwolle-manufaktur\/howolis-erosionsschutz-drainage-faschinen-abdichtungsmatten\/\">Howolis Holzwolle<\/a>\n<ul class=\"sub-menu\">\n\t<li id=\"menu-item-853\" class=\"menu-item menu-item-type-post_type menu-item-object-page menu-item-853\"><a href=\"https:\/\/www.lindner.ch\/de\/holzwolle-manufaktur\/howolis-erosionsschutz-drainage-faschinen-abdichtungsmatten\/howolis-erosionsschutzvlies\/\">Howolis Erosionsschutzvlies<\/a><\/li>\n\t<li id=\"menu-item-5826\" class=\"menu-item menu-item-type-post_type menu-item-object-page menu-item-5826\"><a href=\"https:\/\/www.lindner.ch\/de\/holzwolle-manufaktur\/howolis-erosionsschutz-drainage-faschinen-abdichtungsmatten\/howolis-abdeckvlies-schutzvlies-typ-40-baustellenabdeckung\/\">Howolis Abdeckvlies\/Schutzvlies<\/a><\/li>\n\t<li id=\"menu-item-855\" class=\"menu-item menu-item-type-post_type menu-item-object-page menu-item-855\"><a href=\"https:\/\/www.lindner.ch\/de\/holzwolle-manufaktur\/howolis-erosionsschutz-drainage-faschinen-abdichtungsmatten\/howolis-q-faschine\/\">Howolis Q-Faschine<\/a><\/li>\n\t<li id=\"menu-item-5216\" class=\"menu-item menu-item-type-post_type menu-item-object-page menu-item-5216\"><a href=\"https:\/\/www.lindner.ch\/de\/holzwolle-manufaktur\/howolis-erosionsschutz-drainage-faschinen-abdichtungsmatten\/howolis-quickquader-faschinen\/\">Howolis Quickquader-Faschinen<\/a><\/li>\n\t<li id=\"menu-item-851\" class=\"menu-item menu-item-type-post_type menu-item-object-page menu-item-851\"><a href=\"https:\/\/www.lindner.ch\/de\/holzwolle-manufaktur\/howolis-erosionsschutz-drainage-faschinen-abdichtungsmatten\/howolis-drenoroll\/\">Howolis Drenoroll Drainagerohr<\/a><\/li>\n\t<li id=\"menu-item-5098\" class=\"menu-item menu-item-type-post_type menu-item-object-page menu-item-5098\"><a href=\"https:\/\/www.lindner.ch\/de\/holzwolle-manufaktur\/howolis-erosionsschutz-drainage-faschinen-abdichtungsmatten\/howolis-drenogrid-drainagematte-abdichtungsmatte\/\">Howolis Drenogrid Abdichtungsmatte<\/a><\/li>\n\t<li id=\"menu-item-6678\" class=\"menu-item menu-item-type-post_type menu-item-object-page menu-item-6678\"><a href=\"https:\/\/www.lindner.ch\/de\/holzwolle-manufaktur\/howolis-erosionsschutz-drainage-faschinen-abdichtungsmatten\/howolis-snowfarming-schneedepots\/\">Howolis Snowfarming\/Schneedepots<\/a><\/li>\n\t<li id=\"menu-item-852\" class=\"menu-item menu-item-type-post_type menu-item-object-page menu-item-852\"><a href=\"https:\/\/www.lindner.ch\/de\/holzwolle-manufaktur\/howolis-erosionsschutz-drainage-faschinen-abdichtungsmatten\/howolis-early-green\/\">Howolis Early Green<\/a><\/li>\n\t<li id=\"menu-item-5099\" class=\"menu-item menu-item-type-post_type menu-item-object-page menu-item-5099\"><a href=\"https:\/\/www.lindner.ch\/de\/holzwolle-manufaktur\/howolis-erosionsschutz-drainage-faschinen-abdichtungsmatten\/holzwolle-lose-fuer-drainagen-spundwaende\/\">Holzwolle (lose) f\u00fcr Drainagen\/Spundw\u00e4nde<\/a><\/li>\n\t<li id=\"menu-item-854\" class=\"menu-item menu-item-type-post_type menu-item-object-page menu-item-854\"><a href=\"https:\/\/www.lindner.ch\/de\/holzwolle-manufaktur\/howolis-erosionsschutz-drainage-faschinen-abdichtungsmatten\/howolis-hilfsmaterial\/\">Howolis Hilfsmaterial<\/a><\/li>\n\t<li id=\"menu-item-850\" class=\"menu-item menu-item-type-post_type menu-item-object-page menu-item-850\"><a href=\"https:\/\/www.lindner.ch\/de\/holzwolle-manufaktur\/howolis-erosionsschutz-drainage-faschinen-abdichtungsmatten\/drenotube\/\">drenotube \u00ae Drainagen<\/a><\/li>\n<\/ul>\n<\/li>\n<li id=\"menu-item-848\" class=\"menu-item menu-item-type-post_type menu-item-object-page menu-item-848\"><a href=\"https:\/\/www.lindner.ch\/de\/holzwolle-manufaktur\/gesichtsmasken-mit-holzwolle\/\">Gesichtsmasken mit Holzwolle<\/a><\/li>\n<li id=\"menu-item-838\" class=\"menu-item menu-item-type-post_type menu-item-object-page menu-item-838\"><a href=\"https:\/\/www.lindner.ch\/de\/holzwolle-manufaktur\/die-geschichte-der-holzwolle\/\">Die Geschichte der Holzwolle<\/a><\/li>\n<li id=\"menu-item-3243\" class=\"menu-item menu-item-type-post_type menu-item-object-page menu-item-3243\"><a href=\"https:\/\/www.lindner.ch\/de\/holzwolle-manufaktur\/ausstellungen-messen\/\">Ausstellungen \/ Messen<\/a><\/li>\n<\/ul><\/div>\n\t\t<\/div>\n\t\t\t\t\t<\/div>\n\n\t\n\n\t<div id=\"col-211066890\" class=\"col medium-9 small-12 large-9\"  >\n\t\t\t\t<div class=\"col-inner\"  >\n\t\t\t\n\t\t\t\n<div class=\"row\"  id=\"row-413091162\">\n\n\t<div id=\"col-1693581033\" class=\"col medium-9 small-12 large-9\"  >\n\t\t\t\t<div class=\"col-inner\"  >\n\t\t\t\n\t\t\t\n<h1>agrohobby<\/h1>\n<p><strong>Schreckt Schnecken sicher ab!<\/strong><\/p>\n<p>agrohobby ist ein reines Naturprodukt aus Schweizer Qualit\u00e4tsholz zum Unterlegen von Erdbeeren, Gurken, Melonen, K\u00fcrbissen und Zucchini. Herk\u00f6mmliche Holzwolle ist daf\u00fcr nicht geeignet. Denn aufgrund der Auswahl an ausgew\u00e4hlten H\u00f6lzern und durch das einzigartige Lindner Suisse-Herstellungsverfahren wird nur agrohobby Garten-Holzwolle so verarbeitet, dass Schnecken sie meiden. Aufgrund des speziellen Schnitts bleibt die Holzwollefaser stabil und h\u00e4lt die Spannung f\u00fcr die aufliegenden Fr\u00fcchte. <a title=\"agrohobby\" href=\"https:\/\/www.lindner.ch\/de\/holzwolle-manufaktur\/garten-hobby\/agrohobby\/\">Mehr erfahren&#8230;<\/a><a href=\"https:\/\/www.lindner.ch\/agrohobby.html\"><br \/><\/a><\/p>\n\t\t<\/div>\n\t\t\t\t\t<\/div>\n\n\t\n\n\t<div id=\"col-559424414\" class=\"col medium-3 small-12 large-3\"  >\n\t\t\t\t<div class=\"col-inner\"  >\n\t\t\t\n\t\t\t\n\t<div class=\"img has-hover x md-x lg-x y md-y lg-y\" id=\"image_1251187575\">\n\t\t\t\t\t\t\t\t<div class=\"img-inner dark\" >\n\t\t\t<img loading=\"lazy\" decoding=\"async\" width=\"480\" height=\"250\" src=\"https:\/\/www.lindner.ch\/wp-content\/uploads\/2020\/10\/agrohobby_Logo-3347c3b4.jpg\" class=\"attachment-large size-large\" alt=\"\" srcset=\"https:\/\/www.lindner.ch\/wp-content\/uploads\/2020\/10\/agrohobby_Logo-3347c3b4.jpg 480w, https:\/\/www.lindner.ch\/wp-content\/uploads\/2020\/10\/agrohobby_Logo-3347c3b4-300x156.jpg 300w\" sizes=\"auto, (max-width: 480px) 100vw, 480px\" \/>\t\t\t\t\t\t\n\t\t\t\t\t<\/div>\n\t\t\t\t\t\t\t\t\n<style>\n#image_1251187575 {\n  width: 100%;\n}\n<\/style>\n\t<\/div>\n\t\n\t\t<\/div>\n\t\t\t\t\t<\/div>\n\n\t\n<\/div>\n<div class=\"row\"  id=\"row-136761816\">\n\n\t<div id=\"col-2112957652\" class=\"col medium-9 small-12 large-9\"  >\n\t\t\t\t<div class=\"col-inner\"  >\n\t\t\t\n\t\t\t\n<h1>Howolis &#8211; Holzwolle<\/h1>\n<p>Ein Material, viele Einsatzgebiete: Das ist Howolis, das Holzwollevlies hergestellt aus 100% Schweizer Holz\/Naturfasern (<a href=\"https:\/\/www.holz-bois-legno.ch\/de\/leben-mit-holz\/label-schweizer-holz\/merkmale\" target=\"_blank\" rel=\"noopener\">Label Schweizer Holz<\/a>). Howolis bietet nat\u00fcrlichen und nachhaltigen Winter-, Erosions- und Unkrautschutz. Kurz \u2013 ein einzigartiges, hochwertiges und \u00f6kologisches Produkt, welches das Herz eines jeden Anwenders h\u00f6her schlagen l\u00e4sst. Zudem sind Howolis-Vliese die Schweizer Alternative zu importierten Naturfaservliesen. Hergestellt nach dem <a href=\"https:\/\/www.lindner.ch\/files\/content\/Downloads_Produktinformationen\/Lindner_Suisse_Howolis_Schweizer_Holzwolle_Standard.pdf\">Schweizer Holzwolle-Standard <\/a>weisen sie eine umweltschonende \u00d6kobilanz auf.<\/p>\n<p><a title=\"Howolis Erosionsschutzvlies\" href=\"https:\/\/www.lindner.ch\/de\/holzwolle-manufaktur\/garten-hobby\/howolis-erosionsschutzvlies\/\"><strong>Howolis Erosionsschutzvlies<\/strong><\/a>\u00a0\u2013 der nat\u00fcrliche Schutz gegen Wind- und Wassererosion<\/p>\n\t\t<\/div>\n\t\t\t\t\t<\/div>\n\n\t\n\n\t<div id=\"col-14985131\" class=\"col medium-3 small-12 large-3\"  >\n\t\t\t\t<div class=\"col-inner\"  >\n\t\t\t\n\t\t\t\n\t<div class=\"img has-hover x md-x lg-x y md-y lg-y\" id=\"image_1503868935\">\n\t\t\t\t\t\t\t\t<div class=\"img-inner dark\" >\n\t\t\t<img loading=\"lazy\" decoding=\"async\" width=\"480\" height=\"119\" src=\"https:\/\/www.lindner.ch\/wp-content\/uploads\/2020\/10\/Logo-Howolis-5b936cba.jpg\" class=\"attachment-large size-large\" alt=\"\" srcset=\"https:\/\/www.lindner.ch\/wp-content\/uploads\/2020\/10\/Logo-Howolis-5b936cba.jpg 480w, https:\/\/www.lindner.ch\/wp-content\/uploads\/2020\/10\/Logo-Howolis-5b936cba-300x74.jpg 300w\" sizes=\"auto, (max-width: 480px) 100vw, 480px\" \/>\t\t\t\t\t\t\n\t\t\t\t\t<\/div>\n\t\t\t\t\t\t\t\t\n<style>\n#image_1503868935 {\n  width: 100%;\n}\n<\/style>\n\t<\/div>\n\t\n\t\t<\/div>\n\t\t\t\t\t<\/div>\n\n\t\n<\/div>\n<div class=\"row\"  id=\"row-342389783\">\n\n\t<div id=\"col-418885522\" class=\"col small-12 large-12\"  >\n\t\t\t\t<div class=\"col-inner\"  >\n\t\t\t\n\t\t\t\n<h2>Unsere Produkte<\/h2>\n\n  \n    <div class=\"row large-columns-3 medium-columns- small-columns-2 row-small has-shadow row-box-shadow-1 row-box-shadow-2-hover\" >\n  <div class=\"page-col col\" >\n          <div class=\"col-inner\" >\n          <a class=\"block plain\" href=\"https:\/\/www.lindner.ch\/de\/holzwolle-manufaktur\/garten-hobby\/agrohobby\/\" title=\"agrohobby\" target=\"\">\n            <div class=\"page-box box has-hover box-default\">\n                  <div class=\"box-image\" >\n                      <div class=\"box-image\" >\n                                            <\/div>\n                                                              <\/div>\n                  <div class=\"box-text text-left is-large dark\" style=\"background-color:rgb(39, 174, 96);padding:8px 8px 8px 8px;\">\n                        <div class=\"box-text-inner\">\n                            <p>agrohobby<\/p>\n                        <\/div>\n                  <\/div>\n              <\/div>\n            <\/a>\n            <\/div>\n          <\/div><div class=\"page-col col\" >\n          <div class=\"col-inner\" >\n          <a class=\"block plain\" href=\"https:\/\/www.lindner.ch\/de\/holzwolle-manufaktur\/garten-hobby\/howolis-erosionsschutzvlies\/\" title=\"Howolis Erosionsschutzvlies\" target=\"\">\n            <div class=\"page-box box has-hover box-default\">\n                  <div class=\"box-image\" >\n                      <div class=\"box-image\" >\n                      <img loading=\"lazy\" decoding=\"async\" width=\"258\" height=\"300\" src=\"https:\/\/www.lindner.ch\/wp-content\/uploads\/2020\/12\/Howolis_Erosionsschutz-258x300.jpg\" class=\"attachment-medium size-medium\" alt=\"\" srcset=\"https:\/\/www.lindner.ch\/wp-content\/uploads\/2020\/12\/Howolis_Erosionsschutz-258x300.jpg 258w, https:\/\/www.lindner.ch\/wp-content\/uploads\/2020\/12\/Howolis_Erosionsschutz-880x1024.jpg 880w, https:\/\/www.lindner.ch\/wp-content\/uploads\/2020\/12\/Howolis_Erosionsschutz-768x893.jpg 768w, https:\/\/www.lindner.ch\/wp-content\/uploads\/2020\/12\/Howolis_Erosionsschutz-1321x1536.jpg 1321w, https:\/\/www.lindner.ch\/wp-content\/uploads\/2020\/12\/Howolis_Erosionsschutz-600x698.jpg 600w, https:\/\/www.lindner.ch\/wp-content\/uploads\/2020\/12\/Howolis_Erosionsschutz.jpg 1509w\" sizes=\"auto, (max-width: 258px) 100vw, 258px\" \/>                      <\/div>\n                                                              <\/div>\n                  <div class=\"box-text text-left is-large dark\" style=\"background-color:rgb(39, 174, 96);padding:8px 8px 8px 8px;\">\n                        <div class=\"box-text-inner\">\n                            <p>Howolis Erosionsschutzvlies<\/p>\n                        <\/div>\n                  <\/div>\n              <\/div>\n            <\/a>\n            <\/div>\n          <\/div><div class=\"page-col col\" >\n          <div class=\"col-inner\" >\n          <a class=\"block plain\" href=\"https:\/\/www.lindner.ch\/de\/holzwolle-manufaktur\/garten-hobby\/deko-holzwolle-ostergras\/\" title=\"Deko-Holzwolle \/ Ostergras\" target=\"\">\n            <div class=\"page-box box has-hover box-default\">\n                  <div class=\"box-image\" >\n                      <div class=\"box-image\" >\n                                            <\/div>\n                                                              <\/div>\n                  <div class=\"box-text text-left is-large dark\" style=\"background-color:rgb(39, 174, 96);padding:8px 8px 8px 8px;\">\n                        <div class=\"box-text-inner\">\n                            <p>Deko-Holzwolle \/ Ostergras<\/p>\n                        <\/div>\n                  <\/div>\n              <\/div>\n            <\/a>\n            <\/div>\n          <\/div><\/div>\n\t\t<\/div>\n\t\t\t\t\t<\/div>\n\n\t\n<\/div>\n\t\t<\/div>\n\t\t\t\t\t<\/div>\n\n\t\n<\/div>\n","protected":false},"excerpt":{"rendered":"","protected":false},"author":2,"featured_media":0,"parent":717,"menu_order":0,"comment_status":"closed","ping_status":"closed","template":"page-blank.php","meta":{"inline_featured_image":false,"footnotes":""},"class_list":["post-772","page","type-page","status-publish","hentry"],"_links":{"self":[{"href":"https:\/\/www.lindner.ch\/de\/wp-json\/wp\/v2\/pages\/772","targetHints":{"allow":["GET"]}}],"collection":[{"href":"https:\/\/www.lindner.ch\/de\/wp-json\/wp\/v2\/pages"}],"about":[{"href":"https:\/\/www.lindner.ch\/de\/wp-json\/wp\/v2\/types\/page"}],"author":[{"embeddable":true,"href":"https:\/\/www.lindner.ch\/de\/wp-json\/wp\/v2\/users\/2"}],"replies":[{"embeddable":true,"href":"https:\/\/www.lindner.ch\/de\/wp-json\/wp\/v2\/comments?post=772"}],"version-history":[{"count":16,"href":"https:\/\/www.lindner.ch\/de\/wp-json\/wp\/v2\/pages\/772\/revisions"}],"predecessor-version":[{"id":8837,"href":"https:\/\/www.lindner.ch\/de\/wp-json\/wp\/v2\/pages\/772\/revisions\/8837"}],"up":[{"embeddable":true,"href":"https:\/\/www.lindner.ch\/de\/wp-json\/wp\/v2\/pages\/717"}],"wp:attachment":[{"href":"https:\/\/www.lindner.ch\/de\/wp-json\/wp\/v2\/media?parent=772"}],"curies":[{"name":"wp","href":"https:\/\/api.w.org\/{rel}","templated":true}]}}