{"id":789,"date":"2020-10-21T14:36:02","date_gmt":"2020-10-21T12:36:02","guid":{"rendered":"https:\/\/wp.lindner.ch\/?page_id=789"},"modified":"2024-05-14T16:40:49","modified_gmt":"2024-05-14T14:40:49","slug":"flamtastic-anzuendhilfen","status":"publish","type":"page","link":"https:\/\/www.lindner.ch\/de\/holzwolle-manufaktur\/flamtastic-anzuendhilfen\/","title":{"rendered":"Flamtastic Anz\u00fcndhilfen"},"content":{"rendered":"\n  <div class=\"banner has-hover banner_border has-parallax\" id=\"banner-2035657339\">\n          <div class=\"banner-inner fill\">\n        <div class=\"banner-bg fill\" data-parallax=\"-3\" data-parallax-container=\".banner\" data-parallax-background>\n            <img loading=\"lazy\" decoding=\"async\" width=\"2560\" height=\"1575\" src=\"https:\/\/www.lindner.ch\/wp-content\/uploads\/2020\/10\/Lindner_Suisse-scaled.jpg\" class=\"bg attachment-original size-original\" alt=\"\" \/>                                    \n                    <\/div>\n\t\t\n        <div class=\"banner-layers container\">\n            <div class=\"fill banner-link\"><\/div>            \n\n\n        <\/div>\n      <\/div>\n\n            \n<style>\n#banner-2035657339 {\n  padding-top: 200px;\n  background-color: rgb(46, 171, 96);\n}\n#banner-2035657339 .banner-bg img {\n  object-position: 54% 55%;\n}\n<\/style>\n  <\/div>\n\n\n\t<div id=\"gap-1721186326\" class=\"gap-element clearfix\" style=\"display:block; height:auto;\">\n\t\t\n<style>\n#gap-1721186326 {\n  padding-top: 30px;\n}\n<\/style>\n\t<\/div>\n\t\n<div class=\"row\"  id=\"row-2031057517\">\n\n\t<div id=\"col-1679775184\" class=\"col medium-3 small-12 large-3 col-divided\"  >\n\t\t\t\t<div class=\"col-inner\"  >\n\t\t\t\n\t\t\t\n<div class=\"menu-holzwolle-container\"><ul id=\"menu-holzwolle\" class=\"sb_navigation_holzwolle\"><li id=\"menu-item-745\" class=\"menu-item menu-item-type-post_type menu-item-object-page menu-item-745\"><a href=\"https:\/\/www.lindner.ch\/de\/holzwolle-manufaktur\/\">Holzwolle Manufaktur<\/a><\/li>\n<li id=\"menu-item-747\" class=\"menu-item menu-item-type-post_type menu-item-object-page menu-item-has-children menu-item-747\"><a href=\"https:\/\/www.lindner.ch\/de\/holzwolle-manufaktur\/verpacken-logistik\/\">Verpacken \/ Logistik<\/a>\n<ul class=\"sub-menu\">\n\t<li id=\"menu-item-751\" class=\"menu-item menu-item-type-post_type menu-item-object-page menu-item-751\"><a href=\"https:\/\/www.lindner.ch\/de\/holzwolle-manufaktur\/verpacken-logistik\/spediline-classic\/\">spediline classic<\/a><\/li>\n\t<li id=\"menu-item-750\" class=\"menu-item menu-item-type-post_type menu-item-object-page menu-item-750\"><a href=\"https:\/\/www.lindner.ch\/de\/holzwolle-manufaktur\/verpacken-logistik\/spediline-food\/\">spediline food<\/a><\/li>\n\t<li id=\"menu-item-749\" class=\"menu-item menu-item-type-post_type menu-item-object-page menu-item-749\"><a href=\"https:\/\/www.lindner.ch\/de\/holzwolle-manufaktur\/verpacken-logistik\/spediline-extra\/\">spediline extra<\/a><\/li>\n\t<li id=\"menu-item-748\" class=\"menu-item menu-item-type-post_type menu-item-object-page menu-item-748\"><a href=\"https:\/\/www.lindner.ch\/de\/holzwolle-manufaktur\/verpacken-logistik\/deko-holzwolle-ostergras\/\">Deko-Holzwolle \/ Ostergras<\/a><\/li>\n<\/ul>\n<\/li>\n<li id=\"menu-item-746\" class=\"menu-item menu-item-type-post_type menu-item-object-page menu-item-has-children menu-item-746\"><a href=\"https:\/\/www.lindner.ch\/de\/holzwolle-manufaktur\/tierhygiene\/\">Tierhygiene<\/a>\n<ul class=\"sub-menu\">\n\t<li id=\"menu-item-857\" class=\"menu-item menu-item-type-post_type menu-item-object-page menu-item-857\"><a href=\"https:\/\/www.lindner.ch\/de\/holzwolle-manufaktur\/tierhygiene\/agroclean-euterholzwolle\/\">agroclean\u00ae Euterholzwolle<\/a><\/li>\n<\/ul>\n<\/li>\n<li id=\"menu-item-843\" class=\"menu-item menu-item-type-post_type menu-item-object-page menu-item-has-children menu-item-843\"><a href=\"https:\/\/www.lindner.ch\/de\/holzwolle-manufaktur\/garten-hobby\/\">Garten \/ Hobby<\/a>\n<ul class=\"sub-menu\">\n\t<li id=\"menu-item-844\" class=\"menu-item menu-item-type-post_type menu-item-object-page menu-item-844\"><a href=\"https:\/\/www.lindner.ch\/de\/holzwolle-manufaktur\/garten-hobby\/agrohobby\/\">agrohobby<\/a><\/li>\n\t<li id=\"menu-item-846\" class=\"menu-item menu-item-type-post_type menu-item-object-page menu-item-846\"><a href=\"https:\/\/www.lindner.ch\/de\/holzwolle-manufaktur\/garten-hobby\/howolis-erosionsschutzvlies\/\">Howolis Erosionsschutzvlies<\/a><\/li>\n\t<li id=\"menu-item-845\" class=\"menu-item menu-item-type-post_type menu-item-object-page menu-item-845\"><a href=\"https:\/\/www.lindner.ch\/de\/holzwolle-manufaktur\/garten-hobby\/deko-holzwolle-ostergras\/\">Deko-Holzwolle \/ Ostergras<\/a><\/li>\n<\/ul>\n<\/li>\n<li id=\"menu-item-839\" class=\"menu-item menu-item-type-post_type menu-item-object-page menu-item-has-children menu-item-839\"><a href=\"https:\/\/www.lindner.ch\/de\/holzwolle-manufaktur\/flamtastic-anzuendhilfen\/\">Flamtastic Anz\u00fcndhilfen<\/a>\n<ul class=\"sub-menu\">\n\t<li id=\"menu-item-840\" class=\"menu-item menu-item-type-post_type menu-item-object-page menu-item-840\"><a href=\"https:\/\/www.lindner.ch\/de\/holzwolle-manufaktur\/flamtastic-anzuendhilfen\/flamtastic\/\">Flamtastic<\/a><\/li>\n\t<li id=\"menu-item-4811\" class=\"menu-item menu-item-type-post_type menu-item-object-page menu-item-4811\"><a href=\"https:\/\/www.lindner.ch\/de\/holzwolle-manufaktur\/flamtastic-anzuendhilfen\/zuendstreusel\/\">Z\u00fcndstreusel<\/a><\/li>\n\t<li id=\"menu-item-841\" class=\"menu-item menu-item-type-post_type menu-item-object-page menu-item-841\"><a href=\"https:\/\/www.lindner.ch\/de\/holzwolle-manufaktur\/flamtastic-anzuendhilfen\/flamtastic-werbegeschenk\/\">Flamtastic als Werbegeschenk<\/a><\/li>\n\t<li id=\"menu-item-842\" class=\"menu-item menu-item-type-post_type menu-item-object-page menu-item-842\"><a href=\"https:\/\/www.lindner.ch\/de\/holzwolle-manufaktur\/flamtastic-anzuendhilfen\/rosto-cleaner\/\">Rosto-Cleaner<\/a><\/li>\n<\/ul>\n<\/li>\n<li id=\"menu-item-849\" class=\"menu-item menu-item-type-post_type menu-item-object-page menu-item-has-children menu-item-849\"><a href=\"https:\/\/www.lindner.ch\/de\/holzwolle-manufaktur\/howolis-erosionsschutz-drainage-faschinen-abdichtungsmatten\/\">Howolis Holzwolle<\/a>\n<ul class=\"sub-menu\">\n\t<li id=\"menu-item-853\" class=\"menu-item menu-item-type-post_type menu-item-object-page menu-item-853\"><a href=\"https:\/\/www.lindner.ch\/de\/holzwolle-manufaktur\/howolis-erosionsschutz-drainage-faschinen-abdichtungsmatten\/howolis-erosionsschutzvlies\/\">Howolis Erosionsschutzvlies<\/a><\/li>\n\t<li id=\"menu-item-5826\" class=\"menu-item menu-item-type-post_type menu-item-object-page menu-item-5826\"><a href=\"https:\/\/www.lindner.ch\/de\/holzwolle-manufaktur\/howolis-erosionsschutz-drainage-faschinen-abdichtungsmatten\/howolis-abdeckvlies-schutzvlies-typ-40-baustellenabdeckung\/\">Howolis Abdeckvlies\/Schutzvlies<\/a><\/li>\n\t<li id=\"menu-item-855\" class=\"menu-item menu-item-type-post_type menu-item-object-page menu-item-855\"><a href=\"https:\/\/www.lindner.ch\/de\/holzwolle-manufaktur\/howolis-erosionsschutz-drainage-faschinen-abdichtungsmatten\/howolis-q-faschine\/\">Howolis Q-Faschine<\/a><\/li>\n\t<li id=\"menu-item-5216\" class=\"menu-item menu-item-type-post_type menu-item-object-page menu-item-5216\"><a href=\"https:\/\/www.lindner.ch\/de\/holzwolle-manufaktur\/howolis-erosionsschutz-drainage-faschinen-abdichtungsmatten\/howolis-quickquader-faschinen\/\">Howolis Quickquader-Faschinen<\/a><\/li>\n\t<li id=\"menu-item-851\" class=\"menu-item menu-item-type-post_type menu-item-object-page menu-item-851\"><a href=\"https:\/\/www.lindner.ch\/de\/holzwolle-manufaktur\/howolis-erosionsschutz-drainage-faschinen-abdichtungsmatten\/howolis-drenoroll\/\">Howolis Drenoroll Drainagerohr<\/a><\/li>\n\t<li id=\"menu-item-5098\" class=\"menu-item menu-item-type-post_type menu-item-object-page menu-item-5098\"><a href=\"https:\/\/www.lindner.ch\/de\/holzwolle-manufaktur\/howolis-erosionsschutz-drainage-faschinen-abdichtungsmatten\/howolis-drenogrid-drainagematte-abdichtungsmatte\/\">Howolis Drenogrid Abdichtungsmatte<\/a><\/li>\n\t<li id=\"menu-item-6678\" class=\"menu-item menu-item-type-post_type menu-item-object-page menu-item-6678\"><a href=\"https:\/\/www.lindner.ch\/de\/holzwolle-manufaktur\/howolis-erosionsschutz-drainage-faschinen-abdichtungsmatten\/howolis-snowfarming-schneedepots\/\">Howolis Snowfarming\/Schneedepots<\/a><\/li>\n\t<li id=\"menu-item-852\" class=\"menu-item menu-item-type-post_type menu-item-object-page menu-item-852\"><a href=\"https:\/\/www.lindner.ch\/de\/holzwolle-manufaktur\/howolis-erosionsschutz-drainage-faschinen-abdichtungsmatten\/howolis-early-green\/\">Howolis Early Green<\/a><\/li>\n\t<li id=\"menu-item-5099\" class=\"menu-item menu-item-type-post_type menu-item-object-page menu-item-5099\"><a href=\"https:\/\/www.lindner.ch\/de\/holzwolle-manufaktur\/howolis-erosionsschutz-drainage-faschinen-abdichtungsmatten\/holzwolle-lose-fuer-drainagen-spundwaende\/\">Holzwolle (lose) f\u00fcr Drainagen\/Spundw\u00e4nde<\/a><\/li>\n\t<li id=\"menu-item-854\" class=\"menu-item menu-item-type-post_type menu-item-object-page menu-item-854\"><a href=\"https:\/\/www.lindner.ch\/de\/holzwolle-manufaktur\/howolis-erosionsschutz-drainage-faschinen-abdichtungsmatten\/howolis-hilfsmaterial\/\">Howolis Hilfsmaterial<\/a><\/li>\n\t<li id=\"menu-item-850\" class=\"menu-item menu-item-type-post_type menu-item-object-page menu-item-850\"><a href=\"https:\/\/www.lindner.ch\/de\/holzwolle-manufaktur\/howolis-erosionsschutz-drainage-faschinen-abdichtungsmatten\/drenotube\/\">drenotube \u00ae Drainagen<\/a><\/li>\n<\/ul>\n<\/li>\n<li id=\"menu-item-848\" class=\"menu-item menu-item-type-post_type menu-item-object-page menu-item-848\"><a href=\"https:\/\/www.lindner.ch\/de\/holzwolle-manufaktur\/gesichtsmasken-mit-holzwolle\/\">Gesichtsmasken mit Holzwolle<\/a><\/li>\n<li id=\"menu-item-838\" class=\"menu-item menu-item-type-post_type menu-item-object-page menu-item-838\"><a href=\"https:\/\/www.lindner.ch\/de\/holzwolle-manufaktur\/die-geschichte-der-holzwolle\/\">Die Geschichte der Holzwolle<\/a><\/li>\n<li id=\"menu-item-3243\" class=\"menu-item menu-item-type-post_type menu-item-object-page menu-item-3243\"><a href=\"https:\/\/www.lindner.ch\/de\/holzwolle-manufaktur\/ausstellungen-messen\/\">Ausstellungen \/ Messen<\/a><\/li>\n<\/ul><\/div>\n\t\t<\/div>\n\t\t\t\t\t<\/div>\n\n\t\n\n\t<div id=\"col-1225702695\" class=\"col medium-9 small-12 large-9\"  >\n\t\t\t\t<div class=\"col-inner\"  >\n\t\t\t\n\t\t\t\n<div class=\"row\"  id=\"row-1078145314\">\n\n\t<div id=\"col-2047559627\" class=\"col medium-9 small-12 large-9\"  >\n\t\t\t\t<div class=\"col-inner\"  >\n\t\t\t\n\t\t\t\n<h1>Flamtastic Anz\u00fcndhilfen<\/h1>\n<p class=\"p1\"><strong>Feuer? Aber nat\u00fcrlich!<\/strong><\/p>\n<p class=\"p1\">Flamtastic Anz\u00fcndhilfen werden aus Schweizer Qualit\u00e4tsholz hergestellt. Nach dem Vorbild traditioneller Handwerkskunst werden aus dem unbehandelten Holz gleichm\u00e4ssige, kompakte Seile gefertigt und anschliessend in praktische Sticks geschnitten. flamtastic Anz\u00fcndhilfen sind staubarm, frei von Holzschutzmitteln und Zusatzstoffen aller Art und nach dem <a href=\"https:\/\/www.lindner.ch\/files\/content\/Downloads_Produktinformationen\/Lindner_Suisse_Howolis_Schweizer_Holzwolle_Standard.pdf\">Schweizer Holzwolle-Standard<\/a> produziert. Premiumqualit\u00e4t mit langer Brenndauer.\u00a0<a href=\"https:\/\/www.lindner.ch\/de\/holzwolle-manufaktur\/flamtastic-anzuendhilfen\/flamtastic\/\">Mehr erfahren&#8230;<\/a><\/p>\n<h1>Z\u00fcndstreusel\u00a0 Anz\u00fcndhilfe<\/h1>\n<p>Z\u00fcndstreusel\u00a0 werden wie die Flamtastic Anz\u00fcndhilfen aus Schweizer Qualit\u00e4tsholz hergestellt. Die ideale Anz\u00fcndhilfe in loser Form. <a href=\"https:\/\/www.lindner.ch\/de\/holzwolle-manufaktur\/flamtastic-anzuendhilfen\/zuendstreusel\/\">Mehr erfahren&#8230;<\/a><\/p>\n\t\t<\/div>\n\t\t\t\t\t<\/div>\n\n\t\n\n\t<div id=\"col-795018645\" class=\"col medium-3 small-12 large-3\"  >\n\t\t\t\t<div class=\"col-inner\"  >\n\t\t\t\n\t\t\t\n\t<div class=\"img has-hover x md-x lg-x y md-y lg-y\" id=\"image_1132037425\">\n\t\t\t\t\t\t\t\t<div class=\"img-inner dark\" >\n\t\t\t<img loading=\"lazy\" decoding=\"async\" width=\"480\" height=\"183\" src=\"https:\/\/www.lindner.ch\/wp-content\/uploads\/2020\/10\/Flamtastic-Logo-54552e8c.jpg\" class=\"attachment-large size-large\" alt=\"\" srcset=\"https:\/\/www.lindner.ch\/wp-content\/uploads\/2020\/10\/Flamtastic-Logo-54552e8c.jpg 480w, https:\/\/www.lindner.ch\/wp-content\/uploads\/2020\/10\/Flamtastic-Logo-54552e8c-300x114.jpg 300w\" sizes=\"auto, (max-width: 480px) 100vw, 480px\" \/>\t\t\t\t\t\t\n\t\t\t\t\t<\/div>\n\t\t\t\t\t\t\t\t\n<style>\n#image_1132037425 {\n  width: 100%;\n}\n<\/style>\n\t<\/div>\n\t\n\t\t<\/div>\n\t\t\t\t\t<\/div>\n\n\t\n<\/div>\n<div class=\"row\"  id=\"row-228543712\">\n\n\t<div id=\"col-427452573\" class=\"col medium-9 small-12 large-9\"  >\n\t\t\t\t<div class=\"col-inner\"  >\n\t\t\t\n\t\t\t\n<h1>Flamtastic als Werbegeschenk<\/h1>\n<p>Eine z\u00fcndende Idee: ein Give-away, ein Kundengeschenk, ein Werbemittel der besonderen Art sind die Flamtastic on demand Anz\u00fcndhilfen von Lindner Suisse. Als \u00abz\u00fcndendes Mitbringsel\u00bb oder \u00abflammendes Dankesch\u00f6n\u00bb, oder als Tr\u00e4ger von Werbebotschaften f\u00fcr Direct Mailings sorgen die Flamtastic on demand Anz\u00fcndhilfen aus naturbelassener Holzwolle f\u00fcr Aufmerksamkeit. <a href=\"https:\/\/www.lindner.ch\/flamtastic-werbegeschenk.html\">Mehr erfahren&#8230;<\/a><\/p>\n\t\t<\/div>\n\t\t\t\t\t<\/div>\n\n\t\n\n\t<div id=\"col-234155663\" class=\"col medium-3 small-12 large-3\"  >\n\t\t\t\t<div class=\"col-inner\"  >\n\t\t\t\n\t\t\t\n\t<div class=\"img has-hover x md-x lg-x y md-y lg-y\" id=\"image_866045183\">\n\t\t<a class=\"image-lightbox lightbox-gallery\" title=\"\" href=\"https:\/\/www.lindner.ch\/wp-content\/uploads\/2020\/10\/Flamtastic_on-demand-3478a5ce.jpg\">\t\t\t\t\t\t<div class=\"img-inner dark\" >\n\t\t\t<img loading=\"lazy\" decoding=\"async\" width=\"480\" height=\"143\" src=\"https:\/\/www.lindner.ch\/wp-content\/uploads\/2020\/10\/Flamtastic_on-demand-3478a5ce.jpg\" class=\"attachment-large size-large\" alt=\"\" srcset=\"https:\/\/www.lindner.ch\/wp-content\/uploads\/2020\/10\/Flamtastic_on-demand-3478a5ce.jpg 480w, https:\/\/www.lindner.ch\/wp-content\/uploads\/2020\/10\/Flamtastic_on-demand-3478a5ce-300x89.jpg 300w\" sizes=\"auto, (max-width: 480px) 100vw, 480px\" \/>\t\t\t\t\t\t\n\t\t\t\t\t<\/div>\n\t\t\t\t\t\t<\/a>\t\t\n<style>\n#image_866045183 {\n  width: 100%;\n}\n<\/style>\n\t<\/div>\n\t\n\t\t<\/div>\n\t\t\t\t\t<\/div>\n\n\t\n<\/div>\n<div class=\"row\"  id=\"row-1480907607\">\n\n\t<div id=\"col-448965727\" class=\"col medium-9 small-12 large-9\"  >\n\t\t\t\t<div class=\"col-inner\"  >\n\t\t\t\n\t\t\t\n<div class=\"col-sm-12\">\n<h1>Grillb\u00fcrste Rosto-Cleaner<\/h1>\n<\/div>\n<div class=\"col-sm-9\">\n<p>Die Grillb\u00fcrste &#8222;Rosto-Cleaner&#8220; besticht durch ihre einzigartige Konstruktionsweise. <a href=\"https:\/\/www.lindner.ch\/rosto-cleaner.html\">Mehr erfahren&#8230;<\/a><\/p>\n<\/div>\n<p><strong>Aktuelle Neuigkeiten \u00fcber Flamtastic finden Sie auf <a href=\"https:\/\/www.facebook.com\/pg\/flamtasticfire\" target=\"_blank\" rel=\"noopener\">www.facebook.com\/flamtastic<\/a><\/strong><\/p>\n\t\t<\/div>\n\t\t\t\t\t<\/div>\n\n\t\n\n\t<div id=\"col-227117087\" class=\"col medium-3 small-12 large-3\"  >\n\t\t\t\t<div class=\"col-inner\"  >\n\t\t\t\n\t\t\t\n\t<div class=\"img has-hover x md-x lg-x y md-y lg-y\" id=\"image_384376568\">\n\t\t<a class=\"image-lightbox lightbox-gallery\" title=\"\" href=\"https:\/\/www.lindner.ch\/wp-content\/uploads\/2020\/12\/Rosto_cleaner-1024x693.jpg\">\t\t\t\t\t\t<div class=\"img-inner dark\" >\n\t\t\t<img loading=\"lazy\" decoding=\"async\" width=\"1020\" height=\"690\" src=\"https:\/\/www.lindner.ch\/wp-content\/uploads\/2020\/12\/Rosto_cleaner-1024x693.jpg\" class=\"attachment-large size-large\" alt=\"\" srcset=\"https:\/\/www.lindner.ch\/wp-content\/uploads\/2020\/12\/Rosto_cleaner-1024x693.jpg 1024w, https:\/\/www.lindner.ch\/wp-content\/uploads\/2020\/12\/Rosto_cleaner-300x203.jpg 300w, https:\/\/www.lindner.ch\/wp-content\/uploads\/2020\/12\/Rosto_cleaner-768x520.jpg 768w, https:\/\/www.lindner.ch\/wp-content\/uploads\/2020\/12\/Rosto_cleaner-600x406.jpg 600w, https:\/\/www.lindner.ch\/wp-content\/uploads\/2020\/12\/Rosto_cleaner.jpg 1413w\" sizes=\"auto, (max-width: 1020px) 100vw, 1020px\" \/>\t\t\t\t\t\t\n\t\t\t\t\t<\/div>\n\t\t\t\t\t\t<\/a>\t\t\n<style>\n#image_384376568 {\n  width: 100%;\n}\n<\/style>\n\t<\/div>\n\t\n\t\t<\/div>\n\t\t\t\t\t<\/div>\n\n\t\n<\/div>\n<div class=\"row\"  id=\"row-62764941\">\n\n\t<div id=\"col-71708722\" class=\"col small-12 large-12\"  >\n\t\t\t\t<div class=\"col-inner\"  >\n\t\t\t\n\t\t\t\n<h2>Unsere Produkte<\/h2>\n\n  \n    <div class=\"row large-columns-3 medium-columns- small-columns-2 row-small has-shadow row-box-shadow-1 row-box-shadow-2-hover\" >\n  <div class=\"page-col col\" >\n          <div class=\"col-inner\" >\n          <a class=\"block plain\" href=\"https:\/\/www.lindner.ch\/de\/holzwolle-manufaktur\/flamtastic-anzuendhilfen\/flamtastic\/\" title=\"Flamtastic\" target=\"\">\n            <div class=\"page-box box has-hover box-default\">\n                  <div class=\"box-image\" >\n                      <div class=\"box-image\" >\n                      <img loading=\"lazy\" decoding=\"async\" width=\"300\" height=\"271\" src=\"https:\/\/www.lindner.ch\/wp-content\/uploads\/2020\/10\/Flamtastic_Lindner-Suisse-684fefa2-300x271.jpg\" class=\"attachment-medium size-medium\" alt=\"\" srcset=\"https:\/\/www.lindner.ch\/wp-content\/uploads\/2020\/10\/Flamtastic_Lindner-Suisse-684fefa2-300x271.jpg 300w, https:\/\/www.lindner.ch\/wp-content\/uploads\/2020\/10\/Flamtastic_Lindner-Suisse-684fefa2.jpg 480w\" sizes=\"auto, (max-width: 300px) 100vw, 300px\" \/>                      <\/div>\n                                                              <\/div>\n                  <div class=\"box-text text-left is-large dark\" style=\"background-color:rgb(39, 174, 96);padding:8px 8px 8px 8px;\">\n                        <div class=\"box-text-inner\">\n                            <p>Flamtastic<\/p>\n                        <\/div>\n                  <\/div>\n              <\/div>\n            <\/a>\n            <\/div>\n          <\/div><div class=\"page-col col\" >\n          <div class=\"col-inner\" >\n          <a class=\"block plain\" href=\"https:\/\/www.lindner.ch\/de\/holzwolle-manufaktur\/flamtastic-anzuendhilfen\/flamtastic-werbegeschenk\/\" title=\"Flamtastic als Werbegeschenk\" target=\"\">\n            <div class=\"page-box box has-hover box-default\">\n                  <div class=\"box-image\" >\n                      <div class=\"box-image\" >\n                      <img loading=\"lazy\" decoding=\"async\" width=\"300\" height=\"89\" src=\"https:\/\/www.lindner.ch\/wp-content\/uploads\/2020\/10\/Flamtastic_on-demand-300x89.jpg\" class=\"attachment-medium size-medium\" alt=\"\" srcset=\"https:\/\/www.lindner.ch\/wp-content\/uploads\/2020\/10\/Flamtastic_on-demand-300x89.jpg 300w, https:\/\/www.lindner.ch\/wp-content\/uploads\/2020\/10\/Flamtastic_on-demand-1920x572.jpg 1920w, https:\/\/www.lindner.ch\/wp-content\/uploads\/2020\/10\/Flamtastic_on-demand-1024x305.jpg 1024w, https:\/\/www.lindner.ch\/wp-content\/uploads\/2020\/10\/Flamtastic_on-demand-768x229.jpg 768w, https:\/\/www.lindner.ch\/wp-content\/uploads\/2020\/10\/Flamtastic_on-demand-1536x458.jpg 1536w, https:\/\/www.lindner.ch\/wp-content\/uploads\/2020\/10\/Flamtastic_on-demand-2048x610.jpg 2048w\" sizes=\"auto, (max-width: 300px) 100vw, 300px\" \/>                      <\/div>\n                                                              <\/div>\n                  <div class=\"box-text text-left is-large dark\" style=\"background-color:rgb(39, 174, 96);padding:8px 8px 8px 8px;\">\n                        <div class=\"box-text-inner\">\n                            <p>Flamtastic als Werbegeschenk<\/p>\n                        <\/div>\n                  <\/div>\n              <\/div>\n            <\/a>\n            <\/div>\n          <\/div><div class=\"page-col col\" >\n          <div class=\"col-inner\" >\n          <a class=\"block plain\" href=\"https:\/\/www.lindner.ch\/de\/holzwolle-manufaktur\/flamtastic-anzuendhilfen\/rosto-cleaner\/\" title=\"Rosto-Cleaner\" target=\"\">\n            <div class=\"page-box box has-hover box-default\">\n                  <div class=\"box-image\" >\n                      <div class=\"box-image\" >\n                                            <\/div>\n                                                              <\/div>\n                  <div class=\"box-text text-left is-large dark\" style=\"background-color:rgb(39, 174, 96);padding:8px 8px 8px 8px;\">\n                        <div class=\"box-text-inner\">\n                            <p>Rosto-Cleaner<\/p>\n                        <\/div>\n                  <\/div>\n              <\/div>\n            <\/a>\n            <\/div>\n          <\/div><div class=\"page-col col\" >\n          <div class=\"col-inner\" >\n          <a class=\"block plain\" href=\"https:\/\/www.lindner.ch\/de\/holzwolle-manufaktur\/flamtastic-anzuendhilfen\/zuendstreusel\/\" title=\"Z\u00fcndstreusel\" target=\"\">\n            <div class=\"page-box box has-hover box-default\">\n                  <div class=\"box-image\" >\n                      <div class=\"box-image\" >\n                                            <\/div>\n                                                              <\/div>\n                  <div class=\"box-text text-left is-large dark\" style=\"background-color:rgb(39, 174, 96);padding:8px 8px 8px 8px;\">\n                        <div class=\"box-text-inner\">\n                            <p>Z\u00fcndstreusel<\/p>\n                        <\/div>\n                  <\/div>\n              <\/div>\n            <\/a>\n            <\/div>\n          <\/div><\/div>\n\t\t<\/div>\n\t\t\t\t\t<\/div>\n\n\t\n<\/div>\n\t\t<\/div>\n\t\t\t\t\t<\/div>\n\n\t\n<\/div>\n","protected":false},"excerpt":{"rendered":"","protected":false},"author":2,"featured_media":7591,"parent":717,"menu_order":0,"comment_status":"closed","ping_status":"closed","template":"","meta":{"inline_featured_image":false,"footnotes":""},"class_list":["post-789","page","type-page","status-publish","has-post-thumbnail","hentry"],"_links":{"self":[{"href":"https:\/\/www.lindner.ch\/de\/wp-json\/wp\/v2\/pages\/789","targetHints":{"allow":["GET"]}}],"collection":[{"href":"https:\/\/www.lindner.ch\/de\/wp-json\/wp\/v2\/pages"}],"about":[{"href":"https:\/\/www.lindner.ch\/de\/wp-json\/wp\/v2\/types\/page"}],"author":[{"embeddable":true,"href":"https:\/\/www.lindner.ch\/de\/wp-json\/wp\/v2\/users\/2"}],"replies":[{"embeddable":true,"href":"https:\/\/www.lindner.ch\/de\/wp-json\/wp\/v2\/comments?post=789"}],"version-history":[{"count":22,"href":"https:\/\/www.lindner.ch\/de\/wp-json\/wp\/v2\/pages\/789\/revisions"}],"predecessor-version":[{"id":7635,"href":"https:\/\/www.lindner.ch\/de\/wp-json\/wp\/v2\/pages\/789\/revisions\/7635"}],"up":[{"embeddable":true,"href":"https:\/\/www.lindner.ch\/de\/wp-json\/wp\/v2\/pages\/717"}],"wp:featuredmedia":[{"embeddable":true,"href":"https:\/\/www.lindner.ch\/de\/wp-json\/wp\/v2\/media\/7591"}],"wp:attachment":[{"href":"https:\/\/www.lindner.ch\/de\/wp-json\/wp\/v2\/media?parent=789"}],"curies":[{"name":"wp","href":"https:\/\/api.w.org\/{rel}","templated":true}]}}