{"id":833,"date":"2020-10-21T14:54:03","date_gmt":"2020-10-21T12:54:03","guid":{"rendered":"https:\/\/wp.lindner.ch\/?page_id=833"},"modified":"2020-12-01T16:51:22","modified_gmt":"2020-12-01T15:51:22","slug":"die-geschichte-der-holzwolle","status":"publish","type":"page","link":"https:\/\/www.lindner.ch\/de\/holzwolle-manufaktur\/die-geschichte-der-holzwolle\/","title":{"rendered":"Die Geschichte der Holzwolle"},"content":{"rendered":"\n  <div class=\"banner has-hover banner_border has-parallax\" id=\"banner-504497049\">\n          <div class=\"banner-inner fill\">\n        <div class=\"banner-bg fill\" data-parallax=\"-3\" data-parallax-container=\".banner\" data-parallax-background>\n            <img loading=\"lazy\" decoding=\"async\" width=\"2560\" height=\"1575\" src=\"https:\/\/www.lindner.ch\/wp-content\/uploads\/2020\/10\/Lindner_Suisse-scaled.jpg\" class=\"bg attachment-original size-original\" alt=\"\" \/>                                    \n                    <\/div>\n\t\t\n        <div class=\"banner-layers container\">\n            <div class=\"fill banner-link\"><\/div>            \n\n\n        <\/div>\n      <\/div>\n\n            \n<style>\n#banner-504497049 {\n  padding-top: 200px;\n  background-color: rgb(46, 171, 96);\n}\n#banner-504497049 .banner-bg img {\n  object-position: 54% 55%;\n}\n<\/style>\n  <\/div>\n\n\n\t<div id=\"gap-1639891693\" class=\"gap-element clearfix\" style=\"display:block; height:auto;\">\n\t\t\n<style>\n#gap-1639891693 {\n  padding-top: 30px;\n}\n<\/style>\n\t<\/div>\n\t\n<div class=\"row\"  id=\"row-1263686284\">\n\n\t<div id=\"col-1609581648\" class=\"col medium-3 small-12 large-3 col-divided\"  >\n\t\t\t\t<div class=\"col-inner\"  >\n\t\t\t\n\t\t\t\n<div class=\"menu-holzwolle-container\"><ul id=\"menu-holzwolle\" class=\"sb_navigation_holzwolle\"><li id=\"menu-item-745\" class=\"menu-item menu-item-type-post_type menu-item-object-page menu-item-745\"><a href=\"https:\/\/www.lindner.ch\/de\/holzwolle-manufaktur\/\">Holzwolle Manufaktur<\/a><\/li>\n<li id=\"menu-item-747\" class=\"menu-item menu-item-type-post_type menu-item-object-page menu-item-has-children menu-item-747\"><a href=\"https:\/\/www.lindner.ch\/de\/holzwolle-manufaktur\/verpacken-logistik\/\">Verpacken \/ Logistik<\/a>\n<ul class=\"sub-menu\">\n\t<li id=\"menu-item-751\" class=\"menu-item menu-item-type-post_type menu-item-object-page menu-item-751\"><a href=\"https:\/\/www.lindner.ch\/de\/holzwolle-manufaktur\/verpacken-logistik\/spediline-classic\/\">spediline classic<\/a><\/li>\n\t<li id=\"menu-item-750\" class=\"menu-item menu-item-type-post_type menu-item-object-page menu-item-750\"><a href=\"https:\/\/www.lindner.ch\/de\/holzwolle-manufaktur\/verpacken-logistik\/spediline-food\/\">spediline food<\/a><\/li>\n\t<li id=\"menu-item-749\" class=\"menu-item menu-item-type-post_type menu-item-object-page menu-item-749\"><a href=\"https:\/\/www.lindner.ch\/de\/holzwolle-manufaktur\/verpacken-logistik\/spediline-extra\/\">spediline extra<\/a><\/li>\n\t<li id=\"menu-item-748\" class=\"menu-item menu-item-type-post_type menu-item-object-page menu-item-748\"><a href=\"https:\/\/www.lindner.ch\/de\/holzwolle-manufaktur\/verpacken-logistik\/deko-holzwolle-ostergras\/\">Deko-Holzwolle \/ Ostergras<\/a><\/li>\n<\/ul>\n<\/li>\n<li id=\"menu-item-746\" class=\"menu-item menu-item-type-post_type menu-item-object-page menu-item-has-children menu-item-746\"><a href=\"https:\/\/www.lindner.ch\/de\/holzwolle-manufaktur\/tierhygiene\/\">Tierhygiene<\/a>\n<ul class=\"sub-menu\">\n\t<li id=\"menu-item-857\" class=\"menu-item menu-item-type-post_type menu-item-object-page menu-item-857\"><a href=\"https:\/\/www.lindner.ch\/de\/holzwolle-manufaktur\/tierhygiene\/agroclean-euterholzwolle\/\">agroclean\u00ae Euterholzwolle<\/a><\/li>\n<\/ul>\n<\/li>\n<li id=\"menu-item-843\" class=\"menu-item menu-item-type-post_type menu-item-object-page menu-item-has-children menu-item-843\"><a href=\"https:\/\/www.lindner.ch\/de\/holzwolle-manufaktur\/garten-hobby\/\">Garten \/ Hobby<\/a>\n<ul class=\"sub-menu\">\n\t<li id=\"menu-item-844\" class=\"menu-item menu-item-type-post_type menu-item-object-page menu-item-844\"><a href=\"https:\/\/www.lindner.ch\/de\/holzwolle-manufaktur\/garten-hobby\/agrohobby\/\">agrohobby<\/a><\/li>\n\t<li id=\"menu-item-846\" class=\"menu-item menu-item-type-post_type menu-item-object-page menu-item-846\"><a href=\"https:\/\/www.lindner.ch\/de\/holzwolle-manufaktur\/garten-hobby\/howolis-erosionsschutzvlies\/\">Howolis Erosionsschutzvlies<\/a><\/li>\n\t<li id=\"menu-item-845\" class=\"menu-item menu-item-type-post_type menu-item-object-page menu-item-845\"><a href=\"https:\/\/www.lindner.ch\/de\/holzwolle-manufaktur\/garten-hobby\/deko-holzwolle-ostergras\/\">Deko-Holzwolle \/ Ostergras<\/a><\/li>\n<\/ul>\n<\/li>\n<li id=\"menu-item-839\" class=\"menu-item menu-item-type-post_type menu-item-object-page menu-item-has-children menu-item-839\"><a href=\"https:\/\/www.lindner.ch\/de\/holzwolle-manufaktur\/flamtastic-anzuendhilfen\/\">Flamtastic Anz\u00fcndhilfen<\/a>\n<ul class=\"sub-menu\">\n\t<li id=\"menu-item-840\" class=\"menu-item menu-item-type-post_type menu-item-object-page menu-item-840\"><a href=\"https:\/\/www.lindner.ch\/de\/holzwolle-manufaktur\/flamtastic-anzuendhilfen\/flamtastic\/\">Flamtastic<\/a><\/li>\n\t<li id=\"menu-item-4811\" class=\"menu-item menu-item-type-post_type menu-item-object-page menu-item-4811\"><a href=\"https:\/\/www.lindner.ch\/de\/holzwolle-manufaktur\/flamtastic-anzuendhilfen\/zuendstreusel\/\">Z\u00fcndstreusel<\/a><\/li>\n\t<li id=\"menu-item-841\" class=\"menu-item menu-item-type-post_type menu-item-object-page menu-item-841\"><a href=\"https:\/\/www.lindner.ch\/de\/holzwolle-manufaktur\/flamtastic-anzuendhilfen\/flamtastic-werbegeschenk\/\">Flamtastic als Werbegeschenk<\/a><\/li>\n\t<li id=\"menu-item-842\" class=\"menu-item menu-item-type-post_type menu-item-object-page menu-item-842\"><a href=\"https:\/\/www.lindner.ch\/de\/holzwolle-manufaktur\/flamtastic-anzuendhilfen\/rosto-cleaner\/\">Rosto-Cleaner<\/a><\/li>\n<\/ul>\n<\/li>\n<li id=\"menu-item-849\" class=\"menu-item menu-item-type-post_type menu-item-object-page menu-item-has-children menu-item-849\"><a href=\"https:\/\/www.lindner.ch\/de\/holzwolle-manufaktur\/howolis-erosionsschutz-drainage-faschinen-abdichtungsmatten\/\">Howolis Holzwolle<\/a>\n<ul class=\"sub-menu\">\n\t<li id=\"menu-item-853\" class=\"menu-item menu-item-type-post_type menu-item-object-page menu-item-853\"><a href=\"https:\/\/www.lindner.ch\/de\/holzwolle-manufaktur\/howolis-erosionsschutz-drainage-faschinen-abdichtungsmatten\/howolis-erosionsschutzvlies\/\">Howolis Erosionsschutzvlies<\/a><\/li>\n\t<li id=\"menu-item-5826\" class=\"menu-item menu-item-type-post_type menu-item-object-page menu-item-5826\"><a href=\"https:\/\/www.lindner.ch\/de\/holzwolle-manufaktur\/howolis-erosionsschutz-drainage-faschinen-abdichtungsmatten\/howolis-abdeckvlies-schutzvlies-typ-40-baustellenabdeckung\/\">Howolis Abdeckvlies\/Schutzvlies<\/a><\/li>\n\t<li id=\"menu-item-855\" class=\"menu-item menu-item-type-post_type menu-item-object-page menu-item-855\"><a href=\"https:\/\/www.lindner.ch\/de\/holzwolle-manufaktur\/howolis-erosionsschutz-drainage-faschinen-abdichtungsmatten\/howolis-q-faschine\/\">Howolis Q-Faschine<\/a><\/li>\n\t<li id=\"menu-item-5216\" class=\"menu-item menu-item-type-post_type menu-item-object-page menu-item-5216\"><a href=\"https:\/\/www.lindner.ch\/de\/holzwolle-manufaktur\/howolis-erosionsschutz-drainage-faschinen-abdichtungsmatten\/howolis-quickquader-faschinen\/\">Howolis Quickquader-Faschinen<\/a><\/li>\n\t<li id=\"menu-item-851\" class=\"menu-item menu-item-type-post_type menu-item-object-page menu-item-851\"><a href=\"https:\/\/www.lindner.ch\/de\/holzwolle-manufaktur\/howolis-erosionsschutz-drainage-faschinen-abdichtungsmatten\/howolis-drenoroll\/\">Howolis Drenoroll Drainagerohr<\/a><\/li>\n\t<li id=\"menu-item-5098\" class=\"menu-item menu-item-type-post_type menu-item-object-page menu-item-5098\"><a href=\"https:\/\/www.lindner.ch\/de\/holzwolle-manufaktur\/howolis-erosionsschutz-drainage-faschinen-abdichtungsmatten\/howolis-drenogrid-drainagematte-abdichtungsmatte\/\">Howolis Drenogrid Abdichtungsmatte<\/a><\/li>\n\t<li id=\"menu-item-6678\" class=\"menu-item menu-item-type-post_type menu-item-object-page menu-item-6678\"><a href=\"https:\/\/www.lindner.ch\/de\/holzwolle-manufaktur\/howolis-erosionsschutz-drainage-faschinen-abdichtungsmatten\/howolis-snowfarming-schneedepots\/\">Howolis Snowfarming\/Schneedepots<\/a><\/li>\n\t<li id=\"menu-item-852\" class=\"menu-item menu-item-type-post_type menu-item-object-page menu-item-852\"><a href=\"https:\/\/www.lindner.ch\/de\/holzwolle-manufaktur\/howolis-erosionsschutz-drainage-faschinen-abdichtungsmatten\/howolis-early-green\/\">Howolis Early Green<\/a><\/li>\n\t<li id=\"menu-item-5099\" class=\"menu-item menu-item-type-post_type menu-item-object-page menu-item-5099\"><a href=\"https:\/\/www.lindner.ch\/de\/holzwolle-manufaktur\/howolis-erosionsschutz-drainage-faschinen-abdichtungsmatten\/holzwolle-lose-fuer-drainagen-spundwaende\/\">Holzwolle (lose) f\u00fcr Drainagen\/Spundw\u00e4nde<\/a><\/li>\n\t<li id=\"menu-item-854\" class=\"menu-item menu-item-type-post_type menu-item-object-page menu-item-854\"><a href=\"https:\/\/www.lindner.ch\/de\/holzwolle-manufaktur\/howolis-erosionsschutz-drainage-faschinen-abdichtungsmatten\/howolis-hilfsmaterial\/\">Howolis Hilfsmaterial<\/a><\/li>\n\t<li id=\"menu-item-850\" class=\"menu-item menu-item-type-post_type menu-item-object-page menu-item-850\"><a href=\"https:\/\/www.lindner.ch\/de\/holzwolle-manufaktur\/howolis-erosionsschutz-drainage-faschinen-abdichtungsmatten\/drenotube\/\">drenotube \u00ae Drainagen<\/a><\/li>\n<\/ul>\n<\/li>\n<li id=\"menu-item-848\" class=\"menu-item menu-item-type-post_type menu-item-object-page menu-item-848\"><a href=\"https:\/\/www.lindner.ch\/de\/holzwolle-manufaktur\/gesichtsmasken-mit-holzwolle\/\">Gesichtsmasken mit Holzwolle<\/a><\/li>\n<li id=\"menu-item-838\" class=\"menu-item menu-item-type-post_type menu-item-object-page menu-item-838\"><a href=\"https:\/\/www.lindner.ch\/de\/holzwolle-manufaktur\/die-geschichte-der-holzwolle\/\">Die Geschichte der Holzwolle<\/a><\/li>\n<li id=\"menu-item-3243\" class=\"menu-item menu-item-type-post_type menu-item-object-page menu-item-3243\"><a href=\"https:\/\/www.lindner.ch\/de\/holzwolle-manufaktur\/ausstellungen-messen\/\">Ausstellungen \/ Messen<\/a><\/li>\n<\/ul><\/div>\n\t\t<\/div>\n\t\t\t\t\t<\/div>\n\n\t\n\n\t<div id=\"col-437220217\" class=\"col medium-9 small-12 large-9\"  >\n\t\t\t\t<div class=\"col-inner\"  >\n\t\t\t\n\t\t\t\n<div class=\"row\"  id=\"row-271128478\">\n\n\t<div id=\"col-79116487\" class=\"col medium-9 small-12 large-9\"  >\n\t\t\t\t<div class=\"col-inner\"  >\n\t\t\t\n\t\t\t\n<div class=\"col-md-10\">\n<h1>Werkstoffmonografie Holzwolle<\/h1>\n<p>Die Monografie dokumentiert ein spannendes Kapital Industrie-Geschichte. Der Autor zeigt eindr\u00fccklich und detailreich, wie der Werkstoff Holzwolle im Laufe der westlichen Industriegeschichte an Bedeutung verlor. Auch wegen Missverst\u00e4ndnissen. Gleichzeitig wird deutlich, welches Potenzial Holzwolle auch heute noch hat. Das ist relevant, weil in der \u00d6ffentlichkeit und bei Konsumenten ein Stimmungswandel festzustellen ist. Nachhaltigkeit, \u00d6kologie gewinnt wieder an Bedeutung. Holzwolle kann in diesem Zusammenhang viel bieten. Interessant auch zu erfahren, in welchen Produkten Holzwolle in der Vergangenheit eingesetzt wurde. Er wird ebenso interessant sein zu beobachten, ob das brachliegende Wissen \u00fcber die Holzwolle nun wieder eine Wirkung entfaltet. Das Buch Holzwolle liefert dazu wichtige Grundlagen. Charles Liebherr, Wirtschaftsredaktor, Schweizer Radio und Fernsehen SRF<br \/>\u00a0<br \/>Die Werkstoffmonografie Holzwolle trifft bei Entscheidern und Meinungsmachern auf grosse Resonanz. Sie ist das ideale Nachschlagewerk f\u00fcr Studierende in der Land-, Forst- und Holzwirtschaft, im Bauwesen, in der M\u00f6belindustrie, im Apparate und Maschinenbau, im Textilbereich, in der Medizin und Pharmazie sowie f\u00fcr alle Branchen, in denen Holz eingesetzt wird. Sie bietet wertvolles Fachwissen zum Naturprodukt Holzwolle und liefert Fakten zur Geschichte, Einsatzgebieten, Markt und Maschinen. Mit Zeittafel und Glossar. Umfang: 260 Seiten. <a href=\"https:\/\/www.lindner.ch\/files\/content\/Downloads_Werbeflyer\/Lindner_Suisse_Waschzettel.pdf\">Buchbeschreib \u00abWaschzettel\u00bb &#8230;<\/a>\u00a0wir verschicken das Buch auch gerne in unsere Nachbarl\u00e4nder!<\/p>\n<\/div>\n\t\t<\/div>\n\t\t\t\t\t<\/div>\n\n\t\n\n\t<div id=\"col-568309902\" class=\"col medium-3 small-12 large-3\"  >\n\t\t\t\t<div class=\"col-inner\"  >\n\t\t\t\n\t\t\t\n\t<div class=\"img has-hover holzwolle_b x md-x lg-x y md-y lg-y\" id=\"image_1311686625\">\n\t\t<a class=\"image-lightbox lightbox-gallery\" title=\"\" href=\"https:\/\/www.lindner.ch\/wp-content\/uploads\/2020\/12\/Werkstoffmonografie_Holzwolle_Lindner-Suisse_Buch-Tipp-670x1024.jpg\">\t\t\t\t\t\t<div class=\"img-inner dark\" >\n\t\t\t<img loading=\"lazy\" decoding=\"async\" width=\"670\" height=\"1024\" src=\"https:\/\/www.lindner.ch\/wp-content\/uploads\/2020\/12\/Werkstoffmonografie_Holzwolle_Lindner-Suisse_Buch-Tipp-670x1024.jpg\" class=\"attachment-large size-large\" alt=\"\" srcset=\"https:\/\/www.lindner.ch\/wp-content\/uploads\/2020\/12\/Werkstoffmonografie_Holzwolle_Lindner-Suisse_Buch-Tipp-670x1024.jpg 670w, https:\/\/www.lindner.ch\/wp-content\/uploads\/2020\/12\/Werkstoffmonografie_Holzwolle_Lindner-Suisse_Buch-Tipp-196x300.jpg 196w, https:\/\/www.lindner.ch\/wp-content\/uploads\/2020\/12\/Werkstoffmonografie_Holzwolle_Lindner-Suisse_Buch-Tipp-600x917.jpg 600w, https:\/\/www.lindner.ch\/wp-content\/uploads\/2020\/12\/Werkstoffmonografie_Holzwolle_Lindner-Suisse_Buch-Tipp.jpg 709w\" sizes=\"auto, (max-width: 670px) 100vw, 670px\" \/>\t\t\t\t\t\t\n\t\t\t\t\t<\/div>\n\t\t\t\t\t\t<\/a>\t\t\n<style>\n#image_1311686625 {\n  width: 100%;\n}\n<\/style>\n\t<\/div>\n\t\n\t\t<\/div>\n\t\t\t\t\t<\/div>\n\n\t\n\n\t<div id=\"col-173606446\" class=\"col small-12 large-12\"  >\n\t\t\t\t<div class=\"col-inner\"  >\n\t\t\t\n\t\t\t\n<div><h2>Bestellen<\/h2><p>Andere Mengen und Gr\u00f6ssen offerieren wir gerne auf Anfrage. <a href=\"mailto:holzwolle@lindner.ch\">holzwolle@lindner.ch<\/a><\/p><div class=\"sb-produkttabelle\">\n<div class=\"row row-collapse\">\n\t<div class=\"col medium-1 small-2 large-1 kopf\"><div class=\"col-inner\">Art.-Nr<\/div><\/div>\n\t<div class=\"col medium-5 small-10 large-5 kopf\"><div class=\"col-inner\">Produkt<\/div><\/div>\n\t\n\t<div class=\"col medium-6 small-12 large-6 kopf text-right\"><div class=\"col-inner\"><\/div><\/div>\n<\/div>\n\n\t\t\n<div class=\"row row-collapse\">\n\t<div class=\"col medium-1 small-2 large-1 produkt\"><div class=\"col-inner\">000 001<\/div><\/div>\n\t<div class=\"col medium-5 small-10 large-5 produkt\"><div class=\"col-inner\">Buch \u00abdie Geschichte der Holzwolle\u00bb<\/div><\/div>\n\t\n\t<div class=\"col medium-6 small-12 large-6 produkt text-right\"><div class=\"col-inner\"><div class=\"woocommerce\">\t\t\t<div class=\"product single-product add_to_cart_form_shortcode\" data-product-page-preselected-id=\"0\">\n\n\t\t\t\t\n\t\t\t\t\n\t\n\t<form class=\"cart\" action=\"\" method=\"post\" enctype='multipart\/form-data'>\n\t\t\n\t\t<div class=\"quantity_select\" style=\"float: left;\">\n\n    \n    <select name=\"quantity\"\n            title=\"Qty\"\n            class=\"qty\" style=\"margin-bottom: 2px;\">\n        \n                <option value=\"0\" selected>Anzahl (St\u00fcckpreis) <\/option>\n                \n        \n            \n            <option value=\"1\"\n                    data-qty=\"1\"\n                    data-price=\"24.5\"  >  \n                \n                1&nbsp;(St\u00fcckpreis&nbsp;&#67;&#72;&#70;&nbsp;24.50)            <\/option>\n\n        \n            \n            <option value=\"2\"\n                    data-qty=\"2\"\n                    data-price=\"24.5\"  >  \n                \n                2&nbsp;(St\u00fcckpreis&nbsp;&#67;&#72;&#70;&nbsp;24.50)            <\/option>\n\n        \n            \n            <option value=\"3\"\n                    data-qty=\"3\"\n                    data-price=\"24.5\"  >  \n                \n                3&nbsp;(St\u00fcckpreis&nbsp;&#67;&#72;&#70;&nbsp;24.50)            <\/option>\n\n        \n            \n            <option value=\"4\"\n                    data-qty=\"4\"\n                    data-price=\"24.5\"  >  \n                \n                4&nbsp;(St\u00fcckpreis&nbsp;&#67;&#72;&#70;&nbsp;24.50)            <\/option>\n\n            <\/select>\n\n    \n<\/div>\n\n\n\t\t<button type=\"submit\" name=\"add-to-cart\" value=\"2233\" class=\"single_add_to_cart_button button alt\">In den Warenkorb<\/button>\n\n\t\t\t<\/form>\n\n\t\n\t\t\t<\/div>\n\t\t\t<\/div><\/div><\/div>\n<\/div>\n\t\t\n<\/div><\/div>\n\t\t<\/div>\n\t\t\t\t\t<\/div>\n\n\t\n\n\t<div id=\"col-1246265820\" class=\"col small-12 large-12\"  >\n\t\t\t\t<div class=\"col-inner\"  >\n\t\t\t\n\t\t\t\n\t<div id=\"gap-1583132706\" class=\"gap-element clearfix\" style=\"display:block; height:auto;\">\n\t\t\n<style>\n#gap-1583132706 {\n  padding-top: 30px;\n}\n<\/style>\n\t<\/div>\n\t\n\n<div class=\"row\"  id=\"row-1761999910\">\n\n\n\t<div id=\"col-1971083513\" class=\"col small-12 large-12\"  >\n\t\t\t\t<div class=\"col-inner\"  >\n\t\t\t\n\t\t\t\n\n<h2>Haben Sie weitere Fragen?<\/h2>\n\n\t\t<\/div>\n\t\t\t\t\t<\/div>\n\n\t\n\n\t<div id=\"col-1661401106\" class=\"col medium-5 small-12 large-5\"  >\n\t\t\t\t<div class=\"col-inner\"  >\n\t\t\t\n\t\t\t\n\n\n<div class=\"wpcf7 no-js\" id=\"wpcf7-f894-o1\" lang=\"de-DE\" dir=\"ltr\" data-wpcf7-id=\"894\">\n<div class=\"screen-reader-response\"><p role=\"status\" aria-live=\"polite\" aria-atomic=\"true\"><\/p> <ul><\/ul><\/div>\n<form action=\"\/de\/wp-json\/wp\/v2\/pages\/833#wpcf7-f894-o1\" method=\"post\" class=\"wpcf7-form init\" aria-label=\"Kontaktformular\" novalidate=\"novalidate\" data-status=\"init\">\n<fieldset class=\"hidden-fields-container\"><input type=\"hidden\" name=\"_wpcf7\" value=\"894\" \/><input type=\"hidden\" name=\"_wpcf7_version\" value=\"6.1.5\" \/><input type=\"hidden\" name=\"_wpcf7_locale\" value=\"de_DE_formal\" \/><input type=\"hidden\" name=\"_wpcf7_unit_tag\" value=\"wpcf7-f894-o1\" \/><input type=\"hidden\" name=\"_wpcf7_container_post\" value=\"0\" \/><input type=\"hidden\" name=\"_wpcf7_posted_data_hash\" value=\"\" \/><input type=\"hidden\" name=\"_wpcf7_recaptcha_response\" value=\"\" \/>\n<\/fieldset>\n<p><span class=\"wpcf7-form-control-wrap\" data-name=\"your-name\"><input size=\"40\" maxlength=\"400\" class=\"wpcf7-form-control wpcf7-text wpcf7-validates-as-required\" aria-required=\"true\" aria-invalid=\"false\" placeholder=\"Vorname \/ Nachname*\" value=\"\" type=\"text\" name=\"your-name\" \/><\/span><br \/>\n<span class=\"wpcf7-form-control-wrap\" data-name=\"firma\"><input size=\"40\" maxlength=\"400\" class=\"wpcf7-form-control wpcf7-text\" aria-invalid=\"false\" placeholder=\"Firma\" value=\"\" type=\"text\" name=\"firma\" \/><\/span><br \/>\n<span class=\"wpcf7-form-control-wrap\" data-name=\"strasse\"><input size=\"40\" maxlength=\"400\" class=\"wpcf7-form-control wpcf7-text\" aria-invalid=\"false\" placeholder=\"Strasse\" value=\"\" type=\"text\" name=\"strasse\" \/><\/span><br \/>\n<span class=\"wpcf7-form-control-wrap\" data-name=\"plzort\"><input size=\"40\" maxlength=\"400\" class=\"wpcf7-form-control wpcf7-text\" aria-invalid=\"false\" placeholder=\"PLZ \/ ORT\" value=\"\" type=\"text\" name=\"plzort\" \/><\/span><br \/>\n<span class=\"wpcf7-form-control-wrap\" data-name=\"your-email\"><input size=\"40\" maxlength=\"400\" class=\"wpcf7-form-control wpcf7-email wpcf7-validates-as-required wpcf7-text wpcf7-validates-as-email\" aria-required=\"true\" aria-invalid=\"false\" placeholder=\"E-Mail\" value=\"\" type=\"email\" name=\"your-email\" \/><\/span><br \/>\n<span class=\"wpcf7-form-control-wrap\" data-name=\"telefon\"><input size=\"40\" maxlength=\"400\" class=\"wpcf7-form-control wpcf7-tel wpcf7-text wpcf7-validates-as-tel\" aria-invalid=\"false\" placeholder=\"Telefon\" value=\"\" type=\"tel\" name=\"telefon\" \/><\/span><br \/>\n<span class=\"wpcf7-form-control-wrap\" data-name=\"your-message\"><textarea cols=\"40\" rows=\"10\" maxlength=\"2000\" class=\"wpcf7-form-control wpcf7-textarea\" aria-invalid=\"false\" placeholder=\"Nachricht\" name=\"your-message\"><\/textarea><\/span>\n<\/p>\n<p><input class=\"wpcf7-form-control wpcf7-submit has-spinner\" type=\"submit\" value=\"absenden\" \/>\n<\/p><div class=\"wpcf7-response-output\" aria-hidden=\"true\"><\/div>\n<\/form>\n<\/div>\n\n\n\t<div id=\"text-3007776125\" class=\"text\">\n\t\t\n\nThis site is protected by reCAPTCHA and the Google<a href=\"https:\/\/policies.google.com\/privacy\" target=\"_blank\" rel=\"noopener\">Privacy Policy<\/a> and<a href=\"https:\/\/policies.google.com\/terms\" target=\"_blank\" rel=\"noopener\">Terms of Service<\/a> apply.\n\t\t\n<style>\n#text-3007776125 {\n  font-size: 0.75rem;\n}\n<\/style>\n\t<\/div>\n\t\n\n\t\t<\/div>\n\t\t\t\t\t<\/div>\n\n\t\n\n\t<div id=\"col-916981011\" class=\"col medium-1 small-12 large-1\"  >\n\t\t\t\t<div class=\"col-inner\"  >\n\t\t\t\n\t\t\t\n\n\n\t\t<\/div>\n\t\t\t\t\t<\/div>\n\n\t\n\n\t<div id=\"col-1283893463\" class=\"col medium-5 small-12 large-5\"  >\n\t\t\t\t<div class=\"col-inner\"  >\n\t\t\t\n\t\t\t\n\n<a href=\"tel:+41719876151\" class=\"button primary is-xlarge\" >\n\t<i class=\"icon-phone\" aria-hidden=\"true\"><\/i>\t<span>+41 (0) 71 987 61 51<\/span>\n\t<\/a>\n\n\n<p>Mo bis Do: 07:30-12:00 Uhr \/ 13:30-17:15 Uhr<br \/>Fr: 07:30-12:00 Uhr \/ 13:30-16:30 Uhr<\/p>\n\t<div id=\"gap-1706324296\" class=\"gap-element clearfix\" style=\"display:block; height:auto;\">\n\t\t\n<style>\n#gap-1706324296 {\n  padding-top: 30px;\n}\n<\/style>\n\t<\/div>\n\t\n\n<div class=\"row align-middle\"  id=\"row-1948668181\">\n\n\n\t<div id=\"col-1964614437\" class=\"col medium-4 small-12 large-4\"  >\n\t\t\t\t<div class=\"col-inner\"  >\n\t\t\t\n\t\t\t\n\n\t<div class=\"img has-hover x md-x lg-x y md-y lg-y\" id=\"image_81537930\">\n\t\t\t\t\t\t\t\t<div class=\"img-inner dark\" >\n\t\t\t<img loading=\"lazy\" decoding=\"async\" width=\"996\" height=\"1024\" src=\"https:\/\/www.lindner.ch\/wp-content\/uploads\/2022\/04\/Anouchka_Lindner_Suisse-996x1024.jpg\" class=\"attachment-large size-large\" alt=\"\" srcset=\"https:\/\/www.lindner.ch\/wp-content\/uploads\/2022\/04\/Anouchka_Lindner_Suisse-996x1024.jpg 996w, https:\/\/www.lindner.ch\/wp-content\/uploads\/2022\/04\/Anouchka_Lindner_Suisse-292x300.jpg 292w, https:\/\/www.lindner.ch\/wp-content\/uploads\/2022\/04\/Anouchka_Lindner_Suisse-768x790.jpg 768w, https:\/\/www.lindner.ch\/wp-content\/uploads\/2022\/04\/Anouchka_Lindner_Suisse.jpg 1000w\" sizes=\"auto, (max-width: 996px) 100vw, 996px\" \/>\t\t\t\t\t\t\n\t\t\t\t\t<\/div>\n\t\t\t\t\t\t\t\t\n<style>\n#image_81537930 {\n  width: 100%;\n}\n<\/style>\n\t<\/div>\n\t\n\n\n\t\t<\/div>\n\t\t\t\t\t<\/div>\n\n\t\n\n\t<div id=\"col-1014969228\" class=\"col medium-6 small-12 large-6\"  >\n\t\t\t\t<div class=\"col-inner\"  >\n\t\t\t\n\t\t\t\n\n<h3>Anouchka Lan Kam<\/h3>\n<p>Verkaufsberaterin<\/p>\n\n\t\t<\/div>\n\t\t\t\t\t<\/div>\n\n\t\n\n<\/div>\n<div class=\"row align-middle\"  id=\"row-1436129294\">\n\n\n\t<div id=\"col-2125429849\" class=\"col medium-4 small-12 large-4\"  >\n\t\t\t\t<div class=\"col-inner\"  >\n\t\t\t\n\t\t\t\n\n\n\t\t<\/div>\n\t\t\t\t\t<\/div>\n\n\t\n\n\t<div id=\"col-613487744\" class=\"col medium-6 small-12 large-6\"  >\n\t\t\t\t<div class=\"col-inner\"  >\n\t\t\t\n\t\t\t\n\n\n\t\t<\/div>\n\t\t\t\t\t<\/div>\n\n\t\n\n<\/div>\n<div class=\"row align-middle\"  id=\"row-25910210\">\n\n\n<\/div>\n<div class=\"row align-middle\"  id=\"row-1229460412\">\n\n\n\t<div id=\"col-129280454\" class=\"col medium-4 small-12 large-4\"  >\n\t\t\t\t<div class=\"col-inner\"  >\n\t\t\t\n\t\t\t\n\n\n\t\t<\/div>\n\t\t\t\t\t<\/div>\n\n\t\n\n\t<div id=\"col-255344095\" class=\"col medium-6 small-12 large-6\"  >\n\t\t\t\t<div class=\"col-inner\"  >\n\t\t\t\n\t\t\t\n\n\n\t\t<\/div>\n\t\t\t\t\t<\/div>\n\n\t\n\n<\/div>\n\n\t\t<\/div>\n\t\t\t\t\t<\/div>\n\n\t\n\n<\/div>\n\t\t<\/div>\n\t\t\t\t\t<\/div>\n\n\t\n<\/div>\n\t\t<\/div>\n\t\t\t\t\t<\/div>\n\n\t\n<\/div>\n","protected":false},"excerpt":{"rendered":"","protected":false},"author":2,"featured_media":0,"parent":717,"menu_order":0,"comment_status":"closed","ping_status":"closed","template":"","meta":{"inline_featured_image":false,"footnotes":""},"class_list":["post-833","page","type-page","status-publish","hentry"],"_links":{"self":[{"href":"https:\/\/www.lindner.ch\/de\/wp-json\/wp\/v2\/pages\/833","targetHints":{"allow":["GET"]}}],"collection":[{"href":"https:\/\/www.lindner.ch\/de\/wp-json\/wp\/v2\/pages"}],"about":[{"href":"https:\/\/www.lindner.ch\/de\/wp-json\/wp\/v2\/types\/page"}],"author":[{"embeddable":true,"href":"https:\/\/www.lindner.ch\/de\/wp-json\/wp\/v2\/users\/2"}],"replies":[{"embeddable":true,"href":"https:\/\/www.lindner.ch\/de\/wp-json\/wp\/v2\/comments?post=833"}],"version-history":[{"count":8,"href":"https:\/\/www.lindner.ch\/de\/wp-json\/wp\/v2\/pages\/833\/revisions"}],"predecessor-version":[{"id":2609,"href":"https:\/\/www.lindner.ch\/de\/wp-json\/wp\/v2\/pages\/833\/revisions\/2609"}],"up":[{"embeddable":true,"href":"https:\/\/www.lindner.ch\/de\/wp-json\/wp\/v2\/pages\/717"}],"wp:attachment":[{"href":"https:\/\/www.lindner.ch\/de\/wp-json\/wp\/v2\/media?parent=833"}],"curies":[{"name":"wp","href":"https:\/\/api.w.org\/{rel}","templated":true}]}}