{"id":2242,"date":"2020-11-16T15:46:18","date_gmt":"2020-11-16T14:46:18","guid":{"rendered":"https:\/\/wp.lindner.ch\/shop\/unkategorisiert\/import-placeholder-for-554\/"},"modified":"2024-12-20T10:35:18","modified_gmt":"2024-12-20T09:35:18","slug":"spediline-extra-10-kg","status":"publish","type":"product","link":"https:\/\/www.lindner.ch\/de\/produkt\/spediline-extra-10-kg\/","title":{"rendered":"spediline extra 10 kg"},"content":{"rendered":"<p>f\u00fcr Pakete \u00fcber 100 kg &#8211; ideal f\u00fcr Ersatzteile, Maschinen, Apparate, Motoren<\/p>\n<p>Schweizer Holzwolle-Standard, Typ LC2<\/p>\n","protected":false},"excerpt":{"rendered":"<p>Andere Ballen-Gr\u00f6ssen und Mengen offerieren wir Ihnen gerne auf Anfrage<\/p>\n","protected":false},"featured_media":2476,"comment_status":"closed","ping_status":"closed","template":"","meta":{"inline_featured_image":false},"product_brand":[],"product_cat":[127,39],"product_tag":[522,525,404,518,524,523,521,402,520,519],"class_list":{"0":"post-2242","1":"product","2":"type-product","3":"status-publish","4":"has-post-thumbnail","6":"product_cat-spediline-extra-2","7":"product_cat-spediline-extra","8":"product_tag-dekorieren","9":"product_tag-fuellmaterial","10":"product_tag-holzwolle","11":"product_tag-logistikholzwolle","12":"product_tag-polstermaterial","13":"product_tag-polstern","14":"product_tag-schuetzen","15":"product_tag-spediline","16":"product_tag-verpacken","17":"product_tag-verpackung","18":"product_shipping_class-grosspakete-anzahl-4-spedition","20":"first","21":"instock","22":"taxable","23":"shipping-taxable","24":"purchasable","25":"product-type-simple"},"_links":{"self":[{"href":"https:\/\/www.lindner.ch\/de\/wp-json\/wp\/v2\/product\/2242","targetHints":{"allow":["GET"]}}],"collection":[{"href":"https:\/\/www.lindner.ch\/de\/wp-json\/wp\/v2\/product"}],"about":[{"href":"https:\/\/www.lindner.ch\/de\/wp-json\/wp\/v2\/types\/product"}],"replies":[{"embeddable":true,"href":"https:\/\/www.lindner.ch\/de\/wp-json\/wp\/v2\/comments?post=2242"}],"wp:featuredmedia":[{"embeddable":true,"href":"https:\/\/www.lindner.ch\/de\/wp-json\/wp\/v2\/media\/2476"}],"wp:attachment":[{"href":"https:\/\/www.lindner.ch\/de\/wp-json\/wp\/v2\/media?parent=2242"}],"wp:term":[{"taxonomy":"product_brand","embeddable":true,"href":"https:\/\/www.lindner.ch\/de\/wp-json\/wp\/v2\/product_brand?post=2242"},{"taxonomy":"product_cat","embeddable":true,"href":"https:\/\/www.lindner.ch\/de\/wp-json\/wp\/v2\/product_cat?post=2242"},{"taxonomy":"product_tag","embeddable":true,"href":"https:\/\/www.lindner.ch\/de\/wp-json\/wp\/v2\/product_tag?post=2242"}],"curies":[{"name":"wp","href":"https:\/\/api.w.org\/{rel}","templated":true}]}}