{"id":2398,"date":"2020-11-16T15:47:02","date_gmt":"2020-11-16T14:47:02","guid":{"rendered":"https:\/\/wp.lindner.ch\/shop\/unkategorisiert\/import-placeholder-for-710\/"},"modified":"2026-02-13T11:51:45","modified_gmt":"2026-02-13T10:51:45","slug":"flamtastic-boxe-3-kg","status":"publish","type":"product","link":"https:\/\/www.lindner.ch\/de\/produkt\/flamtastic-boxe-3-kg\/","title":{"rendered":"Flamtastic  Boxe 3 kg"},"content":{"rendered":"<ul>\n<li>gepr\u00fcft: Flamtastic ist die ideale Anz\u00fcndhilfe zum Grillieren, f\u00fcr den Kamin, Kachelofen oder das Lagerfeuer \u2013 untersucht und zertifiziert nach DIN EN 1860-3.<\/li>\n<li>lange Brenndauer: brennt gleichm\u00e4ssig rund 8-10 Minuten.<\/li>\n<li>Premiumqualit\u00e4t: flamtastic ist 100% nat\u00fcrlich, raucht und qualmt nicht. Keine R\u00fcckst\u00e4nde beim Verbrennen.<\/li>\n<li>einfach, schnell &amp; sicher: Anz\u00fcndstick einfach zwischen das Holz oder die Grillkohle legen, mit einem Streichholz anz\u00fcnden, fertig!<\/li>\n<li>garantiert: Flamtastic ist ein reines Naturprodukt, L\u00e4nge und Dicke der einzelnen Anz\u00fcndsticks k\u00f6nnen darum geringf\u00fcgig voneinander abweichen.<\/li>\n<li>produziert nach dem Schweizer Holzwolle-Standard, Typ LC1.<\/li>\n<\/ul>\n<p>Und: Verpackt, gewogen und palettisiert werden die Sticks in Schweizer\u00a0Betrieben, in denen Menschen mit geistigen, k\u00f6rperlichen und psychischen Beeintr\u00e4chtigungen arbeiten, lernen und wohnen.<\/p>\n<p>Preise f\u00fcr gr\u00f6ssere Mengen oder im Display auf Anfrage.\u00a0Z\u00f6gern Sie nicht und rufen Sie uns an, wir sind gerne f\u00fcr Sie da.<\/p>\n","protected":false},"excerpt":{"rendered":"<div class=\"product-short-description\">\n<div class=\"product-short-description\">\n<p>Andere Mengen offerieren wir Ihnen gerne auf Anfrage<\/p>\n<\/div>\n<div class=\"quantity_select\"><\/div>\n<\/div>\n<div class=\"quantity_select\"><\/div>\n","protected":false},"featured_media":4396,"comment_status":"closed","ping_status":"closed","template":"","meta":{"inline_featured_image":false},"product_brand":[],"product_cat":[64],"product_tag":[436,538,537,404,438],"class_list":{"0":"post-2398","1":"product","2":"type-product","3":"status-publish","4":"has-post-thumbnail","6":"product_cat-flamtastic","7":"product_tag-anzuendhilfen","8":"product_tag-anzuendsticks","9":"product_tag-flamtastic","10":"product_tag-holzwolle","11":"product_tag-kaminanzuender","12":"product_shipping_class-paketpost","14":"first","15":"instock","16":"taxable","17":"shipping-taxable","18":"purchasable","19":"product-type-simple"},"_links":{"self":[{"href":"https:\/\/www.lindner.ch\/de\/wp-json\/wp\/v2\/product\/2398","targetHints":{"allow":["GET"]}}],"collection":[{"href":"https:\/\/www.lindner.ch\/de\/wp-json\/wp\/v2\/product"}],"about":[{"href":"https:\/\/www.lindner.ch\/de\/wp-json\/wp\/v2\/types\/product"}],"replies":[{"embeddable":true,"href":"https:\/\/www.lindner.ch\/de\/wp-json\/wp\/v2\/comments?post=2398"}],"wp:featuredmedia":[{"embeddable":true,"href":"https:\/\/www.lindner.ch\/de\/wp-json\/wp\/v2\/media\/4396"}],"wp:attachment":[{"href":"https:\/\/www.lindner.ch\/de\/wp-json\/wp\/v2\/media?parent=2398"}],"wp:term":[{"taxonomy":"product_brand","embeddable":true,"href":"https:\/\/www.lindner.ch\/de\/wp-json\/wp\/v2\/product_brand?post=2398"},{"taxonomy":"product_cat","embeddable":true,"href":"https:\/\/www.lindner.ch\/de\/wp-json\/wp\/v2\/product_cat?post=2398"},{"taxonomy":"product_tag","embeddable":true,"href":"https:\/\/www.lindner.ch\/de\/wp-json\/wp\/v2\/product_tag?post=2398"}],"curies":[{"name":"wp","href":"https:\/\/api.w.org\/{rel}","templated":true}]}}