{"id":1220,"date":"2020-10-23T20:48:09","date_gmt":"2020-10-23T18:48:09","guid":{"rendered":"https:\/\/wp.lindner.ch\/page-daccueil\/"},"modified":"2025-09-23T14:43:46","modified_gmt":"2025-09-23T12:43:46","slug":"page-daccueil","status":"publish","type":"page","link":"https:\/\/www.lindner.ch\/fr\/","title":{"rendered":"Page d&rsquo;accueil"},"content":{"rendered":"<div class=\"slider-wrapper relative\" id=\"slider-845468233\" >\n    <div class=\"slider slider-nav-dots-simple slider-nav-simple slider-nav-large slider-nav-light slider-style-normal slider-show-nav\"\n        data-flickity-options='{\n            \"cellAlign\": \"center\",\n            \"imagesLoaded\": true,\n            \"lazyLoad\": 1,\n            \"freeScroll\": false,\n            \"wrapAround\": true,\n            \"autoPlay\": 3000,\n            \"pauseAutoPlayOnHover\" : false,\n            \"prevNextButtons\": true,\n            \"contain\" : true,\n            \"adaptiveHeight\" : true,\n            \"dragThreshold\" : 10,\n            \"percentPosition\": true,\n            \"pageDots\": false,\n            \"rightToLeft\": false,\n            \"draggable\": false,\n            \"selectedAttraction\": 0.1,\n            \"parallax\" : 0,\n            \"friction\": 0.6        }'\n        >\n        \n\n\t<section class=\"section dark\" id=\"section_907494173\">\n\t\t<div class=\"section-bg fill\" >\n\t\t\t<img loading=\"lazy\" decoding=\"async\" width=\"1494\" height=\"429\" src=\"https:\/\/www.lindner.ch\/wp-content\/uploads\/2022\/10\/Headerbild_Lindner-Suisse_Verpackung_emballages.jpg\" class=\"bg attachment- size-\" alt=\"\" \/>\t\t\t\t\t\t\n\t\t\t\n\n\t\t<\/div>\n\n\t\t\n\n\t\t<div class=\"section-content relative\">\n\t\t\t\n\t\t<\/div>\n\n\t\t\n<style>\n#section_907494173 {\n  padding-top: 100px;\n  padding-bottom: 100px;\n  min-height: 350px;\n}\n#section_907494173 .section-bg img {\n  object-position: 29{c7ae1aea79a576b5a8bacb4a7d9ed8c375f6ed666dbe1564f069706f5674e1a3} 51{c7ae1aea79a576b5a8bacb4a7d9ed8c375f6ed666dbe1564f069706f5674e1a3};\n}\n@media (min-width:550px) {\n  #section_907494173 {\n    padding-top: 30px;\n    padding-bottom: 30px;\n  }\n}\n<\/style>\n\t<\/section>\n\t\n\n\t<section class=\"section dark\" id=\"section_176222865\">\n\t\t<div class=\"section-bg fill\" >\n\t\t\t<img loading=\"lazy\" decoding=\"async\" width=\"1920\" height=\"1080\" src=\"https:\/\/www.lindner.ch\/wp-content\/uploads\/2020\/09\/holzwolle-14-42.jpg\" class=\"bg attachment- size-\" alt=\"\" \/>\t\t\t\t\t\t\n\t\t\t\n\n\t\t<\/div>\n\n\t\t\n\n\t\t<div class=\"section-content relative\">\n\t\t\t\n\t\t<\/div>\n\n\t\t\n<style>\n#section_176222865 {\n  padding-top: 100px;\n  padding-bottom: 100px;\n  min-height: 350px;\n}\n#section_176222865 .section-bg img {\n  object-position: 36{c7ae1aea79a576b5a8bacb4a7d9ed8c375f6ed666dbe1564f069706f5674e1a3} 48{c7ae1aea79a576b5a8bacb4a7d9ed8c375f6ed666dbe1564f069706f5674e1a3};\n}\n@media (min-width:550px) {\n  #section_176222865 {\n    padding-top: 30px;\n    padding-bottom: 30px;\n  }\n}\n<\/style>\n\t<\/section>\n\t\n     <\/div>\n\n     <div class=\"loading-spin dark large centered\"><\/div>\n\n\t\n<style>\n#slider-845468233 .flickity-slider > * {\n  max-width: 6000px!important;\n}\n<\/style>\n<\/div>\n\n\n\n\t<section class=\"section dark\" id=\"section_1364410270\">\n\t\t<div class=\"section-bg fill\" >\n\t\t\t\t\t\t\t\t\t\n\t\t\t\n\n\t\t<\/div>\n\n\t\t\n\n\t\t<div class=\"section-content relative\">\n\t\t\t\n<div class=\"row align-center\"  id=\"row-24841961\">\n\n\t<div id=\"col-1560824524\" class=\"col small-12 large-12\"  >\n\t\t\t\t<div class=\"col-inner\"  >\n\t\t\t\n\t\t\t\n<div class=\"row row-large row-full-width align-middle align-center\"  id=\"row-1258158121\">\n\n\t<div id=\"col-937401794\" class=\"col medium-12 small-12 large-6\"  >\n\t\t\t\t<div class=\"col-inner\"  >\n\t\t\t\n\t\t\t\n<a href=\"https:\/\/lindner.ch\/fr\/laine-frisure-fibre-de-bois\/\" class=\"button success is-large box-shadow-2 box-shadow-3-hover reveal-icon expand show-for-small\" target=\"_blank\" rel=\"noopener\">\n\t\t<span>Laine\/Frisure\/Fibre de bois<\/span>\n\t<i class=\"icon-angle-right\" aria-hidden=\"true\"><\/i><\/a>\n\n<a href=\"https:\/\/lindner.ch\/fr\/laine-frisure-fibre-de-bois\/\" class=\"button success is-xlarge box-shadow-2 box-shadow-3-hover reveal-icon expand hide-for-small\" target=\"_blank\" rel=\"noopener\">\n\t\t<span>Laine de Bois \/ Frisure \/ fibre<\/span>\n\t<i class=\"icon-angle-right\" aria-hidden=\"true\"><\/i><\/a>\n\n\t\t<\/div>\n\t\t\t\t\t<\/div>\n\n\t\n\n\t<div id=\"col-526816015\" class=\"col medium-12 small-12 large-5\"  >\n\t\t\t\t<div class=\"col-inner\"  >\n\t\t\t\n\t\t\t\n<a href=\"https:\/\/lindner.ch\/fr\/materiau-demballage\/\" class=\"button primary is-large box-shadow-2 box-shadow-3-hover reveal-icon expand show-for-small\" target=\"_blank\" rel=\"noopener\">\n\t\t<span>Mat\u00e9riau d'emballage<\/span>\n\t<i class=\"icon-angle-right\" aria-hidden=\"true\"><\/i><\/a>\n\n<a href=\"https:\/\/lindner.ch\/fr\/materiau-demballage\/\" class=\"button primary is-xlarge box-shadow-2 box-shadow-3-hover reveal-icon expand hide-for-small\" target=\"_blank\" rel=\"noopener\">\n\t\t<span>Mat\u00e9riau d'emballage<\/span>\n\t<i class=\"icon-angle-right\" aria-hidden=\"true\"><\/i><\/a>\n\n\t\t<\/div>\n\t\t\t\t\t<\/div>\n\n\t\n\n<style>\n#row-1258158121 > .col > .col-inner {\n  padding: 10px 0px 0px 0px;\n}\n<\/style>\n<\/div>\n\t\t<\/div>\n\t\t\t\t\n<style>\n#col-1560824524 > .col-inner {\n  margin: -100px 0px -40px 0px;\n}\n<\/style>\n\t<\/div>\n\n\t\n\n<style>\n#row-24841961 > .col > .col-inner {\n  padding: 45px 25px 15px 25px;\n}\n@media (min-width:550px) {\n  #row-24841961 > .col > .col-inner {\n    padding: 45px 80px 15px 80px;\n  }\n}\n@media (min-width:850px) {\n  #row-24841961 > .col > .col-inner {\n    padding: 50px 50px 0px 50px;\n  }\n}\n<\/style>\n<\/div>\n\t\t<\/div>\n\n\t\t\n<style>\n#section_1364410270 {\n  padding-top: 0px;\n  padding-bottom: 0px;\n  min-height: 0px;\n  background-color: rgb(246, 246, 246);\n}\n<\/style>\n\t<\/section>\n\t\n\n\t<section class=\"section\" id=\"section_968553010\">\n\t\t<div class=\"section-bg fill\" >\n\t\t\t\t\t\t\t\t\t\n\t\t\t\n\n\t\t<\/div>\n\n\t\t\n\n\t\t<div class=\"section-content relative\">\n\t\t\t\n<div class=\"row row-large align-middle\"  id=\"row-387265673\">\n\n\t<div id=\"col-89519957\" class=\"col medium-10 small-12 large-10\"  >\n\t\t\t\t<div class=\"col-inner text-left\"  >\n\t\t\t\n\t\t\t\n<h1>Bienvenue chez Lindner Suisse!<\/h1>\n<p>En tant que fabricant suisse nous d\u00e9veloppons et produisons de nombreux produits sp\u00e9ciaux en laine de bois Howolis fabriqu\u00e9 \u00e0 base de bois 100% suisse (<a href=\"https:\/\/www.holz-bois-legno.ch\/fr\/vivre-et-experimenter\/label-bois-suisse\/caracteristiques\" target=\"_blank\" rel=\"noopener\">Label Bois Suisse)<\/a> tels que des g\u00e9otextiles pour la protection contre l\u2019\u00e9rosion, le drainage et le snowfarming \u2013 <strong>laine de bois<\/strong> pour une utilisation dans l\u2019am\u00e9nagement de l\u2019infrastructure et paysager, pour l\u2019hygi\u00e8ne animale, comme allume-feu ou comme mat\u00e9riau d&#8217;emballage. En outre, nous produisons des chips de calage de haute qualit\u00e9 et sont votre interlocuteur pour une grande gamme des produits d\u2019emballages pour vos besoins individuels (films \u00e9tirables, manuels et pour machines, films \u00e0 bulles d\u2019air, films mousse en poly\u00e9thyl\u00e8ne et bien plus encore). Pour toute question concernant les plus \u00e9conomiques autour de l\u2019empaquetage, le mat\u00e9riau d\u2019emballage et la laine de bois de qualit\u00e9, nous sommes heureux de vous conseiller. Car la qualit\u00e9 cr\u00e9e de la confiance.<\/p>\n\t\t<\/div>\n\t\t\t\t\t<\/div>\n\n\t\n\n\t<div id=\"col-1273965279\" class=\"col medium-2 small-12 large-2\"  >\n\t\t\t\t<div class=\"col-inner box-shadow-2\" style=\"background-color:rgb(255, 255, 255);\" >\n\t\t\t\n\t\t\t\n\t<div class=\"img has-hover x md-x lg-x y md-y lg-y\" id=\"image_154050345\">\n\t\t<a class=\"image-lightbox lightbox-gallery\" title=\"\" href=\"https:\/\/www.lindner.ch\/wp-content\/uploads\/2020\/09\/Lindner-Suisse_100-Jahre_Holzwolle_laine-de-bois_lana-di-legno_stalizzas-finas_wood-wool.jpg\">\t\t\t\t\t\t<div class=\"img-inner dark\" >\n\t\t\t<img loading=\"lazy\" decoding=\"async\" width=\"798\" height=\"799\" src=\"https:\/\/www.lindner.ch\/wp-content\/uploads\/2020\/09\/Lindner-Suisse_100-Jahre_Holzwolle_laine-de-bois_lana-di-legno_stalizzas-finas_wood-wool.jpg\" class=\"attachment-large size-large\" alt=\"\" srcset=\"https:\/\/www.lindner.ch\/wp-content\/uploads\/2020\/09\/Lindner-Suisse_100-Jahre_Holzwolle_laine-de-bois_lana-di-legno_stalizzas-finas_wood-wool.jpg 798w, https:\/\/www.lindner.ch\/wp-content\/uploads\/2020\/09\/Lindner-Suisse_100-Jahre_Holzwolle_laine-de-bois_lana-di-legno_stalizzas-finas_wood-wool-720x720.jpg 720w, https:\/\/www.lindner.ch\/wp-content\/uploads\/2020\/09\/Lindner-Suisse_100-Jahre_Holzwolle_laine-de-bois_lana-di-legno_stalizzas-finas_wood-wool-100x100.jpg 100w, https:\/\/www.lindner.ch\/wp-content\/uploads\/2020\/09\/Lindner-Suisse_100-Jahre_Holzwolle_laine-de-bois_lana-di-legno_stalizzas-finas_wood-wool-300x300.jpg 300w, https:\/\/www.lindner.ch\/wp-content\/uploads\/2020\/09\/Lindner-Suisse_100-Jahre_Holzwolle_laine-de-bois_lana-di-legno_stalizzas-finas_wood-wool-150x150.jpg 150w, https:\/\/www.lindner.ch\/wp-content\/uploads\/2020\/09\/Lindner-Suisse_100-Jahre_Holzwolle_laine-de-bois_lana-di-legno_stalizzas-finas_wood-wool-768x769.jpg 768w, https:\/\/www.lindner.ch\/wp-content\/uploads\/2020\/09\/Lindner-Suisse_100-Jahre_Holzwolle_laine-de-bois_lana-di-legno_stalizzas-finas_wood-wool-600x601.jpg 600w\" sizes=\"auto, (max-width: 798px) 100vw, 798px\" \/>\t\t\t\t\t\t\n\t\t\t\t\t<\/div>\n\t\t\t\t\t\t<\/a>\t\t\n<style>\n#image_154050345 {\n  width: 100%;\n}\n<\/style>\n\t<\/div>\n\t\n\t\t<\/div>\n\t\t\t\t\n<style>\n#col-1273965279 > .col-inner {\n  padding: 20px 20px 20px 20px;\n}\n<\/style>\n\t<\/div>\n\n\t\n<\/div>\n\t\t<\/div>\n\n\t\t\n<style>\n#section_968553010 {\n  padding-top: 40px;\n  padding-bottom: 40px;\n  background-color: rgb(246, 246, 246);\n}\n<\/style>\n\t<\/section>\n\t\n\n\t<section class=\"section\" id=\"section_115182738\">\n\t\t<div class=\"section-bg fill\" >\n\t\t\t\t\t\t\t\t\t\n\t\t\t\n\n\t\t<\/div>\n\n\t\t\n\n\t\t<div class=\"section-content relative\">\n\t\t\t\n\t<div id=\"gap-81869769\" class=\"gap-element clearfix\" style=\"display:block; height:auto;\">\n\t\t\n<style>\n#gap-81869769 {\n  padding-top: 100px;\n}\n<\/style>\n\t<\/div>\n\t\n<div class=\"row\"  id=\"row-1087716211\">\n\n\t<div id=\"col-600213192\" class=\"col small-12 large-12\"  >\n\t\t\t\t<div class=\"col-inner text-center\"  >\n\t\t\t\n\t\t\t\n<h2><span>Actuel<\/span><\/h2>\n\t\t<\/div>\n\t\t\t\t\n<style>\n#col-600213192 > .col-inner {\n  padding: 0 0px 0px 0px;\n  margin: 0 0px 0px 0px;\n}\n<\/style>\n\t<\/div>\n\n\t\n\n\t<div id=\"col-2081604697\" class=\"col small-12 large-12\"  >\n\t\t\t\t<div class=\"col-inner\"  >\n\t\t\t\n\t\t\t\n\n  \n    <div class=\"row large-columns-3 medium-columns-2 small-columns-1\" >\n  <div class=\"col post-item\" >\n\t\t\t<div class=\"col-inner\">\n\t\t\t\t<div class=\"box box-normal box-text-bottom box-blog-post has-hover\">\n            \t\t\t\t\t<div class=\"box-image\" >\n  \t\t\t\t\t\t<div class=\"image-cover\" style=\"padding-top:56.25%;\">\n\t\t\t\t\t\t\t<a href=\"https:\/\/www.lindner.ch\/fr\/agrohobby-pour-votre-jardin\/\" class=\"plain\" aria-label=\"agrohobby pour votre jardin !\">\n\t\t\t\t\t\t\t\t<img loading=\"lazy\" decoding=\"async\" width=\"300\" height=\"169\" src=\"https:\/\/www.lindner.ch\/wp-content\/uploads\/2026\/04\/Agrohobby_Howolis_Lindner-Suisse_Holzwolle_Lainedebois_Label-Schweizer-Holz-300x169.jpg\" class=\"attachment-medium size-medium wp-post-image\" alt=\"\" srcset=\"https:\/\/www.lindner.ch\/wp-content\/uploads\/2026\/04\/Agrohobby_Howolis_Lindner-Suisse_Holzwolle_Lainedebois_Label-Schweizer-Holz-300x169.jpg 300w, https:\/\/www.lindner.ch\/wp-content\/uploads\/2026\/04\/Agrohobby_Howolis_Lindner-Suisse_Holzwolle_Lainedebois_Label-Schweizer-Holz-1024x575.jpg 1024w, https:\/\/www.lindner.ch\/wp-content\/uploads\/2026\/04\/Agrohobby_Howolis_Lindner-Suisse_Holzwolle_Lainedebois_Label-Schweizer-Holz-768x432.jpg 768w, https:\/\/www.lindner.ch\/wp-content\/uploads\/2026\/04\/Agrohobby_Howolis_Lindner-Suisse_Holzwolle_Lainedebois_Label-Schweizer-Holz.jpg 1500w\" sizes=\"auto, (max-width: 300px) 100vw, 300px\" \/>\t\t\t\t\t\t\t<\/a>\n  \t\t\t\t\t\t\t  \t\t\t\t\t\t\t  \t\t\t\t\t\t<\/div>\n  \t\t\t\t\t\t  \t\t\t\t\t<\/div>\n          \t\t\t\t\t<div class=\"box-text text-left dark\" style=\"background-color:rgb(39, 54, 71);padding:80px 40px 80px 40px;\">\n\t\t\t\t\t<div class=\"box-text-inner blog-post-inner\">\n\n\t\t\t\t\t\n\t\t\t\t\t\t\t\t\t\t<h5 class=\"post-title is-large \">\n\t\t\t\t\t\t<a href=\"https:\/\/www.lindner.ch\/fr\/agrohobby-pour-votre-jardin\/\" class=\"plain\">agrohobby pour votre jardin !<\/a>\n\t\t\t\t\t<\/h5>\n\t\t\t\t\t<div class=\"post-meta is-small op-8\">14 avril 2026<\/div>\t\t\t\t\t<div class=\"is-divider\"><\/div>\n\t\t\t\t\t                    \n\t\t\t\t\t\t\t\t\t\t\t<a href=\"https:\/\/www.lindner.ch\/fr\/agrohobby-pour-votre-jardin\/\" class=\"button  is-outline is-small mb-0\">\n\t\t\t\t\t\t\tDetails\t\t\t\t\t\t<\/a>\n\t\t\t\t\t\n\t\t\t\t\t\n\t\t\t\t\t<\/div>\n\t\t\t\t\t<\/div>\n\t\t\t\t\t\t\t\t\t<\/div>\n\t\t\t<\/div>\n\t\t<\/div><div class=\"col post-item\" >\n\t\t\t<div class=\"col-inner\">\n\t\t\t\t<div class=\"box box-normal box-text-bottom box-blog-post has-hover\">\n            \t\t\t\t\t<div class=\"box-image\" >\n  \t\t\t\t\t\t<div class=\"image-cover\" style=\"padding-top:56.25%;\">\n\t\t\t\t\t\t\t<a href=\"https:\/\/www.lindner.ch\/fr\/moins-de-plastique-sur-les-chantiers\/\" class=\"plain\" aria-label=\"Moins de plastique sur les chantiers ?\">\n\t\t\t\t\t\t\t\t<img loading=\"lazy\" decoding=\"async\" width=\"300\" height=\"262\" src=\"https:\/\/www.lindner.ch\/wp-content\/uploads\/2025\/12\/Moldiv_weniger_Plastik_auf_Baustellen_Howolis_Abdeckvlies_Typ40_f_moins-plastique-300x262.jpg\" class=\"attachment-medium size-medium wp-post-image\" alt=\"\" srcset=\"https:\/\/www.lindner.ch\/wp-content\/uploads\/2025\/12\/Moldiv_weniger_Plastik_auf_Baustellen_Howolis_Abdeckvlies_Typ40_f_moins-plastique-300x262.jpg 300w, https:\/\/www.lindner.ch\/wp-content\/uploads\/2025\/12\/Moldiv_weniger_Plastik_auf_Baustellen_Howolis_Abdeckvlies_Typ40_f_moins-plastique-768x672.jpg 768w, https:\/\/www.lindner.ch\/wp-content\/uploads\/2025\/12\/Moldiv_weniger_Plastik_auf_Baustellen_Howolis_Abdeckvlies_Typ40_f_moins-plastique.jpg 941w\" sizes=\"auto, (max-width: 300px) 100vw, 300px\" \/>\t\t\t\t\t\t\t<\/a>\n  \t\t\t\t\t\t\t  \t\t\t\t\t\t\t  \t\t\t\t\t\t<\/div>\n  \t\t\t\t\t\t  \t\t\t\t\t<\/div>\n          \t\t\t\t\t<div class=\"box-text text-left dark\" style=\"background-color:rgb(39, 54, 71);padding:80px 40px 80px 40px;\">\n\t\t\t\t\t<div class=\"box-text-inner blog-post-inner\">\n\n\t\t\t\t\t\n\t\t\t\t\t\t\t\t\t\t<h5 class=\"post-title is-large \">\n\t\t\t\t\t\t<a href=\"https:\/\/www.lindner.ch\/fr\/moins-de-plastique-sur-les-chantiers\/\" class=\"plain\">Moins de plastique sur les chantiers ?<\/a>\n\t\t\t\t\t<\/h5>\n\t\t\t\t\t<div class=\"post-meta is-small op-8\">19 janvier 2026<\/div>\t\t\t\t\t<div class=\"is-divider\"><\/div>\n\t\t\t\t\t                    \n\t\t\t\t\t\t\t\t\t\t\t<a href=\"https:\/\/www.lindner.ch\/fr\/moins-de-plastique-sur-les-chantiers\/\" class=\"button  is-outline is-small mb-0\">\n\t\t\t\t\t\t\tDetails\t\t\t\t\t\t<\/a>\n\t\t\t\t\t\n\t\t\t\t\t\n\t\t\t\t\t<\/div>\n\t\t\t\t\t<\/div>\n\t\t\t\t\t\t\t\t\t<\/div>\n\t\t\t<\/div>\n\t\t<\/div><div class=\"col post-item\" >\n\t\t\t<div class=\"col-inner\">\n\t\t\t\t<div class=\"box box-normal box-text-bottom box-blog-post has-hover\">\n            \t\t\t\t\t<div class=\"box-image\" >\n  \t\t\t\t\t\t<div class=\"image-cover\" style=\"padding-top:56.25%;\">\n\t\t\t\t\t\t\t<a href=\"https:\/\/www.lindner.ch\/fr\/etude-howolis-q-fascine-pour-la-protection-durable-des-pentes-et-des-berges\/\" class=\"plain\" aria-label=\"\u00c9tude : Howolis Q-Fascine pour la protection durable des pentes et des berges\">\n\t\t\t\t\t\t\t\t<img loading=\"lazy\" decoding=\"async\" width=\"300\" height=\"225\" src=\"https:\/\/www.lindner.ch\/wp-content\/uploads\/2025\/05\/Howolis_Q-Faschine_FHGR_Studie_Innosuisse_Lindner-Suisse_1-300x225.jpg\" class=\"attachment-medium size-medium wp-post-image\" alt=\"\" srcset=\"https:\/\/www.lindner.ch\/wp-content\/uploads\/2025\/05\/Howolis_Q-Faschine_FHGR_Studie_Innosuisse_Lindner-Suisse_1-300x225.jpg 300w, https:\/\/www.lindner.ch\/wp-content\/uploads\/2025\/05\/Howolis_Q-Faschine_FHGR_Studie_Innosuisse_Lindner-Suisse_1-1024x768.jpg 1024w, https:\/\/www.lindner.ch\/wp-content\/uploads\/2025\/05\/Howolis_Q-Faschine_FHGR_Studie_Innosuisse_Lindner-Suisse_1-768x576.jpg 768w, https:\/\/www.lindner.ch\/wp-content\/uploads\/2025\/05\/Howolis_Q-Faschine_FHGR_Studie_Innosuisse_Lindner-Suisse_1-1536x1152.jpg 1536w, https:\/\/www.lindner.ch\/wp-content\/uploads\/2025\/05\/Howolis_Q-Faschine_FHGR_Studie_Innosuisse_Lindner-Suisse_1-2048x1536.jpg 2048w, https:\/\/www.lindner.ch\/wp-content\/uploads\/2025\/05\/Howolis_Q-Faschine_FHGR_Studie_Innosuisse_Lindner-Suisse_1-1920x1440.jpg 1920w\" sizes=\"auto, (max-width: 300px) 100vw, 300px\" \/>\t\t\t\t\t\t\t<\/a>\n  \t\t\t\t\t\t\t  \t\t\t\t\t\t\t  \t\t\t\t\t\t<\/div>\n  \t\t\t\t\t\t  \t\t\t\t\t<\/div>\n          \t\t\t\t\t<div class=\"box-text text-left dark\" style=\"background-color:rgb(39, 54, 71);padding:80px 40px 80px 40px;\">\n\t\t\t\t\t<div class=\"box-text-inner blog-post-inner\">\n\n\t\t\t\t\t\n\t\t\t\t\t\t\t\t\t\t<h5 class=\"post-title is-large \">\n\t\t\t\t\t\t<a href=\"https:\/\/www.lindner.ch\/fr\/etude-howolis-q-fascine-pour-la-protection-durable-des-pentes-et-des-berges\/\" class=\"plain\">\u00c9tude : Howolis Q-Fascine pour la protection durable des pentes et des berges<\/a>\n\t\t\t\t\t<\/h5>\n\t\t\t\t\t<div class=\"post-meta is-small op-8\">26 mai 2025<\/div>\t\t\t\t\t<div class=\"is-divider\"><\/div>\n\t\t\t\t\t                    \n\t\t\t\t\t\t\t\t\t\t\t<a href=\"https:\/\/www.lindner.ch\/fr\/etude-howolis-q-fascine-pour-la-protection-durable-des-pentes-et-des-berges\/\" class=\"button  is-outline is-small mb-0\">\n\t\t\t\t\t\t\tDetails\t\t\t\t\t\t<\/a>\n\t\t\t\t\t\n\t\t\t\t\t\n\t\t\t\t\t<\/div>\n\t\t\t\t\t<\/div>\n\t\t\t\t\t\t\t\t\t<\/div>\n\t\t\t<\/div>\n\t\t<\/div><\/div>\n\t\t<\/div>\n\t\t\t\t\n<style>\n#col-2081604697 > .col-inner {\n  padding: 0 0px 0px 0px;\n  margin: -2p0 0px 0px 0px;\n}\n<\/style>\n\t<\/div>\n\n\t\n<\/div>\n\t\t<\/div>\n\n\t\t\n<style>\n#section_115182738 {\n  padding-top: 30px;\n  padding-bottom: 30px;\n  background-color: rgb(255,255,255);\n}\n<\/style>\n\t<\/section>\n\t\n\n\t<section class=\"section\" id=\"section_1532599291\">\n\t\t<div class=\"section-bg fill\" >\n\t\t\t\t\t\t\t\t\t\n\t\t\t\n\n\t\t<\/div>\n\n\t\t\n\n\t\t<div class=\"section-content relative\">\n\t\t\t\n\t<div id=\"gap-1596706942\" class=\"gap-element clearfix\" style=\"display:block; height:auto;\">\n\t\t\n<style>\n#gap-1596706942 {\n  padding-top: 40px;\n}\n<\/style>\n\t<\/div>\n\t\n<div class=\"row row-large align-middle align-center\"  id=\"row-1035060185\">\n\n\t<div id=\"col-357358686\" class=\"col medium-10 small-12 large-6\"  data-animate=\"fadeInUp\">\n\t\t\t\t<div class=\"col-inner\"  >\n\t\t\t\n\t\t\t\n<a href=\"https:\/\/www.lindner.ch\/fr\/a-propos-de-nous\/\" class=\"button primary box-shadow-1 box-shadow-2-hover lowercase reveal-icon\">\n\t\t<span>En savoir plus sur Lindner<\/span>\n\t<i class=\"icon-angle-right\" aria-hidden=\"true\"><\/i><\/a>\n\n\t\t<\/div>\n\t\t\t\t\t<\/div>\n\n\t\n\n\t<div id=\"col-1680286740\" class=\"col medium-10 small-12 large-6 medium-col-first\"  data-animate=\"fadeInUp\">\n\t\t\t\t<div class=\"col-inner\"  >\n\t\t\t\n\t\t\t\n\t\t<\/div>\n\t\t\t\t\t<\/div>\n\n\t\n<\/div>\n\t\t<\/div>\n\n\t\t\n<style>\n#section_1532599291 {\n  padding-top: 75px;\n  padding-bottom: 75px;\n}\n@media (min-width:550px) {\n  #section_1532599291 {\n    padding-top: 100px;\n    padding-bottom: 100px;\n  }\n}\n<\/style>\n\t<\/section>\n\t\n\n\t<section class=\"section dark\" id=\"section_893884661\">\n\t\t<div class=\"section-bg fill\" >\n\t\t\t\t\t\t\t\t\t\n\t\t\t\n\n\t\t<\/div>\n\n\t\t\n\n\t\t<div class=\"section-content relative\">\n\t\t\t\n<div class=\"row align-center\"  id=\"row-967332630\">\n\n\t<div id=\"col-1875400229\" class=\"col small-12 large-12\"  >\n\t\t\t\t<div class=\"col-inner\" style=\"background-color:rgb(46, 171, 96);\" >\n\t\t\t\n\t\t\t\n<h3>Actuel &amp; saison<\/h3>\n<div class=\"row row-small row-full-width align-middle align-center\"  id=\"row-689793346\">\n\n\t<div id=\"col-115789376\" class=\"col medium-12 small-12 large-4\"  >\n\t\t\t\t<div class=\"col-inner\"  >\n\t\t\t\n\t\t\t\n<a href=\"https:\/\/www.lindner.ch\/fr\/laine-frisure-fibre-de-bois\/howolis-protection-erosion\/\" class=\"button white expand\">\n\t\t<span>Howolis Protection erosion<\/span>\n\t<\/a>\n\n\t\t<\/div>\n\t\t\t\t\t<\/div>\n\n\t\n\n\t<div id=\"col-1127708343\" class=\"col medium-12 small-12 large-4\"  >\n\t\t\t\t<div class=\"col-inner\"  >\n\t\t\t\n\t\t\t\n<a href=\"https:\/\/www.lindner.ch\/fr\/laine-frisure-fibre-de-bois\/materiau-demballage\/spediline-food\/\" class=\"button white expand\">\n\t\t<span>SPEDILINE FOOD<\/span>\n\t<\/a>\n\n\t\t<\/div>\n\t\t\t\t\t<\/div>\n\n\t\n\n\t<div id=\"col-755311212\" class=\"col medium-12 small-12 large-4\"  >\n\t\t\t\t<div class=\"col-inner\"  >\n\t\t\t\n\t\t\t\n<a href=\"https:\/\/www.lindner.ch\/fr\/materiau-demballage\/chips-de-calage\/\" class=\"button white expand\">\n\t\t<span>Chips de calage<\/span>\n\t<\/a>\n\n\t\t<\/div>\n\t\t\t\t\t<\/div>\n\n\t\n<\/div>\n\t\t<\/div>\n\t\t\t\t\n<style>\n#col-1875400229 > .col-inner {\n  margin: -100px 0px 0px 0px;\n}\n<\/style>\n\t<\/div>\n\n\t\n\n<style>\n#row-967332630 > .col > .col-inner {\n  padding: 45px 25px 15px 25px;\n  background-color: rgb(34, 49, 246);\n}\n@media (min-width:550px) {\n  #row-967332630 > .col > .col-inner {\n    padding: 45px 80px 15px 80px;\n  }\n}\n@media (min-width:850px) {\n  #row-967332630 > .col > .col-inner {\n    padding: 50px 50px 30px 50px;\n  }\n}\n<\/style>\n<\/div>\n\t<div id=\"gap-208076811\" class=\"gap-element clearfix\" style=\"display:block; height:auto;\">\n\t\t\n<style>\n#gap-208076811 {\n  padding-top: 100px;\n}\n<\/style>\n\t<\/div>\n\t\n\t\t<\/div>\n\n\t\t\n<style>\n#section_893884661 {\n  padding-top: 0px;\n  padding-bottom: 0px;\n  min-height: 0px;\n  background-color: #273647;\n}\n<\/style>\n\t<\/section>\n\t\n","protected":false},"excerpt":{"rendered":"","protected":false},"author":1,"featured_media":0,"parent":0,"menu_order":0,"comment_status":"closed","ping_status":"open","template":"page-blank.php","meta":{"inline_featured_image":false,"footnotes":""},"class_list":["post-1220","page","type-page","status-publish","hentry"],"_links":{"self":[{"href":"https:\/\/www.lindner.ch\/fr\/wp-json\/wp\/v2\/pages\/1220","targetHints":{"allow":["GET"]}}],"collection":[{"href":"https:\/\/www.lindner.ch\/fr\/wp-json\/wp\/v2\/pages"}],"about":[{"href":"https:\/\/www.lindner.ch\/fr\/wp-json\/wp\/v2\/types\/page"}],"author":[{"embeddable":true,"href":"https:\/\/www.lindner.ch\/fr\/wp-json\/wp\/v2\/users\/1"}],"replies":[{"embeddable":true,"href":"https:\/\/www.lindner.ch\/fr\/wp-json\/wp\/v2\/comments?post=1220"}],"version-history":[{"count":73,"href":"https:\/\/www.lindner.ch\/fr\/wp-json\/wp\/v2\/pages\/1220\/revisions"}],"predecessor-version":[{"id":7974,"href":"https:\/\/www.lindner.ch\/fr\/wp-json\/wp\/v2\/pages\/1220\/revisions\/7974"}],"wp:attachment":[{"href":"https:\/\/www.lindner.ch\/fr\/wp-json\/wp\/v2\/media?parent=1220"}],"curies":[{"name":"wp","href":"https:\/\/api.w.org\/{rel}","templated":true}]}}