{"id":1268,"date":"2020-10-23T20:58:46","date_gmt":"2020-10-23T18:58:46","guid":{"rendered":"https:\/\/wp.lindner.ch\/laine-frisure-fibre-de-bois\/flamtastic-batonnets-allume-feu\/"},"modified":"2024-05-14T16:35:42","modified_gmt":"2024-05-14T14:35:42","slug":"flamtastic-batonnets-allume-feu","status":"publish","type":"page","link":"https:\/\/www.lindner.ch\/fr\/laine-de-bois-frisure-de-bois-fibre-de-bois\/flamtastic-batonnets-allume-feu\/","title":{"rendered":"Flamtastic b\u00e2tonnets allume-feu"},"content":{"rendered":"\n  <div class=\"banner has-hover banner_border has-parallax\" id=\"banner-2035980630\">\n          <div class=\"banner-inner fill\">\n        <div class=\"banner-bg fill\" data-parallax=\"-3\" data-parallax-container=\".banner\" data-parallax-background>\n            <img loading=\"lazy\" decoding=\"async\" width=\"2560\" height=\"1575\" src=\"https:\/\/www.lindner.ch\/wp-content\/uploads\/2020\/10\/Lindner_Suisse-scaled.jpg\" class=\"bg attachment-original size-original\" alt=\"\" \/>                                    \n                    <\/div>\n\t\t\n        <div class=\"banner-layers container\">\n            <div class=\"fill banner-link\"><\/div>            \n\n\n        <\/div>\n      <\/div>\n\n            \n<style>\n#banner-2035980630 {\n  padding-top: 200px;\n  background-color: rgb(46, 171, 96);\n}\n#banner-2035980630 .banner-bg img {\n  object-position: 54% 55%;\n}\n<\/style>\n  <\/div>\n\n\n\t<div id=\"gap-183954685\" class=\"gap-element clearfix\" style=\"display:block; height:auto;\">\n\t\t\n<style>\n#gap-183954685 {\n  padding-top: 30px;\n}\n<\/style>\n\t<\/div>\n\t\n<div class=\"row\"  id=\"row-1681262969\">\n\n\t<div id=\"col-802685793\" class=\"col medium-3 small-12 large-3 col-divided\"  >\n\t\t\t\t<div class=\"col-inner\"  >\n\t\t\t\n\t\t\t\n<div class=\"menu-holzwolle-franzoesisch-container\"><ul id=\"menu-holzwolle-franzoesisch\" class=\"sb_navigation_holzwolle\"><li id=\"menu-item-1451\" class=\"menu-item menu-item-type-post_type menu-item-object-page menu-item-1451\"><a href=\"https:\/\/www.lindner.ch\/fr\/laine-de-bois-frisure-de-bois-fibre-de-bois\/\">Laine de bois \/ frisure \/ fibre<\/a><\/li>\n<li id=\"menu-item-1452\" class=\"menu-item menu-item-type-post_type menu-item-object-page menu-item-has-children menu-item-1452\"><a href=\"https:\/\/www.lindner.ch\/fr\/laine-de-bois-frisure-de-bois-fibre-de-bois\/materiau-demballage\/\">Mat\u00e9riau d\u2019emballage<\/a>\n<ul class=\"sub-menu\">\n\t<li id=\"menu-item-1454\" class=\"menu-item menu-item-type-post_type menu-item-object-page menu-item-1454\"><a href=\"https:\/\/www.lindner.ch\/fr\/laine-de-bois-frisure-de-bois-fibre-de-bois\/materiau-demballage\/spediline-classic\/\">spediline classic<\/a><\/li>\n\t<li id=\"menu-item-1455\" class=\"menu-item menu-item-type-post_type menu-item-object-page menu-item-1455\"><a href=\"https:\/\/www.lindner.ch\/fr\/laine-de-bois-frisure-de-bois-fibre-de-bois\/materiau-demballage\/spediline-food\/\">spediline food<\/a><\/li>\n\t<li id=\"menu-item-1456\" class=\"menu-item menu-item-type-post_type menu-item-object-page menu-item-1456\"><a href=\"https:\/\/www.lindner.ch\/fr\/laine-de-bois-frisure-de-bois-fibre-de-bois\/materiau-demballage\/spediline-extra\/\">spediline extra<\/a><\/li>\n\t<li id=\"menu-item-1457\" class=\"menu-item menu-item-type-post_type menu-item-object-page menu-item-1457\"><a href=\"https:\/\/www.lindner.ch\/fr\/laine-de-bois-frisure-de-bois-fibre-de-bois\/materiau-demballage\/decoratif-pour-le-nid-de-paques\/\">D\u00e9coratif pour le nid de P\u00e2ques<\/a><\/li>\n<\/ul>\n<\/li>\n<li id=\"menu-item-1458\" class=\"menu-item menu-item-type-post_type menu-item-object-page menu-item-has-children menu-item-1458\"><a href=\"https:\/\/www.lindner.ch\/fr\/laine-de-bois-frisure-de-bois-fibre-de-bois\/hygiene-animale\/\">Hygi\u00e8ne animale<\/a>\n<ul class=\"sub-menu\">\n\t<li id=\"menu-item-1459\" class=\"menu-item menu-item-type-post_type menu-item-object-page menu-item-1459\"><a href=\"https:\/\/www.lindner.ch\/fr\/laine-de-bois-frisure-de-bois-fibre-de-bois\/hygiene-animale\/agroclean-le-nettoyage-des-pis\/\">agroclean\u00ae le nettoyage des pis<\/a><\/li>\n<\/ul>\n<\/li>\n<li id=\"menu-item-1460\" class=\"menu-item menu-item-type-post_type menu-item-object-page menu-item-has-children menu-item-1460\"><a href=\"https:\/\/www.lindner.ch\/fr\/laine-de-bois-frisure-de-bois-fibre-de-bois\/jardin-loisir\/\">Jardin &amp; Loisir<\/a>\n<ul class=\"sub-menu\">\n\t<li id=\"menu-item-1461\" class=\"menu-item menu-item-type-post_type menu-item-object-page menu-item-1461\"><a href=\"https:\/\/www.lindner.ch\/fr\/laine-de-bois-frisure-de-bois-fibre-de-bois\/jardin-loisir\/agrohobby\/\">agrohobby<\/a><\/li>\n\t<li id=\"menu-item-1462\" class=\"menu-item menu-item-type-post_type menu-item-object-page menu-item-1462\"><a href=\"https:\/\/www.lindner.ch\/fr\/laine-de-bois-frisure-de-bois-fibre-de-bois\/jardin-loisir\/howolis-tapis-anti-erosion\/\">Howolis tapis\/natte anti-\u00e9rosion<\/a><\/li>\n\t<li id=\"menu-item-1464\" class=\"menu-item menu-item-type-post_type menu-item-object-page menu-item-1464\"><a href=\"https:\/\/www.lindner.ch\/fr\/laine-de-bois-frisure-de-bois-fibre-de-bois\/jardin-loisir\/decoratif-pour-le-nid-de-paques\/\">D\u00e9coratif pour le nid de P\u00e2ques<\/a><\/li>\n<\/ul>\n<\/li>\n<li id=\"menu-item-1465\" class=\"menu-item menu-item-type-post_type menu-item-object-page menu-item-has-children menu-item-1465\"><a href=\"https:\/\/www.lindner.ch\/fr\/laine-de-bois-frisure-de-bois-fibre-de-bois\/flamtastic-batonnets-allume-feu\/\">Flamtastic b\u00e2tonnets allume-feu<\/a>\n<ul class=\"sub-menu\">\n\t<li id=\"menu-item-1466\" class=\"menu-item menu-item-type-post_type menu-item-object-page menu-item-1466\"><a href=\"https:\/\/www.lindner.ch\/fr\/laine-de-bois-frisure-de-bois-fibre-de-bois\/flamtastic-batonnets-allume-feu\/flamtastic\/\">Flamtastic<\/a><\/li>\n\t<li id=\"menu-item-4838\" class=\"menu-item menu-item-type-post_type menu-item-object-page menu-item-4838\"><a href=\"https:\/\/www.lindner.ch\/fr\/laine-de-bois-frisure-de-bois-fibre-de-bois\/flamtastic-batonnets-allume-feu\/zundstreusel-allume-feu\/\">\u201eZ\u00fcndstreusel\u201c allume-feu<\/a><\/li>\n\t<li id=\"menu-item-1467\" class=\"menu-item menu-item-type-post_type menu-item-object-page menu-item-1467\"><a href=\"https:\/\/www.lindner.ch\/fr\/laine-de-bois-frisure-de-bois-fibre-de-bois\/flamtastic-batonnets-allume-feu\/flamtastic-sur-demande\/\">Flamtastic sur demande<\/a><\/li>\n\t<li id=\"menu-item-1468\" class=\"menu-item menu-item-type-post_type menu-item-object-page menu-item-1468\"><a href=\"https:\/\/www.lindner.ch\/fr\/laine-de-bois-frisure-de-bois-fibre-de-bois\/flamtastic-batonnets-allume-feu\/brosse-de-gril-rosto-cleaner\/\">Brosse de gril \u2013 Rosto Cleaner<\/a><\/li>\n<\/ul>\n<\/li>\n<li id=\"menu-item-1469\" class=\"menu-item menu-item-type-post_type menu-item-object-page menu-item-has-children menu-item-1469\"><a href=\"https:\/\/www.lindner.ch\/fr\/laine-de-bois-frisure-de-bois-fibre-de-bois\/howolis-protection-erosion-drainage-fascines-tapis-detancheite\/\">Howolis laine de bois<\/a>\n<ul class=\"sub-menu\">\n\t<li id=\"menu-item-1470\" class=\"menu-item menu-item-type-post_type menu-item-object-page menu-item-1470\"><a href=\"https:\/\/www.lindner.ch\/fr\/laine-de-bois-frisure-de-bois-fibre-de-bois\/howolis-protection-erosion-drainage-fascines-tapis-detancheite\/howolis-tapis-anti-erosion\/\">Howolis tapis\/nattes anti-\u00e9rosion<\/a><\/li>\n\t<li id=\"menu-item-5864\" class=\"menu-item menu-item-type-post_type menu-item-object-page menu-item-5864\"><a href=\"https:\/\/www.lindner.ch\/fr\/laine-de-bois-frisure-de-bois-fibre-de-bois\/howolis-protection-erosion-drainage-fascines-tapis-detancheite\/howolis-tapis-de-recouvrement-tapis-de-protection-type-40-recouvrement-des-chantiers\/\">Howolis tapis de recouvrement\/protection<\/a><\/li>\n\t<li id=\"menu-item-1473\" class=\"menu-item menu-item-type-post_type menu-item-object-page menu-item-1473\"><a href=\"https:\/\/www.lindner.ch\/fr\/laine-de-bois-frisure-de-bois-fibre-de-bois\/howolis-protection-erosion-drainage-fascines-tapis-detancheite\/howolis-q-fascine\/\">Howolis Q-Fascine<\/a><\/li>\n\t<li id=\"menu-item-5306\" class=\"menu-item menu-item-type-post_type menu-item-object-page menu-item-5306\"><a href=\"https:\/\/www.lindner.ch\/fr\/laine-de-bois-frisure-de-bois-fibre-de-bois\/howolis-protection-erosion-drainage-fascines-tapis-detancheite\/howolis-fascines-quickquader\/\">Howolis fascines Quickquader<\/a><\/li>\n\t<li id=\"menu-item-1475\" class=\"menu-item menu-item-type-post_type menu-item-object-page menu-item-1475\"><a href=\"https:\/\/www.lindner.ch\/fr\/laine-de-bois-frisure-de-bois-fibre-de-bois\/howolis-protection-erosion-drainage-fascines-tapis-detancheite\/howolis-tube-de-drainage-drenoroll\/\">Howolis Drenoroll tube de drainage<\/a><\/li>\n\t<li id=\"menu-item-5171\" class=\"menu-item menu-item-type-post_type menu-item-object-page menu-item-5171\"><a href=\"https:\/\/www.lindner.ch\/fr\/laine-de-bois-frisure-de-bois-fibre-de-bois\/howolis-protection-erosion-drainage-fascines-tapis-detancheite\/howolis-drenogrid-tapis-detancheite\/\">Howolis Drenogrid tapis d\u2019\u00e9tanch\u00e9it\u00e9<\/a><\/li>\n\t<li id=\"menu-item-6692\" class=\"menu-item menu-item-type-post_type menu-item-object-page menu-item-6692\"><a href=\"https:\/\/www.lindner.ch\/fr\/laine-de-bois-frisure-de-bois-fibre-de-bois\/howolis-protection-erosion-drainage-fascines-tapis-detancheite\/howolis-snowfarming-depots-de-neige\/\">Howolis Snowfarming\/D\u00e9p\u00f4ts de neige<\/a><\/li>\n\t<li id=\"menu-item-1472\" class=\"menu-item menu-item-type-post_type menu-item-object-page menu-item-1472\"><a href=\"https:\/\/www.lindner.ch\/fr\/laine-de-bois-frisure-de-bois-fibre-de-bois\/howolis-protection-erosion-drainage-fascines-tapis-detancheite\/howolis-early-green\/\">Howolis Early Green<\/a><\/li>\n\t<li id=\"menu-item-5180\" class=\"menu-item menu-item-type-post_type menu-item-object-page menu-item-5180\"><a href=\"https:\/\/www.lindner.ch\/fr\/laine-de-bois-frisure-de-bois-fibre-de-bois\/howolis-protection-erosion-drainage-fascines-tapis-detancheite\/laine-de-bois-en-vrac-pour-drainages-et-palplanches\/\">Laine de bois (en vrac) pour drainages et palplanches<\/a><\/li>\n\t<li id=\"menu-item-1474\" class=\"menu-item menu-item-type-post_type menu-item-object-page menu-item-1474\"><a href=\"https:\/\/www.lindner.ch\/fr\/laine-de-bois-frisure-de-bois-fibre-de-bois\/howolis-protection-erosion-drainage-fascines-tapis-detancheite\/howolis-materiel-dinstallation\/\">Howolis mat\u00e9riel d\u2019installations<\/a><\/li>\n\t<li id=\"menu-item-1476\" class=\"menu-item menu-item-type-post_type menu-item-object-page menu-item-1476\"><a href=\"https:\/\/www.lindner.ch\/fr\/laine-de-bois-frisure-de-bois-fibre-de-bois\/howolis-protection-erosion-drainage-fascines-tapis-detancheite\/drenotube\/\">drenotube \u00ae drainages<\/a><\/li>\n<\/ul>\n<\/li>\n<li id=\"menu-item-1477\" class=\"menu-item menu-item-type-post_type menu-item-object-page menu-item-1477\"><a href=\"https:\/\/www.lindner.ch\/fr\/laine-de-bois-frisure-de-bois-fibre-de-bois\/masque-facial\/\">Masque facial<\/a><\/li>\n<li id=\"menu-item-1869\" class=\"menu-item menu-item-type-post_type menu-item-object-page menu-item-1869\"><a href=\"https:\/\/www.lindner.ch\/fr\/laine-de-bois-frisure-de-bois-fibre-de-bois\/lhistoire-laine-de-bois-le-livre\/\">L\u2019histoire \u2013 laine de bois \u00able livre\u00bb<\/a><\/li>\n<li id=\"menu-item-3426\" class=\"menu-item menu-item-type-post_type menu-item-object-page menu-item-3426\"><a href=\"https:\/\/www.lindner.ch\/fr\/laine-de-bois-frisure-de-bois-fibre-de-bois\/expositions-foires\/\">Expositions\/foires<\/a><\/li>\n<\/ul><\/div>\n\t\t<\/div>\n\t\t\t\t\t<\/div>\n\n\t\n\n\t<div id=\"col-1445034553\" class=\"col medium-9 small-12 large-9\"  >\n\t\t\t\t<div class=\"col-inner\"  >\n\t\t\t\n\t\t\t\n<div class=\"row\"  id=\"row-1467724598\">\n\n\t<div id=\"col-1955828674\" class=\"col medium-9 small-12 large-9\"  >\n\t\t\t\t<div class=\"col-inner\"  >\n\t\t\t\n\t\t\t\n<div class=\"col-sm-12\">\n<h1>Flamtastic b\u00e2tonnets allume-feu<\/h1>\n<\/div>\n<div class=\"col-sm-9\">\n<p><strong>Vous avez du feu? Mais oui, bien s\u00fbr!<\/strong><\/p>\n<p>Les allume-feu Flamtastic sont fabriqu\u00e9s \u00e0 partir de bois de qualit\u00e9 suisse. Suivant l&rsquo;exemple de l&rsquo;artisanat traditionnel, des cordes compactes sont fabriqu\u00e9es \u00e0 partir de bois non trait\u00e9 puis coup\u00e9es en b\u00e2tonnets pratiques. Les Flamtastic B\u00e2tonnets allume-feu sont sans poussi\u00e8res et sans pesticides et sont fait conform\u00e9ment au <a href=\"https:\/\/www.lindner.ch\/files\/content\/Downloads_Produktinformationen\/Lindner_Suisse_Howolis_standard_suisse_laine%20de%20bois_frisure%20de%20bois.pdf\">Standard suisse de la laine de bois<\/a>.\u00a0Qualit\u00e9 Premium \u00e0 longue dur\u00e9e de combustion. <a title=\"Flamtastic\" href=\"https:\/\/www.lindner.ch\/fr\/laine-frisure-fibre-de-bois\/flamtastic-batonnets-allume-feu\/flamtastic\/\">Pour en savoir plus &#8230;<\/a><\/p>\n<\/div>\n<p>\u00a0<\/p>\n<h1>\u00abZ\u00fcndstreusel\u00bb allume-feu<\/h1>\n<p>Les allume-feu \u00abZ\u00fcndstreusel\u00bb (en vrac) sont fabriqu\u00e9s comme le Flamtastic en bois 100% suisse. <a href=\"https:\/\/www.lindner.ch\/fr\/laine-frisure-fibre-de-bois\/flamtastic-batonnets-allume-feu\/zundstreusel-allume-feu\/\">Pour en savoir plus &#8230;<\/a><\/p>\n\t\t<\/div>\n\t\t\t\t\t<\/div>\n\n\t\n\n\t<div id=\"col-699061217\" class=\"col medium-3 small-12 large-3\"  >\n\t\t\t\t<div class=\"col-inner\"  >\n\t\t\t\n\t\t\t\n\t<div class=\"img has-hover x md-x lg-x y md-y lg-y\" id=\"image_410633286\">\n\t\t\t\t\t\t\t\t<div class=\"img-inner dark\" >\n\t\t\t<img loading=\"lazy\" decoding=\"async\" width=\"840\" height=\"320\" src=\"https:\/\/www.lindner.ch\/wp-content\/uploads\/2024\/04\/Flamtastic_Anzuendhilfe_Lindner-Suisse_Holzwolle_Laine-de-Bois_wood-wool.jpg\" class=\"attachment-large size-large\" alt=\"\" srcset=\"https:\/\/www.lindner.ch\/wp-content\/uploads\/2024\/04\/Flamtastic_Anzuendhilfe_Lindner-Suisse_Holzwolle_Laine-de-Bois_wood-wool.jpg 840w, https:\/\/www.lindner.ch\/wp-content\/uploads\/2024\/04\/Flamtastic_Anzuendhilfe_Lindner-Suisse_Holzwolle_Laine-de-Bois_wood-wool-300x114.jpg 300w, https:\/\/www.lindner.ch\/wp-content\/uploads\/2024\/04\/Flamtastic_Anzuendhilfe_Lindner-Suisse_Holzwolle_Laine-de-Bois_wood-wool-768x293.jpg 768w\" sizes=\"auto, (max-width: 840px) 100vw, 840px\" \/>\t\t\t\t\t\t\n\t\t\t\t\t<\/div>\n\t\t\t\t\t\t\t\t\n<style>\n#image_410633286 {\n  width: 100%;\n}\n<\/style>\n\t<\/div>\n\t\n\t\t<\/div>\n\t\t\t\t\t<\/div>\n\n\t\n<\/div>\n<div class=\"row\"  id=\"row-2056728665\">\n\n\t<div id=\"col-509071482\" class=\"col medium-9 small-12 large-9\"  >\n\t\t\t\t<div class=\"col-inner\"  >\n\t\t\t\n\t\t\t\n<div class=\"col-sm-12\">\n<h1>Flamtastic sur demande \u2013 le cadeau client id\u00e9al dans son unique emballage<\/h1>\n<\/div>\n<div class=\"col-sm-9\">\n<p>Une id\u00e9e g\u00e9niale! Les allume-feux de Lindner Suisse sont offerts en tant que cadeau client et support publicitaire tr\u00e8s particulier. En guise de petit cadeau \u00abtout feu tout flamme\u00bb ou de \u00abremerciements ardents\u00bb ou encore de support de mailings publicitaires: l\u2019allume-feu en laine de bois naturelle sort du lot des \u00abd\u00e9j\u00e0-vus\u00bb. <a title=\"Flamtastic sur demande\" href=\"https:\/\/www.lindner.ch\/fr\/laine-frisure-fibre-de-bois\/flamtastic-batonnets-allume-feu\/flamtastic-sur-demande\/\">Pour en savoir plus &#8230;<\/a><\/p>\n<\/div>\n\t\t<\/div>\n\t\t\t\t\t<\/div>\n\n\t\n\n\t<div id=\"col-2053893576\" class=\"col medium-3 small-12 large-3\"  >\n\t\t\t\t<div class=\"col-inner\"  >\n\t\t\t\n\t\t\t\n\t<div class=\"img has-hover x md-x lg-x y md-y lg-y\" id=\"image_253574188\">\n\t\t<a class=\"image-lightbox lightbox-gallery\" title=\"\" href=\"https:\/\/www.lindner.ch\/wp-content\/uploads\/2020\/10\/Flamtastic_on-demand-3478a5ce.jpg\">\t\t\t\t\t\t<div class=\"img-inner dark\" >\n\t\t\t<img loading=\"lazy\" decoding=\"async\" width=\"480\" height=\"143\" src=\"https:\/\/www.lindner.ch\/wp-content\/uploads\/2020\/10\/Flamtastic_on-demand-3478a5ce.jpg\" class=\"attachment-large size-large\" alt=\"\" srcset=\"https:\/\/www.lindner.ch\/wp-content\/uploads\/2020\/10\/Flamtastic_on-demand-3478a5ce.jpg 480w, https:\/\/www.lindner.ch\/wp-content\/uploads\/2020\/10\/Flamtastic_on-demand-3478a5ce-300x89.jpg 300w\" sizes=\"auto, (max-width: 480px) 100vw, 480px\" \/>\t\t\t\t\t\t\n\t\t\t\t\t<\/div>\n\t\t\t\t\t\t<\/a>\t\t\n<style>\n#image_253574188 {\n  width: 100%;\n}\n<\/style>\n\t<\/div>\n\t\n\t\t<\/div>\n\t\t\t\t\t<\/div>\n\n\t\n<\/div>\n<div class=\"row\"  id=\"row-1199272725\">\n\n\t<div id=\"col-1042634321\" class=\"col medium-9 small-12 large-9\"  >\n\t\t\t\t<div class=\"col-inner\"  >\n\t\t\t\n\t\t\t\n<div class=\"col-sm-12\">\n<h1>Brosse nettoyage de gril \u2013 Rosto Cleaner<\/h1>\n<\/div>\n<div class=\"col-sm-9\">\n<p>La brosse de gril \u00abRosto-Cleaner\u00bb se distingue par des caract\u00e9ristiques exceptionnelles. <a title=\"Brosse de gril \u2013 Rosto Cleaner\" href=\"https:\/\/www.lindner.ch\/fr\/laine-frisure-fibre-de-bois\/flamtastic-batonnets-allume-feu\/brosse-de-gril-rosto-cleaner\/\">Pour en savoir plus &#8230;<\/a><\/p>\n<\/div>\n<p>\u00a0<\/p>\n<p><strong>Vous trouverez les nouveaut\u00e9s actuelles sur Flamtastic sur <a href=\"https:\/\/www.facebook.com\/pg\/flamtasticfire\" target=\"_blank\" rel=\"noopener\">www.facebook.com\/flamtastic<\/a><\/strong><\/p>\n\t\t<\/div>\n\t\t\t\t\t<\/div>\n\n\t\n\n\t<div id=\"col-1978152624\" class=\"col medium-3 small-12 large-3\"  >\n\t\t\t\t<div class=\"col-inner\"  >\n\t\t\t\n\t\t\t\n\t<div class=\"img has-hover x md-x lg-x y md-y lg-y\" id=\"image_1345070332\">\n\t\t<a class=\"image-lightbox lightbox-gallery\" title=\"\" href=\"https:\/\/www.lindner.ch\/wp-content\/uploads\/2020\/12\/Rosto_cleaner-1024x693.jpg\">\t\t\t\t\t\t<div class=\"img-inner dark\" >\n\t\t\t<img loading=\"lazy\" decoding=\"async\" width=\"1020\" height=\"690\" src=\"https:\/\/www.lindner.ch\/wp-content\/uploads\/2020\/12\/Rosto_cleaner-1024x693.jpg\" class=\"attachment-large size-large\" alt=\"\" srcset=\"https:\/\/www.lindner.ch\/wp-content\/uploads\/2020\/12\/Rosto_cleaner-1024x693.jpg 1024w, https:\/\/www.lindner.ch\/wp-content\/uploads\/2020\/12\/Rosto_cleaner-300x203.jpg 300w, https:\/\/www.lindner.ch\/wp-content\/uploads\/2020\/12\/Rosto_cleaner-768x520.jpg 768w, https:\/\/www.lindner.ch\/wp-content\/uploads\/2020\/12\/Rosto_cleaner-600x406.jpg 600w, https:\/\/www.lindner.ch\/wp-content\/uploads\/2020\/12\/Rosto_cleaner.jpg 1413w\" sizes=\"auto, (max-width: 1020px) 100vw, 1020px\" \/>\t\t\t\t\t\t\n\t\t\t\t\t<\/div>\n\t\t\t\t\t\t<\/a>\t\t\n<style>\n#image_1345070332 {\n  width: 100%;\n}\n<\/style>\n\t<\/div>\n\t\n\t\t<\/div>\n\t\t\t\t\t<\/div>\n\n\t\n<\/div>\n<div class=\"row\"  id=\"row-1945042686\">\n\n\t<div id=\"col-1714145123\" class=\"col small-12 large-12\"  >\n\t\t\t\t<div class=\"col-inner\"  >\n\t\t\t\n\t\t\t\n<h2>Nos produits<\/h2>\n\n  \n    <div class=\"row large-columns-3 medium-columns- small-columns-2 row-small has-shadow row-box-shadow-1 row-box-shadow-2-hover\" >\n  <div class=\"page-col col\" >\n          <div class=\"col-inner\" >\n          <a class=\"block plain\" href=\"https:\/\/www.lindner.ch\/fr\/laine-de-bois-frisure-de-bois-fibre-de-bois\/flamtastic-batonnets-allume-feu\/flamtastic-sur-demande\/\" title=\"Flamtastic sur demande\" target=\"\">\n            <div class=\"page-box box has-hover box-default\">\n                  <div class=\"box-image\" >\n                      <div class=\"box-image\" >\n                      <img loading=\"lazy\" decoding=\"async\" width=\"300\" height=\"89\" src=\"https:\/\/www.lindner.ch\/wp-content\/uploads\/2020\/10\/Flamtastic_on-demand-300x89.jpg\" class=\"attachment-medium size-medium\" alt=\"\" srcset=\"https:\/\/www.lindner.ch\/wp-content\/uploads\/2020\/10\/Flamtastic_on-demand-300x89.jpg 300w, https:\/\/www.lindner.ch\/wp-content\/uploads\/2020\/10\/Flamtastic_on-demand-1920x572.jpg 1920w, https:\/\/www.lindner.ch\/wp-content\/uploads\/2020\/10\/Flamtastic_on-demand-1024x305.jpg 1024w, https:\/\/www.lindner.ch\/wp-content\/uploads\/2020\/10\/Flamtastic_on-demand-768x229.jpg 768w, https:\/\/www.lindner.ch\/wp-content\/uploads\/2020\/10\/Flamtastic_on-demand-1536x458.jpg 1536w, https:\/\/www.lindner.ch\/wp-content\/uploads\/2020\/10\/Flamtastic_on-demand-2048x610.jpg 2048w\" sizes=\"auto, (max-width: 300px) 100vw, 300px\" \/>                      <\/div>\n                                                              <\/div>\n                  <div class=\"box-text text-left is-large dark\" style=\"background-color:rgb(39, 174, 96);padding:8px 8px 8px 8px;\">\n                        <div class=\"box-text-inner\">\n                            <p>Flamtastic sur demande<\/p>\n                        <\/div>\n                  <\/div>\n              <\/div>\n            <\/a>\n            <\/div>\n          <\/div><div class=\"page-col col\" >\n          <div class=\"col-inner\" >\n          <a class=\"block plain\" href=\"https:\/\/www.lindner.ch\/fr\/laine-de-bois-frisure-de-bois-fibre-de-bois\/flamtastic-batonnets-allume-feu\/brosse-de-gril-rosto-cleaner\/\" title=\"Brosse de gril \u2013 Rosto Cleaner\" target=\"\">\n            <div class=\"page-box box has-hover box-default\">\n                  <div class=\"box-image\" >\n                      <div class=\"box-image\" >\n                                            <\/div>\n                                                              <\/div>\n                  <div class=\"box-text text-left is-large dark\" style=\"background-color:rgb(39, 174, 96);padding:8px 8px 8px 8px;\">\n                        <div class=\"box-text-inner\">\n                            <p>Brosse de gril \u2013 Rosto Cleaner<\/p>\n                        <\/div>\n                  <\/div>\n              <\/div>\n            <\/a>\n            <\/div>\n          <\/div><div class=\"page-col col\" >\n          <div class=\"col-inner\" >\n          <a class=\"block plain\" href=\"https:\/\/www.lindner.ch\/fr\/laine-de-bois-frisure-de-bois-fibre-de-bois\/flamtastic-batonnets-allume-feu\/zundstreusel-allume-feu\/\" title=\"&quot;Z\u00fcndstreusel&quot; allume-feu\" target=\"\">\n            <div class=\"page-box box has-hover box-default\">\n                  <div class=\"box-image\" >\n                      <div class=\"box-image\" >\n                                            <\/div>\n                                                              <\/div>\n                  <div class=\"box-text text-left is-large dark\" style=\"background-color:rgb(39, 174, 96);padding:8px 8px 8px 8px;\">\n                        <div class=\"box-text-inner\">\n                            <p>\"Z\u00fcndstreusel\" allume-feu<\/p>\n                        <\/div>\n                  <\/div>\n              <\/div>\n            <\/a>\n            <\/div>\n          <\/div><div class=\"page-col col\" >\n          <div class=\"col-inner\" >\n          <a class=\"block plain\" href=\"https:\/\/www.lindner.ch\/fr\/laine-de-bois-frisure-de-bois-fibre-de-bois\/flamtastic-batonnets-allume-feu\/flamtastic\/\" title=\"Flamtastic\" target=\"\">\n            <div class=\"page-box box has-hover box-default\">\n                  <div class=\"box-image\" >\n                      <div class=\"box-image\" >\n                      <img loading=\"lazy\" decoding=\"async\" width=\"300\" height=\"271\" src=\"https:\/\/www.lindner.ch\/wp-content\/uploads\/2020\/10\/Flamtastic_Lindner-Suisse-684fefa2-300x271.jpg\" class=\"attachment-medium size-medium\" alt=\"\" srcset=\"https:\/\/www.lindner.ch\/wp-content\/uploads\/2020\/10\/Flamtastic_Lindner-Suisse-684fefa2-300x271.jpg 300w, https:\/\/www.lindner.ch\/wp-content\/uploads\/2020\/10\/Flamtastic_Lindner-Suisse-684fefa2.jpg 480w\" sizes=\"auto, (max-width: 300px) 100vw, 300px\" \/>                      <\/div>\n                                                              <\/div>\n                  <div class=\"box-text text-left is-large dark\" style=\"background-color:rgb(39, 174, 96);padding:8px 8px 8px 8px;\">\n                        <div class=\"box-text-inner\">\n                            <p>Flamtastic<\/p>\n                        <\/div>\n                  <\/div>\n              <\/div>\n            <\/a>\n            <\/div>\n          <\/div><\/div>\n\t\t<\/div>\n\t\t\t\t\t<\/div>\n\n\t\n<\/div>\n\t\t<\/div>\n\t\t\t\t\t<\/div>\n\n\t\n<\/div>\n","protected":false},"excerpt":{"rendered":"","protected":false},"author":2,"featured_media":7600,"parent":1228,"menu_order":0,"comment_status":"closed","ping_status":"closed","template":"","meta":{"inline_featured_image":false,"footnotes":""},"class_list":["post-1268","page","type-page","status-publish","has-post-thumbnail","hentry"],"_links":{"self":[{"href":"https:\/\/www.lindner.ch\/fr\/wp-json\/wp\/v2\/pages\/1268","targetHints":{"allow":["GET"]}}],"collection":[{"href":"https:\/\/www.lindner.ch\/fr\/wp-json\/wp\/v2\/pages"}],"about":[{"href":"https:\/\/www.lindner.ch\/fr\/wp-json\/wp\/v2\/types\/page"}],"author":[{"embeddable":true,"href":"https:\/\/www.lindner.ch\/fr\/wp-json\/wp\/v2\/users\/2"}],"replies":[{"embeddable":true,"href":"https:\/\/www.lindner.ch\/fr\/wp-json\/wp\/v2\/comments?post=1268"}],"version-history":[{"count":21,"href":"https:\/\/www.lindner.ch\/fr\/wp-json\/wp\/v2\/pages\/1268\/revisions"}],"predecessor-version":[{"id":7634,"href":"https:\/\/www.lindner.ch\/fr\/wp-json\/wp\/v2\/pages\/1268\/revisions\/7634"}],"up":[{"embeddable":true,"href":"https:\/\/www.lindner.ch\/fr\/wp-json\/wp\/v2\/pages\/1228"}],"wp:featuredmedia":[{"embeddable":true,"href":"https:\/\/www.lindner.ch\/fr\/wp-json\/wp\/v2\/media\/7600"}],"wp:attachment":[{"href":"https:\/\/www.lindner.ch\/fr\/wp-json\/wp\/v2\/media?parent=1268"}],"curies":[{"name":"wp","href":"https:\/\/api.w.org\/{rel}","templated":true}]}}