{"id":1336,"date":"2020-10-23T21:10:38","date_gmt":"2020-10-23T19:10:38","guid":{"rendered":"https:\/\/wp.lindner.ch\/laine-frisure-fibre-de-bois\/howolis-protection-erosion\/drenotube\/"},"modified":"2021-01-11T14:23:57","modified_gmt":"2021-01-11T13:23:57","slug":"drenotube","status":"publish","type":"page","link":"https:\/\/www.lindner.ch\/fr\/laine-de-bois-frisure-de-bois-fibre-de-bois\/howolis-protection-erosion-drainage-fascines-tapis-detancheite\/drenotube\/","title":{"rendered":"drenotube \u00ae"},"content":{"rendered":"\n  <div class=\"banner has-hover banner_border has-parallax\" id=\"banner-1836648406\">\n          <div class=\"banner-inner fill\">\n        <div class=\"banner-bg fill\" data-parallax=\"-3\" data-parallax-container=\".banner\" data-parallax-background>\n            <img loading=\"lazy\" decoding=\"async\" width=\"2560\" height=\"1575\" src=\"https:\/\/www.lindner.ch\/wp-content\/uploads\/2020\/10\/Lindner_Suisse-scaled.jpg\" class=\"bg attachment-original size-original\" alt=\"\" \/>                                    \n                    <\/div>\n\t\t\n        <div class=\"banner-layers container\">\n            <div class=\"fill banner-link\"><\/div>            \n\n\n        <\/div>\n      <\/div>\n\n            \n<style>\n#banner-1836648406 {\n  padding-top: 200px;\n  background-color: rgb(46, 171, 96);\n}\n#banner-1836648406 .banner-bg img {\n  object-position: 54% 55%;\n}\n<\/style>\n  <\/div>\n\n\n\t<div id=\"gap-360643615\" class=\"gap-element clearfix\" style=\"display:block; height:auto;\">\n\t\t\n<style>\n#gap-360643615 {\n  padding-top: 30px;\n}\n<\/style>\n\t<\/div>\n\t\n<div class=\"row\"  id=\"row-1259571486\">\n\n\t<div id=\"col-118913312\" class=\"col medium-3 small-12 large-3 col-divided\"  >\n\t\t\t\t<div class=\"col-inner\"  >\n\t\t\t\n\t\t\t\n<div class=\"menu-holzwolle-franzoesisch-container\"><ul id=\"menu-holzwolle-franzoesisch\" class=\"sb_navigation_holzwolle\"><li id=\"menu-item-1451\" class=\"menu-item menu-item-type-post_type menu-item-object-page menu-item-1451\"><a href=\"https:\/\/www.lindner.ch\/fr\/laine-de-bois-frisure-de-bois-fibre-de-bois\/\">Laine de bois \/ frisure \/ fibre<\/a><\/li>\n<li id=\"menu-item-1452\" class=\"menu-item menu-item-type-post_type menu-item-object-page menu-item-has-children menu-item-1452\"><a href=\"https:\/\/www.lindner.ch\/fr\/laine-de-bois-frisure-de-bois-fibre-de-bois\/materiau-demballage\/\">Mat\u00e9riau d\u2019emballage<\/a>\n<ul class=\"sub-menu\">\n\t<li id=\"menu-item-1454\" class=\"menu-item menu-item-type-post_type menu-item-object-page menu-item-1454\"><a href=\"https:\/\/www.lindner.ch\/fr\/laine-de-bois-frisure-de-bois-fibre-de-bois\/materiau-demballage\/spediline-classic\/\">spediline classic<\/a><\/li>\n\t<li id=\"menu-item-1455\" class=\"menu-item menu-item-type-post_type menu-item-object-page menu-item-1455\"><a href=\"https:\/\/www.lindner.ch\/fr\/laine-de-bois-frisure-de-bois-fibre-de-bois\/materiau-demballage\/spediline-food\/\">spediline food<\/a><\/li>\n\t<li id=\"menu-item-1456\" class=\"menu-item menu-item-type-post_type menu-item-object-page menu-item-1456\"><a href=\"https:\/\/www.lindner.ch\/fr\/laine-de-bois-frisure-de-bois-fibre-de-bois\/materiau-demballage\/spediline-extra\/\">spediline extra<\/a><\/li>\n\t<li id=\"menu-item-1457\" class=\"menu-item menu-item-type-post_type menu-item-object-page menu-item-1457\"><a href=\"https:\/\/www.lindner.ch\/fr\/laine-de-bois-frisure-de-bois-fibre-de-bois\/materiau-demballage\/decoratif-pour-le-nid-de-paques\/\">D\u00e9coratif pour le nid de P\u00e2ques<\/a><\/li>\n<\/ul>\n<\/li>\n<li id=\"menu-item-1458\" class=\"menu-item menu-item-type-post_type menu-item-object-page menu-item-has-children menu-item-1458\"><a href=\"https:\/\/www.lindner.ch\/fr\/laine-de-bois-frisure-de-bois-fibre-de-bois\/hygiene-animale\/\">Hygi\u00e8ne animale<\/a>\n<ul class=\"sub-menu\">\n\t<li id=\"menu-item-1459\" class=\"menu-item menu-item-type-post_type menu-item-object-page menu-item-1459\"><a href=\"https:\/\/www.lindner.ch\/fr\/laine-de-bois-frisure-de-bois-fibre-de-bois\/hygiene-animale\/agroclean-le-nettoyage-des-pis\/\">agroclean\u00ae le nettoyage des pis<\/a><\/li>\n<\/ul>\n<\/li>\n<li id=\"menu-item-1460\" class=\"menu-item menu-item-type-post_type menu-item-object-page menu-item-has-children menu-item-1460\"><a href=\"https:\/\/www.lindner.ch\/fr\/laine-de-bois-frisure-de-bois-fibre-de-bois\/jardin-loisir\/\">Jardin &amp; Loisir<\/a>\n<ul class=\"sub-menu\">\n\t<li id=\"menu-item-1461\" class=\"menu-item menu-item-type-post_type menu-item-object-page menu-item-1461\"><a href=\"https:\/\/www.lindner.ch\/fr\/laine-de-bois-frisure-de-bois-fibre-de-bois\/jardin-loisir\/agrohobby\/\">agrohobby<\/a><\/li>\n\t<li id=\"menu-item-1462\" class=\"menu-item menu-item-type-post_type menu-item-object-page menu-item-1462\"><a href=\"https:\/\/www.lindner.ch\/fr\/laine-de-bois-frisure-de-bois-fibre-de-bois\/jardin-loisir\/howolis-tapis-anti-erosion\/\">Howolis tapis\/natte anti-\u00e9rosion<\/a><\/li>\n\t<li id=\"menu-item-1464\" class=\"menu-item menu-item-type-post_type menu-item-object-page menu-item-1464\"><a href=\"https:\/\/www.lindner.ch\/fr\/laine-de-bois-frisure-de-bois-fibre-de-bois\/jardin-loisir\/decoratif-pour-le-nid-de-paques\/\">D\u00e9coratif pour le nid de P\u00e2ques<\/a><\/li>\n<\/ul>\n<\/li>\n<li id=\"menu-item-1465\" class=\"menu-item menu-item-type-post_type menu-item-object-page menu-item-has-children menu-item-1465\"><a href=\"https:\/\/www.lindner.ch\/fr\/laine-de-bois-frisure-de-bois-fibre-de-bois\/flamtastic-batonnets-allume-feu\/\">Flamtastic b\u00e2tonnets allume-feu<\/a>\n<ul class=\"sub-menu\">\n\t<li id=\"menu-item-1466\" class=\"menu-item menu-item-type-post_type menu-item-object-page menu-item-1466\"><a href=\"https:\/\/www.lindner.ch\/fr\/laine-de-bois-frisure-de-bois-fibre-de-bois\/flamtastic-batonnets-allume-feu\/flamtastic\/\">Flamtastic<\/a><\/li>\n\t<li id=\"menu-item-4838\" class=\"menu-item menu-item-type-post_type menu-item-object-page menu-item-4838\"><a href=\"https:\/\/www.lindner.ch\/fr\/laine-de-bois-frisure-de-bois-fibre-de-bois\/flamtastic-batonnets-allume-feu\/zundstreusel-allume-feu\/\">\u201eZ\u00fcndstreusel\u201c allume-feu<\/a><\/li>\n\t<li id=\"menu-item-1467\" class=\"menu-item menu-item-type-post_type menu-item-object-page menu-item-1467\"><a href=\"https:\/\/www.lindner.ch\/fr\/laine-de-bois-frisure-de-bois-fibre-de-bois\/flamtastic-batonnets-allume-feu\/flamtastic-sur-demande\/\">Flamtastic sur demande<\/a><\/li>\n\t<li id=\"menu-item-1468\" class=\"menu-item menu-item-type-post_type menu-item-object-page menu-item-1468\"><a href=\"https:\/\/www.lindner.ch\/fr\/laine-de-bois-frisure-de-bois-fibre-de-bois\/flamtastic-batonnets-allume-feu\/brosse-de-gril-rosto-cleaner\/\">Brosse de gril \u2013 Rosto Cleaner<\/a><\/li>\n<\/ul>\n<\/li>\n<li id=\"menu-item-1469\" class=\"menu-item menu-item-type-post_type menu-item-object-page menu-item-has-children menu-item-1469\"><a href=\"https:\/\/www.lindner.ch\/fr\/laine-de-bois-frisure-de-bois-fibre-de-bois\/howolis-protection-erosion-drainage-fascines-tapis-detancheite\/\">Howolis laine de bois<\/a>\n<ul class=\"sub-menu\">\n\t<li id=\"menu-item-1470\" class=\"menu-item menu-item-type-post_type menu-item-object-page menu-item-1470\"><a href=\"https:\/\/www.lindner.ch\/fr\/laine-de-bois-frisure-de-bois-fibre-de-bois\/howolis-protection-erosion-drainage-fascines-tapis-detancheite\/howolis-tapis-anti-erosion\/\">Howolis tapis\/nattes anti-\u00e9rosion<\/a><\/li>\n\t<li id=\"menu-item-5864\" class=\"menu-item menu-item-type-post_type menu-item-object-page menu-item-5864\"><a href=\"https:\/\/www.lindner.ch\/fr\/laine-de-bois-frisure-de-bois-fibre-de-bois\/howolis-protection-erosion-drainage-fascines-tapis-detancheite\/howolis-tapis-de-recouvrement-tapis-de-protection-type-40-recouvrement-des-chantiers\/\">Howolis tapis de recouvrement\/protection<\/a><\/li>\n\t<li id=\"menu-item-1473\" class=\"menu-item menu-item-type-post_type menu-item-object-page menu-item-1473\"><a href=\"https:\/\/www.lindner.ch\/fr\/laine-de-bois-frisure-de-bois-fibre-de-bois\/howolis-protection-erosion-drainage-fascines-tapis-detancheite\/howolis-q-fascine\/\">Howolis Q-Fascine<\/a><\/li>\n\t<li id=\"menu-item-5306\" class=\"menu-item menu-item-type-post_type menu-item-object-page menu-item-5306\"><a href=\"https:\/\/www.lindner.ch\/fr\/laine-de-bois-frisure-de-bois-fibre-de-bois\/howolis-protection-erosion-drainage-fascines-tapis-detancheite\/howolis-fascines-quickquader\/\">Howolis fascines Quickquader<\/a><\/li>\n\t<li id=\"menu-item-1475\" class=\"menu-item menu-item-type-post_type menu-item-object-page menu-item-1475\"><a href=\"https:\/\/www.lindner.ch\/fr\/laine-de-bois-frisure-de-bois-fibre-de-bois\/howolis-protection-erosion-drainage-fascines-tapis-detancheite\/howolis-tube-de-drainage-drenoroll\/\">Howolis Drenoroll tube de drainage<\/a><\/li>\n\t<li id=\"menu-item-5171\" class=\"menu-item menu-item-type-post_type menu-item-object-page menu-item-5171\"><a href=\"https:\/\/www.lindner.ch\/fr\/laine-de-bois-frisure-de-bois-fibre-de-bois\/howolis-protection-erosion-drainage-fascines-tapis-detancheite\/howolis-drenogrid-tapis-detancheite\/\">Howolis Drenogrid tapis d\u2019\u00e9tanch\u00e9it\u00e9<\/a><\/li>\n\t<li id=\"menu-item-6692\" class=\"menu-item menu-item-type-post_type menu-item-object-page menu-item-6692\"><a href=\"https:\/\/www.lindner.ch\/fr\/laine-de-bois-frisure-de-bois-fibre-de-bois\/howolis-protection-erosion-drainage-fascines-tapis-detancheite\/howolis-snowfarming-depots-de-neige\/\">Howolis Snowfarming\/D\u00e9p\u00f4ts de neige<\/a><\/li>\n\t<li id=\"menu-item-1472\" class=\"menu-item menu-item-type-post_type menu-item-object-page menu-item-1472\"><a href=\"https:\/\/www.lindner.ch\/fr\/laine-de-bois-frisure-de-bois-fibre-de-bois\/howolis-protection-erosion-drainage-fascines-tapis-detancheite\/howolis-early-green\/\">Howolis Early Green<\/a><\/li>\n\t<li id=\"menu-item-5180\" class=\"menu-item menu-item-type-post_type menu-item-object-page menu-item-5180\"><a href=\"https:\/\/www.lindner.ch\/fr\/laine-de-bois-frisure-de-bois-fibre-de-bois\/howolis-protection-erosion-drainage-fascines-tapis-detancheite\/laine-de-bois-en-vrac-pour-drainages-et-palplanches\/\">Laine de bois (en vrac) pour drainages et palplanches<\/a><\/li>\n\t<li id=\"menu-item-1474\" class=\"menu-item menu-item-type-post_type menu-item-object-page menu-item-1474\"><a href=\"https:\/\/www.lindner.ch\/fr\/laine-de-bois-frisure-de-bois-fibre-de-bois\/howolis-protection-erosion-drainage-fascines-tapis-detancheite\/howolis-materiel-dinstallation\/\">Howolis mat\u00e9riel d\u2019installations<\/a><\/li>\n\t<li id=\"menu-item-1476\" class=\"menu-item menu-item-type-post_type menu-item-object-page menu-item-1476\"><a href=\"https:\/\/www.lindner.ch\/fr\/laine-de-bois-frisure-de-bois-fibre-de-bois\/howolis-protection-erosion-drainage-fascines-tapis-detancheite\/drenotube\/\">drenotube \u00ae drainages<\/a><\/li>\n<\/ul>\n<\/li>\n<li id=\"menu-item-1477\" class=\"menu-item menu-item-type-post_type menu-item-object-page menu-item-1477\"><a href=\"https:\/\/www.lindner.ch\/fr\/laine-de-bois-frisure-de-bois-fibre-de-bois\/masque-facial\/\">Masque facial<\/a><\/li>\n<li id=\"menu-item-1869\" class=\"menu-item menu-item-type-post_type menu-item-object-page menu-item-1869\"><a href=\"https:\/\/www.lindner.ch\/fr\/laine-de-bois-frisure-de-bois-fibre-de-bois\/lhistoire-laine-de-bois-le-livre\/\">L\u2019histoire \u2013 laine de bois \u00able livre\u00bb<\/a><\/li>\n<li id=\"menu-item-3426\" class=\"menu-item menu-item-type-post_type menu-item-object-page menu-item-3426\"><a href=\"https:\/\/www.lindner.ch\/fr\/laine-de-bois-frisure-de-bois-fibre-de-bois\/expositions-foires\/\">Expositions\/foires<\/a><\/li>\n<\/ul><\/div>\n\t\t<\/div>\n\t\t\t\t\t<\/div>\n\n\t\n\n\t<div id=\"col-1744390195\" class=\"col medium-9 small-12 large-9\"  >\n\t\t\t\t<div class=\"col-inner\"  >\n\t\t\t\n\t\t\t\n<div class=\"row\"  id=\"row-1452373321\">\n\n\t<div id=\"col-113977889\" class=\"col medium-9 small-12 large-9\"  >\n\t\t\t\t<div class=\"col-inner\"  >\n\t\t\t\n\t\t\t\n<div class=\"col-sm-12\">\n<h1>drenotube\u00ae<\/h1>\n<\/div>\n<div class=\"col-sm-9\">\n<p><strong>Syst\u00e8me de drainage longitudinal sans gravier<\/strong><\/p>\n<p>drenotube\u00ae fournit un haut rendement de mise en \u0153uvre par rapport aux syst\u00e8mes traditionnels. Il inclut les trois composants basiques d\u2019un syst\u00e8me de drainage longitudinal dans un seul produit. Pour cela, sa mise en \u0153uvre est amplement plus rapide par rapport au syst\u00e8me traditionnel. Le g\u00e9o composite drenotube\u00ae dispose des particules de PSE gr\u00e2ce auxquelles le gravier n\u2019est pas n\u00e9cessaire pour la mise en place de drainages, ce qui suppose une \u00e9pargne de temps, machinerie et argent. <a href=\"https:\/\/www.lindner.ch\/files\/content\/Downloads_Werbeflyer\/drenotube_datenblatt_franzoesisch_2014_lindner%20version.pdf\">Pour en savoir plus&#8230;<\/a><\/p>\n<p>\u00a0<\/p>\n<\/div>\n\t\t<\/div>\n\t\t\t\t\t<\/div>\n\n\t\n\n\t<div id=\"col-1030994589\" class=\"col medium-3 small-12 large-3\"  >\n\t\t\t\t<div class=\"col-inner\"  >\n\t\t\t\n\t\t\t\n\t<div class=\"img has-hover holzwolle_b x md-x lg-x y md-y lg-y\" id=\"image_1386802949\">\n\t\t<a class=\"image-lightbox lightbox-gallery\" title=\"\" href=\"https:\/\/www.lindner.ch\/wp-content\/uploads\/2020\/12\/Drenotube-24.jpg\">\t\t\t\t\t\t<div class=\"img-inner dark\" >\n\t\t\t<img loading=\"lazy\" decoding=\"async\" width=\"640\" height=\"479\" src=\"https:\/\/www.lindner.ch\/wp-content\/uploads\/2020\/12\/Drenotube-24.jpg\" class=\"attachment-large size-large\" alt=\"\" srcset=\"https:\/\/www.lindner.ch\/wp-content\/uploads\/2020\/12\/Drenotube-24.jpg 640w, https:\/\/www.lindner.ch\/wp-content\/uploads\/2020\/12\/Drenotube-24-300x225.jpg 300w\" sizes=\"auto, (max-width: 640px) 100vw, 640px\" \/>\t\t\t\t\t\t\n\t\t\t\t\t<\/div>\n\t\t\t\t\t\t<\/a>\t\t\n<style>\n#image_1386802949 {\n  width: 100%;\n}\n<\/style>\n\t<\/div>\n\t\n\t\t<\/div>\n\t\t\t\t\t<\/div>\n\n\t\n\n\t<div id=\"col-1871774318\" class=\"col small-12 large-12\"  >\n\t\t\t\t<div class=\"col-inner\"  >\n\t\t\t\n\t\t\t\n\t<div id=\"gap-1485637688\" class=\"gap-element clearfix\" style=\"display:block; height:auto;\">\n\t\t\n<style>\n#gap-1485637688 {\n  padding-top: 30px;\n}\n<\/style>\n\t<\/div>\n\t\n\n<div class=\"row\"  id=\"row-1076356290\">\n\n\n\t<div id=\"col-219571514\" class=\"col small-12 large-12\"  >\n\t\t\t\t<div class=\"col-inner\"  >\n\t\t\t\n\t\t\t\n\n<h2>Demandez pour votre devis personalis\u00e9<\/h2>\n\n\t\t<\/div>\n\t\t\t\t\t<\/div>\n\n\t\n\n\t<div id=\"col-372716326\" class=\"col medium-5 small-12 large-5\"  >\n\t\t\t\t<div class=\"col-inner\"  >\n\t\t\t\n\t\t\t\n\n\n<div class=\"wpcf7 no-js\" id=\"wpcf7-f3721-o1\" lang=\"fr-FR\" dir=\"ltr\" data-wpcf7-id=\"3721\">\n<div class=\"screen-reader-response\"><p role=\"status\" aria-live=\"polite\" aria-atomic=\"true\"><\/p> <ul><\/ul><\/div>\n<form action=\"\/fr\/wp-json\/wp\/v2\/pages\/1336#wpcf7-f3721-o1\" method=\"post\" class=\"wpcf7-form init\" aria-label=\"Formulaire de contact\" novalidate=\"novalidate\" data-status=\"init\">\n<fieldset class=\"hidden-fields-container\"><input type=\"hidden\" name=\"_wpcf7\" value=\"3721\" \/><input type=\"hidden\" name=\"_wpcf7_version\" value=\"6.1.5\" \/><input type=\"hidden\" name=\"_wpcf7_locale\" value=\"fr_FR\" \/><input type=\"hidden\" name=\"_wpcf7_unit_tag\" value=\"wpcf7-f3721-o1\" \/><input type=\"hidden\" name=\"_wpcf7_container_post\" value=\"0\" \/><input type=\"hidden\" name=\"_wpcf7_posted_data_hash\" value=\"\" \/><input type=\"hidden\" name=\"_wpcf7_recaptcha_response\" value=\"\" \/>\n<\/fieldset>\n<p><span class=\"wpcf7-form-control-wrap\" data-name=\"your-name\"><input size=\"40\" maxlength=\"400\" class=\"wpcf7-form-control wpcf7-text wpcf7-validates-as-required\" aria-required=\"true\" aria-invalid=\"false\" placeholder=\"Pr\u00e9nom \/ Nom de famille*\" value=\"\" type=\"text\" name=\"your-name\" \/><\/span><br \/>\n<span class=\"wpcf7-form-control-wrap\" data-name=\"firma\"><input size=\"40\" maxlength=\"400\" class=\"wpcf7-form-control wpcf7-text\" aria-invalid=\"false\" placeholder=\"Entreprise\" value=\"\" type=\"text\" name=\"firma\" \/><\/span><br \/>\n<span class=\"wpcf7-form-control-wrap\" data-name=\"strasse\"><input size=\"40\" maxlength=\"400\" class=\"wpcf7-form-control wpcf7-text\" aria-invalid=\"false\" placeholder=\"Rue\" value=\"\" type=\"text\" name=\"strasse\" \/><\/span><br \/>\n<span class=\"wpcf7-form-control-wrap\" data-name=\"plzort\"><input size=\"40\" maxlength=\"400\" class=\"wpcf7-form-control wpcf7-text\" aria-invalid=\"false\" placeholder=\"Code postal \/ Ville\" value=\"\" type=\"text\" name=\"plzort\" \/><\/span><br \/>\n<span class=\"wpcf7-form-control-wrap\" data-name=\"your-email\"><input size=\"40\" maxlength=\"400\" class=\"wpcf7-form-control wpcf7-email wpcf7-validates-as-required wpcf7-text wpcf7-validates-as-email\" aria-required=\"true\" aria-invalid=\"false\" placeholder=\"Adresse e-mail*\" value=\"\" type=\"email\" name=\"your-email\" \/><\/span><br \/>\n<span class=\"wpcf7-form-control-wrap\" data-name=\"telefon\"><input size=\"40\" maxlength=\"400\" class=\"wpcf7-form-control wpcf7-tel wpcf7-text wpcf7-validates-as-tel\" aria-invalid=\"false\" placeholder=\"T\u00e9l\u00e9phone\" value=\"\" type=\"tel\" name=\"telefon\" \/><\/span><br \/>\n<span class=\"wpcf7-form-control-wrap\" data-name=\"your-message\"><textarea cols=\"40\" rows=\"10\" maxlength=\"2000\" class=\"wpcf7-form-control wpcf7-textarea\" aria-invalid=\"false\" placeholder=\"Message\" name=\"your-message\"><\/textarea><\/span>\n<\/p>\n<p><input class=\"wpcf7-form-control wpcf7-submit has-spinner\" type=\"submit\" value=\"Envoyer\" \/>\n<\/p><div class=\"wpcf7-response-output\" aria-hidden=\"true\"><\/div>\n<\/form>\n<\/div>\n\n\n\t<div id=\"text-1515102416\" class=\"text\">\n\t\t\n\n<p>This site is protected by reCAPTCHA and the Google<a href=\"https:\/\/policies.google.com\/privacy\" target=\"_blank\" rel=\"noopener\">Privacy Policy<\/a> and<a href=\"https:\/\/policies.google.com\/terms\" target=\"_blank\" rel=\"noopener\">Terms of Service<\/a> apply.<\/p>\n\t\t\n<style>\n#text-1515102416 {\n  font-size: 0.75rem;\n}\n<\/style>\n\t<\/div>\n\t\n\n\t\t<\/div>\n\t\t\t\t\t<\/div>\n\n\t\n\n\t<div id=\"col-494008180\" class=\"col medium-1 small-12 large-1\"  >\n\t\t\t\t<div class=\"col-inner\"  >\n\t\t\t\n\t\t\t\n\n\n\t\t<\/div>\n\t\t\t\t\t<\/div>\n\n\t\n\n\t<div id=\"col-1090376146\" class=\"col medium-5 small-12 large-5\"  >\n\t\t\t\t<div class=\"col-inner\"  >\n\t\t\t\n\t\t\t\n\n<a href=\"tel:+41719876151\" class=\"button primary is-xlarge\" >\n\t<i class=\"icon-phone\" aria-hidden=\"true\"><\/i>\t<span>+41 (0) 71 987 61 51<\/span>\n\t<\/a>\n\n\n<p>Lun-Jeu: 07:30-12:00 \/ 13:30-17:15<br \/>Ven: 07:30-12:00 \/ 13:30-16:30<\/p>\n\t<div id=\"gap-869587695\" class=\"gap-element clearfix\" style=\"display:block; height:auto;\">\n\t\t\n<style>\n#gap-869587695 {\n  padding-top: 30px;\n}\n<\/style>\n\t<\/div>\n\t\n\n<div class=\"row align-middle\"  id=\"row-1772731057\">\n\n\n\t<div id=\"col-2086533658\" class=\"col medium-4 small-12 large-4\"  >\n\t\t\t\t<div class=\"col-inner\"  >\n\t\t\t\n\t\t\t\n\n\t<div class=\"img has-hover x md-x lg-x y md-y lg-y\" id=\"image_2034502550\">\n\t\t\t\t\t\t\t\t<div class=\"img-inner dark\" >\n\t\t\t<img loading=\"lazy\" decoding=\"async\" width=\"996\" height=\"1024\" src=\"https:\/\/www.lindner.ch\/wp-content\/uploads\/2022\/04\/Anouchka_Lindner_Suisse-996x1024.jpg\" class=\"attachment-large size-large\" alt=\"\" srcset=\"https:\/\/www.lindner.ch\/wp-content\/uploads\/2022\/04\/Anouchka_Lindner_Suisse-996x1024.jpg 996w, https:\/\/www.lindner.ch\/wp-content\/uploads\/2022\/04\/Anouchka_Lindner_Suisse-292x300.jpg 292w, https:\/\/www.lindner.ch\/wp-content\/uploads\/2022\/04\/Anouchka_Lindner_Suisse-768x790.jpg 768w, https:\/\/www.lindner.ch\/wp-content\/uploads\/2022\/04\/Anouchka_Lindner_Suisse.jpg 1000w\" sizes=\"auto, (max-width: 996px) 100vw, 996px\" \/>\t\t\t\t\t\t\n\t\t\t\t\t<\/div>\n\t\t\t\t\t\t\t\t\n<style>\n#image_2034502550 {\n  width: 100%;\n}\n<\/style>\n\t<\/div>\n\t\n\n\n\t\t<\/div>\n\t\t\t\t\t<\/div>\n\n\t\n\n\t<div id=\"col-1574282775\" class=\"col medium-6 small-12 large-6\"  >\n\t\t\t\t<div class=\"col-inner\"  >\n\t\t\t\n\t\t\t\n\n<h3>Anouchka Lan Kam<\/h3>\n<p>Conseill\u00e8re de vente<\/p>\n\n\t\t<\/div>\n\t\t\t\t\t<\/div>\n\n\t\n\n<\/div>\n<div class=\"row align-middle\"  id=\"row-320848340\">\n\n\n\t<div id=\"col-771966414\" class=\"col medium-4 small-12 large-4\"  >\n\t\t\t\t<div class=\"col-inner\"  >\n\t\t\t\n\t\t\t\n\n\n\t\t<\/div>\n\t\t\t\t\t<\/div>\n\n\t\n\n\t<div id=\"col-1722692508\" class=\"col medium-6 small-12 large-6\"  >\n\t\t\t\t<div class=\"col-inner\"  >\n\t\t\t\n\t\t\t\n\n\n\t\t<\/div>\n\t\t\t\t\t<\/div>\n\n\t\n\n<\/div>\n<div class=\"row align-middle\"  id=\"row-405923340\">\n\n\n<\/div>\n<div class=\"row align-middle\"  id=\"row-948524983\">\n\n\n\t<div id=\"col-498277857\" class=\"col medium-4 small-12 large-4\"  >\n\t\t\t\t<div class=\"col-inner\"  >\n\t\t\t\n\t\t\t\n\n\n\t\t<\/div>\n\t\t\t\t\t<\/div>\n\n\t\n\n\t<div id=\"col-901651309\" class=\"col medium-6 small-12 large-6\"  >\n\t\t\t\t<div class=\"col-inner\"  >\n\t\t\t\n\t\t\t\n\n\n\t\t<\/div>\n\t\t\t\t\t<\/div>\n\n\t\n\n<\/div>\n\n\t\t<\/div>\n\t\t\t\t\t<\/div>\n\n\t\n\n<\/div>\n\t\t<\/div>\n\t\t\t\t\t<\/div>\n\n\t\n<\/div>\n\t\t<\/div>\n\t\t\t\t\t<\/div>\n\n\t\n<\/div>\n","protected":false},"excerpt":{"rendered":"","protected":false},"author":2,"featured_media":0,"parent":1323,"menu_order":0,"comment_status":"closed","ping_status":"closed","template":"","meta":{"inline_featured_image":false,"footnotes":""},"class_list":["post-1336","page","type-page","status-publish","hentry"],"_links":{"self":[{"href":"https:\/\/www.lindner.ch\/fr\/wp-json\/wp\/v2\/pages\/1336","targetHints":{"allow":["GET"]}}],"collection":[{"href":"https:\/\/www.lindner.ch\/fr\/wp-json\/wp\/v2\/pages"}],"about":[{"href":"https:\/\/www.lindner.ch\/fr\/wp-json\/wp\/v2\/types\/page"}],"author":[{"embeddable":true,"href":"https:\/\/www.lindner.ch\/fr\/wp-json\/wp\/v2\/users\/2"}],"replies":[{"embeddable":true,"href":"https:\/\/www.lindner.ch\/fr\/wp-json\/wp\/v2\/comments?post=1336"}],"version-history":[{"count":6,"href":"https:\/\/www.lindner.ch\/fr\/wp-json\/wp\/v2\/pages\/1336\/revisions"}],"predecessor-version":[{"id":4152,"href":"https:\/\/www.lindner.ch\/fr\/wp-json\/wp\/v2\/pages\/1336\/revisions\/4152"}],"up":[{"embeddable":true,"href":"https:\/\/www.lindner.ch\/fr\/wp-json\/wp\/v2\/pages\/1323"}],"wp:attachment":[{"href":"https:\/\/www.lindner.ch\/fr\/wp-json\/wp\/v2\/media?parent=1336"}],"curies":[{"name":"wp","href":"https:\/\/api.w.org\/{rel}","templated":true}]}}