{"id":1340,"date":"2020-10-23T21:11:16","date_gmt":"2020-10-23T19:11:16","guid":{"rendered":"https:\/\/wp.lindner.ch\/laine-frisure-fibre-de-bois\/howolis-protection-erosion\/howolis-tube-de-drainage-drenoroll\/"},"modified":"2025-08-11T15:44:31","modified_gmt":"2025-08-11T13:44:31","slug":"howolis-tube-de-drainage-drenoroll","status":"publish","type":"page","link":"https:\/\/www.lindner.ch\/fr\/laine-de-bois-frisure-de-bois-fibre-de-bois\/howolis-protection-erosion-drainage-fascines-tapis-detancheite\/howolis-tube-de-drainage-drenoroll\/","title":{"rendered":"Howolis Drenoroll tube de drainage"},"content":{"rendered":"\n  <div class=\"banner has-hover banner_border has-parallax\" id=\"banner-979155551\">\n          <div class=\"banner-inner fill\">\n        <div class=\"banner-bg fill\" data-parallax=\"-3\" data-parallax-container=\".banner\" data-parallax-background>\n            <img loading=\"lazy\" decoding=\"async\" width=\"2560\" height=\"1575\" src=\"https:\/\/www.lindner.ch\/wp-content\/uploads\/2020\/10\/Lindner_Suisse-scaled.jpg\" class=\"bg attachment-original size-original\" alt=\"\" \/>                                    \n                    <\/div>\n\t\t\n        <div class=\"banner-layers container\">\n            <div class=\"fill banner-link\"><\/div>            \n\n\n        <\/div>\n      <\/div>\n\n            \n<style>\n#banner-979155551 {\n  padding-top: 200px;\n  background-color: rgb(46, 171, 96);\n}\n#banner-979155551 .banner-bg img {\n  object-position: 54% 55%;\n}\n<\/style>\n  <\/div>\n\n\n\t<div id=\"gap-1856573223\" class=\"gap-element clearfix\" style=\"display:block; height:auto;\">\n\t\t\n<style>\n#gap-1856573223 {\n  padding-top: 30px;\n}\n<\/style>\n\t<\/div>\n\t\n<div class=\"row\"  id=\"row-572693825\">\n\n\t<div id=\"col-2120014460\" class=\"col medium-3 small-12 large-3 col-divided\"  >\n\t\t\t\t<div class=\"col-inner\"  >\n\t\t\t\n\t\t\t\n<div class=\"menu-holzwolle-franzoesisch-container\"><ul id=\"menu-holzwolle-franzoesisch\" class=\"sb_navigation_holzwolle\"><li id=\"menu-item-1451\" class=\"menu-item menu-item-type-post_type menu-item-object-page menu-item-1451\"><a href=\"https:\/\/www.lindner.ch\/fr\/laine-de-bois-frisure-de-bois-fibre-de-bois\/\">Laine de bois \/ frisure \/ fibre<\/a><\/li>\n<li id=\"menu-item-1452\" class=\"menu-item menu-item-type-post_type menu-item-object-page menu-item-has-children menu-item-1452\"><a href=\"https:\/\/www.lindner.ch\/fr\/laine-de-bois-frisure-de-bois-fibre-de-bois\/materiau-demballage\/\">Mat\u00e9riau d\u2019emballage<\/a>\n<ul class=\"sub-menu\">\n\t<li id=\"menu-item-1454\" class=\"menu-item menu-item-type-post_type menu-item-object-page menu-item-1454\"><a href=\"https:\/\/www.lindner.ch\/fr\/laine-de-bois-frisure-de-bois-fibre-de-bois\/materiau-demballage\/spediline-classic\/\">spediline classic<\/a><\/li>\n\t<li id=\"menu-item-1455\" class=\"menu-item menu-item-type-post_type menu-item-object-page menu-item-1455\"><a href=\"https:\/\/www.lindner.ch\/fr\/laine-de-bois-frisure-de-bois-fibre-de-bois\/materiau-demballage\/spediline-food\/\">spediline food<\/a><\/li>\n\t<li id=\"menu-item-1456\" class=\"menu-item menu-item-type-post_type menu-item-object-page menu-item-1456\"><a href=\"https:\/\/www.lindner.ch\/fr\/laine-de-bois-frisure-de-bois-fibre-de-bois\/materiau-demballage\/spediline-extra\/\">spediline extra<\/a><\/li>\n\t<li id=\"menu-item-1457\" class=\"menu-item menu-item-type-post_type menu-item-object-page menu-item-1457\"><a href=\"https:\/\/www.lindner.ch\/fr\/laine-de-bois-frisure-de-bois-fibre-de-bois\/materiau-demballage\/decoratif-pour-le-nid-de-paques\/\">D\u00e9coratif pour le nid de P\u00e2ques<\/a><\/li>\n<\/ul>\n<\/li>\n<li id=\"menu-item-1458\" class=\"menu-item menu-item-type-post_type menu-item-object-page menu-item-has-children menu-item-1458\"><a href=\"https:\/\/www.lindner.ch\/fr\/laine-de-bois-frisure-de-bois-fibre-de-bois\/hygiene-animale\/\">Hygi\u00e8ne animale<\/a>\n<ul class=\"sub-menu\">\n\t<li id=\"menu-item-1459\" class=\"menu-item menu-item-type-post_type menu-item-object-page menu-item-1459\"><a href=\"https:\/\/www.lindner.ch\/fr\/laine-de-bois-frisure-de-bois-fibre-de-bois\/hygiene-animale\/agroclean-le-nettoyage-des-pis\/\">agroclean\u00ae le nettoyage des pis<\/a><\/li>\n<\/ul>\n<\/li>\n<li id=\"menu-item-1460\" class=\"menu-item menu-item-type-post_type menu-item-object-page menu-item-has-children menu-item-1460\"><a href=\"https:\/\/www.lindner.ch\/fr\/laine-de-bois-frisure-de-bois-fibre-de-bois\/jardin-loisir\/\">Jardin &amp; Loisir<\/a>\n<ul class=\"sub-menu\">\n\t<li id=\"menu-item-1461\" class=\"menu-item menu-item-type-post_type menu-item-object-page menu-item-1461\"><a href=\"https:\/\/www.lindner.ch\/fr\/laine-de-bois-frisure-de-bois-fibre-de-bois\/jardin-loisir\/agrohobby\/\">agrohobby<\/a><\/li>\n\t<li id=\"menu-item-1462\" class=\"menu-item menu-item-type-post_type menu-item-object-page menu-item-1462\"><a href=\"https:\/\/www.lindner.ch\/fr\/laine-de-bois-frisure-de-bois-fibre-de-bois\/jardin-loisir\/howolis-tapis-anti-erosion\/\">Howolis tapis\/natte anti-\u00e9rosion<\/a><\/li>\n\t<li id=\"menu-item-1464\" class=\"menu-item menu-item-type-post_type menu-item-object-page menu-item-1464\"><a href=\"https:\/\/www.lindner.ch\/fr\/laine-de-bois-frisure-de-bois-fibre-de-bois\/jardin-loisir\/decoratif-pour-le-nid-de-paques\/\">D\u00e9coratif pour le nid de P\u00e2ques<\/a><\/li>\n<\/ul>\n<\/li>\n<li id=\"menu-item-1465\" class=\"menu-item menu-item-type-post_type menu-item-object-page menu-item-has-children menu-item-1465\"><a href=\"https:\/\/www.lindner.ch\/fr\/laine-de-bois-frisure-de-bois-fibre-de-bois\/flamtastic-batonnets-allume-feu\/\">Flamtastic b\u00e2tonnets allume-feu<\/a>\n<ul class=\"sub-menu\">\n\t<li id=\"menu-item-1466\" class=\"menu-item menu-item-type-post_type menu-item-object-page menu-item-1466\"><a href=\"https:\/\/www.lindner.ch\/fr\/laine-de-bois-frisure-de-bois-fibre-de-bois\/flamtastic-batonnets-allume-feu\/flamtastic\/\">Flamtastic<\/a><\/li>\n\t<li id=\"menu-item-4838\" class=\"menu-item menu-item-type-post_type menu-item-object-page menu-item-4838\"><a href=\"https:\/\/www.lindner.ch\/fr\/laine-de-bois-frisure-de-bois-fibre-de-bois\/flamtastic-batonnets-allume-feu\/zundstreusel-allume-feu\/\">\u201eZ\u00fcndstreusel\u201c allume-feu<\/a><\/li>\n\t<li id=\"menu-item-1467\" class=\"menu-item menu-item-type-post_type menu-item-object-page menu-item-1467\"><a href=\"https:\/\/www.lindner.ch\/fr\/laine-de-bois-frisure-de-bois-fibre-de-bois\/flamtastic-batonnets-allume-feu\/flamtastic-sur-demande\/\">Flamtastic sur demande<\/a><\/li>\n\t<li id=\"menu-item-1468\" class=\"menu-item menu-item-type-post_type menu-item-object-page menu-item-1468\"><a href=\"https:\/\/www.lindner.ch\/fr\/laine-de-bois-frisure-de-bois-fibre-de-bois\/flamtastic-batonnets-allume-feu\/brosse-de-gril-rosto-cleaner\/\">Brosse de gril \u2013 Rosto Cleaner<\/a><\/li>\n<\/ul>\n<\/li>\n<li id=\"menu-item-1469\" class=\"menu-item menu-item-type-post_type menu-item-object-page menu-item-has-children menu-item-1469\"><a href=\"https:\/\/www.lindner.ch\/fr\/laine-de-bois-frisure-de-bois-fibre-de-bois\/howolis-protection-erosion-drainage-fascines-tapis-detancheite\/\">Howolis laine de bois<\/a>\n<ul class=\"sub-menu\">\n\t<li id=\"menu-item-1470\" class=\"menu-item menu-item-type-post_type menu-item-object-page menu-item-1470\"><a href=\"https:\/\/www.lindner.ch\/fr\/laine-de-bois-frisure-de-bois-fibre-de-bois\/howolis-protection-erosion-drainage-fascines-tapis-detancheite\/howolis-tapis-anti-erosion\/\">Howolis tapis\/nattes anti-\u00e9rosion<\/a><\/li>\n\t<li id=\"menu-item-5864\" class=\"menu-item menu-item-type-post_type menu-item-object-page menu-item-5864\"><a href=\"https:\/\/www.lindner.ch\/fr\/laine-de-bois-frisure-de-bois-fibre-de-bois\/howolis-protection-erosion-drainage-fascines-tapis-detancheite\/howolis-tapis-de-recouvrement-tapis-de-protection-type-40-recouvrement-des-chantiers\/\">Howolis tapis de recouvrement\/protection<\/a><\/li>\n\t<li id=\"menu-item-1473\" class=\"menu-item menu-item-type-post_type menu-item-object-page menu-item-1473\"><a href=\"https:\/\/www.lindner.ch\/fr\/laine-de-bois-frisure-de-bois-fibre-de-bois\/howolis-protection-erosion-drainage-fascines-tapis-detancheite\/howolis-q-fascine\/\">Howolis Q-Fascine<\/a><\/li>\n\t<li id=\"menu-item-5306\" class=\"menu-item menu-item-type-post_type menu-item-object-page menu-item-5306\"><a href=\"https:\/\/www.lindner.ch\/fr\/laine-de-bois-frisure-de-bois-fibre-de-bois\/howolis-protection-erosion-drainage-fascines-tapis-detancheite\/howolis-fascines-quickquader\/\">Howolis fascines Quickquader<\/a><\/li>\n\t<li id=\"menu-item-1475\" class=\"menu-item menu-item-type-post_type menu-item-object-page menu-item-1475\"><a href=\"https:\/\/www.lindner.ch\/fr\/laine-de-bois-frisure-de-bois-fibre-de-bois\/howolis-protection-erosion-drainage-fascines-tapis-detancheite\/howolis-tube-de-drainage-drenoroll\/\">Howolis Drenoroll tube de drainage<\/a><\/li>\n\t<li id=\"menu-item-5171\" class=\"menu-item menu-item-type-post_type menu-item-object-page menu-item-5171\"><a href=\"https:\/\/www.lindner.ch\/fr\/laine-de-bois-frisure-de-bois-fibre-de-bois\/howolis-protection-erosion-drainage-fascines-tapis-detancheite\/howolis-drenogrid-tapis-detancheite\/\">Howolis Drenogrid tapis d\u2019\u00e9tanch\u00e9it\u00e9<\/a><\/li>\n\t<li id=\"menu-item-6692\" class=\"menu-item menu-item-type-post_type menu-item-object-page menu-item-6692\"><a href=\"https:\/\/www.lindner.ch\/fr\/laine-de-bois-frisure-de-bois-fibre-de-bois\/howolis-protection-erosion-drainage-fascines-tapis-detancheite\/howolis-snowfarming-depots-de-neige\/\">Howolis Snowfarming\/D\u00e9p\u00f4ts de neige<\/a><\/li>\n\t<li id=\"menu-item-1472\" class=\"menu-item menu-item-type-post_type menu-item-object-page menu-item-1472\"><a href=\"https:\/\/www.lindner.ch\/fr\/laine-de-bois-frisure-de-bois-fibre-de-bois\/howolis-protection-erosion-drainage-fascines-tapis-detancheite\/howolis-early-green\/\">Howolis Early Green<\/a><\/li>\n\t<li id=\"menu-item-5180\" class=\"menu-item menu-item-type-post_type menu-item-object-page menu-item-5180\"><a href=\"https:\/\/www.lindner.ch\/fr\/laine-de-bois-frisure-de-bois-fibre-de-bois\/howolis-protection-erosion-drainage-fascines-tapis-detancheite\/laine-de-bois-en-vrac-pour-drainages-et-palplanches\/\">Laine de bois (en vrac) pour drainages et palplanches<\/a><\/li>\n\t<li id=\"menu-item-1474\" class=\"menu-item menu-item-type-post_type menu-item-object-page menu-item-1474\"><a href=\"https:\/\/www.lindner.ch\/fr\/laine-de-bois-frisure-de-bois-fibre-de-bois\/howolis-protection-erosion-drainage-fascines-tapis-detancheite\/howolis-materiel-dinstallation\/\">Howolis mat\u00e9riel d\u2019installations<\/a><\/li>\n\t<li id=\"menu-item-1476\" class=\"menu-item menu-item-type-post_type menu-item-object-page menu-item-1476\"><a href=\"https:\/\/www.lindner.ch\/fr\/laine-de-bois-frisure-de-bois-fibre-de-bois\/howolis-protection-erosion-drainage-fascines-tapis-detancheite\/drenotube\/\">drenotube \u00ae drainages<\/a><\/li>\n<\/ul>\n<\/li>\n<li id=\"menu-item-1477\" class=\"menu-item menu-item-type-post_type menu-item-object-page menu-item-1477\"><a href=\"https:\/\/www.lindner.ch\/fr\/laine-de-bois-frisure-de-bois-fibre-de-bois\/masque-facial\/\">Masque facial<\/a><\/li>\n<li id=\"menu-item-1869\" class=\"menu-item menu-item-type-post_type menu-item-object-page menu-item-1869\"><a href=\"https:\/\/www.lindner.ch\/fr\/laine-de-bois-frisure-de-bois-fibre-de-bois\/lhistoire-laine-de-bois-le-livre\/\">L\u2019histoire \u2013 laine de bois \u00able livre\u00bb<\/a><\/li>\n<li id=\"menu-item-3426\" class=\"menu-item menu-item-type-post_type menu-item-object-page menu-item-3426\"><a href=\"https:\/\/www.lindner.ch\/fr\/laine-de-bois-frisure-de-bois-fibre-de-bois\/expositions-foires\/\">Expositions\/foires<\/a><\/li>\n<\/ul><\/div>\n\t\t<\/div>\n\t\t\t\t\t<\/div>\n\n\t\n\n\t<div id=\"col-64716514\" class=\"col medium-9 small-12 large-9\"  >\n\t\t\t\t<div class=\"col-inner\"  >\n\t\t\t\n\t\t\t\n<div class=\"row\"  id=\"row-1492628781\">\n\n\t<div id=\"col-390415943\" class=\"col medium-9 small-12 large-9\"  >\n\t\t\t\t<div class=\"col-inner\"  >\n\t\t\t\n\t\t\t\n<div class=\"col-sm-12\">\n<h1>Howolis Drenoroll &#8211; laine de bois<\/h1>\n<\/div>\n<div class=\"col-sm-9\">\n<p><strong>Le drainage avec le bois suisse<\/strong><\/p>\n<div>\n<p>Dans le prolongement du d\u00e9veloppement continu de la laine de bois en vrac destin\u00e9e au drainage, nous vous proposons un nouvel \u00e9l\u00e9ment de drainage tout pr\u00eat, enveloppant un tube de drainage SN-8 en PP avec un g\u00e9otextile\/laine de bois de filtrage sp\u00e9ciale.<\/p>\n<p><span lang=\"fr\">Les segments de drainage pr\u00e9fabriqu\u00e9s sont compos\u00e9s d&rsquo;un tuyau de drainage SN-8 perfor\u00e9 pr\u00e9sentant une paroi int\u00e9rieure lisse, envelopp\u00e9 par une laine de bois filtrante sp\u00e9ciale, avec manchon enfichable unilat\u00e9ral.<\/span>\u00a0<\/p>\n<p><span lang=\"fr\"><strong>Avantages:<\/strong><br \/>&#8211; Adaptable<br \/>&#8211; Faible poids<br \/>&#8211; Pose rapide<br \/>&#8211; Laine de bois\/fibres naturelles aux excellentes propri\u00e9t\u00e9s de filtrage<br \/>&#8211; Drainage sans graviers<br \/><\/span><strong><span lang=\"fr\"><br \/><\/span><\/strong><span lang=\"fr\"><strong>Domaines d&rsquo;application possibles:<br \/>&#8211; <\/strong><\/span><span lang=\"fr\">Installation d&rsquo;\u00e9vacuation des eaux<br \/>&#8211; <\/span><span lang=\"fr\">Am\u00e9nagements d&rsquo;infiltration<br \/>&#8211; <\/span><span lang=\"fr\">Terrains de sport<br \/>&#8211; <\/span><span lang=\"fr\">Am\u00e9nagement paysager, agriculture et horticulture<br \/>&#8211; <\/span><span lang=\"fr\">Canalisation; eau m\u00e9t\u00e9orique \/ eau propre\/de pluie<br \/><\/span><\/p>\n<p><span lang=\"fr\">Nous serions ravis de pouvoir vous conseiller par t\u00e9l\u00e9phone ou courriel.<br \/><strong>Vous trouverez les textes d\u2019appel d\u2019offres <\/strong><strong>directement sur la <a href=\"https:\/\/prd.crb.ch\/product_overview?searchterm=howolis&amp;setSearchtarget=&amp;listview=Product&amp;searchtarget=NPK&amp;searchtarget=EBKP&amp;searchtarget=Suchwort&amp;searchtarget=Productname&amp;searchtarget=Productdescription&amp;searchtarget=Brand&amp;searchtarget=Compnanyname\" target=\"_blank\" rel=\"noopener\">plateforme CAN-CRB<\/a>.<\/strong><\/span><\/p>\n<\/div>\n<\/div>\n\t\t<\/div>\n\t\t\t\t\t<\/div>\n\n\t\n\n\t<div id=\"col-128109830\" class=\"col medium-3 small-12 large-3\"  >\n\t\t\t\t<div class=\"col-inner\"  >\n\t\t\t\n\t\t\t\n\t<div class=\"img has-hover holzwolle_b x md-x lg-x y md-y lg-y\" id=\"image_1910438669\">\n\t\t<a class=\"image-lightbox lightbox-gallery\" title=\"\" href=\"https:\/\/www.lindner.ch\/wp-content\/uploads\/2020\/12\/Drainage_Holzwolle_Howolis_Drenoroll_Laine-de-bois_drenaggio_legno-Svizzero_Melioration.jpeg\">\t\t\t\t\t\t<div class=\"img-inner dark\" >\n\t\t\t<img loading=\"lazy\" decoding=\"async\" width=\"980\" height=\"980\" src=\"https:\/\/www.lindner.ch\/wp-content\/uploads\/2020\/12\/Drainage_Holzwolle_Howolis_Drenoroll_Laine-de-bois_drenaggio_legno-Svizzero_Melioration.jpeg\" class=\"attachment-large size-large\" alt=\"\" srcset=\"https:\/\/www.lindner.ch\/wp-content\/uploads\/2020\/12\/Drainage_Holzwolle_Howolis_Drenoroll_Laine-de-bois_drenaggio_legno-Svizzero_Melioration.jpeg 980w, https:\/\/www.lindner.ch\/wp-content\/uploads\/2020\/12\/Drainage_Holzwolle_Howolis_Drenoroll_Laine-de-bois_drenaggio_legno-Svizzero_Melioration-300x300.jpeg 300w, https:\/\/www.lindner.ch\/wp-content\/uploads\/2020\/12\/Drainage_Holzwolle_Howolis_Drenoroll_Laine-de-bois_drenaggio_legno-Svizzero_Melioration-150x150.jpeg 150w, https:\/\/www.lindner.ch\/wp-content\/uploads\/2020\/12\/Drainage_Holzwolle_Howolis_Drenoroll_Laine-de-bois_drenaggio_legno-Svizzero_Melioration-768x768.jpeg 768w, https:\/\/www.lindner.ch\/wp-content\/uploads\/2020\/12\/Drainage_Holzwolle_Howolis_Drenoroll_Laine-de-bois_drenaggio_legno-Svizzero_Melioration-720x720.jpeg 720w, https:\/\/www.lindner.ch\/wp-content\/uploads\/2020\/12\/Drainage_Holzwolle_Howolis_Drenoroll_Laine-de-bois_drenaggio_legno-Svizzero_Melioration-100x100.jpeg 100w\" sizes=\"auto, (max-width: 980px) 100vw, 980px\" \/>\t\t\t\t\t\t\n\t\t\t\t\t<\/div>\n\t\t\t\t\t\t<\/a>\t\t\n<style>\n#image_1910438669 {\n  width: 100%;\n}\n<\/style>\n\t<\/div>\n\t\n\t\t<\/div>\n\t\t\t\t\t<\/div>\n\n\t\n\n\t<div id=\"col-719084011\" class=\"col small-12 large-12\"  >\n\t\t\t\t<div class=\"col-inner\"  >\n\t\t\t\n\t\t\t\n\t<div id=\"gap-1070850220\" class=\"gap-element clearfix\" style=\"display:block; height:auto;\">\n\t\t\n<style>\n#gap-1070850220 {\n  padding-top: 30px;\n}\n<\/style>\n\t<\/div>\n\t\n\n<div class=\"row\"  id=\"row-1034226031\">\n\n\n\t<div id=\"col-1046392959\" class=\"col small-12 large-12\"  >\n\t\t\t\t<div class=\"col-inner\"  >\n\t\t\t\n\t\t\t\n\n<h2>Demandez pour votre devis personalis\u00e9<\/h2>\n\n\t\t<\/div>\n\t\t\t\t\t<\/div>\n\n\t\n\n\t<div id=\"col-1827870395\" class=\"col medium-5 small-12 large-5\"  >\n\t\t\t\t<div class=\"col-inner\"  >\n\t\t\t\n\t\t\t\n\n\n<div class=\"wpcf7 no-js\" id=\"wpcf7-f3721-o1\" lang=\"fr-FR\" dir=\"ltr\" data-wpcf7-id=\"3721\">\n<div class=\"screen-reader-response\"><p role=\"status\" aria-live=\"polite\" aria-atomic=\"true\"><\/p> <ul><\/ul><\/div>\n<form action=\"\/fr\/wp-json\/wp\/v2\/pages\/1340#wpcf7-f3721-o1\" method=\"post\" class=\"wpcf7-form init\" aria-label=\"Formulaire de contact\" novalidate=\"novalidate\" data-status=\"init\">\n<fieldset class=\"hidden-fields-container\"><input type=\"hidden\" name=\"_wpcf7\" value=\"3721\" \/><input type=\"hidden\" name=\"_wpcf7_version\" value=\"6.1.5\" \/><input type=\"hidden\" name=\"_wpcf7_locale\" value=\"fr_FR\" \/><input type=\"hidden\" name=\"_wpcf7_unit_tag\" value=\"wpcf7-f3721-o1\" \/><input type=\"hidden\" name=\"_wpcf7_container_post\" value=\"0\" \/><input type=\"hidden\" name=\"_wpcf7_posted_data_hash\" value=\"\" \/><input type=\"hidden\" name=\"_wpcf7_recaptcha_response\" value=\"\" \/>\n<\/fieldset>\n<p><span class=\"wpcf7-form-control-wrap\" data-name=\"your-name\"><input size=\"40\" maxlength=\"400\" class=\"wpcf7-form-control wpcf7-text wpcf7-validates-as-required\" aria-required=\"true\" aria-invalid=\"false\" placeholder=\"Pr\u00e9nom \/ Nom de famille*\" value=\"\" type=\"text\" name=\"your-name\" \/><\/span><br \/>\n<span class=\"wpcf7-form-control-wrap\" data-name=\"firma\"><input size=\"40\" maxlength=\"400\" class=\"wpcf7-form-control wpcf7-text\" aria-invalid=\"false\" placeholder=\"Entreprise\" value=\"\" type=\"text\" name=\"firma\" \/><\/span><br \/>\n<span class=\"wpcf7-form-control-wrap\" data-name=\"strasse\"><input size=\"40\" maxlength=\"400\" class=\"wpcf7-form-control wpcf7-text\" aria-invalid=\"false\" placeholder=\"Rue\" value=\"\" type=\"text\" name=\"strasse\" \/><\/span><br \/>\n<span class=\"wpcf7-form-control-wrap\" data-name=\"plzort\"><input size=\"40\" maxlength=\"400\" class=\"wpcf7-form-control wpcf7-text\" aria-invalid=\"false\" placeholder=\"Code postal \/ Ville\" value=\"\" type=\"text\" name=\"plzort\" \/><\/span><br \/>\n<span class=\"wpcf7-form-control-wrap\" data-name=\"your-email\"><input size=\"40\" maxlength=\"400\" class=\"wpcf7-form-control wpcf7-email wpcf7-validates-as-required wpcf7-text wpcf7-validates-as-email\" aria-required=\"true\" aria-invalid=\"false\" placeholder=\"Adresse e-mail*\" value=\"\" type=\"email\" name=\"your-email\" \/><\/span><br \/>\n<span class=\"wpcf7-form-control-wrap\" data-name=\"telefon\"><input size=\"40\" maxlength=\"400\" class=\"wpcf7-form-control wpcf7-tel wpcf7-text wpcf7-validates-as-tel\" aria-invalid=\"false\" placeholder=\"T\u00e9l\u00e9phone\" value=\"\" type=\"tel\" name=\"telefon\" \/><\/span><br \/>\n<span class=\"wpcf7-form-control-wrap\" data-name=\"your-message\"><textarea cols=\"40\" rows=\"10\" maxlength=\"2000\" class=\"wpcf7-form-control wpcf7-textarea\" aria-invalid=\"false\" placeholder=\"Message\" name=\"your-message\"><\/textarea><\/span>\n<\/p>\n<p><input class=\"wpcf7-form-control wpcf7-submit has-spinner\" type=\"submit\" value=\"Envoyer\" \/>\n<\/p><div class=\"wpcf7-response-output\" aria-hidden=\"true\"><\/div>\n<\/form>\n<\/div>\n\n\n\t<div id=\"text-835724411\" class=\"text\">\n\t\t\n\n<p>This site is protected by reCAPTCHA and the Google<a href=\"https:\/\/policies.google.com\/privacy\" target=\"_blank\" rel=\"noopener\">Privacy Policy<\/a> and<a href=\"https:\/\/policies.google.com\/terms\" target=\"_blank\" rel=\"noopener\">Terms of Service<\/a> apply.<\/p>\n\t\t\n<style>\n#text-835724411 {\n  font-size: 0.75rem;\n}\n<\/style>\n\t<\/div>\n\t\n\n\t\t<\/div>\n\t\t\t\t\t<\/div>\n\n\t\n\n\t<div id=\"col-376576702\" class=\"col medium-1 small-12 large-1\"  >\n\t\t\t\t<div class=\"col-inner\"  >\n\t\t\t\n\t\t\t\n\n\n\t\t<\/div>\n\t\t\t\t\t<\/div>\n\n\t\n\n\t<div id=\"col-1878478389\" class=\"col medium-5 small-12 large-5\"  >\n\t\t\t\t<div class=\"col-inner\"  >\n\t\t\t\n\t\t\t\n\n<a href=\"tel:+41719876151\" class=\"button primary is-xlarge\" >\n\t<i class=\"icon-phone\" aria-hidden=\"true\"><\/i>\t<span>+41 (0) 71 987 61 51<\/span>\n\t<\/a>\n\n\n<p>Lun-Jeu: 07:30-12:00 \/ 13:30-17:15<br \/>Ven: 07:30-12:00 \/ 13:30-16:30<\/p>\n\t<div id=\"gap-1654468047\" class=\"gap-element clearfix\" style=\"display:block; height:auto;\">\n\t\t\n<style>\n#gap-1654468047 {\n  padding-top: 30px;\n}\n<\/style>\n\t<\/div>\n\t\n\n<div class=\"row align-middle\"  id=\"row-695144180\">\n\n\n\t<div id=\"col-1701050242\" class=\"col medium-4 small-12 large-4\"  >\n\t\t\t\t<div class=\"col-inner\"  >\n\t\t\t\n\t\t\t\n\n\t<div class=\"img has-hover x md-x lg-x y md-y lg-y\" id=\"image_1959308511\">\n\t\t\t\t\t\t\t\t<div class=\"img-inner dark\" >\n\t\t\t<img loading=\"lazy\" decoding=\"async\" width=\"996\" height=\"1024\" src=\"https:\/\/www.lindner.ch\/wp-content\/uploads\/2022\/04\/Anouchka_Lindner_Suisse-996x1024.jpg\" class=\"attachment-large size-large\" alt=\"\" srcset=\"https:\/\/www.lindner.ch\/wp-content\/uploads\/2022\/04\/Anouchka_Lindner_Suisse-996x1024.jpg 996w, https:\/\/www.lindner.ch\/wp-content\/uploads\/2022\/04\/Anouchka_Lindner_Suisse-292x300.jpg 292w, https:\/\/www.lindner.ch\/wp-content\/uploads\/2022\/04\/Anouchka_Lindner_Suisse-768x790.jpg 768w, https:\/\/www.lindner.ch\/wp-content\/uploads\/2022\/04\/Anouchka_Lindner_Suisse.jpg 1000w\" sizes=\"auto, (max-width: 996px) 100vw, 996px\" \/>\t\t\t\t\t\t\n\t\t\t\t\t<\/div>\n\t\t\t\t\t\t\t\t\n<style>\n#image_1959308511 {\n  width: 100%;\n}\n<\/style>\n\t<\/div>\n\t\n\n\n\t\t<\/div>\n\t\t\t\t\t<\/div>\n\n\t\n\n\t<div id=\"col-1689477501\" class=\"col medium-6 small-12 large-6\"  >\n\t\t\t\t<div class=\"col-inner\"  >\n\t\t\t\n\t\t\t\n\n<h3>Anouchka Lan Kam<\/h3>\n<p>Conseill\u00e8re de vente<\/p>\n\n\t\t<\/div>\n\t\t\t\t\t<\/div>\n\n\t\n\n<\/div>\n<div class=\"row align-middle\"  id=\"row-2044751448\">\n\n\n\t<div id=\"col-7222254\" class=\"col medium-4 small-12 large-4\"  >\n\t\t\t\t<div class=\"col-inner\"  >\n\t\t\t\n\t\t\t\n\n\n\t\t<\/div>\n\t\t\t\t\t<\/div>\n\n\t\n\n\t<div id=\"col-34344135\" class=\"col medium-6 small-12 large-6\"  >\n\t\t\t\t<div class=\"col-inner\"  >\n\t\t\t\n\t\t\t\n\n\n\t\t<\/div>\n\t\t\t\t\t<\/div>\n\n\t\n\n<\/div>\n<div class=\"row align-middle\"  id=\"row-1455762253\">\n\n\n<\/div>\n<div class=\"row align-middle\"  id=\"row-1499687056\">\n\n\n\t<div id=\"col-439658186\" class=\"col medium-4 small-12 large-4\"  >\n\t\t\t\t<div class=\"col-inner\"  >\n\t\t\t\n\t\t\t\n\n\n\t\t<\/div>\n\t\t\t\t\t<\/div>\n\n\t\n\n\t<div id=\"col-1971455265\" class=\"col medium-6 small-12 large-6\"  >\n\t\t\t\t<div class=\"col-inner\"  >\n\t\t\t\n\t\t\t\n\n\n\t\t<\/div>\n\t\t\t\t\t<\/div>\n\n\t\n\n<\/div>\n\n\t\t<\/div>\n\t\t\t\t\t<\/div>\n\n\t\n\n<\/div>\n\t\t<\/div>\n\t\t\t\t\t<\/div>\n\n\t\n<\/div>\n\t\t<\/div>\n\t\t\t\t\t<\/div>\n\n\t\n<\/div>\n","protected":false},"excerpt":{"rendered":"","protected":false},"author":2,"featured_media":3001,"parent":1323,"menu_order":0,"comment_status":"closed","ping_status":"closed","template":"","meta":{"inline_featured_image":false,"footnotes":""},"class_list":["post-1340","page","type-page","status-publish","has-post-thumbnail","hentry"],"_links":{"self":[{"href":"https:\/\/www.lindner.ch\/fr\/wp-json\/wp\/v2\/pages\/1340","targetHints":{"allow":["GET"]}}],"collection":[{"href":"https:\/\/www.lindner.ch\/fr\/wp-json\/wp\/v2\/pages"}],"about":[{"href":"https:\/\/www.lindner.ch\/fr\/wp-json\/wp\/v2\/types\/page"}],"author":[{"embeddable":true,"href":"https:\/\/www.lindner.ch\/fr\/wp-json\/wp\/v2\/users\/2"}],"replies":[{"embeddable":true,"href":"https:\/\/www.lindner.ch\/fr\/wp-json\/wp\/v2\/comments?post=1340"}],"version-history":[{"count":18,"href":"https:\/\/www.lindner.ch\/fr\/wp-json\/wp\/v2\/pages\/1340\/revisions"}],"predecessor-version":[{"id":8150,"href":"https:\/\/www.lindner.ch\/fr\/wp-json\/wp\/v2\/pages\/1340\/revisions\/8150"}],"up":[{"embeddable":true,"href":"https:\/\/www.lindner.ch\/fr\/wp-json\/wp\/v2\/pages\/1323"}],"wp:featuredmedia":[{"embeddable":true,"href":"https:\/\/www.lindner.ch\/fr\/wp-json\/wp\/v2\/media\/3001"}],"wp:attachment":[{"href":"https:\/\/www.lindner.ch\/fr\/wp-json\/wp\/v2\/media?parent=1340"}],"curies":[{"name":"wp","href":"https:\/\/api.w.org\/{rel}","templated":true}]}}