{"id":1380,"date":"2020-10-23T21:15:12","date_gmt":"2020-10-23T19:15:12","guid":{"rendered":"https:\/\/wp.lindner.ch\/laine-frisure-fibre-de-bois\/hygiene-animale\/agroclean-le-nettoyage-des-pis\/"},"modified":"2022-11-04T09:59:26","modified_gmt":"2022-11-04T08:59:26","slug":"agroclean-le-nettoyage-des-pis","status":"publish","type":"page","link":"https:\/\/www.lindner.ch\/fr\/laine-de-bois-frisure-de-bois-fibre-de-bois\/hygiene-animale\/agroclean-le-nettoyage-des-pis\/","title":{"rendered":"agroclean\u00ae le nettoyage des pis"},"content":{"rendered":"\n  <div class=\"banner has-hover banner_border has-parallax\" id=\"banner-1671878530\">\n          <div class=\"banner-inner fill\">\n        <div class=\"banner-bg fill\" data-parallax=\"-3\" data-parallax-container=\".banner\" data-parallax-background>\n            <img loading=\"lazy\" decoding=\"async\" width=\"2560\" height=\"1575\" src=\"https:\/\/www.lindner.ch\/wp-content\/uploads\/2020\/10\/Lindner_Suisse-scaled.jpg\" class=\"bg attachment-original size-original\" alt=\"\" \/>                                    \n                    <\/div>\n\t\t\n        <div class=\"banner-layers container\">\n            <div class=\"fill banner-link\"><\/div>            \n\n\n        <\/div>\n      <\/div>\n\n            \n<style>\n#banner-1671878530 {\n  padding-top: 200px;\n  background-color: rgb(46, 171, 96);\n}\n#banner-1671878530 .banner-bg img {\n  object-position: 54% 55%;\n}\n<\/style>\n  <\/div>\n\n\n\t<div id=\"gap-271731386\" class=\"gap-element clearfix\" style=\"display:block; height:auto;\">\n\t\t\n<style>\n#gap-271731386 {\n  padding-top: 30px;\n}\n<\/style>\n\t<\/div>\n\t\n<div class=\"row\"  id=\"row-1711887375\">\n\n\t<div id=\"col-894564651\" class=\"col medium-3 small-12 large-3 col-divided\"  >\n\t\t\t\t<div class=\"col-inner\"  >\n\t\t\t\n\t\t\t\n<div class=\"menu-holzwolle-franzoesisch-container\"><ul id=\"menu-holzwolle-franzoesisch\" class=\"sb_navigation_holzwolle\"><li id=\"menu-item-1451\" class=\"menu-item menu-item-type-post_type menu-item-object-page menu-item-1451\"><a href=\"https:\/\/www.lindner.ch\/fr\/laine-de-bois-frisure-de-bois-fibre-de-bois\/\">Laine de bois \/ frisure \/ fibre<\/a><\/li>\n<li id=\"menu-item-1452\" class=\"menu-item menu-item-type-post_type menu-item-object-page menu-item-has-children menu-item-1452\"><a href=\"https:\/\/www.lindner.ch\/fr\/laine-de-bois-frisure-de-bois-fibre-de-bois\/materiau-demballage\/\">Mat\u00e9riau d\u2019emballage<\/a>\n<ul class=\"sub-menu\">\n\t<li id=\"menu-item-1454\" class=\"menu-item menu-item-type-post_type menu-item-object-page menu-item-1454\"><a href=\"https:\/\/www.lindner.ch\/fr\/laine-de-bois-frisure-de-bois-fibre-de-bois\/materiau-demballage\/spediline-classic\/\">spediline classic<\/a><\/li>\n\t<li id=\"menu-item-1455\" class=\"menu-item menu-item-type-post_type menu-item-object-page menu-item-1455\"><a href=\"https:\/\/www.lindner.ch\/fr\/laine-de-bois-frisure-de-bois-fibre-de-bois\/materiau-demballage\/spediline-food\/\">spediline food<\/a><\/li>\n\t<li id=\"menu-item-1456\" class=\"menu-item menu-item-type-post_type menu-item-object-page menu-item-1456\"><a href=\"https:\/\/www.lindner.ch\/fr\/laine-de-bois-frisure-de-bois-fibre-de-bois\/materiau-demballage\/spediline-extra\/\">spediline extra<\/a><\/li>\n\t<li id=\"menu-item-1457\" class=\"menu-item menu-item-type-post_type menu-item-object-page menu-item-1457\"><a href=\"https:\/\/www.lindner.ch\/fr\/laine-de-bois-frisure-de-bois-fibre-de-bois\/materiau-demballage\/decoratif-pour-le-nid-de-paques\/\">D\u00e9coratif pour le nid de P\u00e2ques<\/a><\/li>\n<\/ul>\n<\/li>\n<li id=\"menu-item-1458\" class=\"menu-item menu-item-type-post_type menu-item-object-page menu-item-has-children menu-item-1458\"><a href=\"https:\/\/www.lindner.ch\/fr\/laine-de-bois-frisure-de-bois-fibre-de-bois\/hygiene-animale\/\">Hygi\u00e8ne animale<\/a>\n<ul class=\"sub-menu\">\n\t<li id=\"menu-item-1459\" class=\"menu-item menu-item-type-post_type menu-item-object-page menu-item-1459\"><a href=\"https:\/\/www.lindner.ch\/fr\/laine-de-bois-frisure-de-bois-fibre-de-bois\/hygiene-animale\/agroclean-le-nettoyage-des-pis\/\">agroclean\u00ae le nettoyage des pis<\/a><\/li>\n<\/ul>\n<\/li>\n<li id=\"menu-item-1460\" class=\"menu-item menu-item-type-post_type menu-item-object-page menu-item-has-children menu-item-1460\"><a href=\"https:\/\/www.lindner.ch\/fr\/laine-de-bois-frisure-de-bois-fibre-de-bois\/jardin-loisir\/\">Jardin &amp; Loisir<\/a>\n<ul class=\"sub-menu\">\n\t<li id=\"menu-item-1461\" class=\"menu-item menu-item-type-post_type menu-item-object-page menu-item-1461\"><a href=\"https:\/\/www.lindner.ch\/fr\/laine-de-bois-frisure-de-bois-fibre-de-bois\/jardin-loisir\/agrohobby\/\">agrohobby<\/a><\/li>\n\t<li id=\"menu-item-1462\" class=\"menu-item menu-item-type-post_type menu-item-object-page menu-item-1462\"><a href=\"https:\/\/www.lindner.ch\/fr\/laine-de-bois-frisure-de-bois-fibre-de-bois\/jardin-loisir\/howolis-tapis-anti-erosion\/\">Howolis tapis\/natte anti-\u00e9rosion<\/a><\/li>\n\t<li id=\"menu-item-1464\" class=\"menu-item menu-item-type-post_type menu-item-object-page menu-item-1464\"><a href=\"https:\/\/www.lindner.ch\/fr\/laine-de-bois-frisure-de-bois-fibre-de-bois\/jardin-loisir\/decoratif-pour-le-nid-de-paques\/\">D\u00e9coratif pour le nid de P\u00e2ques<\/a><\/li>\n<\/ul>\n<\/li>\n<li id=\"menu-item-1465\" class=\"menu-item menu-item-type-post_type menu-item-object-page menu-item-has-children menu-item-1465\"><a href=\"https:\/\/www.lindner.ch\/fr\/laine-de-bois-frisure-de-bois-fibre-de-bois\/flamtastic-batonnets-allume-feu\/\">Flamtastic b\u00e2tonnets allume-feu<\/a>\n<ul class=\"sub-menu\">\n\t<li id=\"menu-item-1466\" class=\"menu-item menu-item-type-post_type menu-item-object-page menu-item-1466\"><a href=\"https:\/\/www.lindner.ch\/fr\/laine-de-bois-frisure-de-bois-fibre-de-bois\/flamtastic-batonnets-allume-feu\/flamtastic\/\">Flamtastic<\/a><\/li>\n\t<li id=\"menu-item-4838\" class=\"menu-item menu-item-type-post_type menu-item-object-page menu-item-4838\"><a href=\"https:\/\/www.lindner.ch\/fr\/laine-de-bois-frisure-de-bois-fibre-de-bois\/flamtastic-batonnets-allume-feu\/zundstreusel-allume-feu\/\">\u201eZ\u00fcndstreusel\u201c allume-feu<\/a><\/li>\n\t<li id=\"menu-item-1467\" class=\"menu-item menu-item-type-post_type menu-item-object-page menu-item-1467\"><a href=\"https:\/\/www.lindner.ch\/fr\/laine-de-bois-frisure-de-bois-fibre-de-bois\/flamtastic-batonnets-allume-feu\/flamtastic-sur-demande\/\">Flamtastic sur demande<\/a><\/li>\n\t<li id=\"menu-item-1468\" class=\"menu-item menu-item-type-post_type menu-item-object-page menu-item-1468\"><a href=\"https:\/\/www.lindner.ch\/fr\/laine-de-bois-frisure-de-bois-fibre-de-bois\/flamtastic-batonnets-allume-feu\/brosse-de-gril-rosto-cleaner\/\">Brosse de gril \u2013 Rosto Cleaner<\/a><\/li>\n<\/ul>\n<\/li>\n<li id=\"menu-item-1469\" class=\"menu-item menu-item-type-post_type menu-item-object-page menu-item-has-children menu-item-1469\"><a href=\"https:\/\/www.lindner.ch\/fr\/laine-de-bois-frisure-de-bois-fibre-de-bois\/howolis-protection-erosion-drainage-fascines-tapis-detancheite\/\">Howolis laine de bois<\/a>\n<ul class=\"sub-menu\">\n\t<li id=\"menu-item-1470\" class=\"menu-item menu-item-type-post_type menu-item-object-page menu-item-1470\"><a href=\"https:\/\/www.lindner.ch\/fr\/laine-de-bois-frisure-de-bois-fibre-de-bois\/howolis-protection-erosion-drainage-fascines-tapis-detancheite\/howolis-tapis-anti-erosion\/\">Howolis tapis\/nattes anti-\u00e9rosion<\/a><\/li>\n\t<li id=\"menu-item-5864\" class=\"menu-item menu-item-type-post_type menu-item-object-page menu-item-5864\"><a href=\"https:\/\/www.lindner.ch\/fr\/laine-de-bois-frisure-de-bois-fibre-de-bois\/howolis-protection-erosion-drainage-fascines-tapis-detancheite\/howolis-tapis-de-recouvrement-tapis-de-protection-type-40-recouvrement-des-chantiers\/\">Howolis tapis de recouvrement\/protection<\/a><\/li>\n\t<li id=\"menu-item-1473\" class=\"menu-item menu-item-type-post_type menu-item-object-page menu-item-1473\"><a href=\"https:\/\/www.lindner.ch\/fr\/laine-de-bois-frisure-de-bois-fibre-de-bois\/howolis-protection-erosion-drainage-fascines-tapis-detancheite\/howolis-q-fascine\/\">Howolis Q-Fascine<\/a><\/li>\n\t<li id=\"menu-item-5306\" class=\"menu-item menu-item-type-post_type menu-item-object-page menu-item-5306\"><a href=\"https:\/\/www.lindner.ch\/fr\/laine-de-bois-frisure-de-bois-fibre-de-bois\/howolis-protection-erosion-drainage-fascines-tapis-detancheite\/howolis-fascines-quickquader\/\">Howolis fascines Quickquader<\/a><\/li>\n\t<li id=\"menu-item-1475\" class=\"menu-item menu-item-type-post_type menu-item-object-page menu-item-1475\"><a href=\"https:\/\/www.lindner.ch\/fr\/laine-de-bois-frisure-de-bois-fibre-de-bois\/howolis-protection-erosion-drainage-fascines-tapis-detancheite\/howolis-tube-de-drainage-drenoroll\/\">Howolis Drenoroll tube de drainage<\/a><\/li>\n\t<li id=\"menu-item-5171\" class=\"menu-item menu-item-type-post_type menu-item-object-page menu-item-5171\"><a href=\"https:\/\/www.lindner.ch\/fr\/laine-de-bois-frisure-de-bois-fibre-de-bois\/howolis-protection-erosion-drainage-fascines-tapis-detancheite\/howolis-drenogrid-tapis-detancheite\/\">Howolis Drenogrid tapis d\u2019\u00e9tanch\u00e9it\u00e9<\/a><\/li>\n\t<li id=\"menu-item-6692\" class=\"menu-item menu-item-type-post_type menu-item-object-page menu-item-6692\"><a href=\"https:\/\/www.lindner.ch\/fr\/laine-de-bois-frisure-de-bois-fibre-de-bois\/howolis-protection-erosion-drainage-fascines-tapis-detancheite\/howolis-snowfarming-depots-de-neige\/\">Howolis Snowfarming\/D\u00e9p\u00f4ts de neige<\/a><\/li>\n\t<li id=\"menu-item-1472\" class=\"menu-item menu-item-type-post_type menu-item-object-page menu-item-1472\"><a href=\"https:\/\/www.lindner.ch\/fr\/laine-de-bois-frisure-de-bois-fibre-de-bois\/howolis-protection-erosion-drainage-fascines-tapis-detancheite\/howolis-early-green\/\">Howolis Early Green<\/a><\/li>\n\t<li id=\"menu-item-5180\" class=\"menu-item menu-item-type-post_type menu-item-object-page menu-item-5180\"><a href=\"https:\/\/www.lindner.ch\/fr\/laine-de-bois-frisure-de-bois-fibre-de-bois\/howolis-protection-erosion-drainage-fascines-tapis-detancheite\/laine-de-bois-en-vrac-pour-drainages-et-palplanches\/\">Laine de bois (en vrac) pour drainages et palplanches<\/a><\/li>\n\t<li id=\"menu-item-1474\" class=\"menu-item menu-item-type-post_type menu-item-object-page menu-item-1474\"><a href=\"https:\/\/www.lindner.ch\/fr\/laine-de-bois-frisure-de-bois-fibre-de-bois\/howolis-protection-erosion-drainage-fascines-tapis-detancheite\/howolis-materiel-dinstallation\/\">Howolis mat\u00e9riel d\u2019installations<\/a><\/li>\n\t<li id=\"menu-item-1476\" class=\"menu-item menu-item-type-post_type menu-item-object-page menu-item-1476\"><a href=\"https:\/\/www.lindner.ch\/fr\/laine-de-bois-frisure-de-bois-fibre-de-bois\/howolis-protection-erosion-drainage-fascines-tapis-detancheite\/drenotube\/\">drenotube \u00ae drainages<\/a><\/li>\n<\/ul>\n<\/li>\n<li id=\"menu-item-1477\" class=\"menu-item menu-item-type-post_type menu-item-object-page menu-item-1477\"><a href=\"https:\/\/www.lindner.ch\/fr\/laine-de-bois-frisure-de-bois-fibre-de-bois\/masque-facial\/\">Masque facial<\/a><\/li>\n<li id=\"menu-item-1869\" class=\"menu-item menu-item-type-post_type menu-item-object-page menu-item-1869\"><a href=\"https:\/\/www.lindner.ch\/fr\/laine-de-bois-frisure-de-bois-fibre-de-bois\/lhistoire-laine-de-bois-le-livre\/\">L\u2019histoire \u2013 laine de bois \u00able livre\u00bb<\/a><\/li>\n<li id=\"menu-item-3426\" class=\"menu-item menu-item-type-post_type menu-item-object-page menu-item-3426\"><a href=\"https:\/\/www.lindner.ch\/fr\/laine-de-bois-frisure-de-bois-fibre-de-bois\/expositions-foires\/\">Expositions\/foires<\/a><\/li>\n<\/ul><\/div>\n\t\t<\/div>\n\t\t\t\t\t<\/div>\n\n\t\n\n\t<div id=\"col-511599101\" class=\"col medium-9 small-12 large-9\"  >\n\t\t\t\t<div class=\"col-inner\"  >\n\t\t\t\n\t\t\t\n<div class=\"row\"  id=\"row-1753554030\">\n\n\t<div id=\"col-460368620\" class=\"col medium-9 small-12 large-9\"  >\n\t\t\t\t<div class=\"col-inner\"  >\n\t\t\t\n\t\t\t\n<div class=\"col-sm-12\">\n<h1>agroclean\u00ae l&rsquo;hygi\u00e8ne de la mamelle<\/h1>\n<\/div>\n<div class=\"col-sm-9\">\n<p>L&rsquo;Hygi\u00e8ne de la mamelle selon des crit\u00e8res commerciaux \u2013 sans aucun produit chimique<\/p>\n<ul>\n<li>produit naturel pour les vaches, les moutons, les ch\u00e8vres et les\u00a0chameaux<\/li>\n<li>nettoyage de haute tol\u00e9rance cutan\u00e9e et stimulation des pis et des mamelles<\/li>\n<li>garantit une haute qualit\u00e9 constante pour le bien-\u00eatre de vos animaux<\/li>\n<li>incassable, sans poussi\u00e8re et sec<\/li>\n<li>produit conforme au<a href=\"https:\/\/www.lindner.ch\/files\/content\/Downloads_Produktinformationen\/Lindner_Suisse_Howolis_standard_suisse_laine%20de%20bois_frisure%20de%20bois.pdf\" target=\"_blank\" rel=\"noopener noreferrer\"> Standard suisse de la laine de bois<\/a><a href=\"https:\/\/www.lindner.ch\/files\/content\/Downloads_Produktinformationen\/Standard_%20suisse_%20laine%20de%20bois_Lindner%20Suisse_A.pdf\"><br \/><\/a><\/li>\n<li>achet\u00e9 directement aupr\u00e8s du fabricant<\/li>\n<li>l\u2019original est fourni dans un sac jaune<\/li>\n<li><strong>list\u00e9 sur la liste des intrants pour la <a href=\"https:\/\/www.betriebsmittelliste.ch\/fr\/recherche\/liste-des-intrants\/liste-desintrants-en-ligne.html#\/result\/f670a056-eff8-4b83-9413-96cacf9b0e96\/ab8078cf-e640-4850-8a30-da2a0e63f672\/fr_FR\" target=\"_blank\" rel=\"noopener\">Suisse (FIBL)<\/a> et <a href=\"https:\/\/www.betriebsmittelbewertung.at\/bio-betriebsmittel\/suche\/\" target=\"_blank\" rel=\"noopener\">Autriche (EasyCert)<\/a><\/strong><\/li>\n<\/ul>\n<p><em>Ne convient pas pour <a href=\"https:\/\/www.lindner.ch\/fr\/laine-frisure-fibre-de-bois\/materiau-demballage\/\">l&#8217;emballage<\/a> et pour placer sous<a href=\"https:\/\/www.lindner.ch\/fr\/laine-frisure-fibre-de-bois\/jardin-loisir\/agrohobby\/\"> les fraises<\/a>.<\/em><\/p>\n<p><a href=\"mailto:%20holzwolle@lindner.ch\">Sur demande<\/a>, nous pouvons vous fournir plus d&rsquo;informations, comme une fiche technique du produit, des conseils d&rsquo; utilisation, rapport d&rsquo;exp\u00e9rience, l&rsquo;\u00e9tude men\u00e9e en 2013 et <a href=\"https:\/\/www.lindner.ch\/files\/content\/Pressespiegel\/agroclean_methode%20de%20nettoyage_aine%20de%20bois_Lindner%20Suisse.pdf\">l&rsquo;\u00e9tude men\u00e9e en 2015<\/a>.<\/p>\n<p>r\u00e9vision de la vid\u00e9o :\u00a0<a href=\"https:\/\/www.youtube.com\/watch?v=nQMd2WqSyFU\" target=\"_blank\" rel=\"noopener noreferrer\">agroclean\u00ae l&rsquo;hygi\u00e8ne de la mamelle\u00a0| landwirt.com<\/a><\/p>\n<p><strong>Vous trouverez les nouveaut\u00e9s actuelles sur agroclean\u00ae sur\u00a0<a href=\"https:\/\/www.facebook.com\/agroclean\" target=\"_blank\" rel=\"noopener\">www.facebook.com\/agroclean<\/a><\/strong><\/p>\n<\/div>\n<div class=\"video video-fit mb\" style=\"padding-top:56.25%;\"><p><iframe loading=\"lazy\" title=\"agroclean Euterwolle | landwirt.com\" width=\"1020\" height=\"574\" src=\"https:\/\/www.youtube.com\/embed\/nQMd2WqSyFU?feature=oembed\" frameborder=\"0\" allow=\"accelerometer; autoplay; clipboard-write; encrypted-media; gyroscope; picture-in-picture\" allowfullscreen><\/iframe><\/p>\n<\/div>\n\t\t<\/div>\n\t\t\t\t\t<\/div>\n\n\t\n\n\t<div id=\"col-1468043468\" class=\"col medium-3 small-12 large-3\"  >\n\t\t\t\t<div class=\"col-inner\"  >\n\t\t\t\n\t\t\t\n\t<div class=\"img has-hover holzwolle_b x md-x lg-x y md-y lg-y\" id=\"image_1472204795\">\n\t\t\t\t\t\t\t\t<div class=\"img-inner dark\" >\n\t\t\t<img loading=\"lazy\" decoding=\"async\" width=\"200\" height=\"189\" src=\"https:\/\/www.lindner.ch\/wp-content\/uploads\/2022\/10\/Lindner_Suisse_agroclean_Euterwolle_Holzwolle_Euterreinigung_Schweizer_Holz.jpg\" class=\"attachment-large size-large\" alt=\"\" \/>\t\t\t\t\t\t\n\t\t\t\t\t<\/div>\n\t\t\t\t\t\t\t\t\n<style>\n#image_1472204795 {\n  width: 100%;\n}\n<\/style>\n\t<\/div>\n\t\n\t\t<\/div>\n\t\t\t\t\t<\/div>\n\n\t\n\n\t<div id=\"col-1253876181\" class=\"col small-12 large-12\"  >\n\t\t\t\t<div class=\"col-inner\"  >\n\t\t\t\n\t\t\t\n\t<div id=\"gap-1284336650\" class=\"gap-element clearfix\" style=\"display:block; height:auto;\">\n\t\t\n<style>\n#gap-1284336650 {\n  padding-top: 30px;\n}\n<\/style>\n\t<\/div>\n\t\n\n<div class=\"row\"  id=\"row-1845907135\">\n\n\n\t<div id=\"col-1831448540\" class=\"col small-12 large-12\"  >\n\t\t\t\t<div class=\"col-inner\"  >\n\t\t\t\n\t\t\t\n\n<h2>Demandez pour votre devis personalis\u00e9<\/h2>\n\n\t\t<\/div>\n\t\t\t\t\t<\/div>\n\n\t\n\n\t<div id=\"col-1026431987\" class=\"col medium-5 small-12 large-5\"  >\n\t\t\t\t<div class=\"col-inner\"  >\n\t\t\t\n\t\t\t\n\n\n<div class=\"wpcf7 no-js\" id=\"wpcf7-f3721-o1\" lang=\"fr-FR\" dir=\"ltr\" data-wpcf7-id=\"3721\">\n<div class=\"screen-reader-response\"><p role=\"status\" aria-live=\"polite\" aria-atomic=\"true\"><\/p> <ul><\/ul><\/div>\n<form action=\"\/fr\/wp-json\/wp\/v2\/pages\/1380#wpcf7-f3721-o1\" method=\"post\" class=\"wpcf7-form init\" aria-label=\"Formulaire de contact\" novalidate=\"novalidate\" data-status=\"init\">\n<fieldset class=\"hidden-fields-container\"><input type=\"hidden\" name=\"_wpcf7\" value=\"3721\" \/><input type=\"hidden\" name=\"_wpcf7_version\" value=\"6.1.5\" \/><input type=\"hidden\" name=\"_wpcf7_locale\" value=\"fr_FR\" \/><input type=\"hidden\" name=\"_wpcf7_unit_tag\" value=\"wpcf7-f3721-o1\" \/><input type=\"hidden\" name=\"_wpcf7_container_post\" value=\"0\" \/><input type=\"hidden\" name=\"_wpcf7_posted_data_hash\" value=\"\" \/><input type=\"hidden\" name=\"_wpcf7_recaptcha_response\" value=\"\" \/>\n<\/fieldset>\n<p><span class=\"wpcf7-form-control-wrap\" data-name=\"your-name\"><input size=\"40\" maxlength=\"400\" class=\"wpcf7-form-control wpcf7-text wpcf7-validates-as-required\" aria-required=\"true\" aria-invalid=\"false\" placeholder=\"Pr\u00e9nom \/ Nom de famille*\" value=\"\" type=\"text\" name=\"your-name\" \/><\/span><br \/>\n<span class=\"wpcf7-form-control-wrap\" data-name=\"firma\"><input size=\"40\" maxlength=\"400\" class=\"wpcf7-form-control wpcf7-text\" aria-invalid=\"false\" placeholder=\"Entreprise\" value=\"\" type=\"text\" name=\"firma\" \/><\/span><br \/>\n<span class=\"wpcf7-form-control-wrap\" data-name=\"strasse\"><input size=\"40\" maxlength=\"400\" class=\"wpcf7-form-control wpcf7-text\" aria-invalid=\"false\" placeholder=\"Rue\" value=\"\" type=\"text\" name=\"strasse\" \/><\/span><br \/>\n<span class=\"wpcf7-form-control-wrap\" data-name=\"plzort\"><input size=\"40\" maxlength=\"400\" class=\"wpcf7-form-control wpcf7-text\" aria-invalid=\"false\" placeholder=\"Code postal \/ Ville\" value=\"\" type=\"text\" name=\"plzort\" \/><\/span><br \/>\n<span class=\"wpcf7-form-control-wrap\" data-name=\"your-email\"><input size=\"40\" maxlength=\"400\" class=\"wpcf7-form-control wpcf7-email wpcf7-validates-as-required wpcf7-text wpcf7-validates-as-email\" aria-required=\"true\" aria-invalid=\"false\" placeholder=\"Adresse e-mail*\" value=\"\" type=\"email\" name=\"your-email\" \/><\/span><br \/>\n<span class=\"wpcf7-form-control-wrap\" data-name=\"telefon\"><input size=\"40\" maxlength=\"400\" class=\"wpcf7-form-control wpcf7-tel wpcf7-text wpcf7-validates-as-tel\" aria-invalid=\"false\" placeholder=\"T\u00e9l\u00e9phone\" value=\"\" type=\"tel\" name=\"telefon\" \/><\/span><br \/>\n<span class=\"wpcf7-form-control-wrap\" data-name=\"your-message\"><textarea cols=\"40\" rows=\"10\" maxlength=\"2000\" class=\"wpcf7-form-control wpcf7-textarea\" aria-invalid=\"false\" placeholder=\"Message\" name=\"your-message\"><\/textarea><\/span>\n<\/p>\n<p><input class=\"wpcf7-form-control wpcf7-submit has-spinner\" type=\"submit\" value=\"Envoyer\" \/>\n<\/p><div class=\"wpcf7-response-output\" aria-hidden=\"true\"><\/div>\n<\/form>\n<\/div>\n\n\n\t<div id=\"text-2987757247\" class=\"text\">\n\t\t\n\n<p>This site is protected by reCAPTCHA and the Google<a href=\"https:\/\/policies.google.com\/privacy\" target=\"_blank\" rel=\"noopener\">Privacy Policy<\/a> and<a href=\"https:\/\/policies.google.com\/terms\" target=\"_blank\" rel=\"noopener\">Terms of Service<\/a> apply.<\/p>\n\t\t\n<style>\n#text-2987757247 {\n  font-size: 0.75rem;\n}\n<\/style>\n\t<\/div>\n\t\n\n\t\t<\/div>\n\t\t\t\t\t<\/div>\n\n\t\n\n\t<div id=\"col-264942152\" class=\"col medium-1 small-12 large-1\"  >\n\t\t\t\t<div class=\"col-inner\"  >\n\t\t\t\n\t\t\t\n\n\n\t\t<\/div>\n\t\t\t\t\t<\/div>\n\n\t\n\n\t<div id=\"col-1064191797\" class=\"col medium-5 small-12 large-5\"  >\n\t\t\t\t<div class=\"col-inner\"  >\n\t\t\t\n\t\t\t\n\n<a href=\"tel:+41719876151\" class=\"button primary is-xlarge\" >\n\t<i class=\"icon-phone\" aria-hidden=\"true\"><\/i>\t<span>+41 (0) 71 987 61 51<\/span>\n\t<\/a>\n\n\n<p>Lun-Jeu: 07:30-12:00 \/ 13:30-17:15<br \/>Ven: 07:30-12:00 \/ 13:30-16:30<\/p>\n\t<div id=\"gap-1352689879\" class=\"gap-element clearfix\" style=\"display:block; height:auto;\">\n\t\t\n<style>\n#gap-1352689879 {\n  padding-top: 30px;\n}\n<\/style>\n\t<\/div>\n\t\n\n<div class=\"row align-middle\"  id=\"row-1754571189\">\n\n\n\t<div id=\"col-254973569\" class=\"col medium-4 small-12 large-4\"  >\n\t\t\t\t<div class=\"col-inner\"  >\n\t\t\t\n\t\t\t\n\n\t<div class=\"img has-hover x md-x lg-x y md-y lg-y\" id=\"image_268390316\">\n\t\t\t\t\t\t\t\t<div class=\"img-inner dark\" >\n\t\t\t<img loading=\"lazy\" decoding=\"async\" width=\"996\" height=\"1024\" src=\"https:\/\/www.lindner.ch\/wp-content\/uploads\/2022\/04\/Anouchka_Lindner_Suisse-996x1024.jpg\" class=\"attachment-large size-large\" alt=\"\" srcset=\"https:\/\/www.lindner.ch\/wp-content\/uploads\/2022\/04\/Anouchka_Lindner_Suisse-996x1024.jpg 996w, https:\/\/www.lindner.ch\/wp-content\/uploads\/2022\/04\/Anouchka_Lindner_Suisse-292x300.jpg 292w, https:\/\/www.lindner.ch\/wp-content\/uploads\/2022\/04\/Anouchka_Lindner_Suisse-768x790.jpg 768w, https:\/\/www.lindner.ch\/wp-content\/uploads\/2022\/04\/Anouchka_Lindner_Suisse.jpg 1000w\" sizes=\"auto, (max-width: 996px) 100vw, 996px\" \/>\t\t\t\t\t\t\n\t\t\t\t\t<\/div>\n\t\t\t\t\t\t\t\t\n<style>\n#image_268390316 {\n  width: 100%;\n}\n<\/style>\n\t<\/div>\n\t\n\n\n\t\t<\/div>\n\t\t\t\t\t<\/div>\n\n\t\n\n\t<div id=\"col-2139362259\" class=\"col medium-6 small-12 large-6\"  >\n\t\t\t\t<div class=\"col-inner\"  >\n\t\t\t\n\t\t\t\n\n<h3>Anouchka Lan Kam<\/h3>\n<p>Conseill\u00e8re de vente<\/p>\n\n\t\t<\/div>\n\t\t\t\t\t<\/div>\n\n\t\n\n<\/div>\n<div class=\"row align-middle\"  id=\"row-733189600\">\n\n\n\t<div id=\"col-136689293\" class=\"col medium-4 small-12 large-4\"  >\n\t\t\t\t<div class=\"col-inner\"  >\n\t\t\t\n\t\t\t\n\n\n\t\t<\/div>\n\t\t\t\t\t<\/div>\n\n\t\n\n\t<div id=\"col-1151771487\" class=\"col medium-6 small-12 large-6\"  >\n\t\t\t\t<div class=\"col-inner\"  >\n\t\t\t\n\t\t\t\n\n\n\t\t<\/div>\n\t\t\t\t\t<\/div>\n\n\t\n\n<\/div>\n<div class=\"row align-middle\"  id=\"row-1254903387\">\n\n\n<\/div>\n<div class=\"row align-middle\"  id=\"row-446268208\">\n\n\n\t<div id=\"col-1753453970\" class=\"col medium-4 small-12 large-4\"  >\n\t\t\t\t<div class=\"col-inner\"  >\n\t\t\t\n\t\t\t\n\n\n\t\t<\/div>\n\t\t\t\t\t<\/div>\n\n\t\n\n\t<div id=\"col-1118357828\" class=\"col medium-6 small-12 large-6\"  >\n\t\t\t\t<div class=\"col-inner\"  >\n\t\t\t\n\t\t\t\n\n\n\t\t<\/div>\n\t\t\t\t\t<\/div>\n\n\t\n\n<\/div>\n\n\t\t<\/div>\n\t\t\t\t\t<\/div>\n\n\t\n\n<\/div>\n\t\t<\/div>\n\t\t\t\t\t<\/div>\n\n\t\n<\/div>\n\t\t<\/div>\n\t\t\t\t\t<\/div>\n\n\t\n<\/div>\n","protected":false},"excerpt":{"rendered":"","protected":false},"author":2,"featured_media":0,"parent":1374,"menu_order":0,"comment_status":"closed","ping_status":"closed","template":"page-blank.php","meta":{"inline_featured_image":false,"footnotes":""},"class_list":["post-1380","page","type-page","status-publish","hentry"],"_links":{"self":[{"href":"https:\/\/www.lindner.ch\/fr\/wp-json\/wp\/v2\/pages\/1380","targetHints":{"allow":["GET"]}}],"collection":[{"href":"https:\/\/www.lindner.ch\/fr\/wp-json\/wp\/v2\/pages"}],"about":[{"href":"https:\/\/www.lindner.ch\/fr\/wp-json\/wp\/v2\/types\/page"}],"author":[{"embeddable":true,"href":"https:\/\/www.lindner.ch\/fr\/wp-json\/wp\/v2\/users\/2"}],"replies":[{"embeddable":true,"href":"https:\/\/www.lindner.ch\/fr\/wp-json\/wp\/v2\/comments?post=1380"}],"version-history":[{"count":17,"href":"https:\/\/www.lindner.ch\/fr\/wp-json\/wp\/v2\/pages\/1380\/revisions"}],"predecessor-version":[{"id":6519,"href":"https:\/\/www.lindner.ch\/fr\/wp-json\/wp\/v2\/pages\/1380\/revisions\/6519"}],"up":[{"embeddable":true,"href":"https:\/\/www.lindner.ch\/fr\/wp-json\/wp\/v2\/pages\/1374"}],"wp:attachment":[{"href":"https:\/\/www.lindner.ch\/fr\/wp-json\/wp\/v2\/media?parent=1380"}],"curies":[{"name":"wp","href":"https:\/\/api.w.org\/{rel}","templated":true}]}}