{"id":1405,"date":"2020-10-23T21:18:29","date_gmt":"2020-10-23T19:18:29","guid":{"rendered":"https:\/\/wp.lindner.ch\/a-propos-de-nous\/"},"modified":"2026-03-16T16:05:12","modified_gmt":"2026-03-16T15:05:12","slug":"a-propos-de-nous","status":"publish","type":"page","link":"https:\/\/www.lindner.ch\/fr\/a-propos-de-nous\/","title":{"rendered":"A propos de nous"},"content":{"rendered":"\n  <div class=\"banner has-hover banner_border_ueber-uns has-parallax\" id=\"banner-1332072018\">\n          <div class=\"banner-inner fill\">\n        <div class=\"banner-bg fill\" data-parallax=\"-3\" data-parallax-container=\".banner\" data-parallax-background>\n            <img loading=\"lazy\" decoding=\"async\" width=\"1024\" height=\"261\" src=\"https:\/\/www.lindner.ch\/wp-content\/uploads\/2020\/11\/ueber-uns.jpg\" class=\"bg attachment-original size-original\" alt=\"\" \/>                                    \n                    <\/div>\n\t\t\n        <div class=\"banner-layers container\">\n            <div class=\"fill banner-link\"><\/div>            \n\n\n        <\/div>\n      <\/div>\n\n            \n<style>\n#banner-1332072018 {\n  padding-top: 200px;\n  background-color: rgb(29, 41, 52);\n}\n#banner-1332072018 .banner-bg img {\n  object-position: 44% 69%;\n}\n<\/style>\n  <\/div>\n\n\n\t<div id=\"gap-1924119266\" class=\"gap-element clearfix\" style=\"display:block; height:auto;\">\n\t\t\n<style>\n#gap-1924119266 {\n  padding-top: 30px;\n}\n<\/style>\n\t<\/div>\n\t\n<div class=\"row\"  id=\"row-912602775\">\n\n\t<div id=\"col-931816249\" class=\"col medium-3 small-12 large-3 col-divided\"  >\n\t\t\t\t<div class=\"col-inner\"  >\n\t\t\t\n\t\t\t\n<div class=\"menu-ueber-uns-franzoesisch-container\"><ul id=\"menu-ueber-uns-franzoesisch\" class=\"sb_navigation_ueber-uns\"><li id=\"menu-item-1439\" class=\"menu-item menu-item-type-post_type menu-item-object-page menu-item-has-children menu-item-1439\"><a href=\"https:\/\/www.lindner.ch\/fr\/a-propos-de-nous\/\">A propos de nous<\/a>\n<ul class=\"sub-menu\">\n\t<li id=\"menu-item-1440\" class=\"menu-item menu-item-type-taxonomy menu-item-object-category menu-item-1440\"><a href=\"https:\/\/www.lindner.ch\/fr\/news\/news\/\">News<\/a><\/li>\n\t<li id=\"menu-item-1441\" class=\"menu-item menu-item-type-post_type menu-item-object-page menu-item-1441\"><a href=\"https:\/\/www.lindner.ch\/fr\/a-propos-de-nous\/lequipe\/\">L\u2019\u00e9quipe<\/a><\/li>\n\t<li id=\"menu-item-4042\" class=\"menu-item menu-item-type-post_type menu-item-object-page menu-item-4042\"><a href=\"https:\/\/www.lindner.ch\/fr\/a-propos-de-nous\/offres-demploi-chez-lindner-suisse\/\">Offres d\u2019emploi chez Lindner Suisse<\/a><\/li>\n<\/ul>\n<\/li>\n<li id=\"menu-item-6375\" class=\"menu-item menu-item-type-post_type menu-item-object-page menu-item-6375\"><a href=\"https:\/\/www.lindner.ch\/fr\/le-developpement-durable-agenda-2030\/\">Le d\u00e9veloppement durable \/ Agenda 2030<\/a><\/li>\n<li id=\"menu-item-1445\" class=\"menu-item menu-item-type-post_type menu-item-object-page menu-item-1445\"><a href=\"https:\/\/www.lindner.ch\/fr\/certificats\/\">Certificats<\/a><\/li>\n<li id=\"menu-item-1444\" class=\"menu-item menu-item-type-post_type menu-item-object-page menu-item-1444\"><a href=\"https:\/\/www.lindner.ch\/fr\/presse-medias-2\/\">Presse\/M\u00e9dias<\/a><\/li>\n<li id=\"menu-item-1446\" class=\"menu-item menu-item-type-post_type menu-item-object-page menu-item-1446\"><a href=\"https:\/\/www.lindner.ch\/fr\/newsletter\/\">Newsletter<\/a><\/li>\n<li id=\"menu-item-3482\" class=\"menu-item menu-item-type-post_type menu-item-object-page menu-item-3482\"><a href=\"https:\/\/www.lindner.ch\/fr\/impressum\/\">Impressum<\/a><\/li>\n<li id=\"menu-item-3483\" class=\"menu-item menu-item-type-post_type menu-item-object-page menu-item-3483\"><a href=\"https:\/\/www.lindner.ch\/fr\/cgv\/\">CGV<\/a><\/li>\n<li id=\"menu-item-1443\" class=\"menu-item menu-item-type-post_type menu-item-object-page menu-item-1443\"><a href=\"https:\/\/www.lindner.ch\/fr\/contact\/\">Contact<\/a><\/li>\n<\/ul><\/div>\n\t\t<\/div>\n\t\t\t\t\t<\/div>\n\n\t\n\n\t<div id=\"col-1804443938\" class=\"col medium-9 small-12 large-9\"  >\n\t\t\t\t<div class=\"col-inner\"  >\n\t\t\t\n\t\t\t\n<div class=\"row\"  id=\"row-899804868\">\n\n\t<div id=\"col-1638215294\" class=\"col medium-9 small-12 large-9\"  >\n\t\t\t\t<div class=\"col-inner\"  >\n\t\t\t\n\t\t\t\n<h1>Lindner Suisse se pr\u00e9sente<\/h1>\n<p>Lindner Suisse d\u00e9veloppe et fabrique des nombreux produits sp\u00e9ciaux en laine de bois suisse : des g\u00e9otextiles en laine de bois pour la protection contre l\u2019\u00e9rosion et le drainage dans l\u2019am\u00e9nagement de l\u2019infrastructure, de jardin et de paysage, pour le snowfarming, pour l\u2019hygi\u00e8ne animale, comme allume-feu ou comme mat\u00e9riau d\u2019emballage.<\/p>\n<p>En outre, nous produisons des chips de calage de haute qualit\u00e9 et sommes votre interlocuteur pour une grande gamme des produits d\u2019emballage pour vos besoins individuels (films \u00e9tirables, manuels et pour machines, films \u00e0 bulles d\u2019air, films mousse en poly\u00e9thyl\u00e8ne et bien plus encore).<br \/><a href=\"https:\/\/www.lindner.ch\/files\/content\/Downloads_Werbeflyer\/Lindner%20Suisse_pr%C3%A9sentation_laine%20de%20bois.pdf\"><strong>Courte pr\u00e9sentation \/ Flyer \u00ab\u00a0Laine de bois\u00a0\u00bb (fichier PDF)<\/strong><\/a><br \/><a href=\"https:\/\/www.lindner.ch\/files\/content\/Downloads_Werbeflyer\/Lindner%20Suisse_pr%C3%A9sentation_emballage.pdf\"><strong>Courte pr\u00e9sentation \/ Flyer \u00ab\u00a0Emballage\u00a0\u00bb (fichier PDF)<\/strong><\/a><\/p>\n<p><strong>Les comp\u00e9tences cl\u00e9s de Lindner Suisse:<\/strong><\/p>\n<ul>\n<li>Production et distribution d&rsquo;articles sp\u00e9ciaux en laine de bois Howolis<\/li>\n<li>Production et distribution de chips de calage<\/li>\n<li>Distribution de mat\u00e9riau et moyens d\u2019emballage<\/li>\n<\/ul>\n<p><strong>Les garanties de Lindner Suisse:<\/strong><\/p>\n<ul>\n<li>des produits de qualit\u00e9 suisse (produits conform\u00e9ment au Standard Suisse de la laine de bois)<\/li>\n<li>des solutions personnalis\u00e9es, durables et \u00e9conomiques<\/li>\n<li>des conditions \u00e9quitables<\/li>\n<li>des collaborateurs exp\u00e9riment\u00e9s comme personne de contact<\/li>\n<\/ul>\n<p>Pour toute question concernant les solutions les plus \u00e9conomiques pour vous en mati\u00e8re de laine de bois de qualit\u00e9 et de mat\u00e9riel d&#8217;emballage, nous nous ferons un plaisir de vous conseiller. Car la qualit\u00e9 cr\u00e9e de la confiance.<\/p>\n<div class=\"video video-fit mb box-shadow-1\" style=\"padding-top:56.25%;\"><p><iframe loading=\"lazy\" title=\"Lindner Suisse GmbH -- Corporate Film\" width=\"1020\" height=\"574\" src=\"https:\/\/www.youtube.com\/embed\/KP3MHHLfv6U?feature=oembed\" frameborder=\"0\" allow=\"accelerometer; autoplay; clipboard-write; encrypted-media; gyroscope; picture-in-picture\" allowfullscreen><\/iframe><\/p>\n<\/div>\n\t\t<\/div>\n\t\t\t\t\t<\/div>\n\n\t\n\n\t<div id=\"col-114757776\" class=\"col medium-3 small-12 large-3\"  >\n\t\t\t\t<div class=\"col-inner\"  >\n\t\t\t\n\t\t\t\n\t<div class=\"img has-hover x md-x lg-x y md-y lg-y\" id=\"image_797167993\">\n\t\t\t\t\t\t\t\t<div class=\"img-inner box-shadow-1 dark\" >\n\t\t\t<img loading=\"lazy\" decoding=\"async\" width=\"371\" height=\"1024\" src=\"https:\/\/www.lindner.ch\/wp-content\/uploads\/2023\/05\/Lindner_Slogan_FR.jpg\" class=\"attachment-large size-large\" alt=\"\" srcset=\"https:\/\/www.lindner.ch\/wp-content\/uploads\/2023\/05\/Lindner_Slogan_FR.jpg 371w, https:\/\/www.lindner.ch\/wp-content\/uploads\/2023\/05\/Lindner_Slogan_FR-109x300.jpg 109w\" sizes=\"auto, (max-width: 371px) 100vw, 371px\" \/>\t\t\t\t\t\t\n\t\t\t\t\t<\/div>\n\t\t\t\t\t\t\t\t\n<style>\n#image_797167993 {\n  width: 100%;\n}\n<\/style>\n\t<\/div>\n\t\n\t\t<\/div>\n\t\t\t\t\t<\/div>\n\n\t\n<\/div>\n\t\t<\/div>\n\t\t\t\t\t<\/div>\n\n\t\n<\/div>\n","protected":false},"excerpt":{"rendered":"","protected":false},"author":2,"featured_media":0,"parent":0,"menu_order":0,"comment_status":"closed","ping_status":"closed","template":"","meta":{"inline_featured_image":false,"footnotes":""},"class_list":["post-1405","page","type-page","status-publish","hentry"],"_links":{"self":[{"href":"https:\/\/www.lindner.ch\/fr\/wp-json\/wp\/v2\/pages\/1405","targetHints":{"allow":["GET"]}}],"collection":[{"href":"https:\/\/www.lindner.ch\/fr\/wp-json\/wp\/v2\/pages"}],"about":[{"href":"https:\/\/www.lindner.ch\/fr\/wp-json\/wp\/v2\/types\/page"}],"author":[{"embeddable":true,"href":"https:\/\/www.lindner.ch\/fr\/wp-json\/wp\/v2\/users\/2"}],"replies":[{"embeddable":true,"href":"https:\/\/www.lindner.ch\/fr\/wp-json\/wp\/v2\/comments?post=1405"}],"version-history":[{"count":24,"href":"https:\/\/www.lindner.ch\/fr\/wp-json\/wp\/v2\/pages\/1405\/revisions"}],"predecessor-version":[{"id":8816,"href":"https:\/\/www.lindner.ch\/fr\/wp-json\/wp\/v2\/pages\/1405\/revisions\/8816"}],"wp:attachment":[{"href":"https:\/\/www.lindner.ch\/fr\/wp-json\/wp\/v2\/media?parent=1405"}],"curies":[{"name":"wp","href":"https:\/\/api.w.org\/{rel}","templated":true}]}}