{"id":1413,"date":"2020-10-23T21:21:19","date_gmt":"2020-10-23T19:21:19","guid":{"rendered":"https:\/\/wp.lindner.ch\/a-propos-de-nous\/lequipe\/"},"modified":"2026-01-09T08:07:48","modified_gmt":"2026-01-09T07:07:48","slug":"lequipe","status":"publish","type":"page","link":"https:\/\/www.lindner.ch\/fr\/a-propos-de-nous\/lequipe\/","title":{"rendered":"L\u2019\u00e9quipe"},"content":{"rendered":"\n  <div class=\"banner has-hover banner_border_ueber-uns has-parallax\" id=\"banner-2127595239\">\n          <div class=\"banner-inner fill\">\n        <div class=\"banner-bg fill\" data-parallax=\"-3\" data-parallax-container=\".banner\" data-parallax-background>\n            <img loading=\"lazy\" decoding=\"async\" width=\"1024\" height=\"261\" src=\"https:\/\/www.lindner.ch\/wp-content\/uploads\/2020\/11\/ueber-uns.jpg\" class=\"bg attachment-original size-original\" alt=\"\" \/>                                    \n                    <\/div>\n\t\t\n        <div class=\"banner-layers container\">\n            <div class=\"fill banner-link\"><\/div>            \n\n\n        <\/div>\n      <\/div>\n\n            \n<style>\n#banner-2127595239 {\n  padding-top: 200px;\n  background-color: rgb(29, 41, 52);\n}\n#banner-2127595239 .banner-bg img {\n  object-position: 44% 69%;\n}\n<\/style>\n  <\/div>\n\n\n\t<div id=\"gap-1792825433\" class=\"gap-element clearfix\" style=\"display:block; height:auto;\">\n\t\t\n<style>\n#gap-1792825433 {\n  padding-top: 30px;\n}\n<\/style>\n\t<\/div>\n\t\n<div class=\"row\"  id=\"row-1897181394\">\n\n\t<div id=\"col-1678202556\" class=\"col medium-3 small-12 large-3 col-divided\"  >\n\t\t\t\t<div class=\"col-inner\"  >\n\t\t\t\n\t\t\t\n<div class=\"menu-ueber-uns-franzoesisch-container\"><ul id=\"menu-ueber-uns-franzoesisch\" class=\"sb_navigation_ueber-uns\"><li id=\"menu-item-1439\" class=\"menu-item menu-item-type-post_type menu-item-object-page menu-item-has-children menu-item-1439\"><a href=\"https:\/\/www.lindner.ch\/fr\/a-propos-de-nous\/\">A propos de nous<\/a>\n<ul class=\"sub-menu\">\n\t<li id=\"menu-item-1440\" class=\"menu-item menu-item-type-taxonomy menu-item-object-category menu-item-1440\"><a href=\"https:\/\/www.lindner.ch\/fr\/news\/news\/\">News<\/a><\/li>\n\t<li id=\"menu-item-1441\" class=\"menu-item menu-item-type-post_type menu-item-object-page menu-item-1441\"><a href=\"https:\/\/www.lindner.ch\/fr\/a-propos-de-nous\/lequipe\/\">L\u2019\u00e9quipe<\/a><\/li>\n\t<li id=\"menu-item-4042\" class=\"menu-item menu-item-type-post_type menu-item-object-page menu-item-4042\"><a href=\"https:\/\/www.lindner.ch\/fr\/a-propos-de-nous\/offres-demploi-chez-lindner-suisse\/\">Offres d\u2019emploi chez Lindner Suisse<\/a><\/li>\n<\/ul>\n<\/li>\n<li id=\"menu-item-6375\" class=\"menu-item menu-item-type-post_type menu-item-object-page menu-item-6375\"><a href=\"https:\/\/www.lindner.ch\/fr\/le-developpement-durable-agenda-2030\/\">Le d\u00e9veloppement durable \/ Agenda 2030<\/a><\/li>\n<li id=\"menu-item-1445\" class=\"menu-item menu-item-type-post_type menu-item-object-page menu-item-1445\"><a href=\"https:\/\/www.lindner.ch\/fr\/certificats\/\">Certificats<\/a><\/li>\n<li id=\"menu-item-1444\" class=\"menu-item menu-item-type-post_type menu-item-object-page menu-item-1444\"><a href=\"https:\/\/www.lindner.ch\/fr\/presse-medias-2\/\">Presse\/M\u00e9dias<\/a><\/li>\n<li id=\"menu-item-1446\" class=\"menu-item menu-item-type-post_type menu-item-object-page menu-item-1446\"><a href=\"https:\/\/www.lindner.ch\/fr\/newsletter\/\">Newsletter<\/a><\/li>\n<li id=\"menu-item-3482\" class=\"menu-item menu-item-type-post_type menu-item-object-page menu-item-3482\"><a href=\"https:\/\/www.lindner.ch\/fr\/impressum\/\">Impressum<\/a><\/li>\n<li id=\"menu-item-3483\" class=\"menu-item menu-item-type-post_type menu-item-object-page menu-item-3483\"><a href=\"https:\/\/www.lindner.ch\/fr\/cgv\/\">CGV<\/a><\/li>\n<li id=\"menu-item-1443\" class=\"menu-item menu-item-type-post_type menu-item-object-page menu-item-1443\"><a href=\"https:\/\/www.lindner.ch\/fr\/contact\/\">Contact<\/a><\/li>\n<\/ul><\/div>\n\t\t<\/div>\n\t\t\t\t\t<\/div>\n\n\t\n\n\t<div id=\"col-59714673\" class=\"col medium-9 small-12 large-9\"  >\n\t\t\t\t<div class=\"col-inner\"  >\n\t\t\t\n\t\t\t\n<h1>L\u2019\u00e9quipe<\/h1>\n<p>L\u2019\u00e9quipe de Lindner Suisse se tient volontiers \u00e0 votre enti\u00e8re disposition pour vous conseiller et vous renseigner.<\/p>\n<p>Pascal W\u00e4spi et son \u00e9quipe de production<br \/>Anouchka Lan Kam, service client et vente<br \/>Gabriela G\u00f6tte, marketing<br \/>Thomas Wildberger, Directeur G\u00e9n\u00e9ral<br \/>Jana Wildberger, marketing et affaires juridiques<br \/>Ramon Wildberger, Assistant de la Direction<\/p>\n<p>Nous nous r\u00e9jouissons de vous entendre &#8230;<\/p>\n\t\t<\/div>\n\t\t\t\t\t<\/div>\n\n\t\n<\/div>\n","protected":false},"excerpt":{"rendered":"","protected":false},"author":2,"featured_media":0,"parent":1405,"menu_order":0,"comment_status":"closed","ping_status":"closed","template":"","meta":{"inline_featured_image":false,"footnotes":""},"class_list":["post-1413","page","type-page","status-publish","hentry"],"_links":{"self":[{"href":"https:\/\/www.lindner.ch\/fr\/wp-json\/wp\/v2\/pages\/1413","targetHints":{"allow":["GET"]}}],"collection":[{"href":"https:\/\/www.lindner.ch\/fr\/wp-json\/wp\/v2\/pages"}],"about":[{"href":"https:\/\/www.lindner.ch\/fr\/wp-json\/wp\/v2\/types\/page"}],"author":[{"embeddable":true,"href":"https:\/\/www.lindner.ch\/fr\/wp-json\/wp\/v2\/users\/2"}],"replies":[{"embeddable":true,"href":"https:\/\/www.lindner.ch\/fr\/wp-json\/wp\/v2\/comments?post=1413"}],"version-history":[{"count":31,"href":"https:\/\/www.lindner.ch\/fr\/wp-json\/wp\/v2\/pages\/1413\/revisions"}],"predecessor-version":[{"id":8706,"href":"https:\/\/www.lindner.ch\/fr\/wp-json\/wp\/v2\/pages\/1413\/revisions\/8706"}],"up":[{"embeddable":true,"href":"https:\/\/www.lindner.ch\/fr\/wp-json\/wp\/v2\/pages\/1405"}],"wp:attachment":[{"href":"https:\/\/www.lindner.ch\/fr\/wp-json\/wp\/v2\/media?parent=1413"}],"curies":[{"name":"wp","href":"https:\/\/api.w.org\/{rel}","templated":true}]}}