{"id":1420,"date":"2020-10-23T21:27:35","date_gmt":"2020-10-23T19:27:35","guid":{"rendered":"https:\/\/wp.lindner.ch\/presse-medias-2\/"},"modified":"2025-12-09T15:52:15","modified_gmt":"2025-12-09T14:52:15","slug":"presse-medias-2","status":"publish","type":"page","link":"https:\/\/www.lindner.ch\/fr\/presse-medias-2\/","title":{"rendered":"Presse\/M\u00e9dias"},"content":{"rendered":"\n  <div class=\"banner has-hover banner_border_ueber-uns has-parallax\" id=\"banner-287773520\">\n          <div class=\"banner-inner fill\">\n        <div class=\"banner-bg fill\" data-parallax=\"-3\" data-parallax-container=\".banner\" data-parallax-background>\n            <img loading=\"lazy\" decoding=\"async\" width=\"1024\" height=\"261\" src=\"https:\/\/www.lindner.ch\/wp-content\/uploads\/2020\/11\/ueber-uns.jpg\" class=\"bg attachment-original size-original\" alt=\"\" \/>                                    \n                    <\/div>\n\t\t\n        <div class=\"banner-layers container\">\n            <div class=\"fill banner-link\"><\/div>            \n\n\n        <\/div>\n      <\/div>\n\n            \n<style>\n#banner-287773520 {\n  padding-top: 200px;\n  background-color: rgb(29, 41, 52);\n}\n#banner-287773520 .banner-bg img {\n  object-position: 44% 69%;\n}\n<\/style>\n  <\/div>\n\n\n\t<div id=\"gap-1774689515\" class=\"gap-element clearfix\" style=\"display:block; height:auto;\">\n\t\t\n<style>\n#gap-1774689515 {\n  padding-top: 30px;\n}\n<\/style>\n\t<\/div>\n\t\n<div class=\"row\"  id=\"row-477120158\">\n\n\t<div id=\"col-1193814969\" class=\"col medium-3 small-12 large-3 col-divided\"  >\n\t\t\t\t<div class=\"col-inner\"  >\n\t\t\t\n\t\t\t\n<div class=\"menu-ueber-uns-franzoesisch-container\"><ul id=\"menu-ueber-uns-franzoesisch\" class=\"sb_navigation_ueber-uns\"><li id=\"menu-item-1439\" class=\"menu-item menu-item-type-post_type menu-item-object-page menu-item-has-children menu-item-1439\"><a href=\"https:\/\/www.lindner.ch\/fr\/a-propos-de-nous\/\">A propos de nous<\/a>\n<ul class=\"sub-menu\">\n\t<li id=\"menu-item-1440\" class=\"menu-item menu-item-type-taxonomy menu-item-object-category menu-item-1440\"><a href=\"https:\/\/www.lindner.ch\/fr\/news\/news\/\">News<\/a><\/li>\n\t<li id=\"menu-item-1441\" class=\"menu-item menu-item-type-post_type menu-item-object-page menu-item-1441\"><a href=\"https:\/\/www.lindner.ch\/fr\/a-propos-de-nous\/lequipe\/\">L\u2019\u00e9quipe<\/a><\/li>\n\t<li id=\"menu-item-4042\" class=\"menu-item menu-item-type-post_type menu-item-object-page menu-item-4042\"><a href=\"https:\/\/www.lindner.ch\/fr\/a-propos-de-nous\/offres-demploi-chez-lindner-suisse\/\">Offres d\u2019emploi chez Lindner Suisse<\/a><\/li>\n<\/ul>\n<\/li>\n<li id=\"menu-item-6375\" class=\"menu-item menu-item-type-post_type menu-item-object-page menu-item-6375\"><a href=\"https:\/\/www.lindner.ch\/fr\/le-developpement-durable-agenda-2030\/\">Le d\u00e9veloppement durable \/ Agenda 2030<\/a><\/li>\n<li id=\"menu-item-1445\" class=\"menu-item menu-item-type-post_type menu-item-object-page menu-item-1445\"><a href=\"https:\/\/www.lindner.ch\/fr\/certificats\/\">Certificats<\/a><\/li>\n<li id=\"menu-item-1444\" class=\"menu-item menu-item-type-post_type menu-item-object-page menu-item-1444\"><a href=\"https:\/\/www.lindner.ch\/fr\/presse-medias-2\/\">Presse\/M\u00e9dias<\/a><\/li>\n<li id=\"menu-item-1446\" class=\"menu-item menu-item-type-post_type menu-item-object-page menu-item-1446\"><a href=\"https:\/\/www.lindner.ch\/fr\/newsletter\/\">Newsletter<\/a><\/li>\n<li id=\"menu-item-3482\" class=\"menu-item menu-item-type-post_type menu-item-object-page menu-item-3482\"><a href=\"https:\/\/www.lindner.ch\/fr\/impressum\/\">Impressum<\/a><\/li>\n<li id=\"menu-item-3483\" class=\"menu-item menu-item-type-post_type menu-item-object-page menu-item-3483\"><a href=\"https:\/\/www.lindner.ch\/fr\/cgv\/\">CGV<\/a><\/li>\n<li id=\"menu-item-1443\" class=\"menu-item menu-item-type-post_type menu-item-object-page menu-item-1443\"><a href=\"https:\/\/www.lindner.ch\/fr\/contact\/\">Contact<\/a><\/li>\n<\/ul><\/div>\n\t\t<\/div>\n\t\t\t\t\t<\/div>\n\n\t\n\n\t<div id=\"col-1483506559\" class=\"col medium-9 small-12 large-9\"  >\n\t\t\t\t<div class=\"col-inner\"  >\n\t\t\t\n\t\t\t\n<h1>Presse\/M\u00e9dias<\/h1>\n<p>La liste d&rsquo;articles r\u00e9cents sur Lindner Suisse parus dans la presse est disponible ici:<\/p>\n<h3>Lindner Suisse GmbH<\/h3>\n<ul>\n<li><a href=\"https:\/\/www.lindner.ch\/files\/content\/Pressespiegel\/202205_IBS_Industrie%20du%20bois%20suisse_Lindner%20Suisse_laine%20de%20bois_frisure%20de%20bois_howolis_emballage_Label%20bois%20suisse.PDF\">IBS Industrie du bois suisse: Portrait d&rsquo;entreprise Lindner Suisse S.\u00c0.R.L.\u00a0 05-2022<\/a><\/li>\n<li><a href=\"https:\/\/www.lindner.ch\/files\/content\/Pressespiegel\/Mascarillas_con_lana_de_madera_antiseptica_Lindner_Suisse_Howolis_Plus.pdf\">Mascarillas con lana de madera antis\u00e9ptica 06-2020<\/a> (espagnol)<\/li>\n<\/ul>\n<h3>Howolis \/ G\u00e9n\u00e9ral<\/h3>\n<ul>\n<li><a href=\"https:\/\/www.lindner.ch\/files\/content\/Pressespiegel\/202510_g-plus_romandie_Lindner%20Suisse_Howolis_laine%20de%20bois_tapis%20anti-%C3%A9rosion_Label%20Bois%20Suisse.pdf\">g&rsquo;plus Romandie: La laine de bois suisse, mat\u00e9riau miracle (\u00e9tude Innosuisse) 10\/2025<\/a><\/li>\n<li><a href=\"https:\/\/www.lindner.ch\/files\/content\/Pressespiegel\/202212_GPlus_Jardin_Suisse_G22_on_tour_laine_de_bois_Howolis_Lindner%20Suisse.pdf\">g&rsquo;plus Romandie: G22 on tour &#8211; La laine de bois, un mat\u00e9riau a (re)d\u00e9couvrir 12\/2022<\/a><\/li>\n<\/ul>\n<h3>Protection contre l&rsquo;\u00e9rosion \/ Howolis<\/h3>\n<ul>\n<li><a href=\"https:\/\/www.lindner.ch\/files\/content\/Downloads_nofollow\/Nouveaut%C3%A9_Lindner%20Suisse_Howolis_machine%20textil_fils%20de%20fibres%20naturelles_cellulose.pdf\">Nouveaut\u00e9: Howolis SOLFI, Un fil en bois 11\/2023<\/a><\/li>\n<li><a href=\"https:\/\/www.lindner.ch\/files\/content\/Pressespiegel\/202207_Lignatec_ouvrages_de_protection_howolis_nattes_non_tiss%C3%A9es_laine_de_bois_anti-%C3%A9rosion_Lindner%20Suisse.pdf\">Lignatec ouvrages de protection: Nattes de protection non tiss\u00e9es en laine de bois 07\/2022<\/a><\/li>\n<li><a href=\"https:\/\/www.lindner.ch\/files\/content\/Pressespiegel\/201911_die_baustellen_Lindner_Suisse_KTI_Innosuisse_etude_laine%20de%20bois_Howolis_tapis%20anti-erosion_FHGR_f.pdf\">\u00ab\u00a0die baustellen\u00a0\u00bb: Une protection durable contre l&rsquo;\u00e9rosion gr\u00e2ce \u00e0 la laine de bois (\u00e9tude KTI-Innosuisse) 11\/2019<\/a><\/li>\n<li><a href=\"https:\/\/www.lindner.ch\/files\/content\/Pressespiegel\/201606_Lindner_Suisse_Howolis_laine_de_bois_protection_anti-erosion.pdf\">Lindner Suisse: Howolis laine de bois prot\u00e9ction anti-\u00e9rosion nouveau funiculaire stoos 06\/2016<\/a><\/li>\n<li><a href=\"https:\/\/www.lindner.ch\/files\/content\/Pressespiegel\/201506_Lindner%20Suisse_Howolis_genie%20biologique_ingegneria%20naturalistica_Bafu.pdf\">Ingenieurbiologie : La laine de bois naturelle pour la stabilisation de pente 03-2014<\/a><\/li>\n<\/ul>\n<h3>Fascines \/ Howolis<\/h3>\n<ul>\n<li><a href=\"https:\/\/www.lindner.ch\/files\/content\/Downloads_Werbeflyer\/201708_Lindner_Suisse_Howolis_laine%20de%20bois_Q-fascine_protection%20naturelle_renaturation_PetriHeil_fr.pdf\">Lindner Suisse: Howolis Q-fascines \/ Renaturalis\u00e9 avec succ\u00e8s \u00ab\u00a0Petri Heil\u00a0\u00bb 09\/2017<\/a><\/li>\n<li><a href=\"https:\/\/www.lindner.ch\/files\/content\/Pressespiegel\/201601_Lindner_Suisse_Howolis_fascines%20en%20laine%20de%20bois_Label%20bois%20suisse_g%C3%A9nie%20hydraulique_holzwolle_faschinen_wasserbau.pdf\">Lindner Suisse : Howolis Fascines en laine de bois 03-2016<\/a><\/li>\n<\/ul>\n<h3>Drainage \/ Howolis<\/h3>\n<ul>\n<li><a href=\"https:\/\/www.lindner.ch\/files\/content\/Pressespiegel\/202103_die-baustellen_fachbau_Howolis_Filter-Holzwolle_Gletscher_Glacier_Lindner%20Suisse_Theiler%20Ingenieure_IBAR_BAFU.pdf\">Die Baustellen: Filter-Holzwolle f\u00fcr Durchfluss im Gletscher 03-2021<\/a><\/li>\n<\/ul>\n<h3>Tapis de mulch \/ Howolis<\/h3>\n<ul>\n<li><a href=\"https:\/\/www.lindner.ch\/files\/content\/Pressespiegel\/201601_Lindner_Suisse_Howolis_Tapis_de_mulch_viticulture_jeunes_plants_de_vigne.pdf\">Lindner Suisse :\u00a0Des conditions de d\u00e9part optimales pour les jeunes plants de vigne 01-2016<\/a><\/li>\n<\/ul>\n<h3>Hygi\u00e8ne animale \/ agroclean\u00ae<\/h3>\n<ul>\n<li><a href=\"https:\/\/www.lindner.ch\/files\/content\/Pressespiegel\/agroclean_methode%20de%20nettoyage_aine%20de%20bois_Lindner%20Suisse.pdf\">Klauentierpraxis : Publication de l&rsquo;\u00e9tude\u00a0\u00abComparaison du papier et de la laine de bois pour nettoyer les pis\u00bb 10-2015<\/a><\/li>\n<li><a href=\"https:\/\/www.lindner.ch\/files\/content\/Downloads_Produktinformationen\/agroclean_etude_laine%20de%20bois.pdf\">\u00e9tude agroclean no 1 : Temps de traite r\u00e9duit et des vaches heureuse<\/a><\/li>\n<li><a href=\"https:\/\/www.lindner.ch\/files\/content\/Downloads_Produktinformationen\/agroclean_lain%20de%20bois_etude_Lindner%20Suisse.pdf\">\u00e9tude agroclean no 2 : Simplifier l&rsquo;hygi\u00e8ne de traite<\/a><\/li>\n<\/ul>\n<h3>B\u00e2tonnets allume-feu \/ Flamtastic<\/h3>\n<ul>\n<li><a href=\"https:\/\/www.lindner.ch\/files\/content\/Pressespiegel\/201505_Lindner_Suisse_Grace%20a%20lallume_feu_Flamstatic_fabrique%20en%20Suisse_new.pdf\">Lindner Suisse : Allume feu en laine de bois \u00abFlamtastic\u00bb \u2013 fabriqu\u00e9 en Suisse 05\/2015<\/a><\/li>\n<\/ul>\n<h3>Emballages<\/h3>\n<ul>\n<li><a href=\"https:\/\/www.lindner.ch\/files\/content\/Downloads_Werbeflyer\/042016_Lindner_Suisse_la%20paille%20de%20bois%20pour%20les%20fruits.pdf\">Lindner Suisse: La paille de bois pour les fruits &#8211; fruits et legumes 04-2016<\/a><\/li>\n<\/ul>\n\t\t<\/div>\n\t\t\t\t\t<\/div>\n\n\t\n<\/div>\n","protected":false},"excerpt":{"rendered":"","protected":false},"author":2,"featured_media":0,"parent":0,"menu_order":0,"comment_status":"closed","ping_status":"closed","template":"","meta":{"inline_featured_image":false,"footnotes":""},"class_list":["post-1420","page","type-page","status-publish","hentry"],"_links":{"self":[{"href":"https:\/\/www.lindner.ch\/fr\/wp-json\/wp\/v2\/pages\/1420","targetHints":{"allow":["GET"]}}],"collection":[{"href":"https:\/\/www.lindner.ch\/fr\/wp-json\/wp\/v2\/pages"}],"about":[{"href":"https:\/\/www.lindner.ch\/fr\/wp-json\/wp\/v2\/types\/page"}],"author":[{"embeddable":true,"href":"https:\/\/www.lindner.ch\/fr\/wp-json\/wp\/v2\/users\/2"}],"replies":[{"embeddable":true,"href":"https:\/\/www.lindner.ch\/fr\/wp-json\/wp\/v2\/comments?post=1420"}],"version-history":[{"count":30,"href":"https:\/\/www.lindner.ch\/fr\/wp-json\/wp\/v2\/pages\/1420\/revisions"}],"predecessor-version":[{"id":8663,"href":"https:\/\/www.lindner.ch\/fr\/wp-json\/wp\/v2\/pages\/1420\/revisions\/8663"}],"wp:attachment":[{"href":"https:\/\/www.lindner.ch\/fr\/wp-json\/wp\/v2\/media?parent=1420"}],"curies":[{"name":"wp","href":"https:\/\/api.w.org\/{rel}","templated":true}]}}