{"id":1425,"date":"2020-10-23T21:29:21","date_gmt":"2020-10-23T19:29:21","guid":{"rendered":"https:\/\/wp.lindner.ch\/newsletter\/"},"modified":"2021-01-07T20:58:44","modified_gmt":"2021-01-07T19:58:44","slug":"newsletter","status":"publish","type":"page","link":"https:\/\/www.lindner.ch\/fr\/newsletter\/","title":{"rendered":"Newsletter"},"content":{"rendered":"\n  <div class=\"banner has-hover banner_border_ueber-uns has-parallax\" id=\"banner-1153131600\">\n          <div class=\"banner-inner fill\">\n        <div class=\"banner-bg fill\" data-parallax=\"-3\" data-parallax-container=\".banner\" data-parallax-background>\n            <img loading=\"lazy\" decoding=\"async\" width=\"1024\" height=\"261\" src=\"https:\/\/www.lindner.ch\/wp-content\/uploads\/2020\/11\/ueber-uns.jpg\" class=\"bg attachment-original size-original\" alt=\"\" \/>                                    \n                    <\/div>\n\t\t\n        <div class=\"banner-layers container\">\n            <div class=\"fill banner-link\"><\/div>            \n\n\n        <\/div>\n      <\/div>\n\n            \n<style>\n#banner-1153131600 {\n  padding-top: 200px;\n  background-color: rgb(29, 41, 52);\n}\n#banner-1153131600 .banner-bg img {\n  object-position: 44% 69%;\n}\n<\/style>\n  <\/div>\n\n\n\t<div id=\"gap-566488437\" class=\"gap-element clearfix\" style=\"display:block; height:auto;\">\n\t\t\n<style>\n#gap-566488437 {\n  padding-top: 30px;\n}\n<\/style>\n\t<\/div>\n\t\n<div class=\"row\"  id=\"row-530447603\">\n\n\t<div id=\"col-1888295724\" class=\"col medium-3 small-12 large-3 col-divided\"  >\n\t\t\t\t<div class=\"col-inner\"  >\n\t\t\t\n\t\t\t\n<div class=\"menu-ueber-uns-franzoesisch-container\"><ul id=\"menu-ueber-uns-franzoesisch\" class=\"sb_navigation_ueber-uns\"><li id=\"menu-item-1439\" class=\"menu-item menu-item-type-post_type menu-item-object-page menu-item-has-children menu-item-1439\"><a href=\"https:\/\/www.lindner.ch\/fr\/a-propos-de-nous\/\">A propos de nous<\/a>\n<ul class=\"sub-menu\">\n\t<li id=\"menu-item-1440\" class=\"menu-item menu-item-type-taxonomy menu-item-object-category menu-item-1440\"><a href=\"https:\/\/www.lindner.ch\/fr\/news\/news\/\">News<\/a><\/li>\n\t<li id=\"menu-item-1441\" class=\"menu-item menu-item-type-post_type menu-item-object-page menu-item-1441\"><a href=\"https:\/\/www.lindner.ch\/fr\/a-propos-de-nous\/lequipe\/\">L\u2019\u00e9quipe<\/a><\/li>\n\t<li id=\"menu-item-4042\" class=\"menu-item menu-item-type-post_type menu-item-object-page menu-item-4042\"><a href=\"https:\/\/www.lindner.ch\/fr\/a-propos-de-nous\/offres-demploi-chez-lindner-suisse\/\">Offres d\u2019emploi chez Lindner Suisse<\/a><\/li>\n<\/ul>\n<\/li>\n<li id=\"menu-item-6375\" class=\"menu-item menu-item-type-post_type menu-item-object-page menu-item-6375\"><a href=\"https:\/\/www.lindner.ch\/fr\/le-developpement-durable-agenda-2030\/\">Le d\u00e9veloppement durable \/ Agenda 2030<\/a><\/li>\n<li id=\"menu-item-1445\" class=\"menu-item menu-item-type-post_type menu-item-object-page menu-item-1445\"><a href=\"https:\/\/www.lindner.ch\/fr\/certificats\/\">Certificats<\/a><\/li>\n<li id=\"menu-item-1444\" class=\"menu-item menu-item-type-post_type menu-item-object-page menu-item-1444\"><a href=\"https:\/\/www.lindner.ch\/fr\/presse-medias-2\/\">Presse\/M\u00e9dias<\/a><\/li>\n<li id=\"menu-item-1446\" class=\"menu-item menu-item-type-post_type menu-item-object-page menu-item-1446\"><a href=\"https:\/\/www.lindner.ch\/fr\/newsletter\/\">Newsletter<\/a><\/li>\n<li id=\"menu-item-3482\" class=\"menu-item menu-item-type-post_type menu-item-object-page menu-item-3482\"><a href=\"https:\/\/www.lindner.ch\/fr\/impressum\/\">Impressum<\/a><\/li>\n<li id=\"menu-item-3483\" class=\"menu-item menu-item-type-post_type menu-item-object-page menu-item-3483\"><a href=\"https:\/\/www.lindner.ch\/fr\/cgv\/\">CGV<\/a><\/li>\n<li id=\"menu-item-1443\" class=\"menu-item menu-item-type-post_type menu-item-object-page menu-item-1443\"><a href=\"https:\/\/www.lindner.ch\/fr\/contact\/\">Contact<\/a><\/li>\n<\/ul><\/div>\n\t\t<\/div>\n\t\t\t\t\t<\/div>\n\n\t\n\n\t<div id=\"col-30343792\" class=\"col medium-9 small-12 large-9\"  >\n\t\t\t\t<div class=\"col-inner\"  >\n\t\t\t\n\t\t\t\n<h1>Commander notre newsletter<\/h1>\n<p>Formulaire d\u2019inscription \u00e0 notre newsletter<\/p>\n<p>Vous voulez \u00eatre tenu inform\u00e9 des nouveaut\u00e9s et des promotions des produits Lindner? Alors inscrivez-vous \u00e0 notre newsletter &#8230;<\/p>\n<p>Vous recevrez rapidement un e-mail de la part de Lindner Suisse. Veuillez cliquer sur le lien contenu dans cet e-mail afin de finaliser votre inscription. Vous recevrez alors les toutes derni\u00e8res informations!<\/p>\n<p>Si vous n&rsquo;avez pas re\u00e7u d&rsquo;e-mail de notre part dans les 15 minutes suivant votre inscription, veuillez consulter vos courriers ind\u00e9sirables.<\/p>\n<p>Si cela n&rsquo;est pas concluant et que vous n&rsquo;avez toujours pas re\u00e7u d&rsquo;e-mail, ou si vous avez des probl\u00e8mes pour vous connecter, veuillez vous adresser directement: newsletter-service@lindner.ch<\/p>\n<div>\n<!-- Begin MailChimp Signup Form -->\n    <div class=\"hidden test123\">de<\/div>\n<div id=\"mc_embed_signup\">\n<form action=\"\/\/lindner.us9.list-manage.com\/subscribe\/post?u=95c27edb4b4ff0d058a9b2a25&amp;id=3eedf0e10b\" method=\"post\" id=\"mc-embedded-subscribe-form\" name=\"mc-embedded-subscribe-form\" class=\"validate\" target=\"_blank\" novalidate>\n    <div id=\"mc_embed_signup_scroll\">\n    \n<div class=\"mc-field-group\">\n    <label for=\"mce-EMAIL\"> E-Mail <span class=\"asterisk\">*<\/span>\n<\/label>\n    <input type=\"email\" value=\"\" name=\"EMAIL\" class=\"required email\" id=\"mce-EMAIL\">\n<\/div>\n<div class=\"mc-field-group\">\n    <label for=\"mce-FNAME\">Pr\u00e9nom<span class=\"asterisk\">*<\/span>\n<\/label>\n    <input type=\"text\" value=\"\" name=\"FNAME\" class=\"required\" id=\"mce-FNAME\">\n<\/div>\n<div class=\"mc-field-group\">\n    <label for=\"mce-LNAME\">Nom de famille  <span class=\"asterisk\">*<\/span>\n<\/label>\n    <input type=\"text\" value=\"\" name=\"LNAME\" class=\"required\" id=\"mce-LNAME\">\n<\/div>\n    <div id=\"mce-responses\" class=\"clear\">\n        <div class=\"response\" id=\"mce-error-response\" style=\"display:none\"><\/div>\n        <div class=\"response\" id=\"mce-success-response\" style=\"display:none\"><\/div>\n    <\/div>    <!-- real people should not fill this in and expect good things - do not remove this or risk form bot signups-->\n    <div style=\"position: absolute; left: -5000px;\"><input type=\"text\" name=\"b_95c27edb4b4ff0d058a9b2a25_3eedf0e10b\" tabindex=\"-1\" value=\"\"><\/div>\n    <div class=\"clear\"><input type=\"submit\" value=\"s'abonner\" name=\"subscribe\" id=\"mc-embedded-subscribe\" class=\"button\"><\/div>\n    <\/div>\n<\/form>\n<\/div>\n\n<!--End mc_embed_signup--><\/div>\n\t\t<\/div>\n\t\t\t\t\t<\/div>\n\n\t\n<\/div>\n","protected":false},"excerpt":{"rendered":"","protected":false},"author":2,"featured_media":0,"parent":0,"menu_order":0,"comment_status":"closed","ping_status":"closed","template":"","meta":{"inline_featured_image":false,"footnotes":""},"class_list":["post-1425","page","type-page","status-publish","hentry"],"_links":{"self":[{"href":"https:\/\/www.lindner.ch\/fr\/wp-json\/wp\/v2\/pages\/1425","targetHints":{"allow":["GET"]}}],"collection":[{"href":"https:\/\/www.lindner.ch\/fr\/wp-json\/wp\/v2\/pages"}],"about":[{"href":"https:\/\/www.lindner.ch\/fr\/wp-json\/wp\/v2\/types\/page"}],"author":[{"embeddable":true,"href":"https:\/\/www.lindner.ch\/fr\/wp-json\/wp\/v2\/users\/2"}],"replies":[{"embeddable":true,"href":"https:\/\/www.lindner.ch\/fr\/wp-json\/wp\/v2\/comments?post=1425"}],"version-history":[{"count":5,"href":"https:\/\/www.lindner.ch\/fr\/wp-json\/wp\/v2\/pages\/1425\/revisions"}],"predecessor-version":[{"id":4040,"href":"https:\/\/www.lindner.ch\/fr\/wp-json\/wp\/v2\/pages\/1425\/revisions\/4040"}],"wp:attachment":[{"href":"https:\/\/www.lindner.ch\/fr\/wp-json\/wp\/v2\/media?parent=1425"}],"curies":[{"name":"wp","href":"https:\/\/api.w.org\/{rel}","templated":true}]}}