{"id":2683,"date":"2020-12-07T08:26:48","date_gmt":"2020-12-07T07:26:48","guid":{"rendered":"https:\/\/wp.lindner.ch\/materiau-demballage\/chips-de-calage\/"},"modified":"2025-02-10T10:02:08","modified_gmt":"2025-02-10T09:02:08","slug":"chips-de-calage","status":"publish","type":"page","link":"https:\/\/www.lindner.ch\/fr\/materiau-demballage\/chips-de-calage\/","title":{"rendered":"Chips de calage"},"content":{"rendered":"\n  <div class=\"banner has-hover banner_border_verpackung has-parallax\" id=\"banner-1797284209\">\n          <div class=\"banner-inner fill\">\n        <div class=\"banner-bg fill\" data-parallax=\"-3\" data-parallax-container=\".banner\" data-parallax-background>\n            <img loading=\"lazy\" decoding=\"async\" width=\"1494\" height=\"429\" src=\"https:\/\/www.lindner.ch\/wp-content\/uploads\/2022\/10\/Headerbild_Lindner-Suisse_Verpackung_emballages.jpg\" class=\"bg attachment-original size-original\" alt=\"\" \/>                                    \n                    <\/div>\n\t\t\n        <div class=\"banner-layers container\">\n            <div class=\"fill banner-link\"><\/div>            \n\n\n        <\/div>\n      <\/div>\n\n            \n<style>\n#banner-1797284209 {\n  padding-top: 300px;\n  background-color: rgb(41, 128, 185);\n}\n#banner-1797284209 .banner-bg img {\n  object-position: 26% 49%;\n}\n<\/style>\n  <\/div>\n\n\n\t<div id=\"gap-1605744357\" class=\"gap-element clearfix\" style=\"display:block; height:auto;\">\n\t\t\n<style>\n#gap-1605744357 {\n  padding-top: 30px;\n}\n<\/style>\n\t<\/div>\n\t\n<div class=\"row\"  id=\"row-1142345137\">\n\n\t<div id=\"col-699719531\" class=\"col medium-3 small-12 large-3 col-divided\"  >\n\t\t\t\t<div class=\"col-inner\"  >\n\t\t\t\n\t\t\t\n<p><div class=\"menu-verpackung-franzoesisch-container\"><ul id=\"menu-verpackung-franzoesisch\" class=\"sb_navigation_verpackung\"><li id=\"menu-item-1870\" class=\"menu-item menu-item-type-post_type menu-item-object-page menu-item-1870\"><a href=\"https:\/\/www.lindner.ch\/fr\/materiau-demballage\/\">Mat\u00e9riau d\u2019emballage<\/a><\/li>\n<li id=\"menu-item-2852\" class=\"menu-item menu-item-type-post_type menu-item-object-page menu-item-has-children menu-item-2852\"><a href=\"https:\/\/www.lindner.ch\/fr\/materiau-demballage\/chips-de-calage\/\">Chips de calage<\/a>\n<ul class=\"sub-menu\">\n\t<li id=\"menu-item-2853\" class=\"menu-item menu-item-type-post_type menu-item-object-page menu-item-2853\"><a href=\"https:\/\/www.lindner.ch\/fr\/materiau-demballage\/chips-de-calage\/caristar-chips\/\">Caristar Chips<\/a><\/li>\n\t<li id=\"menu-item-2854\" class=\"menu-item menu-item-type-post_type menu-item-object-page menu-item-2854\"><a href=\"https:\/\/www.lindner.ch\/fr\/materiau-demballage\/chips-de-calage\/winpack-chips\/\">Winpack Chips<\/a><\/li>\n\t<li id=\"menu-item-2855\" class=\"menu-item menu-item-type-post_type menu-item-object-page menu-item-2855\"><a href=\"https:\/\/www.lindner.ch\/fr\/materiau-demballage\/chips-de-calage\/s-pack-chips\/\">S-Pack Chips<\/a><\/li>\n<\/ul>\n<\/li>\n<li id=\"menu-item-2856\" class=\"menu-item menu-item-type-post_type menu-item-object-page menu-item-has-children menu-item-2856\"><a href=\"https:\/\/www.lindner.ch\/fr\/materiau-demballage\/spediline-laine-de-bois-logistique\/\">Laine de bois logistique<\/a>\n<ul class=\"sub-menu\">\n\t<li id=\"menu-item-2858\" class=\"menu-item menu-item-type-post_type menu-item-object-page menu-item-2858\"><a href=\"https:\/\/www.lindner.ch\/fr\/materiau-demballage\/spediline-laine-de-bois-logistique\/spediline-classic\/\">spediline classic<\/a><\/li>\n\t<li id=\"menu-item-2859\" class=\"menu-item menu-item-type-post_type menu-item-object-page menu-item-2859\"><a href=\"https:\/\/www.lindner.ch\/fr\/materiau-demballage\/spediline-laine-de-bois-logistique\/spediline-food\/\">spediline food<\/a><\/li>\n\t<li id=\"menu-item-2860\" class=\"menu-item menu-item-type-post_type menu-item-object-page menu-item-2860\"><a href=\"https:\/\/www.lindner.ch\/fr\/materiau-demballage\/spediline-laine-de-bois-logistique\/spediline-extra\/\">spediline extra<\/a><\/li>\n<\/ul>\n<\/li>\n<li id=\"menu-item-2861\" class=\"menu-item menu-item-type-post_type menu-item-object-page menu-item-has-children menu-item-2861\"><a href=\"https:\/\/www.lindner.ch\/fr\/materiau-demballage\/film-etirable\/\">Film \u00e9tirable<\/a>\n<ul class=\"sub-menu\">\n\t<li id=\"menu-item-2941\" class=\"menu-item menu-item-type-post_type menu-item-object-page menu-item-2941\"><a href=\"https:\/\/www.lindner.ch\/fr\/materiau-demballage\/film-etirable\/film-etirable-a-poignee-perfect\/\">Film \u00e9tirable \u00e0 poign\u00e9e<\/a><\/li>\n\t<li id=\"menu-item-2863\" class=\"menu-item menu-item-type-post_type menu-item-object-page menu-item-2863\"><a href=\"https:\/\/www.lindner.ch\/fr\/materiau-demballage\/film-etirable\/film-etirable-perfect\/\">Film \u00e9tirable \u00e0 main<\/a><\/li>\n\t<li id=\"menu-item-2865\" class=\"menu-item menu-item-type-post_type menu-item-object-page menu-item-2865\"><a href=\"https:\/\/www.lindner.ch\/fr\/materiau-demballage\/film-etirable\/film-etirable-a-main-climat\/\">Film \u00e9tirable \u00e0 main climat perfor\u00e9<\/a><\/li>\n\t<li id=\"menu-item-2866\" class=\"menu-item menu-item-type-post_type menu-item-object-page menu-item-2866\"><a href=\"https:\/\/www.lindner.ch\/fr\/materiau-demballage\/film-etirable\/film-etirable-machines\/\">Film \u00e9tirable pour machine<\/a><\/li>\n<\/ul>\n<\/li>\n<li id=\"menu-item-2867\" class=\"menu-item menu-item-type-post_type menu-item-object-page menu-item-has-children menu-item-2867\"><a href=\"https:\/\/www.lindner.ch\/fr\/materiau-demballage\/film-a-bulles-dair\/\">Film \u00e0 bulles d\u2019air<\/a>\n<ul class=\"sub-menu\">\n\t<li id=\"menu-item-2868\" class=\"menu-item menu-item-type-post_type menu-item-object-page menu-item-2868\"><a href=\"https:\/\/www.lindner.ch\/fr\/materiau-demballage\/film-a-bulles-dair\/film-a-bulles-dair-2-plis\/\">Film \u00e0 bulles d\u2019air 2-plis<\/a><\/li>\n\t<li id=\"menu-item-2869\" class=\"menu-item menu-item-type-post_type menu-item-object-page menu-item-2869\"><a href=\"https:\/\/www.lindner.ch\/fr\/materiau-demballage\/film-a-bulles-dair\/film-a-bulles-dair-3-plis\/\">Film \u00e0 bulles d\u2019air 3-plis<\/a><\/li>\n\t<li id=\"menu-item-2870\" class=\"menu-item menu-item-type-post_type menu-item-object-page menu-item-2870\"><a href=\"https:\/\/www.lindner.ch\/fr\/materiau-demballage\/film-a-bulles-dair\/film-a-bulles-dair-pelliculee\/\">Film \u00e0 bulles d\u2019air pellicul\u00e9e<\/a><\/li>\n\t<li id=\"menu-item-2871\" class=\"menu-item menu-item-type-post_type menu-item-object-page menu-item-2871\"><a href=\"https:\/\/www.lindner.ch\/fr\/materiau-demballage\/film-a-bulles-dair\/film-a-bulles-antistatique\/\">Film \u00e0 bulles antistatique<\/a><\/li>\n\t<li id=\"menu-item-2872\" class=\"menu-item menu-item-type-post_type menu-item-object-page menu-item-2872\"><a href=\"https:\/\/www.lindner.ch\/fr\/materiau-demballage\/film-a-bulles-dair\/film-a-bulles-adhesif\/\">Film \u00e0 bulles adh\u00e9sif<\/a><\/li>\n\t<li id=\"menu-item-2873\" class=\"menu-item menu-item-type-post_type menu-item-object-page menu-item-2873\"><a href=\"https:\/\/www.lindner.ch\/fr\/materiau-demballage\/film-a-bulles-dair\/le-sachet-a-bulles\/\">Le sachet \u00e0 bulles<\/a><\/li>\n\t<li id=\"menu-item-2874\" class=\"menu-item menu-item-type-post_type menu-item-object-page menu-item-2874\"><a href=\"https:\/\/www.lindner.ch\/fr\/materiau-demballage\/film-a-bulles-dair\/le-tube-a-bulles\/\">Le tube \u00e0 bulles<\/a><\/li>\n\t<li id=\"menu-item-2875\" class=\"menu-item menu-item-type-post_type menu-item-object-page menu-item-2875\"><a href=\"https:\/\/www.lindner.ch\/fr\/materiau-demballage\/film-a-bulles-dair\/film-a-bulles-dair-a-la-coupe\/\">Film \u00e0 bulles d\u2019air \u00e0 la coupe<\/a><\/li>\n\t<li id=\"menu-item-2877\" class=\"menu-item menu-item-type-post_type menu-item-object-page menu-item-2877\"><a href=\"https:\/\/www.lindner.ch\/fr\/materiau-demballage\/film-a-bulles-dair\/derouleur-de-film-a-bulles\/\">D\u00e9rouleur de film \u00e0 bulles<\/a><\/li>\n<\/ul>\n<\/li>\n<li id=\"menu-item-2878\" class=\"menu-item menu-item-type-post_type menu-item-object-page menu-item-has-children menu-item-2878\"><a href=\"https:\/\/www.lindner.ch\/fr\/materiau-demballage\/film-mousse-en-polyethylene\/\">Film mousse en poly\u00e9thyl\u00e8ne<\/a>\n<ul class=\"sub-menu\">\n\t<li id=\"menu-item-2942\" class=\"menu-item menu-item-type-post_type menu-item-object-page menu-item-2942\"><a href=\"https:\/\/www.lindner.ch\/fr\/materiau-demballage\/film-mousse-en-polyethylene\/film-mousse-polyethylene-rouleau\/\">Film mousse poly\u00e9thyl\u00e8ne rouleau<\/a><\/li>\n\t<li id=\"menu-item-2879\" class=\"menu-item menu-item-type-post_type menu-item-object-page menu-item-2879\"><a href=\"https:\/\/www.lindner.ch\/fr\/materiau-demballage\/film-mousse-en-polyethylene\/sachet-mousse-en-polyethylene\/\">Sachet mousse en poly\u00e9thyl\u00e8ne<\/a><\/li>\n\t<li id=\"menu-item-2880\" class=\"menu-item menu-item-type-post_type menu-item-object-page menu-item-2880\"><a href=\"https:\/\/www.lindner.ch\/fr\/materiau-demballage\/film-mousse-en-polyethylene\/film-mousse-polyethylene-coupe\/\">Film mousse poly\u00e9thyl\u00e8ne coupe<\/a><\/li>\n\t<li id=\"menu-item-2881\" class=\"menu-item menu-item-type-post_type menu-item-object-page menu-item-2881\"><a href=\"https:\/\/www.lindner.ch\/fr\/materiau-demballage\/film-mousse-en-polyethylene\/le-tube-mousse-polyethylene\/\">Le tube mousse poly\u00e9thyl\u00e8ne<\/a><\/li>\n<\/ul>\n<\/li>\n<li id=\"menu-item-2882\" class=\"menu-item menu-item-type-post_type menu-item-object-page menu-item-2882\"><a href=\"https:\/\/www.lindner.ch\/fr\/materiau-demballage\/film-recouvrement-pe-palettes\/\">Film recrouvement\/intercalaire<\/a><\/li>\n<li id=\"menu-item-2883\" class=\"menu-item menu-item-type-post_type menu-item-object-page menu-item-has-children menu-item-2883\"><a href=\"https:\/\/www.lindner.ch\/fr\/materiau-demballage\/porte-documents\/\">Porte-documents<\/a>\n<ul class=\"sub-menu\">\n\t<li id=\"menu-item-2884\" class=\"menu-item menu-item-type-post_type menu-item-object-page menu-item-2884\"><a href=\"https:\/\/www.lindner.ch\/fr\/materiau-demballage\/porte-documents\/porte-documents-standard\/\">Porte-documents standard<\/a><\/li>\n\t<li id=\"menu-item-2885\" class=\"menu-item menu-item-type-post_type menu-item-object-page menu-item-2885\"><a href=\"https:\/\/www.lindner.ch\/fr\/materiau-demballage\/porte-documents\/porte-documents-imprimee\/\">Porte-documents imprim\u00e9e<\/a><\/li>\n<\/ul>\n<\/li>\n<li id=\"menu-item-2886\" class=\"menu-item menu-item-type-post_type menu-item-object-page menu-item-has-children menu-item-2886\"><a href=\"https:\/\/www.lindner.ch\/fr\/materiau-demballage\/ruban-adhesif-en-pvc-pp-biopack-860\/\">Ruban adh\u00e9sif en PVC \/ PP \/ Biopack 860<\/a>\n<ul class=\"sub-menu\">\n\t<li id=\"menu-item-4462\" class=\"menu-item menu-item-type-post_type menu-item-object-page menu-item-4462\"><a href=\"https:\/\/www.lindner.ch\/fr\/materiau-demballage\/ruban-adhesif-en-pvc-pp-biopack-860\/ruban-adhesif-biopack\/\">Ruban adh\u00e9sif Biopack<\/a><\/li>\n\t<li id=\"menu-item-2887\" class=\"menu-item menu-item-type-post_type menu-item-object-page menu-item-2887\"><a href=\"https:\/\/www.lindner.ch\/fr\/materiau-demballage\/ruban-adhesif-en-pvc-pp-biopack-860\/ruban-adhesif-en-pvc\/\">Ruban adh\u00e9sif en PVC<\/a><\/li>\n\t<li id=\"menu-item-2943\" class=\"menu-item menu-item-type-post_type menu-item-object-page menu-item-2943\"><a href=\"https:\/\/www.lindner.ch\/fr\/materiau-demballage\/ruban-adhesif-en-pvc-pp-biopack-860\/ruban-protection-en-pvc\/\">Ruban protection en PVC<\/a><\/li>\n\t<li id=\"menu-item-2888\" class=\"menu-item menu-item-type-post_type menu-item-object-page menu-item-2888\"><a href=\"https:\/\/www.lindner.ch\/fr\/materiau-demballage\/ruban-adhesif-en-pvc-pp-biopack-860\/ruban-thermoformables\/\">Ruban thermoformables<\/a><\/li>\n\t<li id=\"menu-item-2889\" class=\"menu-item menu-item-type-post_type menu-item-object-page menu-item-2889\"><a href=\"https:\/\/www.lindner.ch\/fr\/materiau-demballage\/ruban-adhesif-en-pvc-pp-biopack-860\/ruban-adhesif-en-pp\/\">Ruban adh\u00e9sif en PP<\/a><\/li>\n\t<li id=\"menu-item-4687\" class=\"menu-item menu-item-type-post_type menu-item-object-page menu-item-4687\"><a href=\"https:\/\/www.lindner.ch\/fr\/materiau-demballage\/ruban-adhesif-en-pvc-pp-biopack-860\/ruban-adhesif-de-strapping-en-pp\/\">Ruban adh\u00e9sif de strapping en PP<\/a><\/li>\n\t<li id=\"menu-item-2890\" class=\"menu-item menu-item-type-post_type menu-item-object-page menu-item-2890\"><a href=\"https:\/\/www.lindner.ch\/fr\/materiau-demballage\/ruban-adhesif-en-pvc-pp-biopack-860\/ruban-adhesif-personnalise\/\">Ruban adh\u00e9sif personnalis\u00e9<\/a><\/li>\n<\/ul>\n<\/li>\n<li id=\"menu-item-2891\" class=\"menu-item menu-item-type-post_type menu-item-object-page menu-item-2891\"><a href=\"https:\/\/www.lindner.ch\/fr\/materiau-demballage\/ruban-papier-adhesif-a-colle-humide\/\">Ruban\/papier adh\u00e9sif \u00e0 colle humide<\/a><\/li>\n<li id=\"menu-item-2892\" class=\"menu-item menu-item-type-post_type menu-item-object-page menu-item-2892\"><a href=\"https:\/\/www.lindner.ch\/fr\/materiau-demballage\/protege-bords-en-carton\/\">Prot\u00e8ge-bords en carton<\/a><\/li>\n<li id=\"menu-item-2893\" class=\"menu-item menu-item-type-post_type menu-item-object-page menu-item-has-children menu-item-2893\"><a href=\"https:\/\/www.lindner.ch\/fr\/materiau-demballage\/materiau-demballage-accessoires\/\">Mat\u00e9riau d\u2019emballage \u2013 accessoires<\/a>\n<ul class=\"sub-menu\">\n\t<li id=\"menu-item-2894\" class=\"menu-item menu-item-type-post_type menu-item-object-page menu-item-2894\"><a href=\"https:\/\/www.lindner.ch\/fr\/materiau-demballage\/materiau-demballage-accessoires\/derouleur-pour-bobine-de-film-etirable\/\">D\u00e9rouleur pour bobine de film \u00e9tirable<\/a><\/li>\n\t<li id=\"menu-item-2895\" class=\"menu-item menu-item-type-post_type menu-item-object-page menu-item-2895\"><a href=\"https:\/\/www.lindner.ch\/fr\/materiau-demballage\/materiau-demballage-accessoires\/set-poignee-film-etirable-perfect-stretch\/\">Set poign\u00e9e \u2013 film \u00e9tirable Perfect Stretch<\/a><\/li>\n\t<li id=\"menu-item-2944\" class=\"menu-item menu-item-type-post_type menu-item-object-page menu-item-2944\"><a href=\"https:\/\/www.lindner.ch\/fr\/materiau-demballage\/materiau-demballage-accessoires\/embout-plastique-pour-le-film-etirable\/\">Embout plastique pour le film \u00e9tirable<\/a><\/li>\n\t<li id=\"menu-item-2945\" class=\"menu-item menu-item-type-post_type menu-item-object-page menu-item-2945\"><a href=\"https:\/\/www.lindner.ch\/fr\/materiau-demballage\/materiau-demballage-accessoires\/derouleur-acier-film-etirable-a-main\/\">D\u00e9rouleur acier \u2013 film \u00e9tirable \u00e0 main<\/a><\/li>\n\t<li id=\"menu-item-2946\" class=\"menu-item menu-item-type-post_type menu-item-object-page menu-item-2946\"><a href=\"https:\/\/www.lindner.ch\/fr\/materiau-demballage\/materiau-demballage-accessoires\/devidoir-pour-le-ruban-adhesif\/\">D\u00e9vidoir pour le ruban adh\u00e9sif<\/a><\/li>\n\t<li id=\"menu-item-2896\" class=\"menu-item menu-item-type-post_type menu-item-object-page menu-item-2896\"><a href=\"https:\/\/www.lindner.ch\/fr\/materiau-demballage\/materiau-demballage-accessoires\/distributeur-fixe-pour-les-chips\/\">Distributeur fixe pour les chips<\/a><\/li>\n<\/ul>\n<\/li>\n<li id=\"menu-item-2897\" class=\"menu-item menu-item-type-post_type menu-item-object-page menu-item-has-children menu-item-2897\"><a href=\"https:\/\/www.lindner.ch\/fr\/materiau-demballage\/welocpinces-de-fermeture\/\">WeLoc\u00aepinces de fermeture<\/a>\n<ul class=\"sub-menu\">\n\t<li id=\"menu-item-2947\" class=\"menu-item menu-item-type-post_type menu-item-object-page menu-item-2947\"><a href=\"https:\/\/www.lindner.ch\/fr\/materiau-demballage\/welocpinces-de-fermeture\/weloc-standard\/\">WeLoc\u00ae standard<\/a><\/li>\n\t<li id=\"menu-item-2948\" class=\"menu-item menu-item-type-post_type menu-item-object-page menu-item-2948\"><a href=\"https:\/\/www.lindner.ch\/fr\/materiau-demballage\/welocpinces-de-fermeture\/weloc-personnalisee\/\">WeLoc\u00ae personnalis\u00e9e<\/a><\/li>\n\t<li id=\"menu-item-2949\" class=\"menu-item menu-item-type-post_type menu-item-object-page menu-item-2949\"><a href=\"https:\/\/www.lindner.ch\/fr\/materiau-demballage\/welocpinces-de-fermeture\/weloc-care\/\">WeLoc\u00ae Care<\/a><\/li>\n<\/ul>\n<\/li>\n<li id=\"menu-item-8611\" class=\"menu-item menu-item-type-post_type menu-item-object-page menu-item-8611\"><a href=\"https:\/\/www.lindner.ch\/fr\/materiau-demballage\/securisation-palettes-securisation-marchandises-attaloc\/\">S\u00e9curisation des marchandises attaloc<\/a><\/li>\n<li id=\"menu-item-3257\" class=\"menu-item menu-item-type-post_type menu-item-object-page menu-item-3257\"><a href=\"https:\/\/www.lindner.ch\/fr\/materiau-demballage\/expositions-foires\/\">Expositions\/foires<\/a><\/li>\n<\/ul><\/div><\/p>\n\t\t<\/div>\n\t\t\t\t\t<\/div>\n\n\t\n\n\t<div id=\"col-954526710\" class=\"col medium-9 small-12 large-9\"  >\n\t\t\t\t<div class=\"col-inner\"  >\n\t\t\t\n\t\t\t\n<div class=\"row\"  id=\"row-1335945751\">\n\n\t<div id=\"col-704980619\" class=\"col medium-9 small-12 large-9\"  >\n\t\t\t\t<div class=\"col-inner\"  >\n\t\t\t\n\t\t\t\n<div class=\"col-sm-12\">\n<h1>Chips de calage pour tous les cas<\/h1>\n<\/div>\n<div class=\"col-sm-12\">\n<p><strong>Swiss Made &#8211; Chips de calage pour tous les cas<\/strong><\/p>\n<p>Depuis 1979 nous produisons des chips d\u2019emballage de haute qualit\u00e9 en Suisse. Les types <strong>Caristar<\/strong>, <strong>Winpack<\/strong> et <strong>S-Pack<\/strong> sont faites de 99.6% d\u2019air et de 0,4% polystyr\u00e8ne recycl\u00e9. Ils ont une forme optimale, sont antistatiques, amortissants et se d\u00e9versent parfaitement. Ils sont fabriqu\u00e9s sans CFC. Les chips d&#8217;emballage en polystyr\u00e8ne sont r\u00e9utilisables et ils comptent parmi les mat\u00e9riaux d&#8217;emballage les plus respectueux de l&rsquo;environnement disponibles aujourd&rsquo;hui. En tant qu\u2019unique fabricant en Europe, Lindner Suisse remplit ses sacs de chips avec un doseur volumique afin d\u2019\u00e9viter une faible capacit\u00e9 de remplissage. Les chips sont 100% recyclables.<\/p>\n<p>Les chips de calage Lindner Suisse sont \u00e9galement disponibles dans des sacs de ballon de 500 l. L&rsquo;avantage est la petite hauteur de stockage, qui peut \u00e9galement \u00eatre accroch\u00e9 \u00e0 une faible hauteur de plafond. Dimensions: Hauteur 80 cm, \u00d8 90 cm \u2013 \u00e0 titre de comparaison, la hauteur conforme \u00e0 la norme est 155 cm, \u00d8 60 cm).<\/p>\n<p>Avez-vous besoin d&rsquo;aide emballage pour les chips? <a title=\"Distributeur fixe pour les chips\" href=\"https:\/\/www.lindner.ch\/fr\/materiau-demballage\/materiau-demballage-accessoires\/distributeur-fixe-pour-les-chips\/\">Nous vous proposons un dispositif de remplissage.<\/a><\/p>\n<\/div>\n\t\t<\/div>\n\t\t\t\t\t<\/div>\n\n\t\n\n\t<div id=\"col-845064278\" class=\"col medium-3 small-12 large-3\"  >\n\t\t\t\t<div class=\"col-inner\"  >\n\t\t\t\n\t\t\t\n\t<div class=\"img has-hover x md-x lg-x y md-y lg-y\" id=\"image_507587911\">\n\t\t\t\t\t\t\t\t<div class=\"img-inner box-shadow-1 dark\" >\n\t\t\t<img loading=\"lazy\" decoding=\"async\" width=\"358\" height=\"1024\" src=\"https:\/\/www.lindner.ch\/wp-content\/uploads\/2020\/10\/Lindner_Verpackungen-316a7a42-358x1024.jpg\" class=\"attachment-large size-large\" alt=\"\" srcset=\"https:\/\/www.lindner.ch\/wp-content\/uploads\/2020\/10\/Lindner_Verpackungen-316a7a42-358x1024.jpg 358w, https:\/\/www.lindner.ch\/wp-content\/uploads\/2020\/10\/Lindner_Verpackungen-316a7a42-105x300.jpg 105w, https:\/\/www.lindner.ch\/wp-content\/uploads\/2020\/10\/Lindner_Verpackungen-316a7a42.jpg 480w\" sizes=\"auto, (max-width: 358px) 100vw, 358px\" \/>\t\t\t\t\t\t\n\t\t\t\t\t<\/div>\n\t\t\t\t\t\t\t\t\n<style>\n#image_507587911 {\n  width: 100%;\n}\n<\/style>\n\t<\/div>\n\t\n\t\t<\/div>\n\t\t\t\t\t<\/div>\n\n\t\n<\/div>\n<div class=\"row\"  id=\"row-252711954\">\n\n\t<div id=\"col-340394339\" class=\"col small-12 large-12\"  >\n\t\t\t\t<div class=\"col-inner\"  >\n\t\t\t\n\t\t\t\n<h2>Nos produits<\/h2>\n\n  \n    <div class=\"row large-columns-3 medium-columns- small-columns-2 row-small has-shadow row-box-shadow-1 row-box-shadow-2-hover\" >\n  <div class=\"page-col col\" >\n          <div class=\"col-inner\" >\n          <a class=\"block plain\" href=\"https:\/\/www.lindner.ch\/fr\/materiau-demballage\/chips-de-calage\/caristar-chips\/\" title=\"Caristar Chips\" target=\"\">\n            <div class=\"page-box box has-hover box-default\">\n                  <div class=\"box-image\" >\n                      <div class=\"box-image\" >\n                                            <\/div>\n                                                              <\/div>\n                  <div class=\"box-text text-left is-large dark\" style=\"background-color:rgb(41, 128, 185);padding:8px 8px 8px 8px;\">\n                        <div class=\"box-text-inner\">\n                            <p>Caristar Chips<\/p>\n                        <\/div>\n                  <\/div>\n              <\/div>\n            <\/a>\n            <\/div>\n          <\/div><div class=\"page-col col\" >\n          <div class=\"col-inner\" >\n          <a class=\"block plain\" href=\"https:\/\/www.lindner.ch\/fr\/materiau-demballage\/chips-de-calage\/s-pack-chips\/\" title=\"S-Pack Chips\" target=\"\">\n            <div class=\"page-box box has-hover box-default\">\n                  <div class=\"box-image\" >\n                      <div class=\"box-image\" >\n                                            <\/div>\n                                                              <\/div>\n                  <div class=\"box-text text-left is-large dark\" style=\"background-color:rgb(41, 128, 185);padding:8px 8px 8px 8px;\">\n                        <div class=\"box-text-inner\">\n                            <p>S-Pack Chips<\/p>\n                        <\/div>\n                  <\/div>\n              <\/div>\n            <\/a>\n            <\/div>\n          <\/div><div class=\"page-col col\" >\n          <div class=\"col-inner\" >\n          <a class=\"block plain\" href=\"https:\/\/www.lindner.ch\/fr\/materiau-demballage\/chips-de-calage\/winpack-chips\/\" title=\"Winpack Chips\" target=\"\">\n            <div class=\"page-box box has-hover box-default\">\n                  <div class=\"box-image\" >\n                      <div class=\"box-image\" >\n                                            <\/div>\n                                                              <\/div>\n                  <div class=\"box-text text-left is-large dark\" style=\"background-color:rgb(41, 128, 185);padding:8px 8px 8px 8px;\">\n                        <div class=\"box-text-inner\">\n                            <p>Winpack Chips<\/p>\n                        <\/div>\n                  <\/div>\n              <\/div>\n            <\/a>\n            <\/div>\n          <\/div><\/div>\n\t\t<\/div>\n\t\t\t\t\t<\/div>\n\n\t\n<\/div>\n\t\t<\/div>\n\t\t\t\t\t<\/div>\n\n\t\n<\/div>\n","protected":false},"excerpt":{"rendered":"","protected":false},"author":2,"featured_media":0,"parent":1421,"menu_order":0,"comment_status":"closed","ping_status":"closed","template":"","meta":{"inline_featured_image":false,"footnotes":""},"class_list":["post-2683","page","type-page","status-publish","hentry"],"_links":{"self":[{"href":"https:\/\/www.lindner.ch\/fr\/wp-json\/wp\/v2\/pages\/2683","targetHints":{"allow":["GET"]}}],"collection":[{"href":"https:\/\/www.lindner.ch\/fr\/wp-json\/wp\/v2\/pages"}],"about":[{"href":"https:\/\/www.lindner.ch\/fr\/wp-json\/wp\/v2\/types\/page"}],"author":[{"embeddable":true,"href":"https:\/\/www.lindner.ch\/fr\/wp-json\/wp\/v2\/users\/2"}],"replies":[{"embeddable":true,"href":"https:\/\/www.lindner.ch\/fr\/wp-json\/wp\/v2\/comments?post=2683"}],"version-history":[{"count":15,"href":"https:\/\/www.lindner.ch\/fr\/wp-json\/wp\/v2\/pages\/2683\/revisions"}],"predecessor-version":[{"id":7987,"href":"https:\/\/www.lindner.ch\/fr\/wp-json\/wp\/v2\/pages\/2683\/revisions\/7987"}],"up":[{"embeddable":true,"href":"https:\/\/www.lindner.ch\/fr\/wp-json\/wp\/v2\/pages\/1421"}],"wp:attachment":[{"href":"https:\/\/www.lindner.ch\/fr\/wp-json\/wp\/v2\/media?parent=2683"}],"curies":[{"name":"wp","href":"https:\/\/api.w.org\/{rel}","templated":true}]}}