{"id":6359,"date":"2022-07-22T08:02:59","date_gmt":"2022-07-22T06:02:59","guid":{"rendered":"https:\/\/www.lindner.ch\/le-developpement-durable-agenda-2030\/"},"modified":"2024-11-12T13:43:37","modified_gmt":"2024-11-12T12:43:37","slug":"le-developpement-durable-agenda-2030","status":"publish","type":"page","link":"https:\/\/www.lindner.ch\/fr\/le-developpement-durable-agenda-2030\/","title":{"rendered":"Le d\u00e9veloppement durable \/ Agenda 2030"},"content":{"rendered":"\n  <div class=\"banner has-hover banner_border_ueber-uns has-parallax\" id=\"banner-1923560086\">\n          <div class=\"banner-inner fill\">\n        <div class=\"banner-bg fill\" data-parallax=\"-3\" data-parallax-container=\".banner\" data-parallax-background>\n            <img loading=\"lazy\" decoding=\"async\" width=\"1024\" height=\"261\" src=\"https:\/\/www.lindner.ch\/wp-content\/uploads\/2020\/11\/ueber-uns.jpg\" class=\"bg attachment-original size-original\" alt=\"\" \/>                                    \n                    <\/div>\n\t\t\n        <div class=\"banner-layers container\">\n            <div class=\"fill banner-link\"><\/div>            \n\n\n        <\/div>\n      <\/div>\n\n            \n<style>\n#banner-1923560086 {\n  padding-top: 200px;\n  background-color: rgb(29, 41, 52);\n}\n#banner-1923560086 .banner-bg img {\n  object-position: 44% 69%;\n}\n<\/style>\n  <\/div>\n\n\n\t<div id=\"gap-141753435\" class=\"gap-element clearfix\" style=\"display:block; height:auto;\">\n\t\t\n<style>\n#gap-141753435 {\n  padding-top: 30px;\n}\n<\/style>\n\t<\/div>\n\t\n<div class=\"row\"  id=\"row-895341998\">\n\n\t<div id=\"col-802139176\" class=\"col medium-3 small-12 large-3 col-divided\"  >\n\t\t\t\t<div class=\"col-inner\"  >\n\t\t\t\n\t\t\t\n<div class=\"menu-ueber-uns-franzoesisch-container\"><ul id=\"menu-ueber-uns-franzoesisch\" class=\"sb_navigation_ueber-uns\"><li id=\"menu-item-1439\" class=\"menu-item menu-item-type-post_type menu-item-object-page menu-item-has-children menu-item-1439\"><a href=\"https:\/\/www.lindner.ch\/fr\/a-propos-de-nous\/\">A propos de nous<\/a>\n<ul class=\"sub-menu\">\n\t<li id=\"menu-item-1440\" class=\"menu-item menu-item-type-taxonomy menu-item-object-category menu-item-1440\"><a href=\"https:\/\/www.lindner.ch\/fr\/news\/news\/\">News<\/a><\/li>\n\t<li id=\"menu-item-1441\" class=\"menu-item menu-item-type-post_type menu-item-object-page menu-item-1441\"><a href=\"https:\/\/www.lindner.ch\/fr\/a-propos-de-nous\/lequipe\/\">L\u2019\u00e9quipe<\/a><\/li>\n\t<li id=\"menu-item-4042\" class=\"menu-item menu-item-type-post_type menu-item-object-page menu-item-4042\"><a href=\"https:\/\/www.lindner.ch\/fr\/a-propos-de-nous\/offres-demploi-chez-lindner-suisse\/\">Offres d\u2019emploi chez Lindner Suisse<\/a><\/li>\n<\/ul>\n<\/li>\n<li id=\"menu-item-6375\" class=\"menu-item menu-item-type-post_type menu-item-object-page menu-item-6375\"><a href=\"https:\/\/www.lindner.ch\/fr\/le-developpement-durable-agenda-2030\/\">Le d\u00e9veloppement durable \/ Agenda 2030<\/a><\/li>\n<li id=\"menu-item-1445\" class=\"menu-item menu-item-type-post_type menu-item-object-page menu-item-1445\"><a href=\"https:\/\/www.lindner.ch\/fr\/certificats\/\">Certificats<\/a><\/li>\n<li id=\"menu-item-1444\" class=\"menu-item menu-item-type-post_type menu-item-object-page menu-item-1444\"><a href=\"https:\/\/www.lindner.ch\/fr\/presse-medias-2\/\">Presse\/M\u00e9dias<\/a><\/li>\n<li id=\"menu-item-1446\" class=\"menu-item menu-item-type-post_type menu-item-object-page menu-item-1446\"><a href=\"https:\/\/www.lindner.ch\/fr\/newsletter\/\">Newsletter<\/a><\/li>\n<li id=\"menu-item-3482\" class=\"menu-item menu-item-type-post_type menu-item-object-page menu-item-3482\"><a href=\"https:\/\/www.lindner.ch\/fr\/impressum\/\">Impressum<\/a><\/li>\n<li id=\"menu-item-3483\" class=\"menu-item menu-item-type-post_type menu-item-object-page menu-item-3483\"><a href=\"https:\/\/www.lindner.ch\/fr\/cgv\/\">CGV<\/a><\/li>\n<li id=\"menu-item-1443\" class=\"menu-item menu-item-type-post_type menu-item-object-page menu-item-1443\"><a href=\"https:\/\/www.lindner.ch\/fr\/contact\/\">Contact<\/a><\/li>\n<\/ul><\/div>\n\t\t<\/div>\n\t\t\t\t\t<\/div>\n\n\t\n\n\t<div id=\"col-311619941\" class=\"col medium-9 small-12 large-9\"  >\n\t\t\t\t<div class=\"col-inner\"  >\n\t\t\t\n\t\t\t\n<div class=\"col-sm-12\">\n<h1>Un engagement en faveur du d\u00e9veloppement durable \/ Agenda 2030<\/h1>\n<p><strong>Notre contribution \u00e0 la r\u00e9alisation des objectifs mondiaux de d\u00e9veloppement durable<\/strong><\/p>\n<p>Depuis sa fondation en 1920, Lindner Suisse a toujours mis l&rsquo;accent sur la durabilit\u00e9 \u00e9cologique. Nous d\u00e9veloppons et produisons des produits sp\u00e9ciaux en laine de bois de haute qualit\u00e9 avec un \u00e9cobilan respectueux de l&rsquo;environnement. Le bois utilis\u00e9 est exclusivement du bois de la r\u00e9gion certifi\u00e9 FSC\u00ae et PEFC, du bois d&rsquo;\u00e9claircie coup\u00e9 en hiver (<a href=\"https:\/\/www.holz-bois-legno.ch\/fr\/vivre-et-experimenter\/label-bois-suisse\/caracteristiques\" target=\"_blank\" rel=\"noopener\">Label Bois Suisse<\/a>). Les longues distances de transport sont r\u00e9duites. La production r\u00e9pond \u00e0 des crit\u00e8res de qualit\u00e9 internes stricts et au standard suisse de la laine de bois dans nos locaux de Toggenburg. Nous privil\u00e9gions \u00e9galement les solutions d&rsquo;avenir pour la distribution de mat\u00e9riaux d&#8217;emballage, nous misons sur des produits durables et \u00e9cologiques et sur des partenaires partageant les m\u00eames principes et exigences.<\/p>\n<p>Howolis tapis anti-\u00e9rosion et fascines sont list\u00e9s dans le <a href=\"https:\/\/www.kbob.admin.ch\/fr\/donnees-ecobilans-dans-la-construction\" target=\"_blank\" rel=\"noopener\">KBOB\/ecobau<\/a> (Donn\u00e9es \u00e9cobilans dans la construction) :<br \/>En prenant en compte des facteurs tels que la consommation d&rsquo;\u00e9nergie, les \u00e9missions de gaz \u00e0 effet de serre et l&rsquo;utilisation des ressources, les donn\u00e9es des \u00e9cobilans contribuent de mani\u00e8re significative \u00e0 minimiser l&#8217;empreinte \u00e9cologique.<\/p>\n<p>Soucieux de l&rsquo;environnement, nous privil\u00e9gions les produits qui, dans la mesure du possible, contiennent une grande quantit\u00e9 de mati\u00e8res recycl\u00e9es et qui sont recyclables.<\/p>\n<p>Nous nous effor\u00e7ons de garantir la meilleure qualit\u00e9 et de toujours respecter l&rsquo;environnement en apportant notre contribution \u00e0 la r\u00e9alisation des objectifs de durabilit\u00e9 de l&rsquo;ONU dans le cadre de l&rsquo;<a href=\"https:\/\/www.eda.admin.ch\/agenda2030\/fr\/home\/agenda-2030\/die-17-ziele-fuer-eine-nachhaltige-entwicklung.html\" target=\"_blank\" rel=\"noopener\"><strong>Agenda 2030<\/strong><\/a>, dans le secteur dans lequel nous sommes actifs.<\/p>\n<p>On se focalise en particulier sur les objectifs importants pour le secteur (ODD 12, ODD 13, ODD 15). Cela ne signifie pas que les autres objectifs de durabilit\u00e9 ne sont pas essentiels pour Lindner Suisse. Chaque jour, nous nous engageons pour un d\u00e9veloppement durable de notre soci\u00e9t\u00e9 et de notre environnement. Nous nous engageons par exemple \u00e0 promouvoir le travail d\u00e9cent en collaborant avec des entreprises o\u00f9 des personnes souffrant de handicaps cognitifs, physiques ou psychiques travaillent, apprennent et vivent (ODD 8).<\/p>\n<\/div>\n\t<div class=\"img has-hover x md-x lg-x y md-y lg-y\" id=\"image_11602913\">\n\t\t\t\t\t\t\t\t<div class=\"img-inner dark\" >\n\t\t\t<img loading=\"lazy\" decoding=\"async\" width=\"1020\" height=\"638\" src=\"https:\/\/www.lindner.ch\/wp-content\/uploads\/2022\/07\/SDGs_objectifs_de_developpement_durable_agenda_2030_f-1-1024x641.jpg\" class=\"attachment-large size-large\" alt=\"\" srcset=\"https:\/\/www.lindner.ch\/wp-content\/uploads\/2022\/07\/SDGs_objectifs_de_developpement_durable_agenda_2030_f-1-1024x641.jpg 1024w, https:\/\/www.lindner.ch\/wp-content\/uploads\/2022\/07\/SDGs_objectifs_de_developpement_durable_agenda_2030_f-1-300x188.jpg 300w, https:\/\/www.lindner.ch\/wp-content\/uploads\/2022\/07\/SDGs_objectifs_de_developpement_durable_agenda_2030_f-1-768x481.jpg 768w, https:\/\/www.lindner.ch\/wp-content\/uploads\/2022\/07\/SDGs_objectifs_de_developpement_durable_agenda_2030_f-1.jpg 1395w\" sizes=\"auto, (max-width: 1020px) 100vw, 1020px\" \/>\t\t\t\t\t\t\n\t\t\t\t\t<\/div>\n\t\t\t\t\t\t\t\t\n<style>\n#image_11602913 {\n  width: 100%;\n}\n<\/style>\n\t<\/div>\n\t\n\t\t<\/div>\n\t\t\t\t\t<\/div>\n\n\t\n<\/div>\n","protected":false},"excerpt":{"rendered":"","protected":false},"author":5,"featured_media":0,"parent":0,"menu_order":0,"comment_status":"closed","ping_status":"closed","template":"","meta":{"inline_featured_image":false,"footnotes":""},"class_list":["post-6359","page","type-page","status-publish","hentry"],"_links":{"self":[{"href":"https:\/\/www.lindner.ch\/fr\/wp-json\/wp\/v2\/pages\/6359","targetHints":{"allow":["GET"]}}],"collection":[{"href":"https:\/\/www.lindner.ch\/fr\/wp-json\/wp\/v2\/pages"}],"about":[{"href":"https:\/\/www.lindner.ch\/fr\/wp-json\/wp\/v2\/types\/page"}],"author":[{"embeddable":true,"href":"https:\/\/www.lindner.ch\/fr\/wp-json\/wp\/v2\/users\/5"}],"replies":[{"embeddable":true,"href":"https:\/\/www.lindner.ch\/fr\/wp-json\/wp\/v2\/comments?post=6359"}],"version-history":[{"count":10,"href":"https:\/\/www.lindner.ch\/fr\/wp-json\/wp\/v2\/pages\/6359\/revisions"}],"predecessor-version":[{"id":7882,"href":"https:\/\/www.lindner.ch\/fr\/wp-json\/wp\/v2\/pages\/6359\/revisions\/7882"}],"wp:attachment":[{"href":"https:\/\/www.lindner.ch\/fr\/wp-json\/wp\/v2\/media?parent=6359"}],"curies":[{"name":"wp","href":"https:\/\/api.w.org\/{rel}","templated":true}]}}