{"id":3887,"date":"2020-11-16T15:46:17","date_gmt":"2020-11-16T14:46:17","guid":{"rendered":"https:\/\/www.lindner.ch\/shop\/non%20class\u00e9\/spediline-food-4-kg\/"},"modified":"2021-01-07T11:25:58","modified_gmt":"2021-01-07T10:25:58","slug":"spediline-food-4-kg","status":"publish","type":"product","link":"https:\/\/www.lindner.ch\/fr\/produkt\/spediline-food-4-kg\/","title":{"rendered":"spediline food 4 kg"},"content":{"rendered":"<p>f\u00fcr Pakete bis 30 kg &#8211; ideal f\u00fcr Nahrungsmittel, Obst, Gem\u00fcse, Reformprodukte, Fr\u00fcchtek\u00f6rbe sowie Lebensmittel aller Art<\/p>\n<p>Schweizer Holzwolle-Standard, Typ LB<\/p>\n","protected":false},"excerpt":{"rendered":"<p>f\u00fcr Pakete bis 30 kg &#8211; ideal f\u00fcr Nahrungsmittel, Obst, Gem\u00fcse, Reformprodukte, Fr\u00fcchtek\u00f6rbe sowie Lebensmittel aller Art Schweizer Holzwolle-Standard, Typ LB<\/p>\n","protected":false},"featured_media":2474,"comment_status":"closed","ping_status":"closed","template":"","meta":{"inline_featured_image":false},"product_brand":[],"product_cat":[319,320],"product_tag":[],"class_list":{"0":"post-3887","1":"product","2":"type-product","3":"status-publish","4":"has-post-thumbnail","6":"product_cat-spediline-food-fr","7":"product_cat-spediline-food-fr-2","8":"product_shipping_class-kleinpakete-gewicht-fr","10":"first","11":"instock","12":"taxable","13":"shipping-taxable","14":"purchasable","15":"product-type-simple"},"_links":{"self":[{"href":"https:\/\/www.lindner.ch\/fr\/wp-json\/wp\/v2\/product\/3887","targetHints":{"allow":["GET"]}}],"collection":[{"href":"https:\/\/www.lindner.ch\/fr\/wp-json\/wp\/v2\/product"}],"about":[{"href":"https:\/\/www.lindner.ch\/fr\/wp-json\/wp\/v2\/types\/product"}],"replies":[{"embeddable":true,"href":"https:\/\/www.lindner.ch\/fr\/wp-json\/wp\/v2\/comments?post=3887"}],"wp:featuredmedia":[{"embeddable":true,"href":"https:\/\/www.lindner.ch\/fr\/wp-json\/wp\/v2\/media\/2474"}],"wp:attachment":[{"href":"https:\/\/www.lindner.ch\/fr\/wp-json\/wp\/v2\/media?parent=3887"}],"wp:term":[{"taxonomy":"product_brand","embeddable":true,"href":"https:\/\/www.lindner.ch\/fr\/wp-json\/wp\/v2\/product_brand?post=3887"},{"taxonomy":"product_cat","embeddable":true,"href":"https:\/\/www.lindner.ch\/fr\/wp-json\/wp\/v2\/product_cat?post=3887"},{"taxonomy":"product_tag","embeddable":true,"href":"https:\/\/www.lindner.ch\/fr\/wp-json\/wp\/v2\/product_tag?post=3887"}],"curies":[{"name":"wp","href":"https:\/\/api.w.org\/{rel}","templated":true}]}}