{"id":8176,"date":"2025-08-18T15:32:05","date_gmt":"2025-08-18T13:32:05","guid":{"rendered":"https:\/\/www.lindner.ch\/manifattura-di-lana-di-legno\/"},"modified":"2025-12-08T14:33:17","modified_gmt":"2025-12-08T13:33:17","slug":"manifattura-di-lana-di-legno","status":"publish","type":"page","link":"https:\/\/www.lindner.ch\/it\/manifattura-di-lana-di-legno\/","title":{"rendered":"Manifattura di lana di legno"},"content":{"rendered":"\n  <div class=\"banner has-hover banner_border has-parallax\" id=\"banner-1179334387\">\n          <div class=\"banner-inner fill\">\n        <div class=\"banner-bg fill\" data-parallax=\"-3\" data-parallax-container=\".banner\" data-parallax-background>\n            <img loading=\"lazy\" decoding=\"async\" width=\"2560\" height=\"1575\" src=\"https:\/\/www.lindner.ch\/wp-content\/uploads\/2020\/10\/Lindner_Suisse-scaled.jpg\" class=\"bg attachment-original size-original\" alt=\"\" \/>                                    \n                    <\/div>\n\t\t\n        <div class=\"banner-layers container\">\n            <div class=\"fill banner-link\"><\/div>            \n\n\n        <\/div>\n      <\/div>\n\n            \n<style>\n#banner-1179334387 {\n  padding-top: 200px;\n  background-color: rgb(46, 171, 96);\n}\n#banner-1179334387 .banner-bg img {\n  object-position: 54% 55%;\n}\n<\/style>\n  <\/div>\n\n\n\t<div id=\"gap-651321957\" class=\"gap-element clearfix\" style=\"display:block; height:auto;\">\n\t\t\n<style>\n#gap-651321957 {\n  padding-top: 30px;\n}\n<\/style>\n\t<\/div>\n\t\n<div class=\"row\"  id=\"row-464110236\">\n\n\t<div id=\"col-1269460368\" class=\"col medium-3 small-12 large-3 col-divided\"  >\n\t\t\t\t<div class=\"col-inner\"  >\n\t\t\t\n\t\t\t\n<div class=\"menu-holzwolle-italienisch-2-container\"><ul id=\"menu-holzwolle-italienisch-2\" class=\"sb_navigation_holzwolle\"><li id=\"menu-item-8354\" class=\"menu-item menu-item-type-post_type menu-item-object-page menu-item-8354\"><a href=\"https:\/\/www.lindner.ch\/it\/manifattura-di-lana-di-legno\/\">Manifattura di lana di legno<\/a><\/li>\n<li id=\"menu-item-8355\" class=\"menu-item menu-item-type-post_type menu-item-object-page menu-item-has-children menu-item-8355\"><a href=\"https:\/\/www.lindner.ch\/it\/manifattura-di-lana-di-legno\/imballaggio-logistica\/\">Imballaggio \/ Logistica<\/a>\n<ul class=\"sub-menu\">\n\t<li id=\"menu-item-8356\" class=\"menu-item menu-item-type-post_type menu-item-object-page menu-item-8356\"><a href=\"https:\/\/www.lindner.ch\/it\/manifattura-di-lana-di-legno\/imballaggio-logistica\/spediline-classic\/\">spediline classic<\/a><\/li>\n\t<li id=\"menu-item-8357\" class=\"menu-item menu-item-type-post_type menu-item-object-page menu-item-8357\"><a href=\"https:\/\/www.lindner.ch\/it\/manifattura-di-lana-di-legno\/imballaggio-logistica\/spediline-food\/\">spediline food<\/a><\/li>\n\t<li id=\"menu-item-8358\" class=\"menu-item menu-item-type-post_type menu-item-object-page menu-item-8358\"><a href=\"https:\/\/www.lindner.ch\/it\/manifattura-di-lana-di-legno\/imballaggio-logistica\/spediline-extra\/\">spediline extra<\/a><\/li>\n\t<li id=\"menu-item-8359\" class=\"menu-item menu-item-type-post_type menu-item-object-page menu-item-8359\"><a href=\"https:\/\/www.lindner.ch\/it\/manifattura-di-lana-di-legno\/imballaggio-logistica\/lana-di-legno-decorativa-erba-di-grano\/\">Lana di legno decorativa \/ Erba di grano<\/a><\/li>\n<\/ul>\n<\/li>\n<li id=\"menu-item-8360\" class=\"menu-item menu-item-type-post_type menu-item-object-page menu-item-has-children menu-item-8360\"><a href=\"https:\/\/www.lindner.ch\/it\/manifattura-di-lana-di-legno\/igiene-degli-animali\/\">Igiene degli animali<\/a>\n<ul class=\"sub-menu\">\n\t<li id=\"menu-item-8513\" class=\"menu-item menu-item-type-post_type menu-item-object-page menu-item-8513\"><a href=\"https:\/\/www.lindner.ch\/it\/manifattura-di-lana-di-legno\/igiene-degli-animali\/agroclean-igiene-della-mammella\/\">agroclean\u00ae Igiene della mammella<\/a><\/li>\n<\/ul>\n<\/li>\n<li id=\"menu-item-8361\" class=\"menu-item menu-item-type-post_type menu-item-object-page menu-item-has-children menu-item-8361\"><a href=\"https:\/\/www.lindner.ch\/it\/manifattura-di-lana-di-legno\/giardinaggio-tempo-libero\/\">Giardinaggio \/ Tempo libero<\/a>\n<ul class=\"sub-menu\">\n\t<li id=\"menu-item-8362\" class=\"menu-item menu-item-type-post_type menu-item-object-page menu-item-8362\"><a href=\"https:\/\/www.lindner.ch\/it\/manifattura-di-lana-di-legno\/giardinaggio-tempo-libero\/agrohobby\/\">agrohobby<\/a><\/li>\n\t<li id=\"menu-item-8363\" class=\"menu-item menu-item-type-post_type menu-item-object-page menu-item-8363\"><a href=\"https:\/\/www.lindner.ch\/it\/manifattura-di-lana-di-legno\/giardinaggio-tempo-libero\/geotessile-antierosione-howolis\/\">Geotessile antierosione Howolis<\/a><\/li>\n\t<li id=\"menu-item-8441\" class=\"menu-item menu-item-type-post_type menu-item-object-page menu-item-8441\"><a href=\"https:\/\/www.lindner.ch\/it\/manifattura-di-lana-di-legno\/giardinaggio-tempo-libero\/lana-di-legno-decorativa-erba-di-grano\/\">Lana di legno decorativa \/ Erba di grano<\/a><\/li>\n<\/ul>\n<\/li>\n<li id=\"menu-item-8365\" class=\"menu-item menu-item-type-post_type menu-item-object-page menu-item-has-children menu-item-8365\"><a href=\"https:\/\/www.lindner.ch\/it\/manifattura-di-lana-di-legno\/accendifuoco-flamtastic\/\">Accendifuoco Flamtastic<\/a>\n<ul class=\"sub-menu\">\n\t<li id=\"menu-item-8366\" class=\"menu-item menu-item-type-post_type menu-item-object-page menu-item-8366\"><a href=\"https:\/\/www.lindner.ch\/it\/manifattura-di-lana-di-legno\/accendifuoco-flamtastic\/flamtastic\/\">Flamtastic<\/a><\/li>\n\t<li id=\"menu-item-8367\" class=\"menu-item menu-item-type-post_type menu-item-object-page menu-item-8367\"><a href=\"https:\/\/www.lindner.ch\/it\/manifattura-di-lana-di-legno\/accendifuoco-flamtastic\/segatura-combustibile\/\">Segatura combustibile<\/a><\/li>\n\t<li id=\"menu-item-8368\" class=\"menu-item menu-item-type-post_type menu-item-object-page menu-item-8368\"><a href=\"https:\/\/www.lindner.ch\/it\/manifattura-di-lana-di-legno\/accendifuoco-flamtastic\/flamtastic-come-omaggio-promozionale\/\">Flamtastic come omaggio promozionale<\/a><\/li>\n\t<li id=\"menu-item-8369\" class=\"menu-item menu-item-type-post_type menu-item-object-page menu-item-8369\"><a href=\"https:\/\/www.lindner.ch\/it\/manifattura-di-lana-di-legno\/accendifuoco-flamtastic\/rosto-cleaner\/\">Rosto-Cleaner<\/a><\/li>\n<\/ul>\n<\/li>\n<li id=\"menu-item-8390\" class=\"menu-item menu-item-type-post_type menu-item-object-page menu-item-has-children menu-item-8390\"><a href=\"https:\/\/www.lindner.ch\/it\/manifattura-di-lana-di-legno\/howolis-antierosione-drenaggio-fascine-impermeabilizzazione\/\">Howolis lana di legno<\/a>\n<ul class=\"sub-menu\">\n\t<li id=\"menu-item-8370\" class=\"menu-item menu-item-type-post_type menu-item-object-page menu-item-8370\"><a href=\"https:\/\/www.lindner.ch\/it\/manifattura-di-lana-di-legno\/howolis-antierosione-drenaggio-fascine-impermeabilizzazione\/geotessile-antierosione-howolis\/\">Geotessile antierosione Howolis<\/a><\/li>\n\t<li id=\"menu-item-8406\" class=\"menu-item menu-item-type-post_type menu-item-object-page menu-item-8406\"><a href=\"https:\/\/www.lindner.ch\/it\/manifattura-di-lana-di-legno\/howolis-antierosione-drenaggio-fascine-impermeabilizzazione\/howolis-geotessuto-di-copertura-protezione\/\">Howolis Geotessuto di copertura\/protezione<\/a><\/li>\n\t<li id=\"menu-item-8371\" class=\"menu-item menu-item-type-post_type menu-item-object-page menu-item-8371\"><a href=\"https:\/\/www.lindner.ch\/it\/manifattura-di-lana-di-legno\/howolis-antierosione-drenaggio-fascine-impermeabilizzazione\/fascina-q-howolis\/\">Fascina Q Howolis<\/a><\/li>\n\t<li id=\"menu-item-8372\" class=\"menu-item menu-item-type-post_type menu-item-object-page menu-item-8372\"><a href=\"https:\/\/www.lindner.ch\/it\/manifattura-di-lana-di-legno\/howolis-antierosione-drenaggio-fascine-impermeabilizzazione\/fascine-quickquader-howolis\/\">Fascine Quickquader Howolis<\/a><\/li>\n\t<li id=\"menu-item-8373\" class=\"menu-item menu-item-type-post_type menu-item-object-page menu-item-8373\"><a href=\"https:\/\/www.lindner.ch\/it\/manifattura-di-lana-di-legno\/howolis-antierosione-drenaggio-fascine-impermeabilizzazione\/howolis-drenoroll-tubo-di-drenaggio\/\">Howolis Drenoroll tubo di drenaggio<\/a><\/li>\n\t<li id=\"menu-item-8374\" class=\"menu-item menu-item-type-post_type menu-item-object-page menu-item-8374\"><a href=\"https:\/\/www.lindner.ch\/it\/manifattura-di-lana-di-legno\/howolis-antierosione-drenaggio-fascine-impermeabilizzazione\/howolis-drenogrid-elemento-di-impermeabilizzazione\/\">HOWOLIS Drenogrid Elemento di impermeabilizzazione<\/a><\/li>\n\t<li id=\"menu-item-8376\" class=\"menu-item menu-item-type-post_type menu-item-object-page menu-item-8376\"><a href=\"https:\/\/www.lindner.ch\/it\/manifattura-di-lana-di-legno\/howolis-antierosione-drenaggio-fascine-impermeabilizzazione\/howolis-snowfarming-depositi-di-neve\/\">Howolis Snowfarming \/ Depositi di neve con lana di legno svizzera<\/a><\/li>\n\t<li id=\"menu-item-8377\" class=\"menu-item menu-item-type-post_type menu-item-object-page menu-item-8377\"><a href=\"https:\/\/www.lindner.ch\/it\/manifattura-di-lana-di-legno\/howolis-antierosione-drenaggio-fascine-impermeabilizzazione\/howolis-early-green\/\">Howolis Early Green<\/a><\/li>\n\t<li id=\"menu-item-8378\" class=\"menu-item menu-item-type-post_type menu-item-object-page menu-item-8378\"><a href=\"https:\/\/www.lindner.ch\/it\/manifattura-di-lana-di-legno\/howolis-antierosione-drenaggio-fascine-impermeabilizzazione\/lana-di-legno-sfusa-per-drenaggi-paratie\/\">Lana di legno (sfusa) per drenaggi \/ paratie<\/a><\/li>\n\t<li id=\"menu-item-8379\" class=\"menu-item menu-item-type-post_type menu-item-object-page menu-item-8379\"><a href=\"https:\/\/www.lindner.ch\/it\/manifattura-di-lana-di-legno\/howolis-antierosione-drenaggio-fascine-impermeabilizzazione\/materiale-ausiliario-howolis\/\">Materiale ausiliario Howolis<\/a><\/li>\n\t<li id=\"menu-item-8380\" class=\"menu-item menu-item-type-post_type menu-item-object-page menu-item-8380\"><a href=\"https:\/\/www.lindner.ch\/it\/manifattura-di-lana-di-legno\/howolis-antierosione-drenaggio-fascine-impermeabilizzazione\/drenotube\/\">drenotube \u00ae<\/a><\/li>\n<\/ul>\n<\/li>\n<li id=\"menu-item-8381\" class=\"menu-item menu-item-type-post_type menu-item-object-page menu-item-8381\"><a href=\"https:\/\/www.lindner.ch\/it\/manifattura-di-lana-di-legno\/la-storia-della-lana-di-legno\/\">La storia della lana di legno<\/a><\/li>\n<li id=\"menu-item-8382\" class=\"menu-item menu-item-type-post_type menu-item-object-page menu-item-8382\"><a href=\"https:\/\/www.lindner.ch\/it\/manifattura-di-lana-di-legno\/mostre-fiere\/\">Mostre \/ Fiere<\/a><\/li>\n<\/ul><\/div>\n\t\t<\/div>\n\t\t\t\t\t<\/div>\n\n\t\n\n\t<div id=\"col-2133796177\" class=\"col medium-9 small-12 large-9\"  >\n\t\t\t\t<div class=\"col-inner\"  >\n\t\t\t\n\t\t\t\n<div class=\"row\"  id=\"row-1961837539\">\n\n\t<div id=\"col-395031353\" class=\"col medium-9 small-12 large-9\"  >\n\t\t\t\t<div class=\"col-inner\"  >\n\t\t\t\n\t\t\t\n<div class=\"col-sm-12\">\n<h1>Lindner Suisse definisce gli standard nella tecnologia della lana di legno<\/h1>\n<\/div>\n<div class=\"col-sm-9\">La manifattura di lana di legno Lindner Suisse \u00e8 in grado di produrre oltre 180 tipi e spessori di lana di legno per soddisfare le esigenze specifiche della clientela e con il <a href=\"https:\/\/www.holz-bois-legno.ch\/it\/vivere-e-sperimentare\/label-legno-svizzero\/caratteristiche\" target=\"_blank\" rel=\"noopener\">Label Legno Svizzero<\/a> sviluppa articoli speciali innovativi in lana di legno Howolis, utilizzati come geotessili per l\u2019edilizia infrastrutturale, il giardinaggio e la paesaggistica, l\u2019igiene degli animali o come accendifuoco, materiale da imballaggio e molto altro, che vengono distribuiti in oltre 20 paesi. Per quanto diversi possano essere i campi di applicazione della lana di legno Lindner Suisse, due cose sono sempre certe: la qualit\u00e0 e l\u2019efficienza. La lana di legno Lindner Suisse garantisce un ridotto contenuto di polvere ed \u00e8 priva di schegge. Prodotta secondo una ricetta specifica e secondo lo <a href=\"https:\/\/www.lindner.ch\/files\/content\/Downloads_Produktinformationen\/Lindner_Suisse_Howolis_standard_svizzero_lana%20di%20legno.pdf\">standard svizzero per la lana di legno<\/a>, vanta un bilancio ecologico rispettoso dell\u2019ambiente.<span style=\"color: #008000; font-size: 100%;\"><a style=\"color: #008000;\" href=\"https:\/\/www.kbob.admin.ch\/it\/dati-dellecobilancio-nel-settore-della-costruzione\" target=\"_blank\" rel=\"noopener\">(<em>vedi elenco KBOB:<\/em><\/a><\/span><br \/><a href=\"https:\/\/www.kbob.admin.ch\/it\/dati-dellecobilancio-nel-settore-della-costruzione\" target=\"_blank\" rel=\"noopener\"><span style=\"color: #008000; font-size: 90%;\">07.025.01 Holzwolle Q-Faschinen Lindner Suisse<\/span><\/a><br \/><span style=\"color: #008000; font-size: 90%;\">09.010.01 Holzwolle Erosionsschutzvlies Lindner Suisse<\/span><br \/><span style=\"color: #008000; font-size: 90%;\">09.010.02 Holzwolle Erosionsschutz-\/Abdeck-\/Schutz-\/D\u00e4mmvlies Lindner Suisse)<\/span><\/div>\n<div>\u00a0<\/div>\n<div class=\"col-sm-9\">\n<ul>\n<li>Provenienza diretta dal bosco: Lindner Suisse acquista il legno direttamente dai silvicoltori svizzeri, che lo abbattono a regola d\u2019arte durante l\u2019inverno.<\/li>\n<li>La lana di legno Lindner Suisse \u00e8 priva di agenti di protezione del legno e di additivi di qualsiasi tipo ed \u00e8 prodotta con legno svizzero di qualit\u00e0 privo di nodi (<a href=\"https:\/\/www.holz-bois-legno.ch\/it\/vivere-e-sperimentare\/label-legno-svizzero\/caratteristiche\" target=\"_blank\" rel=\"noopener\">Label Legno Svizzero<\/a>).<\/li>\n<li>Essiccato in modo ottimale: Lindner Suisse lavora solo legno essiccato per almeno 18 mesi. Infatti, solo la lana di legno completamente asciutta \u00e8 in grado di sviluppare appieno le proprie preziose propriet\u00e0 naturali.<\/li>\n<li>Prodotto di prima qualit\u00e0: il processo produttivo Lindner Suisse \u00e8 unico e garantisce una larghezza e uno spessore delle fibre costanti per ogni prodotto. La lana di legno viene inoltre sottoposta a un ulteriore processo di depolverizzazione.<\/li>\n<li>Altamente qualificati: il nostro personale competente \u00e8 a vostra disposizione per qualsiasi domanda relativa alla lana di legno.<\/li>\n<\/ul>\n<\/div>\n<div class=\"video video-fit mb box-shadow-1\" style=\"padding-top:56.25%;\"><p><iframe loading=\"lazy\" title=\"Lindner Suisse Howolis \u2013 Multifunktionale L\u00f6sungen aus regionaler Schweizer Holzwolle\" width=\"1020\" height=\"574\" src=\"https:\/\/www.youtube.com\/embed\/gL_YDPgefCk?feature=oembed\" frameborder=\"0\" allow=\"accelerometer; autoplay; clipboard-write; encrypted-media; gyroscope; picture-in-picture; web-share\" referrerpolicy=\"strict-origin-when-cross-origin\" allowfullscreen><\/iframe><\/p>\n<\/div>\n\t\t<\/div>\n\t\t\t\t\t<\/div>\n\n\t\n\n\t<div id=\"col-1075671334\" class=\"col medium-3 small-12 large-3\"  >\n\t\t\t\t<div class=\"col-inner\"  >\n\t\t\t\n\t\t\t\n\t<div class=\"img has-hover x md-x lg-x y md-y lg-y\" id=\"image_1298025923\">\n\t\t\t\t\t\t\t\t<div class=\"img-inner box-shadow-1 dark\" >\n\t\t\t<img loading=\"lazy\" decoding=\"async\" width=\"359\" height=\"1024\" src=\"https:\/\/www.lindner.ch\/wp-content\/uploads\/2020\/10\/Lindner_Holzwolle-2b8240e0-359x1024.jpg\" class=\"attachment-large size-large\" alt=\"\" srcset=\"https:\/\/www.lindner.ch\/wp-content\/uploads\/2020\/10\/Lindner_Holzwolle-2b8240e0-359x1024.jpg 359w, https:\/\/www.lindner.ch\/wp-content\/uploads\/2020\/10\/Lindner_Holzwolle-2b8240e0-105x300.jpg 105w, https:\/\/www.lindner.ch\/wp-content\/uploads\/2020\/10\/Lindner_Holzwolle-2b8240e0.jpg 480w\" sizes=\"auto, (max-width: 359px) 100vw, 359px\" \/>\t\t\t\t\t\t\n\t\t\t\t\t<\/div>\n\t\t\t\t\t\t\t\t\n<style>\n#image_1298025923 {\n  width: 100%;\n}\n<\/style>\n\t<\/div>\n\t\n\t\t<\/div>\n\t\t\t\t\t<\/div>\n\n\t\n<\/div>\n\t\t<\/div>\n\t\t\t\t\t<\/div>\n\n\t\n<\/div>\n","protected":false},"excerpt":{"rendered":"","protected":false},"author":2,"featured_media":0,"parent":0,"menu_order":0,"comment_status":"closed","ping_status":"closed","template":"page-blank.php","meta":{"inline_featured_image":false,"footnotes":""},"class_list":["post-8176","page","type-page","status-publish","hentry"],"_links":{"self":[{"href":"https:\/\/www.lindner.ch\/it\/wp-json\/wp\/v2\/pages\/8176","targetHints":{"allow":["GET"]}}],"collection":[{"href":"https:\/\/www.lindner.ch\/it\/wp-json\/wp\/v2\/pages"}],"about":[{"href":"https:\/\/www.lindner.ch\/it\/wp-json\/wp\/v2\/types\/page"}],"author":[{"embeddable":true,"href":"https:\/\/www.lindner.ch\/it\/wp-json\/wp\/v2\/users\/2"}],"replies":[{"embeddable":true,"href":"https:\/\/www.lindner.ch\/it\/wp-json\/wp\/v2\/comments?post=8176"}],"version-history":[{"count":13,"href":"https:\/\/www.lindner.ch\/it\/wp-json\/wp\/v2\/pages\/8176\/revisions"}],"predecessor-version":[{"id":8625,"href":"https:\/\/www.lindner.ch\/it\/wp-json\/wp\/v2\/pages\/8176\/revisions\/8625"}],"wp:attachment":[{"href":"https:\/\/www.lindner.ch\/it\/wp-json\/wp\/v2\/media?parent=8176"}],"curies":[{"name":"wp","href":"https:\/\/api.w.org\/{rel}","templated":true}]}}