{"id":8210,"date":"2025-08-21T10:10:56","date_gmt":"2025-08-21T08:10:56","guid":{"rendered":"https:\/\/www.lindner.ch\/manifattura-di-lana-di-legno\/giardinaggio-tempo-libero\/"},"modified":"2026-04-14T08:44:25","modified_gmt":"2026-04-14T06:44:25","slug":"giardinaggio-tempo-libero","status":"publish","type":"page","link":"https:\/\/www.lindner.ch\/it\/manifattura-di-lana-di-legno\/giardinaggio-tempo-libero\/","title":{"rendered":"Giardinaggio \/ Tempo libero"},"content":{"rendered":"\n  <div class=\"banner has-hover banner_border has-parallax\" id=\"banner-2123451376\">\n          <div class=\"banner-inner fill\">\n        <div class=\"banner-bg fill\" data-parallax=\"-3\" data-parallax-container=\".banner\" data-parallax-background>\n            <img loading=\"lazy\" decoding=\"async\" width=\"2560\" height=\"1575\" src=\"https:\/\/www.lindner.ch\/wp-content\/uploads\/2020\/10\/Lindner_Suisse-scaled.jpg\" class=\"bg attachment-original size-original\" alt=\"\" \/>                                    \n                    <\/div>\n\t\t\n        <div class=\"banner-layers container\">\n            <div class=\"fill banner-link\"><\/div>            \n\n\n        <\/div>\n      <\/div>\n\n            \n<style>\n#banner-2123451376 {\n  padding-top: 200px;\n  background-color: rgb(46, 171, 96);\n}\n#banner-2123451376 .banner-bg img {\n  object-position: 54% 55%;\n}\n<\/style>\n  <\/div>\n\n\n\t<div id=\"gap-268402936\" class=\"gap-element clearfix\" style=\"display:block; height:auto;\">\n\t\t\n<style>\n#gap-268402936 {\n  padding-top: 30px;\n}\n<\/style>\n\t<\/div>\n\t\n<div class=\"row\"  id=\"row-1650650763\">\n\n\t<div id=\"col-71811501\" class=\"col medium-3 small-12 large-3 col-divided\"  >\n\t\t\t\t<div class=\"col-inner\"  >\n\t\t\t\n\t\t\t\n<div class=\"menu-holzwolle-italienisch-2-container\"><ul id=\"menu-holzwolle-italienisch-2\" class=\"sb_navigation_holzwolle\"><li id=\"menu-item-8354\" class=\"menu-item menu-item-type-post_type menu-item-object-page menu-item-8354\"><a href=\"https:\/\/www.lindner.ch\/it\/manifattura-di-lana-di-legno\/\">Manifattura di lana di legno<\/a><\/li>\n<li id=\"menu-item-8355\" class=\"menu-item menu-item-type-post_type menu-item-object-page menu-item-has-children menu-item-8355\"><a href=\"https:\/\/www.lindner.ch\/it\/manifattura-di-lana-di-legno\/imballaggio-logistica\/\">Imballaggio \/ Logistica<\/a>\n<ul class=\"sub-menu\">\n\t<li id=\"menu-item-8356\" class=\"menu-item menu-item-type-post_type menu-item-object-page menu-item-8356\"><a href=\"https:\/\/www.lindner.ch\/it\/manifattura-di-lana-di-legno\/imballaggio-logistica\/spediline-classic\/\">spediline classic<\/a><\/li>\n\t<li id=\"menu-item-8357\" class=\"menu-item menu-item-type-post_type menu-item-object-page menu-item-8357\"><a href=\"https:\/\/www.lindner.ch\/it\/manifattura-di-lana-di-legno\/imballaggio-logistica\/spediline-food\/\">spediline food<\/a><\/li>\n\t<li id=\"menu-item-8358\" class=\"menu-item menu-item-type-post_type menu-item-object-page menu-item-8358\"><a href=\"https:\/\/www.lindner.ch\/it\/manifattura-di-lana-di-legno\/imballaggio-logistica\/spediline-extra\/\">spediline extra<\/a><\/li>\n\t<li id=\"menu-item-8359\" class=\"menu-item menu-item-type-post_type menu-item-object-page menu-item-8359\"><a href=\"https:\/\/www.lindner.ch\/it\/manifattura-di-lana-di-legno\/imballaggio-logistica\/lana-di-legno-decorativa-erba-di-grano\/\">Lana di legno decorativa \/ Erba di grano<\/a><\/li>\n<\/ul>\n<\/li>\n<li id=\"menu-item-8360\" class=\"menu-item menu-item-type-post_type menu-item-object-page menu-item-has-children menu-item-8360\"><a href=\"https:\/\/www.lindner.ch\/it\/manifattura-di-lana-di-legno\/igiene-degli-animali\/\">Igiene degli animali<\/a>\n<ul class=\"sub-menu\">\n\t<li id=\"menu-item-8513\" class=\"menu-item menu-item-type-post_type menu-item-object-page menu-item-8513\"><a href=\"https:\/\/www.lindner.ch\/it\/manifattura-di-lana-di-legno\/igiene-degli-animali\/agroclean-igiene-della-mammella\/\">agroclean\u00ae Igiene della mammella<\/a><\/li>\n<\/ul>\n<\/li>\n<li id=\"menu-item-8361\" class=\"menu-item menu-item-type-post_type menu-item-object-page menu-item-has-children menu-item-8361\"><a href=\"https:\/\/www.lindner.ch\/it\/manifattura-di-lana-di-legno\/giardinaggio-tempo-libero\/\">Giardinaggio \/ Tempo libero<\/a>\n<ul class=\"sub-menu\">\n\t<li id=\"menu-item-8362\" class=\"menu-item menu-item-type-post_type menu-item-object-page menu-item-8362\"><a href=\"https:\/\/www.lindner.ch\/it\/manifattura-di-lana-di-legno\/giardinaggio-tempo-libero\/agrohobby\/\">agrohobby<\/a><\/li>\n\t<li id=\"menu-item-8363\" class=\"menu-item menu-item-type-post_type menu-item-object-page menu-item-8363\"><a href=\"https:\/\/www.lindner.ch\/it\/manifattura-di-lana-di-legno\/giardinaggio-tempo-libero\/geotessile-antierosione-howolis\/\">Geotessile antierosione Howolis<\/a><\/li>\n\t<li id=\"menu-item-8441\" class=\"menu-item menu-item-type-post_type menu-item-object-page menu-item-8441\"><a href=\"https:\/\/www.lindner.ch\/it\/manifattura-di-lana-di-legno\/giardinaggio-tempo-libero\/lana-di-legno-decorativa-erba-di-grano\/\">Lana di legno decorativa \/ Erba di grano<\/a><\/li>\n<\/ul>\n<\/li>\n<li id=\"menu-item-8365\" class=\"menu-item menu-item-type-post_type menu-item-object-page menu-item-has-children menu-item-8365\"><a href=\"https:\/\/www.lindner.ch\/it\/manifattura-di-lana-di-legno\/accendifuoco-flamtastic\/\">Accendifuoco Flamtastic<\/a>\n<ul class=\"sub-menu\">\n\t<li id=\"menu-item-8366\" class=\"menu-item menu-item-type-post_type menu-item-object-page menu-item-8366\"><a href=\"https:\/\/www.lindner.ch\/it\/manifattura-di-lana-di-legno\/accendifuoco-flamtastic\/flamtastic\/\">Flamtastic<\/a><\/li>\n\t<li id=\"menu-item-8367\" class=\"menu-item menu-item-type-post_type menu-item-object-page menu-item-8367\"><a href=\"https:\/\/www.lindner.ch\/it\/manifattura-di-lana-di-legno\/accendifuoco-flamtastic\/segatura-combustibile\/\">Segatura combustibile<\/a><\/li>\n\t<li id=\"menu-item-8368\" class=\"menu-item menu-item-type-post_type menu-item-object-page menu-item-8368\"><a href=\"https:\/\/www.lindner.ch\/it\/manifattura-di-lana-di-legno\/accendifuoco-flamtastic\/flamtastic-come-omaggio-promozionale\/\">Flamtastic come omaggio promozionale<\/a><\/li>\n\t<li id=\"menu-item-8369\" class=\"menu-item menu-item-type-post_type menu-item-object-page menu-item-8369\"><a href=\"https:\/\/www.lindner.ch\/it\/manifattura-di-lana-di-legno\/accendifuoco-flamtastic\/rosto-cleaner\/\">Rosto-Cleaner<\/a><\/li>\n<\/ul>\n<\/li>\n<li id=\"menu-item-8390\" class=\"menu-item menu-item-type-post_type menu-item-object-page menu-item-has-children menu-item-8390\"><a href=\"https:\/\/www.lindner.ch\/it\/manifattura-di-lana-di-legno\/howolis-antierosione-drenaggio-fascine-impermeabilizzazione\/\">Howolis lana di legno<\/a>\n<ul class=\"sub-menu\">\n\t<li id=\"menu-item-8370\" class=\"menu-item menu-item-type-post_type menu-item-object-page menu-item-8370\"><a href=\"https:\/\/www.lindner.ch\/it\/manifattura-di-lana-di-legno\/howolis-antierosione-drenaggio-fascine-impermeabilizzazione\/geotessile-antierosione-howolis\/\">Geotessile antierosione Howolis<\/a><\/li>\n\t<li id=\"menu-item-8406\" class=\"menu-item menu-item-type-post_type menu-item-object-page menu-item-8406\"><a href=\"https:\/\/www.lindner.ch\/it\/manifattura-di-lana-di-legno\/howolis-antierosione-drenaggio-fascine-impermeabilizzazione\/howolis-geotessuto-di-copertura-protezione\/\">Howolis Geotessuto di copertura\/protezione<\/a><\/li>\n\t<li id=\"menu-item-8371\" class=\"menu-item menu-item-type-post_type menu-item-object-page menu-item-8371\"><a href=\"https:\/\/www.lindner.ch\/it\/manifattura-di-lana-di-legno\/howolis-antierosione-drenaggio-fascine-impermeabilizzazione\/fascina-q-howolis\/\">Fascina Q Howolis<\/a><\/li>\n\t<li id=\"menu-item-8372\" class=\"menu-item menu-item-type-post_type menu-item-object-page menu-item-8372\"><a href=\"https:\/\/www.lindner.ch\/it\/manifattura-di-lana-di-legno\/howolis-antierosione-drenaggio-fascine-impermeabilizzazione\/fascine-quickquader-howolis\/\">Fascine Quickquader Howolis<\/a><\/li>\n\t<li id=\"menu-item-8373\" class=\"menu-item menu-item-type-post_type menu-item-object-page menu-item-8373\"><a href=\"https:\/\/www.lindner.ch\/it\/manifattura-di-lana-di-legno\/howolis-antierosione-drenaggio-fascine-impermeabilizzazione\/howolis-drenoroll-tubo-di-drenaggio\/\">Howolis Drenoroll tubo di drenaggio<\/a><\/li>\n\t<li id=\"menu-item-8374\" class=\"menu-item menu-item-type-post_type menu-item-object-page menu-item-8374\"><a href=\"https:\/\/www.lindner.ch\/it\/manifattura-di-lana-di-legno\/howolis-antierosione-drenaggio-fascine-impermeabilizzazione\/howolis-drenogrid-elemento-di-impermeabilizzazione\/\">HOWOLIS Drenogrid Elemento di impermeabilizzazione<\/a><\/li>\n\t<li id=\"menu-item-8376\" class=\"menu-item menu-item-type-post_type menu-item-object-page menu-item-8376\"><a href=\"https:\/\/www.lindner.ch\/it\/manifattura-di-lana-di-legno\/howolis-antierosione-drenaggio-fascine-impermeabilizzazione\/howolis-snowfarming-depositi-di-neve\/\">Howolis Snowfarming \/ Depositi di neve con lana di legno svizzera<\/a><\/li>\n\t<li id=\"menu-item-8377\" class=\"menu-item menu-item-type-post_type menu-item-object-page menu-item-8377\"><a href=\"https:\/\/www.lindner.ch\/it\/manifattura-di-lana-di-legno\/howolis-antierosione-drenaggio-fascine-impermeabilizzazione\/howolis-early-green\/\">Howolis Early Green<\/a><\/li>\n\t<li id=\"menu-item-8378\" class=\"menu-item menu-item-type-post_type menu-item-object-page menu-item-8378\"><a href=\"https:\/\/www.lindner.ch\/it\/manifattura-di-lana-di-legno\/howolis-antierosione-drenaggio-fascine-impermeabilizzazione\/lana-di-legno-sfusa-per-drenaggi-paratie\/\">Lana di legno (sfusa) per drenaggi \/ paratie<\/a><\/li>\n\t<li id=\"menu-item-8379\" class=\"menu-item menu-item-type-post_type menu-item-object-page menu-item-8379\"><a href=\"https:\/\/www.lindner.ch\/it\/manifattura-di-lana-di-legno\/howolis-antierosione-drenaggio-fascine-impermeabilizzazione\/materiale-ausiliario-howolis\/\">Materiale ausiliario Howolis<\/a><\/li>\n\t<li id=\"menu-item-8380\" class=\"menu-item menu-item-type-post_type menu-item-object-page menu-item-8380\"><a href=\"https:\/\/www.lindner.ch\/it\/manifattura-di-lana-di-legno\/howolis-antierosione-drenaggio-fascine-impermeabilizzazione\/drenotube\/\">drenotube \u00ae<\/a><\/li>\n<\/ul>\n<\/li>\n<li id=\"menu-item-8381\" class=\"menu-item menu-item-type-post_type menu-item-object-page menu-item-8381\"><a href=\"https:\/\/www.lindner.ch\/it\/manifattura-di-lana-di-legno\/la-storia-della-lana-di-legno\/\">La storia della lana di legno<\/a><\/li>\n<li id=\"menu-item-8382\" class=\"menu-item menu-item-type-post_type menu-item-object-page menu-item-8382\"><a href=\"https:\/\/www.lindner.ch\/it\/manifattura-di-lana-di-legno\/mostre-fiere\/\">Mostre \/ Fiere<\/a><\/li>\n<\/ul><\/div>\n\t\t<\/div>\n\t\t\t\t\t<\/div>\n\n\t\n\n\t<div id=\"col-1578452479\" class=\"col medium-9 small-12 large-9\"  >\n\t\t\t\t<div class=\"col-inner\"  >\n\t\t\t\n\t\t\t\n<div class=\"row\"  id=\"row-761027667\">\n\n\t<div id=\"col-1412986197\" class=\"col medium-9 small-12 large-9\"  >\n\t\t\t\t<div class=\"col-inner\"  >\n\t\t\t\n\t\t\t\n<h1>agrohobby<\/h1>\n<p><strong>Respinge efficacemente le lumache!<\/strong><\/p>\n<p>agrohobby \u00e8 un prodotto completamente naturale realizzato con legno svizzero di alta qualit\u00e0, ideale come supporto per fragole, cetrioli, meloni, zucche e zucchine. La lana di legno tradizionale non \u00e8 adatta a questo scopo. Infatti, grazie alla selezione dei legni e all\u2019esclusivo processo di produzione Lindner Suisse, solo la lana di legno per giardinaggio agrohobby viene lavorata in modo tale da tenere lontane le lumache. Grazie al taglio speciale, la fibra di lana di legno rimane stabile e mantiene la tensione necessaria per sostenere i frutti appoggiati. <a title=\"agrohobby\" href=\"https:\/\/www.lindner.ch\/it\/manifattura-di-lana-di-legno\/giardinaggio-tempo-libero\/agrohobby\/\">Scoprite di pi\u00f9\u2026<\/a><a href=\"https:\/\/www.lindner.ch\/agrohobby.html\"><br \/><\/a><\/p>\n\t\t<\/div>\n\t\t\t\t\t<\/div>\n\n\t\n\n\t<div id=\"col-260912557\" class=\"col medium-3 small-12 large-3\"  >\n\t\t\t\t<div class=\"col-inner\"  >\n\t\t\t\n\t\t\t\n\t<div class=\"img has-hover x md-x lg-x y md-y lg-y\" id=\"image_1775265999\">\n\t\t\t\t\t\t\t\t<div class=\"img-inner dark\" >\n\t\t\t<img loading=\"lazy\" decoding=\"async\" width=\"480\" height=\"250\" src=\"https:\/\/www.lindner.ch\/wp-content\/uploads\/2020\/10\/agrohobby_Logo-3347c3b4.jpg\" class=\"attachment-large size-large\" alt=\"\" srcset=\"https:\/\/www.lindner.ch\/wp-content\/uploads\/2020\/10\/agrohobby_Logo-3347c3b4.jpg 480w, https:\/\/www.lindner.ch\/wp-content\/uploads\/2020\/10\/agrohobby_Logo-3347c3b4-300x156.jpg 300w\" sizes=\"auto, (max-width: 480px) 100vw, 480px\" \/>\t\t\t\t\t\t\n\t\t\t\t\t<\/div>\n\t\t\t\t\t\t\t\t\n<style>\n#image_1775265999 {\n  width: 100%;\n}\n<\/style>\n\t<\/div>\n\t\n\t\t<\/div>\n\t\t\t\t\t<\/div>\n\n\t\n<\/div>\n<div class=\"row\"  id=\"row-1923612371\">\n\n\t<div id=\"col-617485696\" class=\"col medium-9 small-12 large-9\"  >\n\t\t\t\t<div class=\"col-inner\"  >\n\t\t\t\n\t\t\t\n<h1>Howolis \u2013 Lana di legno<\/h1>\n<p>Un materiale, molteplici applicazioni: ecco Howolis, il velo di lana di legno realizzato al 100% con legno svizzero\/fibre naturali <a href=\"https:\/\/www.holz-bois-legno.ch\/it\/vivere-e-sperimentare\/label-legno-svizzero\/caratteristiche\" target=\"_blank\" rel=\"noopener\">(Label Legno Svizzero)<\/a>. Howolis offre una protezione naturale e sostenibile contro l\u2019inverno, l\u2019erosione e le erbacce. In breve: un prodotto unico, di alta qualit\u00e0 ed ecologico, che fa battere forte il cuore di ogni utente. Inoltre, i veli Howolis rappresentano l\u2019alternativa svizzera ai veli di fibre naturali di importazione. Prodotti secondo lo <a href=\"https:\/\/www.lindner.ch\/files\/content\/Downloads_Produktinformationen\/Lindner_Suisse_Howolis_standard_svizzero_lana%20di%20legno.pdf\">standard svizzero per lana di legno<\/a>, presentano un bilancio ecologico rispettoso dell\u2019ambiente.<\/p>\n<p><a title=\"Geotessile antierosione Howolis\" href=\"https:\/\/www.lindner.ch\/it\/manifattura-di-lana-di-legno\/giardinaggio-tempo-libero\/geotessile-antierosione-howolis\/\"><strong>Geotessile antierosione Howolis <\/strong><\/a>\u2013 la protezione naturale contro l\u2019erosione causata dal vento e dall\u2019acqua<\/p>\n\t\t<\/div>\n\t\t\t\t\t<\/div>\n\n\t\n\n\t<div id=\"col-64690019\" class=\"col medium-3 small-12 large-3\"  >\n\t\t\t\t<div class=\"col-inner\"  >\n\t\t\t\n\t\t\t\n\t<div class=\"img has-hover x md-x lg-x y md-y lg-y\" id=\"image_1894256368\">\n\t\t\t\t\t\t\t\t<div class=\"img-inner dark\" >\n\t\t\t<img loading=\"lazy\" decoding=\"async\" width=\"480\" height=\"119\" src=\"https:\/\/www.lindner.ch\/wp-content\/uploads\/2020\/10\/Logo-Howolis-5b936cba.jpg\" class=\"attachment-large size-large\" alt=\"\" srcset=\"https:\/\/www.lindner.ch\/wp-content\/uploads\/2020\/10\/Logo-Howolis-5b936cba.jpg 480w, https:\/\/www.lindner.ch\/wp-content\/uploads\/2020\/10\/Logo-Howolis-5b936cba-300x74.jpg 300w\" sizes=\"auto, (max-width: 480px) 100vw, 480px\" \/>\t\t\t\t\t\t\n\t\t\t\t\t<\/div>\n\t\t\t\t\t\t\t\t\n<style>\n#image_1894256368 {\n  width: 100%;\n}\n<\/style>\n\t<\/div>\n\t\n\t\t<\/div>\n\t\t\t\t\t<\/div>\n\n\t\n<\/div>\n<div class=\"row\"  id=\"row-778714240\">\n\n\t<div id=\"col-700512236\" class=\"col small-12 large-12\"  >\n\t\t\t\t<div class=\"col-inner\"  >\n\t\t\t\n\t\t\t\n<h2>I nostri prodotti<\/h2>\n\n  \n    <div class=\"row large-columns-3 medium-columns- small-columns-2 row-small has-shadow row-box-shadow-1 row-box-shadow-2-hover\" >\n  <div class=\"page-col col\" >\n          <div class=\"col-inner\" >\n          <a class=\"block plain\" href=\"https:\/\/www.lindner.ch\/it\/manifattura-di-lana-di-legno\/giardinaggio-tempo-libero\/agrohobby\/\" title=\"agrohobby\" target=\"\">\n            <div class=\"page-box box has-hover box-default\">\n                  <div class=\"box-image\" >\n                      <div class=\"box-image\" >\n                                            <\/div>\n                                                              <\/div>\n                  <div class=\"box-text text-left is-large dark\" style=\"background-color:rgb(39, 174, 96);padding:8px 8px 8px 8px;\">\n                        <div class=\"box-text-inner\">\n                            <p>agrohobby<\/p>\n                        <\/div>\n                  <\/div>\n              <\/div>\n            <\/a>\n            <\/div>\n          <\/div><div class=\"page-col col\" >\n          <div class=\"col-inner\" >\n          <a class=\"block plain\" href=\"https:\/\/www.lindner.ch\/it\/manifattura-di-lana-di-legno\/giardinaggio-tempo-libero\/geotessile-antierosione-howolis\/\" title=\"Geotessile antierosione Howolis\" target=\"\">\n            <div class=\"page-box box has-hover box-default\">\n                  <div class=\"box-image\" >\n                      <div class=\"box-image\" >\n                      <img loading=\"lazy\" decoding=\"async\" width=\"258\" height=\"300\" src=\"https:\/\/www.lindner.ch\/wp-content\/uploads\/2020\/12\/Howolis_Erosionsschutz-258x300.jpg\" class=\"attachment-medium size-medium\" alt=\"\" srcset=\"https:\/\/www.lindner.ch\/wp-content\/uploads\/2020\/12\/Howolis_Erosionsschutz-258x300.jpg 258w, https:\/\/www.lindner.ch\/wp-content\/uploads\/2020\/12\/Howolis_Erosionsschutz-880x1024.jpg 880w, https:\/\/www.lindner.ch\/wp-content\/uploads\/2020\/12\/Howolis_Erosionsschutz-768x893.jpg 768w, https:\/\/www.lindner.ch\/wp-content\/uploads\/2020\/12\/Howolis_Erosionsschutz-1321x1536.jpg 1321w, https:\/\/www.lindner.ch\/wp-content\/uploads\/2020\/12\/Howolis_Erosionsschutz-600x698.jpg 600w, https:\/\/www.lindner.ch\/wp-content\/uploads\/2020\/12\/Howolis_Erosionsschutz.jpg 1509w\" sizes=\"auto, (max-width: 258px) 100vw, 258px\" \/>                      <\/div>\n                                                              <\/div>\n                  <div class=\"box-text text-left is-large dark\" style=\"background-color:rgb(39, 174, 96);padding:8px 8px 8px 8px;\">\n                        <div class=\"box-text-inner\">\n                            <p>Geotessile antierosione Howolis<\/p>\n                        <\/div>\n                  <\/div>\n              <\/div>\n            <\/a>\n            <\/div>\n          <\/div><div class=\"page-col col\" >\n          <div class=\"col-inner\" >\n          <a class=\"block plain\" href=\"https:\/\/www.lindner.ch\/it\/manifattura-di-lana-di-legno\/giardinaggio-tempo-libero\/lana-di-legno-decorativa-erba-di-grano\/\" title=\"Lana di legno decorativa \/ Erba di grano\" target=\"\">\n            <div class=\"page-box box has-hover box-default\">\n                  <div class=\"box-image\" >\n                      <div class=\"box-image\" >\n                                            <\/div>\n                                                              <\/div>\n                  <div class=\"box-text text-left is-large dark\" style=\"background-color:rgb(39, 174, 96);padding:8px 8px 8px 8px;\">\n                        <div class=\"box-text-inner\">\n                            <p>Lana di legno decorativa \/ Erba di grano<\/p>\n                        <\/div>\n                  <\/div>\n              <\/div>\n            <\/a>\n            <\/div>\n          <\/div><\/div>\n\t\t<\/div>\n\t\t\t\t\t<\/div>\n\n\t\n<\/div>\n\t\t<\/div>\n\t\t\t\t\t<\/div>\n\n\t\n<\/div>\n","protected":false},"excerpt":{"rendered":"","protected":false},"author":2,"featured_media":0,"parent":8176,"menu_order":0,"comment_status":"closed","ping_status":"closed","template":"page-blank.php","meta":{"inline_featured_image":false,"footnotes":""},"class_list":["post-8210","page","type-page","status-publish","hentry"],"_links":{"self":[{"href":"https:\/\/www.lindner.ch\/it\/wp-json\/wp\/v2\/pages\/8210","targetHints":{"allow":["GET"]}}],"collection":[{"href":"https:\/\/www.lindner.ch\/it\/wp-json\/wp\/v2\/pages"}],"about":[{"href":"https:\/\/www.lindner.ch\/it\/wp-json\/wp\/v2\/types\/page"}],"author":[{"embeddable":true,"href":"https:\/\/www.lindner.ch\/it\/wp-json\/wp\/v2\/users\/2"}],"replies":[{"embeddable":true,"href":"https:\/\/www.lindner.ch\/it\/wp-json\/wp\/v2\/comments?post=8210"}],"version-history":[{"count":17,"href":"https:\/\/www.lindner.ch\/it\/wp-json\/wp\/v2\/pages\/8210\/revisions"}],"predecessor-version":[{"id":8839,"href":"https:\/\/www.lindner.ch\/it\/wp-json\/wp\/v2\/pages\/8210\/revisions\/8839"}],"up":[{"embeddable":true,"href":"https:\/\/www.lindner.ch\/it\/wp-json\/wp\/v2\/pages\/8176"}],"wp:attachment":[{"href":"https:\/\/www.lindner.ch\/it\/wp-json\/wp\/v2\/media?parent=8210"}],"curies":[{"name":"wp","href":"https:\/\/api.w.org\/{rel}","templated":true}]}}