{"id":8234,"date":"2025-08-21T10:55:22","date_gmt":"2025-08-21T08:55:22","guid":{"rendered":"https:\/\/www.lindner.ch\/manifattura-di-lana-di-legno\/accendifuoco-flamtastic\/segatura-combustibile\/"},"modified":"2025-09-23T15:47:11","modified_gmt":"2025-09-23T13:47:11","slug":"segatura-combustibile","status":"publish","type":"page","link":"https:\/\/www.lindner.ch\/it\/manifattura-di-lana-di-legno\/accendifuoco-flamtastic\/segatura-combustibile\/","title":{"rendered":"Segatura combustibile"},"content":{"rendered":"\n  <div class=\"banner has-hover banner_border has-parallax\" id=\"banner-75037663\">\n          <div class=\"banner-inner fill\">\n        <div class=\"banner-bg fill\" data-parallax=\"-3\" data-parallax-container=\".banner\" data-parallax-background>\n            <img loading=\"lazy\" decoding=\"async\" width=\"1020\" height=\"628\" src=\"https:\/\/www.lindner.ch\/wp-content\/uploads\/2020\/10\/Lindner_Suisse-1024x630.jpg\" class=\"bg attachment-large size-large\" alt=\"\" \/>                                    \n                    <\/div>\n\t\t\n        <div class=\"banner-layers container\">\n            <div class=\"fill banner-link\"><\/div>            \n        <\/div>\n      <\/div>\n\n            \n<style>\n#banner-75037663 {\n  padding-top: 200px;\n  background-color: rgb(46, 171, 96);\n}\n#banner-75037663 .banner-bg img {\n  object-position: 55% 51%;\n}\n<\/style>\n  <\/div>\n\n\n<div class=\"row\"  id=\"row-2101115359\">\n\n\t<div id=\"col-801501596\" class=\"col medium-3 small-12 large-3 col-divided\"  >\n\t\t\t\t<div class=\"col-inner\"  >\n\t\t\t\n\t\t\t\n<div class=\"menu-holzwolle-italienisch-2-container\"><ul id=\"menu-holzwolle-italienisch-2\" class=\"sb_navigation_holzwolle\"><li id=\"menu-item-8354\" class=\"menu-item menu-item-type-post_type menu-item-object-page menu-item-8354\"><a href=\"https:\/\/www.lindner.ch\/it\/manifattura-di-lana-di-legno\/\">Manifattura di lana di legno<\/a><\/li>\n<li id=\"menu-item-8355\" class=\"menu-item menu-item-type-post_type menu-item-object-page menu-item-has-children menu-item-8355\"><a href=\"https:\/\/www.lindner.ch\/it\/manifattura-di-lana-di-legno\/imballaggio-logistica\/\">Imballaggio \/ Logistica<\/a>\n<ul class=\"sub-menu\">\n\t<li id=\"menu-item-8356\" class=\"menu-item menu-item-type-post_type menu-item-object-page menu-item-8356\"><a href=\"https:\/\/www.lindner.ch\/it\/manifattura-di-lana-di-legno\/imballaggio-logistica\/spediline-classic\/\">spediline classic<\/a><\/li>\n\t<li id=\"menu-item-8357\" class=\"menu-item menu-item-type-post_type menu-item-object-page menu-item-8357\"><a href=\"https:\/\/www.lindner.ch\/it\/manifattura-di-lana-di-legno\/imballaggio-logistica\/spediline-food\/\">spediline food<\/a><\/li>\n\t<li id=\"menu-item-8358\" class=\"menu-item menu-item-type-post_type menu-item-object-page menu-item-8358\"><a href=\"https:\/\/www.lindner.ch\/it\/manifattura-di-lana-di-legno\/imballaggio-logistica\/spediline-extra\/\">spediline extra<\/a><\/li>\n\t<li id=\"menu-item-8359\" class=\"menu-item menu-item-type-post_type menu-item-object-page menu-item-8359\"><a href=\"https:\/\/www.lindner.ch\/it\/manifattura-di-lana-di-legno\/imballaggio-logistica\/lana-di-legno-decorativa-erba-di-grano\/\">Lana di legno decorativa \/ Erba di grano<\/a><\/li>\n<\/ul>\n<\/li>\n<li id=\"menu-item-8360\" class=\"menu-item menu-item-type-post_type menu-item-object-page menu-item-has-children menu-item-8360\"><a href=\"https:\/\/www.lindner.ch\/it\/manifattura-di-lana-di-legno\/igiene-degli-animali\/\">Igiene degli animali<\/a>\n<ul class=\"sub-menu\">\n\t<li id=\"menu-item-8513\" class=\"menu-item menu-item-type-post_type menu-item-object-page menu-item-8513\"><a href=\"https:\/\/www.lindner.ch\/it\/manifattura-di-lana-di-legno\/igiene-degli-animali\/agroclean-igiene-della-mammella\/\">agroclean\u00ae Igiene della mammella<\/a><\/li>\n<\/ul>\n<\/li>\n<li id=\"menu-item-8361\" class=\"menu-item menu-item-type-post_type menu-item-object-page menu-item-has-children menu-item-8361\"><a href=\"https:\/\/www.lindner.ch\/it\/manifattura-di-lana-di-legno\/giardinaggio-tempo-libero\/\">Giardinaggio \/ Tempo libero<\/a>\n<ul class=\"sub-menu\">\n\t<li id=\"menu-item-8362\" class=\"menu-item menu-item-type-post_type menu-item-object-page menu-item-8362\"><a href=\"https:\/\/www.lindner.ch\/it\/manifattura-di-lana-di-legno\/giardinaggio-tempo-libero\/agrohobby\/\">agrohobby<\/a><\/li>\n\t<li id=\"menu-item-8363\" class=\"menu-item menu-item-type-post_type menu-item-object-page menu-item-8363\"><a href=\"https:\/\/www.lindner.ch\/it\/manifattura-di-lana-di-legno\/giardinaggio-tempo-libero\/geotessile-antierosione-howolis\/\">Geotessile antierosione Howolis<\/a><\/li>\n\t<li id=\"menu-item-8441\" class=\"menu-item menu-item-type-post_type menu-item-object-page menu-item-8441\"><a href=\"https:\/\/www.lindner.ch\/it\/manifattura-di-lana-di-legno\/giardinaggio-tempo-libero\/lana-di-legno-decorativa-erba-di-grano\/\">Lana di legno decorativa \/ Erba di grano<\/a><\/li>\n<\/ul>\n<\/li>\n<li id=\"menu-item-8365\" class=\"menu-item menu-item-type-post_type menu-item-object-page menu-item-has-children menu-item-8365\"><a href=\"https:\/\/www.lindner.ch\/it\/manifattura-di-lana-di-legno\/accendifuoco-flamtastic\/\">Accendifuoco Flamtastic<\/a>\n<ul class=\"sub-menu\">\n\t<li id=\"menu-item-8366\" class=\"menu-item menu-item-type-post_type menu-item-object-page menu-item-8366\"><a href=\"https:\/\/www.lindner.ch\/it\/manifattura-di-lana-di-legno\/accendifuoco-flamtastic\/flamtastic\/\">Flamtastic<\/a><\/li>\n\t<li id=\"menu-item-8367\" class=\"menu-item menu-item-type-post_type menu-item-object-page menu-item-8367\"><a href=\"https:\/\/www.lindner.ch\/it\/manifattura-di-lana-di-legno\/accendifuoco-flamtastic\/segatura-combustibile\/\">Segatura combustibile<\/a><\/li>\n\t<li id=\"menu-item-8368\" class=\"menu-item menu-item-type-post_type menu-item-object-page menu-item-8368\"><a href=\"https:\/\/www.lindner.ch\/it\/manifattura-di-lana-di-legno\/accendifuoco-flamtastic\/flamtastic-come-omaggio-promozionale\/\">Flamtastic come omaggio promozionale<\/a><\/li>\n\t<li id=\"menu-item-8369\" class=\"menu-item menu-item-type-post_type menu-item-object-page menu-item-8369\"><a href=\"https:\/\/www.lindner.ch\/it\/manifattura-di-lana-di-legno\/accendifuoco-flamtastic\/rosto-cleaner\/\">Rosto-Cleaner<\/a><\/li>\n<\/ul>\n<\/li>\n<li id=\"menu-item-8390\" class=\"menu-item menu-item-type-post_type menu-item-object-page menu-item-has-children menu-item-8390\"><a href=\"https:\/\/www.lindner.ch\/it\/manifattura-di-lana-di-legno\/howolis-antierosione-drenaggio-fascine-impermeabilizzazione\/\">Howolis lana di legno<\/a>\n<ul class=\"sub-menu\">\n\t<li id=\"menu-item-8370\" class=\"menu-item menu-item-type-post_type menu-item-object-page menu-item-8370\"><a href=\"https:\/\/www.lindner.ch\/it\/manifattura-di-lana-di-legno\/howolis-antierosione-drenaggio-fascine-impermeabilizzazione\/geotessile-antierosione-howolis\/\">Geotessile antierosione Howolis<\/a><\/li>\n\t<li id=\"menu-item-8406\" class=\"menu-item menu-item-type-post_type menu-item-object-page menu-item-8406\"><a href=\"https:\/\/www.lindner.ch\/it\/manifattura-di-lana-di-legno\/howolis-antierosione-drenaggio-fascine-impermeabilizzazione\/howolis-geotessuto-di-copertura-protezione\/\">Howolis Geotessuto di copertura\/protezione<\/a><\/li>\n\t<li id=\"menu-item-8371\" class=\"menu-item menu-item-type-post_type menu-item-object-page menu-item-8371\"><a href=\"https:\/\/www.lindner.ch\/it\/manifattura-di-lana-di-legno\/howolis-antierosione-drenaggio-fascine-impermeabilizzazione\/fascina-q-howolis\/\">Fascina Q Howolis<\/a><\/li>\n\t<li id=\"menu-item-8372\" class=\"menu-item menu-item-type-post_type menu-item-object-page menu-item-8372\"><a href=\"https:\/\/www.lindner.ch\/it\/manifattura-di-lana-di-legno\/howolis-antierosione-drenaggio-fascine-impermeabilizzazione\/fascine-quickquader-howolis\/\">Fascine Quickquader Howolis<\/a><\/li>\n\t<li id=\"menu-item-8373\" class=\"menu-item menu-item-type-post_type menu-item-object-page menu-item-8373\"><a href=\"https:\/\/www.lindner.ch\/it\/manifattura-di-lana-di-legno\/howolis-antierosione-drenaggio-fascine-impermeabilizzazione\/howolis-drenoroll-tubo-di-drenaggio\/\">Howolis Drenoroll tubo di drenaggio<\/a><\/li>\n\t<li id=\"menu-item-8374\" class=\"menu-item menu-item-type-post_type menu-item-object-page menu-item-8374\"><a href=\"https:\/\/www.lindner.ch\/it\/manifattura-di-lana-di-legno\/howolis-antierosione-drenaggio-fascine-impermeabilizzazione\/howolis-drenogrid-elemento-di-impermeabilizzazione\/\">HOWOLIS Drenogrid Elemento di impermeabilizzazione<\/a><\/li>\n\t<li id=\"menu-item-8376\" class=\"menu-item menu-item-type-post_type menu-item-object-page menu-item-8376\"><a href=\"https:\/\/www.lindner.ch\/it\/manifattura-di-lana-di-legno\/howolis-antierosione-drenaggio-fascine-impermeabilizzazione\/howolis-snowfarming-depositi-di-neve\/\">Howolis Snowfarming \/ Depositi di neve con lana di legno svizzera<\/a><\/li>\n\t<li id=\"menu-item-8377\" class=\"menu-item menu-item-type-post_type menu-item-object-page menu-item-8377\"><a href=\"https:\/\/www.lindner.ch\/it\/manifattura-di-lana-di-legno\/howolis-antierosione-drenaggio-fascine-impermeabilizzazione\/howolis-early-green\/\">Howolis Early Green<\/a><\/li>\n\t<li id=\"menu-item-8378\" class=\"menu-item menu-item-type-post_type menu-item-object-page menu-item-8378\"><a href=\"https:\/\/www.lindner.ch\/it\/manifattura-di-lana-di-legno\/howolis-antierosione-drenaggio-fascine-impermeabilizzazione\/lana-di-legno-sfusa-per-drenaggi-paratie\/\">Lana di legno (sfusa) per drenaggi \/ paratie<\/a><\/li>\n\t<li id=\"menu-item-8379\" class=\"menu-item menu-item-type-post_type menu-item-object-page menu-item-8379\"><a href=\"https:\/\/www.lindner.ch\/it\/manifattura-di-lana-di-legno\/howolis-antierosione-drenaggio-fascine-impermeabilizzazione\/materiale-ausiliario-howolis\/\">Materiale ausiliario Howolis<\/a><\/li>\n\t<li id=\"menu-item-8380\" class=\"menu-item menu-item-type-post_type menu-item-object-page menu-item-8380\"><a href=\"https:\/\/www.lindner.ch\/it\/manifattura-di-lana-di-legno\/howolis-antierosione-drenaggio-fascine-impermeabilizzazione\/drenotube\/\">drenotube \u00ae<\/a><\/li>\n<\/ul>\n<\/li>\n<li id=\"menu-item-8381\" class=\"menu-item menu-item-type-post_type menu-item-object-page menu-item-8381\"><a href=\"https:\/\/www.lindner.ch\/it\/manifattura-di-lana-di-legno\/la-storia-della-lana-di-legno\/\">La storia della lana di legno<\/a><\/li>\n<li id=\"menu-item-8382\" class=\"menu-item menu-item-type-post_type menu-item-object-page menu-item-8382\"><a href=\"https:\/\/www.lindner.ch\/it\/manifattura-di-lana-di-legno\/mostre-fiere\/\">Mostre \/ Fiere<\/a><\/li>\n<\/ul><\/div>\n\t\t<\/div>\n\t\t\t\t\t<\/div>\n\n\t\n\n\t<div id=\"col-343253490\" class=\"col medium-9 small-12 large-9\"  >\n\t\t\t\t<div class=\"col-inner\"  >\n\t\t\t\n\t\t\t\n<div class=\"row\"  id=\"row-1505058593\">\n\n\t<div id=\"col-903556147\" class=\"col medium-9 small-12 large-9\"  >\n\t\t\t\t<div class=\"col-inner\"  >\n\t\t\t\n\t\t\t\n<h1>Segatura combustibile accendifuoco<\/h1>\n<ul>\n<li>certificata: la segatura combustibile (sfusa) \u00e8 l\u2019accendifuoco ideale per il barbecue, il camino, la stufa in maiolica o il fal\u00f2 ed \u00e8 testata e certificata secondo la norma DIN EN 1860-3.<\/li>\n<li>qualit\u00e0 premium: la segatura combustibile \u00e8 naturale al 100% e non produce fumo n\u00e9 fuliggine. Non lascia residui durante la combustione.<\/li>\n<li>semplice, rapida e sicura: basta posizionare la segatura combustibile tra la legna o la carbonella, accenderla con un fiammifero e il gioco \u00e8 fatto!<\/li>\n<li>garantita: la segatura combustibile \u00e8 un prodotto completamente naturale.<\/li>\n<li>prodotto secondo lo <a href=\"https:\/\/www.lindner.ch\/files\/content\/Downloads_Produktinformationen\/Lindner_Suisse_Howolis_standard_svizzero_lana%20di%20legno.pdf\">standard svizzero per la lana di legno<\/a><\/li>\n<\/ul>\n<p>E in pi\u00f9: la segatura viene confezionata, pesata e pallettizzata in stabilimenti svizzeri dove lavorano, studiano e vivono persone con disabilit\u00e0 mentali, fisiche e psichiche.<\/p>\n<p><strong>1 chilogrammo: sufficiente per circa 50 utilizzi.<\/strong><\/p>\n<p>Prezzi per quantit\u00e0 maggiori su richiesta. Non esitate a contattarci telefonicamente, siamo a vostra completa disposizione.<\/p>\n<p><strong>Disponibile fino a esaurimento scorte.<\/strong><\/p>\n\t\t<\/div>\n\t\t\t\t\t<\/div>\n\n\t\n\n\t<div id=\"col-2131040618\" class=\"col medium-3 small-12 large-3\"  >\n\t\t\t\t<div class=\"col-inner\"  >\n\t\t\t\n\t\t\t\n\t<div class=\"img has-hover holzwolle_b x md-x lg-x y md-y lg-y\" id=\"image_288655502\">\n\t\t<a class=\"image-lightbox lightbox-gallery\" title=\"\" href=\"https:\/\/www.lindner.ch\/wp-content\/uploads\/2021\/04\/zuendstreusel_5_klein.jpg\">\t\t\t\t\t\t<div class=\"img-inner dark\" >\n\t\t\t<img loading=\"lazy\" decoding=\"async\" width=\"731\" height=\"897\" src=\"https:\/\/www.lindner.ch\/wp-content\/uploads\/2021\/04\/zuendstreusel_5_klein.jpg\" class=\"attachment-large size-large\" alt=\"\" srcset=\"https:\/\/www.lindner.ch\/wp-content\/uploads\/2021\/04\/zuendstreusel_5_klein.jpg 731w, https:\/\/www.lindner.ch\/wp-content\/uploads\/2021\/04\/zuendstreusel_5_klein-244x300.jpg 244w\" sizes=\"auto, (max-width: 731px) 100vw, 731px\" \/>\t\t\t\t\t\t\n\t\t\t\t\t<\/div>\n\t\t\t\t\t\t<\/a>\t\t\n<style>\n#image_288655502 {\n  width: 100%;\n}\n<\/style>\n\t<\/div>\n\t\n\t\t<\/div>\n\t\t\t\t\t<\/div>\n\n\t\n\n\t<div id=\"col-258563560\" class=\"col small-12 large-12\"  >\n\t\t\t\t<div class=\"col-inner\"  >\n\t\t\t\n\t\t\t\n\t\n  \n    <div class=\"row large-columns-4 medium-columns-3 small-columns-2 row-small\" >\n  \n\t     <div class=\"col\" >\n\t\t\t\t\t\t<div class=\"col-inner\">\n\t\t\t\t\t\t\n<div class=\"badge-container absolute left top z-1\">\n\n<\/div>\n\t\t\t\t\t\t<div class=\"product-small box has-hover box-normal box-text-bottom\">\n\t\t\t\t\t\t\t<div class=\"box-image\" >\n\t\t\t\t\t\t\t\t<div class=\"\" >\n\t\t\t\t\t\t\t\t\t<a href=\"https:\/\/www.lindner.ch\/it\/produkt\/zuendstreusel-sack-1-kg\/\" aria-label=\"Z\u00fcndstreusel Sack 1 kg\">\n\t\t\t\t\t\t\t\t\t\t<img loading=\"lazy\" decoding=\"async\" width=\"720\" height=\"720\" src=\"https:\/\/www.lindner.ch\/wp-content\/uploads\/2021\/04\/zuendstreusel_1-1-720x720.jpg\" class=\"show-on-hover absolute fill hide-for-small back-image\" alt=\"Alternative view of Z\u00fcndstreusel Sack 1 kg\" aria-hidden=\"true\" srcset=\"https:\/\/www.lindner.ch\/wp-content\/uploads\/2021\/04\/zuendstreusel_1-1-720x720.jpg 720w, https:\/\/www.lindner.ch\/wp-content\/uploads\/2021\/04\/zuendstreusel_1-1-150x150.jpg 150w, https:\/\/www.lindner.ch\/wp-content\/uploads\/2021\/04\/zuendstreusel_1-1-100x100.jpg 100w\" sizes=\"auto, (max-width: 720px) 100vw, 720px\" \/><img loading=\"lazy\" decoding=\"async\" width=\"720\" height=\"720\" src=\"https:\/\/www.lindner.ch\/wp-content\/uploads\/2021\/04\/zuendstreusel_5_klein-720x720.jpg\" class=\"attachment-woocommerce_thumbnail size-woocommerce_thumbnail\" alt=\"Z\u00fcndstreusel Sack 1 kg\" srcset=\"https:\/\/www.lindner.ch\/wp-content\/uploads\/2021\/04\/zuendstreusel_5_klein-720x720.jpg 720w, https:\/\/www.lindner.ch\/wp-content\/uploads\/2021\/04\/zuendstreusel_5_klein-150x150.jpg 150w, https:\/\/www.lindner.ch\/wp-content\/uploads\/2021\/04\/zuendstreusel_5_klein-100x100.jpg 100w\" sizes=\"auto, (max-width: 720px) 100vw, 720px\" \/>\t\t\t\t\t\t\t\t\t<\/a>\n\t\t\t\t\t\t\t\t\t\t\t\t\t\t\t\t\t\t \t\t\t\t\t\t\t\t<\/div>\n\t\t\t\t\t\t\t\t<div class=\"image-tools top right show-on-hover\">\n\t\t\t\t\t\t\t\t\t\t\t\t\t\t\t\t\t<\/div>\n\t\t\t\t\t\t\t\t\t\t\t\t\t\t\t\t\t<div class=\"image-tools grid-tools text-center hide-for-small bottom hover-slide-in show-on-hover\">\n\t\t\t\t\t\t\t\t\t\t\t\t\t\t\t\t\t\t\t<\/div>\n\t\t\t\t\t\t\t\t\t\t\t\t\t\t\t\t\t\t\t\t\t\t\t<\/div>\n\n\t\t\t\t\t\t\t<div class=\"box-text text-center\" >\n\t\t\t\t\t\t\t\t<div class=\"title-wrapper\">\t\t<p class=\"category uppercase is-smaller no-text-overflow product-cat op-8\">\n\t\t\tZ\u00fcndstreusel\t\t<\/p>\n\t<p class=\"name product-title woocommerce-loop-product__title\"><a href=\"https:\/\/www.lindner.ch\/it\/produkt\/zuendstreusel-sack-1-kg\/\" class=\"woocommerce-LoopProduct-link woocommerce-loop-product__link\">Z\u00fcndstreusel Sack 1 kg<\/a><\/p><\/div><div class=\"price-wrapper\">\n\t<span class=\"price\"><span class=\"woocommerce-Price-currencySymbol\">a partire da  CHF<\/span> 12.83 <small class=\"woocommerce-price-suffix\">IVA escl.<\/small><\/span>\n<\/div><div class=\"add-to-cart-button\"><a href=\"https:\/\/www.lindner.ch\/it\/produkt\/zuendstreusel-sack-1-kg\/\" aria-describedby=\"woocommerce_loop_add_to_cart_link_describedby_4807\" data-quantity=\"1\" class=\"primary is-small mb-0 button product_type_simple   is-outline\" data-product_id=\"4807\" data-product_sku=\"999 030.3\" aria-label=\"Aggiungi al carrello: &quot;Z\u00fcndstreusel Sack 1 kg&quot;\" rel=\"nofollow\" data-success_message=\"&quot;Z\u00fcndstreusel Sack 1 kg&quot; \u00e8 stato aggiunto al tuo carrello\" role=\"button\">Seleziona opzioni<\/a><\/div>\t<span id=\"woocommerce_loop_add_to_cart_link_describedby_4807\" class=\"screen-reader-text\">\n\t\t\t<\/span>\n\t\t\t\t\t\t\t<\/div>\n\t\t\t\t\t\t<\/div>\n\t\t\t\t\t\t<\/div>\n\t\t\t\t\t<\/div><\/div>\n\t\t<\/div>\n\t\t\t\t\t<\/div>\n\n\t\n\n\t<div id=\"col-1812319358\" class=\"col small-12 large-12\"  >\n\t\t\t\t<div class=\"col-inner\"  >\n\t\t\t\n\t\t\t\n\t<div id=\"gap-448880128\" class=\"gap-element clearfix\" style=\"display:block; height:auto;\">\n\t\t\n<style>\n#gap-448880128 {\n  padding-top: 30px;\n}\n<\/style>\n\t<\/div>\n\t\n\n<div class=\"row\"  id=\"row-173104837\">\n\n\n\t<div id=\"col-1087081558\" class=\"col small-12 large-12\"  >\n\t\t\t\t<div class=\"col-inner\"  >\n\t\t\t\n\t\t\t\n\n<h2>Avete altre domande?<\/h2>\n\n\t\t<\/div>\n\t\t\t\t\t<\/div>\n\n\t\n\n\t<div id=\"col-1334149412\" class=\"col medium-5 small-12 large-5\"  >\n\t\t\t\t<div class=\"col-inner\"  >\n\t\t\t\n\t\t\t\n\n\n<div class=\"wpcf7 no-js\" id=\"wpcf7-f894-o1\" lang=\"de-DE\" dir=\"ltr\" data-wpcf7-id=\"894\">\n<div class=\"screen-reader-response\"><p role=\"status\" aria-live=\"polite\" aria-atomic=\"true\"><\/p> <ul><\/ul><\/div>\n<form action=\"\/it\/wp-json\/wp\/v2\/pages\/8234#wpcf7-f894-o1\" method=\"post\" class=\"wpcf7-form init\" aria-label=\"Kontaktformular\" novalidate=\"novalidate\" data-status=\"init\">\n<fieldset class=\"hidden-fields-container\"><input type=\"hidden\" name=\"_wpcf7\" value=\"894\" \/><input type=\"hidden\" name=\"_wpcf7_version\" value=\"6.1.5\" \/><input type=\"hidden\" name=\"_wpcf7_locale\" value=\"de_DE_formal\" \/><input type=\"hidden\" name=\"_wpcf7_unit_tag\" value=\"wpcf7-f894-o1\" \/><input type=\"hidden\" name=\"_wpcf7_container_post\" value=\"0\" \/><input type=\"hidden\" name=\"_wpcf7_posted_data_hash\" value=\"\" \/><input type=\"hidden\" name=\"_wpcf7_recaptcha_response\" value=\"\" \/>\n<\/fieldset>\n<p><span class=\"wpcf7-form-control-wrap\" data-name=\"your-name\"><input size=\"40\" maxlength=\"400\" class=\"wpcf7-form-control wpcf7-text wpcf7-validates-as-required\" aria-required=\"true\" aria-invalid=\"false\" placeholder=\"Vorname \/ Nachname*\" value=\"\" type=\"text\" name=\"your-name\" \/><\/span><br \/>\n<span class=\"wpcf7-form-control-wrap\" data-name=\"firma\"><input size=\"40\" maxlength=\"400\" class=\"wpcf7-form-control wpcf7-text\" aria-invalid=\"false\" placeholder=\"Firma\" value=\"\" type=\"text\" name=\"firma\" \/><\/span><br \/>\n<span class=\"wpcf7-form-control-wrap\" data-name=\"strasse\"><input size=\"40\" maxlength=\"400\" class=\"wpcf7-form-control wpcf7-text\" aria-invalid=\"false\" placeholder=\"Strasse\" value=\"\" type=\"text\" name=\"strasse\" \/><\/span><br \/>\n<span class=\"wpcf7-form-control-wrap\" data-name=\"plzort\"><input size=\"40\" maxlength=\"400\" class=\"wpcf7-form-control wpcf7-text\" aria-invalid=\"false\" placeholder=\"PLZ \/ ORT\" value=\"\" type=\"text\" name=\"plzort\" \/><\/span><br \/>\n<span class=\"wpcf7-form-control-wrap\" data-name=\"your-email\"><input size=\"40\" maxlength=\"400\" class=\"wpcf7-form-control wpcf7-email wpcf7-validates-as-required wpcf7-text wpcf7-validates-as-email\" aria-required=\"true\" aria-invalid=\"false\" placeholder=\"E-Mail\" value=\"\" type=\"email\" name=\"your-email\" \/><\/span><br \/>\n<span class=\"wpcf7-form-control-wrap\" data-name=\"telefon\"><input size=\"40\" maxlength=\"400\" class=\"wpcf7-form-control wpcf7-tel wpcf7-text wpcf7-validates-as-tel\" aria-invalid=\"false\" placeholder=\"Telefon\" value=\"\" type=\"tel\" name=\"telefon\" \/><\/span><br \/>\n<span class=\"wpcf7-form-control-wrap\" data-name=\"your-message\"><textarea cols=\"40\" rows=\"10\" maxlength=\"2000\" class=\"wpcf7-form-control wpcf7-textarea\" aria-invalid=\"false\" placeholder=\"Nachricht\" name=\"your-message\"><\/textarea><\/span>\n<\/p>\n<p><input class=\"wpcf7-form-control wpcf7-submit has-spinner\" type=\"submit\" value=\"absenden\" \/>\n<\/p><div class=\"wpcf7-response-output\" aria-hidden=\"true\"><\/div>\n<\/form>\n<\/div>\n\n\n\t<div id=\"text-1918564573\" class=\"text\">\n\t\t\n\nThis site is protected by reCAPTCHA and the Google<a href=\"https:\/\/policies.google.com\/privacy\" target=\"_blank\" rel=\"noopener\">Privacy Policy<\/a> and<a href=\"https:\/\/policies.google.com\/terms\" target=\"_blank\" rel=\"noopener\">Terms of Service<\/a> apply.\n\t\t\n<style>\n#text-1918564573 {\n  font-size: 0.75rem;\n}\n<\/style>\n\t<\/div>\n\t\n\n\t\t<\/div>\n\t\t\t\t\t<\/div>\n\n\t\n\n\t<div id=\"col-644820039\" class=\"col medium-1 small-12 large-1\"  >\n\t\t\t\t<div class=\"col-inner\"  >\n\t\t\t\n\t\t\t\n\n\n\t\t<\/div>\n\t\t\t\t\t<\/div>\n\n\t\n\n\t<div id=\"col-1894847060\" class=\"col medium-5 small-12 large-5\"  >\n\t\t\t\t<div class=\"col-inner\"  >\n\t\t\t\n\t\t\t\n\n<a href=\"tel:+41719876151\" class=\"button primary is-xlarge\" >\n\t<i class=\"icon-phone\" aria-hidden=\"true\"><\/i>\t<span>+41 (0) 71 987 61 51<\/span>\n\t<\/a>\n\n\n<p>Mo bis Do: 07:30-12:00 Uhr \/ 13:30-17:15 Uhr<br>Fr: 07:30-12:00 Uhr \/ 13:30-16:30 Uhr<\/p>\n\t<div id=\"gap-503033377\" class=\"gap-element clearfix\" style=\"display:block; height:auto;\">\n\t\t\n<style>\n#gap-503033377 {\n  padding-top: 30px;\n}\n<\/style>\n\t<\/div>\n\t\n\n<div class=\"row align-middle\"  id=\"row-114462011\">\n\n\n\t<div id=\"col-981859850\" class=\"col medium-4 small-12 large-4\"  >\n\t\t\t\t<div class=\"col-inner\"  >\n\t\t\t\n\t\t\t\n\n\t<div class=\"img has-hover x md-x lg-x y md-y lg-y\" id=\"image_508457331\">\n\t\t\t\t\t\t\t\t<div class=\"img-inner dark\" >\n\t\t\t<img loading=\"lazy\" decoding=\"async\" width=\"996\" height=\"1024\" src=\"https:\/\/www.lindner.ch\/wp-content\/uploads\/2022\/04\/Anouchka_Lindner_Suisse-996x1024.jpg\" class=\"attachment-large size-large\" alt=\"\" srcset=\"https:\/\/www.lindner.ch\/wp-content\/uploads\/2022\/04\/Anouchka_Lindner_Suisse-996x1024.jpg 996w, https:\/\/www.lindner.ch\/wp-content\/uploads\/2022\/04\/Anouchka_Lindner_Suisse-292x300.jpg 292w, https:\/\/www.lindner.ch\/wp-content\/uploads\/2022\/04\/Anouchka_Lindner_Suisse-768x790.jpg 768w, https:\/\/www.lindner.ch\/wp-content\/uploads\/2022\/04\/Anouchka_Lindner_Suisse.jpg 1000w\" sizes=\"auto, (max-width: 996px) 100vw, 996px\" \/>\t\t\t\t\t\t\n\t\t\t\t\t<\/div>\n\t\t\t\t\t\t\t\t\n<style>\n#image_508457331 {\n  width: 100%;\n}\n<\/style>\n\t<\/div>\n\t\n\n\n\t\t<\/div>\n\t\t\t\t\t<\/div>\n\n\t\n\n\t<div id=\"col-177874651\" class=\"col medium-6 small-12 large-6\"  >\n\t\t\t\t<div class=\"col-inner\"  >\n\t\t\t\n\t\t\t\n\n<h3>Anouchka Lan Kam<\/h3>\n<p>Verkaufsberaterin<\/p>\n\n\t\t<\/div>\n\t\t\t\t\t<\/div>\n\n\t\n\n<\/div>\n<div class=\"row align-middle\"  id=\"row-850616400\">\n\n\n\t<div id=\"col-824438758\" class=\"col medium-4 small-12 large-4\"  >\n\t\t\t\t<div class=\"col-inner\"  >\n\t\t\t\n\t\t\t\n\n\n\t\t<\/div>\n\t\t\t\t\t<\/div>\n\n\t\n\n\t<div id=\"col-134540347\" class=\"col medium-6 small-12 large-6\"  >\n\t\t\t\t<div class=\"col-inner\"  >\n\t\t\t\n\t\t\t\n\n\n\t\t<\/div>\n\t\t\t\t\t<\/div>\n\n\t\n\n<\/div>\n<div class=\"row align-middle\"  id=\"row-351232790\">\n\n\n<\/div>\n<div class=\"row align-middle\"  id=\"row-1277620520\">\n\n\n\t<div id=\"col-1372682674\" class=\"col medium-4 small-12 large-4\"  >\n\t\t\t\t<div class=\"col-inner\"  >\n\t\t\t\n\t\t\t\n\n\n\t\t<\/div>\n\t\t\t\t\t<\/div>\n\n\t\n\n\t<div id=\"col-1519449406\" class=\"col medium-6 small-12 large-6\"  >\n\t\t\t\t<div class=\"col-inner\"  >\n\t\t\t\n\t\t\t\n\n\n\t\t<\/div>\n\t\t\t\t\t<\/div>\n\n\t\n\n<\/div>\n\n\t\t<\/div>\n\t\t\t\t\t<\/div>\n\n\t\n\n<\/div>\n\t\t<\/div>\n\t\t\t\t\t<\/div>\n\n\t\n<\/div>\n\t\t<\/div>\n\t\t\t\t\t<\/div>\n\n\t\n<\/div>\n","protected":false},"excerpt":{"rendered":"","protected":false},"author":5,"featured_media":0,"parent":8226,"menu_order":0,"comment_status":"closed","ping_status":"closed","template":"","meta":{"inline_featured_image":false,"footnotes":""},"class_list":["post-8234","page","type-page","status-publish","hentry"],"_links":{"self":[{"href":"https:\/\/www.lindner.ch\/it\/wp-json\/wp\/v2\/pages\/8234","targetHints":{"allow":["GET"]}}],"collection":[{"href":"https:\/\/www.lindner.ch\/it\/wp-json\/wp\/v2\/pages"}],"about":[{"href":"https:\/\/www.lindner.ch\/it\/wp-json\/wp\/v2\/types\/page"}],"author":[{"embeddable":true,"href":"https:\/\/www.lindner.ch\/it\/wp-json\/wp\/v2\/users\/5"}],"replies":[{"embeddable":true,"href":"https:\/\/www.lindner.ch\/it\/wp-json\/wp\/v2\/comments?post=8234"}],"version-history":[{"count":4,"href":"https:\/\/www.lindner.ch\/it\/wp-json\/wp\/v2\/pages\/8234\/revisions"}],"predecessor-version":[{"id":8521,"href":"https:\/\/www.lindner.ch\/it\/wp-json\/wp\/v2\/pages\/8234\/revisions\/8521"}],"up":[{"embeddable":true,"href":"https:\/\/www.lindner.ch\/it\/wp-json\/wp\/v2\/pages\/8226"}],"wp:attachment":[{"href":"https:\/\/www.lindner.ch\/it\/wp-json\/wp\/v2\/media?parent=8234"}],"curies":[{"name":"wp","href":"https:\/\/api.w.org\/{rel}","templated":true}]}}