{"id":8297,"date":"2025-08-27T10:36:45","date_gmt":"2025-08-27T08:36:45","guid":{"rendered":"https:\/\/www.lindner.ch\/manifattura-di-lana-di-legno\/la-storia-della-lana-di-legno\/"},"modified":"2025-12-09T11:59:48","modified_gmt":"2025-12-09T10:59:48","slug":"la-storia-della-lana-di-legno","status":"publish","type":"page","link":"https:\/\/www.lindner.ch\/it\/manifattura-di-lana-di-legno\/la-storia-della-lana-di-legno\/","title":{"rendered":"La storia della lana di legno"},"content":{"rendered":"\n  <div class=\"banner has-hover banner_border has-parallax\" id=\"banner-799658184\">\n          <div class=\"banner-inner fill\">\n        <div class=\"banner-bg fill\" data-parallax=\"-3\" data-parallax-container=\".banner\" data-parallax-background>\n            <img loading=\"lazy\" decoding=\"async\" width=\"2560\" height=\"1575\" src=\"https:\/\/www.lindner.ch\/wp-content\/uploads\/2020\/10\/Lindner_Suisse-scaled.jpg\" class=\"bg attachment-original size-original\" alt=\"\" \/>                                    \n                    <\/div>\n\t\t\n        <div class=\"banner-layers container\">\n            <div class=\"fill banner-link\"><\/div>            \n\n\n        <\/div>\n      <\/div>\n\n            \n<style>\n#banner-799658184 {\n  padding-top: 200px;\n  background-color: rgb(46, 171, 96);\n}\n#banner-799658184 .banner-bg img {\n  object-position: 54% 55%;\n}\n<\/style>\n  <\/div>\n\n\n\t<div id=\"gap-962144719\" class=\"gap-element clearfix\" style=\"display:block; height:auto;\">\n\t\t\n<style>\n#gap-962144719 {\n  padding-top: 30px;\n}\n<\/style>\n\t<\/div>\n\t\n<div class=\"row\"  id=\"row-1630645773\">\n\n\t<div id=\"col-1653708144\" class=\"col medium-3 small-12 large-3 col-divided\"  >\n\t\t\t\t<div class=\"col-inner\"  >\n\t\t\t\n\t\t\t\n<div class=\"menu-holzwolle-italienisch-2-container\"><ul id=\"menu-holzwolle-italienisch-2\" class=\"sb_navigation_holzwolle\"><li id=\"menu-item-8354\" class=\"menu-item menu-item-type-post_type menu-item-object-page menu-item-8354\"><a href=\"https:\/\/www.lindner.ch\/it\/manifattura-di-lana-di-legno\/\">Manifattura di lana di legno<\/a><\/li>\n<li id=\"menu-item-8355\" class=\"menu-item menu-item-type-post_type menu-item-object-page menu-item-has-children menu-item-8355\"><a href=\"https:\/\/www.lindner.ch\/it\/manifattura-di-lana-di-legno\/imballaggio-logistica\/\">Imballaggio \/ Logistica<\/a>\n<ul class=\"sub-menu\">\n\t<li id=\"menu-item-8356\" class=\"menu-item menu-item-type-post_type menu-item-object-page menu-item-8356\"><a href=\"https:\/\/www.lindner.ch\/it\/manifattura-di-lana-di-legno\/imballaggio-logistica\/spediline-classic\/\">spediline classic<\/a><\/li>\n\t<li id=\"menu-item-8357\" class=\"menu-item menu-item-type-post_type menu-item-object-page menu-item-8357\"><a href=\"https:\/\/www.lindner.ch\/it\/manifattura-di-lana-di-legno\/imballaggio-logistica\/spediline-food\/\">spediline food<\/a><\/li>\n\t<li id=\"menu-item-8358\" class=\"menu-item menu-item-type-post_type menu-item-object-page menu-item-8358\"><a href=\"https:\/\/www.lindner.ch\/it\/manifattura-di-lana-di-legno\/imballaggio-logistica\/spediline-extra\/\">spediline extra<\/a><\/li>\n\t<li id=\"menu-item-8359\" class=\"menu-item menu-item-type-post_type menu-item-object-page menu-item-8359\"><a href=\"https:\/\/www.lindner.ch\/it\/manifattura-di-lana-di-legno\/imballaggio-logistica\/lana-di-legno-decorativa-erba-di-grano\/\">Lana di legno decorativa \/ Erba di grano<\/a><\/li>\n<\/ul>\n<\/li>\n<li id=\"menu-item-8360\" class=\"menu-item menu-item-type-post_type menu-item-object-page menu-item-has-children menu-item-8360\"><a href=\"https:\/\/www.lindner.ch\/it\/manifattura-di-lana-di-legno\/igiene-degli-animali\/\">Igiene degli animali<\/a>\n<ul class=\"sub-menu\">\n\t<li id=\"menu-item-8513\" class=\"menu-item menu-item-type-post_type menu-item-object-page menu-item-8513\"><a href=\"https:\/\/www.lindner.ch\/it\/manifattura-di-lana-di-legno\/igiene-degli-animali\/agroclean-igiene-della-mammella\/\">agroclean\u00ae Igiene della mammella<\/a><\/li>\n<\/ul>\n<\/li>\n<li id=\"menu-item-8361\" class=\"menu-item menu-item-type-post_type menu-item-object-page menu-item-has-children menu-item-8361\"><a href=\"https:\/\/www.lindner.ch\/it\/manifattura-di-lana-di-legno\/giardinaggio-tempo-libero\/\">Giardinaggio \/ Tempo libero<\/a>\n<ul class=\"sub-menu\">\n\t<li id=\"menu-item-8362\" class=\"menu-item menu-item-type-post_type menu-item-object-page menu-item-8362\"><a href=\"https:\/\/www.lindner.ch\/it\/manifattura-di-lana-di-legno\/giardinaggio-tempo-libero\/agrohobby\/\">agrohobby<\/a><\/li>\n\t<li id=\"menu-item-8363\" class=\"menu-item menu-item-type-post_type menu-item-object-page menu-item-8363\"><a href=\"https:\/\/www.lindner.ch\/it\/manifattura-di-lana-di-legno\/giardinaggio-tempo-libero\/geotessile-antierosione-howolis\/\">Geotessile antierosione Howolis<\/a><\/li>\n\t<li id=\"menu-item-8441\" class=\"menu-item menu-item-type-post_type menu-item-object-page menu-item-8441\"><a href=\"https:\/\/www.lindner.ch\/it\/manifattura-di-lana-di-legno\/giardinaggio-tempo-libero\/lana-di-legno-decorativa-erba-di-grano\/\">Lana di legno decorativa \/ Erba di grano<\/a><\/li>\n<\/ul>\n<\/li>\n<li id=\"menu-item-8365\" class=\"menu-item menu-item-type-post_type menu-item-object-page menu-item-has-children menu-item-8365\"><a href=\"https:\/\/www.lindner.ch\/it\/manifattura-di-lana-di-legno\/accendifuoco-flamtastic\/\">Accendifuoco Flamtastic<\/a>\n<ul class=\"sub-menu\">\n\t<li id=\"menu-item-8366\" class=\"menu-item menu-item-type-post_type menu-item-object-page menu-item-8366\"><a href=\"https:\/\/www.lindner.ch\/it\/manifattura-di-lana-di-legno\/accendifuoco-flamtastic\/flamtastic\/\">Flamtastic<\/a><\/li>\n\t<li id=\"menu-item-8367\" class=\"menu-item menu-item-type-post_type menu-item-object-page menu-item-8367\"><a href=\"https:\/\/www.lindner.ch\/it\/manifattura-di-lana-di-legno\/accendifuoco-flamtastic\/segatura-combustibile\/\">Segatura combustibile<\/a><\/li>\n\t<li id=\"menu-item-8368\" class=\"menu-item menu-item-type-post_type menu-item-object-page menu-item-8368\"><a href=\"https:\/\/www.lindner.ch\/it\/manifattura-di-lana-di-legno\/accendifuoco-flamtastic\/flamtastic-come-omaggio-promozionale\/\">Flamtastic come omaggio promozionale<\/a><\/li>\n\t<li id=\"menu-item-8369\" class=\"menu-item menu-item-type-post_type menu-item-object-page menu-item-8369\"><a href=\"https:\/\/www.lindner.ch\/it\/manifattura-di-lana-di-legno\/accendifuoco-flamtastic\/rosto-cleaner\/\">Rosto-Cleaner<\/a><\/li>\n<\/ul>\n<\/li>\n<li id=\"menu-item-8390\" class=\"menu-item menu-item-type-post_type menu-item-object-page menu-item-has-children menu-item-8390\"><a href=\"https:\/\/www.lindner.ch\/it\/manifattura-di-lana-di-legno\/howolis-antierosione-drenaggio-fascine-impermeabilizzazione\/\">Howolis lana di legno<\/a>\n<ul class=\"sub-menu\">\n\t<li id=\"menu-item-8370\" class=\"menu-item menu-item-type-post_type menu-item-object-page menu-item-8370\"><a href=\"https:\/\/www.lindner.ch\/it\/manifattura-di-lana-di-legno\/howolis-antierosione-drenaggio-fascine-impermeabilizzazione\/geotessile-antierosione-howolis\/\">Geotessile antierosione Howolis<\/a><\/li>\n\t<li id=\"menu-item-8406\" class=\"menu-item menu-item-type-post_type menu-item-object-page menu-item-8406\"><a href=\"https:\/\/www.lindner.ch\/it\/manifattura-di-lana-di-legno\/howolis-antierosione-drenaggio-fascine-impermeabilizzazione\/howolis-geotessuto-di-copertura-protezione\/\">Howolis Geotessuto di copertura\/protezione<\/a><\/li>\n\t<li id=\"menu-item-8371\" class=\"menu-item menu-item-type-post_type menu-item-object-page menu-item-8371\"><a href=\"https:\/\/www.lindner.ch\/it\/manifattura-di-lana-di-legno\/howolis-antierosione-drenaggio-fascine-impermeabilizzazione\/fascina-q-howolis\/\">Fascina Q Howolis<\/a><\/li>\n\t<li id=\"menu-item-8372\" class=\"menu-item menu-item-type-post_type menu-item-object-page menu-item-8372\"><a href=\"https:\/\/www.lindner.ch\/it\/manifattura-di-lana-di-legno\/howolis-antierosione-drenaggio-fascine-impermeabilizzazione\/fascine-quickquader-howolis\/\">Fascine Quickquader Howolis<\/a><\/li>\n\t<li id=\"menu-item-8373\" class=\"menu-item menu-item-type-post_type menu-item-object-page menu-item-8373\"><a href=\"https:\/\/www.lindner.ch\/it\/manifattura-di-lana-di-legno\/howolis-antierosione-drenaggio-fascine-impermeabilizzazione\/howolis-drenoroll-tubo-di-drenaggio\/\">Howolis Drenoroll tubo di drenaggio<\/a><\/li>\n\t<li id=\"menu-item-8374\" class=\"menu-item menu-item-type-post_type menu-item-object-page menu-item-8374\"><a href=\"https:\/\/www.lindner.ch\/it\/manifattura-di-lana-di-legno\/howolis-antierosione-drenaggio-fascine-impermeabilizzazione\/howolis-drenogrid-elemento-di-impermeabilizzazione\/\">HOWOLIS Drenogrid Elemento di impermeabilizzazione<\/a><\/li>\n\t<li id=\"menu-item-8376\" class=\"menu-item menu-item-type-post_type menu-item-object-page menu-item-8376\"><a href=\"https:\/\/www.lindner.ch\/it\/manifattura-di-lana-di-legno\/howolis-antierosione-drenaggio-fascine-impermeabilizzazione\/howolis-snowfarming-depositi-di-neve\/\">Howolis Snowfarming \/ Depositi di neve con lana di legno svizzera<\/a><\/li>\n\t<li id=\"menu-item-8377\" class=\"menu-item menu-item-type-post_type menu-item-object-page menu-item-8377\"><a href=\"https:\/\/www.lindner.ch\/it\/manifattura-di-lana-di-legno\/howolis-antierosione-drenaggio-fascine-impermeabilizzazione\/howolis-early-green\/\">Howolis Early Green<\/a><\/li>\n\t<li id=\"menu-item-8378\" class=\"menu-item menu-item-type-post_type menu-item-object-page menu-item-8378\"><a href=\"https:\/\/www.lindner.ch\/it\/manifattura-di-lana-di-legno\/howolis-antierosione-drenaggio-fascine-impermeabilizzazione\/lana-di-legno-sfusa-per-drenaggi-paratie\/\">Lana di legno (sfusa) per drenaggi \/ paratie<\/a><\/li>\n\t<li id=\"menu-item-8379\" class=\"menu-item menu-item-type-post_type menu-item-object-page menu-item-8379\"><a href=\"https:\/\/www.lindner.ch\/it\/manifattura-di-lana-di-legno\/howolis-antierosione-drenaggio-fascine-impermeabilizzazione\/materiale-ausiliario-howolis\/\">Materiale ausiliario Howolis<\/a><\/li>\n\t<li id=\"menu-item-8380\" class=\"menu-item menu-item-type-post_type menu-item-object-page menu-item-8380\"><a href=\"https:\/\/www.lindner.ch\/it\/manifattura-di-lana-di-legno\/howolis-antierosione-drenaggio-fascine-impermeabilizzazione\/drenotube\/\">drenotube \u00ae<\/a><\/li>\n<\/ul>\n<\/li>\n<li id=\"menu-item-8381\" class=\"menu-item menu-item-type-post_type menu-item-object-page menu-item-8381\"><a href=\"https:\/\/www.lindner.ch\/it\/manifattura-di-lana-di-legno\/la-storia-della-lana-di-legno\/\">La storia della lana di legno<\/a><\/li>\n<li id=\"menu-item-8382\" class=\"menu-item menu-item-type-post_type menu-item-object-page menu-item-8382\"><a href=\"https:\/\/www.lindner.ch\/it\/manifattura-di-lana-di-legno\/mostre-fiere\/\">Mostre \/ Fiere<\/a><\/li>\n<\/ul><\/div>\n\t\t<\/div>\n\t\t\t\t\t<\/div>\n\n\t\n\n\t<div id=\"col-617582621\" class=\"col medium-9 small-12 large-9\"  >\n\t\t\t\t<div class=\"col-inner\"  >\n\t\t\t\n\t\t\t\n<div class=\"row\"  id=\"row-1234279179\">\n\n\t<div id=\"col-1400855594\" class=\"col medium-9 small-12 large-9\"  >\n\t\t\t\t<div class=\"col-inner\"  >\n\t\t\t\n\t\t\t\n<div class=\"col-md-10\">\n<h1>Monografia sul materiale: lana di legno<\/h1>\n<p>La monografia documenta un capitolo affascinante della storia industriale. L\u2019autore illustra con chiarezza e dovizia di particolari come il materiale lana di legno abbia perso importanza nel corso della storia industriale occidentale. Anche a causa di malintesi . Allo stesso tempo, risulta evidente il potenziale che la lana di legno possiede ancora oggi. Ci\u00f2 \u00e8 rilevante perch\u00e9 si sta registrando un cambiamento di vedute nell\u2019opinione pubblica e tra i consumatori. La sostenibilit\u00e0 e l\u2019ecologia stanno tornando ad acquisire importanza. In questo contesto, la lana di legno pu\u00f2 offrire molto. \u00c8 interessante anche scoprire in quali prodotti veniva utilizzata la lana di legno in passato. Sar\u00e0 altrettanto interessante osservare se le conoscenze inutilizzate relative alla lana di legno torneranno ad avere un impatto. Il libro \u201cHolzwolle\u201d (Lana di legno) fornisce importanti nozioni di base al riguardo. Charles Liebherr, redattore economico, Schweizer Radio und Fernsehen SRF<\/p>\n<p>La monografia sul materiale lana di legno riscuote grande interesse tra i decisori e gli opinion leader. \u00c8 il manuale di riferimento ideale per studenti di agraria, silvicoltura ed economia del legno, edilizia, industria del mobile, costruzione di apparecchi e macchinari, settore tessile, medicina e farmacia, nonch\u00e9 per tutti i settori in cui viene utilizzato il legno. Offre preziose conoscenze specialistiche sul prodotto naturale lana di legno e fornisce dati su storia, campi di applicazione, mercato e macchinari. Include una cronologia e un glossario. Volume: 260 pagine.<a href=\"https:\/\/www.lindner.ch\/files\/content\/Downloads_Werbeflyer\/Lindner_Suisse_Waschzettel.pdf\"> Cartella stampa<\/a> \u2026 siamo lieti di spedire il libro anche nei Paesi confinanti!<\/p>\n<p><strong>Nota: attualmente il libro \u00e8 disponibile solo in lingua tedesca.<\/strong><\/p>\n<\/div>\n\t\t<\/div>\n\t\t\t\t\t<\/div>\n\n\t\n\n\t<div id=\"col-1649259799\" class=\"col medium-3 small-12 large-3\"  >\n\t\t\t\t<div class=\"col-inner\"  >\n\t\t\t\n\t\t\t\n\t<div class=\"img has-hover holzwolle_b x md-x lg-x y md-y lg-y\" id=\"image_235335891\">\n\t\t<a class=\"image-lightbox lightbox-gallery\" title=\"\" href=\"https:\/\/www.lindner.ch\/wp-content\/uploads\/2020\/12\/Werkstoffmonografie_Holzwolle_Lindner-Suisse_Buch-Tipp-670x1024.jpg\">\t\t\t\t\t\t<div class=\"img-inner dark\" >\n\t\t\t<img loading=\"lazy\" decoding=\"async\" width=\"670\" height=\"1024\" src=\"https:\/\/www.lindner.ch\/wp-content\/uploads\/2020\/12\/Werkstoffmonografie_Holzwolle_Lindner-Suisse_Buch-Tipp-670x1024.jpg\" class=\"attachment-large size-large\" alt=\"\" srcset=\"https:\/\/www.lindner.ch\/wp-content\/uploads\/2020\/12\/Werkstoffmonografie_Holzwolle_Lindner-Suisse_Buch-Tipp-670x1024.jpg 670w, https:\/\/www.lindner.ch\/wp-content\/uploads\/2020\/12\/Werkstoffmonografie_Holzwolle_Lindner-Suisse_Buch-Tipp-196x300.jpg 196w, https:\/\/www.lindner.ch\/wp-content\/uploads\/2020\/12\/Werkstoffmonografie_Holzwolle_Lindner-Suisse_Buch-Tipp-600x917.jpg 600w, https:\/\/www.lindner.ch\/wp-content\/uploads\/2020\/12\/Werkstoffmonografie_Holzwolle_Lindner-Suisse_Buch-Tipp.jpg 709w\" sizes=\"auto, (max-width: 670px) 100vw, 670px\" \/>\t\t\t\t\t\t\n\t\t\t\t\t<\/div>\n\t\t\t\t\t\t<\/a>\t\t\n<style>\n#image_235335891 {\n  width: 100%;\n}\n<\/style>\n\t<\/div>\n\t\n\t\t<\/div>\n\t\t\t\t\t<\/div>\n\n\t\n\n\t<div id=\"col-1347939515\" class=\"col small-12 large-12\"  >\n\t\t\t\t<div class=\"col-inner\"  >\n\t\t\t\n\t\t\t\n<div><h2>Ordina online<\/h2><p>Su richiesta siamo lieti di offrire altre quantit\u00e0 e dimensioni. <a href=\"mailto:holzwolle@lindner.ch\">holzwolle@lindner.ch<\/a><\/p><div class=\"sb-produkttabelle\">\n<div class=\"row row-collapse\">\n\t<div class=\"col medium-1 small-2 large-1 kopf\"><div class=\"col-inner\">N\u00b0 articolo<\/div><\/div>\n\t<div class=\"col medium-5 small-10 large-5 kopf\"><div class=\"col-inner\">Descrizione<\/div><\/div>\n\t\n\t<div class=\"col medium-6 small-12 large-6 kopf text-right\"><div class=\"col-inner\"><\/div><\/div>\n<\/div>\n<\/div><\/div>\n\t\t<\/div>\n\t\t\t\t\t<\/div>\n\n\t\n\n\t<div id=\"col-2064737471\" class=\"col small-12 large-12\"  >\n\t\t\t\t<div class=\"col-inner\"  >\n\t\t\t\n\t\t\t\n\t<div id=\"gap-704203819\" class=\"gap-element clearfix\" style=\"display:block; height:auto;\">\n\t\t\n<style>\n#gap-704203819 {\n  padding-top: 30px;\n}\n<\/style>\n\t<\/div>\n\t\n\n<div class=\"row\"  id=\"row-1682316221\">\n\n\n\t<div id=\"col-341343286\" class=\"col small-12 large-12\"  >\n\t\t\t\t<div class=\"col-inner\"  >\n\t\t\t\n\t\t\t\n\n<h2>Avete altre domande?<\/h2>\n\n\t\t<\/div>\n\t\t\t\t\t<\/div>\n\n\t\n\n\t<div id=\"col-446156160\" class=\"col medium-5 small-12 large-5\"  >\n\t\t\t\t<div class=\"col-inner\"  >\n\t\t\t\n\t\t\t\n\n\n<div class=\"wpcf7 no-js\" id=\"wpcf7-f894-o1\" lang=\"de-DE\" dir=\"ltr\" data-wpcf7-id=\"894\">\n<div class=\"screen-reader-response\"><p role=\"status\" aria-live=\"polite\" aria-atomic=\"true\"><\/p> <ul><\/ul><\/div>\n<form action=\"\/it\/wp-json\/wp\/v2\/pages\/8297#wpcf7-f894-o1\" method=\"post\" class=\"wpcf7-form init\" aria-label=\"Kontaktformular\" novalidate=\"novalidate\" data-status=\"init\">\n<fieldset class=\"hidden-fields-container\"><input type=\"hidden\" name=\"_wpcf7\" value=\"894\" \/><input type=\"hidden\" name=\"_wpcf7_version\" value=\"6.1.5\" \/><input type=\"hidden\" name=\"_wpcf7_locale\" value=\"de_DE_formal\" \/><input type=\"hidden\" name=\"_wpcf7_unit_tag\" value=\"wpcf7-f894-o1\" \/><input type=\"hidden\" name=\"_wpcf7_container_post\" value=\"0\" \/><input type=\"hidden\" name=\"_wpcf7_posted_data_hash\" value=\"\" \/><input type=\"hidden\" name=\"_wpcf7_recaptcha_response\" value=\"\" \/>\n<\/fieldset>\n<p><span class=\"wpcf7-form-control-wrap\" data-name=\"your-name\"><input size=\"40\" maxlength=\"400\" class=\"wpcf7-form-control wpcf7-text wpcf7-validates-as-required\" aria-required=\"true\" aria-invalid=\"false\" placeholder=\"Vorname \/ Nachname*\" value=\"\" type=\"text\" name=\"your-name\" \/><\/span><br \/>\n<span class=\"wpcf7-form-control-wrap\" data-name=\"firma\"><input size=\"40\" maxlength=\"400\" class=\"wpcf7-form-control wpcf7-text\" aria-invalid=\"false\" placeholder=\"Firma\" value=\"\" type=\"text\" name=\"firma\" \/><\/span><br \/>\n<span class=\"wpcf7-form-control-wrap\" data-name=\"strasse\"><input size=\"40\" maxlength=\"400\" class=\"wpcf7-form-control wpcf7-text\" aria-invalid=\"false\" placeholder=\"Strasse\" value=\"\" type=\"text\" name=\"strasse\" \/><\/span><br \/>\n<span class=\"wpcf7-form-control-wrap\" data-name=\"plzort\"><input size=\"40\" maxlength=\"400\" class=\"wpcf7-form-control wpcf7-text\" aria-invalid=\"false\" placeholder=\"PLZ \/ ORT\" value=\"\" type=\"text\" name=\"plzort\" \/><\/span><br \/>\n<span class=\"wpcf7-form-control-wrap\" data-name=\"your-email\"><input size=\"40\" maxlength=\"400\" class=\"wpcf7-form-control wpcf7-email wpcf7-validates-as-required wpcf7-text wpcf7-validates-as-email\" aria-required=\"true\" aria-invalid=\"false\" placeholder=\"E-Mail\" value=\"\" type=\"email\" name=\"your-email\" \/><\/span><br \/>\n<span class=\"wpcf7-form-control-wrap\" data-name=\"telefon\"><input size=\"40\" maxlength=\"400\" class=\"wpcf7-form-control wpcf7-tel wpcf7-text wpcf7-validates-as-tel\" aria-invalid=\"false\" placeholder=\"Telefon\" value=\"\" type=\"tel\" name=\"telefon\" \/><\/span><br \/>\n<span class=\"wpcf7-form-control-wrap\" data-name=\"your-message\"><textarea cols=\"40\" rows=\"10\" maxlength=\"2000\" class=\"wpcf7-form-control wpcf7-textarea\" aria-invalid=\"false\" placeholder=\"Nachricht\" name=\"your-message\"><\/textarea><\/span>\n<\/p>\n<p><input class=\"wpcf7-form-control wpcf7-submit has-spinner\" type=\"submit\" value=\"absenden\" \/>\n<\/p><div class=\"wpcf7-response-output\" aria-hidden=\"true\"><\/div>\n<\/form>\n<\/div>\n\n\n\t<div id=\"text-3157596877\" class=\"text\">\n\t\t\n\nThis site is protected by reCAPTCHA and the Google<a href=\"https:\/\/policies.google.com\/privacy\" target=\"_blank\" rel=\"noopener\">Privacy Policy<\/a> and<a href=\"https:\/\/policies.google.com\/terms\" target=\"_blank\" rel=\"noopener\">Terms of Service<\/a> apply.\n\t\t\n<style>\n#text-3157596877 {\n  font-size: 0.75rem;\n}\n<\/style>\n\t<\/div>\n\t\n\n\t\t<\/div>\n\t\t\t\t\t<\/div>\n\n\t\n\n\t<div id=\"col-1256072759\" class=\"col medium-1 small-12 large-1\"  >\n\t\t\t\t<div class=\"col-inner\"  >\n\t\t\t\n\t\t\t\n\n\n\t\t<\/div>\n\t\t\t\t\t<\/div>\n\n\t\n\n\t<div id=\"col-1566096662\" class=\"col medium-5 small-12 large-5\"  >\n\t\t\t\t<div class=\"col-inner\"  >\n\t\t\t\n\t\t\t\n\n<a href=\"tel:+41719876151\" class=\"button primary is-xlarge\" >\n\t<i class=\"icon-phone\" aria-hidden=\"true\"><\/i>\t<span>+41 (0) 71 987 61 51<\/span>\n\t<\/a>\n\n\n<p>Mo bis Do: 07:30-12:00 Uhr \/ 13:30-17:15 Uhr<br>Fr: 07:30-12:00 Uhr \/ 13:30-16:30 Uhr<\/p>\n\t<div id=\"gap-887037266\" class=\"gap-element clearfix\" style=\"display:block; height:auto;\">\n\t\t\n<style>\n#gap-887037266 {\n  padding-top: 30px;\n}\n<\/style>\n\t<\/div>\n\t\n\n<div class=\"row align-middle\"  id=\"row-535072937\">\n\n\n\t<div id=\"col-1730296996\" class=\"col medium-4 small-12 large-4\"  >\n\t\t\t\t<div class=\"col-inner\"  >\n\t\t\t\n\t\t\t\n\n\t<div class=\"img has-hover x md-x lg-x y md-y lg-y\" id=\"image_1511646379\">\n\t\t\t\t\t\t\t\t<div class=\"img-inner dark\" >\n\t\t\t<img loading=\"lazy\" decoding=\"async\" width=\"996\" height=\"1024\" src=\"https:\/\/www.lindner.ch\/wp-content\/uploads\/2022\/04\/Anouchka_Lindner_Suisse-996x1024.jpg\" class=\"attachment-large size-large\" alt=\"\" srcset=\"https:\/\/www.lindner.ch\/wp-content\/uploads\/2022\/04\/Anouchka_Lindner_Suisse-996x1024.jpg 996w, https:\/\/www.lindner.ch\/wp-content\/uploads\/2022\/04\/Anouchka_Lindner_Suisse-292x300.jpg 292w, https:\/\/www.lindner.ch\/wp-content\/uploads\/2022\/04\/Anouchka_Lindner_Suisse-768x790.jpg 768w, https:\/\/www.lindner.ch\/wp-content\/uploads\/2022\/04\/Anouchka_Lindner_Suisse.jpg 1000w\" sizes=\"auto, (max-width: 996px) 100vw, 996px\" \/>\t\t\t\t\t\t\n\t\t\t\t\t<\/div>\n\t\t\t\t\t\t\t\t\n<style>\n#image_1511646379 {\n  width: 100%;\n}\n<\/style>\n\t<\/div>\n\t\n\n\n\t\t<\/div>\n\t\t\t\t\t<\/div>\n\n\t\n\n\t<div id=\"col-1393040450\" class=\"col medium-6 small-12 large-6\"  >\n\t\t\t\t<div class=\"col-inner\"  >\n\t\t\t\n\t\t\t\n\n<h3>Anouchka Lan Kam<\/h3>\n<p>Verkaufsberaterin<\/p>\n\n\t\t<\/div>\n\t\t\t\t\t<\/div>\n\n\t\n\n<\/div>\n<div class=\"row align-middle\"  id=\"row-1299060353\">\n\n\n\t<div id=\"col-832334016\" class=\"col medium-4 small-12 large-4\"  >\n\t\t\t\t<div class=\"col-inner\"  >\n\t\t\t\n\t\t\t\n\n\n\t\t<\/div>\n\t\t\t\t\t<\/div>\n\n\t\n\n\t<div id=\"col-1536859167\" class=\"col medium-6 small-12 large-6\"  >\n\t\t\t\t<div class=\"col-inner\"  >\n\t\t\t\n\t\t\t\n\n\n\t\t<\/div>\n\t\t\t\t\t<\/div>\n\n\t\n\n<\/div>\n<div class=\"row align-middle\"  id=\"row-138467042\">\n\n\n<\/div>\n<div class=\"row align-middle\"  id=\"row-1191831987\">\n\n\n\t<div id=\"col-480121919\" class=\"col medium-4 small-12 large-4\"  >\n\t\t\t\t<div class=\"col-inner\"  >\n\t\t\t\n\t\t\t\n\n\n\t\t<\/div>\n\t\t\t\t\t<\/div>\n\n\t\n\n\t<div id=\"col-1998625\" class=\"col medium-6 small-12 large-6\"  >\n\t\t\t\t<div class=\"col-inner\"  >\n\t\t\t\n\t\t\t\n\n\n\t\t<\/div>\n\t\t\t\t\t<\/div>\n\n\t\n\n<\/div>\n\n\t\t<\/div>\n\t\t\t\t\t<\/div>\n\n\t\n\n<\/div>\n\t\t<\/div>\n\t\t\t\t\t<\/div>\n\n\t\n<\/div>\n\t\t<\/div>\n\t\t\t\t\t<\/div>\n\n\t\n<\/div>\n","protected":false},"excerpt":{"rendered":"","protected":false},"author":2,"featured_media":0,"parent":8176,"menu_order":0,"comment_status":"closed","ping_status":"closed","template":"","meta":{"inline_featured_image":false,"footnotes":""},"class_list":["post-8297","page","type-page","status-publish","hentry"],"_links":{"self":[{"href":"https:\/\/www.lindner.ch\/it\/wp-json\/wp\/v2\/pages\/8297","targetHints":{"allow":["GET"]}}],"collection":[{"href":"https:\/\/www.lindner.ch\/it\/wp-json\/wp\/v2\/pages"}],"about":[{"href":"https:\/\/www.lindner.ch\/it\/wp-json\/wp\/v2\/types\/page"}],"author":[{"embeddable":true,"href":"https:\/\/www.lindner.ch\/it\/wp-json\/wp\/v2\/users\/2"}],"replies":[{"embeddable":true,"href":"https:\/\/www.lindner.ch\/it\/wp-json\/wp\/v2\/comments?post=8297"}],"version-history":[{"count":12,"href":"https:\/\/www.lindner.ch\/it\/wp-json\/wp\/v2\/pages\/8297\/revisions"}],"predecessor-version":[{"id":8656,"href":"https:\/\/www.lindner.ch\/it\/wp-json\/wp\/v2\/pages\/8297\/revisions\/8656"}],"up":[{"embeddable":true,"href":"https:\/\/www.lindner.ch\/it\/wp-json\/wp\/v2\/pages\/8176"}],"wp:attachment":[{"href":"https:\/\/www.lindner.ch\/it\/wp-json\/wp\/v2\/media?parent=8297"}],"curies":[{"name":"wp","href":"https:\/\/api.w.org\/{rel}","templated":true}]}}