{"id":8305,"date":"2025-08-27T11:20:09","date_gmt":"2025-08-27T09:20:09","guid":{"rendered":"https:\/\/www.lindner.ch\/chi-siamo\/"},"modified":"2026-03-16T16:08:40","modified_gmt":"2026-03-16T15:08:40","slug":"chi-siamo","status":"publish","type":"page","link":"https:\/\/www.lindner.ch\/it\/chi-siamo\/","title":{"rendered":"Chi siamo"},"content":{"rendered":"\n  <div class=\"banner has-hover banner_border_ueber-uns has-parallax\" id=\"banner-2131518036\">\n          <div class=\"banner-inner fill\">\n        <div class=\"banner-bg fill\" data-parallax=\"-3\" data-parallax-container=\".banner\" data-parallax-background>\n            <img loading=\"lazy\" decoding=\"async\" width=\"1024\" height=\"261\" src=\"https:\/\/www.lindner.ch\/wp-content\/uploads\/2020\/11\/ueber-uns.jpg\" class=\"bg attachment-original size-original\" alt=\"\" \/>                                    \n                    <\/div>\n\t\t\n        <div class=\"banner-layers container\">\n            <div class=\"fill banner-link\"><\/div>            \n\n\n        <\/div>\n      <\/div>\n\n            \n<style>\n#banner-2131518036 {\n  padding-top: 200px;\n  background-color: rgb(29, 41, 52);\n}\n#banner-2131518036 .banner-bg img {\n  object-position: 44% 69%;\n}\n<\/style>\n  <\/div>\n\n\n\t<div id=\"gap-1446879714\" class=\"gap-element clearfix\" style=\"display:block; height:auto;\">\n\t\t\n<style>\n#gap-1446879714 {\n  padding-top: 30px;\n}\n<\/style>\n\t<\/div>\n\t\n<div class=\"row\"  id=\"row-199891812\">\n\n\t<div id=\"col-5211872\" class=\"col medium-3 small-12 large-3 col-divided\"  >\n\t\t\t\t<div class=\"col-inner\"  >\n\t\t\t\n\t\t\t\n<div class=\"menu-ueber-uns-italienisch-container\"><ul id=\"menu-ueber-uns-italienisch\" class=\"sb_navigation_ueber-uns\"><li id=\"menu-item-8345\" class=\"menu-item menu-item-type-post_type menu-item-object-page menu-item-has-children menu-item-8345\"><a href=\"https:\/\/www.lindner.ch\/it\/chi-siamo\/\">Chi siamo<\/a>\n<ul class=\"sub-menu\">\n\t<li id=\"menu-item-1448\" class=\"menu-item menu-item-type-taxonomy menu-item-object-category menu-item-1448\"><a href=\"https:\/\/www.lindner.ch\/it\/news\/non-categorizzato\/\">Attualit\u00e0<\/a><\/li>\n\t<li id=\"menu-item-8346\" class=\"menu-item menu-item-type-post_type menu-item-object-page menu-item-8346\"><a href=\"https:\/\/www.lindner.ch\/it\/chi-siamo\/team\/\">Team<\/a><\/li>\n<\/ul>\n<\/li>\n<li id=\"menu-item-8347\" class=\"menu-item menu-item-type-post_type menu-item-object-page menu-item-8347\"><a href=\"https:\/\/www.lindner.ch\/it\/sostenibilita-agenda-2030\/\">Sostenibilit\u00e0 \/ Agenda 2030<\/a><\/li>\n<li id=\"menu-item-8348\" class=\"menu-item menu-item-type-post_type menu-item-object-page menu-item-8348\"><a href=\"https:\/\/www.lindner.ch\/it\/certificati\/\">Certificati<\/a><\/li>\n<li id=\"menu-item-8349\" class=\"menu-item menu-item-type-post_type menu-item-object-page menu-item-8349\"><a href=\"https:\/\/www.lindner.ch\/it\/stampa-media\/\">Stampa\/Media<\/a><\/li>\n<li id=\"menu-item-8350\" class=\"menu-item menu-item-type-post_type menu-item-object-page menu-item-8350\"><a href=\"https:\/\/www.lindner.ch\/it\/newsletter\/\">Newsletter<\/a><\/li>\n<li id=\"menu-item-8351\" class=\"menu-item menu-item-type-post_type menu-item-object-page menu-item-8351\"><a href=\"https:\/\/www.lindner.ch\/it\/note-legali\/\">Note legali<\/a><\/li>\n<li id=\"menu-item-8352\" class=\"menu-item menu-item-type-post_type menu-item-object-page menu-item-8352\"><a href=\"https:\/\/www.lindner.ch\/it\/condizioni-generali-di-contratto\/\">Condizioni generali di contratto<\/a><\/li>\n<li id=\"menu-item-8353\" class=\"menu-item menu-item-type-post_type menu-item-object-page menu-item-8353\"><a href=\"https:\/\/www.lindner.ch\/it\/contatto\/\">Contatto<\/a><\/li>\n<\/ul><\/div>\n\t\t<\/div>\n\t\t\t\t\t<\/div>\n\n\t\n\n\t<div id=\"col-1279837796\" class=\"col medium-9 small-12 large-9\"  >\n\t\t\t\t<div class=\"col-inner\"  >\n\t\t\t\n\t\t\t\n<div class=\"row\"  id=\"row-821658865\">\n\n\t<div id=\"col-271498443\" class=\"col medium-9 small-12 large-9\"  >\n\t\t\t\t<div class=\"col-inner\"  >\n\t\t\t\n\t\t\t\n<h1>Lindner Suisse si presenta<\/h1>\n<p>Lindner Suisse sviluppa e produce numerosi articoli speciali in lana di legno ricavata da legno svizzero: per l&#8217;edilizia infrastrutturale, il giardinaggio e l&#8217;architettura paesaggistica, lo snowfarming, l&#8217;igiene animale, come accendifuoco o materiale da imballaggio.<\/p>\n<p>Inoltre, siamo l&#8217;unico produttore svizzero di chip di riempimento di alta qualit\u00e0 e siamo il vostro referente per una gamma di imballaggi orientata alle esigenze (film per macchine, film estensibili manuali e per fasciature, film a bolle d&#8217;aria e film in schiuma di PE e molto altro ancora).<a href=\"https:\/\/www.lindner.ch\/files\/content\/Downloads_Werbeflyer\/Lindner%20Suisse_presentation_wood%20wool.pdf\"><strong> Breve presentazione \/ Flyer \u201cLana di legno\u201d (file PDF inglese)<\/strong><\/a><br \/><a href=\"https:\/\/www.lindner.ch\/files\/content\/Downloads_Werbeflyer\/Lindner%20Suisse_presentation_packaging.pdf\"><strong>Breve presentazione \/ Flyer \u201cImballaggi\u201d (file PDF inglese)<\/strong><\/a><\/p>\n<p><strong>Le competenze chiave di Lindner Suisse<\/strong><\/p>\n<ul>\n<li>Produzione e distribuzione di articoli speciali in lana di legno Howolis<\/li>\n<li>Produzione e vendita di chips da imballaggio<\/li>\n<li>Distribuzione di materiali di imballaggio e ausiliari per l\u2019imballaggio<\/li>\n<\/ul>\n<p><strong>Lindner Suisse vi offre<\/strong><\/p>\n<ul>\n<li>prodotti svizzeri di alta qualit\u00e0 (prodotti secondo lo standard svizzero per la lana di legno)<\/li>\n<li>soluzioni individuali, sostenibili ed economiche<\/li>\n<li>condizioni eque<\/li>\n<li>personale esperto per la vostra consulenza<\/li>\n<\/ul>\n<p>Siamo a vostra disposizione per qualsiasi domanda sulle soluzioni pi\u00f9 convenienti in materia di imballaggio, materiali di imballaggio e lana di legno di qualit\u00e0. Perch\u00e9 la qualit\u00e0 crea fiducia.<\/p>\n<div class=\"video video-fit mb box-shadow-1\" style=\"padding-top:56.25%;\"><p><iframe loading=\"lazy\" title=\"Lindner Suisse GmbH -- Corporate Film\" width=\"1020\" height=\"574\" src=\"https:\/\/www.youtube.com\/embed\/KP3MHHLfv6U?feature=oembed\" frameborder=\"0\" allow=\"accelerometer; autoplay; clipboard-write; encrypted-media; gyroscope; picture-in-picture; web-share\" referrerpolicy=\"strict-origin-when-cross-origin\" allowfullscreen><\/iframe><\/p>\n<\/div>\n\t\t<\/div>\n\t\t\t\t\t<\/div>\n\n\t\n\n\t<div id=\"col-684037195\" class=\"col medium-3 small-12 large-3\"  >\n\t\t\t\t<div class=\"col-inner\"  >\n\t\t\t\n\t\t\t\n\t<div class=\"img has-hover x md-x lg-x y md-y lg-y\" id=\"image_34216641\">\n\t\t\t\t\t\t\t\t<div class=\"img-inner box-shadow-1 dark\" >\n\t\t\t<img loading=\"lazy\" decoding=\"async\" width=\"310\" height=\"1024\" src=\"https:\/\/www.lindner.ch\/wp-content\/uploads\/2025\/12\/Qualitaet_schafft_Vertrauen_IT_qualita-310x1024.jpg\" class=\"attachment-large size-large\" alt=\"\" srcset=\"https:\/\/www.lindner.ch\/wp-content\/uploads\/2025\/12\/Qualitaet_schafft_Vertrauen_IT_qualita-310x1024.jpg 310w, https:\/\/www.lindner.ch\/wp-content\/uploads\/2025\/12\/Qualitaet_schafft_Vertrauen_IT_qualita-91x300.jpg 91w, https:\/\/www.lindner.ch\/wp-content\/uploads\/2025\/12\/Qualitaet_schafft_Vertrauen_IT_qualita-768x2537.jpg 768w, https:\/\/www.lindner.ch\/wp-content\/uploads\/2025\/12\/Qualitaet_schafft_Vertrauen_IT_qualita-465x1536.jpg 465w, https:\/\/www.lindner.ch\/wp-content\/uploads\/2025\/12\/Qualitaet_schafft_Vertrauen_IT_qualita-620x2048.jpg 620w, https:\/\/www.lindner.ch\/wp-content\/uploads\/2025\/12\/Qualitaet_schafft_Vertrauen_IT_qualita-scaled.jpg 775w\" sizes=\"auto, (max-width: 310px) 100vw, 310px\" \/>\t\t\t\t\t\t\n\t\t\t\t\t<\/div>\n\t\t\t\t\t\t\t\t\n<style>\n#image_34216641 {\n  width: 100%;\n}\n<\/style>\n\t<\/div>\n\t\n\t\t<\/div>\n\t\t\t\t\t<\/div>\n\n\t\n<\/div>\n\t\t<\/div>\n\t\t\t\t\t<\/div>\n\n\t\n<\/div>\n","protected":false},"excerpt":{"rendered":"","protected":false},"author":2,"featured_media":0,"parent":0,"menu_order":0,"comment_status":"closed","ping_status":"closed","template":"","meta":{"inline_featured_image":false,"footnotes":""},"class_list":["post-8305","page","type-page","status-publish","hentry"],"_links":{"self":[{"href":"https:\/\/www.lindner.ch\/it\/wp-json\/wp\/v2\/pages\/8305","targetHints":{"allow":["GET"]}}],"collection":[{"href":"https:\/\/www.lindner.ch\/it\/wp-json\/wp\/v2\/pages"}],"about":[{"href":"https:\/\/www.lindner.ch\/it\/wp-json\/wp\/v2\/types\/page"}],"author":[{"embeddable":true,"href":"https:\/\/www.lindner.ch\/it\/wp-json\/wp\/v2\/users\/2"}],"replies":[{"embeddable":true,"href":"https:\/\/www.lindner.ch\/it\/wp-json\/wp\/v2\/comments?post=8305"}],"version-history":[{"count":5,"href":"https:\/\/www.lindner.ch\/it\/wp-json\/wp\/v2\/pages\/8305\/revisions"}],"predecessor-version":[{"id":8817,"href":"https:\/\/www.lindner.ch\/it\/wp-json\/wp\/v2\/pages\/8305\/revisions\/8817"}],"wp:attachment":[{"href":"https:\/\/www.lindner.ch\/it\/wp-json\/wp\/v2\/media?parent=8305"}],"curies":[{"name":"wp","href":"https:\/\/api.w.org\/{rel}","templated":true}]}}