{"id":8312,"date":"2025-08-27T11:32:55","date_gmt":"2025-08-27T09:32:55","guid":{"rendered":"https:\/\/www.lindner.ch\/sostenibilita-agenda-2030\/"},"modified":"2025-12-09T08:32:06","modified_gmt":"2025-12-09T07:32:06","slug":"sostenibilita-agenda-2030","status":"publish","type":"page","link":"https:\/\/www.lindner.ch\/it\/sostenibilita-agenda-2030\/","title":{"rendered":"Sostenibilit\u00e0 \/ Agenda 2030"},"content":{"rendered":"\n  <div class=\"banner has-hover banner_border_ueber-uns has-parallax\" id=\"banner-1477131901\">\n          <div class=\"banner-inner fill\">\n        <div class=\"banner-bg fill\" data-parallax=\"-3\" data-parallax-container=\".banner\" data-parallax-background>\n            <img loading=\"lazy\" decoding=\"async\" width=\"1024\" height=\"261\" src=\"https:\/\/www.lindner.ch\/wp-content\/uploads\/2020\/11\/ueber-uns.jpg\" class=\"bg attachment-original size-original\" alt=\"\" \/>                                    \n                    <\/div>\n\t\t\n        <div class=\"banner-layers container\">\n            <div class=\"fill banner-link\"><\/div>            \n\n\n        <\/div>\n      <\/div>\n\n            \n<style>\n#banner-1477131901 {\n  padding-top: 200px;\n  background-color: rgb(29, 41, 52);\n}\n#banner-1477131901 .banner-bg img {\n  object-position: 44% 69%;\n}\n<\/style>\n  <\/div>\n\n\n\t<div id=\"gap-1884650906\" class=\"gap-element clearfix\" style=\"display:block; height:auto;\">\n\t\t\n<style>\n#gap-1884650906 {\n  padding-top: 30px;\n}\n<\/style>\n\t<\/div>\n\t\n<div class=\"row\"  id=\"row-965673236\">\n\n\t<div id=\"col-830886707\" class=\"col medium-3 small-12 large-3 col-divided\"  >\n\t\t\t\t<div class=\"col-inner\"  >\n\t\t\t\n\t\t\t\n<div class=\"menu-ueber-uns-italienisch-container\"><ul id=\"menu-ueber-uns-italienisch\" class=\"sb_navigation_ueber-uns\"><li id=\"menu-item-8345\" class=\"menu-item menu-item-type-post_type menu-item-object-page menu-item-has-children menu-item-8345\"><a href=\"https:\/\/www.lindner.ch\/it\/chi-siamo\/\">Chi siamo<\/a>\n<ul class=\"sub-menu\">\n\t<li id=\"menu-item-1448\" class=\"menu-item menu-item-type-taxonomy menu-item-object-category menu-item-1448\"><a href=\"https:\/\/www.lindner.ch\/it\/news\/non-categorizzato\/\">Attualit\u00e0<\/a><\/li>\n\t<li id=\"menu-item-8346\" class=\"menu-item menu-item-type-post_type menu-item-object-page menu-item-8346\"><a href=\"https:\/\/www.lindner.ch\/it\/chi-siamo\/team\/\">Team<\/a><\/li>\n<\/ul>\n<\/li>\n<li id=\"menu-item-8347\" class=\"menu-item menu-item-type-post_type menu-item-object-page menu-item-8347\"><a href=\"https:\/\/www.lindner.ch\/it\/sostenibilita-agenda-2030\/\">Sostenibilit\u00e0 \/ Agenda 2030<\/a><\/li>\n<li id=\"menu-item-8348\" class=\"menu-item menu-item-type-post_type menu-item-object-page menu-item-8348\"><a href=\"https:\/\/www.lindner.ch\/it\/certificati\/\">Certificati<\/a><\/li>\n<li id=\"menu-item-8349\" class=\"menu-item menu-item-type-post_type menu-item-object-page menu-item-8349\"><a href=\"https:\/\/www.lindner.ch\/it\/stampa-media\/\">Stampa\/Media<\/a><\/li>\n<li id=\"menu-item-8350\" class=\"menu-item menu-item-type-post_type menu-item-object-page menu-item-8350\"><a href=\"https:\/\/www.lindner.ch\/it\/newsletter\/\">Newsletter<\/a><\/li>\n<li id=\"menu-item-8351\" class=\"menu-item menu-item-type-post_type menu-item-object-page menu-item-8351\"><a href=\"https:\/\/www.lindner.ch\/it\/note-legali\/\">Note legali<\/a><\/li>\n<li id=\"menu-item-8352\" class=\"menu-item menu-item-type-post_type menu-item-object-page menu-item-8352\"><a href=\"https:\/\/www.lindner.ch\/it\/condizioni-generali-di-contratto\/\">Condizioni generali di contratto<\/a><\/li>\n<li id=\"menu-item-8353\" class=\"menu-item menu-item-type-post_type menu-item-object-page menu-item-8353\"><a href=\"https:\/\/www.lindner.ch\/it\/contatto\/\">Contatto<\/a><\/li>\n<\/ul><\/div>\n\t\t<\/div>\n\t\t\t\t\t<\/div>\n\n\t\n\n\t<div id=\"col-733386485\" class=\"col medium-9 small-12 large-9\"  >\n\t\t\t\t<div class=\"col-inner\"  >\n\t\t\t\n\t\t\t\n<div class=\"col-sm-12\">\n<h1>Impegno per la sostenibilit\u00e0 \/ Agenda 2030<\/h1>\n<\/div>\n<div class=\"col-sm-12\">\n<p><strong>Il nostro contributo al raggiungimento degli obiettivi globali di sostenibilit\u00e0<\/strong><\/p>\n<p>Sin dalla sua fondazione nel 1920, Lindner Suisse ha sempre attribuito grande importanza alla sostenibilit\u00e0 ecologica. Sviluppiamo e produciamo articoli speciali in lana di legno di alta qualit\u00e0 con un bilancio ecologico rispettoso dell\u2019ambiente. Viene utilizzato esclusivamente legno sano, privo di pesticidi, proveniente da potature invernali effettuate nella regione (<a href=\"https:\/\/www.holz-bois-legno.ch\/it\/vivere-e-sperimentare\/label-legno-svizzero\/caratteristiche\" target=\"_blank\" rel=\"noopener\">Label Legno Svizzero<\/a>). Questo permette di evitare lunghi trasporti. La produzione avviene secondo rigorosi standard di qualit\u00e0 interni e secondo lo standard svizzero per la lana di legno presso la nostra sede aziendale nel Toggenburg. Anche nella distribuzione dei materiali ausiliari per l\u2019imballaggio puntiamo su prodotti innovativi ed ecologici e su partner che condividono i nostri stessi ideali e standard.<\/p>\n<p>I veli protettivi antierosione e le fascine Howolis sono elencati sulla pagina di <a href=\"https:\/\/www.kbob.admin.ch\/it\/dati-dellecobilancio-nel-settore-della-costruzione\" target=\"_blank\" rel=\"noopener\">KBOB\/ecobau<\/a> (Dati dell\u2019ecobilancio nel settore della costruzione):<br \/>Tenendo conto di fattori quali il consumo energetico, le emissioni di gas serra e l\u2019utilizzo delle risorse, i dati relativi al bilancio ecologico contribuiscono in modo determinante a ridurre al minimo l\u2019impronta ecologica.<\/p>\n<p>In un\u2019ottica di tutela ambientale, puntiamo su prodotti che, laddove possibile, contengano una percentuale elevata di materiale riciclato e siano a loro volta riciclabili.<\/p>\n<p>Ci impegniamo a garantire la massima qualit\u00e0 e a rispettare sempre l\u2019ambiente, contribuendo, nel settore in cui operiamo, al raggiungimento degli obiettivi di sostenibilit\u00e0 delle Nazioni Unite nell\u2019ambito <a href=\"https:\/\/www.agenda-2030.eda.admin.ch\/it\/agenda-2030-per-uno-sviluppo-sostenibile\" target=\"_blank\" rel=\"noopener\"><strong>dell\u2019Agenda 2030<\/strong><\/a>.<\/p>\n<p>L\u2019attenzione \u00e8 rivolta in particolare agli obiettivi rilevanti per il settore (SDG 12, SDG 13, SDG 15). Ci\u00f2 non significa che Lindner Suisse non attribuisca importanza agli altri obiettivi di sostenibilit\u00e0. Ogni giorno ci impegniamo per uno sviluppo sostenibile della nostra societ\u00e0 e dell\u2019ambiente. Ad esempio, ci impegniamo a favore di condizioni di lavoro dignitose collaborando con aziende in cui persone con disabilit\u00e0 cognitive, fisiche o psichiche lavorano, studiano e vivono (SDG 8).<\/p>\n<\/div>\n\t<div class=\"img has-hover x md-x lg-x y md-y lg-y\" id=\"image_380902213\">\n\t\t\t\t\t\t\t\t<div class=\"img-inner dark\" >\n\t\t\t<img loading=\"lazy\" decoding=\"async\" width=\"960\" height=\"504\" src=\"https:\/\/www.lindner.ch\/wp-content\/uploads\/2025\/12\/SDGs_obiettivi_di_sviluppo_sostenibile_agenda_2030_i.jpg\" class=\"attachment-large size-large\" alt=\"\" srcset=\"https:\/\/www.lindner.ch\/wp-content\/uploads\/2025\/12\/SDGs_obiettivi_di_sviluppo_sostenibile_agenda_2030_i.jpg 960w, https:\/\/www.lindner.ch\/wp-content\/uploads\/2025\/12\/SDGs_obiettivi_di_sviluppo_sostenibile_agenda_2030_i-300x158.jpg 300w, https:\/\/www.lindner.ch\/wp-content\/uploads\/2025\/12\/SDGs_obiettivi_di_sviluppo_sostenibile_agenda_2030_i-768x403.jpg 768w\" sizes=\"auto, (max-width: 960px) 100vw, 960px\" \/>\t\t\t\t\t\t\n\t\t\t\t\t<\/div>\n\t\t\t\t\t\t\t\t\n<style>\n#image_380902213 {\n  width: 100%;\n}\n<\/style>\n\t<\/div>\n\t\n\t\t<\/div>\n\t\t\t\t\t<\/div>\n\n\t\n<\/div>\n","protected":false},"excerpt":{"rendered":"","protected":false},"author":5,"featured_media":0,"parent":0,"menu_order":0,"comment_status":"closed","ping_status":"closed","template":"","meta":{"inline_featured_image":false,"footnotes":""},"class_list":["post-8312","page","type-page","status-publish","hentry"],"_links":{"self":[{"href":"https:\/\/www.lindner.ch\/it\/wp-json\/wp\/v2\/pages\/8312","targetHints":{"allow":["GET"]}}],"collection":[{"href":"https:\/\/www.lindner.ch\/it\/wp-json\/wp\/v2\/pages"}],"about":[{"href":"https:\/\/www.lindner.ch\/it\/wp-json\/wp\/v2\/types\/page"}],"author":[{"embeddable":true,"href":"https:\/\/www.lindner.ch\/it\/wp-json\/wp\/v2\/users\/5"}],"replies":[{"embeddable":true,"href":"https:\/\/www.lindner.ch\/it\/wp-json\/wp\/v2\/comments?post=8312"}],"version-history":[{"count":5,"href":"https:\/\/www.lindner.ch\/it\/wp-json\/wp\/v2\/pages\/8312\/revisions"}],"predecessor-version":[{"id":8639,"href":"https:\/\/www.lindner.ch\/it\/wp-json\/wp\/v2\/pages\/8312\/revisions\/8639"}],"wp:attachment":[{"href":"https:\/\/www.lindner.ch\/it\/wp-json\/wp\/v2\/media?parent=8312"}],"curies":[{"name":"wp","href":"https:\/\/api.w.org\/{rel}","templated":true}]}}