{"id":8329,"date":"2025-08-27T11:58:00","date_gmt":"2025-08-27T09:58:00","guid":{"rendered":"https:\/\/www.lindner.ch\/condizioni-generali-di-contratto\/"},"modified":"2026-01-06T08:53:21","modified_gmt":"2026-01-06T07:53:21","slug":"condizioni-generali-di-contratto","status":"publish","type":"page","link":"https:\/\/www.lindner.ch\/it\/condizioni-generali-di-contratto\/","title":{"rendered":"Condizioni generali di contratto"},"content":{"rendered":"\n  <div class=\"banner has-hover banner_border_ueber-uns has-parallax\" id=\"banner-243543124\">\n          <div class=\"banner-inner fill\">\n        <div class=\"banner-bg fill\" data-parallax=\"-3\" data-parallax-container=\".banner\" data-parallax-background>\n            <img loading=\"lazy\" decoding=\"async\" width=\"1024\" height=\"261\" src=\"https:\/\/www.lindner.ch\/wp-content\/uploads\/2020\/11\/ueber-uns.jpg\" class=\"bg attachment-original size-original\" alt=\"\" \/>                                    \n                    <\/div>\n\t\t\n        <div class=\"banner-layers container\">\n            <div class=\"fill banner-link\"><\/div>            \n\n\n        <\/div>\n      <\/div>\n\n            \n<style>\n#banner-243543124 {\n  padding-top: 200px;\n  background-color: rgb(29, 41, 52);\n}\n#banner-243543124 .banner-bg img {\n  object-position: 44% 69%;\n}\n<\/style>\n  <\/div>\n\n\n\t<div id=\"gap-1991995264\" class=\"gap-element clearfix\" style=\"display:block; height:auto;\">\n\t\t\n<style>\n#gap-1991995264 {\n  padding-top: 30px;\n}\n<\/style>\n\t<\/div>\n\t\n<div class=\"row\"  id=\"row-962421453\">\n\n\t<div id=\"col-1555212910\" class=\"col medium-3 small-12 large-3 col-divided\"  >\n\t\t\t\t<div class=\"col-inner\"  >\n\t\t\t\n\t\t\t\n<div><div class=\"menu-ueber-uns-italienisch-container\"><ul id=\"menu-ueber-uns-italienisch\" class=\"sb_navigation_ueber-uns\"><li id=\"menu-item-8345\" class=\"menu-item menu-item-type-post_type menu-item-object-page menu-item-has-children menu-item-8345\"><a href=\"https:\/\/www.lindner.ch\/it\/chi-siamo\/\">Chi siamo<\/a>\n<ul class=\"sub-menu\">\n\t<li id=\"menu-item-1448\" class=\"menu-item menu-item-type-taxonomy menu-item-object-category menu-item-1448\"><a href=\"https:\/\/www.lindner.ch\/it\/news\/non-categorizzato\/\">Attualit\u00e0<\/a><\/li>\n\t<li id=\"menu-item-8346\" class=\"menu-item menu-item-type-post_type menu-item-object-page menu-item-8346\"><a href=\"https:\/\/www.lindner.ch\/it\/chi-siamo\/team\/\">Team<\/a><\/li>\n<\/ul>\n<\/li>\n<li id=\"menu-item-8347\" class=\"menu-item menu-item-type-post_type menu-item-object-page menu-item-8347\"><a href=\"https:\/\/www.lindner.ch\/it\/sostenibilita-agenda-2030\/\">Sostenibilit\u00e0 \/ Agenda 2030<\/a><\/li>\n<li id=\"menu-item-8348\" class=\"menu-item menu-item-type-post_type menu-item-object-page menu-item-8348\"><a href=\"https:\/\/www.lindner.ch\/it\/certificati\/\">Certificati<\/a><\/li>\n<li id=\"menu-item-8349\" class=\"menu-item menu-item-type-post_type menu-item-object-page menu-item-8349\"><a href=\"https:\/\/www.lindner.ch\/it\/stampa-media\/\">Stampa\/Media<\/a><\/li>\n<li id=\"menu-item-8350\" class=\"menu-item menu-item-type-post_type menu-item-object-page menu-item-8350\"><a href=\"https:\/\/www.lindner.ch\/it\/newsletter\/\">Newsletter<\/a><\/li>\n<li id=\"menu-item-8351\" class=\"menu-item menu-item-type-post_type menu-item-object-page menu-item-8351\"><a href=\"https:\/\/www.lindner.ch\/it\/note-legali\/\">Note legali<\/a><\/li>\n<li id=\"menu-item-8352\" class=\"menu-item menu-item-type-post_type menu-item-object-page menu-item-8352\"><a href=\"https:\/\/www.lindner.ch\/it\/condizioni-generali-di-contratto\/\">Condizioni generali di contratto<\/a><\/li>\n<li id=\"menu-item-8353\" class=\"menu-item menu-item-type-post_type menu-item-object-page menu-item-8353\"><a href=\"https:\/\/www.lindner.ch\/it\/contatto\/\">Contatto<\/a><\/li>\n<\/ul><\/div><\/div>\n\t\t<\/div>\n\t\t\t\t\t<\/div>\n\n\t\n\n\t<div id=\"col-1045207052\" class=\"col medium-9 small-12 large-9\"  >\n\t\t\t\t<div class=\"col-inner\"  >\n\t\t\t\n\t\t\t\n<div class=\"row\"  id=\"row-453382026\">\n\n\t<div id=\"col-1542805123\" class=\"col small-12 large-12\"  >\n\t\t\t\t<div class=\"col-inner\"  >\n\t\t\t\n\t\t\t\n<h1>Condizioni generali di contratto<\/h1>\n<p><strong>1. Ambito di applicazione delle Condizioni generali di contratto<\/strong><\/p>\n<p>Le presenti condizioni generali di contratto, nella versione valida al momento dell\u2019ordine, si applicano a tutti i rapporti commerciali relativi all\u2019acquisto di prodotti Lindner o all\u2019utilizzo di servizi e prestazioni della Lindner Suisse GmbH (di seguito \u201cLindner\u201d).<\/p>\n<p>Con il proprio ordine, la\/il cliente accetta integralmente e senza riserve le presenti condizioni generali di contratto.<\/p>\n<p><strong>2. Gamma di prodotti<\/strong><\/p>\n<p>In generale per tutti i prodotti, inclusi Howolis e Drenotube: le informazioni, le illustrazioni e le spiegazioni contenute nelle descrizioni dei prodotti e\/o nei cataloghi aggiuntivi servono unicamente come spiegazione generale e non sono vincolanti. In particolare, sono riservate modifiche al design e alla tecnologia che migliorano la funzionalit\u00e0 di un prodotto, cos\u00ec come eventuali errori nella descrizione, nell\u2019illustrazione e nell\u2019indicazione del prezzo. In caso di grandi quantit\u00e0 e di produzioni speciali, sono possibili consegne inferiori o superiori fino al 10% a seconda della tiratura e devono essere accettate senza riserve dall\u2019acquirente.<\/p>\n<p>Howolis e Drenotube: la\/il cliente \u00e8 personalmente responsabile per la corretta installazione dei materiali forniti. Sia l\u2019installazione sia la formazione e l\u2019istruzione della\/del cliente e del suo personale\/subappaltatori e fornitori non fanno parte della prestazione fornita.<\/p>\n<p>Le informazioni sui prodotti e le specifiche tecniche per i prodotti Howolis sono state redatte secondo le migliori conoscenze disponibili. Poich\u00e9 le modalit\u00e0 di utilizzo e installazione esulano dal nostro controllo, Lindner Suisse GmbH non si assume alcuna garanzia o responsabilit\u00e0 per i prodotti, salvo che ci\u00f2 sia stato preventivamente assicurato per iscritto per l\u2019ordine specifico. Non possiamo garantire che i nostri prodotti funzionino correttamente in condizioni avverse, poich\u00e9 ci\u00f2 dipende da diverse variabili, quali ad esempio le caratteristiche del terreno, il tipo di installazione e condizioni meteorologiche particolarmente avverse. Ci riserviamo espressamente il diritto di apportare modifiche tecniche e modifiche alla forma, alle dimensioni, al colore e\/o al peso e\/o alle misure, purch\u00e9 siano ragionevoli. I difetti evidenti devono essere segnalati immediatamente dopo il ricevimento della consegna presso la destinazione Lindner Suisse GmbH. I campioni della fornitura contestata devono essere inviati immediatamente. In caso di grandi quantit\u00e0 e di produzioni speciali, sono possibili consegne inferiori o superiori fino al 10% a seconda della tiratura e devono essere accettate senza riserve dall\u2019acquirente.<\/p>\n<p><strong>3. Prezzi<\/strong><\/p>\n<p>I prezzi sono indicati esclusivamente in franchi svizzeri, IVA esclusa, e si intendono senza imballaggio e franco fabbrica 9630 Wattwil. Non sono inclusi i costi di lavorazione, spedizione e imballaggio eventualmente sostenuti. Questi saranno addebitati separatamente (vedi punto 5. Condizioni di consegna). Il pagamento di tutti gli ordini \u00e8 accettato esclusivamente in franchi svizzeri. Lindner si riserva il diritto di modificare i prezzi in qualsiasi momento. Per i prodotti ordinati dalla\/dal cliente si applicano comunque sempre i prezzi validi alla data dell\u2019ordine e indicati nella conferma dell\u2019ordine o nella fattura.<\/p>\n<p><strong>4. Ordine<\/strong><\/p>\n<p>L\u2019ordine diventa vincolante dopo la sua accettazione o la conferma dell\u2019ordine o la fattura da parte di Lindner. Con l\u2019invio dell\u2019ordine, la\/il cliente accetta integralmente e senza riserve le presenti condizioni generali di contratto. Lindner si riserva il diritto di rifiutare un ordine di una\/un cliente senza dover fornire motivazione.<\/p>\n<p>Il contratto di fornitura si conclude anche per ordini effettuati via Internet solo con la conferma dell\u2019ordine o la fattura da parte di Lindner.<\/p>\n<p><strong>5. Condizioni di consegna<\/strong><\/p>\n<ul>\n<li>Zona di consegna: la zona di consegna \u00e8 limitata alla Svizzera e al Principato del Liechtenstein. Su richiesta, sono possibili consegne in altri Paesi, se fattibile.<\/li>\n<li>Costi di consegna: per ogni ordine online, i relativi costi di lavorazione, spedizione e imballaggio vengono calcolati individualmente e indicati nella conferma dell\u2019ordine.<\/li>\n<li>Preavviso di consegna: se \u00e8 richiesto che la consegna venga preannunciata telefonicamente dall\u2019autista, verr\u00e0 applicata una tariffa di CHF 7.00.<\/li>\n<li>Tempi di consegna: la spedizione avviene di norma entro 3 \u2013 5 giorni lavorativi. Se gli articoli ordinati non sono disponibili a magazzino, Lindner informer\u00e0 la\/il cliente via e-mail o telefono.<\/li>\n<li>Valore minimo dell\u2019ordine: il valore della merce ordinata deve essere almeno di CHF 50.00.<\/li>\n<\/ul>\n<p><strong>6. Disponibilit\u00e0<\/strong><\/p>\n<p>La consegna viene effettuata fino a esaurimento scorte. In particolare, gli articoli stagionali o in promozione sono disponibili solo in quantit\u00e0 limitate.<\/p>\n<p>Se dopo la ricezione dell\u2019ordine risulta che la consegna non pu\u00f2 essere completata perch\u00e9 singoli prodotti non sono temporaneamente disponibili, Lindner ne informer\u00e0 immediatamente la\/il cliente.<\/p>\n<p><strong>7. Modalit\u00e0 di pagamento<\/strong><\/p>\n<p>Dopo il completamento dell\u2019ordine, la\/il cliente ricever\u00e0 una e-mail di conferma (shop online) o una conferma dell\u2019ordine. Il pagamento pu\u00f2 essere effettuato tramite pagamento anticipato, carta di credito o fattura. Se la fatturazione avviene con la consegna della merce ordinata, l\u2019importo dovuto dovr\u00e0 essere versato entro il termine indicato sulla conferma dell\u2019ordine sul conto bancario specificato a favore di Lindner. In caso di mancato pagamento entro il termine stabilito, Lindner si riserva il diritto di sospendere gli ordini successivi dela\/del cliente e di addebitare alla\/al cliente le spese per i solleciti. Un sollecito comporta automaticamente la sospensione temporanea del metodo di pagamento tramite bollettino di versamento. In caso di procedura di recupero crediti, il metodo di pagamento tramite bollettino di versamento verr\u00e0 definitivamente bloccato.<\/p>\n<p>Lindner si riserva inoltre espressamente il diritto di richiedere pagamenti anticipati o di effettuare consegne in contrassegno. Lindner pu\u00f2 annullare o sospendere un ordine se ritiene che la\/il cliente non sia solvibile, se ha una o pi\u00f9 fatture in sospeso presso Lindner o se sussiste un fondato sospetto di intenzioni fraudolente.<\/p>\n<p>Le spese bancarie sono a carico della\/del cliente.<\/p>\n<p><strong>7a. Mora <\/strong><\/p>\n<p>In caso di ritardo nel pagamento da parte della\/del cliente, Lindner \u00e8 autorizzata ad addebitare interessi di mora pari al 5% annuo. Se Lindner dovesse subire un danno da mora superiore, si riserva il diritto di richiederne il risarcimento.<\/p>\n<p><strong>8. Reclami<\/strong><\/p>\n<p>\u00c8 responsabilit\u00e0 della\/del cliente controllare immediatamente la merce al momento della consegna e segnalare eventuali difetti o discrepanze rispetto al proprio ordine. Piccole variazioni di colore e design non sono considerate difetti. I reclami devono essere comunicati per iscritto a Lindner immediatamente dopo la consegna.<\/p>\n<p><strong>9. Clausola risolutiva<\/strong><\/p>\n<p>Qualora la\/il cliente non adempia, anche solo parzialmente, a uno dei propri obblighi o non rispetti una scadenza di pagamento, Lindner si riserva il diritto di richiedere il pagamento immediato di tutti gli importi ancora dovuti, indipendentemente dalla loro natura, di sospendere tutte le consegne o di risolvere i contratti in corso.<\/p>\n<p><strong>10. Sicurezza \/ Protezione dei dati<\/strong><\/p>\n<p>Per Lindner, la trasmissione sicura dei dati e la protezione ottimale della privacy della clientela sono di grande importanza. Lindner si riserva il diritto di utilizzare l\u2019indirizzo e-mail per l\u2019invio di una newsletter elettronica. La\/Il cliente pu\u00f2 interrompere tale servizio in qualsiasi momento e richiedere la cancellazione del proprio indirizzo. I dati personali vengono trattati in modo confidenziale e non vengono trasmessi a terzi.<\/p>\n<p><strong>11. Servizio clienti<\/strong><\/p>\n<p>Sono disponibili le seguenti modalit\u00e0 di contatto:<\/p>\n<ul>\n<li>Telefono del servizio clienti: +41 (0)71 987 61 51<\/li>\n<li>Fax del servizio clienti: +41 (0)71 987 61 59<\/li>\n<li>E-mail: holzwolle(at)lindner.ch<\/li>\n<\/ul>\n<p><strong>12. Riserva di propriet\u00e0<\/strong><\/p>\n<p>La merce consegnata rimane di propriet\u00e0 della Lindner Suisse GmbH, 9630 Wattwil, fino al completo pagamento.<\/p>\n<p><strong>13. Diritto applicabile e foro competente<\/strong><\/p>\n<p>Nella misura in cui sia stato instaurato un rapporto giuridico tra la\/il cliente di Lindner e Lindner, tale rapporto \u00e8 soggetto esclusivamente al diritto svizzero. Il foro competente esclusivo \u00e8 la sede della Lindner Suisse GmbH a 9630 Wattwil.<\/p>\n[Stato: gennaio 2026]\n\t\t<\/div>\n\t\t\t\t\t<\/div>\n\n\t\n<\/div>\n\t\t<\/div>\n\t\t\t\t\t<\/div>\n\n\t\n<\/div>\n","protected":false},"excerpt":{"rendered":"","protected":false},"author":2,"featured_media":0,"parent":0,"menu_order":0,"comment_status":"closed","ping_status":"closed","template":"","meta":{"inline_featured_image":false,"footnotes":""},"class_list":["post-8329","page","type-page","status-publish","hentry"],"_links":{"self":[{"href":"https:\/\/www.lindner.ch\/it\/wp-json\/wp\/v2\/pages\/8329","targetHints":{"allow":["GET"]}}],"collection":[{"href":"https:\/\/www.lindner.ch\/it\/wp-json\/wp\/v2\/pages"}],"about":[{"href":"https:\/\/www.lindner.ch\/it\/wp-json\/wp\/v2\/types\/page"}],"author":[{"embeddable":true,"href":"https:\/\/www.lindner.ch\/it\/wp-json\/wp\/v2\/users\/2"}],"replies":[{"embeddable":true,"href":"https:\/\/www.lindner.ch\/it\/wp-json\/wp\/v2\/comments?post=8329"}],"version-history":[{"count":3,"href":"https:\/\/www.lindner.ch\/it\/wp-json\/wp\/v2\/pages\/8329\/revisions"}],"predecessor-version":[{"id":8703,"href":"https:\/\/www.lindner.ch\/it\/wp-json\/wp\/v2\/pages\/8329\/revisions\/8703"}],"wp:attachment":[{"href":"https:\/\/www.lindner.ch\/it\/wp-json\/wp\/v2\/media?parent=8329"}],"curies":[{"name":"wp","href":"https:\/\/api.w.org\/{rel}","templated":true}]}}