{"id":8402,"date":"2025-09-01T15:36:42","date_gmt":"2025-09-01T13:36:42","guid":{"rendered":"https:\/\/www.lindner.ch\/manifattura-di-lana-di-legno\/howolis-lana-di-legno\/howolis-geotessuto-di-copertura-protezione\/"},"modified":"2025-12-15T14:55:23","modified_gmt":"2025-12-15T13:55:23","slug":"howolis-geotessuto-di-copertura-protezione","status":"publish","type":"page","link":"https:\/\/www.lindner.ch\/it\/manifattura-di-lana-di-legno\/howolis-antierosione-drenaggio-fascine-impermeabilizzazione\/howolis-geotessuto-di-copertura-protezione\/","title":{"rendered":"Howolis Geotessuto di copertura\/protezione"},"content":{"rendered":"\n  <div class=\"banner has-hover banner_border has-parallax\" id=\"banner-1079595621\">\n          <div class=\"banner-inner fill\">\n        <div class=\"banner-bg fill\" data-parallax=\"-3\" data-parallax-container=\".banner\" data-parallax-background>\n            <img loading=\"lazy\" decoding=\"async\" width=\"1020\" height=\"628\" src=\"https:\/\/www.lindner.ch\/wp-content\/uploads\/2020\/10\/Lindner_Suisse-1024x630.jpg\" class=\"bg attachment-large size-large\" alt=\"\" \/>                                    \n                    <\/div>\n\t\t\n        <div class=\"banner-layers container\">\n            <div class=\"fill banner-link\"><\/div>            \n        <\/div>\n      <\/div>\n\n            \n<style>\n#banner-1079595621 {\n  padding-top: 200px;\n  background-color: rgb(46, 171, 96);\n}\n#banner-1079595621 .banner-bg img {\n  object-position: 55% 51%;\n}\n<\/style>\n  <\/div>\n\n\n<div class=\"row\"  id=\"row-56147926\">\n\n\t<div id=\"col-1962769448\" class=\"col medium-3 small-12 large-3 col-divided\"  >\n\t\t\t\t<div class=\"col-inner\"  >\n\t\t\t\n\t\t\t\n<div class=\"menu-holzwolle-italienisch-2-container\"><ul id=\"menu-holzwolle-italienisch-2\" class=\"sb_navigation_holzwolle\"><li id=\"menu-item-8354\" class=\"menu-item menu-item-type-post_type menu-item-object-page menu-item-8354\"><a href=\"https:\/\/www.lindner.ch\/it\/manifattura-di-lana-di-legno\/\">Manifattura di lana di legno<\/a><\/li>\n<li id=\"menu-item-8355\" class=\"menu-item menu-item-type-post_type menu-item-object-page menu-item-has-children menu-item-8355\"><a href=\"https:\/\/www.lindner.ch\/it\/manifattura-di-lana-di-legno\/imballaggio-logistica\/\">Imballaggio \/ Logistica<\/a>\n<ul class=\"sub-menu\">\n\t<li id=\"menu-item-8356\" class=\"menu-item menu-item-type-post_type menu-item-object-page menu-item-8356\"><a href=\"https:\/\/www.lindner.ch\/it\/manifattura-di-lana-di-legno\/imballaggio-logistica\/spediline-classic\/\">spediline classic<\/a><\/li>\n\t<li id=\"menu-item-8357\" class=\"menu-item menu-item-type-post_type menu-item-object-page menu-item-8357\"><a href=\"https:\/\/www.lindner.ch\/it\/manifattura-di-lana-di-legno\/imballaggio-logistica\/spediline-food\/\">spediline food<\/a><\/li>\n\t<li id=\"menu-item-8358\" class=\"menu-item menu-item-type-post_type menu-item-object-page menu-item-8358\"><a href=\"https:\/\/www.lindner.ch\/it\/manifattura-di-lana-di-legno\/imballaggio-logistica\/spediline-extra\/\">spediline extra<\/a><\/li>\n\t<li id=\"menu-item-8359\" class=\"menu-item menu-item-type-post_type menu-item-object-page menu-item-8359\"><a href=\"https:\/\/www.lindner.ch\/it\/manifattura-di-lana-di-legno\/imballaggio-logistica\/lana-di-legno-decorativa-erba-di-grano\/\">Lana di legno decorativa \/ Erba di grano<\/a><\/li>\n<\/ul>\n<\/li>\n<li id=\"menu-item-8360\" class=\"menu-item menu-item-type-post_type menu-item-object-page menu-item-has-children menu-item-8360\"><a href=\"https:\/\/www.lindner.ch\/it\/manifattura-di-lana-di-legno\/igiene-degli-animali\/\">Igiene degli animali<\/a>\n<ul class=\"sub-menu\">\n\t<li id=\"menu-item-8513\" class=\"menu-item menu-item-type-post_type menu-item-object-page menu-item-8513\"><a href=\"https:\/\/www.lindner.ch\/it\/manifattura-di-lana-di-legno\/igiene-degli-animali\/agroclean-igiene-della-mammella\/\">agroclean\u00ae Igiene della mammella<\/a><\/li>\n<\/ul>\n<\/li>\n<li id=\"menu-item-8361\" class=\"menu-item menu-item-type-post_type menu-item-object-page menu-item-has-children menu-item-8361\"><a href=\"https:\/\/www.lindner.ch\/it\/manifattura-di-lana-di-legno\/giardinaggio-tempo-libero\/\">Giardinaggio \/ Tempo libero<\/a>\n<ul class=\"sub-menu\">\n\t<li id=\"menu-item-8362\" class=\"menu-item menu-item-type-post_type menu-item-object-page menu-item-8362\"><a href=\"https:\/\/www.lindner.ch\/it\/manifattura-di-lana-di-legno\/giardinaggio-tempo-libero\/agrohobby\/\">agrohobby<\/a><\/li>\n\t<li id=\"menu-item-8363\" class=\"menu-item menu-item-type-post_type menu-item-object-page menu-item-8363\"><a href=\"https:\/\/www.lindner.ch\/it\/manifattura-di-lana-di-legno\/giardinaggio-tempo-libero\/geotessile-antierosione-howolis\/\">Geotessile antierosione Howolis<\/a><\/li>\n\t<li id=\"menu-item-8441\" class=\"menu-item menu-item-type-post_type menu-item-object-page menu-item-8441\"><a href=\"https:\/\/www.lindner.ch\/it\/manifattura-di-lana-di-legno\/giardinaggio-tempo-libero\/lana-di-legno-decorativa-erba-di-grano\/\">Lana di legno decorativa \/ Erba di grano<\/a><\/li>\n<\/ul>\n<\/li>\n<li id=\"menu-item-8365\" class=\"menu-item menu-item-type-post_type menu-item-object-page menu-item-has-children menu-item-8365\"><a href=\"https:\/\/www.lindner.ch\/it\/manifattura-di-lana-di-legno\/accendifuoco-flamtastic\/\">Accendifuoco Flamtastic<\/a>\n<ul class=\"sub-menu\">\n\t<li id=\"menu-item-8366\" class=\"menu-item menu-item-type-post_type menu-item-object-page menu-item-8366\"><a href=\"https:\/\/www.lindner.ch\/it\/manifattura-di-lana-di-legno\/accendifuoco-flamtastic\/flamtastic\/\">Flamtastic<\/a><\/li>\n\t<li id=\"menu-item-8367\" class=\"menu-item menu-item-type-post_type menu-item-object-page menu-item-8367\"><a href=\"https:\/\/www.lindner.ch\/it\/manifattura-di-lana-di-legno\/accendifuoco-flamtastic\/segatura-combustibile\/\">Segatura combustibile<\/a><\/li>\n\t<li id=\"menu-item-8368\" class=\"menu-item menu-item-type-post_type menu-item-object-page menu-item-8368\"><a href=\"https:\/\/www.lindner.ch\/it\/manifattura-di-lana-di-legno\/accendifuoco-flamtastic\/flamtastic-come-omaggio-promozionale\/\">Flamtastic come omaggio promozionale<\/a><\/li>\n\t<li id=\"menu-item-8369\" class=\"menu-item menu-item-type-post_type menu-item-object-page menu-item-8369\"><a href=\"https:\/\/www.lindner.ch\/it\/manifattura-di-lana-di-legno\/accendifuoco-flamtastic\/rosto-cleaner\/\">Rosto-Cleaner<\/a><\/li>\n<\/ul>\n<\/li>\n<li id=\"menu-item-8390\" class=\"menu-item menu-item-type-post_type menu-item-object-page menu-item-has-children menu-item-8390\"><a href=\"https:\/\/www.lindner.ch\/it\/manifattura-di-lana-di-legno\/howolis-antierosione-drenaggio-fascine-impermeabilizzazione\/\">Howolis lana di legno<\/a>\n<ul class=\"sub-menu\">\n\t<li id=\"menu-item-8370\" class=\"menu-item menu-item-type-post_type menu-item-object-page menu-item-8370\"><a href=\"https:\/\/www.lindner.ch\/it\/manifattura-di-lana-di-legno\/howolis-antierosione-drenaggio-fascine-impermeabilizzazione\/geotessile-antierosione-howolis\/\">Geotessile antierosione Howolis<\/a><\/li>\n\t<li id=\"menu-item-8406\" class=\"menu-item menu-item-type-post_type menu-item-object-page menu-item-8406\"><a href=\"https:\/\/www.lindner.ch\/it\/manifattura-di-lana-di-legno\/howolis-antierosione-drenaggio-fascine-impermeabilizzazione\/howolis-geotessuto-di-copertura-protezione\/\">Howolis Geotessuto di copertura\/protezione<\/a><\/li>\n\t<li id=\"menu-item-8371\" class=\"menu-item menu-item-type-post_type menu-item-object-page menu-item-8371\"><a href=\"https:\/\/www.lindner.ch\/it\/manifattura-di-lana-di-legno\/howolis-antierosione-drenaggio-fascine-impermeabilizzazione\/fascina-q-howolis\/\">Fascina Q Howolis<\/a><\/li>\n\t<li id=\"menu-item-8372\" class=\"menu-item menu-item-type-post_type menu-item-object-page menu-item-8372\"><a href=\"https:\/\/www.lindner.ch\/it\/manifattura-di-lana-di-legno\/howolis-antierosione-drenaggio-fascine-impermeabilizzazione\/fascine-quickquader-howolis\/\">Fascine Quickquader Howolis<\/a><\/li>\n\t<li id=\"menu-item-8373\" class=\"menu-item menu-item-type-post_type menu-item-object-page menu-item-8373\"><a href=\"https:\/\/www.lindner.ch\/it\/manifattura-di-lana-di-legno\/howolis-antierosione-drenaggio-fascine-impermeabilizzazione\/howolis-drenoroll-tubo-di-drenaggio\/\">Howolis Drenoroll tubo di drenaggio<\/a><\/li>\n\t<li id=\"menu-item-8374\" class=\"menu-item menu-item-type-post_type menu-item-object-page menu-item-8374\"><a href=\"https:\/\/www.lindner.ch\/it\/manifattura-di-lana-di-legno\/howolis-antierosione-drenaggio-fascine-impermeabilizzazione\/howolis-drenogrid-elemento-di-impermeabilizzazione\/\">HOWOLIS Drenogrid Elemento di impermeabilizzazione<\/a><\/li>\n\t<li id=\"menu-item-8376\" class=\"menu-item menu-item-type-post_type menu-item-object-page menu-item-8376\"><a href=\"https:\/\/www.lindner.ch\/it\/manifattura-di-lana-di-legno\/howolis-antierosione-drenaggio-fascine-impermeabilizzazione\/howolis-snowfarming-depositi-di-neve\/\">Howolis Snowfarming \/ Depositi di neve con lana di legno svizzera<\/a><\/li>\n\t<li id=\"menu-item-8377\" class=\"menu-item menu-item-type-post_type menu-item-object-page menu-item-8377\"><a href=\"https:\/\/www.lindner.ch\/it\/manifattura-di-lana-di-legno\/howolis-antierosione-drenaggio-fascine-impermeabilizzazione\/howolis-early-green\/\">Howolis Early Green<\/a><\/li>\n\t<li id=\"menu-item-8378\" class=\"menu-item menu-item-type-post_type menu-item-object-page menu-item-8378\"><a href=\"https:\/\/www.lindner.ch\/it\/manifattura-di-lana-di-legno\/howolis-antierosione-drenaggio-fascine-impermeabilizzazione\/lana-di-legno-sfusa-per-drenaggi-paratie\/\">Lana di legno (sfusa) per drenaggi \/ paratie<\/a><\/li>\n\t<li id=\"menu-item-8379\" class=\"menu-item menu-item-type-post_type menu-item-object-page menu-item-8379\"><a href=\"https:\/\/www.lindner.ch\/it\/manifattura-di-lana-di-legno\/howolis-antierosione-drenaggio-fascine-impermeabilizzazione\/materiale-ausiliario-howolis\/\">Materiale ausiliario Howolis<\/a><\/li>\n\t<li id=\"menu-item-8380\" class=\"menu-item menu-item-type-post_type menu-item-object-page menu-item-8380\"><a href=\"https:\/\/www.lindner.ch\/it\/manifattura-di-lana-di-legno\/howolis-antierosione-drenaggio-fascine-impermeabilizzazione\/drenotube\/\">drenotube \u00ae<\/a><\/li>\n<\/ul>\n<\/li>\n<li id=\"menu-item-8381\" class=\"menu-item menu-item-type-post_type menu-item-object-page menu-item-8381\"><a href=\"https:\/\/www.lindner.ch\/it\/manifattura-di-lana-di-legno\/la-storia-della-lana-di-legno\/\">La storia della lana di legno<\/a><\/li>\n<li id=\"menu-item-8382\" class=\"menu-item menu-item-type-post_type menu-item-object-page menu-item-8382\"><a href=\"https:\/\/www.lindner.ch\/it\/manifattura-di-lana-di-legno\/mostre-fiere\/\">Mostre \/ Fiere<\/a><\/li>\n<\/ul><\/div>\n\t\t<\/div>\n\t\t\t\t\t<\/div>\n\n\t\n\n\t<div id=\"col-244506439\" class=\"col medium-9 small-12 large-9\"  >\n\t\t\t\t<div class=\"col-inner\"  >\n\t\t\t\n\t\t\t\n<div class=\"row\"  id=\"row-191666583\">\n\n\t<div id=\"col-1569181153\" class=\"col medium-9 small-12 large-9\"  >\n\t\t\t\t<div class=\"col-inner\"  >\n\t\t\t\n\t\t\t\n<h1>Geotessuto di copertura\/protezione tipo 40 Howolis &#8211; Lana di legno<\/h1>\n<p>Protezione del suolo: Per la copertura temporanea di cantieri ecc.<\/p>\n<ul>\n<li>impedisce l\u2019erosione superficiale<\/li>\n<li><strong>non deve essere separato dal materiale di scavo durante la demolizione<\/strong><\/li>\n<li>sostituisce le guaine di plastica<\/li>\n<li>nessun costo di riciclaggio<\/li>\n<li>facile da lavorare\/posare, peso ridotto<\/li>\n<li>prodotta secondo la formulazione individuale e conformemente allo <a href=\"https:\/\/www.lindner.ch\/files\/content\/Downloads_Produktinformationen\/Lindner_Suisse_Howolis_standard_svizzero_lana%20di%20legno.pdf\">Standard svizzero per la lana di legno<\/a><\/li>\n<li>100% legno sano di provenienza da sevicoltura svizzera (<a href=\"https:\/\/www.holz-bois-legno.ch\/it\/vivere-e-sperimentare\/label-legno-svizzero\/caratteristiche\" target=\"_blank\" rel=\"noopener\">Label Legno Svizzero<\/a>), non contiene pesticidi e prodotti fitosanitari<\/li>\n<li>durata illimitata se conservato in luogo asciutto<\/li>\n<li>tempi di consegna brevi<\/li>\n<\/ul>\n<p><strong>Testimonianza di Roman Hediger, Implenia Schweiz AG<br \/><\/strong>\u00abUsiamo i teli geotessili sotto i container dell\u2019ufficio e lungo un sentiero per delimitare il pendio. Finora, hanno adempiuto perfettamente al loro scopo e permettono persino alla vegetazione di crescere sul pendio. Si tratta di un grande vantaggio rispetto alle guaine di plastica comunemente usate, anche solo puramente da un punto di vista estetico. Il pi\u00f9 grande vantaggio per noi, tuttavia, \u00e8 che non dobbiamo pi\u00f9 separare le stuoie dal materiale di scavo durante la demolizione.\u00bb<\/p>\n<p><strong>I modelli di bando di gara sono disponibili direttamente sulla <a href=\"https:\/\/prd.crb.ch\/product_overview?searchterm=howolis&amp;setSearchtarget=&amp;listview=Product&amp;searchtarget=NPK&amp;searchtarget=EBKP&amp;searchtarget=Suchwort&amp;searchtarget=Productname&amp;searchtarget=Productdescription&amp;searchtarget=Brand&amp;searchtarget=Compnanyname\" target=\"_blank\" rel=\"noopener\">piattaforma NPK PRD<\/a>.<\/strong><\/p>\n\t\t<\/div>\n\t\t\t\t\t<\/div>\n\n\t\n\n\t<div id=\"col-783812800\" class=\"col medium-3 small-12 large-3\"  >\n\t\t\t\t<div class=\"col-inner\"  >\n\t\t\t\n\t\t\t\n\t<div class=\"img has-hover holzwolle_b x md-x lg-x y md-y lg-y\" id=\"image_142923387\">\n\t\t<a class=\"image-lightbox lightbox-gallery\" title=\"\" href=\"https:\/\/www.lindner.ch\/wp-content\/uploads\/2022\/01\/Moldiv_Typ_40-1024x686.jpg\">\t\t\t\t\t\t<div class=\"img-inner dark\" >\n\t\t\t<img loading=\"lazy\" decoding=\"async\" width=\"1020\" height=\"683\" src=\"https:\/\/www.lindner.ch\/wp-content\/uploads\/2022\/01\/Moldiv_Typ_40-1024x686.jpg\" class=\"attachment-large size-large\" alt=\"\" srcset=\"https:\/\/www.lindner.ch\/wp-content\/uploads\/2022\/01\/Moldiv_Typ_40-1024x686.jpg 1024w, https:\/\/www.lindner.ch\/wp-content\/uploads\/2022\/01\/Moldiv_Typ_40-300x201.jpg 300w, https:\/\/www.lindner.ch\/wp-content\/uploads\/2022\/01\/Moldiv_Typ_40-768x514.jpg 768w, https:\/\/www.lindner.ch\/wp-content\/uploads\/2022\/01\/Moldiv_Typ_40.jpg 1205w\" sizes=\"auto, (max-width: 1020px) 100vw, 1020px\" \/>\t\t\t\t\t\t\n\t\t\t\t\t<\/div>\n\t\t\t\t\t\t<\/a>\t\t\n<style>\n#image_142923387 {\n  width: 100%;\n}\n<\/style>\n\t<\/div>\n\t\n\t<div class=\"img has-hover holzwolle_b x md-x lg-x y md-y lg-y\" id=\"image_98554469\">\n\t\t<a class=\"image-lightbox lightbox-gallery\" title=\"\" href=\"https:\/\/www.lindner.ch\/wp-content\/uploads\/2025\/12\/Moldiv_weniger_Plastik_auf_Baustellen_Howolis_Abdeckvlies_Typ40_i_meno_plastica.jpg\">\t\t\t\t\t\t<div class=\"img-inner dark\" >\n\t\t\t<img loading=\"lazy\" decoding=\"async\" width=\"945\" height=\"782\" src=\"https:\/\/www.lindner.ch\/wp-content\/uploads\/2025\/12\/Moldiv_weniger_Plastik_auf_Baustellen_Howolis_Abdeckvlies_Typ40_i_meno_plastica.jpg\" class=\"attachment-large size-large\" alt=\"\" srcset=\"https:\/\/www.lindner.ch\/wp-content\/uploads\/2025\/12\/Moldiv_weniger_Plastik_auf_Baustellen_Howolis_Abdeckvlies_Typ40_i_meno_plastica.jpg 945w, https:\/\/www.lindner.ch\/wp-content\/uploads\/2025\/12\/Moldiv_weniger_Plastik_auf_Baustellen_Howolis_Abdeckvlies_Typ40_i_meno_plastica-300x248.jpg 300w, https:\/\/www.lindner.ch\/wp-content\/uploads\/2025\/12\/Moldiv_weniger_Plastik_auf_Baustellen_Howolis_Abdeckvlies_Typ40_i_meno_plastica-768x636.jpg 768w\" sizes=\"auto, (max-width: 945px) 100vw, 945px\" \/>\t\t\t\t\t\t\n\t\t\t\t\t<\/div>\n\t\t\t\t\t\t<\/a>\t\t\n<style>\n#image_98554469 {\n  width: 100%;\n}\n<\/style>\n\t<\/div>\n\t\n\t\t<\/div>\n\t\t\t\t\t<\/div>\n\n\t\n\n\t<div id=\"col-414810415\" class=\"col small-12 large-12\"  >\n\t\t\t\t<div class=\"col-inner\"  >\n\t\t\t\n\t\t\t\n\t<div id=\"gap-1663772343\" class=\"gap-element clearfix\" style=\"display:block; height:auto;\">\n\t\t\n<style>\n#gap-1663772343 {\n  padding-top: 30px;\n}\n<\/style>\n\t<\/div>\n\t\n\n<div class=\"row\"  id=\"row-209874092\">\n\n\n\t<div id=\"col-792005693\" class=\"col small-12 large-12\"  >\n\t\t\t\t<div class=\"col-inner\"  >\n\t\t\t\n\t\t\t\n\n<h2>Richiedete subito un\u2019offerta personalizzata<\/h2>\n\n\t\t<\/div>\n\t\t\t\t\t<\/div>\n\n\t\n\n\t<div id=\"col-2047816305\" class=\"col medium-5 small-12 large-5\"  >\n\t\t\t\t<div class=\"col-inner\"  >\n\t\t\t\n\t\t\t\n\n\n<div class=\"wpcf7 no-js\" id=\"wpcf7-f894-o1\" lang=\"de-DE\" dir=\"ltr\" data-wpcf7-id=\"894\">\n<div class=\"screen-reader-response\"><p role=\"status\" aria-live=\"polite\" aria-atomic=\"true\"><\/p> <ul><\/ul><\/div>\n<form action=\"\/it\/wp-json\/wp\/v2\/pages\/8402#wpcf7-f894-o1\" method=\"post\" class=\"wpcf7-form init\" aria-label=\"Kontaktformular\" novalidate=\"novalidate\" data-status=\"init\">\n<fieldset class=\"hidden-fields-container\"><input type=\"hidden\" name=\"_wpcf7\" value=\"894\" \/><input type=\"hidden\" name=\"_wpcf7_version\" value=\"6.1.5\" \/><input type=\"hidden\" name=\"_wpcf7_locale\" value=\"de_DE_formal\" \/><input type=\"hidden\" name=\"_wpcf7_unit_tag\" value=\"wpcf7-f894-o1\" \/><input type=\"hidden\" name=\"_wpcf7_container_post\" value=\"0\" \/><input type=\"hidden\" name=\"_wpcf7_posted_data_hash\" value=\"\" \/><input type=\"hidden\" name=\"_wpcf7_recaptcha_response\" value=\"\" \/>\n<\/fieldset>\n<p><span class=\"wpcf7-form-control-wrap\" data-name=\"your-name\"><input size=\"40\" maxlength=\"400\" class=\"wpcf7-form-control wpcf7-text wpcf7-validates-as-required\" aria-required=\"true\" aria-invalid=\"false\" placeholder=\"Vorname \/ Nachname*\" value=\"\" type=\"text\" name=\"your-name\" \/><\/span><br \/>\n<span class=\"wpcf7-form-control-wrap\" data-name=\"firma\"><input size=\"40\" maxlength=\"400\" class=\"wpcf7-form-control wpcf7-text\" aria-invalid=\"false\" placeholder=\"Firma\" value=\"\" type=\"text\" name=\"firma\" \/><\/span><br \/>\n<span class=\"wpcf7-form-control-wrap\" data-name=\"strasse\"><input size=\"40\" maxlength=\"400\" class=\"wpcf7-form-control wpcf7-text\" aria-invalid=\"false\" placeholder=\"Strasse\" value=\"\" type=\"text\" name=\"strasse\" \/><\/span><br \/>\n<span class=\"wpcf7-form-control-wrap\" data-name=\"plzort\"><input size=\"40\" maxlength=\"400\" class=\"wpcf7-form-control wpcf7-text\" aria-invalid=\"false\" placeholder=\"PLZ \/ ORT\" value=\"\" type=\"text\" name=\"plzort\" \/><\/span><br \/>\n<span class=\"wpcf7-form-control-wrap\" data-name=\"your-email\"><input size=\"40\" maxlength=\"400\" class=\"wpcf7-form-control wpcf7-email wpcf7-validates-as-required wpcf7-text wpcf7-validates-as-email\" aria-required=\"true\" aria-invalid=\"false\" placeholder=\"E-Mail\" value=\"\" type=\"email\" name=\"your-email\" \/><\/span><br \/>\n<span class=\"wpcf7-form-control-wrap\" data-name=\"telefon\"><input size=\"40\" maxlength=\"400\" class=\"wpcf7-form-control wpcf7-tel wpcf7-text wpcf7-validates-as-tel\" aria-invalid=\"false\" placeholder=\"Telefon\" value=\"\" type=\"tel\" name=\"telefon\" \/><\/span><br \/>\n<span class=\"wpcf7-form-control-wrap\" data-name=\"your-message\"><textarea cols=\"40\" rows=\"10\" maxlength=\"2000\" class=\"wpcf7-form-control wpcf7-textarea\" aria-invalid=\"false\" placeholder=\"Nachricht\" name=\"your-message\"><\/textarea><\/span>\n<\/p>\n<p><input class=\"wpcf7-form-control wpcf7-submit has-spinner\" type=\"submit\" value=\"absenden\" \/>\n<\/p><div class=\"wpcf7-response-output\" aria-hidden=\"true\"><\/div>\n<\/form>\n<\/div>\n\n\n\t<div id=\"text-2869452887\" class=\"text\">\n\t\t\n\n<p>This site is protected by reCAPTCHA and the Google<a href=\"https:\/\/policies.google.com\/privacy\" target=\"_blank\" rel=\"noopener\">Privacy Policy<\/a> and<a href=\"https:\/\/policies.google.com\/terms\" target=\"_blank\" rel=\"noopener\">Terms of Service<\/a> apply.<\/p>\n\t\t\n<style>\n#text-2869452887 {\n  font-size: 0.75rem;\n}\n<\/style>\n\t<\/div>\n\t\n\n\t\t<\/div>\n\t\t\t\t\t<\/div>\n\n\t\n\n\t<div id=\"col-1472256522\" class=\"col medium-1 small-12 large-1\"  >\n\t\t\t\t<div class=\"col-inner\"  >\n\t\t\t\n\t\t\t\n\n\n\t\t<\/div>\n\t\t\t\t\t<\/div>\n\n\t\n\n\t<div id=\"col-1369757309\" class=\"col medium-5 small-12 large-5\"  >\n\t\t\t\t<div class=\"col-inner\"  >\n\t\t\t\n\t\t\t\n\n<a href=\"tel:+41719876151\" class=\"button primary is-xlarge\" >\n\t<i class=\"icon-phone\" aria-hidden=\"true\"><\/i>\t<span>+41 (0) 71 987 61 51<\/span>\n\t<\/a>\n\n\n<p>Lun-Jeu: 07:30-12:00 \/ 13:30-17:15<br>Ven: 07:30-12:00 \/ 13:30-16:30<\/p>\n\t<div id=\"gap-1647462102\" class=\"gap-element clearfix\" style=\"display:block; height:auto;\">\n\t\t\n<style>\n#gap-1647462102 {\n  padding-top: 30px;\n}\n<\/style>\n\t<\/div>\n\t\n\n<div class=\"row align-middle\"  id=\"row-1610176578\">\n\n\n\t<div id=\"col-1024823535\" class=\"col medium-4 small-12 large-4\"  >\n\t\t\t\t<div class=\"col-inner\"  >\n\t\t\t\n\t\t\t\n\n\t<div class=\"img has-hover x md-x lg-x y md-y lg-y\" id=\"image_468233924\">\n\t\t\t\t\t\t\t\t<div class=\"img-inner dark\" >\n\t\t\t<img loading=\"lazy\" decoding=\"async\" width=\"996\" height=\"1024\" src=\"https:\/\/www.lindner.ch\/wp-content\/uploads\/2022\/04\/Anouchka_Lindner_Suisse-996x1024.jpg\" class=\"attachment-large size-large\" alt=\"\" srcset=\"https:\/\/www.lindner.ch\/wp-content\/uploads\/2022\/04\/Anouchka_Lindner_Suisse-996x1024.jpg 996w, https:\/\/www.lindner.ch\/wp-content\/uploads\/2022\/04\/Anouchka_Lindner_Suisse-292x300.jpg 292w, https:\/\/www.lindner.ch\/wp-content\/uploads\/2022\/04\/Anouchka_Lindner_Suisse-768x790.jpg 768w, https:\/\/www.lindner.ch\/wp-content\/uploads\/2022\/04\/Anouchka_Lindner_Suisse.jpg 1000w\" sizes=\"auto, (max-width: 996px) 100vw, 996px\" \/>\t\t\t\t\t\t\n\t\t\t\t\t<\/div>\n\t\t\t\t\t\t\t\t\n<style>\n#image_468233924 {\n  width: 100%;\n}\n<\/style>\n\t<\/div>\n\t\n\n\n\t\t<\/div>\n\t\t\t\t\t<\/div>\n\n\t\n\n\t<div id=\"col-1383616540\" class=\"col medium-6 small-12 large-6\"  >\n\t\t\t\t<div class=\"col-inner\"  >\n\t\t\t\n\t\t\t\n\n<h3>Anouchka Lan Kam<\/h3>\n<p>Conseill\u00e8re de vente<\/p>\n\n\t\t<\/div>\n\t\t\t\t\t<\/div>\n\n\t\n\n<\/div>\n<div class=\"row align-middle\"  id=\"row-67929600\">\n\n\n\t<div id=\"col-100917270\" class=\"col medium-4 small-12 large-4\"  >\n\t\t\t\t<div class=\"col-inner\"  >\n\t\t\t\n\t\t\t\n\n\n\t\t<\/div>\n\t\t\t\t\t<\/div>\n\n\t\n\n\t<div id=\"col-927719642\" class=\"col medium-6 small-12 large-6\"  >\n\t\t\t\t<div class=\"col-inner\"  >\n\t\t\t\n\t\t\t\n\n\n\t\t<\/div>\n\t\t\t\t\t<\/div>\n\n\t\n\n<\/div>\n<div class=\"row align-middle\"  id=\"row-1352561812\">\n\n\n<\/div>\n<div class=\"row align-middle\"  id=\"row-5440414\">\n\n\n\t<div id=\"col-1728407739\" class=\"col medium-4 small-12 large-4\"  >\n\t\t\t\t<div class=\"col-inner\"  >\n\t\t\t\n\t\t\t\n\n\n\t\t<\/div>\n\t\t\t\t\t<\/div>\n\n\t\n\n\t<div id=\"col-1575366476\" class=\"col medium-6 small-12 large-6\"  >\n\t\t\t\t<div class=\"col-inner\"  >\n\t\t\t\n\t\t\t\n\n\n\t\t<\/div>\n\t\t\t\t\t<\/div>\n\n\t\n\n<\/div>\n\n\t\t<\/div>\n\t\t\t\t\t<\/div>\n\n\t\n\n<\/div>\n\t\t<\/div>\n\t\t\t\t\t<\/div>\n\n\t\n<\/div>\n\t\t<\/div>\n\t\t\t\t\t<\/div>\n\n\t\n<\/div>\n","protected":false},"excerpt":{"rendered":"","protected":false},"author":5,"featured_media":5818,"parent":8386,"menu_order":0,"comment_status":"closed","ping_status":"closed","template":"","meta":{"inline_featured_image":false,"footnotes":""},"class_list":["post-8402","page","type-page","status-publish","has-post-thumbnail","hentry"],"_links":{"self":[{"href":"https:\/\/www.lindner.ch\/it\/wp-json\/wp\/v2\/pages\/8402","targetHints":{"allow":["GET"]}}],"collection":[{"href":"https:\/\/www.lindner.ch\/it\/wp-json\/wp\/v2\/pages"}],"about":[{"href":"https:\/\/www.lindner.ch\/it\/wp-json\/wp\/v2\/types\/page"}],"author":[{"embeddable":true,"href":"https:\/\/www.lindner.ch\/it\/wp-json\/wp\/v2\/users\/5"}],"replies":[{"embeddable":true,"href":"https:\/\/www.lindner.ch\/it\/wp-json\/wp\/v2\/comments?post=8402"}],"version-history":[{"count":6,"href":"https:\/\/www.lindner.ch\/it\/wp-json\/wp\/v2\/pages\/8402\/revisions"}],"predecessor-version":[{"id":8698,"href":"https:\/\/www.lindner.ch\/it\/wp-json\/wp\/v2\/pages\/8402\/revisions\/8698"}],"up":[{"embeddable":true,"href":"https:\/\/www.lindner.ch\/it\/wp-json\/wp\/v2\/pages\/8386"}],"wp:featuredmedia":[{"embeddable":true,"href":"https:\/\/www.lindner.ch\/it\/wp-json\/wp\/v2\/media\/5818"}],"wp:attachment":[{"href":"https:\/\/www.lindner.ch\/it\/wp-json\/wp\/v2\/media?parent=8402"}],"curies":[{"name":"wp","href":"https:\/\/api.w.org\/{rel}","templated":true}]}}