{"id":8461,"date":"2025-09-08T10:59:56","date_gmt":"2025-09-08T08:59:56","guid":{"rendered":"https:\/\/www.lindner.ch\/startseite\/"},"modified":"2026-03-09T11:28:53","modified_gmt":"2026-03-09T10:28:53","slug":"startseite","status":"publish","type":"page","link":"https:\/\/www.lindner.ch\/it\/","title":{"rendered":"Startseite"},"content":{"rendered":"<div class=\"slider-wrapper relative\" id=\"slider-2091104855\" >\n    <div class=\"slider slider-nav-dots-simple slider-nav-simple slider-nav-large slider-nav-light slider-style-normal slider-show-nav\"\n        data-flickity-options='{\n            \"cellAlign\": \"center\",\n            \"imagesLoaded\": true,\n            \"lazyLoad\": 1,\n            \"freeScroll\": false,\n            \"wrapAround\": true,\n            \"autoPlay\": 3000,\n            \"pauseAutoPlayOnHover\" : false,\n            \"prevNextButtons\": true,\n            \"contain\" : true,\n            \"adaptiveHeight\" : true,\n            \"dragThreshold\" : 10,\n            \"percentPosition\": true,\n            \"pageDots\": false,\n            \"rightToLeft\": false,\n            \"draggable\": false,\n            \"selectedAttraction\": 0.1,\n            \"parallax\" : 0,\n            \"friction\": 0.6        }'\n        >\n        \n\n\n\t<section class=\"section dark\" id=\"section_1793921430\">\n\t\t<div class=\"section-bg fill\" >\n\t\t\t<img loading=\"lazy\" decoding=\"async\" width=\"1920\" height=\"1080\" src=\"https:\/\/www.lindner.ch\/wp-content\/uploads\/2020\/09\/holzwolle-14-42.jpg\" class=\"bg attachment- size-\" alt=\"\" \/>\t\t\t\t\t\t\n\t\t\t\n\n\t\t<\/div>\n\n\t\t\n\n\t\t<div class=\"section-content relative\">\n\t\t\t\n\t\t<\/div>\n\n\t\t\n<style>\n#section_1793921430 {\n  padding-top: 100px;\n  padding-bottom: 100px;\n  min-height: 350px;\n}\n#section_1793921430 .section-bg img {\n  object-position: 38% 48%;\n}\n@media (min-width:550px) {\n  #section_1793921430 {\n    padding-top: 30px;\n    padding-bottom: 30px;\n  }\n}\n<\/style>\n\t<\/section>\n\t\n     <\/div>\n\n     <div class=\"loading-spin dark large centered\"><\/div>\n\n\t<\/div>\n\n\n\n\t<section class=\"section dark\" id=\"section_1130119922\">\n\t\t<div class=\"section-bg fill\" >\n\t\t\t\t\t\t\t\t\t\n\t\t\t\n\n\t\t<\/div>\n\n\t\t\n\n\t\t<div class=\"section-content relative\">\n\t\t\t\n<div class=\"row align-center\"  id=\"row-512362375\">\n\n\t<div id=\"col-1205744821\" class=\"col small-12 large-12\"  >\n\t\t\t\t<div class=\"col-inner\"  >\n\t\t\t\n\t\t\t\n<div class=\"row row-large row-full-width align-middle align-center\"  id=\"row-206448529\">\n\n\t<div id=\"col-559679746\" class=\"col medium-12 small-12 large-6\"  >\n\t\t\t\t<div class=\"col-inner\"  >\n\t\t\t\n\t\t\t\n<a href=\"https:\/\/www.lindner.ch\/de\/holzwolle-manufaktur\/\" class=\"button success is-larger box-shadow-2 box-shadow-3-hover reveal-icon expand show-for-small\" >\n\t\t<span>Lana di legno<\/span>\n\t<i class=\"icon-angle-right\" aria-hidden=\"true\"><\/i><\/a>\n\n<a href=\"https:\/\/www.lindner.ch\/it\/manifattura-di-lana-di-legno\/\" class=\"button success is-xxlarge box-shadow-2 box-shadow-3-hover reveal-icon expand hide-for-small\" >\n\t\t<span>Lana di legno<\/span>\n\t<i class=\"icon-angle-right\" aria-hidden=\"true\"><\/i><\/a>\n\n\t\t<\/div>\n\t\t\t\t\t<\/div>\n\n\t\n\n<style>\n#row-206448529 > .col > .col-inner {\n  padding: 10px 0px 0px 0px;\n}\n<\/style>\n<\/div>\n\t\t<\/div>\n\t\t\t\t\n<style>\n#col-1205744821 > .col-inner {\n  margin: -100px 0px -40px 0px;\n}\n<\/style>\n\t<\/div>\n\n\t\n\n<style>\n#row-512362375 > .col > .col-inner {\n  padding: 45px 25px 15px 25px;\n}\n@media (min-width:550px) {\n  #row-512362375 > .col > .col-inner {\n    padding: 45px 80px 15px 80px;\n  }\n}\n@media (min-width:850px) {\n  #row-512362375 > .col > .col-inner {\n    padding: 50px 50px 30px 50px;\n  }\n}\n<\/style>\n<\/div>\n\t\t<\/div>\n\n\t\t\n<style>\n#section_1130119922 {\n  padding-top: 0px;\n  padding-bottom: 0px;\n  min-height: 0px;\n  background-color: rgb(246, 246, 246);\n}\n<\/style>\n\t<\/section>\n\t\n\n\t<section class=\"section\" id=\"section_1087548075\">\n\t\t<div class=\"section-bg fill\" >\n\t\t\t\t\t\t\t\t\t\n\t\t\t\n\n\t\t<\/div>\n\n\t\t\n\n\t\t<div class=\"section-content relative\">\n\t\t\t\n<div class=\"row row-large align-middle\"  id=\"row-1207016571\">\n\n\t<div id=\"col-1100118094\" class=\"col medium-10 small-12 large-10\"  >\n\t\t\t\t<div class=\"col-inner text-left\"  >\n\t\t\t\n\t\t\t\n<h1>Vi diamo il benvenuto da Lindner Suisse<\/h1>\n<p>In qualit\u00e0 di produttori svizzeri sviluppiamo e produciamo numerosi articoli speciali in lana di legno (fibra di legno) Howolis realizzati al 100% con legno svizzero (<a href=\"https:\/\/www.holz-bois-legno.ch\/it\/vivere-e-sperimentare\/label-legno-svizzero\/caratteristiche\" target=\"_blank\" rel=\"noopener\">Label Legno Svizzero<\/a>), come geotessili per la protezione dall\u2019erosione, il drenaggio e lo snowfarming, <strong>lana di legno<\/strong> per l\u2019impiego nell\u2019edilizia infrastrutturale, nel giardinaggio e nella paesaggistica, per l\u2019igiene degli animali, come accendifuoco o come materiale da imballaggio. Inoltre, produciamo chips da imballaggio di alta qualit\u00e0 e siamo il vostro partner per un assortimento di imballaggi su misura: film estensibili per macchine, manuali e per fasciatura, film a bolle d\u2019aria e film in schiuma di PE e molto altro. Siamo a vostra disposizione per qualsiasi domanda sulle soluzioni pi\u00f9 economiche e sostenibili in materia di imballaggio, materiali di imballaggio e lana di legno di qualit\u00e0. Perch\u00e9 la qualit\u00e0 crea fiducia.<\/p>\n\t\t<\/div>\n\t\t\t\t\t<\/div>\n\n\t\n\n\t<div id=\"col-725890558\" class=\"col medium-2 small-12 large-2\"  >\n\t\t\t\t<div class=\"col-inner box-shadow-2\" style=\"background-color:rgb(255, 255, 255);\" >\n\t\t\t\n\t\t\t\n\t<div class=\"img has-hover x md-x lg-x y md-y lg-y\" id=\"image_868616322\">\n\t\t<a class=\"image-lightbox lightbox-gallery\" title=\"\" href=\"https:\/\/www.lindner.ch\/wp-content\/uploads\/2020\/09\/Lindner-Suisse_100-Jahre_Holzwolle_laine-de-bois_lana-di-legno_stalizzas-finas_wood-wool.jpg\">\t\t\t\t\t\t<div class=\"img-inner dark\" >\n\t\t\t<img loading=\"lazy\" decoding=\"async\" width=\"798\" height=\"799\" src=\"https:\/\/www.lindner.ch\/wp-content\/uploads\/2020\/09\/Lindner-Suisse_100-Jahre_Holzwolle_laine-de-bois_lana-di-legno_stalizzas-finas_wood-wool.jpg\" class=\"attachment-large size-large\" alt=\"\" srcset=\"https:\/\/www.lindner.ch\/wp-content\/uploads\/2020\/09\/Lindner-Suisse_100-Jahre_Holzwolle_laine-de-bois_lana-di-legno_stalizzas-finas_wood-wool.jpg 798w, https:\/\/www.lindner.ch\/wp-content\/uploads\/2020\/09\/Lindner-Suisse_100-Jahre_Holzwolle_laine-de-bois_lana-di-legno_stalizzas-finas_wood-wool-720x720.jpg 720w, https:\/\/www.lindner.ch\/wp-content\/uploads\/2020\/09\/Lindner-Suisse_100-Jahre_Holzwolle_laine-de-bois_lana-di-legno_stalizzas-finas_wood-wool-100x100.jpg 100w, https:\/\/www.lindner.ch\/wp-content\/uploads\/2020\/09\/Lindner-Suisse_100-Jahre_Holzwolle_laine-de-bois_lana-di-legno_stalizzas-finas_wood-wool-300x300.jpg 300w, https:\/\/www.lindner.ch\/wp-content\/uploads\/2020\/09\/Lindner-Suisse_100-Jahre_Holzwolle_laine-de-bois_lana-di-legno_stalizzas-finas_wood-wool-150x150.jpg 150w, https:\/\/www.lindner.ch\/wp-content\/uploads\/2020\/09\/Lindner-Suisse_100-Jahre_Holzwolle_laine-de-bois_lana-di-legno_stalizzas-finas_wood-wool-768x769.jpg 768w, https:\/\/www.lindner.ch\/wp-content\/uploads\/2020\/09\/Lindner-Suisse_100-Jahre_Holzwolle_laine-de-bois_lana-di-legno_stalizzas-finas_wood-wool-600x601.jpg 600w\" sizes=\"auto, (max-width: 798px) 100vw, 798px\" \/>\t\t\t\t\t\t\n\t\t\t\t\t<\/div>\n\t\t\t\t\t\t<\/a>\t\t\n<style>\n#image_868616322 {\n  width: 100%;\n}\n<\/style>\n\t<\/div>\n\t\n\t\t<\/div>\n\t\t\t\t\n<style>\n#col-725890558 > .col-inner {\n  padding: 20px 20px 20px 20px;\n}\n<\/style>\n\t<\/div>\n\n\t\n<\/div>\n\t\t<\/div>\n\n\t\t\n<style>\n#section_1087548075 {\n  padding-top: 0px;\n  padding-bottom: 0px;\n  background-color: rgb(246, 246, 246);\n}\n<\/style>\n\t<\/section>\n\t\n\n\t<section class=\"section\" id=\"section_232441447\">\n\t\t<div class=\"section-bg fill\" >\n\t\t\t\t\t\t\t\t\t\n\t\t\t\n\n\t\t<\/div>\n\n\t\t\n\n\t\t<div class=\"section-content relative\">\n\t\t\t\n\t<div id=\"gap-2082874891\" class=\"gap-element clearfix\" style=\"display:block; height:auto;\">\n\t\t\n<style>\n#gap-2082874891 {\n  padding-top: 40px;\n}\n<\/style>\n\t<\/div>\n\t\n<div class=\"row\"  id=\"row-1584785974\">\n\n\t<div id=\"col-718659872\" class=\"col small-12 large-12\"  >\n\t\t\t\t<div class=\"col-inner text-center\"  >\n\t\t\t\n\t\t\t\n<h2>contributi attuali<\/h2>\n\t\t<\/div>\n\t\t\t\t\t<\/div>\n\n\t\n\n\t<div id=\"col-1753164256\" class=\"col small-12 large-12\"  >\n\t\t\t\t<div class=\"col-inner\"  >\n\t\t\t\n\t\t\t\n\n  \n    <div class=\"row large-columns-3 medium-columns-2 small-columns-1\" >\n  <\/div>\n\t\t<\/div>\n\t\t\t\t\t<\/div>\n\n\t\n<\/div>\n\t\t<\/div>\n\n\t\t\n<style>\n#section_232441447 {\n  padding-top: 30px;\n  padding-bottom: 30px;\n  background-color: rgb(255,255,255);\n}\n<\/style>\n\t<\/section>\n\t\n\n\t<section class=\"section\" id=\"section_1231503155\">\n\t\t<div class=\"section-bg fill\" >\n\t\t\t\t\t\t\t\t\t\n\t\t\t\n\n\t\t<\/div>\n\n\t\t\n\n\t\t<div class=\"section-content relative\">\n\t\t\t\n<div class=\"row row-large align-middle align-center\"  id=\"row-359167222\">\n\n\t<div id=\"col-1181479577\" class=\"col medium-10 small-12 large-6\"  data-animate=\"fadeInUp\">\n\t\t\t\t<div class=\"col-inner\"  >\n\t\t\t\n\t\t\t\n<a href=\"https:\/\/www.lindner.ch\/it\/chi-siamo\/\" class=\"button primary box-shadow-1 box-shadow-2-hover lowercase reveal-icon\">\n\t\t<span>Sapere di pi\u00f9 su Lindner Suisse<\/span>\n\t<i class=\"icon-angle-right\" aria-hidden=\"true\"><\/i><\/a>\n\n\t\t<\/div>\n\t\t\t\t\t<\/div>\n\n\t\n\n\t<div id=\"col-1257636654\" class=\"col medium-10 small-12 large-6 medium-col-first\"  data-animate=\"fadeInUp\">\n\t\t\t\t<div class=\"col-inner\"  >\n\t\t\t\n\t\t\t\n\t\t<\/div>\n\t\t\t\t\t<\/div>\n\n\t\n<\/div>\n\t<div id=\"gap-2050729286\" class=\"gap-element clearfix\" style=\"display:block; height:auto;\">\n\t\t\n<style>\n#gap-2050729286 {\n  padding-top: 100px;\n}\n<\/style>\n\t<\/div>\n\t\n\t\t<\/div>\n\n\t\t\n<style>\n#section_1231503155 {\n  padding-top: 75px;\n  padding-bottom: 75px;\n}\n@media (min-width:550px) {\n  #section_1231503155 {\n    padding-top: 40px;\n    padding-bottom: 40px;\n  }\n}\n<\/style>\n\t<\/section>\n\t\n\n\t<section class=\"section dark\" id=\"section_359589137\">\n\t\t<div class=\"section-bg fill\" >\n\t\t\t\t\t\t\t\t\t\n\t\t\t\n\n\t\t<\/div>\n\n\t\t\n\n\t\t<div class=\"section-content relative\">\n\t\t\t\n<div class=\"row align-center\"  id=\"row-161052951\">\n\n\t<div id=\"col-1760627249\" class=\"col small-12 large-12\"  >\n\t\t\t\t<div class=\"col-inner\" style=\"background-color:rgb(46, 171, 96);\" >\n\t\t\t\n\t\t\t\n<h3>Attualit\u00e0 &amp; stagione<\/h3>\n<div class=\"row row-small row-full-width align-middle align-center\"  id=\"row-1474685088\">\n\n\t<div id=\"col-852896878\" class=\"col medium-12 small-12 large-4\"  >\n\t\t\t\t<div class=\"col-inner\"  >\n\t\t\t\n\t\t\t\n<a href=\"https:\/\/www.lindner.ch\/it\/manifattura-di-lana-di-legno\/howolis-antierosione-drenaggio-fascine-impermeabilizzazione\/geotessile-antierosione-howolis\/\" class=\"button white expand\">\n\t\t<span>Howolis protezione antierosione<\/span>\n\t<\/a>\n\n\t\t<\/div>\n\t\t\t\t\t<\/div>\n\n\t\n\n\t<div id=\"col-38678040\" class=\"col medium-12 small-12 large-4\"  >\n\t\t\t\t<div class=\"col-inner\"  >\n\t\t\t\n\t\t\t\n<a href=\"https:\/\/www.lindner.ch\/it\/manifattura-di-lana-di-legno\/imballaggio-logistica\/spediline-food\/\" class=\"button white expand\">\n\t\t<span>Spediline Food<\/span>\n\t<\/a>\n\n\t\t<\/div>\n\t\t\t\t\t<\/div>\n\n\t\n<\/div>\n\t\t<\/div>\n\t\t\t\t\n<style>\n#col-1760627249 > .col-inner {\n  margin: -100px 0px 0px 0px;\n}\n<\/style>\n\t<\/div>\n\n\t\n\n<style>\n#row-161052951 > .col > .col-inner {\n  padding: 45px 25px 15px 25px;\n  background-color: rgb(34, 49, 246);\n}\n@media (min-width:550px) {\n  #row-161052951 > .col > .col-inner {\n    padding: 45px 80px 15px 80px;\n  }\n}\n@media (min-width:850px) {\n  #row-161052951 > .col > .col-inner {\n    padding: 50px 50px 30px 50px;\n  }\n}\n<\/style>\n<\/div>\n\t<div id=\"gap-2110995303\" class=\"gap-element clearfix\" style=\"display:block; height:auto;\">\n\t\t\n<style>\n#gap-2110995303 {\n  padding-top: 100px;\n}\n<\/style>\n\t<\/div>\n\t\n\t\t<\/div>\n\n\t\t\n<style>\n#section_359589137 {\n  padding-top: 0px;\n  padding-bottom: 0px;\n  min-height: 0px;\n  background-color: #273647;\n}\n<\/style>\n\t<\/section>\n\t\n","protected":false},"excerpt":{"rendered":"","protected":false},"author":1,"featured_media":0,"parent":0,"menu_order":0,"comment_status":"closed","ping_status":"open","template":"page-blank.php","meta":{"inline_featured_image":false,"footnotes":""},"class_list":["post-8461","page","type-page","status-publish","hentry"],"_links":{"self":[{"href":"https:\/\/www.lindner.ch\/it\/wp-json\/wp\/v2\/pages\/8461","targetHints":{"allow":["GET"]}}],"collection":[{"href":"https:\/\/www.lindner.ch\/it\/wp-json\/wp\/v2\/pages"}],"about":[{"href":"https:\/\/www.lindner.ch\/it\/wp-json\/wp\/v2\/types\/page"}],"author":[{"embeddable":true,"href":"https:\/\/www.lindner.ch\/it\/wp-json\/wp\/v2\/users\/1"}],"replies":[{"embeddable":true,"href":"https:\/\/www.lindner.ch\/it\/wp-json\/wp\/v2\/comments?post=8461"}],"version-history":[{"count":14,"href":"https:\/\/www.lindner.ch\/it\/wp-json\/wp\/v2\/pages\/8461\/revisions"}],"predecessor-version":[{"id":8798,"href":"https:\/\/www.lindner.ch\/it\/wp-json\/wp\/v2\/pages\/8461\/revisions\/8798"}],"wp:attachment":[{"href":"https:\/\/www.lindner.ch\/it\/wp-json\/wp\/v2\/media?parent=8461"}],"curies":[{"name":"wp","href":"https:\/\/api.w.org\/{rel}","templated":true}]}}