{"id":7708,"date":"2024-07-09T10:42:13","date_gmt":"2024-07-09T08:42:13","guid":{"rendered":"https:\/\/www.lindner.ch\/?post_type=product&#038;p=7708"},"modified":"2024-07-09T11:13:17","modified_gmt":"2024-07-09T09:13:17","slug":"erdbeerholzwolle-agrohobby-2kg-kopie","status":"publish","type":"product","link":"https:\/\/www.lindner.ch\/it\/produkt\/erdbeerholzwolle-agrohobby-2kg-kopie\/","title":{"rendered":"Erdbeerholzwolle agrohobby 2Kg"},"content":{"rendered":"<p>Zum Unterlegen von Erdbeeren, Gurken, Melonen, K\u00fcrbissen und Zucchini<\/p>\n<p>Die Auswahl an ausgew\u00e4hlten H\u00f6lzern und durch das einzigartige Herstellungsverfahren ergeben einen nat\u00fcrlichen Schneckenschutz.<br \/>\nAgrohobby bleibt stabil und h\u00e4lt die Spannung f\u00fcr das aufliegende Gem\u00fcse und Fr\u00fcchte.<\/p>\n<p>Sack \u00e0 2 Kg<\/p>\n","protected":false},"excerpt":{"rendered":"<p>Zum Unterlegen von Erdbeeren, Gurken, Melonen, K\u00fcrbissen und Zucchini<\/p>\n<p>Die Auswahl an ausgew\u00e4hlten H\u00f6lzern und durch das einzigartige Herstellungsverfahren ergeben einen nat\u00fcrlichen Schneckenschutz.<br \/>\nAgrohobby bleibt stabil und h\u00e4lt die Spannung f\u00fcr das aufliegende Gem\u00fcse und Fr\u00fcchte.<\/p>\n<p>Sack \u00e0 2 Kg<\/p>\n","protected":false},"featured_media":7711,"comment_status":"closed","ping_status":"closed","template":"","meta":{"inline_featured_image":false},"product_brand":[],"product_cat":[58,59],"product_tag":[561,563,559,562,560,564],"class_list":{"0":"post-7708","1":"product","2":"type-product","3":"status-publish","4":"has-post-thumbnail","6":"product_cat-garten-hobby","7":"product_cat-agrohobby","8":"product_tag-erdbeer-holzwolle","9":"product_tag-erdbeerschutz","10":"product_tag-erdbeerwolle","11":"product_tag-gartenwolle","12":"product_tag-holzwolle-fuer-garten","13":"product_tag-schneckenstop","14":"product_shipping_class-kleinpakete-gewicht","16":"first","17":"instock","18":"taxable","19":"shipping-taxable","20":"purchasable","21":"product-type-simple"},"_links":{"self":[{"href":"https:\/\/www.lindner.ch\/it\/wp-json\/wp\/v2\/product\/7708","targetHints":{"allow":["GET"]}}],"collection":[{"href":"https:\/\/www.lindner.ch\/it\/wp-json\/wp\/v2\/product"}],"about":[{"href":"https:\/\/www.lindner.ch\/it\/wp-json\/wp\/v2\/types\/product"}],"replies":[{"embeddable":true,"href":"https:\/\/www.lindner.ch\/it\/wp-json\/wp\/v2\/comments?post=7708"}],"wp:featuredmedia":[{"embeddable":true,"href":"https:\/\/www.lindner.ch\/it\/wp-json\/wp\/v2\/media\/7711"}],"wp:attachment":[{"href":"https:\/\/www.lindner.ch\/it\/wp-json\/wp\/v2\/media?parent=7708"}],"wp:term":[{"taxonomy":"product_brand","embeddable":true,"href":"https:\/\/www.lindner.ch\/it\/wp-json\/wp\/v2\/product_brand?post=7708"},{"taxonomy":"product_cat","embeddable":true,"href":"https:\/\/www.lindner.ch\/it\/wp-json\/wp\/v2\/product_cat?post=7708"},{"taxonomy":"product_tag","embeddable":true,"href":"https:\/\/www.lindner.ch\/it\/wp-json\/wp\/v2\/product_tag?post=7708"}],"curies":[{"name":"wp","href":"https:\/\/api.w.org\/{rel}","templated":true}]}}